{"id":19124,"date":"2026-03-27T17:45:29","date_gmt":"2026-03-27T16:45:29","guid":{"rendered":"https:\/\/mychoccy.com\/?post_type=product&#038;p=19124"},"modified":"2026-03-27T20:19:58","modified_gmt":"2026-03-27T19:19:58","slug":"suti-diszito-csomag","status":"publish","type":"product","link":"https:\/\/mychoccy.com\/en\/product\/suti-diszito-csomag\/","title":{"rendered":"S\u00fcti d\u00edsz\u00edt\u0151 csomag"},"content":{"rendered":"<p>\ud83d\udc30 Te is s\u00fctn\u00e9l valami igaz\u00e1n k\u00fcl\u00f6nlegeset H\u00fasv\u00e9tra? \ud83d\udc9a<\/p>\n<p>De agg\u00f3dsz, hogy megreped a s\u00fcti, vagy t\u00fal barn\u00e1ra s\u00fcl, esetleg a s\u00fcti t\u00f6k\u00e9letes, csak t\u00fal h\u00e9tk\u00f6znapi? Ne izgulj \u2013 van egy egyszer\u0171 \u00e9s l\u00e1tv\u00e1nyos megold\u00e1sunk!<\/p>\n<p>\ud83c\udf82 T\u00fcntesd el a hib\u00e1kat st\u00edlusosan!<\/p>\n<p>Fedd be a s\u00fctem\u00e9nyt selymes, l\u00e1gy csokol\u00e1d\u00e9val, majd dobd fel vid\u00e1m h\u00fasv\u00e9ti dekorral \u2013 \u00e9s m\u00e1ris t\u00e1lalhatod a desszertet!<\/p>\n<p>\ud83c\udf6b Mit rejt a kis csomag?<\/p>\n<p>100 g Pr\u00e9mium Callebaut Lime-os Csokol\u00e1d\u00e9 \u2013 vibr\u00e1l\u00f3 z\u00f6ld sz\u00edn, friss\u00edt\u0151 citrusos \u00edz, garant\u00e1lt \u201ewow\u201d hat\u00e1s<\/p>\n<p>25 g Tavaszi Dekorcukor Mix \u2013 apr\u00f3 r\u00e9p\u00e1k \ud83e\udd55, h\u00f3feh\u00e9r nyuszik \ud83d\udc07 \u00e9s sz\u00ednes sz\u00f3r\u00f3cukrok minden mennyis\u00e9gben<\/p>\n<p>Ha gondolod, v\u00e1laszthatod a nagyobb csomagot is.<\/p>\n<p>\ud83d\udfe2 Mi\u00e9rt fogod im\u00e1dni?<\/p>\n<p>\u2714\ufe0f Kedvez\u0151bb \u00e1r \u2013 csomagban jobban meg\u00e9ri<\/p>\n<p>\u2714\ufe0f Garant\u00e1lt siker\u00e9lm\u00e9ny \u2013 profi min\u0151s\u00e9g, l\u00e1tv\u00e1nyos v\u00e9geredm\u00e9ny<\/p>\n<p>\u2714\ufe0f K\u00f6z\u00f6s \u00e9lm\u00e9ny \u2013 t\u00f6k\u00e9letes kreat\u00edv program a gyerekekkel<\/p>\n<p>\u2728 Egy kis csoki, egy kis dekor \u2013 \u00e9s m\u00e1ris \u00fcnnepi var\u00e1zslat a konyh\u00e1dban!<\/p>\n<p>A csomagol\u00e1snak nem r\u00e9sze a s\u00fctem\u00e9ny!<\/p>\n","protected":false},"excerpt":{"rendered":"<p>\ud83d\udc30 Te is s\u00fctn\u00e9l valami igaz\u00e1n k\u00fcl\u00f6nlegeset H\u00fasv\u00e9tra? \ud83d\udc9a De agg\u00f3dsz, hogy megreped a s\u00fcti, vagy t\u00fal barn\u00e1ra s\u00fcl, esetleg a s\u00fcti t\u00f6k\u00e9letes, csak t\u00fal h\u00e9tk\u00f6znapi? Ne izgulj \u2013 van egy egyszer\u0171 \u00e9s l\u00e1tv\u00e1nyos megold\u00e1sunk! \ud83c\udf82 T\u00fcntesd el a hib\u00e1kat [&hellip;]<\/p>\n","protected":false},"featured_media":19141,"template":"","meta":{"inline_featured_image":false},"product_brand":[],"product_cat":[382],"product_tag":[440,439],"class_list":{"0":"post-19124","1":"product","2":"type-product","3":"status-publish","4":"has-post-thumbnail","6":"product_cat-husvet-csokolade","7":"product_tag-dekorcukor","8":"product_tag-lime-s-csokolade","10":"first","11":"instock","12":"sale","13":"taxable","14":"shipping-taxable","15":"purchasable","16":"product-type-variable"},"yoast_head":"<!-- This site is optimized with the Yoast SEO plugin v27.5 - https:\/\/yoast.com\/product\/yoast-seo-wordpress\/ -->\n<title>S\u00fcti d\u00edsz\u00edt\u0151 csomag - MyChoccy<\/title>\n<meta name=\"description\" content=\"\ud83d\udc30 Te is s\u00fctn\u00e9l valami igaz\u00e1n k\u00fcl\u00f6nlegeset H\u00fasv\u00e9tra? \ud83d\udc9a De agg\u00f3dsz, hogy megreped a s\u00fcti, vagy t\u00fal barn\u00e1ra s\u00fcl, esetleg a s\u00fcti t\u00f6k\u00e9letes, csak t\u00fal\" \/>\n<meta name=\"robots\" content=\"index, follow, max-snippet:-1, max-image-preview:large, max-video-preview:-1\" \/>\n<link rel=\"canonical\" href=\"https:\/\/mychoccy.com\/en\/product\/suti-diszito-csomag\/\" \/>\n<meta property=\"og:locale\" content=\"en_US\" \/>\n<meta property=\"og:type\" content=\"article\" \/>\n<meta property=\"og:title\" content=\"S\u00fcti d\u00edsz\u00edt\u0151 csomag - MyChoccy\" \/>\n<meta property=\"og:description\" content=\"\ud83d\udc30 Te is s\u00fctn\u00e9l valami igaz\u00e1n k\u00fcl\u00f6nlegeset H\u00fasv\u00e9tra? \ud83d\udc9a De agg\u00f3dsz, hogy megreped a s\u00fcti, vagy t\u00fal barn\u00e1ra s\u00fcl, esetleg a s\u00fcti t\u00f6k\u00e9letes, csak t\u00fal\" \/>\n<meta property=\"og:url\" content=\"https:\/\/mychoccy.com\/en\/product\/suti-diszito-csomag\/\" \/>\n<meta property=\"og:site_name\" content=\"MyChoccy\" \/>\n<meta property=\"article:modified_time\" content=\"2026-03-27T19:19:58+00:00\" \/>\n<meta property=\"og:image\" content=\"https:\/\/mychoccy.com\/wp-content\/uploads\/2026\/03\/IMG_5480.jpeg\" \/>\n\t<meta property=\"og:image:width\" content=\"2349\" \/>\n\t<meta property=\"og:image:height\" content=\"2349\" \/>\n\t<meta property=\"og:image:type\" content=\"image\/jpeg\" \/>\n<meta name=\"twitter:card\" content=\"summary_large_image\" \/>\n<meta name=\"twitter:label1\" content=\"Est. reading time\" \/>\n\t<meta name=\"twitter:data1\" content=\"1 minute\" \/>\n<script type=\"application\/ld+json\" class=\"yoast-schema-graph\">{\"@context\":\"https:\\\/\\\/schema.org\",\"@graph\":[{\"@type\":\"WebPage\",\"@id\":\"https:\\\/\\\/mychoccy.com\\\/en\\\/product\\\/suti-diszito-csomag\\\/\",\"url\":\"https:\\\/\\\/mychoccy.com\\\/en\\\/product\\\/suti-diszito-csomag\\\/\",\"name\":\"S\u00fcti d\u00edsz\u00edt\u0151 csomag - MyChoccy\",\"isPartOf\":{\"@id\":\"https:\\\/\\\/mychoccy.com\\\/en\\\/#website\"},\"primaryImageOfPage\":{\"@id\":\"https:\\\/\\\/mychoccy.com\\\/en\\\/product\\\/suti-diszito-csomag\\\/#primaryimage\"},\"image\":{\"@id\":\"https:\\\/\\\/mychoccy.com\\\/en\\\/product\\\/suti-diszito-csomag\\\/#primaryimage\"},\"thumbnailUrl\":\"https:\\\/\\\/mychoccy.com\\\/wp-content\\\/uploads\\\/2026\\\/03\\\/IMG_5480.jpeg\",\"datePublished\":\"2026-03-27T16:45:29+00:00\",\"dateModified\":\"2026-03-27T19:19:58+00:00\",\"description\":\"\ud83d\udc30 Te is s\u00fctn\u00e9l valami igaz\u00e1n k\u00fcl\u00f6nlegeset H\u00fasv\u00e9tra? \ud83d\udc9a De agg\u00f3dsz, hogy megreped a s\u00fcti, vagy t\u00fal barn\u00e1ra s\u00fcl, esetleg a s\u00fcti t\u00f6k\u00e9letes, csak t\u00fal\",\"breadcrumb\":{\"@id\":\"https:\\\/\\\/mychoccy.com\\\/en\\\/product\\\/suti-diszito-csomag\\\/#breadcrumb\"},\"inLanguage\":\"en-US\",\"potentialAction\":[{\"@type\":\"ReadAction\",\"target\":[\"https:\\\/\\\/mychoccy.com\\\/en\\\/product\\\/suti-diszito-csomag\\\/\"]}]},{\"@type\":\"ImageObject\",\"inLanguage\":\"en-US\",\"@id\":\"https:\\\/\\\/mychoccy.com\\\/en\\\/product\\\/suti-diszito-csomag\\\/#primaryimage\",\"url\":\"https:\\\/\\\/mychoccy.com\\\/wp-content\\\/uploads\\\/2026\\\/03\\\/IMG_5480.jpeg\",\"contentUrl\":\"https:\\\/\\\/mychoccy.com\\\/wp-content\\\/uploads\\\/2026\\\/03\\\/IMG_5480.jpeg\",\"width\":2349,\"height\":2349},{\"@type\":\"BreadcrumbList\",\"@id\":\"https:\\\/\\\/mychoccy.com\\\/en\\\/product\\\/suti-diszito-csomag\\\/#breadcrumb\",\"itemListElement\":[{\"@type\":\"ListItem\",\"position\":1,\"name\":\"Home\",\"item\":\"https:\\\/\\\/mychoccy.com\\\/en\\\/\"},{\"@type\":\"ListItem\",\"position\":2,\"name\":\"Shop\",\"item\":\"https:\\\/\\\/mychoccy.com\\\/en\\\/shop-2\\\/\"},{\"@type\":\"ListItem\",\"position\":3,\"name\":\"S\u00fcti d\u00edsz\u00edt\u0151 csomag\"}]},{\"@type\":\"WebSite\",\"@id\":\"https:\\\/\\\/mychoccy.com\\\/en\\\/#website\",\"url\":\"https:\\\/\\\/mychoccy.com\\\/en\\\/\",\"name\":\"MyChoccy\",\"description\":\"Csokol\u00e1d\u00e9 kreat\u00edvan\",\"potentialAction\":[{\"@type\":\"SearchAction\",\"target\":{\"@type\":\"EntryPoint\",\"urlTemplate\":\"https:\\\/\\\/mychoccy.com\\\/en\\\/?s={search_term_string}\"},\"query-input\":{\"@type\":\"PropertyValueSpecification\",\"valueRequired\":true,\"valueName\":\"search_term_string\"}}],\"inLanguage\":\"en-US\"}]}<\/script>\n<!-- \/ Yoast SEO plugin. -->","yoast_head_json":{"title":"S\u00fcti d\u00edsz\u00edt\u0151 csomag - MyChoccy","description":"\ud83d\udc30 Te is s\u00fctn\u00e9l valami igaz\u00e1n k\u00fcl\u00f6nlegeset H\u00fasv\u00e9tra? \ud83d\udc9a De agg\u00f3dsz, hogy megreped a s\u00fcti, vagy t\u00fal barn\u00e1ra s\u00fcl, esetleg a s\u00fcti t\u00f6k\u00e9letes, csak t\u00fal","robots":{"index":"index","follow":"follow","max-snippet":"max-snippet:-1","max-image-preview":"max-image-preview:large","max-video-preview":"max-video-preview:-1"},"canonical":"https:\/\/mychoccy.com\/en\/product\/suti-diszito-csomag\/","og_locale":"en_US","og_type":"article","og_title":"S\u00fcti d\u00edsz\u00edt\u0151 csomag - MyChoccy","og_description":"\ud83d\udc30 Te is s\u00fctn\u00e9l valami igaz\u00e1n k\u00fcl\u00f6nlegeset H\u00fasv\u00e9tra? \ud83d\udc9a De agg\u00f3dsz, hogy megreped a s\u00fcti, vagy t\u00fal barn\u00e1ra s\u00fcl, esetleg a s\u00fcti t\u00f6k\u00e9letes, csak t\u00fal","og_url":"https:\/\/mychoccy.com\/en\/product\/suti-diszito-csomag\/","og_site_name":"MyChoccy","article_modified_time":"2026-03-27T19:19:58+00:00","og_image":[{"width":2349,"height":2349,"url":"https:\/\/mychoccy.com\/wp-content\/uploads\/2026\/03\/IMG_5480.jpeg","type":"image\/jpeg"}],"twitter_card":"summary_large_image","twitter_misc":{"Est. reading time":"1 minute"},"schema":{"@context":"https:\/\/schema.org","@graph":[{"@type":"WebPage","@id":"https:\/\/mychoccy.com\/en\/product\/suti-diszito-csomag\/","url":"https:\/\/mychoccy.com\/en\/product\/suti-diszito-csomag\/","name":"S\u00fcti d\u00edsz\u00edt\u0151 csomag - MyChoccy","isPartOf":{"@id":"https:\/\/mychoccy.com\/en\/#website"},"primaryImageOfPage":{"@id":"https:\/\/mychoccy.com\/en\/product\/suti-diszito-csomag\/#primaryimage"},"image":{"@id":"https:\/\/mychoccy.com\/en\/product\/suti-diszito-csomag\/#primaryimage"},"thumbnailUrl":"https:\/\/mychoccy.com\/wp-content\/uploads\/2026\/03\/IMG_5480.jpeg","datePublished":"2026-03-27T16:45:29+00:00","dateModified":"2026-03-27T19:19:58+00:00","description":"\ud83d\udc30 Te is s\u00fctn\u00e9l valami igaz\u00e1n k\u00fcl\u00f6nlegeset H\u00fasv\u00e9tra? \ud83d\udc9a De agg\u00f3dsz, hogy megreped a s\u00fcti, vagy t\u00fal barn\u00e1ra s\u00fcl, esetleg a s\u00fcti t\u00f6k\u00e9letes, csak t\u00fal","breadcrumb":{"@id":"https:\/\/mychoccy.com\/en\/product\/suti-diszito-csomag\/#breadcrumb"},"inLanguage":"en-US","potentialAction":[{"@type":"ReadAction","target":["https:\/\/mychoccy.com\/en\/product\/suti-diszito-csomag\/"]}]},{"@type":"ImageObject","inLanguage":"en-US","@id":"https:\/\/mychoccy.com\/en\/product\/suti-diszito-csomag\/#primaryimage","url":"https:\/\/mychoccy.com\/wp-content\/uploads\/2026\/03\/IMG_5480.jpeg","contentUrl":"https:\/\/mychoccy.com\/wp-content\/uploads\/2026\/03\/IMG_5480.jpeg","width":2349,"height":2349},{"@type":"BreadcrumbList","@id":"https:\/\/mychoccy.com\/en\/product\/suti-diszito-csomag\/#breadcrumb","itemListElement":[{"@type":"ListItem","position":1,"name":"Home","item":"https:\/\/mychoccy.com\/en\/"},{"@type":"ListItem","position":2,"name":"Shop","item":"https:\/\/mychoccy.com\/en\/shop-2\/"},{"@type":"ListItem","position":3,"name":"S\u00fcti d\u00edsz\u00edt\u0151 csomag"}]},{"@type":"WebSite","@id":"https:\/\/mychoccy.com\/en\/#website","url":"https:\/\/mychoccy.com\/en\/","name":"MyChoccy","description":"Csokol\u00e1d\u00e9 kreat\u00edvan","potentialAction":[{"@type":"SearchAction","target":{"@type":"EntryPoint","urlTemplate":"https:\/\/mychoccy.com\/en\/?s={search_term_string}"},"query-input":{"@type":"PropertyValueSpecification","valueRequired":true,"valueName":"search_term_string"}}],"inLanguage":"en-US"}]}},"jetpack_sharing_enabled":true,"_links":{"self":[{"href":"https:\/\/mychoccy.com\/en\/wp-json\/wp\/v2\/product\/19124","targetHints":{"allow":["GET"]}}],"collection":[{"href":"https:\/\/mychoccy.com\/en\/wp-json\/wp\/v2\/product"}],"about":[{"href":"https:\/\/mychoccy.com\/en\/wp-json\/wp\/v2\/types\/product"}],"wp:featuredmedia":[{"embeddable":true,"href":"https:\/\/mychoccy.com\/en\/wp-json\/wp\/v2\/media\/19141"}],"wp:attachment":[{"href":"https:\/\/mychoccy.com\/en\/wp-json\/wp\/v2\/media?parent=19124"}],"wp:term":[{"taxonomy":"product_brand","embeddable":true,"href":"https:\/\/mychoccy.com\/en\/wp-json\/wp\/v2\/product_brand?post=19124"},{"taxonomy":"product_cat","embeddable":true,"href":"https:\/\/mychoccy.com\/en\/wp-json\/wp\/v2\/product_cat?post=19124"},{"taxonomy":"product_tag","embeddable":true,"href":"https:\/\/mychoccy.com\/en\/wp-json\/wp\/v2\/product_tag?post=19124"}],"curies":[{"name":"wp","href":"https:\/\/api.w.org\/{rel}","templated":true}]}}