{"id":19084,"date":"2026-02-04T11:00:49","date_gmt":"2026-02-04T10:00:49","guid":{"rendered":"https:\/\/mychoccy.com\/?post_type=product&#038;p=19084"},"modified":"2026-02-04T11:01:19","modified_gmt":"2026-02-04T10:01:19","slug":"tablas-csokolade-love","status":"publish","type":"product","link":"https:\/\/mychoccy.com\/en\/product\/tablas-csokolade-love\/","title":{"rendered":"T\u00e1bl\u00e1s csokol\u00e1d\u00e9 (LOVE)"},"content":{"rendered":"<p>Piszt\u00e1ci\u00e1val \u00e9s liofiliz\u00e1lt m\u00e1ln\u00e1val \u00edzes\u00edtett festett t\u00e1bl\u00e1s csokol\u00e1d\u00e9.<\/p>\n<p>Nett\u00f3 t\u00f6meg: kb. 90 g<\/p>\n","protected":false},"excerpt":{"rendered":"<p>Piszt\u00e1ci\u00e1val \u00e9s liofiliz\u00e1lt m\u00e1ln\u00e1val \u00edzes\u00edtett festett t\u00e1bl\u00e1s csokol\u00e1d\u00e9. Nett\u00f3 t\u00f6meg: kb. 90 g<\/p>\n","protected":false},"featured_media":19078,"template":"","meta":{"inline_featured_image":false},"product_brand":[],"product_cat":[365],"product_tag":[179,313,320],"class_list":{"0":"post-19084","1":"product","2":"type-product","3":"status-publish","4":"has-post-thumbnail","6":"product_cat-valentin-napi-ajandekok","7":"product_tag-feher-csokolade","8":"product_tag-gyumolcs","9":"product_tag-olajos-mag","11":"first","12":"instock","13":"taxable","14":"shipping-taxable","15":"purchasable","16":"product-type-simple"},"yoast_head":"<!-- This site is optimized with the Yoast SEO plugin v27.5 - https:\/\/yoast.com\/product\/yoast-seo-wordpress\/ -->\n<title>T\u00e1bl\u00e1s csokol\u00e1d\u00e9 (LOVE) - MyChoccy<\/title>\n<meta name=\"description\" content=\"Piszt\u00e1ci\u00e1val \u00e9s liofiliz\u00e1lt m\u00e1ln\u00e1val \u00edzes\u00edtett festett t\u00e1bl\u00e1s csokol\u00e1d\u00e9.  Nett\u00f3 t\u00f6meg: kb. 90 g\" \/>\n<meta name=\"robots\" content=\"index, follow, max-snippet:-1, max-image-preview:large, max-video-preview:-1\" \/>\n<link rel=\"canonical\" href=\"https:\/\/mychoccy.com\/en\/product\/tablas-csokolade-love\/\" \/>\n<meta property=\"og:locale\" content=\"en_US\" \/>\n<meta property=\"og:type\" content=\"article\" \/>\n<meta property=\"og:title\" content=\"T\u00e1bl\u00e1s csokol\u00e1d\u00e9 (LOVE) - MyChoccy\" \/>\n<meta property=\"og:description\" content=\"Piszt\u00e1ci\u00e1val \u00e9s liofiliz\u00e1lt m\u00e1ln\u00e1val \u00edzes\u00edtett festett t\u00e1bl\u00e1s csokol\u00e1d\u00e9.  Nett\u00f3 t\u00f6meg: kb. 90 g\" \/>\n<meta property=\"og:url\" content=\"https:\/\/mychoccy.com\/en\/product\/tablas-csokolade-love\/\" \/>\n<meta property=\"og:site_name\" content=\"MyChoccy\" \/>\n<meta property=\"article:modified_time\" content=\"2026-02-04T10:01:19+00:00\" \/>\n<meta property=\"og:image\" content=\"https:\/\/mychoccy.com\/wp-content\/uploads\/2026\/02\/IMG_8830-scaled.jpg\" \/>\n\t<meta property=\"og:image:width\" content=\"2560\" \/>\n\t<meta property=\"og:image:height\" content=\"1707\" \/>\n\t<meta property=\"og:image:type\" content=\"image\/jpeg\" \/>\n<meta name=\"twitter:card\" content=\"summary_large_image\" \/>\n<meta name=\"twitter:label1\" content=\"Est. reading time\" \/>\n\t<meta name=\"twitter:data1\" content=\"1 minute\" \/>\n<script type=\"application\/ld+json\" class=\"yoast-schema-graph\">{\"@context\":\"https:\\\/\\\/schema.org\",\"@graph\":[{\"@type\":\"WebPage\",\"@id\":\"https:\\\/\\\/mychoccy.com\\\/en\\\/product\\\/tablas-csokolade-love\\\/\",\"url\":\"https:\\\/\\\/mychoccy.com\\\/en\\\/product\\\/tablas-csokolade-love\\\/\",\"name\":\"T\u00e1bl\u00e1s csokol\u00e1d\u00e9 (LOVE) - MyChoccy\",\"isPartOf\":{\"@id\":\"https:\\\/\\\/mychoccy.com\\\/en\\\/#website\"},\"primaryImageOfPage\":{\"@id\":\"https:\\\/\\\/mychoccy.com\\\/en\\\/product\\\/tablas-csokolade-love\\\/#primaryimage\"},\"image\":{\"@id\":\"https:\\\/\\\/mychoccy.com\\\/en\\\/product\\\/tablas-csokolade-love\\\/#primaryimage\"},\"thumbnailUrl\":\"https:\\\/\\\/mychoccy.com\\\/wp-content\\\/uploads\\\/2026\\\/02\\\/IMG_8830-scaled.jpg\",\"datePublished\":\"2026-02-04T10:00:49+00:00\",\"dateModified\":\"2026-02-04T10:01:19+00:00\",\"description\":\"Piszt\u00e1ci\u00e1val \u00e9s liofiliz\u00e1lt m\u00e1ln\u00e1val \u00edzes\u00edtett festett t\u00e1bl\u00e1s csokol\u00e1d\u00e9. Nett\u00f3 t\u00f6meg: kb. 90 g\",\"breadcrumb\":{\"@id\":\"https:\\\/\\\/mychoccy.com\\\/en\\\/product\\\/tablas-csokolade-love\\\/#breadcrumb\"},\"inLanguage\":\"en-US\",\"potentialAction\":[{\"@type\":\"ReadAction\",\"target\":[\"https:\\\/\\\/mychoccy.com\\\/en\\\/product\\\/tablas-csokolade-love\\\/\"]}]},{\"@type\":\"ImageObject\",\"inLanguage\":\"en-US\",\"@id\":\"https:\\\/\\\/mychoccy.com\\\/en\\\/product\\\/tablas-csokolade-love\\\/#primaryimage\",\"url\":\"https:\\\/\\\/mychoccy.com\\\/wp-content\\\/uploads\\\/2026\\\/02\\\/IMG_8830-scaled.jpg\",\"contentUrl\":\"https:\\\/\\\/mychoccy.com\\\/wp-content\\\/uploads\\\/2026\\\/02\\\/IMG_8830-scaled.jpg\",\"width\":2560,\"height\":1707},{\"@type\":\"BreadcrumbList\",\"@id\":\"https:\\\/\\\/mychoccy.com\\\/en\\\/product\\\/tablas-csokolade-love\\\/#breadcrumb\",\"itemListElement\":[{\"@type\":\"ListItem\",\"position\":1,\"name\":\"Home\",\"item\":\"https:\\\/\\\/mychoccy.com\\\/en\\\/\"},{\"@type\":\"ListItem\",\"position\":2,\"name\":\"Shop\",\"item\":\"https:\\\/\\\/mychoccy.com\\\/en\\\/shop-2\\\/\"},{\"@type\":\"ListItem\",\"position\":3,\"name\":\"T\u00e1bl\u00e1s csokol\u00e1d\u00e9 (LOVE)\"}]},{\"@type\":\"WebSite\",\"@id\":\"https:\\\/\\\/mychoccy.com\\\/en\\\/#website\",\"url\":\"https:\\\/\\\/mychoccy.com\\\/en\\\/\",\"name\":\"MyChoccy\",\"description\":\"Csokol\u00e1d\u00e9 kreat\u00edvan\",\"potentialAction\":[{\"@type\":\"SearchAction\",\"target\":{\"@type\":\"EntryPoint\",\"urlTemplate\":\"https:\\\/\\\/mychoccy.com\\\/en\\\/?s={search_term_string}\"},\"query-input\":{\"@type\":\"PropertyValueSpecification\",\"valueRequired\":true,\"valueName\":\"search_term_string\"}}],\"inLanguage\":\"en-US\"}]}<\/script>\n<!-- \/ Yoast SEO plugin. -->","yoast_head_json":{"title":"T\u00e1bl\u00e1s csokol\u00e1d\u00e9 (LOVE) - MyChoccy","description":"Piszt\u00e1ci\u00e1val \u00e9s liofiliz\u00e1lt m\u00e1ln\u00e1val \u00edzes\u00edtett festett t\u00e1bl\u00e1s csokol\u00e1d\u00e9.  Nett\u00f3 t\u00f6meg: kb. 90 g","robots":{"index":"index","follow":"follow","max-snippet":"max-snippet:-1","max-image-preview":"max-image-preview:large","max-video-preview":"max-video-preview:-1"},"canonical":"https:\/\/mychoccy.com\/en\/product\/tablas-csokolade-love\/","og_locale":"en_US","og_type":"article","og_title":"T\u00e1bl\u00e1s csokol\u00e1d\u00e9 (LOVE) - MyChoccy","og_description":"Piszt\u00e1ci\u00e1val \u00e9s liofiliz\u00e1lt m\u00e1ln\u00e1val \u00edzes\u00edtett festett t\u00e1bl\u00e1s csokol\u00e1d\u00e9.  Nett\u00f3 t\u00f6meg: kb. 90 g","og_url":"https:\/\/mychoccy.com\/en\/product\/tablas-csokolade-love\/","og_site_name":"MyChoccy","article_modified_time":"2026-02-04T10:01:19+00:00","og_image":[{"width":2560,"height":1707,"url":"https:\/\/mychoccy.com\/wp-content\/uploads\/2026\/02\/IMG_8830-scaled.jpg","type":"image\/jpeg"}],"twitter_card":"summary_large_image","twitter_misc":{"Est. reading time":"1 minute"},"schema":{"@context":"https:\/\/schema.org","@graph":[{"@type":"WebPage","@id":"https:\/\/mychoccy.com\/en\/product\/tablas-csokolade-love\/","url":"https:\/\/mychoccy.com\/en\/product\/tablas-csokolade-love\/","name":"T\u00e1bl\u00e1s csokol\u00e1d\u00e9 (LOVE) - MyChoccy","isPartOf":{"@id":"https:\/\/mychoccy.com\/en\/#website"},"primaryImageOfPage":{"@id":"https:\/\/mychoccy.com\/en\/product\/tablas-csokolade-love\/#primaryimage"},"image":{"@id":"https:\/\/mychoccy.com\/en\/product\/tablas-csokolade-love\/#primaryimage"},"thumbnailUrl":"https:\/\/mychoccy.com\/wp-content\/uploads\/2026\/02\/IMG_8830-scaled.jpg","datePublished":"2026-02-04T10:00:49+00:00","dateModified":"2026-02-04T10:01:19+00:00","description":"Piszt\u00e1ci\u00e1val \u00e9s liofiliz\u00e1lt m\u00e1ln\u00e1val \u00edzes\u00edtett festett t\u00e1bl\u00e1s csokol\u00e1d\u00e9. Nett\u00f3 t\u00f6meg: kb. 90 g","breadcrumb":{"@id":"https:\/\/mychoccy.com\/en\/product\/tablas-csokolade-love\/#breadcrumb"},"inLanguage":"en-US","potentialAction":[{"@type":"ReadAction","target":["https:\/\/mychoccy.com\/en\/product\/tablas-csokolade-love\/"]}]},{"@type":"ImageObject","inLanguage":"en-US","@id":"https:\/\/mychoccy.com\/en\/product\/tablas-csokolade-love\/#primaryimage","url":"https:\/\/mychoccy.com\/wp-content\/uploads\/2026\/02\/IMG_8830-scaled.jpg","contentUrl":"https:\/\/mychoccy.com\/wp-content\/uploads\/2026\/02\/IMG_8830-scaled.jpg","width":2560,"height":1707},{"@type":"BreadcrumbList","@id":"https:\/\/mychoccy.com\/en\/product\/tablas-csokolade-love\/#breadcrumb","itemListElement":[{"@type":"ListItem","position":1,"name":"Home","item":"https:\/\/mychoccy.com\/en\/"},{"@type":"ListItem","position":2,"name":"Shop","item":"https:\/\/mychoccy.com\/en\/shop-2\/"},{"@type":"ListItem","position":3,"name":"T\u00e1bl\u00e1s csokol\u00e1d\u00e9 (LOVE)"}]},{"@type":"WebSite","@id":"https:\/\/mychoccy.com\/en\/#website","url":"https:\/\/mychoccy.com\/en\/","name":"MyChoccy","description":"Csokol\u00e1d\u00e9 kreat\u00edvan","potentialAction":[{"@type":"SearchAction","target":{"@type":"EntryPoint","urlTemplate":"https:\/\/mychoccy.com\/en\/?s={search_term_string}"},"query-input":{"@type":"PropertyValueSpecification","valueRequired":true,"valueName":"search_term_string"}}],"inLanguage":"en-US"}]}},"jetpack_sharing_enabled":true,"_links":{"self":[{"href":"https:\/\/mychoccy.com\/en\/wp-json\/wp\/v2\/product\/19084","targetHints":{"allow":["GET"]}}],"collection":[{"href":"https:\/\/mychoccy.com\/en\/wp-json\/wp\/v2\/product"}],"about":[{"href":"https:\/\/mychoccy.com\/en\/wp-json\/wp\/v2\/types\/product"}],"wp:featuredmedia":[{"embeddable":true,"href":"https:\/\/mychoccy.com\/en\/wp-json\/wp\/v2\/media\/19078"}],"wp:attachment":[{"href":"https:\/\/mychoccy.com\/en\/wp-json\/wp\/v2\/media?parent=19084"}],"wp:term":[{"taxonomy":"product_brand","embeddable":true,"href":"https:\/\/mychoccy.com\/en\/wp-json\/wp\/v2\/product_brand?post=19084"},{"taxonomy":"product_cat","embeddable":true,"href":"https:\/\/mychoccy.com\/en\/wp-json\/wp\/v2\/product_cat?post=19084"},{"taxonomy":"product_tag","embeddable":true,"href":"https:\/\/mychoccy.com\/en\/wp-json\/wp\/v2\/product_tag?post=19084"}],"curies":[{"name":"wp","href":"https:\/\/api.w.org\/{rel}","templated":true}]}}