{"id":18327,"date":"2024-02-17T16:45:19","date_gmt":"2024-02-17T15:45:19","guid":{"rendered":"https:\/\/mychoccy.com\/product\/baileys-x-mychoccy\/"},"modified":"2024-03-01T09:42:54","modified_gmt":"2024-03-01T08:42:54","slug":"baileys-x-mychoccy","status":"publish","type":"product","link":"https:\/\/mychoccy.com\/en\/product\/baileys-x-mychoccy\/","title":{"rendered":"Baileys X MyChoccy"},"content":{"rendered":"","protected":false},"excerpt":{"rendered":"<p>Igazi \u00e9dessz\u00e1j\u00fa vagy? Akinek a kedvenc desszertjei felh\u0151szer\u0171en habosak, \u00e9desek \u00e9s kr\u00e9mesek, mintha csak egy barokk angyalka cs\u00f3kolta volna a t\u00e1ny\u00e9rj\u00e1ra?<br \/>\nAkkor ez a program NEKED SZ\u00d3L!<\/p>\n","protected":false},"featured_media":0,"template":"","meta":{"inline_featured_image":false},"product_brand":[],"product_cat":[],"product_tag":[],"class_list":{"0":"post-18327","1":"product","2":"type-product","3":"status-publish","6":"first","7":"instock","8":"virtual","9":"taxable","10":"purchasable","11":"product-type-simple"},"yoast_head":"<!-- This site is optimized with the Yoast SEO plugin v27.4 - https:\/\/yoast.com\/product\/yoast-seo-wordpress\/ -->\n<title>Baileys X MyChoccy - MyChoccy<\/title>\n<meta name=\"description\" content=\"Igazi \u00e9dessz\u00e1j\u00fa vagy? Akinek a kedvenc desszertjei felh\u0151szer\u0171en habosak, \u00e9desek \u00e9s kr\u00e9mesek, mintha csak egy barokk angyalka cs\u00f3kolta volna a t\u00e1ny\u00e9rj\u00e1ra? Akkor ez a program NEKED SZ\u00d3L!\" \/>\n<meta name=\"robots\" content=\"index, follow, max-snippet:-1, max-image-preview:large, max-video-preview:-1\" \/>\n<link rel=\"canonical\" href=\"https:\/\/mychoccy.com\/en\/product\/baileys-x-mychoccy\/\" \/>\n<meta property=\"og:locale\" content=\"en_US\" \/>\n<meta property=\"og:type\" content=\"article\" \/>\n<meta property=\"og:title\" content=\"Baileys X MyChoccy - MyChoccy\" \/>\n<meta property=\"og:description\" content=\"Igazi \u00e9dessz\u00e1j\u00fa vagy? Akinek a kedvenc desszertjei felh\u0151szer\u0171en habosak, \u00e9desek \u00e9s kr\u00e9mesek, mintha csak egy barokk angyalka cs\u00f3kolta volna a t\u00e1ny\u00e9rj\u00e1ra? Akkor ez a program NEKED SZ\u00d3L!\" \/>\n<meta property=\"og:url\" content=\"https:\/\/mychoccy.com\/en\/product\/baileys-x-mychoccy\/\" \/>\n<meta property=\"og:site_name\" content=\"MyChoccy\" \/>\n<meta property=\"article:modified_time\" content=\"2024-03-01T08:42:54+00:00\" \/>\n<meta name=\"twitter:card\" content=\"summary_large_image\" \/>\n<script type=\"application\/ld+json\" class=\"yoast-schema-graph\">{\"@context\":\"https:\\\/\\\/schema.org\",\"@graph\":[{\"@type\":\"WebPage\",\"@id\":\"https:\\\/\\\/mychoccy.com\\\/en\\\/product\\\/baileys-x-mychoccy\\\/\",\"url\":\"https:\\\/\\\/mychoccy.com\\\/en\\\/product\\\/baileys-x-mychoccy\\\/\",\"name\":\"Baileys X MyChoccy - MyChoccy\",\"isPartOf\":{\"@id\":\"https:\\\/\\\/mychoccy.com\\\/en\\\/#website\"},\"datePublished\":\"2024-02-17T15:45:19+00:00\",\"dateModified\":\"2024-03-01T08:42:54+00:00\",\"description\":\"Igazi \u00e9dessz\u00e1j\u00fa vagy? Akinek a kedvenc desszertjei felh\u0151szer\u0171en habosak, \u00e9desek \u00e9s kr\u00e9mesek, mintha csak egy barokk angyalka cs\u00f3kolta volna a t\u00e1ny\u00e9rj\u00e1ra? Akkor ez a program NEKED SZ\u00d3L!\",\"breadcrumb\":{\"@id\":\"https:\\\/\\\/mychoccy.com\\\/en\\\/product\\\/baileys-x-mychoccy\\\/#breadcrumb\"},\"inLanguage\":\"en-US\",\"potentialAction\":[{\"@type\":\"ReadAction\",\"target\":[\"https:\\\/\\\/mychoccy.com\\\/en\\\/product\\\/baileys-x-mychoccy\\\/\"]}]},{\"@type\":\"BreadcrumbList\",\"@id\":\"https:\\\/\\\/mychoccy.com\\\/en\\\/product\\\/baileys-x-mychoccy\\\/#breadcrumb\",\"itemListElement\":[{\"@type\":\"ListItem\",\"position\":1,\"name\":\"Home\",\"item\":\"https:\\\/\\\/mychoccy.com\\\/en\\\/\"},{\"@type\":\"ListItem\",\"position\":2,\"name\":\"Shop\",\"item\":\"https:\\\/\\\/mychoccy.com\\\/en\\\/shop-2\\\/\"},{\"@type\":\"ListItem\",\"position\":3,\"name\":\"Baileys X MyChoccy\"}]},{\"@type\":\"WebSite\",\"@id\":\"https:\\\/\\\/mychoccy.com\\\/en\\\/#website\",\"url\":\"https:\\\/\\\/mychoccy.com\\\/en\\\/\",\"name\":\"MyChoccy\",\"description\":\"Csokol\u00e1d\u00e9 kreat\u00edvan\",\"potentialAction\":[{\"@type\":\"SearchAction\",\"target\":{\"@type\":\"EntryPoint\",\"urlTemplate\":\"https:\\\/\\\/mychoccy.com\\\/en\\\/?s={search_term_string}\"},\"query-input\":{\"@type\":\"PropertyValueSpecification\",\"valueRequired\":true,\"valueName\":\"search_term_string\"}}],\"inLanguage\":\"en-US\"}]}<\/script>\n<!-- \/ Yoast SEO plugin. -->","yoast_head_json":{"title":"Baileys X MyChoccy - MyChoccy","description":"Igazi \u00e9dessz\u00e1j\u00fa vagy? Akinek a kedvenc desszertjei felh\u0151szer\u0171en habosak, \u00e9desek \u00e9s kr\u00e9mesek, mintha csak egy barokk angyalka cs\u00f3kolta volna a t\u00e1ny\u00e9rj\u00e1ra? Akkor ez a program NEKED SZ\u00d3L!","robots":{"index":"index","follow":"follow","max-snippet":"max-snippet:-1","max-image-preview":"max-image-preview:large","max-video-preview":"max-video-preview:-1"},"canonical":"https:\/\/mychoccy.com\/en\/product\/baileys-x-mychoccy\/","og_locale":"en_US","og_type":"article","og_title":"Baileys X MyChoccy - MyChoccy","og_description":"Igazi \u00e9dessz\u00e1j\u00fa vagy? Akinek a kedvenc desszertjei felh\u0151szer\u0171en habosak, \u00e9desek \u00e9s kr\u00e9mesek, mintha csak egy barokk angyalka cs\u00f3kolta volna a t\u00e1ny\u00e9rj\u00e1ra? Akkor ez a program NEKED SZ\u00d3L!","og_url":"https:\/\/mychoccy.com\/en\/product\/baileys-x-mychoccy\/","og_site_name":"MyChoccy","article_modified_time":"2024-03-01T08:42:54+00:00","twitter_card":"summary_large_image","schema":{"@context":"https:\/\/schema.org","@graph":[{"@type":"WebPage","@id":"https:\/\/mychoccy.com\/en\/product\/baileys-x-mychoccy\/","url":"https:\/\/mychoccy.com\/en\/product\/baileys-x-mychoccy\/","name":"Baileys X MyChoccy - MyChoccy","isPartOf":{"@id":"https:\/\/mychoccy.com\/en\/#website"},"datePublished":"2024-02-17T15:45:19+00:00","dateModified":"2024-03-01T08:42:54+00:00","description":"Igazi \u00e9dessz\u00e1j\u00fa vagy? Akinek a kedvenc desszertjei felh\u0151szer\u0171en habosak, \u00e9desek \u00e9s kr\u00e9mesek, mintha csak egy barokk angyalka cs\u00f3kolta volna a t\u00e1ny\u00e9rj\u00e1ra? Akkor ez a program NEKED SZ\u00d3L!","breadcrumb":{"@id":"https:\/\/mychoccy.com\/en\/product\/baileys-x-mychoccy\/#breadcrumb"},"inLanguage":"en-US","potentialAction":[{"@type":"ReadAction","target":["https:\/\/mychoccy.com\/en\/product\/baileys-x-mychoccy\/"]}]},{"@type":"BreadcrumbList","@id":"https:\/\/mychoccy.com\/en\/product\/baileys-x-mychoccy\/#breadcrumb","itemListElement":[{"@type":"ListItem","position":1,"name":"Home","item":"https:\/\/mychoccy.com\/en\/"},{"@type":"ListItem","position":2,"name":"Shop","item":"https:\/\/mychoccy.com\/en\/shop-2\/"},{"@type":"ListItem","position":3,"name":"Baileys X MyChoccy"}]},{"@type":"WebSite","@id":"https:\/\/mychoccy.com\/en\/#website","url":"https:\/\/mychoccy.com\/en\/","name":"MyChoccy","description":"Csokol\u00e1d\u00e9 kreat\u00edvan","potentialAction":[{"@type":"SearchAction","target":{"@type":"EntryPoint","urlTemplate":"https:\/\/mychoccy.com\/en\/?s={search_term_string}"},"query-input":{"@type":"PropertyValueSpecification","valueRequired":true,"valueName":"search_term_string"}}],"inLanguage":"en-US"}]}},"jetpack_sharing_enabled":true,"_links":{"self":[{"href":"https:\/\/mychoccy.com\/en\/wp-json\/wp\/v2\/product\/18327","targetHints":{"allow":["GET"]}}],"collection":[{"href":"https:\/\/mychoccy.com\/en\/wp-json\/wp\/v2\/product"}],"about":[{"href":"https:\/\/mychoccy.com\/en\/wp-json\/wp\/v2\/types\/product"}],"wp:attachment":[{"href":"https:\/\/mychoccy.com\/en\/wp-json\/wp\/v2\/media?parent=18327"}],"wp:term":[{"taxonomy":"product_brand","embeddable":true,"href":"https:\/\/mychoccy.com\/en\/wp-json\/wp\/v2\/product_brand?post=18327"},{"taxonomy":"product_cat","embeddable":true,"href":"https:\/\/mychoccy.com\/en\/wp-json\/wp\/v2\/product_cat?post=18327"},{"taxonomy":"product_tag","embeddable":true,"href":"https:\/\/mychoccy.com\/en\/wp-json\/wp\/v2\/product_tag?post=18327"}],"curies":[{"name":"wp","href":"https:\/\/api.w.org\/{rel}","templated":true}]}}