{"id":18279,"date":"2024-02-06T20:04:15","date_gmt":"2024-02-06T19:04:15","guid":{"rendered":"https:\/\/mychoccy.com\/?post_type=product&#038;p=18279"},"modified":"2025-01-28T21:57:20","modified_gmt":"2025-01-28T20:57:20","slug":"love-tablas-csokolade","status":"publish","type":"product","link":"https:\/\/mychoccy.com\/en\/product\/love-tablas-csokolade\/","title":{"rendered":"LOVE t\u00e1bl\u00e1s csokol\u00e1d\u00e9"},"content":{"rendered":"<p>Azoknak, akik a t\u00e1bl\u00e1s csokol\u00e1d\u00e9t r\u00e9szes\u00edtik el\u0151nyben &#8230;<\/p>\n<p>A festett LOVE t\u00e1bl\u00e1s csokol\u00e1d\u00e9t piszt\u00e1ci\u00e1val \u00e9s liofiliz\u00e1lt m\u00e1ln\u00e1val \u00edzes\u00edtett\u00fck.<\/p>\n<p>Nett\u00f3 t\u00f6meg: kb. 90 g<\/p>\n","protected":false},"excerpt":{"rendered":"<p>Azoknak, akik a t\u00e1bl\u00e1s csokol\u00e1d\u00e9t r\u00e9szes\u00edtik el\u0151nyben &#8230; A festett LOVE t\u00e1bl\u00e1s csokol\u00e1d\u00e9t piszt\u00e1ci\u00e1val \u00e9s liofiliz\u00e1lt m\u00e1ln\u00e1val \u00edzes\u00edtett\u00fck. Nett\u00f3 t\u00f6meg: kb. 90 g<\/p>\n","protected":false},"featured_media":18286,"template":"","meta":{"inline_featured_image":false},"product_brand":[],"product_cat":[365],"product_tag":[179,313,320],"class_list":{"0":"post-18279","1":"product","2":"type-product","3":"status-publish","4":"has-post-thumbnail","6":"product_cat-valentin-napi-ajandekok","7":"product_tag-feher-csokolade","8":"product_tag-gyumolcs","9":"product_tag-olajos-mag","11":"first","12":"instock","13":"taxable","14":"shipping-taxable","15":"purchasable","16":"product-type-simple"},"yoast_head":"<!-- This site is optimized with the Yoast SEO plugin v27.5 - https:\/\/yoast.com\/product\/yoast-seo-wordpress\/ -->\n<title>LOVE t\u00e1bl\u00e1s csokol\u00e1d\u00e9 - MyChoccy<\/title>\n<meta name=\"description\" content=\"Azoknak, akik a t\u00e1bl\u00e1s csokol\u00e1d\u00e9t r\u00e9szes\u00edtik el\u0151nyben ... A festett LOVE t\u00e1bl\u00e1s csokol\u00e1d\u00e9t piszt\u00e1ci\u00e1val \u00e9s liofiliz\u00e1lt m\u00e1ln\u00e1val \u00edzes\u00edtett\u00fck. Nett\u00f3 t\u00f6meg:\" \/>\n<meta name=\"robots\" content=\"index, follow, max-snippet:-1, max-image-preview:large, max-video-preview:-1\" \/>\n<link rel=\"canonical\" href=\"https:\/\/mychoccy.com\/en\/product\/love-tablas-csokolade\/\" \/>\n<meta property=\"og:locale\" content=\"en_US\" \/>\n<meta property=\"og:type\" content=\"article\" \/>\n<meta property=\"og:title\" content=\"LOVE t\u00e1bl\u00e1s csokol\u00e1d\u00e9 - MyChoccy\" \/>\n<meta property=\"og:description\" content=\"Azoknak, akik a t\u00e1bl\u00e1s csokol\u00e1d\u00e9t r\u00e9szes\u00edtik el\u0151nyben ... A festett LOVE t\u00e1bl\u00e1s csokol\u00e1d\u00e9t piszt\u00e1ci\u00e1val \u00e9s liofiliz\u00e1lt m\u00e1ln\u00e1val \u00edzes\u00edtett\u00fck. Nett\u00f3 t\u00f6meg:\" \/>\n<meta property=\"og:url\" content=\"https:\/\/mychoccy.com\/en\/product\/love-tablas-csokolade\/\" \/>\n<meta property=\"og:site_name\" content=\"MyChoccy\" \/>\n<meta property=\"article:modified_time\" content=\"2025-01-28T20:57:20+00:00\" \/>\n<meta property=\"og:image\" content=\"https:\/\/mychoccy.com\/wp-content\/uploads\/2024\/02\/love-tablas-csoki.jpg\" \/>\n\t<meta property=\"og:image:width\" content=\"1200\" \/>\n\t<meta property=\"og:image:height\" content=\"880\" \/>\n\t<meta property=\"og:image:type\" content=\"image\/jpeg\" \/>\n<meta name=\"twitter:card\" content=\"summary_large_image\" \/>\n<meta name=\"twitter:label1\" content=\"Est. reading time\" \/>\n\t<meta name=\"twitter:data1\" content=\"1 minute\" \/>\n<script type=\"application\/ld+json\" class=\"yoast-schema-graph\">{\"@context\":\"https:\\\/\\\/schema.org\",\"@graph\":[{\"@type\":\"WebPage\",\"@id\":\"https:\\\/\\\/mychoccy.com\\\/en\\\/product\\\/love-tablas-csokolade\\\/\",\"url\":\"https:\\\/\\\/mychoccy.com\\\/en\\\/product\\\/love-tablas-csokolade\\\/\",\"name\":\"LOVE t\u00e1bl\u00e1s csokol\u00e1d\u00e9 - MyChoccy\",\"isPartOf\":{\"@id\":\"https:\\\/\\\/mychoccy.com\\\/en\\\/#website\"},\"primaryImageOfPage\":{\"@id\":\"https:\\\/\\\/mychoccy.com\\\/en\\\/product\\\/love-tablas-csokolade\\\/#primaryimage\"},\"image\":{\"@id\":\"https:\\\/\\\/mychoccy.com\\\/en\\\/product\\\/love-tablas-csokolade\\\/#primaryimage\"},\"thumbnailUrl\":\"https:\\\/\\\/mychoccy.com\\\/wp-content\\\/uploads\\\/2024\\\/02\\\/love-tablas-csoki.jpg\",\"datePublished\":\"2024-02-06T19:04:15+00:00\",\"dateModified\":\"2025-01-28T20:57:20+00:00\",\"description\":\"Azoknak, akik a t\u00e1bl\u00e1s csokol\u00e1d\u00e9t r\u00e9szes\u00edtik el\u0151nyben ... A festett LOVE t\u00e1bl\u00e1s csokol\u00e1d\u00e9t piszt\u00e1ci\u00e1val \u00e9s liofiliz\u00e1lt m\u00e1ln\u00e1val \u00edzes\u00edtett\u00fck. Nett\u00f3 t\u00f6meg:\",\"breadcrumb\":{\"@id\":\"https:\\\/\\\/mychoccy.com\\\/en\\\/product\\\/love-tablas-csokolade\\\/#breadcrumb\"},\"inLanguage\":\"en-US\",\"potentialAction\":[{\"@type\":\"ReadAction\",\"target\":[\"https:\\\/\\\/mychoccy.com\\\/en\\\/product\\\/love-tablas-csokolade\\\/\"]}]},{\"@type\":\"ImageObject\",\"inLanguage\":\"en-US\",\"@id\":\"https:\\\/\\\/mychoccy.com\\\/en\\\/product\\\/love-tablas-csokolade\\\/#primaryimage\",\"url\":\"https:\\\/\\\/mychoccy.com\\\/wp-content\\\/uploads\\\/2024\\\/02\\\/love-tablas-csoki.jpg\",\"contentUrl\":\"https:\\\/\\\/mychoccy.com\\\/wp-content\\\/uploads\\\/2024\\\/02\\\/love-tablas-csoki.jpg\",\"width\":1200,\"height\":880},{\"@type\":\"BreadcrumbList\",\"@id\":\"https:\\\/\\\/mychoccy.com\\\/en\\\/product\\\/love-tablas-csokolade\\\/#breadcrumb\",\"itemListElement\":[{\"@type\":\"ListItem\",\"position\":1,\"name\":\"Home\",\"item\":\"https:\\\/\\\/mychoccy.com\\\/en\\\/\"},{\"@type\":\"ListItem\",\"position\":2,\"name\":\"Shop\",\"item\":\"https:\\\/\\\/mychoccy.com\\\/en\\\/shop-2\\\/\"},{\"@type\":\"ListItem\",\"position\":3,\"name\":\"LOVE t\u00e1bl\u00e1s csokol\u00e1d\u00e9\"}]},{\"@type\":\"WebSite\",\"@id\":\"https:\\\/\\\/mychoccy.com\\\/en\\\/#website\",\"url\":\"https:\\\/\\\/mychoccy.com\\\/en\\\/\",\"name\":\"MyChoccy\",\"description\":\"Csokol\u00e1d\u00e9 kreat\u00edvan\",\"potentialAction\":[{\"@type\":\"SearchAction\",\"target\":{\"@type\":\"EntryPoint\",\"urlTemplate\":\"https:\\\/\\\/mychoccy.com\\\/en\\\/?s={search_term_string}\"},\"query-input\":{\"@type\":\"PropertyValueSpecification\",\"valueRequired\":true,\"valueName\":\"search_term_string\"}}],\"inLanguage\":\"en-US\"}]}<\/script>\n<!-- \/ Yoast SEO plugin. -->","yoast_head_json":{"title":"LOVE t\u00e1bl\u00e1s csokol\u00e1d\u00e9 - MyChoccy","description":"Azoknak, akik a t\u00e1bl\u00e1s csokol\u00e1d\u00e9t r\u00e9szes\u00edtik el\u0151nyben ... A festett LOVE t\u00e1bl\u00e1s csokol\u00e1d\u00e9t piszt\u00e1ci\u00e1val \u00e9s liofiliz\u00e1lt m\u00e1ln\u00e1val \u00edzes\u00edtett\u00fck. Nett\u00f3 t\u00f6meg:","robots":{"index":"index","follow":"follow","max-snippet":"max-snippet:-1","max-image-preview":"max-image-preview:large","max-video-preview":"max-video-preview:-1"},"canonical":"https:\/\/mychoccy.com\/en\/product\/love-tablas-csokolade\/","og_locale":"en_US","og_type":"article","og_title":"LOVE t\u00e1bl\u00e1s csokol\u00e1d\u00e9 - MyChoccy","og_description":"Azoknak, akik a t\u00e1bl\u00e1s csokol\u00e1d\u00e9t r\u00e9szes\u00edtik el\u0151nyben ... A festett LOVE t\u00e1bl\u00e1s csokol\u00e1d\u00e9t piszt\u00e1ci\u00e1val \u00e9s liofiliz\u00e1lt m\u00e1ln\u00e1val \u00edzes\u00edtett\u00fck. Nett\u00f3 t\u00f6meg:","og_url":"https:\/\/mychoccy.com\/en\/product\/love-tablas-csokolade\/","og_site_name":"MyChoccy","article_modified_time":"2025-01-28T20:57:20+00:00","og_image":[{"width":1200,"height":880,"url":"https:\/\/mychoccy.com\/wp-content\/uploads\/2024\/02\/love-tablas-csoki.jpg","type":"image\/jpeg"}],"twitter_card":"summary_large_image","twitter_misc":{"Est. reading time":"1 minute"},"schema":{"@context":"https:\/\/schema.org","@graph":[{"@type":"WebPage","@id":"https:\/\/mychoccy.com\/en\/product\/love-tablas-csokolade\/","url":"https:\/\/mychoccy.com\/en\/product\/love-tablas-csokolade\/","name":"LOVE t\u00e1bl\u00e1s csokol\u00e1d\u00e9 - MyChoccy","isPartOf":{"@id":"https:\/\/mychoccy.com\/en\/#website"},"primaryImageOfPage":{"@id":"https:\/\/mychoccy.com\/en\/product\/love-tablas-csokolade\/#primaryimage"},"image":{"@id":"https:\/\/mychoccy.com\/en\/product\/love-tablas-csokolade\/#primaryimage"},"thumbnailUrl":"https:\/\/mychoccy.com\/wp-content\/uploads\/2024\/02\/love-tablas-csoki.jpg","datePublished":"2024-02-06T19:04:15+00:00","dateModified":"2025-01-28T20:57:20+00:00","description":"Azoknak, akik a t\u00e1bl\u00e1s csokol\u00e1d\u00e9t r\u00e9szes\u00edtik el\u0151nyben ... A festett LOVE t\u00e1bl\u00e1s csokol\u00e1d\u00e9t piszt\u00e1ci\u00e1val \u00e9s liofiliz\u00e1lt m\u00e1ln\u00e1val \u00edzes\u00edtett\u00fck. Nett\u00f3 t\u00f6meg:","breadcrumb":{"@id":"https:\/\/mychoccy.com\/en\/product\/love-tablas-csokolade\/#breadcrumb"},"inLanguage":"en-US","potentialAction":[{"@type":"ReadAction","target":["https:\/\/mychoccy.com\/en\/product\/love-tablas-csokolade\/"]}]},{"@type":"ImageObject","inLanguage":"en-US","@id":"https:\/\/mychoccy.com\/en\/product\/love-tablas-csokolade\/#primaryimage","url":"https:\/\/mychoccy.com\/wp-content\/uploads\/2024\/02\/love-tablas-csoki.jpg","contentUrl":"https:\/\/mychoccy.com\/wp-content\/uploads\/2024\/02\/love-tablas-csoki.jpg","width":1200,"height":880},{"@type":"BreadcrumbList","@id":"https:\/\/mychoccy.com\/en\/product\/love-tablas-csokolade\/#breadcrumb","itemListElement":[{"@type":"ListItem","position":1,"name":"Home","item":"https:\/\/mychoccy.com\/en\/"},{"@type":"ListItem","position":2,"name":"Shop","item":"https:\/\/mychoccy.com\/en\/shop-2\/"},{"@type":"ListItem","position":3,"name":"LOVE t\u00e1bl\u00e1s csokol\u00e1d\u00e9"}]},{"@type":"WebSite","@id":"https:\/\/mychoccy.com\/en\/#website","url":"https:\/\/mychoccy.com\/en\/","name":"MyChoccy","description":"Csokol\u00e1d\u00e9 kreat\u00edvan","potentialAction":[{"@type":"SearchAction","target":{"@type":"EntryPoint","urlTemplate":"https:\/\/mychoccy.com\/en\/?s={search_term_string}"},"query-input":{"@type":"PropertyValueSpecification","valueRequired":true,"valueName":"search_term_string"}}],"inLanguage":"en-US"}]}},"jetpack_sharing_enabled":true,"_links":{"self":[{"href":"https:\/\/mychoccy.com\/en\/wp-json\/wp\/v2\/product\/18279","targetHints":{"allow":["GET"]}}],"collection":[{"href":"https:\/\/mychoccy.com\/en\/wp-json\/wp\/v2\/product"}],"about":[{"href":"https:\/\/mychoccy.com\/en\/wp-json\/wp\/v2\/types\/product"}],"wp:featuredmedia":[{"embeddable":true,"href":"https:\/\/mychoccy.com\/en\/wp-json\/wp\/v2\/media\/18286"}],"wp:attachment":[{"href":"https:\/\/mychoccy.com\/en\/wp-json\/wp\/v2\/media?parent=18279"}],"wp:term":[{"taxonomy":"product_brand","embeddable":true,"href":"https:\/\/mychoccy.com\/en\/wp-json\/wp\/v2\/product_brand?post=18279"},{"taxonomy":"product_cat","embeddable":true,"href":"https:\/\/mychoccy.com\/en\/wp-json\/wp\/v2\/product_cat?post=18279"},{"taxonomy":"product_tag","embeddable":true,"href":"https:\/\/mychoccy.com\/en\/wp-json\/wp\/v2\/product_tag?post=18279"}],"curies":[{"name":"wp","href":"https:\/\/api.w.org\/{rel}","templated":true}]}}