{"id":16875,"date":"2023-09-25T17:36:55","date_gmt":"2023-09-25T15:36:55","guid":{"rendered":"https:\/\/mychoccy.com\/?post_type=product&#038;p=16875"},"modified":"2026-03-12T14:09:17","modified_gmt":"2026-03-12T13:09:17","slug":"12-szemes-valogatas-cukormentes","status":"publish","type":"product","link":"https:\/\/mychoccy.com\/en\/product\/12-szemes-valogatas-cukormentes\/","title":{"rendered":"12 szemes v\u00e1logat\u00e1s &#8211; cukormentes"},"content":{"rendered":"<p>A bonbonv\u00e1logat\u00e1st \u00fagy \u00e1ll\u00edtottuk \u00f6ssze, hogy cukorbetegek, inzulinrezisztensek \u00e9s Low Carb, illetve KETO di\u00e9t\u00e1t folytat\u00f3k is fogyaszthatj\u00e1k. Azonban \u00e9rdemes a t\u00e1p\u00e9rt\u00e9kt\u00e1bl\u00e1zatot is k\u00f6vetni, melyet az egyes term\u00e9kek oldal\u00e1n lehet megtekinteni.<\/p>\n<p>Ahhoz, hogy inform\u00e1ci\u00f3t kapj a v\u00e1logat\u00e1sban szerepl\u0151 csokol\u00e1d\u00e9kr\u00f3l, illetve azok r\u00e9szletes le\u00edr\u00e1sair\u00f3l, kattints a nev\u00fckre az al\u00e1bbi list\u00e1ban.<\/p>\n<p>12 szemes v\u00e1logat\u00e1s:<\/p>\n<ul>\n<li><a href=\"https:\/\/mychoccy.com\/product\/malna-bonbon-cukor-es-laktozmentes\/\">M\u00e1lna bonbon (cukor- \u00e9s lakt\u00f3zmentes)<\/a>,\u00a0<a href=\"https:\/\/mychoccy.com\/product\/8-fuszer-bonbon-cukormentes\/\">8 f\u0171szer bonbon (cukormentes)<\/a>, <a href=\"https:\/\/mychoccy.com\/product\/rozsaborsos-balzsamecetes-bonbon-laktozmentes\/\">R\u00f3zsaborsos \u2013 balzsamecetes bonbon (cukor- \u00e9s lakt\u00f3zmentes)<\/a>, <a href=\"https:\/\/mychoccy.com\/product\/rozsaborsos-balzsamecetes-bonbon-laktozmentes\/\">Gr\u00e1n\u00e1talma \u2013 r\u00f3zsa bonbon (cukor- \u00e9s lakt\u00f3zmentes)<\/a><\/li>\n<li><a href=\"https:\/\/mychoccy.com\/product\/mango-bonbon-cukormentes\/\">Mang\u00f3 bonbon (cukormentes)<\/a>,\u00a0<a href=\"https:\/\/mychoccy.com\/product\/meggy-bonbon-cukor-es-laktozmentes\/\">Meggy bonbon (cukor- \u00e9s lakt\u00f3zmentes)<\/a>,\u00a0<a href=\"https:\/\/mychoccy.com\/product\/passiogyumolcs-bonbon-cukormentes\/\">Passi\u00f3gy\u00fcm\u00f6lcs bonbon (cukormentes)<\/a>,\u00a0<a href=\"https:\/\/mychoccy.com\/product\/fekete-tea-bonbon-cukor-es-laktozmentes\/\">Fekete tea bonbon (cukor- \u00e9s lakt\u00f3zmentes)<\/a><\/li>\n<li><a href=\"https:\/\/mychoccy.com\/product\/chili-bonbon-cukor-es-laktozmentes\/\">Chili bonbon (cukor- \u00e9s lakt\u00f3zmentes)<\/a>,\u00a0<a href=\"https:\/\/mychoccy.com\/product\/beriolette-bonbon-cukor-es-laktozmentes\/\">Beriolette bonbon (cukor- \u00e9s lakt\u00f3zmentes)<\/a>,\u00a0<a href=\"https:\/\/mychoccy.com\/product\/kave-bonbon-laktozmentes\/\">K\u00e1v\u00e9 bonbon (cukor- \u00e9s lakt\u00f3zmentes)<\/a>,\u00a0<a href=\"https:\/\/mychoccy.com\/product\/cherry-kardamom-bonbon-laktozmentes\/\">Cherry \u2013 kardamom bonbon (cukor- \u00e9s lakt\u00f3zmentes)<\/a><\/li>\n<\/ul>\n","protected":false},"excerpt":{"rendered":"<p>A bonbonv\u00e1logat\u00e1st \u00fagy \u00e1ll\u00edtottuk \u00f6ssze, hogy cukorbetegek, inzulinrezisztensek \u00e9s Low Carb, illetve KETO di\u00e9t\u00e1t folytat\u00f3k is fogyaszthatj\u00e1k. Azonban \u00e9rdemes a t\u00e1p\u00e9rt\u00e9kt\u00e1bl\u00e1zatot is k\u00f6vetni, melyet az egyes term\u00e9kek oldal\u00e1n lehet megtekinteni. Ahhoz, hogy inform\u00e1ci\u00f3t kapj a v\u00e1logat\u00e1sban szerepl\u0151 csokol\u00e1d\u00e9kr\u00f3l, illetve azok [&hellip;]<\/p>\n","protected":false},"featured_media":16854,"template":"","meta":{"inline_featured_image":false},"product_brand":[],"product_cat":[247],"product_tag":[303,315,313,316,299],"class_list":{"0":"post-16875","1":"product","2":"type-product","3":"status-publish","4":"has-post-thumbnail","6":"product_cat-bonbon-valogatasok","7":"product_tag-diabetikus","8":"product_tag-fuszer","9":"product_tag-gyumolcs","10":"product_tag-kave","11":"product_tag-kulonleges-csokolade","13":"first","14":"instock","15":"taxable","16":"shipping-taxable","17":"purchasable","18":"product-type-simple"},"yoast_head":"<!-- This site is optimized with the Yoast SEO plugin v27.4 - https:\/\/yoast.com\/product\/yoast-seo-wordpress\/ -->\n<title>12 szemes v\u00e1logat\u00e1s - cukormentes - MyChoccy<\/title>\n<meta name=\"description\" content=\"A bonbonv\u00e1logat\u00e1st \u00fagy \u00e1ll\u00edtottuk \u00f6ssze, hogy cukorbetegek, inzulinrezisztensek \u00e9s Low Carb, illetve KETO di\u00e9t\u00e1t folytat\u00f3k is fogyaszthatj\u00e1k. Azonban\" \/>\n<meta name=\"robots\" content=\"index, follow, max-snippet:-1, max-image-preview:large, max-video-preview:-1\" \/>\n<link rel=\"canonical\" href=\"https:\/\/mychoccy.com\/en\/product\/12-szemes-valogatas-cukormentes\/\" \/>\n<meta property=\"og:locale\" content=\"en_US\" \/>\n<meta property=\"og:type\" content=\"article\" \/>\n<meta property=\"og:title\" content=\"12 szemes v\u00e1logat\u00e1s - cukormentes - MyChoccy\" \/>\n<meta property=\"og:description\" content=\"A bonbonv\u00e1logat\u00e1st \u00fagy \u00e1ll\u00edtottuk \u00f6ssze, hogy cukorbetegek, inzulinrezisztensek \u00e9s Low Carb, illetve KETO di\u00e9t\u00e1t folytat\u00f3k is fogyaszthatj\u00e1k. Azonban\" \/>\n<meta property=\"og:url\" content=\"https:\/\/mychoccy.com\/en\/product\/12-szemes-valogatas-cukormentes\/\" \/>\n<meta property=\"og:site_name\" content=\"MyChoccy\" \/>\n<meta property=\"article:modified_time\" content=\"2026-03-12T13:09:17+00:00\" \/>\n<meta property=\"og:image\" content=\"https:\/\/mychoccy.com\/wp-content\/uploads\/2023\/09\/12-szemes-mentes.jpg\" \/>\n\t<meta property=\"og:image:width\" content=\"1200\" \/>\n\t<meta property=\"og:image:height\" content=\"880\" \/>\n\t<meta property=\"og:image:type\" content=\"image\/jpeg\" \/>\n<meta name=\"twitter:card\" content=\"summary_large_image\" \/>\n<meta name=\"twitter:label1\" content=\"Est. reading time\" \/>\n\t<meta name=\"twitter:data1\" content=\"1 minute\" \/>\n<script type=\"application\/ld+json\" class=\"yoast-schema-graph\">{\"@context\":\"https:\\\/\\\/schema.org\",\"@graph\":[{\"@type\":\"WebPage\",\"@id\":\"https:\\\/\\\/mychoccy.com\\\/en\\\/product\\\/12-szemes-valogatas-cukormentes\\\/\",\"url\":\"https:\\\/\\\/mychoccy.com\\\/en\\\/product\\\/12-szemes-valogatas-cukormentes\\\/\",\"name\":\"12 szemes v\u00e1logat\u00e1s - cukormentes - MyChoccy\",\"isPartOf\":{\"@id\":\"https:\\\/\\\/mychoccy.com\\\/en\\\/#website\"},\"primaryImageOfPage\":{\"@id\":\"https:\\\/\\\/mychoccy.com\\\/en\\\/product\\\/12-szemes-valogatas-cukormentes\\\/#primaryimage\"},\"image\":{\"@id\":\"https:\\\/\\\/mychoccy.com\\\/en\\\/product\\\/12-szemes-valogatas-cukormentes\\\/#primaryimage\"},\"thumbnailUrl\":\"https:\\\/\\\/mychoccy.com\\\/wp-content\\\/uploads\\\/2023\\\/09\\\/12-szemes-mentes.jpg\",\"datePublished\":\"2023-09-25T15:36:55+00:00\",\"dateModified\":\"2026-03-12T13:09:17+00:00\",\"description\":\"A bonbonv\u00e1logat\u00e1st \u00fagy \u00e1ll\u00edtottuk \u00f6ssze, hogy cukorbetegek, inzulinrezisztensek \u00e9s Low Carb, illetve KETO di\u00e9t\u00e1t folytat\u00f3k is fogyaszthatj\u00e1k. Azonban\",\"breadcrumb\":{\"@id\":\"https:\\\/\\\/mychoccy.com\\\/en\\\/product\\\/12-szemes-valogatas-cukormentes\\\/#breadcrumb\"},\"inLanguage\":\"en-US\",\"potentialAction\":[{\"@type\":\"ReadAction\",\"target\":[\"https:\\\/\\\/mychoccy.com\\\/en\\\/product\\\/12-szemes-valogatas-cukormentes\\\/\"]}]},{\"@type\":\"ImageObject\",\"inLanguage\":\"en-US\",\"@id\":\"https:\\\/\\\/mychoccy.com\\\/en\\\/product\\\/12-szemes-valogatas-cukormentes\\\/#primaryimage\",\"url\":\"https:\\\/\\\/mychoccy.com\\\/wp-content\\\/uploads\\\/2023\\\/09\\\/12-szemes-mentes.jpg\",\"contentUrl\":\"https:\\\/\\\/mychoccy.com\\\/wp-content\\\/uploads\\\/2023\\\/09\\\/12-szemes-mentes.jpg\",\"width\":1200,\"height\":880},{\"@type\":\"BreadcrumbList\",\"@id\":\"https:\\\/\\\/mychoccy.com\\\/en\\\/product\\\/12-szemes-valogatas-cukormentes\\\/#breadcrumb\",\"itemListElement\":[{\"@type\":\"ListItem\",\"position\":1,\"name\":\"Home\",\"item\":\"https:\\\/\\\/mychoccy.com\\\/en\\\/\"},{\"@type\":\"ListItem\",\"position\":2,\"name\":\"Shop\",\"item\":\"https:\\\/\\\/mychoccy.com\\\/en\\\/shop-2\\\/\"},{\"@type\":\"ListItem\",\"position\":3,\"name\":\"12 szemes v\u00e1logat\u00e1s &#8211; cukormentes\"}]},{\"@type\":\"WebSite\",\"@id\":\"https:\\\/\\\/mychoccy.com\\\/en\\\/#website\",\"url\":\"https:\\\/\\\/mychoccy.com\\\/en\\\/\",\"name\":\"MyChoccy\",\"description\":\"Csokol\u00e1d\u00e9 kreat\u00edvan\",\"potentialAction\":[{\"@type\":\"SearchAction\",\"target\":{\"@type\":\"EntryPoint\",\"urlTemplate\":\"https:\\\/\\\/mychoccy.com\\\/en\\\/?s={search_term_string}\"},\"query-input\":{\"@type\":\"PropertyValueSpecification\",\"valueRequired\":true,\"valueName\":\"search_term_string\"}}],\"inLanguage\":\"en-US\"}]}<\/script>\n<!-- \/ Yoast SEO plugin. -->","yoast_head_json":{"title":"12 szemes v\u00e1logat\u00e1s - cukormentes - MyChoccy","description":"A bonbonv\u00e1logat\u00e1st \u00fagy \u00e1ll\u00edtottuk \u00f6ssze, hogy cukorbetegek, inzulinrezisztensek \u00e9s Low Carb, illetve KETO di\u00e9t\u00e1t folytat\u00f3k is fogyaszthatj\u00e1k. Azonban","robots":{"index":"index","follow":"follow","max-snippet":"max-snippet:-1","max-image-preview":"max-image-preview:large","max-video-preview":"max-video-preview:-1"},"canonical":"https:\/\/mychoccy.com\/en\/product\/12-szemes-valogatas-cukormentes\/","og_locale":"en_US","og_type":"article","og_title":"12 szemes v\u00e1logat\u00e1s - cukormentes - MyChoccy","og_description":"A bonbonv\u00e1logat\u00e1st \u00fagy \u00e1ll\u00edtottuk \u00f6ssze, hogy cukorbetegek, inzulinrezisztensek \u00e9s Low Carb, illetve KETO di\u00e9t\u00e1t folytat\u00f3k is fogyaszthatj\u00e1k. Azonban","og_url":"https:\/\/mychoccy.com\/en\/product\/12-szemes-valogatas-cukormentes\/","og_site_name":"MyChoccy","article_modified_time":"2026-03-12T13:09:17+00:00","og_image":[{"width":1200,"height":880,"url":"https:\/\/mychoccy.com\/wp-content\/uploads\/2023\/09\/12-szemes-mentes.jpg","type":"image\/jpeg"}],"twitter_card":"summary_large_image","twitter_misc":{"Est. reading time":"1 minute"},"schema":{"@context":"https:\/\/schema.org","@graph":[{"@type":"WebPage","@id":"https:\/\/mychoccy.com\/en\/product\/12-szemes-valogatas-cukormentes\/","url":"https:\/\/mychoccy.com\/en\/product\/12-szemes-valogatas-cukormentes\/","name":"12 szemes v\u00e1logat\u00e1s - cukormentes - MyChoccy","isPartOf":{"@id":"https:\/\/mychoccy.com\/en\/#website"},"primaryImageOfPage":{"@id":"https:\/\/mychoccy.com\/en\/product\/12-szemes-valogatas-cukormentes\/#primaryimage"},"image":{"@id":"https:\/\/mychoccy.com\/en\/product\/12-szemes-valogatas-cukormentes\/#primaryimage"},"thumbnailUrl":"https:\/\/mychoccy.com\/wp-content\/uploads\/2023\/09\/12-szemes-mentes.jpg","datePublished":"2023-09-25T15:36:55+00:00","dateModified":"2026-03-12T13:09:17+00:00","description":"A bonbonv\u00e1logat\u00e1st \u00fagy \u00e1ll\u00edtottuk \u00f6ssze, hogy cukorbetegek, inzulinrezisztensek \u00e9s Low Carb, illetve KETO di\u00e9t\u00e1t folytat\u00f3k is fogyaszthatj\u00e1k. Azonban","breadcrumb":{"@id":"https:\/\/mychoccy.com\/en\/product\/12-szemes-valogatas-cukormentes\/#breadcrumb"},"inLanguage":"en-US","potentialAction":[{"@type":"ReadAction","target":["https:\/\/mychoccy.com\/en\/product\/12-szemes-valogatas-cukormentes\/"]}]},{"@type":"ImageObject","inLanguage":"en-US","@id":"https:\/\/mychoccy.com\/en\/product\/12-szemes-valogatas-cukormentes\/#primaryimage","url":"https:\/\/mychoccy.com\/wp-content\/uploads\/2023\/09\/12-szemes-mentes.jpg","contentUrl":"https:\/\/mychoccy.com\/wp-content\/uploads\/2023\/09\/12-szemes-mentes.jpg","width":1200,"height":880},{"@type":"BreadcrumbList","@id":"https:\/\/mychoccy.com\/en\/product\/12-szemes-valogatas-cukormentes\/#breadcrumb","itemListElement":[{"@type":"ListItem","position":1,"name":"Home","item":"https:\/\/mychoccy.com\/en\/"},{"@type":"ListItem","position":2,"name":"Shop","item":"https:\/\/mychoccy.com\/en\/shop-2\/"},{"@type":"ListItem","position":3,"name":"12 szemes v\u00e1logat\u00e1s &#8211; cukormentes"}]},{"@type":"WebSite","@id":"https:\/\/mychoccy.com\/en\/#website","url":"https:\/\/mychoccy.com\/en\/","name":"MyChoccy","description":"Csokol\u00e1d\u00e9 kreat\u00edvan","potentialAction":[{"@type":"SearchAction","target":{"@type":"EntryPoint","urlTemplate":"https:\/\/mychoccy.com\/en\/?s={search_term_string}"},"query-input":{"@type":"PropertyValueSpecification","valueRequired":true,"valueName":"search_term_string"}}],"inLanguage":"en-US"}]}},"jetpack_sharing_enabled":true,"_links":{"self":[{"href":"https:\/\/mychoccy.com\/en\/wp-json\/wp\/v2\/product\/16875","targetHints":{"allow":["GET"]}}],"collection":[{"href":"https:\/\/mychoccy.com\/en\/wp-json\/wp\/v2\/product"}],"about":[{"href":"https:\/\/mychoccy.com\/en\/wp-json\/wp\/v2\/types\/product"}],"wp:featuredmedia":[{"embeddable":true,"href":"https:\/\/mychoccy.com\/en\/wp-json\/wp\/v2\/media\/16854"}],"wp:attachment":[{"href":"https:\/\/mychoccy.com\/en\/wp-json\/wp\/v2\/media?parent=16875"}],"wp:term":[{"taxonomy":"product_brand","embeddable":true,"href":"https:\/\/mychoccy.com\/en\/wp-json\/wp\/v2\/product_brand?post=16875"},{"taxonomy":"product_cat","embeddable":true,"href":"https:\/\/mychoccy.com\/en\/wp-json\/wp\/v2\/product_cat?post=16875"},{"taxonomy":"product_tag","embeddable":true,"href":"https:\/\/mychoccy.com\/en\/wp-json\/wp\/v2\/product_tag?post=16875"}],"curies":[{"name":"wp","href":"https:\/\/api.w.org\/{rel}","templated":true}]}}