{"id":16870,"date":"2023-09-25T15:01:31","date_gmt":"2023-09-25T13:01:31","guid":{"rendered":"https:\/\/mychoccy.com\/?post_type=product&#038;p=16870"},"modified":"2026-03-15T15:06:11","modified_gmt":"2026-03-15T14:06:11","slug":"12-szemes-valogatas-noies-2","status":"publish","type":"product","link":"https:\/\/mychoccy.com\/en\/product\/12-szemes-valogatas-noies-2\/","title":{"rendered":"12 szemes v\u00e1logat\u00e1s &#8211; n\u0151ies"},"content":{"rendered":"<p>Klasszikus \u00e9s \u00fajhull\u00e1mos \u00f6ssze\u00e1ll\u00edt\u00e1s, igaz\u00e1n csajos \u00edz- \u00e9s sz\u00ednvil\u00e1gban&#8230;friss gy\u00fcm\u00f6lcs\u00f6s \u00e9s k\u00f6nnyed alkoholos bonbonokkal \u00e9s tr\u00fcffelekkel.<\/p>\n<p>Ahhoz, hogy inform\u00e1ci\u00f3t kapj a v\u00e1logat\u00e1sban szerepl\u0151 csokol\u00e1d\u00e9kr\u00f3l, illetve azok r\u00e9szletes le\u00edr\u00e1sair\u00f3l, kattints a nev\u00fckre az al\u00e1bbi list\u00e1ban.<\/p>\n<p>12 szemes v\u00e1logat\u00e1s:<\/p>\n<ul>\n<li><a href=\"https:\/\/mychoccy.com\/product\/rozsas-eper-bonbon\/\">R\u00f3zs\u00e1s eper bonbon<\/a>,\u00a0<a href=\"https:\/\/mychoccy.com\/product\/kokusz-bonbon\/\">K\u00f3kusz bonbon<\/a>,\u00a0<a href=\"https:\/\/mychoccy.com\/product\/kek-afonya-bonbon\/\">K\u00e9k \u00e1fonya bonbon<\/a>,\u00a0<a href=\"https:\/\/mychoccy.com\/product\/baileys-bonbon\/\">Baileys bonbon<\/a><\/li>\n<li><a href=\"https:\/\/mychoccy.com\/product\/fuge-bonbon\/\">F\u00fcge bonbon<\/a>,\u00a0<a href=\"https:\/\/mychoccy.com\/product\/malna-truffel\/\">M\u00e1lna tr\u00fcffel<\/a>,\u00a0<a href=\"https:\/\/mychoccy.com\/product\/cherry-kardamom-bonbon\/\">Cherry \u2013 kardamom bonbon<\/a>,\u00a0<a href=\"https:\/\/mychoccy.com\/product\/passiogyumolcs-truffel-2\/\">Passi\u00f3gy\u00fcm\u00f6lcs tr\u00fcffel<\/a><\/li>\n<li><a href=\"https:\/\/mychoccy.com\/product\/pezsgos-marcipanos-truffel\/\">Pezsg\u0151s \u2013 marcip\u00e1nos tr\u00fcffel<\/a>,\u00a0<a href=\"https:\/\/mychoccy.com\/product\/othello-bonbon\/\">Othello bonbon<\/a>,\u00a0<a href=\"https:\/\/mychoccy.com\/product\/mandula-truffel\/\">Mandula tr\u00fcffel<\/a>,\u00a0<a href=\"https:\/\/mychoccy.com\/product\/grapefruit-bonbon\/\">Grapefruit bonbon<\/a><\/li>\n<\/ul>\n","protected":false},"excerpt":{"rendered":"<p>Klasszikus \u00e9s \u00fajhull\u00e1mos \u00f6ssze\u00e1ll\u00edt\u00e1s, igaz\u00e1n csajos \u00edz- \u00e9s sz\u00ednvil\u00e1gban&#8230;friss gy\u00fcm\u00f6lcs\u00f6s \u00e9s k\u00f6nnyed alkoholos bonbonokkal \u00e9s tr\u00fcffelekkel. Ahhoz, hogy inform\u00e1ci\u00f3t kapj a v\u00e1logat\u00e1sban szerepl\u0151 csokol\u00e1d\u00e9kr\u00f3l, illetve azok r\u00e9szletes le\u00edr\u00e1sair\u00f3l, kattints a nev\u00fckre az al\u00e1bbi list\u00e1ban. 12 szemes v\u00e1logat\u00e1s: R\u00f3zs\u00e1s eper bonbon,\u00a0K\u00f3kusz [&hellip;]<\/p>\n","protected":false},"featured_media":16855,"template":"","meta":{"inline_featured_image":false},"product_brand":[],"product_cat":[435,247],"product_tag":[314,375,184,179,315,313,299,317,320,300],"class_list":{"0":"post-16870","1":"product","2":"type-product","3":"status-publish","4":"has-post-thumbnail","6":"product_cat-anyak-napja","7":"product_cat-bonbon-valogatasok","8":"product_tag-alkohol","9":"product_tag-citrusfelek","10":"product_tag-etcsokolade","11":"product_tag-feher-csokolade","12":"product_tag-fuszer","13":"product_tag-gyumolcs","14":"product_tag-kulonleges-csokolade","15":"product_tag-marcipan","16":"product_tag-olajos-mag","17":"product_tag-tejcsokolade","19":"first","20":"instock","21":"taxable","22":"shipping-taxable","23":"purchasable","24":"product-type-simple"},"yoast_head":"<!-- This site is optimized with the Yoast SEO plugin v27.5 - https:\/\/yoast.com\/product\/yoast-seo-wordpress\/ -->\n<title>12 szemes v\u00e1logat\u00e1s - n\u0151ies - MyChoccy<\/title>\n<meta name=\"description\" content=\"Klasszikus \u00e9s \u00fajhull\u00e1mos \u00f6ssze\u00e1ll\u00edt\u00e1s, igaz\u00e1n csajos \u00edz- \u00e9s sz\u00ednvil\u00e1gban...friss gy\u00fcm\u00f6lcs\u00f6s \u00e9s k\u00f6nnyed alkoholos bonbonokkal \u00e9s tr\u00fcffelekkel. Ahhoz, hogy\" \/>\n<meta name=\"robots\" content=\"index, follow, max-snippet:-1, max-image-preview:large, max-video-preview:-1\" \/>\n<link rel=\"canonical\" href=\"https:\/\/mychoccy.com\/en\/product\/12-szemes-valogatas-noies-2\/\" \/>\n<meta property=\"og:locale\" content=\"en_US\" \/>\n<meta property=\"og:type\" content=\"article\" \/>\n<meta property=\"og:title\" content=\"12 szemes v\u00e1logat\u00e1s - n\u0151ies - MyChoccy\" \/>\n<meta property=\"og:description\" content=\"Klasszikus \u00e9s \u00fajhull\u00e1mos \u00f6ssze\u00e1ll\u00edt\u00e1s, igaz\u00e1n csajos \u00edz- \u00e9s sz\u00ednvil\u00e1gban...friss gy\u00fcm\u00f6lcs\u00f6s \u00e9s k\u00f6nnyed alkoholos bonbonokkal \u00e9s tr\u00fcffelekkel. Ahhoz, hogy\" \/>\n<meta property=\"og:url\" content=\"https:\/\/mychoccy.com\/en\/product\/12-szemes-valogatas-noies-2\/\" \/>\n<meta property=\"og:site_name\" content=\"MyChoccy\" \/>\n<meta property=\"article:modified_time\" content=\"2026-03-15T14:06:11+00:00\" \/>\n<meta property=\"og:image\" content=\"https:\/\/mychoccy.com\/wp-content\/uploads\/2023\/09\/12-szemes-noies.jpg\" \/>\n\t<meta property=\"og:image:width\" content=\"1200\" \/>\n\t<meta property=\"og:image:height\" content=\"880\" \/>\n\t<meta property=\"og:image:type\" content=\"image\/jpeg\" \/>\n<meta name=\"twitter:card\" content=\"summary_large_image\" \/>\n<meta name=\"twitter:label1\" content=\"Est. reading time\" \/>\n\t<meta name=\"twitter:data1\" content=\"1 minute\" \/>\n<script type=\"application\/ld+json\" class=\"yoast-schema-graph\">{\"@context\":\"https:\\\/\\\/schema.org\",\"@graph\":[{\"@type\":\"WebPage\",\"@id\":\"https:\\\/\\\/mychoccy.com\\\/en\\\/product\\\/12-szemes-valogatas-noies-2\\\/\",\"url\":\"https:\\\/\\\/mychoccy.com\\\/en\\\/product\\\/12-szemes-valogatas-noies-2\\\/\",\"name\":\"12 szemes v\u00e1logat\u00e1s - n\u0151ies - MyChoccy\",\"isPartOf\":{\"@id\":\"https:\\\/\\\/mychoccy.com\\\/en\\\/#website\"},\"primaryImageOfPage\":{\"@id\":\"https:\\\/\\\/mychoccy.com\\\/en\\\/product\\\/12-szemes-valogatas-noies-2\\\/#primaryimage\"},\"image\":{\"@id\":\"https:\\\/\\\/mychoccy.com\\\/en\\\/product\\\/12-szemes-valogatas-noies-2\\\/#primaryimage\"},\"thumbnailUrl\":\"https:\\\/\\\/mychoccy.com\\\/wp-content\\\/uploads\\\/2023\\\/09\\\/12-szemes-noies.jpg\",\"datePublished\":\"2023-09-25T13:01:31+00:00\",\"dateModified\":\"2026-03-15T14:06:11+00:00\",\"description\":\"Klasszikus \u00e9s \u00fajhull\u00e1mos \u00f6ssze\u00e1ll\u00edt\u00e1s, igaz\u00e1n csajos \u00edz- \u00e9s sz\u00ednvil\u00e1gban...friss gy\u00fcm\u00f6lcs\u00f6s \u00e9s k\u00f6nnyed alkoholos bonbonokkal \u00e9s tr\u00fcffelekkel. Ahhoz, hogy\",\"breadcrumb\":{\"@id\":\"https:\\\/\\\/mychoccy.com\\\/en\\\/product\\\/12-szemes-valogatas-noies-2\\\/#breadcrumb\"},\"inLanguage\":\"en-US\",\"potentialAction\":[{\"@type\":\"ReadAction\",\"target\":[\"https:\\\/\\\/mychoccy.com\\\/en\\\/product\\\/12-szemes-valogatas-noies-2\\\/\"]}]},{\"@type\":\"ImageObject\",\"inLanguage\":\"en-US\",\"@id\":\"https:\\\/\\\/mychoccy.com\\\/en\\\/product\\\/12-szemes-valogatas-noies-2\\\/#primaryimage\",\"url\":\"https:\\\/\\\/mychoccy.com\\\/wp-content\\\/uploads\\\/2023\\\/09\\\/12-szemes-noies.jpg\",\"contentUrl\":\"https:\\\/\\\/mychoccy.com\\\/wp-content\\\/uploads\\\/2023\\\/09\\\/12-szemes-noies.jpg\",\"width\":1200,\"height\":880},{\"@type\":\"BreadcrumbList\",\"@id\":\"https:\\\/\\\/mychoccy.com\\\/en\\\/product\\\/12-szemes-valogatas-noies-2\\\/#breadcrumb\",\"itemListElement\":[{\"@type\":\"ListItem\",\"position\":1,\"name\":\"Home\",\"item\":\"https:\\\/\\\/mychoccy.com\\\/en\\\/\"},{\"@type\":\"ListItem\",\"position\":2,\"name\":\"Shop\",\"item\":\"https:\\\/\\\/mychoccy.com\\\/en\\\/shop-2\\\/\"},{\"@type\":\"ListItem\",\"position\":3,\"name\":\"12 szemes v\u00e1logat\u00e1s &#8211; n\u0151ies\"}]},{\"@type\":\"WebSite\",\"@id\":\"https:\\\/\\\/mychoccy.com\\\/en\\\/#website\",\"url\":\"https:\\\/\\\/mychoccy.com\\\/en\\\/\",\"name\":\"MyChoccy\",\"description\":\"Csokol\u00e1d\u00e9 kreat\u00edvan\",\"potentialAction\":[{\"@type\":\"SearchAction\",\"target\":{\"@type\":\"EntryPoint\",\"urlTemplate\":\"https:\\\/\\\/mychoccy.com\\\/en\\\/?s={search_term_string}\"},\"query-input\":{\"@type\":\"PropertyValueSpecification\",\"valueRequired\":true,\"valueName\":\"search_term_string\"}}],\"inLanguage\":\"en-US\"}]}<\/script>\n<!-- \/ Yoast SEO plugin. -->","yoast_head_json":{"title":"12 szemes v\u00e1logat\u00e1s - n\u0151ies - MyChoccy","description":"Klasszikus \u00e9s \u00fajhull\u00e1mos \u00f6ssze\u00e1ll\u00edt\u00e1s, igaz\u00e1n csajos \u00edz- \u00e9s sz\u00ednvil\u00e1gban...friss gy\u00fcm\u00f6lcs\u00f6s \u00e9s k\u00f6nnyed alkoholos bonbonokkal \u00e9s tr\u00fcffelekkel. Ahhoz, hogy","robots":{"index":"index","follow":"follow","max-snippet":"max-snippet:-1","max-image-preview":"max-image-preview:large","max-video-preview":"max-video-preview:-1"},"canonical":"https:\/\/mychoccy.com\/en\/product\/12-szemes-valogatas-noies-2\/","og_locale":"en_US","og_type":"article","og_title":"12 szemes v\u00e1logat\u00e1s - n\u0151ies - MyChoccy","og_description":"Klasszikus \u00e9s \u00fajhull\u00e1mos \u00f6ssze\u00e1ll\u00edt\u00e1s, igaz\u00e1n csajos \u00edz- \u00e9s sz\u00ednvil\u00e1gban...friss gy\u00fcm\u00f6lcs\u00f6s \u00e9s k\u00f6nnyed alkoholos bonbonokkal \u00e9s tr\u00fcffelekkel. Ahhoz, hogy","og_url":"https:\/\/mychoccy.com\/en\/product\/12-szemes-valogatas-noies-2\/","og_site_name":"MyChoccy","article_modified_time":"2026-03-15T14:06:11+00:00","og_image":[{"width":1200,"height":880,"url":"https:\/\/mychoccy.com\/wp-content\/uploads\/2023\/09\/12-szemes-noies.jpg","type":"image\/jpeg"}],"twitter_card":"summary_large_image","twitter_misc":{"Est. reading time":"1 minute"},"schema":{"@context":"https:\/\/schema.org","@graph":[{"@type":"WebPage","@id":"https:\/\/mychoccy.com\/en\/product\/12-szemes-valogatas-noies-2\/","url":"https:\/\/mychoccy.com\/en\/product\/12-szemes-valogatas-noies-2\/","name":"12 szemes v\u00e1logat\u00e1s - n\u0151ies - MyChoccy","isPartOf":{"@id":"https:\/\/mychoccy.com\/en\/#website"},"primaryImageOfPage":{"@id":"https:\/\/mychoccy.com\/en\/product\/12-szemes-valogatas-noies-2\/#primaryimage"},"image":{"@id":"https:\/\/mychoccy.com\/en\/product\/12-szemes-valogatas-noies-2\/#primaryimage"},"thumbnailUrl":"https:\/\/mychoccy.com\/wp-content\/uploads\/2023\/09\/12-szemes-noies.jpg","datePublished":"2023-09-25T13:01:31+00:00","dateModified":"2026-03-15T14:06:11+00:00","description":"Klasszikus \u00e9s \u00fajhull\u00e1mos \u00f6ssze\u00e1ll\u00edt\u00e1s, igaz\u00e1n csajos \u00edz- \u00e9s sz\u00ednvil\u00e1gban...friss gy\u00fcm\u00f6lcs\u00f6s \u00e9s k\u00f6nnyed alkoholos bonbonokkal \u00e9s tr\u00fcffelekkel. Ahhoz, hogy","breadcrumb":{"@id":"https:\/\/mychoccy.com\/en\/product\/12-szemes-valogatas-noies-2\/#breadcrumb"},"inLanguage":"en-US","potentialAction":[{"@type":"ReadAction","target":["https:\/\/mychoccy.com\/en\/product\/12-szemes-valogatas-noies-2\/"]}]},{"@type":"ImageObject","inLanguage":"en-US","@id":"https:\/\/mychoccy.com\/en\/product\/12-szemes-valogatas-noies-2\/#primaryimage","url":"https:\/\/mychoccy.com\/wp-content\/uploads\/2023\/09\/12-szemes-noies.jpg","contentUrl":"https:\/\/mychoccy.com\/wp-content\/uploads\/2023\/09\/12-szemes-noies.jpg","width":1200,"height":880},{"@type":"BreadcrumbList","@id":"https:\/\/mychoccy.com\/en\/product\/12-szemes-valogatas-noies-2\/#breadcrumb","itemListElement":[{"@type":"ListItem","position":1,"name":"Home","item":"https:\/\/mychoccy.com\/en\/"},{"@type":"ListItem","position":2,"name":"Shop","item":"https:\/\/mychoccy.com\/en\/shop-2\/"},{"@type":"ListItem","position":3,"name":"12 szemes v\u00e1logat\u00e1s &#8211; n\u0151ies"}]},{"@type":"WebSite","@id":"https:\/\/mychoccy.com\/en\/#website","url":"https:\/\/mychoccy.com\/en\/","name":"MyChoccy","description":"Csokol\u00e1d\u00e9 kreat\u00edvan","potentialAction":[{"@type":"SearchAction","target":{"@type":"EntryPoint","urlTemplate":"https:\/\/mychoccy.com\/en\/?s={search_term_string}"},"query-input":{"@type":"PropertyValueSpecification","valueRequired":true,"valueName":"search_term_string"}}],"inLanguage":"en-US"}]}},"jetpack_sharing_enabled":true,"_links":{"self":[{"href":"https:\/\/mychoccy.com\/en\/wp-json\/wp\/v2\/product\/16870","targetHints":{"allow":["GET"]}}],"collection":[{"href":"https:\/\/mychoccy.com\/en\/wp-json\/wp\/v2\/product"}],"about":[{"href":"https:\/\/mychoccy.com\/en\/wp-json\/wp\/v2\/types\/product"}],"wp:featuredmedia":[{"embeddable":true,"href":"https:\/\/mychoccy.com\/en\/wp-json\/wp\/v2\/media\/16855"}],"wp:attachment":[{"href":"https:\/\/mychoccy.com\/en\/wp-json\/wp\/v2\/media?parent=16870"}],"wp:term":[{"taxonomy":"product_brand","embeddable":true,"href":"https:\/\/mychoccy.com\/en\/wp-json\/wp\/v2\/product_brand?post=16870"},{"taxonomy":"product_cat","embeddable":true,"href":"https:\/\/mychoccy.com\/en\/wp-json\/wp\/v2\/product_cat?post=16870"},{"taxonomy":"product_tag","embeddable":true,"href":"https:\/\/mychoccy.com\/en\/wp-json\/wp\/v2\/product_tag?post=16870"}],"curies":[{"name":"wp","href":"https:\/\/api.w.org\/{rel}","templated":true}]}}