{"id":16857,"date":"2023-09-24T20:29:29","date_gmt":"2023-09-24T18:29:29","guid":{"rendered":"https:\/\/mychoccy.com\/?post_type=product&#038;p=16857"},"modified":"2026-03-15T15:17:27","modified_gmt":"2026-03-15T14:17:27","slug":"6-szemes-valogatas-kulonleges-2","status":"publish","type":"product","link":"https:\/\/mychoccy.com\/en\/product\/6-szemes-valogatas-kulonleges-2\/","title":{"rendered":"6 szemes v\u00e1logat\u00e1s &#8211; k\u00fcl\u00f6nleges"},"content":{"rendered":"<p>T\u00f6k\u00e9letes v\u00e1laszt\u00e1s azoknak, akik rajonganak a f\u0171szeres, cs\u00edp\u0151s, k\u00fcl\u00f6nleges \u00e9s megh\u00f6kkent\u0151 \u00edzvari\u00e1ci\u00f3k\u00e9rt.<\/p>\n<p>Ahhoz, hogy inform\u00e1ci\u00f3t kapj a v\u00e1logat\u00e1sban szerepl\u0151 csokol\u00e1d\u00e9kr\u00f3l, illetve azok r\u00e9szletes le\u00edr\u00e1sair\u00f3l, kattints a nev\u00fckre az al\u00e1bbi list\u00e1ban.<\/p>\n<p>6 szemes v\u00e1logat\u00e1s:<\/p>\n<ul>\n<li><a href=\"https:\/\/mychoccy.com\/product\/sarkany-szeme-bonbon\/\">S\u00e1rk\u00e1ny szeme bonbon<\/a>,\u00a0<a href=\"https:\/\/mychoccy.com\/product\/sos-karamell-narancs-bonbon\/\">S\u00f3s karamell \u2013 narancs bonbon<\/a>,\u00a0<a href=\"https:\/\/mychoccy.com\/product\/cherry-kardamom-bonbon\/\">Cherry \u2013 kardamom bonbon<\/a><\/li>\n<li><a href=\"https:\/\/mychoccy.com\/product\/venusz-csokja-bonbon\/\">V\u00e9nusz cs\u00f3kja bonbon<\/a>,\u00a0<a href=\"https:\/\/mychoccy.com\/product\/rozsaborsos-balzsamecetes-bonbon\/\">R\u00f3zsaborsos \u2013 balzsamecetes bonbon<\/a>,\u00a0<a href=\"https:\/\/mychoccy.com\/product\/ananasz-bonbon\/\">Anan\u00e1sz bonbon<\/a><\/li>\n<\/ul>\n","protected":false},"excerpt":{"rendered":"<p>T\u00f6k\u00e9letes v\u00e1laszt\u00e1s azoknak, akik rajonganak a f\u0171szeres, cs\u00edp\u0151s, k\u00fcl\u00f6nleges \u00e9s megh\u00f6kkent\u0151 \u00edzvari\u00e1ci\u00f3k\u00e9rt. Ahhoz, hogy inform\u00e1ci\u00f3t kapj a v\u00e1logat\u00e1sban szerepl\u0151 csokol\u00e1d\u00e9kr\u00f3l, illetve azok r\u00e9szletes le\u00edr\u00e1sair\u00f3l, kattints a nev\u00fckre az al\u00e1bbi list\u00e1ban. 6 szemes v\u00e1logat\u00e1s: S\u00e1rk\u00e1ny szeme bonbon,\u00a0S\u00f3s karamell \u2013 narancs bonbon,\u00a0Cherry [&hellip;]<\/p>\n","protected":false},"featured_media":16841,"template":"","meta":{"inline_featured_image":false},"product_brand":[],"product_cat":[247],"product_tag":[314,184,179,315,313,319,317],"class_list":{"0":"post-16857","1":"product","2":"type-product","3":"status-publish","4":"has-post-thumbnail","6":"product_cat-bonbon-valogatasok","7":"product_tag-alkohol","8":"product_tag-etcsokolade","9":"product_tag-feher-csokolade","10":"product_tag-fuszer","11":"product_tag-gyumolcs","12":"product_tag-karamell","13":"product_tag-marcipan","15":"first","16":"instock","17":"taxable","18":"shipping-taxable","19":"purchasable","20":"product-type-simple"},"yoast_head":"<!-- This site is optimized with the Yoast SEO plugin v27.4 - https:\/\/yoast.com\/product\/yoast-seo-wordpress\/ -->\n<title>6 szemes v\u00e1logat\u00e1s - k\u00fcl\u00f6nleges - MyChoccy<\/title>\n<meta name=\"description\" content=\"T\u00f6k\u00e9letes v\u00e1laszt\u00e1s azoknak, akik rajonganak a f\u0171szeres, cs\u00edp\u0151s, k\u00fcl\u00f6nleges \u00e9s megh\u00f6kkent\u0151 \u00edzvari\u00e1ci\u00f3k\u00e9rt. Ahhoz, hogy inform\u00e1ci\u00f3t kapj a v\u00e1logat\u00e1sban\" \/>\n<meta name=\"robots\" content=\"index, follow, max-snippet:-1, max-image-preview:large, max-video-preview:-1\" \/>\n<link rel=\"canonical\" href=\"https:\/\/mychoccy.com\/en\/product\/6-szemes-valogatas-kulonleges-2\/\" \/>\n<meta property=\"og:locale\" content=\"en_US\" \/>\n<meta property=\"og:type\" content=\"article\" \/>\n<meta property=\"og:title\" content=\"6 szemes v\u00e1logat\u00e1s - k\u00fcl\u00f6nleges - MyChoccy\" \/>\n<meta property=\"og:description\" content=\"T\u00f6k\u00e9letes v\u00e1laszt\u00e1s azoknak, akik rajonganak a f\u0171szeres, cs\u00edp\u0151s, k\u00fcl\u00f6nleges \u00e9s megh\u00f6kkent\u0151 \u00edzvari\u00e1ci\u00f3k\u00e9rt. Ahhoz, hogy inform\u00e1ci\u00f3t kapj a v\u00e1logat\u00e1sban\" \/>\n<meta property=\"og:url\" content=\"https:\/\/mychoccy.com\/en\/product\/6-szemes-valogatas-kulonleges-2\/\" \/>\n<meta property=\"og:site_name\" content=\"MyChoccy\" \/>\n<meta property=\"article:modified_time\" content=\"2026-03-15T14:17:27+00:00\" \/>\n<meta property=\"og:image\" content=\"https:\/\/mychoccy.com\/wp-content\/uploads\/2023\/09\/6-szemes-kulonleges.jpg\" \/>\n\t<meta property=\"og:image:width\" content=\"1200\" \/>\n\t<meta property=\"og:image:height\" content=\"880\" \/>\n\t<meta property=\"og:image:type\" content=\"image\/jpeg\" \/>\n<meta name=\"twitter:card\" content=\"summary_large_image\" \/>\n<meta name=\"twitter:label1\" content=\"Est. reading time\" \/>\n\t<meta name=\"twitter:data1\" content=\"1 minute\" \/>\n<script type=\"application\/ld+json\" class=\"yoast-schema-graph\">{\"@context\":\"https:\\\/\\\/schema.org\",\"@graph\":[{\"@type\":\"WebPage\",\"@id\":\"https:\\\/\\\/mychoccy.com\\\/en\\\/product\\\/6-szemes-valogatas-kulonleges-2\\\/\",\"url\":\"https:\\\/\\\/mychoccy.com\\\/en\\\/product\\\/6-szemes-valogatas-kulonleges-2\\\/\",\"name\":\"6 szemes v\u00e1logat\u00e1s - k\u00fcl\u00f6nleges - MyChoccy\",\"isPartOf\":{\"@id\":\"https:\\\/\\\/mychoccy.com\\\/en\\\/#website\"},\"primaryImageOfPage\":{\"@id\":\"https:\\\/\\\/mychoccy.com\\\/en\\\/product\\\/6-szemes-valogatas-kulonleges-2\\\/#primaryimage\"},\"image\":{\"@id\":\"https:\\\/\\\/mychoccy.com\\\/en\\\/product\\\/6-szemes-valogatas-kulonleges-2\\\/#primaryimage\"},\"thumbnailUrl\":\"https:\\\/\\\/mychoccy.com\\\/wp-content\\\/uploads\\\/2023\\\/09\\\/6-szemes-kulonleges.jpg\",\"datePublished\":\"2023-09-24T18:29:29+00:00\",\"dateModified\":\"2026-03-15T14:17:27+00:00\",\"description\":\"T\u00f6k\u00e9letes v\u00e1laszt\u00e1s azoknak, akik rajonganak a f\u0171szeres, cs\u00edp\u0151s, k\u00fcl\u00f6nleges \u00e9s megh\u00f6kkent\u0151 \u00edzvari\u00e1ci\u00f3k\u00e9rt. Ahhoz, hogy inform\u00e1ci\u00f3t kapj a v\u00e1logat\u00e1sban\",\"breadcrumb\":{\"@id\":\"https:\\\/\\\/mychoccy.com\\\/en\\\/product\\\/6-szemes-valogatas-kulonleges-2\\\/#breadcrumb\"},\"inLanguage\":\"en-US\",\"potentialAction\":[{\"@type\":\"ReadAction\",\"target\":[\"https:\\\/\\\/mychoccy.com\\\/en\\\/product\\\/6-szemes-valogatas-kulonleges-2\\\/\"]}]},{\"@type\":\"ImageObject\",\"inLanguage\":\"en-US\",\"@id\":\"https:\\\/\\\/mychoccy.com\\\/en\\\/product\\\/6-szemes-valogatas-kulonleges-2\\\/#primaryimage\",\"url\":\"https:\\\/\\\/mychoccy.com\\\/wp-content\\\/uploads\\\/2023\\\/09\\\/6-szemes-kulonleges.jpg\",\"contentUrl\":\"https:\\\/\\\/mychoccy.com\\\/wp-content\\\/uploads\\\/2023\\\/09\\\/6-szemes-kulonleges.jpg\",\"width\":1200,\"height\":880},{\"@type\":\"BreadcrumbList\",\"@id\":\"https:\\\/\\\/mychoccy.com\\\/en\\\/product\\\/6-szemes-valogatas-kulonleges-2\\\/#breadcrumb\",\"itemListElement\":[{\"@type\":\"ListItem\",\"position\":1,\"name\":\"Home\",\"item\":\"https:\\\/\\\/mychoccy.com\\\/en\\\/\"},{\"@type\":\"ListItem\",\"position\":2,\"name\":\"Shop\",\"item\":\"https:\\\/\\\/mychoccy.com\\\/en\\\/shop-2\\\/\"},{\"@type\":\"ListItem\",\"position\":3,\"name\":\"6 szemes v\u00e1logat\u00e1s &#8211; k\u00fcl\u00f6nleges\"}]},{\"@type\":\"WebSite\",\"@id\":\"https:\\\/\\\/mychoccy.com\\\/en\\\/#website\",\"url\":\"https:\\\/\\\/mychoccy.com\\\/en\\\/\",\"name\":\"MyChoccy\",\"description\":\"Csokol\u00e1d\u00e9 kreat\u00edvan\",\"potentialAction\":[{\"@type\":\"SearchAction\",\"target\":{\"@type\":\"EntryPoint\",\"urlTemplate\":\"https:\\\/\\\/mychoccy.com\\\/en\\\/?s={search_term_string}\"},\"query-input\":{\"@type\":\"PropertyValueSpecification\",\"valueRequired\":true,\"valueName\":\"search_term_string\"}}],\"inLanguage\":\"en-US\"}]}<\/script>\n<!-- \/ Yoast SEO plugin. -->","yoast_head_json":{"title":"6 szemes v\u00e1logat\u00e1s - k\u00fcl\u00f6nleges - MyChoccy","description":"T\u00f6k\u00e9letes v\u00e1laszt\u00e1s azoknak, akik rajonganak a f\u0171szeres, cs\u00edp\u0151s, k\u00fcl\u00f6nleges \u00e9s megh\u00f6kkent\u0151 \u00edzvari\u00e1ci\u00f3k\u00e9rt. Ahhoz, hogy inform\u00e1ci\u00f3t kapj a v\u00e1logat\u00e1sban","robots":{"index":"index","follow":"follow","max-snippet":"max-snippet:-1","max-image-preview":"max-image-preview:large","max-video-preview":"max-video-preview:-1"},"canonical":"https:\/\/mychoccy.com\/en\/product\/6-szemes-valogatas-kulonleges-2\/","og_locale":"en_US","og_type":"article","og_title":"6 szemes v\u00e1logat\u00e1s - k\u00fcl\u00f6nleges - MyChoccy","og_description":"T\u00f6k\u00e9letes v\u00e1laszt\u00e1s azoknak, akik rajonganak a f\u0171szeres, cs\u00edp\u0151s, k\u00fcl\u00f6nleges \u00e9s megh\u00f6kkent\u0151 \u00edzvari\u00e1ci\u00f3k\u00e9rt. Ahhoz, hogy inform\u00e1ci\u00f3t kapj a v\u00e1logat\u00e1sban","og_url":"https:\/\/mychoccy.com\/en\/product\/6-szemes-valogatas-kulonleges-2\/","og_site_name":"MyChoccy","article_modified_time":"2026-03-15T14:17:27+00:00","og_image":[{"width":1200,"height":880,"url":"https:\/\/mychoccy.com\/wp-content\/uploads\/2023\/09\/6-szemes-kulonleges.jpg","type":"image\/jpeg"}],"twitter_card":"summary_large_image","twitter_misc":{"Est. reading time":"1 minute"},"schema":{"@context":"https:\/\/schema.org","@graph":[{"@type":"WebPage","@id":"https:\/\/mychoccy.com\/en\/product\/6-szemes-valogatas-kulonleges-2\/","url":"https:\/\/mychoccy.com\/en\/product\/6-szemes-valogatas-kulonleges-2\/","name":"6 szemes v\u00e1logat\u00e1s - k\u00fcl\u00f6nleges - MyChoccy","isPartOf":{"@id":"https:\/\/mychoccy.com\/en\/#website"},"primaryImageOfPage":{"@id":"https:\/\/mychoccy.com\/en\/product\/6-szemes-valogatas-kulonleges-2\/#primaryimage"},"image":{"@id":"https:\/\/mychoccy.com\/en\/product\/6-szemes-valogatas-kulonleges-2\/#primaryimage"},"thumbnailUrl":"https:\/\/mychoccy.com\/wp-content\/uploads\/2023\/09\/6-szemes-kulonleges.jpg","datePublished":"2023-09-24T18:29:29+00:00","dateModified":"2026-03-15T14:17:27+00:00","description":"T\u00f6k\u00e9letes v\u00e1laszt\u00e1s azoknak, akik rajonganak a f\u0171szeres, cs\u00edp\u0151s, k\u00fcl\u00f6nleges \u00e9s megh\u00f6kkent\u0151 \u00edzvari\u00e1ci\u00f3k\u00e9rt. Ahhoz, hogy inform\u00e1ci\u00f3t kapj a v\u00e1logat\u00e1sban","breadcrumb":{"@id":"https:\/\/mychoccy.com\/en\/product\/6-szemes-valogatas-kulonleges-2\/#breadcrumb"},"inLanguage":"en-US","potentialAction":[{"@type":"ReadAction","target":["https:\/\/mychoccy.com\/en\/product\/6-szemes-valogatas-kulonleges-2\/"]}]},{"@type":"ImageObject","inLanguage":"en-US","@id":"https:\/\/mychoccy.com\/en\/product\/6-szemes-valogatas-kulonleges-2\/#primaryimage","url":"https:\/\/mychoccy.com\/wp-content\/uploads\/2023\/09\/6-szemes-kulonleges.jpg","contentUrl":"https:\/\/mychoccy.com\/wp-content\/uploads\/2023\/09\/6-szemes-kulonleges.jpg","width":1200,"height":880},{"@type":"BreadcrumbList","@id":"https:\/\/mychoccy.com\/en\/product\/6-szemes-valogatas-kulonleges-2\/#breadcrumb","itemListElement":[{"@type":"ListItem","position":1,"name":"Home","item":"https:\/\/mychoccy.com\/en\/"},{"@type":"ListItem","position":2,"name":"Shop","item":"https:\/\/mychoccy.com\/en\/shop-2\/"},{"@type":"ListItem","position":3,"name":"6 szemes v\u00e1logat\u00e1s &#8211; k\u00fcl\u00f6nleges"}]},{"@type":"WebSite","@id":"https:\/\/mychoccy.com\/en\/#website","url":"https:\/\/mychoccy.com\/en\/","name":"MyChoccy","description":"Csokol\u00e1d\u00e9 kreat\u00edvan","potentialAction":[{"@type":"SearchAction","target":{"@type":"EntryPoint","urlTemplate":"https:\/\/mychoccy.com\/en\/?s={search_term_string}"},"query-input":{"@type":"PropertyValueSpecification","valueRequired":true,"valueName":"search_term_string"}}],"inLanguage":"en-US"}]}},"jetpack_sharing_enabled":true,"_links":{"self":[{"href":"https:\/\/mychoccy.com\/en\/wp-json\/wp\/v2\/product\/16857","targetHints":{"allow":["GET"]}}],"collection":[{"href":"https:\/\/mychoccy.com\/en\/wp-json\/wp\/v2\/product"}],"about":[{"href":"https:\/\/mychoccy.com\/en\/wp-json\/wp\/v2\/types\/product"}],"wp:featuredmedia":[{"embeddable":true,"href":"https:\/\/mychoccy.com\/en\/wp-json\/wp\/v2\/media\/16841"}],"wp:attachment":[{"href":"https:\/\/mychoccy.com\/en\/wp-json\/wp\/v2\/media?parent=16857"}],"wp:term":[{"taxonomy":"product_brand","embeddable":true,"href":"https:\/\/mychoccy.com\/en\/wp-json\/wp\/v2\/product_brand?post=16857"},{"taxonomy":"product_cat","embeddable":true,"href":"https:\/\/mychoccy.com\/en\/wp-json\/wp\/v2\/product_cat?post=16857"},{"taxonomy":"product_tag","embeddable":true,"href":"https:\/\/mychoccy.com\/en\/wp-json\/wp\/v2\/product_tag?post=16857"}],"curies":[{"name":"wp","href":"https:\/\/api.w.org\/{rel}","templated":true}]}}