{"id":16833,"date":"2023-09-24T19:43:45","date_gmt":"2023-09-24T17:43:45","guid":{"rendered":"https:\/\/mychoccy.com\/?post_type=product&#038;p=16833"},"modified":"2026-03-15T15:18:16","modified_gmt":"2026-03-15T14:18:16","slug":"4-szemes-valogatas-ferfias-3","status":"publish","type":"product","link":"https:\/\/mychoccy.com\/en\/product\/4-szemes-valogatas-ferfias-3\/","title":{"rendered":"4 szemes v\u00e1logat\u00e1s &#8211; f\u00e9rfias"},"content":{"rendered":"<p>K\u00fcl\u00f6nleges v\u00e1logat\u00e1s. A dobozban els\u0151sorban a f\u00e9rfiak kedvelt bonbonjait, tr\u00fcffeleit helyezt\u00fck el.<\/p>\n<p>Ahhoz, hogy inform\u00e1ci\u00f3t kapj a v\u00e1logat\u00e1sban szerepl\u0151 csokol\u00e1d\u00e9kr\u00f3l, illetve azok r\u00e9szletes le\u00edr\u00e1sair\u00f3l, kattints a nev\u00fckre az al\u00e1bbi list\u00e1ban.<\/p>\n<p>4 szemes v\u00e1logat\u00e1s:<\/p>\n<p><a href=\"https:\/\/mychoccy.com\/product\/chili-bonbon\/\">Chili bonbon<\/a>,\u00a0<a href=\"https:\/\/mychoccy.com\/product\/fekete-cseresznye-bonbon\/\">Fekete cseresznye bonbon<\/a>,\u00a0<a href=\"https:\/\/mychoccy.com\/product\/tojaslikor-bonbon\/\">Toj\u00e1slik\u0151r bonbon<\/a>,\u00a0<a href=\"https:\/\/mychoccy.com\/product\/oszibarack-maracuja-bonbon\/\">\u0150szibarack \u2013 maracuja bonbon<\/a><\/p>\n","protected":false},"excerpt":{"rendered":"<p>K\u00fcl\u00f6nleges v\u00e1logat\u00e1s. A dobozban els\u0151sorban a f\u00e9rfiak kedvelt bonbonjait, tr\u00fcffeleit helyezt\u00fck el. Ahhoz, hogy inform\u00e1ci\u00f3t kapj a v\u00e1logat\u00e1sban szerepl\u0151 csokol\u00e1d\u00e9kr\u00f3l, illetve azok r\u00e9szletes le\u00edr\u00e1sair\u00f3l, kattints a nev\u00fckre az al\u00e1bbi list\u00e1ban. 4 szemes v\u00e1logat\u00e1s: Chili bonbon,\u00a0Fekete cseresznye bonbon,\u00a0Toj\u00e1slik\u0151r bonbon,\u00a0\u0150szibarack \u2013 maracuja [&hellip;]<\/p>\n","protected":false},"featured_media":16823,"template":"","meta":{"inline_featured_image":false},"product_brand":[],"product_cat":[247],"product_tag":[314,184,179,315,313],"class_list":{"0":"post-16833","1":"product","2":"type-product","3":"status-publish","4":"has-post-thumbnail","6":"product_cat-bonbon-valogatasok","7":"product_tag-alkohol","8":"product_tag-etcsokolade","9":"product_tag-feher-csokolade","10":"product_tag-fuszer","11":"product_tag-gyumolcs","13":"first","14":"instock","15":"taxable","16":"shipping-taxable","17":"purchasable","18":"product-type-simple"},"yoast_head":"<!-- This site is optimized with the Yoast SEO plugin v27.4 - https:\/\/yoast.com\/product\/yoast-seo-wordpress\/ -->\n<title>4 szemes v\u00e1logat\u00e1s - f\u00e9rfias - MyChoccy<\/title>\n<meta name=\"description\" content=\"K\u00fcl\u00f6nleges v\u00e1logat\u00e1s. A dobozban els\u0151sorban a f\u00e9rfiak kedvelt bonbonjait, tr\u00fcffeleit helyezt\u00fck el. Ahhoz, hogy inform\u00e1ci\u00f3t kapj a v\u00e1logat\u00e1sban szerepl\u0151\" \/>\n<meta name=\"robots\" content=\"index, follow, max-snippet:-1, max-image-preview:large, max-video-preview:-1\" \/>\n<link rel=\"canonical\" href=\"https:\/\/mychoccy.com\/en\/product\/4-szemes-valogatas-ferfias-3\/\" \/>\n<meta property=\"og:locale\" content=\"en_US\" \/>\n<meta property=\"og:type\" content=\"article\" \/>\n<meta property=\"og:title\" content=\"4 szemes v\u00e1logat\u00e1s - f\u00e9rfias - MyChoccy\" \/>\n<meta property=\"og:description\" content=\"K\u00fcl\u00f6nleges v\u00e1logat\u00e1s. A dobozban els\u0151sorban a f\u00e9rfiak kedvelt bonbonjait, tr\u00fcffeleit helyezt\u00fck el. Ahhoz, hogy inform\u00e1ci\u00f3t kapj a v\u00e1logat\u00e1sban szerepl\u0151\" \/>\n<meta property=\"og:url\" content=\"https:\/\/mychoccy.com\/en\/product\/4-szemes-valogatas-ferfias-3\/\" \/>\n<meta property=\"og:site_name\" content=\"MyChoccy\" \/>\n<meta property=\"article:modified_time\" content=\"2026-03-15T14:18:16+00:00\" \/>\n<meta property=\"og:image\" content=\"https:\/\/mychoccy.com\/wp-content\/uploads\/2023\/09\/4-szemes-ferfias.jpg\" \/>\n\t<meta property=\"og:image:width\" content=\"1200\" \/>\n\t<meta property=\"og:image:height\" content=\"880\" \/>\n\t<meta property=\"og:image:type\" content=\"image\/jpeg\" \/>\n<meta name=\"twitter:card\" content=\"summary_large_image\" \/>\n<meta name=\"twitter:label1\" content=\"Est. reading time\" \/>\n\t<meta name=\"twitter:data1\" content=\"1 minute\" \/>\n<script type=\"application\/ld+json\" class=\"yoast-schema-graph\">{\"@context\":\"https:\\\/\\\/schema.org\",\"@graph\":[{\"@type\":\"WebPage\",\"@id\":\"https:\\\/\\\/mychoccy.com\\\/en\\\/product\\\/4-szemes-valogatas-ferfias-3\\\/\",\"url\":\"https:\\\/\\\/mychoccy.com\\\/en\\\/product\\\/4-szemes-valogatas-ferfias-3\\\/\",\"name\":\"4 szemes v\u00e1logat\u00e1s - f\u00e9rfias - MyChoccy\",\"isPartOf\":{\"@id\":\"https:\\\/\\\/mychoccy.com\\\/en\\\/#website\"},\"primaryImageOfPage\":{\"@id\":\"https:\\\/\\\/mychoccy.com\\\/en\\\/product\\\/4-szemes-valogatas-ferfias-3\\\/#primaryimage\"},\"image\":{\"@id\":\"https:\\\/\\\/mychoccy.com\\\/en\\\/product\\\/4-szemes-valogatas-ferfias-3\\\/#primaryimage\"},\"thumbnailUrl\":\"https:\\\/\\\/mychoccy.com\\\/wp-content\\\/uploads\\\/2023\\\/09\\\/4-szemes-ferfias.jpg\",\"datePublished\":\"2023-09-24T17:43:45+00:00\",\"dateModified\":\"2026-03-15T14:18:16+00:00\",\"description\":\"K\u00fcl\u00f6nleges v\u00e1logat\u00e1s. A dobozban els\u0151sorban a f\u00e9rfiak kedvelt bonbonjait, tr\u00fcffeleit helyezt\u00fck el. Ahhoz, hogy inform\u00e1ci\u00f3t kapj a v\u00e1logat\u00e1sban szerepl\u0151\",\"breadcrumb\":{\"@id\":\"https:\\\/\\\/mychoccy.com\\\/en\\\/product\\\/4-szemes-valogatas-ferfias-3\\\/#breadcrumb\"},\"inLanguage\":\"en-US\",\"potentialAction\":[{\"@type\":\"ReadAction\",\"target\":[\"https:\\\/\\\/mychoccy.com\\\/en\\\/product\\\/4-szemes-valogatas-ferfias-3\\\/\"]}]},{\"@type\":\"ImageObject\",\"inLanguage\":\"en-US\",\"@id\":\"https:\\\/\\\/mychoccy.com\\\/en\\\/product\\\/4-szemes-valogatas-ferfias-3\\\/#primaryimage\",\"url\":\"https:\\\/\\\/mychoccy.com\\\/wp-content\\\/uploads\\\/2023\\\/09\\\/4-szemes-ferfias.jpg\",\"contentUrl\":\"https:\\\/\\\/mychoccy.com\\\/wp-content\\\/uploads\\\/2023\\\/09\\\/4-szemes-ferfias.jpg\",\"width\":1200,\"height\":880},{\"@type\":\"BreadcrumbList\",\"@id\":\"https:\\\/\\\/mychoccy.com\\\/en\\\/product\\\/4-szemes-valogatas-ferfias-3\\\/#breadcrumb\",\"itemListElement\":[{\"@type\":\"ListItem\",\"position\":1,\"name\":\"Home\",\"item\":\"https:\\\/\\\/mychoccy.com\\\/en\\\/\"},{\"@type\":\"ListItem\",\"position\":2,\"name\":\"Shop\",\"item\":\"https:\\\/\\\/mychoccy.com\\\/en\\\/shop-2\\\/\"},{\"@type\":\"ListItem\",\"position\":3,\"name\":\"4 szemes v\u00e1logat\u00e1s &#8211; f\u00e9rfias\"}]},{\"@type\":\"WebSite\",\"@id\":\"https:\\\/\\\/mychoccy.com\\\/en\\\/#website\",\"url\":\"https:\\\/\\\/mychoccy.com\\\/en\\\/\",\"name\":\"MyChoccy\",\"description\":\"Csokol\u00e1d\u00e9 kreat\u00edvan\",\"potentialAction\":[{\"@type\":\"SearchAction\",\"target\":{\"@type\":\"EntryPoint\",\"urlTemplate\":\"https:\\\/\\\/mychoccy.com\\\/en\\\/?s={search_term_string}\"},\"query-input\":{\"@type\":\"PropertyValueSpecification\",\"valueRequired\":true,\"valueName\":\"search_term_string\"}}],\"inLanguage\":\"en-US\"}]}<\/script>\n<!-- \/ Yoast SEO plugin. -->","yoast_head_json":{"title":"4 szemes v\u00e1logat\u00e1s - f\u00e9rfias - MyChoccy","description":"K\u00fcl\u00f6nleges v\u00e1logat\u00e1s. A dobozban els\u0151sorban a f\u00e9rfiak kedvelt bonbonjait, tr\u00fcffeleit helyezt\u00fck el. Ahhoz, hogy inform\u00e1ci\u00f3t kapj a v\u00e1logat\u00e1sban szerepl\u0151","robots":{"index":"index","follow":"follow","max-snippet":"max-snippet:-1","max-image-preview":"max-image-preview:large","max-video-preview":"max-video-preview:-1"},"canonical":"https:\/\/mychoccy.com\/en\/product\/4-szemes-valogatas-ferfias-3\/","og_locale":"en_US","og_type":"article","og_title":"4 szemes v\u00e1logat\u00e1s - f\u00e9rfias - MyChoccy","og_description":"K\u00fcl\u00f6nleges v\u00e1logat\u00e1s. A dobozban els\u0151sorban a f\u00e9rfiak kedvelt bonbonjait, tr\u00fcffeleit helyezt\u00fck el. Ahhoz, hogy inform\u00e1ci\u00f3t kapj a v\u00e1logat\u00e1sban szerepl\u0151","og_url":"https:\/\/mychoccy.com\/en\/product\/4-szemes-valogatas-ferfias-3\/","og_site_name":"MyChoccy","article_modified_time":"2026-03-15T14:18:16+00:00","og_image":[{"width":1200,"height":880,"url":"https:\/\/mychoccy.com\/wp-content\/uploads\/2023\/09\/4-szemes-ferfias.jpg","type":"image\/jpeg"}],"twitter_card":"summary_large_image","twitter_misc":{"Est. reading time":"1 minute"},"schema":{"@context":"https:\/\/schema.org","@graph":[{"@type":"WebPage","@id":"https:\/\/mychoccy.com\/en\/product\/4-szemes-valogatas-ferfias-3\/","url":"https:\/\/mychoccy.com\/en\/product\/4-szemes-valogatas-ferfias-3\/","name":"4 szemes v\u00e1logat\u00e1s - f\u00e9rfias - MyChoccy","isPartOf":{"@id":"https:\/\/mychoccy.com\/en\/#website"},"primaryImageOfPage":{"@id":"https:\/\/mychoccy.com\/en\/product\/4-szemes-valogatas-ferfias-3\/#primaryimage"},"image":{"@id":"https:\/\/mychoccy.com\/en\/product\/4-szemes-valogatas-ferfias-3\/#primaryimage"},"thumbnailUrl":"https:\/\/mychoccy.com\/wp-content\/uploads\/2023\/09\/4-szemes-ferfias.jpg","datePublished":"2023-09-24T17:43:45+00:00","dateModified":"2026-03-15T14:18:16+00:00","description":"K\u00fcl\u00f6nleges v\u00e1logat\u00e1s. A dobozban els\u0151sorban a f\u00e9rfiak kedvelt bonbonjait, tr\u00fcffeleit helyezt\u00fck el. Ahhoz, hogy inform\u00e1ci\u00f3t kapj a v\u00e1logat\u00e1sban szerepl\u0151","breadcrumb":{"@id":"https:\/\/mychoccy.com\/en\/product\/4-szemes-valogatas-ferfias-3\/#breadcrumb"},"inLanguage":"en-US","potentialAction":[{"@type":"ReadAction","target":["https:\/\/mychoccy.com\/en\/product\/4-szemes-valogatas-ferfias-3\/"]}]},{"@type":"ImageObject","inLanguage":"en-US","@id":"https:\/\/mychoccy.com\/en\/product\/4-szemes-valogatas-ferfias-3\/#primaryimage","url":"https:\/\/mychoccy.com\/wp-content\/uploads\/2023\/09\/4-szemes-ferfias.jpg","contentUrl":"https:\/\/mychoccy.com\/wp-content\/uploads\/2023\/09\/4-szemes-ferfias.jpg","width":1200,"height":880},{"@type":"BreadcrumbList","@id":"https:\/\/mychoccy.com\/en\/product\/4-szemes-valogatas-ferfias-3\/#breadcrumb","itemListElement":[{"@type":"ListItem","position":1,"name":"Home","item":"https:\/\/mychoccy.com\/en\/"},{"@type":"ListItem","position":2,"name":"Shop","item":"https:\/\/mychoccy.com\/en\/shop-2\/"},{"@type":"ListItem","position":3,"name":"4 szemes v\u00e1logat\u00e1s &#8211; f\u00e9rfias"}]},{"@type":"WebSite","@id":"https:\/\/mychoccy.com\/en\/#website","url":"https:\/\/mychoccy.com\/en\/","name":"MyChoccy","description":"Csokol\u00e1d\u00e9 kreat\u00edvan","potentialAction":[{"@type":"SearchAction","target":{"@type":"EntryPoint","urlTemplate":"https:\/\/mychoccy.com\/en\/?s={search_term_string}"},"query-input":{"@type":"PropertyValueSpecification","valueRequired":true,"valueName":"search_term_string"}}],"inLanguage":"en-US"}]}},"jetpack_sharing_enabled":true,"_links":{"self":[{"href":"https:\/\/mychoccy.com\/en\/wp-json\/wp\/v2\/product\/16833","targetHints":{"allow":["GET"]}}],"collection":[{"href":"https:\/\/mychoccy.com\/en\/wp-json\/wp\/v2\/product"}],"about":[{"href":"https:\/\/mychoccy.com\/en\/wp-json\/wp\/v2\/types\/product"}],"wp:featuredmedia":[{"embeddable":true,"href":"https:\/\/mychoccy.com\/en\/wp-json\/wp\/v2\/media\/16823"}],"wp:attachment":[{"href":"https:\/\/mychoccy.com\/en\/wp-json\/wp\/v2\/media?parent=16833"}],"wp:term":[{"taxonomy":"product_brand","embeddable":true,"href":"https:\/\/mychoccy.com\/en\/wp-json\/wp\/v2\/product_brand?post=16833"},{"taxonomy":"product_cat","embeddable":true,"href":"https:\/\/mychoccy.com\/en\/wp-json\/wp\/v2\/product_cat?post=16833"},{"taxonomy":"product_tag","embeddable":true,"href":"https:\/\/mychoccy.com\/en\/wp-json\/wp\/v2\/product_tag?post=16833"}],"curies":[{"name":"wp","href":"https:\/\/api.w.org\/{rel}","templated":true}]}}