{"id":16830,"date":"2023-09-24T19:03:44","date_gmt":"2023-09-24T17:03:44","guid":{"rendered":"https:\/\/mychoccy.com\/?post_type=product&#038;p=16830"},"modified":"2026-03-15T15:18:43","modified_gmt":"2026-03-15T14:18:43","slug":"4-szemes-valogatas-noies-3","status":"publish","type":"product","link":"https:\/\/mychoccy.com\/en\/product\/4-szemes-valogatas-noies-3\/","title":{"rendered":"4 szemes v\u00e1logat\u00e1s &#8211; n\u0151ies"},"content":{"rendered":"<p>Ezen 4 szemes bonbonv\u00e1logat\u00e1sunkra f\u0151leg gy\u00fcm\u00f6lcs\u00f6s, valamint a citrusos \u00edzjegyek jellemz\u0151k.<\/p>\n<p>Ahhoz, hogy inform\u00e1ci\u00f3t kapj a v\u00e1logat\u00e1sban szerepl\u0151 csokol\u00e1d\u00e9kr\u00f3l, illetve azok r\u00e9szletes le\u00edr\u00e1sair\u00f3l, kattints a nev\u00fckre az al\u00e1bbi list\u00e1ban.<\/p>\n<p>4 szemes bonbonv\u00e1logat\u00e1s:<\/p>\n<p><a href=\"https:\/\/mychoccy.com\/product\/fuge-bonbon\/\">F\u00fcge bonbon<\/a>,<a href=\"https:\/\/mychoccy.com\/product\/rozsas-eper-bonbon\/\">\u00a0R\u00f3zs\u00e1s eper bonbon<\/a>,\u00a0<a href=\"https:\/\/mychoccy.com\/product\/othello-bonbon\/\">Othello bonbon<\/a>,\u00a0<a href=\"https:\/\/mychoccy.com\/product\/grapefruit-bonbon\/\">Grapefruit bonbon<\/a><\/p>\n","protected":false},"excerpt":{"rendered":"<p>Ezen 4 szemes bonbonv\u00e1logat\u00e1sunkra f\u0151leg gy\u00fcm\u00f6lcs\u00f6s, valamint a citrusos \u00edzjegyek jellemz\u0151k. Ahhoz, hogy inform\u00e1ci\u00f3t kapj a v\u00e1logat\u00e1sban szerepl\u0151 csokol\u00e1d\u00e9kr\u00f3l, illetve azok r\u00e9szletes le\u00edr\u00e1sair\u00f3l, kattints a nev\u00fckre az al\u00e1bbi list\u00e1ban. 4 szemes bonbonv\u00e1logat\u00e1s: F\u00fcge bonbon,\u00a0R\u00f3zs\u00e1s eper bonbon,\u00a0Othello bonbon,\u00a0Grapefruit bonbon<\/p>\n","protected":false},"featured_media":16827,"template":"","meta":{"inline_featured_image":false},"product_brand":[],"product_cat":[247],"product_tag":[375,184,179,313,300],"class_list":{"0":"post-16830","1":"product","2":"type-product","3":"status-publish","4":"has-post-thumbnail","6":"product_cat-bonbon-valogatasok","7":"product_tag-citrusfelek","8":"product_tag-etcsokolade","9":"product_tag-feher-csokolade","10":"product_tag-gyumolcs","11":"product_tag-tejcsokolade","13":"first","14":"instock","15":"taxable","16":"shipping-taxable","17":"purchasable","18":"product-type-simple"},"yoast_head":"<!-- This site is optimized with the Yoast SEO plugin v27.5 - https:\/\/yoast.com\/product\/yoast-seo-wordpress\/ -->\n<title>4 szemes v\u00e1logat\u00e1s - n\u0151ies - MyChoccy<\/title>\n<meta name=\"description\" content=\"Ezen 4 szemes bonbonv\u00e1logat\u00e1sunkra f\u0151leg gy\u00fcm\u00f6lcs\u00f6s, valamint a citrusos \u00edzjegyek jellemz\u0151k. Ahhoz, hogy inform\u00e1ci\u00f3t kapj a v\u00e1logat\u00e1sban szerepl\u0151\" \/>\n<meta name=\"robots\" content=\"index, follow, max-snippet:-1, max-image-preview:large, max-video-preview:-1\" \/>\n<link rel=\"canonical\" href=\"https:\/\/mychoccy.com\/en\/product\/4-szemes-valogatas-noies-3\/\" \/>\n<meta property=\"og:locale\" content=\"en_US\" \/>\n<meta property=\"og:type\" content=\"article\" \/>\n<meta property=\"og:title\" content=\"4 szemes v\u00e1logat\u00e1s - n\u0151ies - MyChoccy\" \/>\n<meta property=\"og:description\" content=\"Ezen 4 szemes bonbonv\u00e1logat\u00e1sunkra f\u0151leg gy\u00fcm\u00f6lcs\u00f6s, valamint a citrusos \u00edzjegyek jellemz\u0151k. Ahhoz, hogy inform\u00e1ci\u00f3t kapj a v\u00e1logat\u00e1sban szerepl\u0151\" \/>\n<meta property=\"og:url\" content=\"https:\/\/mychoccy.com\/en\/product\/4-szemes-valogatas-noies-3\/\" \/>\n<meta property=\"og:site_name\" content=\"MyChoccy\" \/>\n<meta property=\"article:modified_time\" content=\"2026-03-15T14:18:43+00:00\" \/>\n<meta property=\"og:image\" content=\"https:\/\/mychoccy.com\/wp-content\/uploads\/2023\/09\/4-szemes-noies.jpg\" \/>\n\t<meta property=\"og:image:width\" content=\"1200\" \/>\n\t<meta property=\"og:image:height\" content=\"880\" \/>\n\t<meta property=\"og:image:type\" content=\"image\/jpeg\" \/>\n<meta name=\"twitter:card\" content=\"summary_large_image\" \/>\n<meta name=\"twitter:label1\" content=\"Est. reading time\" \/>\n\t<meta name=\"twitter:data1\" content=\"1 minute\" \/>\n<script type=\"application\/ld+json\" class=\"yoast-schema-graph\">{\"@context\":\"https:\\\/\\\/schema.org\",\"@graph\":[{\"@type\":\"WebPage\",\"@id\":\"https:\\\/\\\/mychoccy.com\\\/en\\\/product\\\/4-szemes-valogatas-noies-3\\\/\",\"url\":\"https:\\\/\\\/mychoccy.com\\\/en\\\/product\\\/4-szemes-valogatas-noies-3\\\/\",\"name\":\"4 szemes v\u00e1logat\u00e1s - n\u0151ies - MyChoccy\",\"isPartOf\":{\"@id\":\"https:\\\/\\\/mychoccy.com\\\/en\\\/#website\"},\"primaryImageOfPage\":{\"@id\":\"https:\\\/\\\/mychoccy.com\\\/en\\\/product\\\/4-szemes-valogatas-noies-3\\\/#primaryimage\"},\"image\":{\"@id\":\"https:\\\/\\\/mychoccy.com\\\/en\\\/product\\\/4-szemes-valogatas-noies-3\\\/#primaryimage\"},\"thumbnailUrl\":\"https:\\\/\\\/mychoccy.com\\\/wp-content\\\/uploads\\\/2023\\\/09\\\/4-szemes-noies.jpg\",\"datePublished\":\"2023-09-24T17:03:44+00:00\",\"dateModified\":\"2026-03-15T14:18:43+00:00\",\"description\":\"Ezen 4 szemes bonbonv\u00e1logat\u00e1sunkra f\u0151leg gy\u00fcm\u00f6lcs\u00f6s, valamint a citrusos \u00edzjegyek jellemz\u0151k. Ahhoz, hogy inform\u00e1ci\u00f3t kapj a v\u00e1logat\u00e1sban szerepl\u0151\",\"breadcrumb\":{\"@id\":\"https:\\\/\\\/mychoccy.com\\\/en\\\/product\\\/4-szemes-valogatas-noies-3\\\/#breadcrumb\"},\"inLanguage\":\"en-US\",\"potentialAction\":[{\"@type\":\"ReadAction\",\"target\":[\"https:\\\/\\\/mychoccy.com\\\/en\\\/product\\\/4-szemes-valogatas-noies-3\\\/\"]}]},{\"@type\":\"ImageObject\",\"inLanguage\":\"en-US\",\"@id\":\"https:\\\/\\\/mychoccy.com\\\/en\\\/product\\\/4-szemes-valogatas-noies-3\\\/#primaryimage\",\"url\":\"https:\\\/\\\/mychoccy.com\\\/wp-content\\\/uploads\\\/2023\\\/09\\\/4-szemes-noies.jpg\",\"contentUrl\":\"https:\\\/\\\/mychoccy.com\\\/wp-content\\\/uploads\\\/2023\\\/09\\\/4-szemes-noies.jpg\",\"width\":1200,\"height\":880},{\"@type\":\"BreadcrumbList\",\"@id\":\"https:\\\/\\\/mychoccy.com\\\/en\\\/product\\\/4-szemes-valogatas-noies-3\\\/#breadcrumb\",\"itemListElement\":[{\"@type\":\"ListItem\",\"position\":1,\"name\":\"Home\",\"item\":\"https:\\\/\\\/mychoccy.com\\\/en\\\/\"},{\"@type\":\"ListItem\",\"position\":2,\"name\":\"Shop\",\"item\":\"https:\\\/\\\/mychoccy.com\\\/en\\\/shop-2\\\/\"},{\"@type\":\"ListItem\",\"position\":3,\"name\":\"4 szemes v\u00e1logat\u00e1s &#8211; n\u0151ies\"}]},{\"@type\":\"WebSite\",\"@id\":\"https:\\\/\\\/mychoccy.com\\\/en\\\/#website\",\"url\":\"https:\\\/\\\/mychoccy.com\\\/en\\\/\",\"name\":\"MyChoccy\",\"description\":\"Csokol\u00e1d\u00e9 kreat\u00edvan\",\"potentialAction\":[{\"@type\":\"SearchAction\",\"target\":{\"@type\":\"EntryPoint\",\"urlTemplate\":\"https:\\\/\\\/mychoccy.com\\\/en\\\/?s={search_term_string}\"},\"query-input\":{\"@type\":\"PropertyValueSpecification\",\"valueRequired\":true,\"valueName\":\"search_term_string\"}}],\"inLanguage\":\"en-US\"}]}<\/script>\n<!-- \/ Yoast SEO plugin. -->","yoast_head_json":{"title":"4 szemes v\u00e1logat\u00e1s - n\u0151ies - MyChoccy","description":"Ezen 4 szemes bonbonv\u00e1logat\u00e1sunkra f\u0151leg gy\u00fcm\u00f6lcs\u00f6s, valamint a citrusos \u00edzjegyek jellemz\u0151k. Ahhoz, hogy inform\u00e1ci\u00f3t kapj a v\u00e1logat\u00e1sban szerepl\u0151","robots":{"index":"index","follow":"follow","max-snippet":"max-snippet:-1","max-image-preview":"max-image-preview:large","max-video-preview":"max-video-preview:-1"},"canonical":"https:\/\/mychoccy.com\/en\/product\/4-szemes-valogatas-noies-3\/","og_locale":"en_US","og_type":"article","og_title":"4 szemes v\u00e1logat\u00e1s - n\u0151ies - MyChoccy","og_description":"Ezen 4 szemes bonbonv\u00e1logat\u00e1sunkra f\u0151leg gy\u00fcm\u00f6lcs\u00f6s, valamint a citrusos \u00edzjegyek jellemz\u0151k. Ahhoz, hogy inform\u00e1ci\u00f3t kapj a v\u00e1logat\u00e1sban szerepl\u0151","og_url":"https:\/\/mychoccy.com\/en\/product\/4-szemes-valogatas-noies-3\/","og_site_name":"MyChoccy","article_modified_time":"2026-03-15T14:18:43+00:00","og_image":[{"width":1200,"height":880,"url":"https:\/\/mychoccy.com\/wp-content\/uploads\/2023\/09\/4-szemes-noies.jpg","type":"image\/jpeg"}],"twitter_card":"summary_large_image","twitter_misc":{"Est. reading time":"1 minute"},"schema":{"@context":"https:\/\/schema.org","@graph":[{"@type":"WebPage","@id":"https:\/\/mychoccy.com\/en\/product\/4-szemes-valogatas-noies-3\/","url":"https:\/\/mychoccy.com\/en\/product\/4-szemes-valogatas-noies-3\/","name":"4 szemes v\u00e1logat\u00e1s - n\u0151ies - MyChoccy","isPartOf":{"@id":"https:\/\/mychoccy.com\/en\/#website"},"primaryImageOfPage":{"@id":"https:\/\/mychoccy.com\/en\/product\/4-szemes-valogatas-noies-3\/#primaryimage"},"image":{"@id":"https:\/\/mychoccy.com\/en\/product\/4-szemes-valogatas-noies-3\/#primaryimage"},"thumbnailUrl":"https:\/\/mychoccy.com\/wp-content\/uploads\/2023\/09\/4-szemes-noies.jpg","datePublished":"2023-09-24T17:03:44+00:00","dateModified":"2026-03-15T14:18:43+00:00","description":"Ezen 4 szemes bonbonv\u00e1logat\u00e1sunkra f\u0151leg gy\u00fcm\u00f6lcs\u00f6s, valamint a citrusos \u00edzjegyek jellemz\u0151k. Ahhoz, hogy inform\u00e1ci\u00f3t kapj a v\u00e1logat\u00e1sban szerepl\u0151","breadcrumb":{"@id":"https:\/\/mychoccy.com\/en\/product\/4-szemes-valogatas-noies-3\/#breadcrumb"},"inLanguage":"en-US","potentialAction":[{"@type":"ReadAction","target":["https:\/\/mychoccy.com\/en\/product\/4-szemes-valogatas-noies-3\/"]}]},{"@type":"ImageObject","inLanguage":"en-US","@id":"https:\/\/mychoccy.com\/en\/product\/4-szemes-valogatas-noies-3\/#primaryimage","url":"https:\/\/mychoccy.com\/wp-content\/uploads\/2023\/09\/4-szemes-noies.jpg","contentUrl":"https:\/\/mychoccy.com\/wp-content\/uploads\/2023\/09\/4-szemes-noies.jpg","width":1200,"height":880},{"@type":"BreadcrumbList","@id":"https:\/\/mychoccy.com\/en\/product\/4-szemes-valogatas-noies-3\/#breadcrumb","itemListElement":[{"@type":"ListItem","position":1,"name":"Home","item":"https:\/\/mychoccy.com\/en\/"},{"@type":"ListItem","position":2,"name":"Shop","item":"https:\/\/mychoccy.com\/en\/shop-2\/"},{"@type":"ListItem","position":3,"name":"4 szemes v\u00e1logat\u00e1s &#8211; n\u0151ies"}]},{"@type":"WebSite","@id":"https:\/\/mychoccy.com\/en\/#website","url":"https:\/\/mychoccy.com\/en\/","name":"MyChoccy","description":"Csokol\u00e1d\u00e9 kreat\u00edvan","potentialAction":[{"@type":"SearchAction","target":{"@type":"EntryPoint","urlTemplate":"https:\/\/mychoccy.com\/en\/?s={search_term_string}"},"query-input":{"@type":"PropertyValueSpecification","valueRequired":true,"valueName":"search_term_string"}}],"inLanguage":"en-US"}]}},"jetpack_sharing_enabled":true,"_links":{"self":[{"href":"https:\/\/mychoccy.com\/en\/wp-json\/wp\/v2\/product\/16830","targetHints":{"allow":["GET"]}}],"collection":[{"href":"https:\/\/mychoccy.com\/en\/wp-json\/wp\/v2\/product"}],"about":[{"href":"https:\/\/mychoccy.com\/en\/wp-json\/wp\/v2\/types\/product"}],"wp:featuredmedia":[{"embeddable":true,"href":"https:\/\/mychoccy.com\/en\/wp-json\/wp\/v2\/media\/16827"}],"wp:attachment":[{"href":"https:\/\/mychoccy.com\/en\/wp-json\/wp\/v2\/media?parent=16830"}],"wp:term":[{"taxonomy":"product_brand","embeddable":true,"href":"https:\/\/mychoccy.com\/en\/wp-json\/wp\/v2\/product_brand?post=16830"},{"taxonomy":"product_cat","embeddable":true,"href":"https:\/\/mychoccy.com\/en\/wp-json\/wp\/v2\/product_cat?post=16830"},{"taxonomy":"product_tag","embeddable":true,"href":"https:\/\/mychoccy.com\/en\/wp-json\/wp\/v2\/product_tag?post=16830"}],"curies":[{"name":"wp","href":"https:\/\/api.w.org\/{rel}","templated":true}]}}