{"id":16179,"date":"2022-02-04T11:20:53","date_gmt":"2022-02-04T10:20:53","guid":{"rendered":"https:\/\/mychoccy.com\/?post_type=product&#038;p=16179"},"modified":"2026-02-02T11:14:52","modified_gmt":"2026-02-02T10:14:52","slug":"csokolade-sziv-truffellel-toltve-2","status":"publish","type":"product","link":"https:\/\/mychoccy.com\/en\/product\/csokolade-sziv-truffellel-toltve-2\/","title":{"rendered":"Csokol\u00e1d\u00e9 sz\u00edv tr\u00fcffellel t\u00f6ltve"},"content":{"rendered":"<p>Az \u00f3ri\u00e1s csokol\u00e1d\u00e9 sz\u00edv kiv\u00e1l\u00f3 min\u0151s\u00e9g\u0171 belga \u00e9tcsokol\u00e1d\u00e9b\u00f3l k\u00e9sz\u00fclt, melynek m\u00e9rete is impoz\u00e1ns. K\u00f6r\u00fclbel\u00fcl 15*15 cm alapter\u00fclet\u0171, \u00e9s nagyj\u00e1b\u00f3l 6 cm magas. Mindez az\u00e9rt l\u00e9nyeges, mert a csokol\u00e1d\u00e9 sz\u00edv belsej\u00e9ben 12 db l\u00e1gy, alkoholos vagy gy\u00fcm\u00f6lcs\u00f6s kr\u00e9mmel t\u00f6lt\u00f6tt tr\u00fcffel f\u00e9r el! V\u00e1laszd ki, melyik tr\u00fcffelt rejts\u00fck el a sz\u00edv belsej\u00e9ben.<\/p>\n<p>Minden egyes sz\u00edv k\u00e9zzel festett egyedi m\u0171remek, nincs k\u00e9t egyforma darab.<\/p>\n<p>A j\u00f3l temper\u00e1lt, kem\u00e9ny csokol\u00e1d\u00e9 burok m\u00f6g\u00f6tt rejl\u0151 tr\u00fcffelek kiszabad\u00edt\u00e1sa nem k\u00f6nny\u0171 feladat, \u00e9ppen ez\u00e9rt a d\u00edszdobozban mell\u00e9kelt\u00fcnk egy &#8220;sz\u00edvt\u00f6r\u0151&#8221; kalap\u00e1csot is.<\/p>\n<p>&nbsp;<\/p>\n","protected":false},"excerpt":{"rendered":"<p>Az \u00f3ri\u00e1s csokol\u00e1d\u00e9 sz\u00edv kiv\u00e1l\u00f3 min\u0151s\u00e9g\u0171 belga \u00e9tcsokol\u00e1d\u00e9b\u00f3l k\u00e9sz\u00fclt, melynek m\u00e9rete is impoz\u00e1ns. K\u00f6r\u00fclbel\u00fcl 15*15 cm alapter\u00fclet\u0171, \u00e9s nagyj\u00e1b\u00f3l 6 cm magas. Mindez az\u00e9rt l\u00e9nyeges, mert a csokol\u00e1d\u00e9 sz\u00edv belsej\u00e9ben 12 db l\u00e1gy, alkoholos vagy gy\u00fcm\u00f6lcs\u00f6s kr\u00e9mmel t\u00f6lt\u00f6tt tr\u00fcffel f\u00e9r [&hellip;]<\/p>\n","protected":false},"featured_media":16109,"template":"","meta":{"inline_featured_image":false},"product_brand":[],"product_cat":[435,365],"product_tag":[314,184,299],"class_list":{"0":"post-16179","1":"product","2":"type-product","3":"status-publish","4":"has-post-thumbnail","6":"product_cat-anyak-napja","7":"product_cat-valentin-napi-ajandekok","8":"product_tag-alkohol","9":"product_tag-etcsokolade","10":"product_tag-kulonleges-csokolade","12":"first","13":"instock","14":"taxable","15":"shipping-taxable","16":"purchasable","17":"product-type-variable","18":"has-default-attributes"},"yoast_head":"<!-- This site is optimized with the Yoast SEO plugin v27.5 - https:\/\/yoast.com\/product\/yoast-seo-wordpress\/ -->\n<title>Csokol\u00e1d\u00e9 sz\u00edv tr\u00fcffellel t\u00f6ltve - MyChoccy<\/title>\n<meta name=\"description\" content=\"Az \u00f3ri\u00e1s csokol\u00e1d\u00e9 sz\u00edv kiv\u00e1l\u00f3 min\u0151s\u00e9g\u0171 belga \u00e9tcsokol\u00e1d\u00e9b\u00f3l k\u00e9sz\u00fclt, melynek m\u00e9rete is impoz\u00e1ns. K\u00f6r\u00fclbel\u00fcl 15*15 cm alapter\u00fclet\u0171, \u00e9s nagyj\u00e1b\u00f3l 6 cm\" \/>\n<meta name=\"robots\" content=\"index, follow, max-snippet:-1, max-image-preview:large, max-video-preview:-1\" \/>\n<link rel=\"canonical\" href=\"https:\/\/mychoccy.com\/en\/product\/csokolade-sziv-truffellel-toltve-2\/\" \/>\n<meta property=\"og:locale\" content=\"en_US\" \/>\n<meta property=\"og:type\" content=\"article\" \/>\n<meta property=\"og:title\" content=\"Csokol\u00e1d\u00e9 sz\u00edv tr\u00fcffellel t\u00f6ltve - MyChoccy\" \/>\n<meta property=\"og:description\" content=\"Az \u00f3ri\u00e1s csokol\u00e1d\u00e9 sz\u00edv kiv\u00e1l\u00f3 min\u0151s\u00e9g\u0171 belga \u00e9tcsokol\u00e1d\u00e9b\u00f3l k\u00e9sz\u00fclt, melynek m\u00e9rete is impoz\u00e1ns. K\u00f6r\u00fclbel\u00fcl 15*15 cm alapter\u00fclet\u0171, \u00e9s nagyj\u00e1b\u00f3l 6 cm\" \/>\n<meta property=\"og:url\" content=\"https:\/\/mychoccy.com\/en\/product\/csokolade-sziv-truffellel-toltve-2\/\" \/>\n<meta property=\"og:site_name\" content=\"MyChoccy\" \/>\n<meta property=\"article:modified_time\" content=\"2026-02-02T10:14:52+00:00\" \/>\n<meta property=\"og:image\" content=\"https:\/\/mychoccy.com\/wp-content\/uploads\/2022\/02\/IMG_7939_sziv-kezben.jpg\" \/>\n\t<meta property=\"og:image:width\" content=\"1200\" \/>\n\t<meta property=\"og:image:height\" content=\"880\" \/>\n\t<meta property=\"og:image:type\" content=\"image\/jpeg\" \/>\n<meta name=\"twitter:card\" content=\"summary_large_image\" \/>\n<meta name=\"twitter:label1\" content=\"Est. reading time\" \/>\n\t<meta name=\"twitter:data1\" content=\"1 minute\" \/>\n<script type=\"application\/ld+json\" class=\"yoast-schema-graph\">{\"@context\":\"https:\\\/\\\/schema.org\",\"@graph\":[{\"@type\":\"WebPage\",\"@id\":\"https:\\\/\\\/mychoccy.com\\\/en\\\/product\\\/csokolade-sziv-truffellel-toltve-2\\\/\",\"url\":\"https:\\\/\\\/mychoccy.com\\\/en\\\/product\\\/csokolade-sziv-truffellel-toltve-2\\\/\",\"name\":\"Csokol\u00e1d\u00e9 sz\u00edv tr\u00fcffellel t\u00f6ltve - MyChoccy\",\"isPartOf\":{\"@id\":\"https:\\\/\\\/mychoccy.com\\\/en\\\/#website\"},\"primaryImageOfPage\":{\"@id\":\"https:\\\/\\\/mychoccy.com\\\/en\\\/product\\\/csokolade-sziv-truffellel-toltve-2\\\/#primaryimage\"},\"image\":{\"@id\":\"https:\\\/\\\/mychoccy.com\\\/en\\\/product\\\/csokolade-sziv-truffellel-toltve-2\\\/#primaryimage\"},\"thumbnailUrl\":\"https:\\\/\\\/mychoccy.com\\\/wp-content\\\/uploads\\\/2022\\\/02\\\/IMG_7939_sziv-kezben.jpg\",\"datePublished\":\"2022-02-04T10:20:53+00:00\",\"dateModified\":\"2026-02-02T10:14:52+00:00\",\"description\":\"Az \u00f3ri\u00e1s csokol\u00e1d\u00e9 sz\u00edv kiv\u00e1l\u00f3 min\u0151s\u00e9g\u0171 belga \u00e9tcsokol\u00e1d\u00e9b\u00f3l k\u00e9sz\u00fclt, melynek m\u00e9rete is impoz\u00e1ns. K\u00f6r\u00fclbel\u00fcl 15*15 cm alapter\u00fclet\u0171, \u00e9s nagyj\u00e1b\u00f3l 6 cm\",\"breadcrumb\":{\"@id\":\"https:\\\/\\\/mychoccy.com\\\/en\\\/product\\\/csokolade-sziv-truffellel-toltve-2\\\/#breadcrumb\"},\"inLanguage\":\"en-US\",\"potentialAction\":[{\"@type\":\"ReadAction\",\"target\":[\"https:\\\/\\\/mychoccy.com\\\/en\\\/product\\\/csokolade-sziv-truffellel-toltve-2\\\/\"]}]},{\"@type\":\"ImageObject\",\"inLanguage\":\"en-US\",\"@id\":\"https:\\\/\\\/mychoccy.com\\\/en\\\/product\\\/csokolade-sziv-truffellel-toltve-2\\\/#primaryimage\",\"url\":\"https:\\\/\\\/mychoccy.com\\\/wp-content\\\/uploads\\\/2022\\\/02\\\/IMG_7939_sziv-kezben.jpg\",\"contentUrl\":\"https:\\\/\\\/mychoccy.com\\\/wp-content\\\/uploads\\\/2022\\\/02\\\/IMG_7939_sziv-kezben.jpg\",\"width\":1200,\"height\":880},{\"@type\":\"BreadcrumbList\",\"@id\":\"https:\\\/\\\/mychoccy.com\\\/en\\\/product\\\/csokolade-sziv-truffellel-toltve-2\\\/#breadcrumb\",\"itemListElement\":[{\"@type\":\"ListItem\",\"position\":1,\"name\":\"Home\",\"item\":\"https:\\\/\\\/mychoccy.com\\\/en\\\/\"},{\"@type\":\"ListItem\",\"position\":2,\"name\":\"Shop\",\"item\":\"https:\\\/\\\/mychoccy.com\\\/en\\\/shop-2\\\/\"},{\"@type\":\"ListItem\",\"position\":3,\"name\":\"Csokol\u00e1d\u00e9 sz\u00edv tr\u00fcffellel t\u00f6ltve\"}]},{\"@type\":\"WebSite\",\"@id\":\"https:\\\/\\\/mychoccy.com\\\/en\\\/#website\",\"url\":\"https:\\\/\\\/mychoccy.com\\\/en\\\/\",\"name\":\"MyChoccy\",\"description\":\"Csokol\u00e1d\u00e9 kreat\u00edvan\",\"potentialAction\":[{\"@type\":\"SearchAction\",\"target\":{\"@type\":\"EntryPoint\",\"urlTemplate\":\"https:\\\/\\\/mychoccy.com\\\/en\\\/?s={search_term_string}\"},\"query-input\":{\"@type\":\"PropertyValueSpecification\",\"valueRequired\":true,\"valueName\":\"search_term_string\"}}],\"inLanguage\":\"en-US\"}]}<\/script>\n<!-- \/ Yoast SEO plugin. -->","yoast_head_json":{"title":"Csokol\u00e1d\u00e9 sz\u00edv tr\u00fcffellel t\u00f6ltve - MyChoccy","description":"Az \u00f3ri\u00e1s csokol\u00e1d\u00e9 sz\u00edv kiv\u00e1l\u00f3 min\u0151s\u00e9g\u0171 belga \u00e9tcsokol\u00e1d\u00e9b\u00f3l k\u00e9sz\u00fclt, melynek m\u00e9rete is impoz\u00e1ns. K\u00f6r\u00fclbel\u00fcl 15*15 cm alapter\u00fclet\u0171, \u00e9s nagyj\u00e1b\u00f3l 6 cm","robots":{"index":"index","follow":"follow","max-snippet":"max-snippet:-1","max-image-preview":"max-image-preview:large","max-video-preview":"max-video-preview:-1"},"canonical":"https:\/\/mychoccy.com\/en\/product\/csokolade-sziv-truffellel-toltve-2\/","og_locale":"en_US","og_type":"article","og_title":"Csokol\u00e1d\u00e9 sz\u00edv tr\u00fcffellel t\u00f6ltve - MyChoccy","og_description":"Az \u00f3ri\u00e1s csokol\u00e1d\u00e9 sz\u00edv kiv\u00e1l\u00f3 min\u0151s\u00e9g\u0171 belga \u00e9tcsokol\u00e1d\u00e9b\u00f3l k\u00e9sz\u00fclt, melynek m\u00e9rete is impoz\u00e1ns. K\u00f6r\u00fclbel\u00fcl 15*15 cm alapter\u00fclet\u0171, \u00e9s nagyj\u00e1b\u00f3l 6 cm","og_url":"https:\/\/mychoccy.com\/en\/product\/csokolade-sziv-truffellel-toltve-2\/","og_site_name":"MyChoccy","article_modified_time":"2026-02-02T10:14:52+00:00","og_image":[{"width":1200,"height":880,"url":"https:\/\/mychoccy.com\/wp-content\/uploads\/2022\/02\/IMG_7939_sziv-kezben.jpg","type":"image\/jpeg"}],"twitter_card":"summary_large_image","twitter_misc":{"Est. reading time":"1 minute"},"schema":{"@context":"https:\/\/schema.org","@graph":[{"@type":"WebPage","@id":"https:\/\/mychoccy.com\/en\/product\/csokolade-sziv-truffellel-toltve-2\/","url":"https:\/\/mychoccy.com\/en\/product\/csokolade-sziv-truffellel-toltve-2\/","name":"Csokol\u00e1d\u00e9 sz\u00edv tr\u00fcffellel t\u00f6ltve - MyChoccy","isPartOf":{"@id":"https:\/\/mychoccy.com\/en\/#website"},"primaryImageOfPage":{"@id":"https:\/\/mychoccy.com\/en\/product\/csokolade-sziv-truffellel-toltve-2\/#primaryimage"},"image":{"@id":"https:\/\/mychoccy.com\/en\/product\/csokolade-sziv-truffellel-toltve-2\/#primaryimage"},"thumbnailUrl":"https:\/\/mychoccy.com\/wp-content\/uploads\/2022\/02\/IMG_7939_sziv-kezben.jpg","datePublished":"2022-02-04T10:20:53+00:00","dateModified":"2026-02-02T10:14:52+00:00","description":"Az \u00f3ri\u00e1s csokol\u00e1d\u00e9 sz\u00edv kiv\u00e1l\u00f3 min\u0151s\u00e9g\u0171 belga \u00e9tcsokol\u00e1d\u00e9b\u00f3l k\u00e9sz\u00fclt, melynek m\u00e9rete is impoz\u00e1ns. K\u00f6r\u00fclbel\u00fcl 15*15 cm alapter\u00fclet\u0171, \u00e9s nagyj\u00e1b\u00f3l 6 cm","breadcrumb":{"@id":"https:\/\/mychoccy.com\/en\/product\/csokolade-sziv-truffellel-toltve-2\/#breadcrumb"},"inLanguage":"en-US","potentialAction":[{"@type":"ReadAction","target":["https:\/\/mychoccy.com\/en\/product\/csokolade-sziv-truffellel-toltve-2\/"]}]},{"@type":"ImageObject","inLanguage":"en-US","@id":"https:\/\/mychoccy.com\/en\/product\/csokolade-sziv-truffellel-toltve-2\/#primaryimage","url":"https:\/\/mychoccy.com\/wp-content\/uploads\/2022\/02\/IMG_7939_sziv-kezben.jpg","contentUrl":"https:\/\/mychoccy.com\/wp-content\/uploads\/2022\/02\/IMG_7939_sziv-kezben.jpg","width":1200,"height":880},{"@type":"BreadcrumbList","@id":"https:\/\/mychoccy.com\/en\/product\/csokolade-sziv-truffellel-toltve-2\/#breadcrumb","itemListElement":[{"@type":"ListItem","position":1,"name":"Home","item":"https:\/\/mychoccy.com\/en\/"},{"@type":"ListItem","position":2,"name":"Shop","item":"https:\/\/mychoccy.com\/en\/shop-2\/"},{"@type":"ListItem","position":3,"name":"Csokol\u00e1d\u00e9 sz\u00edv tr\u00fcffellel t\u00f6ltve"}]},{"@type":"WebSite","@id":"https:\/\/mychoccy.com\/en\/#website","url":"https:\/\/mychoccy.com\/en\/","name":"MyChoccy","description":"Csokol\u00e1d\u00e9 kreat\u00edvan","potentialAction":[{"@type":"SearchAction","target":{"@type":"EntryPoint","urlTemplate":"https:\/\/mychoccy.com\/en\/?s={search_term_string}"},"query-input":{"@type":"PropertyValueSpecification","valueRequired":true,"valueName":"search_term_string"}}],"inLanguage":"en-US"}]}},"jetpack_sharing_enabled":true,"_links":{"self":[{"href":"https:\/\/mychoccy.com\/en\/wp-json\/wp\/v2\/product\/16179","targetHints":{"allow":["GET"]}}],"collection":[{"href":"https:\/\/mychoccy.com\/en\/wp-json\/wp\/v2\/product"}],"about":[{"href":"https:\/\/mychoccy.com\/en\/wp-json\/wp\/v2\/types\/product"}],"wp:featuredmedia":[{"embeddable":true,"href":"https:\/\/mychoccy.com\/en\/wp-json\/wp\/v2\/media\/16109"}],"wp:attachment":[{"href":"https:\/\/mychoccy.com\/en\/wp-json\/wp\/v2\/media?parent=16179"}],"wp:term":[{"taxonomy":"product_brand","embeddable":true,"href":"https:\/\/mychoccy.com\/en\/wp-json\/wp\/v2\/product_brand?post=16179"},{"taxonomy":"product_cat","embeddable":true,"href":"https:\/\/mychoccy.com\/en\/wp-json\/wp\/v2\/product_cat?post=16179"},{"taxonomy":"product_tag","embeddable":true,"href":"https:\/\/mychoccy.com\/en\/wp-json\/wp\/v2\/product_tag?post=16179"}],"curies":[{"name":"wp","href":"https:\/\/api.w.org\/{rel}","templated":true}]}}