{"id":15174,"date":"2021-04-24T05:43:33","date_gmt":"2021-04-24T03:43:33","guid":{"rendered":"https:\/\/mychoccy.com\/?post_type=product&#038;p=15174"},"modified":"2026-03-15T15:08:36","modified_gmt":"2026-03-15T14:08:36","slug":"9-szemes-valogatas-cukormentes-es-vegan","status":"publish","type":"product","link":"https:\/\/mychoccy.com\/en\/product\/9-szemes-valogatas-cukormentes-es-vegan\/","title":{"rendered":"9 szemes v\u00e1logat\u00e1s &#8211; veg\u00e1n, cukormentes"},"content":{"rendered":"<p>A bonbonv\u00e1logat\u00e1st \u00fagy \u00e1ll\u00edtottuk \u00f6ssze, hogy cukorbetegek, inzulinrezisztensek \u00e9s Low Carb, illetve KETO di\u00e9t\u00e1t folytat\u00f3k is fogyaszthatj\u00e1k. Azonban \u00e9rdemes a t\u00e1p\u00e9rt\u00e9kt\u00e1bl\u00e1zatot is k\u00f6vetni, melyet az egyes term\u00e9kek oldal\u00e1n lehet megtekinteni.<\/p>\n<p>Ahhoz, hogy inform\u00e1ci\u00f3t kapj a v\u00e1logat\u00e1sban szerepl\u0151 csokol\u00e1d\u00e9kr\u00f3l, illetve azok r\u00e9szletes le\u00edr\u00e1sair\u00f3l, kattints a nev\u00fckre az al\u00e1bbi list\u00e1ban.<\/p>\n<p>9 szemes v\u00e1logat\u00e1s:<\/p>\n<ul>\n<li><a href=\"https:\/\/mychoccy.com\/product\/grapefruit-bonbon-cukormentes-es-vegan\/\">Grapefruit bonbon (cukormentes \u00e9s veg\u00e1n)<\/a>,\u00a0<a href=\"https:\/\/mychoccy.com\/product\/kek-afonya-bonbon-cukormentes-es-vegan\/\">K\u00e9k \u00e1fonya bonbon (cukormentes \u00e9s veg\u00e1n)<\/a>,\u00a0<a href=\"https:\/\/mychoccy.com\/product\/gyomber-bonbon-cukormentes-es-vegan\/\">Gy\u00f6mb\u00e9r bonbon (cukormentes \u00e9s veg\u00e1n)<\/a><\/li>\n<\/ul>\n","protected":false},"excerpt":{"rendered":"<p>A bonbonv\u00e1logat\u00e1st \u00fagy \u00e1ll\u00edtottuk \u00f6ssze, hogy cukorbetegek, inzulinrezisztensek \u00e9s Low Carb, illetve KETO di\u00e9t\u00e1t folytat\u00f3k is fogyaszthatj\u00e1k. Azonban \u00e9rdemes a t\u00e1p\u00e9rt\u00e9kt\u00e1bl\u00e1zatot is k\u00f6vetni, melyet az egyes term\u00e9kek oldal\u00e1n lehet megtekinteni. Ahhoz, hogy inform\u00e1ci\u00f3t kapj a v\u00e1logat\u00e1sban szerepl\u0151 csokol\u00e1d\u00e9kr\u00f3l, illetve azok [&hellip;]<\/p>\n","protected":false},"featured_media":15186,"template":"","meta":{"inline_featured_image":false},"product_brand":[],"product_cat":[247],"product_tag":[303,315,313,299],"class_list":{"0":"post-15174","1":"product","2":"type-product","3":"status-publish","4":"has-post-thumbnail","6":"product_cat-bonbon-valogatasok","7":"product_tag-diabetikus","8":"product_tag-fuszer","9":"product_tag-gyumolcs","10":"product_tag-kulonleges-csokolade","12":"first","13":"instock","14":"taxable","15":"shipping-taxable","16":"purchasable","17":"product-type-simple"},"yoast_head":"<!-- This site is optimized with the Yoast SEO plugin v27.4 - https:\/\/yoast.com\/product\/yoast-seo-wordpress\/ -->\n<title>9 szemes v\u00e1logat\u00e1s - veg\u00e1n, cukormentes - MyChoccy<\/title>\n<meta name=\"description\" content=\"A bonbonv\u00e1logat\u00e1st \u00fagy \u00e1ll\u00edtottuk \u00f6ssze, hogy cukorbetegek, inzulinrezisztensek \u00e9s Low Carb, illetve KETO di\u00e9t\u00e1t folytat\u00f3k is fogyaszthatj\u00e1k. Azonban\" \/>\n<meta name=\"robots\" content=\"index, follow, max-snippet:-1, max-image-preview:large, max-video-preview:-1\" \/>\n<link rel=\"canonical\" href=\"https:\/\/mychoccy.com\/en\/product\/9-szemes-valogatas-cukormentes-es-vegan\/\" \/>\n<meta property=\"og:locale\" content=\"en_US\" \/>\n<meta property=\"og:type\" content=\"article\" \/>\n<meta property=\"og:title\" content=\"9 szemes v\u00e1logat\u00e1s - veg\u00e1n, cukormentes - MyChoccy\" \/>\n<meta property=\"og:description\" content=\"A bonbonv\u00e1logat\u00e1st \u00fagy \u00e1ll\u00edtottuk \u00f6ssze, hogy cukorbetegek, inzulinrezisztensek \u00e9s Low Carb, illetve KETO di\u00e9t\u00e1t folytat\u00f3k is fogyaszthatj\u00e1k. Azonban\" \/>\n<meta property=\"og:url\" content=\"https:\/\/mychoccy.com\/en\/product\/9-szemes-valogatas-cukormentes-es-vegan\/\" \/>\n<meta property=\"og:site_name\" content=\"MyChoccy\" \/>\n<meta property=\"article:modified_time\" content=\"2026-03-15T14:08:36+00:00\" \/>\n<meta property=\"og:image\" content=\"https:\/\/mychoccy.com\/wp-content\/uploads\/2021\/04\/9-szemes-bonbonvalogatas-vegan.jpg\" \/>\n\t<meta property=\"og:image:width\" content=\"1200\" \/>\n\t<meta property=\"og:image:height\" content=\"880\" \/>\n\t<meta property=\"og:image:type\" content=\"image\/jpeg\" \/>\n<meta name=\"twitter:card\" content=\"summary_large_image\" \/>\n<meta name=\"twitter:label1\" content=\"Est. reading time\" \/>\n\t<meta name=\"twitter:data1\" content=\"1 minute\" \/>\n<script type=\"application\/ld+json\" class=\"yoast-schema-graph\">{\"@context\":\"https:\\\/\\\/schema.org\",\"@graph\":[{\"@type\":\"WebPage\",\"@id\":\"https:\\\/\\\/mychoccy.com\\\/en\\\/product\\\/9-szemes-valogatas-cukormentes-es-vegan\\\/\",\"url\":\"https:\\\/\\\/mychoccy.com\\\/en\\\/product\\\/9-szemes-valogatas-cukormentes-es-vegan\\\/\",\"name\":\"9 szemes v\u00e1logat\u00e1s - veg\u00e1n, cukormentes - MyChoccy\",\"isPartOf\":{\"@id\":\"https:\\\/\\\/mychoccy.com\\\/en\\\/#website\"},\"primaryImageOfPage\":{\"@id\":\"https:\\\/\\\/mychoccy.com\\\/en\\\/product\\\/9-szemes-valogatas-cukormentes-es-vegan\\\/#primaryimage\"},\"image\":{\"@id\":\"https:\\\/\\\/mychoccy.com\\\/en\\\/product\\\/9-szemes-valogatas-cukormentes-es-vegan\\\/#primaryimage\"},\"thumbnailUrl\":\"https:\\\/\\\/mychoccy.com\\\/wp-content\\\/uploads\\\/2021\\\/04\\\/9-szemes-bonbonvalogatas-vegan.jpg\",\"datePublished\":\"2021-04-24T03:43:33+00:00\",\"dateModified\":\"2026-03-15T14:08:36+00:00\",\"description\":\"A bonbonv\u00e1logat\u00e1st \u00fagy \u00e1ll\u00edtottuk \u00f6ssze, hogy cukorbetegek, inzulinrezisztensek \u00e9s Low Carb, illetve KETO di\u00e9t\u00e1t folytat\u00f3k is fogyaszthatj\u00e1k. Azonban\",\"breadcrumb\":{\"@id\":\"https:\\\/\\\/mychoccy.com\\\/en\\\/product\\\/9-szemes-valogatas-cukormentes-es-vegan\\\/#breadcrumb\"},\"inLanguage\":\"en-US\",\"potentialAction\":[{\"@type\":\"ReadAction\",\"target\":[\"https:\\\/\\\/mychoccy.com\\\/en\\\/product\\\/9-szemes-valogatas-cukormentes-es-vegan\\\/\"]}]},{\"@type\":\"ImageObject\",\"inLanguage\":\"en-US\",\"@id\":\"https:\\\/\\\/mychoccy.com\\\/en\\\/product\\\/9-szemes-valogatas-cukormentes-es-vegan\\\/#primaryimage\",\"url\":\"https:\\\/\\\/mychoccy.com\\\/wp-content\\\/uploads\\\/2021\\\/04\\\/9-szemes-bonbonvalogatas-vegan.jpg\",\"contentUrl\":\"https:\\\/\\\/mychoccy.com\\\/wp-content\\\/uploads\\\/2021\\\/04\\\/9-szemes-bonbonvalogatas-vegan.jpg\",\"width\":1200,\"height\":880},{\"@type\":\"BreadcrumbList\",\"@id\":\"https:\\\/\\\/mychoccy.com\\\/en\\\/product\\\/9-szemes-valogatas-cukormentes-es-vegan\\\/#breadcrumb\",\"itemListElement\":[{\"@type\":\"ListItem\",\"position\":1,\"name\":\"Home\",\"item\":\"https:\\\/\\\/mychoccy.com\\\/en\\\/\"},{\"@type\":\"ListItem\",\"position\":2,\"name\":\"Shop\",\"item\":\"https:\\\/\\\/mychoccy.com\\\/en\\\/shop-2\\\/\"},{\"@type\":\"ListItem\",\"position\":3,\"name\":\"9 szemes v\u00e1logat\u00e1s &#8211; veg\u00e1n, cukormentes\"}]},{\"@type\":\"WebSite\",\"@id\":\"https:\\\/\\\/mychoccy.com\\\/en\\\/#website\",\"url\":\"https:\\\/\\\/mychoccy.com\\\/en\\\/\",\"name\":\"MyChoccy\",\"description\":\"Csokol\u00e1d\u00e9 kreat\u00edvan\",\"potentialAction\":[{\"@type\":\"SearchAction\",\"target\":{\"@type\":\"EntryPoint\",\"urlTemplate\":\"https:\\\/\\\/mychoccy.com\\\/en\\\/?s={search_term_string}\"},\"query-input\":{\"@type\":\"PropertyValueSpecification\",\"valueRequired\":true,\"valueName\":\"search_term_string\"}}],\"inLanguage\":\"en-US\"}]}<\/script>\n<!-- \/ Yoast SEO plugin. -->","yoast_head_json":{"title":"9 szemes v\u00e1logat\u00e1s - veg\u00e1n, cukormentes - MyChoccy","description":"A bonbonv\u00e1logat\u00e1st \u00fagy \u00e1ll\u00edtottuk \u00f6ssze, hogy cukorbetegek, inzulinrezisztensek \u00e9s Low Carb, illetve KETO di\u00e9t\u00e1t folytat\u00f3k is fogyaszthatj\u00e1k. Azonban","robots":{"index":"index","follow":"follow","max-snippet":"max-snippet:-1","max-image-preview":"max-image-preview:large","max-video-preview":"max-video-preview:-1"},"canonical":"https:\/\/mychoccy.com\/en\/product\/9-szemes-valogatas-cukormentes-es-vegan\/","og_locale":"en_US","og_type":"article","og_title":"9 szemes v\u00e1logat\u00e1s - veg\u00e1n, cukormentes - MyChoccy","og_description":"A bonbonv\u00e1logat\u00e1st \u00fagy \u00e1ll\u00edtottuk \u00f6ssze, hogy cukorbetegek, inzulinrezisztensek \u00e9s Low Carb, illetve KETO di\u00e9t\u00e1t folytat\u00f3k is fogyaszthatj\u00e1k. Azonban","og_url":"https:\/\/mychoccy.com\/en\/product\/9-szemes-valogatas-cukormentes-es-vegan\/","og_site_name":"MyChoccy","article_modified_time":"2026-03-15T14:08:36+00:00","og_image":[{"width":1200,"height":880,"url":"https:\/\/mychoccy.com\/wp-content\/uploads\/2021\/04\/9-szemes-bonbonvalogatas-vegan.jpg","type":"image\/jpeg"}],"twitter_card":"summary_large_image","twitter_misc":{"Est. reading time":"1 minute"},"schema":{"@context":"https:\/\/schema.org","@graph":[{"@type":"WebPage","@id":"https:\/\/mychoccy.com\/en\/product\/9-szemes-valogatas-cukormentes-es-vegan\/","url":"https:\/\/mychoccy.com\/en\/product\/9-szemes-valogatas-cukormentes-es-vegan\/","name":"9 szemes v\u00e1logat\u00e1s - veg\u00e1n, cukormentes - MyChoccy","isPartOf":{"@id":"https:\/\/mychoccy.com\/en\/#website"},"primaryImageOfPage":{"@id":"https:\/\/mychoccy.com\/en\/product\/9-szemes-valogatas-cukormentes-es-vegan\/#primaryimage"},"image":{"@id":"https:\/\/mychoccy.com\/en\/product\/9-szemes-valogatas-cukormentes-es-vegan\/#primaryimage"},"thumbnailUrl":"https:\/\/mychoccy.com\/wp-content\/uploads\/2021\/04\/9-szemes-bonbonvalogatas-vegan.jpg","datePublished":"2021-04-24T03:43:33+00:00","dateModified":"2026-03-15T14:08:36+00:00","description":"A bonbonv\u00e1logat\u00e1st \u00fagy \u00e1ll\u00edtottuk \u00f6ssze, hogy cukorbetegek, inzulinrezisztensek \u00e9s Low Carb, illetve KETO di\u00e9t\u00e1t folytat\u00f3k is fogyaszthatj\u00e1k. Azonban","breadcrumb":{"@id":"https:\/\/mychoccy.com\/en\/product\/9-szemes-valogatas-cukormentes-es-vegan\/#breadcrumb"},"inLanguage":"en-US","potentialAction":[{"@type":"ReadAction","target":["https:\/\/mychoccy.com\/en\/product\/9-szemes-valogatas-cukormentes-es-vegan\/"]}]},{"@type":"ImageObject","inLanguage":"en-US","@id":"https:\/\/mychoccy.com\/en\/product\/9-szemes-valogatas-cukormentes-es-vegan\/#primaryimage","url":"https:\/\/mychoccy.com\/wp-content\/uploads\/2021\/04\/9-szemes-bonbonvalogatas-vegan.jpg","contentUrl":"https:\/\/mychoccy.com\/wp-content\/uploads\/2021\/04\/9-szemes-bonbonvalogatas-vegan.jpg","width":1200,"height":880},{"@type":"BreadcrumbList","@id":"https:\/\/mychoccy.com\/en\/product\/9-szemes-valogatas-cukormentes-es-vegan\/#breadcrumb","itemListElement":[{"@type":"ListItem","position":1,"name":"Home","item":"https:\/\/mychoccy.com\/en\/"},{"@type":"ListItem","position":2,"name":"Shop","item":"https:\/\/mychoccy.com\/en\/shop-2\/"},{"@type":"ListItem","position":3,"name":"9 szemes v\u00e1logat\u00e1s &#8211; veg\u00e1n, cukormentes"}]},{"@type":"WebSite","@id":"https:\/\/mychoccy.com\/en\/#website","url":"https:\/\/mychoccy.com\/en\/","name":"MyChoccy","description":"Csokol\u00e1d\u00e9 kreat\u00edvan","potentialAction":[{"@type":"SearchAction","target":{"@type":"EntryPoint","urlTemplate":"https:\/\/mychoccy.com\/en\/?s={search_term_string}"},"query-input":{"@type":"PropertyValueSpecification","valueRequired":true,"valueName":"search_term_string"}}],"inLanguage":"en-US"}]}},"jetpack_sharing_enabled":true,"_links":{"self":[{"href":"https:\/\/mychoccy.com\/en\/wp-json\/wp\/v2\/product\/15174","targetHints":{"allow":["GET"]}}],"collection":[{"href":"https:\/\/mychoccy.com\/en\/wp-json\/wp\/v2\/product"}],"about":[{"href":"https:\/\/mychoccy.com\/en\/wp-json\/wp\/v2\/types\/product"}],"wp:featuredmedia":[{"embeddable":true,"href":"https:\/\/mychoccy.com\/en\/wp-json\/wp\/v2\/media\/15186"}],"wp:attachment":[{"href":"https:\/\/mychoccy.com\/en\/wp-json\/wp\/v2\/media?parent=15174"}],"wp:term":[{"taxonomy":"product_brand","embeddable":true,"href":"https:\/\/mychoccy.com\/en\/wp-json\/wp\/v2\/product_brand?post=15174"},{"taxonomy":"product_cat","embeddable":true,"href":"https:\/\/mychoccy.com\/en\/wp-json\/wp\/v2\/product_cat?post=15174"},{"taxonomy":"product_tag","embeddable":true,"href":"https:\/\/mychoccy.com\/en\/wp-json\/wp\/v2\/product_tag?post=15174"}],"curies":[{"name":"wp","href":"https:\/\/api.w.org\/{rel}","templated":true}]}}