{"id":14741,"date":"2021-02-03T16:22:49","date_gmt":"2021-02-03T15:22:49","guid":{"rendered":"https:\/\/mychoccy.com\/?post_type=product&#038;p=14741"},"modified":"2025-09-12T11:29:05","modified_gmt":"2025-09-12T09:29:05","slug":"gyomber-bonbon-cukormentes-es-vegan","status":"publish","type":"product","link":"https:\/\/mychoccy.com\/en\/product\/gyomber-bonbon-cukormentes-es-vegan\/","title":{"rendered":"Gy\u00f6mb\u00e9r bonbon (cukormentes \u00e9s veg\u00e1n)"},"content":{"rendered":"<p>A gy\u00f6mb\u00e9r bonbon elk\u00e9sz\u00edt\u00e9s\u00e9hez keser\u0171 \u00e9tcsokol\u00e1d\u00e9t \u00e9s aszalt gy\u00f6mb\u00e9rt haszn\u00e1ltunk, \u00e9ppen ez\u00e9rt a kiss\u00e9 cs\u00edp\u0151s, f\u0171szeres \u00edzek kedvel\u0151i sz\u00e1m\u00e1ra javasoljuk. Mivel a term\u00e9ket diabetikus csokol\u00e1d\u00e9 \u00e9s k\u00f3kusztejsz\u00edn felhaszn\u00e1l\u00e1s\u00e1val k\u00e9sz\u00edtett\u00fck, a bonbont cukorbetegek, inzulinrezisztensek \u00e9s Low Carb, Paleo, veg\u00e1n, illetve KETO di\u00e9t\u00e1t folytat\u00f3k is fogyaszthatj\u00e1k. Azonban ne feledkezz meg a t\u00e1p\u00e9rt\u00e9k adatokr\u00f3l&#8230;teh\u00e1t csak m\u00e9rt\u00e9kkel! \ud83d\ude42<\/p>\n<p>\u00d6sszetev\u0151k: \u00e9tcsokol\u00e1d\u00e9 (\u00e9des\u00edt\u0151szerrel: maltit), k\u00f3kusztejsz\u00edn, gy\u00f6mb\u00e9r<br \/>\nLehets\u00e9ges allerg\u00e9nek: sz\u00f3jalecitin<\/p>\n<p>\u00c1tlagos t\u00e1p\u00e9rt\u00e9k 100g term\u00e9kben:<br \/>\nEnergia: 1819 kJ \/ 436 kcal<br \/>\nZs\u00edr: 32.53 g (amelyb\u0151l tel\u00edtett zs\u00edrsavak: 21,25 g)<br \/>\nSz\u00e9nhidr\u00e1t: 40,35 g (amelyb\u0151l cukrok: 4,79 g;\u00a0poliol: 31,68 g)<br \/>\nFeh\u00e9rje 4,07 g<br \/>\nS\u00f3: 0,02 g<\/p>\n<p>\u00c1tlagos t\u00e1p\u00e9rt\u00e9k 1 db bonbonban:<br \/>\nEnergia: 182 kJ \/ 44 kcal<br \/>\nZs\u00edr: 3,25 g (amelyb\u0151l tel\u00edtett zs\u00edrsavak: 2,13 g)<br \/>\nSz\u00e9nhidr\u00e1t: 4,04 g (amelyb\u0151l cukrok: <strong>0,48 g;\u00a0<\/strong>poliol: 3,17 g)<br \/>\nFeh\u00e9rje 0,41 g<br \/>\nS\u00f3: 0,00 g<\/p>\n<p class=\"p1\"><span class=\"s1\">A t\u00e1p\u00e9rt\u00e9k t\u00e1bl\u00e1zatban felt\u00fcntetett poliol tartalom kiz\u00e1r\u00f3lag a maltit poliol tartalm\u00e1ra \u00e9rtend\u0151.\u00a0<\/span><span class=\"s1\">A csokol\u00e1d\u00e9ban, illetve a gy\u00fcm\u00f6lcs\u00f6kben l\u00e9v\u0151 mono- \u00e9s diszacharidok mennyis\u00e9gei a cukortartalomn\u00e1l vannak felt\u00fcntetve. <\/span><\/p>\n","protected":false},"excerpt":{"rendered":"<p>A gy\u00f6mb\u00e9r bonbon elk\u00e9sz\u00edt\u00e9s\u00e9hez keser\u0171 \u00e9tcsokol\u00e1d\u00e9t \u00e9s aszalt gy\u00f6mb\u00e9rt haszn\u00e1ltunk, \u00e9ppen ez\u00e9rt a kiss\u00e9 cs\u00edp\u0151s, f\u0171szeres \u00edzek kedvel\u0151i sz\u00e1m\u00e1ra javasoljuk. Mivel a term\u00e9ket diabetikus csokol\u00e1d\u00e9 \u00e9s k\u00f3kusztejsz\u00edn felhaszn\u00e1l\u00e1s\u00e1val k\u00e9sz\u00edtett\u00fck, a bonbont cukorbetegek, inzulinrezisztensek \u00e9s Low Carb, Paleo, veg\u00e1n, illetve KETO [&hellip;]<\/p>\n","protected":false},"featured_media":14735,"template":"","meta":{"inline_featured_image":false},"product_brand":[],"product_cat":[363],"product_tag":[303,184,315,366,367],"class_list":{"0":"post-14741","1":"product","2":"type-product","3":"status-publish","4":"has-post-thumbnail","6":"product_cat-mentes-bonbonok","7":"product_tag-diabetikus","8":"product_tag-etcsokolade","9":"product_tag-fuszer","10":"product_tag-laktozmentes","11":"product_tag-vegan","13":"first","14":"instock","15":"taxable","16":"shipping-taxable","17":"purchasable","18":"product-type-simple"},"yoast_head":"<!-- This site is optimized with the Yoast SEO plugin v27.4 - https:\/\/yoast.com\/product\/yoast-seo-wordpress\/ -->\n<title>Gy\u00f6mb\u00e9r bonbon (cukormentes \u00e9s veg\u00e1n) - MyChoccy<\/title>\n<meta name=\"description\" content=\"A gy\u00f6mb\u00e9r bonbon elk\u00e9sz\u00edt\u00e9s\u00e9hez keser\u0171 \u00e9tcsokol\u00e1d\u00e9t \u00e9s aszalt gy\u00f6mb\u00e9rt haszn\u00e1ltunk, \u00e9ppen ez\u00e9rt a kiss\u00e9 cs\u00edp\u0151s, f\u0171szeres \u00edzek kedvel\u0151i sz\u00e1m\u00e1ra javasoljuk.\" \/>\n<meta name=\"robots\" content=\"index, follow, max-snippet:-1, max-image-preview:large, max-video-preview:-1\" \/>\n<link rel=\"canonical\" href=\"https:\/\/mychoccy.com\/en\/product\/gyomber-bonbon-cukormentes-es-vegan\/\" \/>\n<meta property=\"og:locale\" content=\"en_US\" \/>\n<meta property=\"og:type\" content=\"article\" \/>\n<meta property=\"og:title\" content=\"Gy\u00f6mb\u00e9r bonbon (cukormentes \u00e9s veg\u00e1n) - MyChoccy\" \/>\n<meta property=\"og:description\" content=\"A gy\u00f6mb\u00e9r bonbon elk\u00e9sz\u00edt\u00e9s\u00e9hez keser\u0171 \u00e9tcsokol\u00e1d\u00e9t \u00e9s aszalt gy\u00f6mb\u00e9rt haszn\u00e1ltunk, \u00e9ppen ez\u00e9rt a kiss\u00e9 cs\u00edp\u0151s, f\u0171szeres \u00edzek kedvel\u0151i sz\u00e1m\u00e1ra javasoljuk.\" \/>\n<meta property=\"og:url\" content=\"https:\/\/mychoccy.com\/en\/product\/gyomber-bonbon-cukormentes-es-vegan\/\" \/>\n<meta property=\"og:site_name\" content=\"MyChoccy\" \/>\n<meta property=\"article:modified_time\" content=\"2025-09-12T09:29:05+00:00\" \/>\n<meta property=\"og:image\" content=\"https:\/\/mychoccy.com\/wp-content\/uploads\/2021\/02\/gyomber_cukorkentes_vegan-scaled.jpeg\" \/>\n\t<meta property=\"og:image:width\" content=\"2560\" \/>\n\t<meta property=\"og:image:height\" content=\"1707\" \/>\n\t<meta property=\"og:image:type\" content=\"image\/jpeg\" \/>\n<meta name=\"twitter:card\" content=\"summary_large_image\" \/>\n<meta name=\"twitter:label1\" content=\"Est. reading time\" \/>\n\t<meta name=\"twitter:data1\" content=\"1 minute\" \/>\n<script type=\"application\/ld+json\" class=\"yoast-schema-graph\">{\"@context\":\"https:\\\/\\\/schema.org\",\"@graph\":[{\"@type\":\"WebPage\",\"@id\":\"https:\\\/\\\/mychoccy.com\\\/en\\\/product\\\/gyomber-bonbon-cukormentes-es-vegan\\\/\",\"url\":\"https:\\\/\\\/mychoccy.com\\\/en\\\/product\\\/gyomber-bonbon-cukormentes-es-vegan\\\/\",\"name\":\"Gy\u00f6mb\u00e9r bonbon (cukormentes \u00e9s veg\u00e1n) - MyChoccy\",\"isPartOf\":{\"@id\":\"https:\\\/\\\/mychoccy.com\\\/en\\\/#website\"},\"primaryImageOfPage\":{\"@id\":\"https:\\\/\\\/mychoccy.com\\\/en\\\/product\\\/gyomber-bonbon-cukormentes-es-vegan\\\/#primaryimage\"},\"image\":{\"@id\":\"https:\\\/\\\/mychoccy.com\\\/en\\\/product\\\/gyomber-bonbon-cukormentes-es-vegan\\\/#primaryimage\"},\"thumbnailUrl\":\"https:\\\/\\\/mychoccy.com\\\/wp-content\\\/uploads\\\/2021\\\/02\\\/gyomber_cukorkentes_vegan-scaled.jpeg\",\"datePublished\":\"2021-02-03T15:22:49+00:00\",\"dateModified\":\"2025-09-12T09:29:05+00:00\",\"description\":\"A gy\u00f6mb\u00e9r bonbon elk\u00e9sz\u00edt\u00e9s\u00e9hez keser\u0171 \u00e9tcsokol\u00e1d\u00e9t \u00e9s aszalt gy\u00f6mb\u00e9rt haszn\u00e1ltunk, \u00e9ppen ez\u00e9rt a kiss\u00e9 cs\u00edp\u0151s, f\u0171szeres \u00edzek kedvel\u0151i sz\u00e1m\u00e1ra javasoljuk.\",\"breadcrumb\":{\"@id\":\"https:\\\/\\\/mychoccy.com\\\/en\\\/product\\\/gyomber-bonbon-cukormentes-es-vegan\\\/#breadcrumb\"},\"inLanguage\":\"en-US\",\"potentialAction\":[{\"@type\":\"ReadAction\",\"target\":[\"https:\\\/\\\/mychoccy.com\\\/en\\\/product\\\/gyomber-bonbon-cukormentes-es-vegan\\\/\"]}]},{\"@type\":\"ImageObject\",\"inLanguage\":\"en-US\",\"@id\":\"https:\\\/\\\/mychoccy.com\\\/en\\\/product\\\/gyomber-bonbon-cukormentes-es-vegan\\\/#primaryimage\",\"url\":\"https:\\\/\\\/mychoccy.com\\\/wp-content\\\/uploads\\\/2021\\\/02\\\/gyomber_cukorkentes_vegan-scaled.jpeg\",\"contentUrl\":\"https:\\\/\\\/mychoccy.com\\\/wp-content\\\/uploads\\\/2021\\\/02\\\/gyomber_cukorkentes_vegan-scaled.jpeg\",\"width\":2560,\"height\":1707},{\"@type\":\"BreadcrumbList\",\"@id\":\"https:\\\/\\\/mychoccy.com\\\/en\\\/product\\\/gyomber-bonbon-cukormentes-es-vegan\\\/#breadcrumb\",\"itemListElement\":[{\"@type\":\"ListItem\",\"position\":1,\"name\":\"Home\",\"item\":\"https:\\\/\\\/mychoccy.com\\\/en\\\/\"},{\"@type\":\"ListItem\",\"position\":2,\"name\":\"Shop\",\"item\":\"https:\\\/\\\/mychoccy.com\\\/en\\\/shop-2\\\/\"},{\"@type\":\"ListItem\",\"position\":3,\"name\":\"Gy\u00f6mb\u00e9r bonbon (cukormentes \u00e9s veg\u00e1n)\"}]},{\"@type\":\"WebSite\",\"@id\":\"https:\\\/\\\/mychoccy.com\\\/en\\\/#website\",\"url\":\"https:\\\/\\\/mychoccy.com\\\/en\\\/\",\"name\":\"MyChoccy\",\"description\":\"Csokol\u00e1d\u00e9 kreat\u00edvan\",\"potentialAction\":[{\"@type\":\"SearchAction\",\"target\":{\"@type\":\"EntryPoint\",\"urlTemplate\":\"https:\\\/\\\/mychoccy.com\\\/en\\\/?s={search_term_string}\"},\"query-input\":{\"@type\":\"PropertyValueSpecification\",\"valueRequired\":true,\"valueName\":\"search_term_string\"}}],\"inLanguage\":\"en-US\"}]}<\/script>\n<!-- \/ Yoast SEO plugin. -->","yoast_head_json":{"title":"Gy\u00f6mb\u00e9r bonbon (cukormentes \u00e9s veg\u00e1n) - MyChoccy","description":"A gy\u00f6mb\u00e9r bonbon elk\u00e9sz\u00edt\u00e9s\u00e9hez keser\u0171 \u00e9tcsokol\u00e1d\u00e9t \u00e9s aszalt gy\u00f6mb\u00e9rt haszn\u00e1ltunk, \u00e9ppen ez\u00e9rt a kiss\u00e9 cs\u00edp\u0151s, f\u0171szeres \u00edzek kedvel\u0151i sz\u00e1m\u00e1ra javasoljuk.","robots":{"index":"index","follow":"follow","max-snippet":"max-snippet:-1","max-image-preview":"max-image-preview:large","max-video-preview":"max-video-preview:-1"},"canonical":"https:\/\/mychoccy.com\/en\/product\/gyomber-bonbon-cukormentes-es-vegan\/","og_locale":"en_US","og_type":"article","og_title":"Gy\u00f6mb\u00e9r bonbon (cukormentes \u00e9s veg\u00e1n) - MyChoccy","og_description":"A gy\u00f6mb\u00e9r bonbon elk\u00e9sz\u00edt\u00e9s\u00e9hez keser\u0171 \u00e9tcsokol\u00e1d\u00e9t \u00e9s aszalt gy\u00f6mb\u00e9rt haszn\u00e1ltunk, \u00e9ppen ez\u00e9rt a kiss\u00e9 cs\u00edp\u0151s, f\u0171szeres \u00edzek kedvel\u0151i sz\u00e1m\u00e1ra javasoljuk.","og_url":"https:\/\/mychoccy.com\/en\/product\/gyomber-bonbon-cukormentes-es-vegan\/","og_site_name":"MyChoccy","article_modified_time":"2025-09-12T09:29:05+00:00","og_image":[{"width":2560,"height":1707,"url":"https:\/\/mychoccy.com\/wp-content\/uploads\/2021\/02\/gyomber_cukorkentes_vegan-scaled.jpeg","type":"image\/jpeg"}],"twitter_card":"summary_large_image","twitter_misc":{"Est. reading time":"1 minute"},"schema":{"@context":"https:\/\/schema.org","@graph":[{"@type":"WebPage","@id":"https:\/\/mychoccy.com\/en\/product\/gyomber-bonbon-cukormentes-es-vegan\/","url":"https:\/\/mychoccy.com\/en\/product\/gyomber-bonbon-cukormentes-es-vegan\/","name":"Gy\u00f6mb\u00e9r bonbon (cukormentes \u00e9s veg\u00e1n) - MyChoccy","isPartOf":{"@id":"https:\/\/mychoccy.com\/en\/#website"},"primaryImageOfPage":{"@id":"https:\/\/mychoccy.com\/en\/product\/gyomber-bonbon-cukormentes-es-vegan\/#primaryimage"},"image":{"@id":"https:\/\/mychoccy.com\/en\/product\/gyomber-bonbon-cukormentes-es-vegan\/#primaryimage"},"thumbnailUrl":"https:\/\/mychoccy.com\/wp-content\/uploads\/2021\/02\/gyomber_cukorkentes_vegan-scaled.jpeg","datePublished":"2021-02-03T15:22:49+00:00","dateModified":"2025-09-12T09:29:05+00:00","description":"A gy\u00f6mb\u00e9r bonbon elk\u00e9sz\u00edt\u00e9s\u00e9hez keser\u0171 \u00e9tcsokol\u00e1d\u00e9t \u00e9s aszalt gy\u00f6mb\u00e9rt haszn\u00e1ltunk, \u00e9ppen ez\u00e9rt a kiss\u00e9 cs\u00edp\u0151s, f\u0171szeres \u00edzek kedvel\u0151i sz\u00e1m\u00e1ra javasoljuk.","breadcrumb":{"@id":"https:\/\/mychoccy.com\/en\/product\/gyomber-bonbon-cukormentes-es-vegan\/#breadcrumb"},"inLanguage":"en-US","potentialAction":[{"@type":"ReadAction","target":["https:\/\/mychoccy.com\/en\/product\/gyomber-bonbon-cukormentes-es-vegan\/"]}]},{"@type":"ImageObject","inLanguage":"en-US","@id":"https:\/\/mychoccy.com\/en\/product\/gyomber-bonbon-cukormentes-es-vegan\/#primaryimage","url":"https:\/\/mychoccy.com\/wp-content\/uploads\/2021\/02\/gyomber_cukorkentes_vegan-scaled.jpeg","contentUrl":"https:\/\/mychoccy.com\/wp-content\/uploads\/2021\/02\/gyomber_cukorkentes_vegan-scaled.jpeg","width":2560,"height":1707},{"@type":"BreadcrumbList","@id":"https:\/\/mychoccy.com\/en\/product\/gyomber-bonbon-cukormentes-es-vegan\/#breadcrumb","itemListElement":[{"@type":"ListItem","position":1,"name":"Home","item":"https:\/\/mychoccy.com\/en\/"},{"@type":"ListItem","position":2,"name":"Shop","item":"https:\/\/mychoccy.com\/en\/shop-2\/"},{"@type":"ListItem","position":3,"name":"Gy\u00f6mb\u00e9r bonbon (cukormentes \u00e9s veg\u00e1n)"}]},{"@type":"WebSite","@id":"https:\/\/mychoccy.com\/en\/#website","url":"https:\/\/mychoccy.com\/en\/","name":"MyChoccy","description":"Csokol\u00e1d\u00e9 kreat\u00edvan","potentialAction":[{"@type":"SearchAction","target":{"@type":"EntryPoint","urlTemplate":"https:\/\/mychoccy.com\/en\/?s={search_term_string}"},"query-input":{"@type":"PropertyValueSpecification","valueRequired":true,"valueName":"search_term_string"}}],"inLanguage":"en-US"}]}},"jetpack_sharing_enabled":true,"_links":{"self":[{"href":"https:\/\/mychoccy.com\/en\/wp-json\/wp\/v2\/product\/14741","targetHints":{"allow":["GET"]}}],"collection":[{"href":"https:\/\/mychoccy.com\/en\/wp-json\/wp\/v2\/product"}],"about":[{"href":"https:\/\/mychoccy.com\/en\/wp-json\/wp\/v2\/types\/product"}],"wp:featuredmedia":[{"embeddable":true,"href":"https:\/\/mychoccy.com\/en\/wp-json\/wp\/v2\/media\/14735"}],"wp:attachment":[{"href":"https:\/\/mychoccy.com\/en\/wp-json\/wp\/v2\/media?parent=14741"}],"wp:term":[{"taxonomy":"product_brand","embeddable":true,"href":"https:\/\/mychoccy.com\/en\/wp-json\/wp\/v2\/product_brand?post=14741"},{"taxonomy":"product_cat","embeddable":true,"href":"https:\/\/mychoccy.com\/en\/wp-json\/wp\/v2\/product_cat?post=14741"},{"taxonomy":"product_tag","embeddable":true,"href":"https:\/\/mychoccy.com\/en\/wp-json\/wp\/v2\/product_tag?post=14741"}],"curies":[{"name":"wp","href":"https:\/\/api.w.org\/{rel}","templated":true}]}}