{"id":14381,"date":"2020-10-13T15:01:41","date_gmt":"2020-10-13T13:01:41","guid":{"rendered":"https:\/\/mychoccy.com\/?post_type=product&#038;p=14381"},"modified":"2025-09-12T11:29:06","modified_gmt":"2025-09-12T09:29:06","slug":"8-fuszer-bonbon-cukormentes","status":"publish","type":"product","link":"https:\/\/mychoccy.com\/en\/product\/8-fuszer-bonbon-cukormentes\/","title":{"rendered":"8 f\u0171szer bonbon (cukormentes)"},"content":{"rendered":"<p>Az egzotikus, f\u0171szeres \u00edzek kedvel\u0151inek aj\u00e1nljuk ezen bonbonunkat. Mind\u00f6ssze 0,31 g cukortartalommal (1 db bonbonra vonatkoz\u00f3an). Cukorbetegek, inzulinrezisztensek \u00e9s Low Carb, illetve KETO di\u00e9t\u00e1t folytat\u00f3k is fogyaszthatj\u00e1k, azonban ne feledkezz meg a t\u00e1p\u00e9rt\u00e9k adatokr\u00f3l&#8230;teh\u00e1t csak m\u00e9rt\u00e9kkel! \ud83d\ude42<\/p>\n<p>\u00d6sszetev\u0151k: \u00e9tcsokol\u00e1d\u00e9, feh\u00e9r csokol\u00e1d\u00e9 (mindkett\u0151 \u00e9des\u00edt\u0151szerrel: maltit*), tejsz\u00edn, fah\u00e9j, csillag\u00e1nizs, szegf\u0171szeg, \u00e1nizs, \u00e9desk\u00f6m\u00e9ny, szecsu\u00e1ni bors, kardamom, \u0151r\u00f6lt gy\u00f6mb\u00e9r.<br \/>\nLehets\u00e9ges allerg\u00e9nek: sz\u00f3jalecitin, tejpor, tejsz\u00edn<\/p>\n<p>\u00c1tlagos t\u00e1p\u00e9rt\u00e9k 100g term\u00e9kben:<br \/>\nEnergia: 1897 kJ \/ 454 kcal<br \/>\nZs\u00edr: 35,73 g<br \/>\nAmelyb\u0151l tel\u00edtett zs\u00edrsavak: 21,81 g<br \/>\nSz\u00e9nhidr\u00e1t: 40,23 g<br \/>\nAmelyb\u0151l cukrok: 3,83 g<br \/>\npoliol: 35,15 g<br \/>\nFeh\u00e9rje 4,87 g<br \/>\nS\u00f3: 0,10 g<\/p>\n<p>\u00c1tlagos t\u00e1p\u00e9rt\u00e9k 1 db bonbonban:<br \/>\nEnergia: 152 kJ \/ 36 kcal<br \/>\nZs\u00edr: 2,86 g<br \/>\nAmelyb\u0151l tel\u00edtett zs\u00edrsavak: 1,75 g<br \/>\nSz\u00e9nhidr\u00e1t: 3,22 g<br \/>\nAmelyb\u0151l cukrok: <strong>0,31 g<\/strong><br \/>\npoliol: 2,81 g<br \/>\nFeh\u00e9rje 0,39 g<br \/>\nS\u00f3: 0,01 g<\/p>\n<p>*\u00c9des\u00edt\u0151szer: maltit<\/p>\n<p class=\"p1\"><span class=\"s1\">A t\u00e1p\u00e9rt\u00e9k t\u00e1bl\u00e1zatban felt\u00fcntetett poliol tartalom kiz\u00e1r\u00f3lag a maltit poliol tartalm\u00e1ra \u00e9rtend\u0151.\u00a0<\/span><span class=\"s1\">A csokol\u00e1d\u00e9ban, illetve a gy\u00fcm\u00f6lcs\u00f6kben l\u00e9v\u0151 mono- \u00e9s diszacharidok mennyis\u00e9gei a cukortartalomn\u00e1l vannak felt\u00fcntetve. <\/span><\/p>\n","protected":false},"excerpt":{"rendered":"<p>Az egzotikus, f\u0171szeres \u00edzek kedvel\u0151inek aj\u00e1nljuk ezen bonbonunkat. Mind\u00f6ssze 0,31 g cukortartalommal (1 db bonbonra vonatkoz\u00f3an). Cukorbetegek, inzulinrezisztensek \u00e9s Low Carb, illetve KETO di\u00e9t\u00e1t folytat\u00f3k is fogyaszthatj\u00e1k, azonban ne feledkezz meg a t\u00e1p\u00e9rt\u00e9k adatokr\u00f3l&#8230;teh\u00e1t csak m\u00e9rt\u00e9kkel! \ud83d\ude42 \u00d6sszetev\u0151k: \u00e9tcsokol\u00e1d\u00e9, feh\u00e9r [&hellip;]<\/p>\n","protected":false},"featured_media":16923,"template":"","meta":{"inline_featured_image":false},"product_brand":[],"product_cat":[363],"product_tag":[303,184,315],"class_list":{"0":"post-14381","1":"product","2":"type-product","3":"status-publish","4":"has-post-thumbnail","6":"product_cat-mentes-bonbonok","7":"product_tag-diabetikus","8":"product_tag-etcsokolade","9":"product_tag-fuszer","11":"first","12":"instock","13":"taxable","14":"shipping-taxable","15":"purchasable","16":"product-type-simple"},"yoast_head":"<!-- This site is optimized with the Yoast SEO plugin v27.4 - https:\/\/yoast.com\/product\/yoast-seo-wordpress\/ -->\n<title>8 f\u0171szer bonbon (cukormentes) - MyChoccy<\/title>\n<meta name=\"description\" content=\"Az egzotikus, f\u0171szeres \u00edzek kedvel\u0151inek aj\u00e1nljuk ezen bonbonunkat. Mind\u00f6ssze 0,31 g cukortartalommal (1 db bonbonra vonatkoz\u00f3an). Cukorbetegek,\" \/>\n<meta name=\"robots\" content=\"index, follow, max-snippet:-1, max-image-preview:large, max-video-preview:-1\" \/>\n<link rel=\"canonical\" href=\"https:\/\/mychoccy.com\/en\/product\/8-fuszer-bonbon-cukormentes\/\" \/>\n<meta property=\"og:locale\" content=\"en_US\" \/>\n<meta property=\"og:type\" content=\"article\" \/>\n<meta property=\"og:title\" content=\"8 f\u0171szer bonbon (cukormentes) - MyChoccy\" \/>\n<meta property=\"og:description\" content=\"Az egzotikus, f\u0171szeres \u00edzek kedvel\u0151inek aj\u00e1nljuk ezen bonbonunkat. Mind\u00f6ssze 0,31 g cukortartalommal (1 db bonbonra vonatkoz\u00f3an). Cukorbetegek,\" \/>\n<meta property=\"og:url\" content=\"https:\/\/mychoccy.com\/en\/product\/8-fuszer-bonbon-cukormentes\/\" \/>\n<meta property=\"og:site_name\" content=\"MyChoccy\" \/>\n<meta property=\"article:modified_time\" content=\"2025-09-12T09:29:06+00:00\" \/>\n<meta property=\"og:image\" content=\"https:\/\/mychoccy.com\/wp-content\/uploads\/2023\/09\/8fuszer_mentes.jpg\" \/>\n\t<meta property=\"og:image:width\" content=\"1200\" \/>\n\t<meta property=\"og:image:height\" content=\"800\" \/>\n\t<meta property=\"og:image:type\" content=\"image\/jpeg\" \/>\n<meta name=\"twitter:card\" content=\"summary_large_image\" \/>\n<meta name=\"twitter:label1\" content=\"Est. reading time\" \/>\n\t<meta name=\"twitter:data1\" content=\"1 minute\" \/>\n<script type=\"application\/ld+json\" class=\"yoast-schema-graph\">{\"@context\":\"https:\\\/\\\/schema.org\",\"@graph\":[{\"@type\":\"WebPage\",\"@id\":\"https:\\\/\\\/mychoccy.com\\\/en\\\/product\\\/8-fuszer-bonbon-cukormentes\\\/\",\"url\":\"https:\\\/\\\/mychoccy.com\\\/en\\\/product\\\/8-fuszer-bonbon-cukormentes\\\/\",\"name\":\"8 f\u0171szer bonbon (cukormentes) - MyChoccy\",\"isPartOf\":{\"@id\":\"https:\\\/\\\/mychoccy.com\\\/en\\\/#website\"},\"primaryImageOfPage\":{\"@id\":\"https:\\\/\\\/mychoccy.com\\\/en\\\/product\\\/8-fuszer-bonbon-cukormentes\\\/#primaryimage\"},\"image\":{\"@id\":\"https:\\\/\\\/mychoccy.com\\\/en\\\/product\\\/8-fuszer-bonbon-cukormentes\\\/#primaryimage\"},\"thumbnailUrl\":\"https:\\\/\\\/mychoccy.com\\\/wp-content\\\/uploads\\\/2023\\\/09\\\/8fuszer_mentes.jpg\",\"datePublished\":\"2020-10-13T13:01:41+00:00\",\"dateModified\":\"2025-09-12T09:29:06+00:00\",\"description\":\"Az egzotikus, f\u0171szeres \u00edzek kedvel\u0151inek aj\u00e1nljuk ezen bonbonunkat. Mind\u00f6ssze 0,31 g cukortartalommal (1 db bonbonra vonatkoz\u00f3an). Cukorbetegek,\",\"breadcrumb\":{\"@id\":\"https:\\\/\\\/mychoccy.com\\\/en\\\/product\\\/8-fuszer-bonbon-cukormentes\\\/#breadcrumb\"},\"inLanguage\":\"en-US\",\"potentialAction\":[{\"@type\":\"ReadAction\",\"target\":[\"https:\\\/\\\/mychoccy.com\\\/en\\\/product\\\/8-fuszer-bonbon-cukormentes\\\/\"]}]},{\"@type\":\"ImageObject\",\"inLanguage\":\"en-US\",\"@id\":\"https:\\\/\\\/mychoccy.com\\\/en\\\/product\\\/8-fuszer-bonbon-cukormentes\\\/#primaryimage\",\"url\":\"https:\\\/\\\/mychoccy.com\\\/wp-content\\\/uploads\\\/2023\\\/09\\\/8fuszer_mentes.jpg\",\"contentUrl\":\"https:\\\/\\\/mychoccy.com\\\/wp-content\\\/uploads\\\/2023\\\/09\\\/8fuszer_mentes.jpg\",\"width\":1200,\"height\":800},{\"@type\":\"BreadcrumbList\",\"@id\":\"https:\\\/\\\/mychoccy.com\\\/en\\\/product\\\/8-fuszer-bonbon-cukormentes\\\/#breadcrumb\",\"itemListElement\":[{\"@type\":\"ListItem\",\"position\":1,\"name\":\"Home\",\"item\":\"https:\\\/\\\/mychoccy.com\\\/en\\\/\"},{\"@type\":\"ListItem\",\"position\":2,\"name\":\"Shop\",\"item\":\"https:\\\/\\\/mychoccy.com\\\/en\\\/shop-2\\\/\"},{\"@type\":\"ListItem\",\"position\":3,\"name\":\"8 f\u0171szer bonbon (cukormentes)\"}]},{\"@type\":\"WebSite\",\"@id\":\"https:\\\/\\\/mychoccy.com\\\/en\\\/#website\",\"url\":\"https:\\\/\\\/mychoccy.com\\\/en\\\/\",\"name\":\"MyChoccy\",\"description\":\"Csokol\u00e1d\u00e9 kreat\u00edvan\",\"potentialAction\":[{\"@type\":\"SearchAction\",\"target\":{\"@type\":\"EntryPoint\",\"urlTemplate\":\"https:\\\/\\\/mychoccy.com\\\/en\\\/?s={search_term_string}\"},\"query-input\":{\"@type\":\"PropertyValueSpecification\",\"valueRequired\":true,\"valueName\":\"search_term_string\"}}],\"inLanguage\":\"en-US\"}]}<\/script>\n<!-- \/ Yoast SEO plugin. -->","yoast_head_json":{"title":"8 f\u0171szer bonbon (cukormentes) - MyChoccy","description":"Az egzotikus, f\u0171szeres \u00edzek kedvel\u0151inek aj\u00e1nljuk ezen bonbonunkat. Mind\u00f6ssze 0,31 g cukortartalommal (1 db bonbonra vonatkoz\u00f3an). Cukorbetegek,","robots":{"index":"index","follow":"follow","max-snippet":"max-snippet:-1","max-image-preview":"max-image-preview:large","max-video-preview":"max-video-preview:-1"},"canonical":"https:\/\/mychoccy.com\/en\/product\/8-fuszer-bonbon-cukormentes\/","og_locale":"en_US","og_type":"article","og_title":"8 f\u0171szer bonbon (cukormentes) - MyChoccy","og_description":"Az egzotikus, f\u0171szeres \u00edzek kedvel\u0151inek aj\u00e1nljuk ezen bonbonunkat. Mind\u00f6ssze 0,31 g cukortartalommal (1 db bonbonra vonatkoz\u00f3an). Cukorbetegek,","og_url":"https:\/\/mychoccy.com\/en\/product\/8-fuszer-bonbon-cukormentes\/","og_site_name":"MyChoccy","article_modified_time":"2025-09-12T09:29:06+00:00","og_image":[{"width":1200,"height":800,"url":"https:\/\/mychoccy.com\/wp-content\/uploads\/2023\/09\/8fuszer_mentes.jpg","type":"image\/jpeg"}],"twitter_card":"summary_large_image","twitter_misc":{"Est. reading time":"1 minute"},"schema":{"@context":"https:\/\/schema.org","@graph":[{"@type":"WebPage","@id":"https:\/\/mychoccy.com\/en\/product\/8-fuszer-bonbon-cukormentes\/","url":"https:\/\/mychoccy.com\/en\/product\/8-fuszer-bonbon-cukormentes\/","name":"8 f\u0171szer bonbon (cukormentes) - MyChoccy","isPartOf":{"@id":"https:\/\/mychoccy.com\/en\/#website"},"primaryImageOfPage":{"@id":"https:\/\/mychoccy.com\/en\/product\/8-fuszer-bonbon-cukormentes\/#primaryimage"},"image":{"@id":"https:\/\/mychoccy.com\/en\/product\/8-fuszer-bonbon-cukormentes\/#primaryimage"},"thumbnailUrl":"https:\/\/mychoccy.com\/wp-content\/uploads\/2023\/09\/8fuszer_mentes.jpg","datePublished":"2020-10-13T13:01:41+00:00","dateModified":"2025-09-12T09:29:06+00:00","description":"Az egzotikus, f\u0171szeres \u00edzek kedvel\u0151inek aj\u00e1nljuk ezen bonbonunkat. Mind\u00f6ssze 0,31 g cukortartalommal (1 db bonbonra vonatkoz\u00f3an). Cukorbetegek,","breadcrumb":{"@id":"https:\/\/mychoccy.com\/en\/product\/8-fuszer-bonbon-cukormentes\/#breadcrumb"},"inLanguage":"en-US","potentialAction":[{"@type":"ReadAction","target":["https:\/\/mychoccy.com\/en\/product\/8-fuszer-bonbon-cukormentes\/"]}]},{"@type":"ImageObject","inLanguage":"en-US","@id":"https:\/\/mychoccy.com\/en\/product\/8-fuszer-bonbon-cukormentes\/#primaryimage","url":"https:\/\/mychoccy.com\/wp-content\/uploads\/2023\/09\/8fuszer_mentes.jpg","contentUrl":"https:\/\/mychoccy.com\/wp-content\/uploads\/2023\/09\/8fuszer_mentes.jpg","width":1200,"height":800},{"@type":"BreadcrumbList","@id":"https:\/\/mychoccy.com\/en\/product\/8-fuszer-bonbon-cukormentes\/#breadcrumb","itemListElement":[{"@type":"ListItem","position":1,"name":"Home","item":"https:\/\/mychoccy.com\/en\/"},{"@type":"ListItem","position":2,"name":"Shop","item":"https:\/\/mychoccy.com\/en\/shop-2\/"},{"@type":"ListItem","position":3,"name":"8 f\u0171szer bonbon (cukormentes)"}]},{"@type":"WebSite","@id":"https:\/\/mychoccy.com\/en\/#website","url":"https:\/\/mychoccy.com\/en\/","name":"MyChoccy","description":"Csokol\u00e1d\u00e9 kreat\u00edvan","potentialAction":[{"@type":"SearchAction","target":{"@type":"EntryPoint","urlTemplate":"https:\/\/mychoccy.com\/en\/?s={search_term_string}"},"query-input":{"@type":"PropertyValueSpecification","valueRequired":true,"valueName":"search_term_string"}}],"inLanguage":"en-US"}]}},"jetpack_sharing_enabled":true,"_links":{"self":[{"href":"https:\/\/mychoccy.com\/en\/wp-json\/wp\/v2\/product\/14381","targetHints":{"allow":["GET"]}}],"collection":[{"href":"https:\/\/mychoccy.com\/en\/wp-json\/wp\/v2\/product"}],"about":[{"href":"https:\/\/mychoccy.com\/en\/wp-json\/wp\/v2\/types\/product"}],"wp:featuredmedia":[{"embeddable":true,"href":"https:\/\/mychoccy.com\/en\/wp-json\/wp\/v2\/media\/16923"}],"wp:attachment":[{"href":"https:\/\/mychoccy.com\/en\/wp-json\/wp\/v2\/media?parent=14381"}],"wp:term":[{"taxonomy":"product_brand","embeddable":true,"href":"https:\/\/mychoccy.com\/en\/wp-json\/wp\/v2\/product_brand?post=14381"},{"taxonomy":"product_cat","embeddable":true,"href":"https:\/\/mychoccy.com\/en\/wp-json\/wp\/v2\/product_cat?post=14381"},{"taxonomy":"product_tag","embeddable":true,"href":"https:\/\/mychoccy.com\/en\/wp-json\/wp\/v2\/product_tag?post=14381"}],"curies":[{"name":"wp","href":"https:\/\/api.w.org\/{rel}","templated":true}]}}