{"id":14379,"date":"2020-10-13T14:59:57","date_gmt":"2020-10-13T12:59:57","guid":{"rendered":"https:\/\/mychoccy.com\/?post_type=product&#038;p=14379"},"modified":"2025-09-12T11:29:06","modified_gmt":"2025-09-12T09:29:06","slug":"mango-bonbon-cukormentes","status":"publish","type":"product","link":"https:\/\/mychoccy.com\/en\/product\/mango-bonbon-cukormentes\/","title":{"rendered":"Mang\u00f3 bonbon (cukormentes)"},"content":{"rendered":"<p>A mang\u00f3t sok helyen a szerelem szimb\u00f3lum\u00e1nak tekintik. \u00c9s val\u00f3ban, szerelem els\u0151 harap\u00e1sra. Mind\u00f6ssze: 0,38 g cukortartalommal (1 db bonbonra vonatkoz\u00f3an). Cukorbetegek, inzulinrezisztensek \u00e9s Low Carb, illetve KETO di\u00e9t\u00e1t folytat\u00f3k is fogyaszthatj\u00e1k, azonban ne feledkezz meg a t\u00e1p\u00e9rt\u00e9k adatokr\u00f3l&#8230;teh\u00e1t csak m\u00e9rt\u00e9kkel! \ud83d\ude42<\/p>\n<p>\u00d6sszetev\u0151k: \u00e9tcsokol\u00e1d\u00e9, feh\u00e9r csokol\u00e1d\u00e9 (mindkett\u0151 \u00e9des\u00edt\u0151szerrel: maltit*), mang\u00f3 p\u00fcr\u00e9, vaj<br \/>\nLehets\u00e9ges allerg\u00e9nek: sz\u00f3jalecitin, tejpor, vaj<\/p>\n<p>\u00c1tlagos t\u00e1p\u00e9rt\u00e9k 100g term\u00e9kben:<br \/>\nEnergia: 1841 kJ \/ 441 kcal<br \/>\nZs\u00edr: 34,61 g<br \/>\nAmelyb\u0151l tel\u00edtett zs\u00edrsavak: 21,04 g<br \/>\nSz\u00e9nhidr\u00e1t: 38,75 g<br \/>\nAmelyb\u0151l cukrok: 4,80 g<br \/>\npoliol: 32,72 g<br \/>\nFeh\u00e9rje 4,22 g<br \/>\nS\u00f3: 0,07 g<\/p>\n<p>\u00c1tlagos t\u00e1p\u00e9rt\u00e9k 1 db bonbonban:<br \/>\nEnergia: 147 kJ \/ 35 kcal<br \/>\nZs\u00edr: 2,77 g<br \/>\nAmelyb\u0151l tel\u00edtett zs\u00edrsavak: 1,68 g<br \/>\nSz\u00e9nhidr\u00e1t: 3,10 g<br \/>\nAmelyb\u0151l cukrok: <strong>0,38 g<\/strong><br \/>\npoliol: 2,62 g<br \/>\nFeh\u00e9rje 0,34 g<br \/>\nS\u00f3: 0,01 g<\/p>\n<p class=\"p1\"><span class=\"s1\">*\u00c9des\u00edt\u0151szer: maltit<\/span><\/p>\n<p class=\"p1\"><span class=\"s1\">A t\u00e1p\u00e9rt\u00e9k t\u00e1bl\u00e1zatban felt\u00fcntetett poliol tartalom kiz\u00e1r\u00f3lag a maltit poliol tartalm\u00e1ra \u00e9rtend\u0151. <\/span><\/p>\n<p class=\"p1\"><span class=\"s1\">A csokol\u00e1d\u00e9ban, illetve a gy\u00fcm\u00f6lcs\u00f6kben l\u00e9v\u0151 mono- \u00e9s diszacharidok mennyis\u00e9gei a cukortartalomn\u00e1l vannak felt\u00fcntetve. <\/span><\/p>\n","protected":false},"excerpt":{"rendered":"<p>&nbsp;<\/p>\n<p>&nbsp;<\/p>\n","protected":false},"featured_media":16932,"template":"","meta":{"inline_featured_image":false},"product_brand":[],"product_cat":[363],"product_tag":[303,184,313],"class_list":{"0":"post-14379","1":"product","2":"type-product","3":"status-publish","4":"has-post-thumbnail","6":"product_cat-mentes-bonbonok","7":"product_tag-diabetikus","8":"product_tag-etcsokolade","9":"product_tag-gyumolcs","11":"first","12":"instock","13":"taxable","14":"shipping-taxable","15":"purchasable","16":"product-type-simple"},"yoast_head":"<!-- This site is optimized with the Yoast SEO plugin v27.4 - https:\/\/yoast.com\/product\/yoast-seo-wordpress\/ -->\n<title>Mang\u00f3 bonbon (cukormentes) - MyChoccy<\/title>\n<meta name=\"description\" content=\"&nbsp;  &nbsp;\" \/>\n<meta name=\"robots\" content=\"index, follow, max-snippet:-1, max-image-preview:large, max-video-preview:-1\" \/>\n<link rel=\"canonical\" href=\"https:\/\/mychoccy.com\/en\/product\/mango-bonbon-cukormentes\/\" \/>\n<meta property=\"og:locale\" content=\"en_US\" \/>\n<meta property=\"og:type\" content=\"article\" \/>\n<meta property=\"og:title\" content=\"Mang\u00f3 bonbon (cukormentes) - MyChoccy\" \/>\n<meta property=\"og:description\" content=\"&nbsp;  &nbsp;\" \/>\n<meta property=\"og:url\" content=\"https:\/\/mychoccy.com\/en\/product\/mango-bonbon-cukormentes\/\" \/>\n<meta property=\"og:site_name\" content=\"MyChoccy\" \/>\n<meta property=\"article:modified_time\" content=\"2025-09-12T09:29:06+00:00\" \/>\n<meta property=\"og:image\" content=\"https:\/\/mychoccy.com\/wp-content\/uploads\/2023\/09\/mango_mentes.jpg\" \/>\n\t<meta property=\"og:image:width\" content=\"1200\" \/>\n\t<meta property=\"og:image:height\" content=\"800\" \/>\n\t<meta property=\"og:image:type\" content=\"image\/jpeg\" \/>\n<meta name=\"twitter:card\" content=\"summary_large_image\" \/>\n<meta name=\"twitter:label1\" content=\"Est. reading time\" \/>\n\t<meta name=\"twitter:data1\" content=\"1 minute\" \/>\n<script type=\"application\/ld+json\" class=\"yoast-schema-graph\">{\"@context\":\"https:\\\/\\\/schema.org\",\"@graph\":[{\"@type\":\"WebPage\",\"@id\":\"https:\\\/\\\/mychoccy.com\\\/en\\\/product\\\/mango-bonbon-cukormentes\\\/\",\"url\":\"https:\\\/\\\/mychoccy.com\\\/en\\\/product\\\/mango-bonbon-cukormentes\\\/\",\"name\":\"Mang\u00f3 bonbon (cukormentes) - MyChoccy\",\"isPartOf\":{\"@id\":\"https:\\\/\\\/mychoccy.com\\\/en\\\/#website\"},\"primaryImageOfPage\":{\"@id\":\"https:\\\/\\\/mychoccy.com\\\/en\\\/product\\\/mango-bonbon-cukormentes\\\/#primaryimage\"},\"image\":{\"@id\":\"https:\\\/\\\/mychoccy.com\\\/en\\\/product\\\/mango-bonbon-cukormentes\\\/#primaryimage\"},\"thumbnailUrl\":\"https:\\\/\\\/mychoccy.com\\\/wp-content\\\/uploads\\\/2023\\\/09\\\/mango_mentes.jpg\",\"datePublished\":\"2020-10-13T12:59:57+00:00\",\"dateModified\":\"2025-09-12T09:29:06+00:00\",\"description\":\"&nbsp; &nbsp;\",\"breadcrumb\":{\"@id\":\"https:\\\/\\\/mychoccy.com\\\/en\\\/product\\\/mango-bonbon-cukormentes\\\/#breadcrumb\"},\"inLanguage\":\"en-US\",\"potentialAction\":[{\"@type\":\"ReadAction\",\"target\":[\"https:\\\/\\\/mychoccy.com\\\/en\\\/product\\\/mango-bonbon-cukormentes\\\/\"]}]},{\"@type\":\"ImageObject\",\"inLanguage\":\"en-US\",\"@id\":\"https:\\\/\\\/mychoccy.com\\\/en\\\/product\\\/mango-bonbon-cukormentes\\\/#primaryimage\",\"url\":\"https:\\\/\\\/mychoccy.com\\\/wp-content\\\/uploads\\\/2023\\\/09\\\/mango_mentes.jpg\",\"contentUrl\":\"https:\\\/\\\/mychoccy.com\\\/wp-content\\\/uploads\\\/2023\\\/09\\\/mango_mentes.jpg\",\"width\":1200,\"height\":800},{\"@type\":\"BreadcrumbList\",\"@id\":\"https:\\\/\\\/mychoccy.com\\\/en\\\/product\\\/mango-bonbon-cukormentes\\\/#breadcrumb\",\"itemListElement\":[{\"@type\":\"ListItem\",\"position\":1,\"name\":\"Home\",\"item\":\"https:\\\/\\\/mychoccy.com\\\/en\\\/\"},{\"@type\":\"ListItem\",\"position\":2,\"name\":\"Shop\",\"item\":\"https:\\\/\\\/mychoccy.com\\\/en\\\/shop-2\\\/\"},{\"@type\":\"ListItem\",\"position\":3,\"name\":\"Mang\u00f3 bonbon (cukormentes)\"}]},{\"@type\":\"WebSite\",\"@id\":\"https:\\\/\\\/mychoccy.com\\\/en\\\/#website\",\"url\":\"https:\\\/\\\/mychoccy.com\\\/en\\\/\",\"name\":\"MyChoccy\",\"description\":\"Csokol\u00e1d\u00e9 kreat\u00edvan\",\"potentialAction\":[{\"@type\":\"SearchAction\",\"target\":{\"@type\":\"EntryPoint\",\"urlTemplate\":\"https:\\\/\\\/mychoccy.com\\\/en\\\/?s={search_term_string}\"},\"query-input\":{\"@type\":\"PropertyValueSpecification\",\"valueRequired\":true,\"valueName\":\"search_term_string\"}}],\"inLanguage\":\"en-US\"}]}<\/script>\n<!-- \/ Yoast SEO plugin. -->","yoast_head_json":{"title":"Mang\u00f3 bonbon (cukormentes) - MyChoccy","description":"&nbsp;  &nbsp;","robots":{"index":"index","follow":"follow","max-snippet":"max-snippet:-1","max-image-preview":"max-image-preview:large","max-video-preview":"max-video-preview:-1"},"canonical":"https:\/\/mychoccy.com\/en\/product\/mango-bonbon-cukormentes\/","og_locale":"en_US","og_type":"article","og_title":"Mang\u00f3 bonbon (cukormentes) - MyChoccy","og_description":"&nbsp;  &nbsp;","og_url":"https:\/\/mychoccy.com\/en\/product\/mango-bonbon-cukormentes\/","og_site_name":"MyChoccy","article_modified_time":"2025-09-12T09:29:06+00:00","og_image":[{"width":1200,"height":800,"url":"https:\/\/mychoccy.com\/wp-content\/uploads\/2023\/09\/mango_mentes.jpg","type":"image\/jpeg"}],"twitter_card":"summary_large_image","twitter_misc":{"Est. reading time":"1 minute"},"schema":{"@context":"https:\/\/schema.org","@graph":[{"@type":"WebPage","@id":"https:\/\/mychoccy.com\/en\/product\/mango-bonbon-cukormentes\/","url":"https:\/\/mychoccy.com\/en\/product\/mango-bonbon-cukormentes\/","name":"Mang\u00f3 bonbon (cukormentes) - MyChoccy","isPartOf":{"@id":"https:\/\/mychoccy.com\/en\/#website"},"primaryImageOfPage":{"@id":"https:\/\/mychoccy.com\/en\/product\/mango-bonbon-cukormentes\/#primaryimage"},"image":{"@id":"https:\/\/mychoccy.com\/en\/product\/mango-bonbon-cukormentes\/#primaryimage"},"thumbnailUrl":"https:\/\/mychoccy.com\/wp-content\/uploads\/2023\/09\/mango_mentes.jpg","datePublished":"2020-10-13T12:59:57+00:00","dateModified":"2025-09-12T09:29:06+00:00","description":"&nbsp; &nbsp;","breadcrumb":{"@id":"https:\/\/mychoccy.com\/en\/product\/mango-bonbon-cukormentes\/#breadcrumb"},"inLanguage":"en-US","potentialAction":[{"@type":"ReadAction","target":["https:\/\/mychoccy.com\/en\/product\/mango-bonbon-cukormentes\/"]}]},{"@type":"ImageObject","inLanguage":"en-US","@id":"https:\/\/mychoccy.com\/en\/product\/mango-bonbon-cukormentes\/#primaryimage","url":"https:\/\/mychoccy.com\/wp-content\/uploads\/2023\/09\/mango_mentes.jpg","contentUrl":"https:\/\/mychoccy.com\/wp-content\/uploads\/2023\/09\/mango_mentes.jpg","width":1200,"height":800},{"@type":"BreadcrumbList","@id":"https:\/\/mychoccy.com\/en\/product\/mango-bonbon-cukormentes\/#breadcrumb","itemListElement":[{"@type":"ListItem","position":1,"name":"Home","item":"https:\/\/mychoccy.com\/en\/"},{"@type":"ListItem","position":2,"name":"Shop","item":"https:\/\/mychoccy.com\/en\/shop-2\/"},{"@type":"ListItem","position":3,"name":"Mang\u00f3 bonbon (cukormentes)"}]},{"@type":"WebSite","@id":"https:\/\/mychoccy.com\/en\/#website","url":"https:\/\/mychoccy.com\/en\/","name":"MyChoccy","description":"Csokol\u00e1d\u00e9 kreat\u00edvan","potentialAction":[{"@type":"SearchAction","target":{"@type":"EntryPoint","urlTemplate":"https:\/\/mychoccy.com\/en\/?s={search_term_string}"},"query-input":{"@type":"PropertyValueSpecification","valueRequired":true,"valueName":"search_term_string"}}],"inLanguage":"en-US"}]}},"jetpack_sharing_enabled":true,"_links":{"self":[{"href":"https:\/\/mychoccy.com\/en\/wp-json\/wp\/v2\/product\/14379","targetHints":{"allow":["GET"]}}],"collection":[{"href":"https:\/\/mychoccy.com\/en\/wp-json\/wp\/v2\/product"}],"about":[{"href":"https:\/\/mychoccy.com\/en\/wp-json\/wp\/v2\/types\/product"}],"wp:featuredmedia":[{"embeddable":true,"href":"https:\/\/mychoccy.com\/en\/wp-json\/wp\/v2\/media\/16932"}],"wp:attachment":[{"href":"https:\/\/mychoccy.com\/en\/wp-json\/wp\/v2\/media?parent=14379"}],"wp:term":[{"taxonomy":"product_brand","embeddable":true,"href":"https:\/\/mychoccy.com\/en\/wp-json\/wp\/v2\/product_brand?post=14379"},{"taxonomy":"product_cat","embeddable":true,"href":"https:\/\/mychoccy.com\/en\/wp-json\/wp\/v2\/product_cat?post=14379"},{"taxonomy":"product_tag","embeddable":true,"href":"https:\/\/mychoccy.com\/en\/wp-json\/wp\/v2\/product_tag?post=14379"}],"curies":[{"name":"wp","href":"https:\/\/api.w.org\/{rel}","templated":true}]}}