{"id":14377,"date":"2020-10-13T14:57:57","date_gmt":"2020-10-13T12:57:57","guid":{"rendered":"https:\/\/mychoccy.com\/?post_type=product&#038;p=14377"},"modified":"2025-09-12T11:29:06","modified_gmt":"2025-09-12T09:29:06","slug":"rozsaborsos-balzsamecetes-bonbon-laktozmentes","status":"publish","type":"product","link":"https:\/\/mychoccy.com\/en\/product\/rozsaborsos-balzsamecetes-bonbon-laktozmentes\/","title":{"rendered":"R\u00f3zsaborsos &#8211; balzsamecetes bonbon (cukor- \u00e9s lakt\u00f3zmentes)"},"content":{"rendered":"<p>A r\u00f3zsabors enyh\u00e9n cs\u00edp\u0151s f\u0171szeres karaktere, a balzsamecet b\u00e1rsonyosan l\u00e1gy savass\u00e1ga \u00e9s az \u00e9tcsokol\u00e1d\u00e9 \u00e9desen keserny\u00e9s \u00edze fantasztikus \u00edzharm\u00f3ni\u00e1t alkot a bonbonban.<\/p>\n<p>\u00d6sszetev\u0151k: \u00e9tcsokol\u00e1d\u00e9, lakt\u00f3zmentes tejsz\u00edn, balzsamecet, r\u00f3zsabors<br \/>\nLehets\u00e9ges allerg\u00e9nek: sz\u00f3jalecitin, tejfeh\u00e9rje<\/p>\n<p>\u00c1tlagos t\u00e1p\u00e9rt\u00e9k 100g term\u00e9kben:<br \/>\nEnergia: 1780 kJ \/ 426 kcal<br \/>\nZs\u00edr: 32,02 g<br \/>\nAmelyb\u0151l tel\u00edtett zs\u00edrsavak: 19,49 g<br \/>\nSz\u00e9nhidr\u00e1t: 39,41 g<br \/>\nAmelyb\u0151l cukrok: 4,34 g<br \/>\npoliol: 32,46 g<br \/>\nFeh\u00e9rje 4,29 g<br \/>\nS\u00f3: 0,03 g<\/p>\n<p>\u00c1tlagos t\u00e1p\u00e9rt\u00e9k 1 db bonbonban:<br \/>\nEnergia: 142 kJ \/ 34 kcal<br \/>\nZs\u00edr: 2,56 g<br \/>\nAmelyb\u0151l tel\u00edtett zs\u00edrsavak: 1,56 g<br \/>\nSz\u00e9nhidr\u00e1t: 3,15 g<br \/>\nAmelyb\u0151l cukrok: <strong>0,35 g<\/strong><br \/>\npoliol: 2,60 g<br \/>\nFeh\u00e9rje 0,34 g<br \/>\nS\u00f3: 0,00 g<\/p>\n<p>*\u00c9des\u00edt\u0151szer: maltit<\/p>\n<p class=\"p1\"><span class=\"s1\">A t\u00e1p\u00e9rt\u00e9k t\u00e1bl\u00e1zatban felt\u00fcntetett poliol tartalom kiz\u00e1r\u00f3lag a maltit poliol tartalm\u00e1ra \u00e9rtend\u0151.\u00a0<\/span><span class=\"s1\">A csokol\u00e1d\u00e9ban, illetve a gy\u00fcm\u00f6lcs\u00f6kben l\u00e9v\u0151 mono- \u00e9s diszacharidok mennyis\u00e9gei a cukortartalomn\u00e1l vannak felt\u00fcntetve.<\/span><\/p>\n","protected":false},"excerpt":{"rendered":"<p>A r\u00f3zsabors enyh\u00e9n cs\u00edp\u0151s f\u0171szeres karaktere, a balzsamecet b\u00e1rsonyosan l\u00e1gy savass\u00e1ga \u00e9s az \u00e9tcsokol\u00e1d\u00e9 \u00e9desen keserny\u00e9s \u00edze fantasztikus \u00edzharm\u00f3ni\u00e1t alkot a bonbonban. \u00d6sszetev\u0151k: \u00e9tcsokol\u00e1d\u00e9, lakt\u00f3zmentes tejsz\u00edn, balzsamecet, r\u00f3zsabors Lehets\u00e9ges allerg\u00e9nek: sz\u00f3jalecitin, tejfeh\u00e9rje \u00c1tlagos t\u00e1p\u00e9rt\u00e9k 100g term\u00e9kben: Energia: 1780 kJ \/ [&hellip;]<\/p>\n","protected":false},"featured_media":16935,"template":"","meta":{"inline_featured_image":false},"product_brand":[],"product_cat":[363],"product_tag":[303,184,315,366],"class_list":{"0":"post-14377","1":"product","2":"type-product","3":"status-publish","4":"has-post-thumbnail","6":"product_cat-mentes-bonbonok","7":"product_tag-diabetikus","8":"product_tag-etcsokolade","9":"product_tag-fuszer","10":"product_tag-laktozmentes","12":"first","13":"instock","14":"taxable","15":"shipping-taxable","16":"purchasable","17":"product-type-simple"},"yoast_head":"<!-- This site is optimized with the Yoast SEO plugin v27.4 - https:\/\/yoast.com\/product\/yoast-seo-wordpress\/ -->\n<title>R\u00f3zsaborsos - balzsamecetes bonbon (cukor- \u00e9s lakt\u00f3zmentes) - MyChoccy<\/title>\n<meta name=\"description\" content=\"A r\u00f3zsabors enyh\u00e9n cs\u00edp\u0151s f\u0171szeres karaktere, a balzsamecet b\u00e1rsonyosan l\u00e1gy savass\u00e1ga \u00e9s az \u00e9tcsokol\u00e1d\u00e9 \u00e9desen keserny\u00e9s \u00edze fantasztikus \u00edzharm\u00f3ni\u00e1t\" \/>\n<meta name=\"robots\" content=\"index, follow, max-snippet:-1, max-image-preview:large, max-video-preview:-1\" \/>\n<link rel=\"canonical\" href=\"https:\/\/mychoccy.com\/en\/product\/rozsaborsos-balzsamecetes-bonbon-laktozmentes\/\" \/>\n<meta property=\"og:locale\" content=\"en_US\" \/>\n<meta property=\"og:type\" content=\"article\" \/>\n<meta property=\"og:title\" content=\"R\u00f3zsaborsos - balzsamecetes bonbon (cukor- \u00e9s lakt\u00f3zmentes) - MyChoccy\" \/>\n<meta property=\"og:description\" content=\"A r\u00f3zsabors enyh\u00e9n cs\u00edp\u0151s f\u0171szeres karaktere, a balzsamecet b\u00e1rsonyosan l\u00e1gy savass\u00e1ga \u00e9s az \u00e9tcsokol\u00e1d\u00e9 \u00e9desen keserny\u00e9s \u00edze fantasztikus \u00edzharm\u00f3ni\u00e1t\" \/>\n<meta property=\"og:url\" content=\"https:\/\/mychoccy.com\/en\/product\/rozsaborsos-balzsamecetes-bonbon-laktozmentes\/\" \/>\n<meta property=\"og:site_name\" content=\"MyChoccy\" \/>\n<meta property=\"article:modified_time\" content=\"2025-09-12T09:29:06+00:00\" \/>\n<meta property=\"og:image\" content=\"https:\/\/mychoccy.com\/wp-content\/uploads\/2023\/09\/rozsabors-balzsamecet_mentes.jpg\" \/>\n\t<meta property=\"og:image:width\" content=\"1200\" \/>\n\t<meta property=\"og:image:height\" content=\"800\" \/>\n\t<meta property=\"og:image:type\" content=\"image\/jpeg\" \/>\n<meta name=\"twitter:card\" content=\"summary_large_image\" \/>\n<meta name=\"twitter:label1\" content=\"Est. reading time\" \/>\n\t<meta name=\"twitter:data1\" content=\"1 minute\" \/>\n<script type=\"application\/ld+json\" class=\"yoast-schema-graph\">{\"@context\":\"https:\\\/\\\/schema.org\",\"@graph\":[{\"@type\":\"WebPage\",\"@id\":\"https:\\\/\\\/mychoccy.com\\\/en\\\/product\\\/rozsaborsos-balzsamecetes-bonbon-laktozmentes\\\/\",\"url\":\"https:\\\/\\\/mychoccy.com\\\/en\\\/product\\\/rozsaborsos-balzsamecetes-bonbon-laktozmentes\\\/\",\"name\":\"R\u00f3zsaborsos - balzsamecetes bonbon (cukor- \u00e9s lakt\u00f3zmentes) - MyChoccy\",\"isPartOf\":{\"@id\":\"https:\\\/\\\/mychoccy.com\\\/en\\\/#website\"},\"primaryImageOfPage\":{\"@id\":\"https:\\\/\\\/mychoccy.com\\\/en\\\/product\\\/rozsaborsos-balzsamecetes-bonbon-laktozmentes\\\/#primaryimage\"},\"image\":{\"@id\":\"https:\\\/\\\/mychoccy.com\\\/en\\\/product\\\/rozsaborsos-balzsamecetes-bonbon-laktozmentes\\\/#primaryimage\"},\"thumbnailUrl\":\"https:\\\/\\\/mychoccy.com\\\/wp-content\\\/uploads\\\/2023\\\/09\\\/rozsabors-balzsamecet_mentes.jpg\",\"datePublished\":\"2020-10-13T12:57:57+00:00\",\"dateModified\":\"2025-09-12T09:29:06+00:00\",\"description\":\"A r\u00f3zsabors enyh\u00e9n cs\u00edp\u0151s f\u0171szeres karaktere, a balzsamecet b\u00e1rsonyosan l\u00e1gy savass\u00e1ga \u00e9s az \u00e9tcsokol\u00e1d\u00e9 \u00e9desen keserny\u00e9s \u00edze fantasztikus \u00edzharm\u00f3ni\u00e1t\",\"breadcrumb\":{\"@id\":\"https:\\\/\\\/mychoccy.com\\\/en\\\/product\\\/rozsaborsos-balzsamecetes-bonbon-laktozmentes\\\/#breadcrumb\"},\"inLanguage\":\"en-US\",\"potentialAction\":[{\"@type\":\"ReadAction\",\"target\":[\"https:\\\/\\\/mychoccy.com\\\/en\\\/product\\\/rozsaborsos-balzsamecetes-bonbon-laktozmentes\\\/\"]}]},{\"@type\":\"ImageObject\",\"inLanguage\":\"en-US\",\"@id\":\"https:\\\/\\\/mychoccy.com\\\/en\\\/product\\\/rozsaborsos-balzsamecetes-bonbon-laktozmentes\\\/#primaryimage\",\"url\":\"https:\\\/\\\/mychoccy.com\\\/wp-content\\\/uploads\\\/2023\\\/09\\\/rozsabors-balzsamecet_mentes.jpg\",\"contentUrl\":\"https:\\\/\\\/mychoccy.com\\\/wp-content\\\/uploads\\\/2023\\\/09\\\/rozsabors-balzsamecet_mentes.jpg\",\"width\":1200,\"height\":800},{\"@type\":\"BreadcrumbList\",\"@id\":\"https:\\\/\\\/mychoccy.com\\\/en\\\/product\\\/rozsaborsos-balzsamecetes-bonbon-laktozmentes\\\/#breadcrumb\",\"itemListElement\":[{\"@type\":\"ListItem\",\"position\":1,\"name\":\"Home\",\"item\":\"https:\\\/\\\/mychoccy.com\\\/en\\\/\"},{\"@type\":\"ListItem\",\"position\":2,\"name\":\"Shop\",\"item\":\"https:\\\/\\\/mychoccy.com\\\/en\\\/shop-2\\\/\"},{\"@type\":\"ListItem\",\"position\":3,\"name\":\"R\u00f3zsaborsos &#8211; balzsamecetes bonbon (cukor- \u00e9s lakt\u00f3zmentes)\"}]},{\"@type\":\"WebSite\",\"@id\":\"https:\\\/\\\/mychoccy.com\\\/en\\\/#website\",\"url\":\"https:\\\/\\\/mychoccy.com\\\/en\\\/\",\"name\":\"MyChoccy\",\"description\":\"Csokol\u00e1d\u00e9 kreat\u00edvan\",\"potentialAction\":[{\"@type\":\"SearchAction\",\"target\":{\"@type\":\"EntryPoint\",\"urlTemplate\":\"https:\\\/\\\/mychoccy.com\\\/en\\\/?s={search_term_string}\"},\"query-input\":{\"@type\":\"PropertyValueSpecification\",\"valueRequired\":true,\"valueName\":\"search_term_string\"}}],\"inLanguage\":\"en-US\"}]}<\/script>\n<!-- \/ Yoast SEO plugin. -->","yoast_head_json":{"title":"R\u00f3zsaborsos - balzsamecetes bonbon (cukor- \u00e9s lakt\u00f3zmentes) - MyChoccy","description":"A r\u00f3zsabors enyh\u00e9n cs\u00edp\u0151s f\u0171szeres karaktere, a balzsamecet b\u00e1rsonyosan l\u00e1gy savass\u00e1ga \u00e9s az \u00e9tcsokol\u00e1d\u00e9 \u00e9desen keserny\u00e9s \u00edze fantasztikus \u00edzharm\u00f3ni\u00e1t","robots":{"index":"index","follow":"follow","max-snippet":"max-snippet:-1","max-image-preview":"max-image-preview:large","max-video-preview":"max-video-preview:-1"},"canonical":"https:\/\/mychoccy.com\/en\/product\/rozsaborsos-balzsamecetes-bonbon-laktozmentes\/","og_locale":"en_US","og_type":"article","og_title":"R\u00f3zsaborsos - balzsamecetes bonbon (cukor- \u00e9s lakt\u00f3zmentes) - MyChoccy","og_description":"A r\u00f3zsabors enyh\u00e9n cs\u00edp\u0151s f\u0171szeres karaktere, a balzsamecet b\u00e1rsonyosan l\u00e1gy savass\u00e1ga \u00e9s az \u00e9tcsokol\u00e1d\u00e9 \u00e9desen keserny\u00e9s \u00edze fantasztikus \u00edzharm\u00f3ni\u00e1t","og_url":"https:\/\/mychoccy.com\/en\/product\/rozsaborsos-balzsamecetes-bonbon-laktozmentes\/","og_site_name":"MyChoccy","article_modified_time":"2025-09-12T09:29:06+00:00","og_image":[{"width":1200,"height":800,"url":"https:\/\/mychoccy.com\/wp-content\/uploads\/2023\/09\/rozsabors-balzsamecet_mentes.jpg","type":"image\/jpeg"}],"twitter_card":"summary_large_image","twitter_misc":{"Est. reading time":"1 minute"},"schema":{"@context":"https:\/\/schema.org","@graph":[{"@type":"WebPage","@id":"https:\/\/mychoccy.com\/en\/product\/rozsaborsos-balzsamecetes-bonbon-laktozmentes\/","url":"https:\/\/mychoccy.com\/en\/product\/rozsaborsos-balzsamecetes-bonbon-laktozmentes\/","name":"R\u00f3zsaborsos - balzsamecetes bonbon (cukor- \u00e9s lakt\u00f3zmentes) - MyChoccy","isPartOf":{"@id":"https:\/\/mychoccy.com\/en\/#website"},"primaryImageOfPage":{"@id":"https:\/\/mychoccy.com\/en\/product\/rozsaborsos-balzsamecetes-bonbon-laktozmentes\/#primaryimage"},"image":{"@id":"https:\/\/mychoccy.com\/en\/product\/rozsaborsos-balzsamecetes-bonbon-laktozmentes\/#primaryimage"},"thumbnailUrl":"https:\/\/mychoccy.com\/wp-content\/uploads\/2023\/09\/rozsabors-balzsamecet_mentes.jpg","datePublished":"2020-10-13T12:57:57+00:00","dateModified":"2025-09-12T09:29:06+00:00","description":"A r\u00f3zsabors enyh\u00e9n cs\u00edp\u0151s f\u0171szeres karaktere, a balzsamecet b\u00e1rsonyosan l\u00e1gy savass\u00e1ga \u00e9s az \u00e9tcsokol\u00e1d\u00e9 \u00e9desen keserny\u00e9s \u00edze fantasztikus \u00edzharm\u00f3ni\u00e1t","breadcrumb":{"@id":"https:\/\/mychoccy.com\/en\/product\/rozsaborsos-balzsamecetes-bonbon-laktozmentes\/#breadcrumb"},"inLanguage":"en-US","potentialAction":[{"@type":"ReadAction","target":["https:\/\/mychoccy.com\/en\/product\/rozsaborsos-balzsamecetes-bonbon-laktozmentes\/"]}]},{"@type":"ImageObject","inLanguage":"en-US","@id":"https:\/\/mychoccy.com\/en\/product\/rozsaborsos-balzsamecetes-bonbon-laktozmentes\/#primaryimage","url":"https:\/\/mychoccy.com\/wp-content\/uploads\/2023\/09\/rozsabors-balzsamecet_mentes.jpg","contentUrl":"https:\/\/mychoccy.com\/wp-content\/uploads\/2023\/09\/rozsabors-balzsamecet_mentes.jpg","width":1200,"height":800},{"@type":"BreadcrumbList","@id":"https:\/\/mychoccy.com\/en\/product\/rozsaborsos-balzsamecetes-bonbon-laktozmentes\/#breadcrumb","itemListElement":[{"@type":"ListItem","position":1,"name":"Home","item":"https:\/\/mychoccy.com\/en\/"},{"@type":"ListItem","position":2,"name":"Shop","item":"https:\/\/mychoccy.com\/en\/shop-2\/"},{"@type":"ListItem","position":3,"name":"R\u00f3zsaborsos &#8211; balzsamecetes bonbon (cukor- \u00e9s lakt\u00f3zmentes)"}]},{"@type":"WebSite","@id":"https:\/\/mychoccy.com\/en\/#website","url":"https:\/\/mychoccy.com\/en\/","name":"MyChoccy","description":"Csokol\u00e1d\u00e9 kreat\u00edvan","potentialAction":[{"@type":"SearchAction","target":{"@type":"EntryPoint","urlTemplate":"https:\/\/mychoccy.com\/en\/?s={search_term_string}"},"query-input":{"@type":"PropertyValueSpecification","valueRequired":true,"valueName":"search_term_string"}}],"inLanguage":"en-US"}]}},"jetpack_sharing_enabled":true,"_links":{"self":[{"href":"https:\/\/mychoccy.com\/en\/wp-json\/wp\/v2\/product\/14377","targetHints":{"allow":["GET"]}}],"collection":[{"href":"https:\/\/mychoccy.com\/en\/wp-json\/wp\/v2\/product"}],"about":[{"href":"https:\/\/mychoccy.com\/en\/wp-json\/wp\/v2\/types\/product"}],"wp:featuredmedia":[{"embeddable":true,"href":"https:\/\/mychoccy.com\/en\/wp-json\/wp\/v2\/media\/16935"}],"wp:attachment":[{"href":"https:\/\/mychoccy.com\/en\/wp-json\/wp\/v2\/media?parent=14377"}],"wp:term":[{"taxonomy":"product_brand","embeddable":true,"href":"https:\/\/mychoccy.com\/en\/wp-json\/wp\/v2\/product_brand?post=14377"},{"taxonomy":"product_cat","embeddable":true,"href":"https:\/\/mychoccy.com\/en\/wp-json\/wp\/v2\/product_cat?post=14377"},{"taxonomy":"product_tag","embeddable":true,"href":"https:\/\/mychoccy.com\/en\/wp-json\/wp\/v2\/product_tag?post=14377"}],"curies":[{"name":"wp","href":"https:\/\/api.w.org\/{rel}","templated":true}]}}