{"id":14374,"date":"2020-10-13T14:39:35","date_gmt":"2020-10-13T12:39:35","guid":{"rendered":"https:\/\/mychoccy.com\/?post_type=product&#038;p=14374"},"modified":"2025-09-12T11:29:07","modified_gmt":"2025-09-12T09:29:07","slug":"chili-bonbon-cukor-es-laktozmentes","status":"publish","type":"product","link":"https:\/\/mychoccy.com\/en\/product\/chili-bonbon-cukor-es-laktozmentes\/","title":{"rendered":"Chili bonbon (cukor- \u00e9s lakt\u00f3zmentes)"},"content":{"rendered":"<p>Ebben a bonbonban a keserny\u00e9s csokol\u00e1d\u00e9 \u00e9s a cs\u00edp\u0151s szellemchili fantasztikus h\u00e1zas\u00edt\u00e1sa jelenik meg. K\u00fcl\u00f6n kiemeln\u00e9nk a v\u00e1laszt\u00e9kb\u00f3l, mivel mind\u00f6ssze 0,06 g cukortartalommal rendelkezik (1 db bonbonra vonatkoz\u00f3an). M\u00e1s sz\u00f3val cukorbetegek, inzulinrezisztensek \u00e9s Low Carb, illetve KETO di\u00e9t\u00e1t folytat\u00f3k is fogyaszthatj\u00e1k, azonban ne feledkezz meg a t\u00e1p\u00e9rt\u00e9k adatokr\u00f3l&#8230;teh\u00e1t csak m\u00e9rt\u00e9kkel! \ud83d\ude42<\/p>\n<p>\u00d6sszetev\u0151k: \u00e9tcsokol\u00e1d\u00e9 (\u00e9des\u00edt\u0151szer: maltit), lakt\u00f3zmentes tejsz\u00edn, szellemchili<br \/>\nLehets\u00e9ges allerg\u00e9nek: sz\u00f3jalecitin, tejfeh\u00e9rje<\/p>\n<p>\u00c1tlagos t\u00e1p\u00e9rt\u00e9k 100g term\u00e9kben:<br \/>\nEnergia: 1845 kJ \/ 442 kcal<br \/>\nZs\u00edr: 34,84 g (amelyb\u0151l tel\u00edtett zs\u00edrsavak: 21,23 g)<br \/>\nSz\u00e9nhidr\u00e1t: 37,64 g (amelyb\u0151l cukrok: 0,70 g,\u00a0poliol: 34,84 g)Feh\u00e9rje 4,60 g<br \/>\nS\u00f3: 0,03 g<\/p>\n<p>\u00c1tlagos t\u00e1p\u00e9rt\u00e9k 1 db bonbonban:<br \/>\nEnergia: 148 kJ \/ 35 kcal<br \/>\nZs\u00edr: 2,79 g (amelyb\u0151l tel\u00edtett zs\u00edrsavak: 1,70 g)<br \/>\nSz\u00e9nhidr\u00e1t: 3,01 g (amelyb\u0151l cukrok: <strong>0,06 g,\u00a0<\/strong>poliol: 2,79 g)<br \/>\nFeh\u00e9rje 0,37 g<br \/>\nS\u00f3: 0,00 g<\/p>\n<p class=\"p1\"><span class=\"s1\">A t\u00e1p\u00e9rt\u00e9k t\u00e1bl\u00e1zatban felt\u00fcntetett poliol tartalom kiz\u00e1r\u00f3lag a maltit poliol tartalm\u00e1ra \u00e9rtend\u0151. Azonban a<\/span><span class=\"s1\">\u00a0csokol\u00e1d\u00e9ban, illetve a gy\u00fcm\u00f6lcs\u00f6kben l\u00e9v\u0151 mono- \u00e9s diszacharidok mennyis\u00e9gei a cukortartalomn\u00e1l vannak felt\u00fcntetve. <\/span><\/p>\n","protected":false},"excerpt":{"rendered":"<p>Ebben a bonbonban a keserny\u00e9s csokol\u00e1d\u00e9 \u00e9s a cs\u00edp\u0151s szellemchili fantasztikus h\u00e1zas\u00edt\u00e1sa jelenik meg. K\u00fcl\u00f6n kiemeln\u00e9nk a v\u00e1laszt\u00e9kb\u00f3l, mivel mind\u00f6ssze 0,06 g cukortartalommal rendelkezik (1 db bonbonra vonatkoz\u00f3an). M\u00e1s sz\u00f3val cukorbetegek, inzulinrezisztensek \u00e9s Low Carb, illetve KETO di\u00e9t\u00e1t folytat\u00f3k is [&hellip;]<\/p>\n","protected":false},"featured_media":16926,"template":"","meta":{"inline_featured_image":false},"product_brand":[],"product_cat":[363],"product_tag":[303,184,315,366],"class_list":{"0":"post-14374","1":"product","2":"type-product","3":"status-publish","4":"has-post-thumbnail","6":"product_cat-mentes-bonbonok","7":"product_tag-diabetikus","8":"product_tag-etcsokolade","9":"product_tag-fuszer","10":"product_tag-laktozmentes","12":"first","13":"instock","14":"taxable","15":"shipping-taxable","16":"purchasable","17":"product-type-simple"},"yoast_head":"<!-- This site is optimized with the Yoast SEO plugin v27.5 - https:\/\/yoast.com\/product\/yoast-seo-wordpress\/ -->\n<title>Chili bonbon (cukor- \u00e9s lakt\u00f3zmentes) - MyChoccy<\/title>\n<meta name=\"description\" content=\"Cukormentes \u00e9s lakt\u00f3zmentes chili bonbon, amely csokol\u00e1d\u00e9 t\u00f6k\u00e9letes a k\u00fcl\u00f6nb\u00f6z\u0151 di\u00e9t\u00e1t folytat\u00f3 emberek sz\u00e1m\u00e1ra\" \/>\n<meta name=\"robots\" content=\"index, follow, max-snippet:-1, max-image-preview:large, max-video-preview:-1\" \/>\n<link rel=\"canonical\" href=\"https:\/\/mychoccy.com\/en\/product\/chili-bonbon-cukor-es-laktozmentes\/\" \/>\n<meta property=\"og:locale\" content=\"en_US\" \/>\n<meta property=\"og:type\" content=\"article\" \/>\n<meta property=\"og:title\" content=\"Chili bonbon (cukor- \u00e9s lakt\u00f3zmentes) - MyChoccy\" \/>\n<meta property=\"og:description\" content=\"Cukormentes \u00e9s lakt\u00f3zmentes chili bonbon, amely csokol\u00e1d\u00e9 t\u00f6k\u00e9letes a k\u00fcl\u00f6nb\u00f6z\u0151 di\u00e9t\u00e1t folytat\u00f3 emberek sz\u00e1m\u00e1ra\" \/>\n<meta property=\"og:url\" content=\"https:\/\/mychoccy.com\/en\/product\/chili-bonbon-cukor-es-laktozmentes\/\" \/>\n<meta property=\"og:site_name\" content=\"MyChoccy\" \/>\n<meta property=\"article:modified_time\" content=\"2025-09-12T09:29:07+00:00\" \/>\n<meta property=\"og:image\" content=\"https:\/\/mychoccy.com\/wp-content\/uploads\/2023\/09\/chili_mentes.jpg\" \/>\n\t<meta property=\"og:image:width\" content=\"1200\" \/>\n\t<meta property=\"og:image:height\" content=\"800\" \/>\n\t<meta property=\"og:image:type\" content=\"image\/jpeg\" \/>\n<meta name=\"twitter:card\" content=\"summary_large_image\" \/>\n<meta name=\"twitter:label1\" content=\"Est. reading time\" \/>\n\t<meta name=\"twitter:data1\" content=\"1 minute\" \/>\n<script type=\"application\/ld+json\" class=\"yoast-schema-graph\">{\"@context\":\"https:\\\/\\\/schema.org\",\"@graph\":[{\"@type\":\"WebPage\",\"@id\":\"https:\\\/\\\/mychoccy.com\\\/en\\\/product\\\/chili-bonbon-cukor-es-laktozmentes\\\/\",\"url\":\"https:\\\/\\\/mychoccy.com\\\/en\\\/product\\\/chili-bonbon-cukor-es-laktozmentes\\\/\",\"name\":\"Chili bonbon (cukor- \u00e9s lakt\u00f3zmentes) - MyChoccy\",\"isPartOf\":{\"@id\":\"https:\\\/\\\/mychoccy.com\\\/en\\\/#website\"},\"primaryImageOfPage\":{\"@id\":\"https:\\\/\\\/mychoccy.com\\\/en\\\/product\\\/chili-bonbon-cukor-es-laktozmentes\\\/#primaryimage\"},\"image\":{\"@id\":\"https:\\\/\\\/mychoccy.com\\\/en\\\/product\\\/chili-bonbon-cukor-es-laktozmentes\\\/#primaryimage\"},\"thumbnailUrl\":\"https:\\\/\\\/mychoccy.com\\\/wp-content\\\/uploads\\\/2023\\\/09\\\/chili_mentes.jpg\",\"datePublished\":\"2020-10-13T12:39:35+00:00\",\"dateModified\":\"2025-09-12T09:29:07+00:00\",\"description\":\"Cukormentes \u00e9s lakt\u00f3zmentes chili bonbon, amely csokol\u00e1d\u00e9 t\u00f6k\u00e9letes a k\u00fcl\u00f6nb\u00f6z\u0151 di\u00e9t\u00e1t folytat\u00f3 emberek sz\u00e1m\u00e1ra\",\"breadcrumb\":{\"@id\":\"https:\\\/\\\/mychoccy.com\\\/en\\\/product\\\/chili-bonbon-cukor-es-laktozmentes\\\/#breadcrumb\"},\"inLanguage\":\"en-US\",\"potentialAction\":[{\"@type\":\"ReadAction\",\"target\":[\"https:\\\/\\\/mychoccy.com\\\/en\\\/product\\\/chili-bonbon-cukor-es-laktozmentes\\\/\"]}]},{\"@type\":\"ImageObject\",\"inLanguage\":\"en-US\",\"@id\":\"https:\\\/\\\/mychoccy.com\\\/en\\\/product\\\/chili-bonbon-cukor-es-laktozmentes\\\/#primaryimage\",\"url\":\"https:\\\/\\\/mychoccy.com\\\/wp-content\\\/uploads\\\/2023\\\/09\\\/chili_mentes.jpg\",\"contentUrl\":\"https:\\\/\\\/mychoccy.com\\\/wp-content\\\/uploads\\\/2023\\\/09\\\/chili_mentes.jpg\",\"width\":1200,\"height\":800},{\"@type\":\"BreadcrumbList\",\"@id\":\"https:\\\/\\\/mychoccy.com\\\/en\\\/product\\\/chili-bonbon-cukor-es-laktozmentes\\\/#breadcrumb\",\"itemListElement\":[{\"@type\":\"ListItem\",\"position\":1,\"name\":\"Home\",\"item\":\"https:\\\/\\\/mychoccy.com\\\/en\\\/\"},{\"@type\":\"ListItem\",\"position\":2,\"name\":\"Shop\",\"item\":\"https:\\\/\\\/mychoccy.com\\\/en\\\/shop-2\\\/\"},{\"@type\":\"ListItem\",\"position\":3,\"name\":\"Chili bonbon (cukor- \u00e9s lakt\u00f3zmentes)\"}]},{\"@type\":\"WebSite\",\"@id\":\"https:\\\/\\\/mychoccy.com\\\/en\\\/#website\",\"url\":\"https:\\\/\\\/mychoccy.com\\\/en\\\/\",\"name\":\"MyChoccy\",\"description\":\"Csokol\u00e1d\u00e9 kreat\u00edvan\",\"potentialAction\":[{\"@type\":\"SearchAction\",\"target\":{\"@type\":\"EntryPoint\",\"urlTemplate\":\"https:\\\/\\\/mychoccy.com\\\/en\\\/?s={search_term_string}\"},\"query-input\":{\"@type\":\"PropertyValueSpecification\",\"valueRequired\":true,\"valueName\":\"search_term_string\"}}],\"inLanguage\":\"en-US\"}]}<\/script>\n<!-- \/ Yoast SEO plugin. -->","yoast_head_json":{"title":"Chili bonbon (cukor- \u00e9s lakt\u00f3zmentes) - MyChoccy","description":"Cukormentes \u00e9s lakt\u00f3zmentes chili bonbon, amely csokol\u00e1d\u00e9 t\u00f6k\u00e9letes a k\u00fcl\u00f6nb\u00f6z\u0151 di\u00e9t\u00e1t folytat\u00f3 emberek sz\u00e1m\u00e1ra","robots":{"index":"index","follow":"follow","max-snippet":"max-snippet:-1","max-image-preview":"max-image-preview:large","max-video-preview":"max-video-preview:-1"},"canonical":"https:\/\/mychoccy.com\/en\/product\/chili-bonbon-cukor-es-laktozmentes\/","og_locale":"en_US","og_type":"article","og_title":"Chili bonbon (cukor- \u00e9s lakt\u00f3zmentes) - MyChoccy","og_description":"Cukormentes \u00e9s lakt\u00f3zmentes chili bonbon, amely csokol\u00e1d\u00e9 t\u00f6k\u00e9letes a k\u00fcl\u00f6nb\u00f6z\u0151 di\u00e9t\u00e1t folytat\u00f3 emberek sz\u00e1m\u00e1ra","og_url":"https:\/\/mychoccy.com\/en\/product\/chili-bonbon-cukor-es-laktozmentes\/","og_site_name":"MyChoccy","article_modified_time":"2025-09-12T09:29:07+00:00","og_image":[{"width":1200,"height":800,"url":"https:\/\/mychoccy.com\/wp-content\/uploads\/2023\/09\/chili_mentes.jpg","type":"image\/jpeg"}],"twitter_card":"summary_large_image","twitter_misc":{"Est. reading time":"1 minute"},"schema":{"@context":"https:\/\/schema.org","@graph":[{"@type":"WebPage","@id":"https:\/\/mychoccy.com\/en\/product\/chili-bonbon-cukor-es-laktozmentes\/","url":"https:\/\/mychoccy.com\/en\/product\/chili-bonbon-cukor-es-laktozmentes\/","name":"Chili bonbon (cukor- \u00e9s lakt\u00f3zmentes) - MyChoccy","isPartOf":{"@id":"https:\/\/mychoccy.com\/en\/#website"},"primaryImageOfPage":{"@id":"https:\/\/mychoccy.com\/en\/product\/chili-bonbon-cukor-es-laktozmentes\/#primaryimage"},"image":{"@id":"https:\/\/mychoccy.com\/en\/product\/chili-bonbon-cukor-es-laktozmentes\/#primaryimage"},"thumbnailUrl":"https:\/\/mychoccy.com\/wp-content\/uploads\/2023\/09\/chili_mentes.jpg","datePublished":"2020-10-13T12:39:35+00:00","dateModified":"2025-09-12T09:29:07+00:00","description":"Cukormentes \u00e9s lakt\u00f3zmentes chili bonbon, amely csokol\u00e1d\u00e9 t\u00f6k\u00e9letes a k\u00fcl\u00f6nb\u00f6z\u0151 di\u00e9t\u00e1t folytat\u00f3 emberek sz\u00e1m\u00e1ra","breadcrumb":{"@id":"https:\/\/mychoccy.com\/en\/product\/chili-bonbon-cukor-es-laktozmentes\/#breadcrumb"},"inLanguage":"en-US","potentialAction":[{"@type":"ReadAction","target":["https:\/\/mychoccy.com\/en\/product\/chili-bonbon-cukor-es-laktozmentes\/"]}]},{"@type":"ImageObject","inLanguage":"en-US","@id":"https:\/\/mychoccy.com\/en\/product\/chili-bonbon-cukor-es-laktozmentes\/#primaryimage","url":"https:\/\/mychoccy.com\/wp-content\/uploads\/2023\/09\/chili_mentes.jpg","contentUrl":"https:\/\/mychoccy.com\/wp-content\/uploads\/2023\/09\/chili_mentes.jpg","width":1200,"height":800},{"@type":"BreadcrumbList","@id":"https:\/\/mychoccy.com\/en\/product\/chili-bonbon-cukor-es-laktozmentes\/#breadcrumb","itemListElement":[{"@type":"ListItem","position":1,"name":"Home","item":"https:\/\/mychoccy.com\/en\/"},{"@type":"ListItem","position":2,"name":"Shop","item":"https:\/\/mychoccy.com\/en\/shop-2\/"},{"@type":"ListItem","position":3,"name":"Chili bonbon (cukor- \u00e9s lakt\u00f3zmentes)"}]},{"@type":"WebSite","@id":"https:\/\/mychoccy.com\/en\/#website","url":"https:\/\/mychoccy.com\/en\/","name":"MyChoccy","description":"Csokol\u00e1d\u00e9 kreat\u00edvan","potentialAction":[{"@type":"SearchAction","target":{"@type":"EntryPoint","urlTemplate":"https:\/\/mychoccy.com\/en\/?s={search_term_string}"},"query-input":{"@type":"PropertyValueSpecification","valueRequired":true,"valueName":"search_term_string"}}],"inLanguage":"en-US"}]}},"jetpack_sharing_enabled":true,"_links":{"self":[{"href":"https:\/\/mychoccy.com\/en\/wp-json\/wp\/v2\/product\/14374","targetHints":{"allow":["GET"]}}],"collection":[{"href":"https:\/\/mychoccy.com\/en\/wp-json\/wp\/v2\/product"}],"about":[{"href":"https:\/\/mychoccy.com\/en\/wp-json\/wp\/v2\/types\/product"}],"wp:featuredmedia":[{"embeddable":true,"href":"https:\/\/mychoccy.com\/en\/wp-json\/wp\/v2\/media\/16926"}],"wp:attachment":[{"href":"https:\/\/mychoccy.com\/en\/wp-json\/wp\/v2\/media?parent=14374"}],"wp:term":[{"taxonomy":"product_brand","embeddable":true,"href":"https:\/\/mychoccy.com\/en\/wp-json\/wp\/v2\/product_brand?post=14374"},{"taxonomy":"product_cat","embeddable":true,"href":"https:\/\/mychoccy.com\/en\/wp-json\/wp\/v2\/product_cat?post=14374"},{"taxonomy":"product_tag","embeddable":true,"href":"https:\/\/mychoccy.com\/en\/wp-json\/wp\/v2\/product_tag?post=14374"}],"curies":[{"name":"wp","href":"https:\/\/api.w.org\/{rel}","templated":true}]}}