{"id":14098,"date":"2020-05-15T10:42:41","date_gmt":"2020-05-15T08:42:41","guid":{"rendered":"https:\/\/mychoccy.com\/?post_type=product&#038;p=14098"},"modified":"2022-09-01T18:59:59","modified_gmt":"2022-09-01T16:59:59","slug":"robbano-cukorkas-mogyoros-bonbon","status":"publish","type":"product","link":"https:\/\/mychoccy.com\/en\/product\/robbano-cukorkas-mogyoros-bonbon\/","title":{"rendered":"Robban\u00f3 cukork\u00e1s &#8211; mogyor\u00f3s bonbon"},"content":{"rendered":"<p class=\"p1\"><span class=\"s1\">Allerg\u00e9nek: tejpor, vaj, sz\u00f3jalecitin, mogyor\u00f3<\/span><\/p>\n","protected":false},"excerpt":{"rendered":"<p>Allerg\u00e9nek: tejpor, vaj, sz\u00f3jalecitin, mogyor\u00f3<\/p>\n","protected":false},"featured_media":14084,"template":"","meta":{"inline_featured_image":false},"product_brand":[],"product_cat":[362],"product_tag":[],"class_list":{"0":"post-14098","1":"product","2":"type-product","3":"status-publish","4":"has-post-thumbnail","6":"product_cat-gyereknapi-nyalanksagok","8":"first","9":"outofstock","10":"taxable","11":"shipping-taxable","12":"purchasable","13":"product-type-simple"},"yoast_head":"<!-- This site is optimized with the Yoast SEO plugin v27.5 - https:\/\/yoast.com\/product\/yoast-seo-wordpress\/ -->\n<title>Robban\u00f3 cukork\u00e1s - mogyor\u00f3s bonbon - MyChoccy<\/title>\n<meta name=\"description\" content=\"Allerg\u00e9nek: tejpor, vaj, sz\u00f3jalecitin, mogyor\u00f3\" \/>\n<meta name=\"robots\" content=\"index, follow, max-snippet:-1, max-image-preview:large, max-video-preview:-1\" \/>\n<link rel=\"canonical\" href=\"https:\/\/mychoccy.com\/en\/product\/robbano-cukorkas-mogyoros-bonbon\/\" \/>\n<meta property=\"og:locale\" content=\"en_US\" \/>\n<meta property=\"og:type\" content=\"article\" \/>\n<meta property=\"og:title\" content=\"Robban\u00f3 cukork\u00e1s - mogyor\u00f3s bonbon - MyChoccy\" \/>\n<meta property=\"og:description\" content=\"Allerg\u00e9nek: tejpor, vaj, sz\u00f3jalecitin, mogyor\u00f3\" \/>\n<meta property=\"og:url\" content=\"https:\/\/mychoccy.com\/en\/product\/robbano-cukorkas-mogyoros-bonbon\/\" \/>\n<meta property=\"og:site_name\" content=\"MyChoccy\" \/>\n<meta property=\"article:modified_time\" content=\"2022-09-01T16:59:59+00:00\" \/>\n<meta property=\"og:image\" content=\"https:\/\/mychoccy.com\/wp-content\/uploads\/2020\/05\/IMG_2112-scaled.jpeg\" \/>\n\t<meta property=\"og:image:width\" content=\"2560\" \/>\n\t<meta property=\"og:image:height\" content=\"1707\" \/>\n\t<meta property=\"og:image:type\" content=\"image\/jpeg\" \/>\n<meta name=\"twitter:card\" content=\"summary_large_image\" \/>\n<script type=\"application\/ld+json\" class=\"yoast-schema-graph\">{\"@context\":\"https:\\\/\\\/schema.org\",\"@graph\":[{\"@type\":\"WebPage\",\"@id\":\"https:\\\/\\\/mychoccy.com\\\/en\\\/product\\\/robbano-cukorkas-mogyoros-bonbon\\\/\",\"url\":\"https:\\\/\\\/mychoccy.com\\\/en\\\/product\\\/robbano-cukorkas-mogyoros-bonbon\\\/\",\"name\":\"Robban\u00f3 cukork\u00e1s - mogyor\u00f3s bonbon - MyChoccy\",\"isPartOf\":{\"@id\":\"https:\\\/\\\/mychoccy.com\\\/en\\\/#website\"},\"primaryImageOfPage\":{\"@id\":\"https:\\\/\\\/mychoccy.com\\\/en\\\/product\\\/robbano-cukorkas-mogyoros-bonbon\\\/#primaryimage\"},\"image\":{\"@id\":\"https:\\\/\\\/mychoccy.com\\\/en\\\/product\\\/robbano-cukorkas-mogyoros-bonbon\\\/#primaryimage\"},\"thumbnailUrl\":\"https:\\\/\\\/mychoccy.com\\\/wp-content\\\/uploads\\\/2020\\\/05\\\/IMG_2112-scaled.jpeg\",\"datePublished\":\"2020-05-15T08:42:41+00:00\",\"dateModified\":\"2022-09-01T16:59:59+00:00\",\"description\":\"Allerg\u00e9nek: tejpor, vaj, sz\u00f3jalecitin, mogyor\u00f3\",\"breadcrumb\":{\"@id\":\"https:\\\/\\\/mychoccy.com\\\/en\\\/product\\\/robbano-cukorkas-mogyoros-bonbon\\\/#breadcrumb\"},\"inLanguage\":\"en-US\",\"potentialAction\":[{\"@type\":\"ReadAction\",\"target\":[\"https:\\\/\\\/mychoccy.com\\\/en\\\/product\\\/robbano-cukorkas-mogyoros-bonbon\\\/\"]}]},{\"@type\":\"ImageObject\",\"inLanguage\":\"en-US\",\"@id\":\"https:\\\/\\\/mychoccy.com\\\/en\\\/product\\\/robbano-cukorkas-mogyoros-bonbon\\\/#primaryimage\",\"url\":\"https:\\\/\\\/mychoccy.com\\\/wp-content\\\/uploads\\\/2020\\\/05\\\/IMG_2112-scaled.jpeg\",\"contentUrl\":\"https:\\\/\\\/mychoccy.com\\\/wp-content\\\/uploads\\\/2020\\\/05\\\/IMG_2112-scaled.jpeg\",\"width\":2560,\"height\":1707,\"caption\":\"k\u00e9zm\u0171ves bonbon \\\/ robban\u00f3 cukor - mogyor\u00f3\"},{\"@type\":\"BreadcrumbList\",\"@id\":\"https:\\\/\\\/mychoccy.com\\\/en\\\/product\\\/robbano-cukorkas-mogyoros-bonbon\\\/#breadcrumb\",\"itemListElement\":[{\"@type\":\"ListItem\",\"position\":1,\"name\":\"Home\",\"item\":\"https:\\\/\\\/mychoccy.com\\\/en\\\/\"},{\"@type\":\"ListItem\",\"position\":2,\"name\":\"Shop\",\"item\":\"https:\\\/\\\/mychoccy.com\\\/en\\\/shop-2\\\/\"},{\"@type\":\"ListItem\",\"position\":3,\"name\":\"Robban\u00f3 cukork\u00e1s &#8211; mogyor\u00f3s bonbon\"}]},{\"@type\":\"WebSite\",\"@id\":\"https:\\\/\\\/mychoccy.com\\\/en\\\/#website\",\"url\":\"https:\\\/\\\/mychoccy.com\\\/en\\\/\",\"name\":\"MyChoccy\",\"description\":\"Csokol\u00e1d\u00e9 kreat\u00edvan\",\"potentialAction\":[{\"@type\":\"SearchAction\",\"target\":{\"@type\":\"EntryPoint\",\"urlTemplate\":\"https:\\\/\\\/mychoccy.com\\\/en\\\/?s={search_term_string}\"},\"query-input\":{\"@type\":\"PropertyValueSpecification\",\"valueRequired\":true,\"valueName\":\"search_term_string\"}}],\"inLanguage\":\"en-US\"}]}<\/script>\n<!-- \/ Yoast SEO plugin. -->","yoast_head_json":{"title":"Robban\u00f3 cukork\u00e1s - mogyor\u00f3s bonbon - MyChoccy","description":"Allerg\u00e9nek: tejpor, vaj, sz\u00f3jalecitin, mogyor\u00f3","robots":{"index":"index","follow":"follow","max-snippet":"max-snippet:-1","max-image-preview":"max-image-preview:large","max-video-preview":"max-video-preview:-1"},"canonical":"https:\/\/mychoccy.com\/en\/product\/robbano-cukorkas-mogyoros-bonbon\/","og_locale":"en_US","og_type":"article","og_title":"Robban\u00f3 cukork\u00e1s - mogyor\u00f3s bonbon - MyChoccy","og_description":"Allerg\u00e9nek: tejpor, vaj, sz\u00f3jalecitin, mogyor\u00f3","og_url":"https:\/\/mychoccy.com\/en\/product\/robbano-cukorkas-mogyoros-bonbon\/","og_site_name":"MyChoccy","article_modified_time":"2022-09-01T16:59:59+00:00","og_image":[{"width":2560,"height":1707,"url":"https:\/\/mychoccy.com\/wp-content\/uploads\/2020\/05\/IMG_2112-scaled.jpeg","type":"image\/jpeg"}],"twitter_card":"summary_large_image","schema":{"@context":"https:\/\/schema.org","@graph":[{"@type":"WebPage","@id":"https:\/\/mychoccy.com\/en\/product\/robbano-cukorkas-mogyoros-bonbon\/","url":"https:\/\/mychoccy.com\/en\/product\/robbano-cukorkas-mogyoros-bonbon\/","name":"Robban\u00f3 cukork\u00e1s - mogyor\u00f3s bonbon - MyChoccy","isPartOf":{"@id":"https:\/\/mychoccy.com\/en\/#website"},"primaryImageOfPage":{"@id":"https:\/\/mychoccy.com\/en\/product\/robbano-cukorkas-mogyoros-bonbon\/#primaryimage"},"image":{"@id":"https:\/\/mychoccy.com\/en\/product\/robbano-cukorkas-mogyoros-bonbon\/#primaryimage"},"thumbnailUrl":"https:\/\/mychoccy.com\/wp-content\/uploads\/2020\/05\/IMG_2112-scaled.jpeg","datePublished":"2020-05-15T08:42:41+00:00","dateModified":"2022-09-01T16:59:59+00:00","description":"Allerg\u00e9nek: tejpor, vaj, sz\u00f3jalecitin, mogyor\u00f3","breadcrumb":{"@id":"https:\/\/mychoccy.com\/en\/product\/robbano-cukorkas-mogyoros-bonbon\/#breadcrumb"},"inLanguage":"en-US","potentialAction":[{"@type":"ReadAction","target":["https:\/\/mychoccy.com\/en\/product\/robbano-cukorkas-mogyoros-bonbon\/"]}]},{"@type":"ImageObject","inLanguage":"en-US","@id":"https:\/\/mychoccy.com\/en\/product\/robbano-cukorkas-mogyoros-bonbon\/#primaryimage","url":"https:\/\/mychoccy.com\/wp-content\/uploads\/2020\/05\/IMG_2112-scaled.jpeg","contentUrl":"https:\/\/mychoccy.com\/wp-content\/uploads\/2020\/05\/IMG_2112-scaled.jpeg","width":2560,"height":1707,"caption":"k\u00e9zm\u0171ves bonbon \/ robban\u00f3 cukor - mogyor\u00f3"},{"@type":"BreadcrumbList","@id":"https:\/\/mychoccy.com\/en\/product\/robbano-cukorkas-mogyoros-bonbon\/#breadcrumb","itemListElement":[{"@type":"ListItem","position":1,"name":"Home","item":"https:\/\/mychoccy.com\/en\/"},{"@type":"ListItem","position":2,"name":"Shop","item":"https:\/\/mychoccy.com\/en\/shop-2\/"},{"@type":"ListItem","position":3,"name":"Robban\u00f3 cukork\u00e1s &#8211; mogyor\u00f3s bonbon"}]},{"@type":"WebSite","@id":"https:\/\/mychoccy.com\/en\/#website","url":"https:\/\/mychoccy.com\/en\/","name":"MyChoccy","description":"Csokol\u00e1d\u00e9 kreat\u00edvan","potentialAction":[{"@type":"SearchAction","target":{"@type":"EntryPoint","urlTemplate":"https:\/\/mychoccy.com\/en\/?s={search_term_string}"},"query-input":{"@type":"PropertyValueSpecification","valueRequired":true,"valueName":"search_term_string"}}],"inLanguage":"en-US"}]}},"jetpack_sharing_enabled":true,"_links":{"self":[{"href":"https:\/\/mychoccy.com\/en\/wp-json\/wp\/v2\/product\/14098","targetHints":{"allow":["GET"]}}],"collection":[{"href":"https:\/\/mychoccy.com\/en\/wp-json\/wp\/v2\/product"}],"about":[{"href":"https:\/\/mychoccy.com\/en\/wp-json\/wp\/v2\/types\/product"}],"wp:featuredmedia":[{"embeddable":true,"href":"https:\/\/mychoccy.com\/en\/wp-json\/wp\/v2\/media\/14084"}],"wp:attachment":[{"href":"https:\/\/mychoccy.com\/en\/wp-json\/wp\/v2\/media?parent=14098"}],"wp:term":[{"taxonomy":"product_brand","embeddable":true,"href":"https:\/\/mychoccy.com\/en\/wp-json\/wp\/v2\/product_brand?post=14098"},{"taxonomy":"product_cat","embeddable":true,"href":"https:\/\/mychoccy.com\/en\/wp-json\/wp\/v2\/product_cat?post=14098"},{"taxonomy":"product_tag","embeddable":true,"href":"https:\/\/mychoccy.com\/en\/wp-json\/wp\/v2\/product_tag?post=14098"}],"curies":[{"name":"wp","href":"https:\/\/api.w.org\/{rel}","templated":true}]}}