{"id":13683,"date":"2020-04-16T17:32:40","date_gmt":"2020-04-16T15:32:40","guid":{"rendered":"https:\/\/mychoccy.com\/?post_type=product&#038;p=13683"},"modified":"2024-09-26T07:42:15","modified_gmt":"2024-09-26T05:42:15","slug":"tort-tablas-csokolade-et-and-tej-torokmogyoroval","status":"publish","type":"product","link":"https:\/\/mychoccy.com\/en\/product\/tort-tablas-csokolade-et-and-tej-torokmogyoroval\/","title":{"rendered":"T\u00f6rt t\u00e1bl\u00e1s csokol\u00e1d\u00e9 &#8211; \u00e9t &#038; tejcsokol\u00e1d\u00e9 t\u00f6r\u00f6kmogyor\u00f3val"},"content":{"rendered":"<p>\u00d6sszetev\u0151k:\u00a0<a href=\"https:\/\/mychoccy.com\/product\/tejcsokolade-336-250g\/\" target=\"_blank\" rel=\"noopener noreferrer\">Tejcsokol\u00e1d\u00e9 33,6 %<\/a>, <a href=\"https:\/\/mychoccy.com\/product\/etcsokolade-545-1000g\/\">\u00c9tcsokol\u00e1d\u00e9 54,5%<\/a> ,\u00a0<a href=\"https:\/\/mychoccy.com\/product\/torokmogyoro-hantolt\/\" target=\"_blank\" rel=\"noopener noreferrer\">T\u00f6r\u00f6kmogyor\u00f3, h\u00e1ntolt<\/a><\/p>\n<p>Allerg\u00e9nek: sz\u00f3jalecitin, tejpor, mogyor\u00f3<\/p>\n","protected":false},"excerpt":{"rendered":"<p>Rengeteg pir\u00edtott, eg\u00e9sz t\u00f6r\u00f6kmogyor\u00f3 k\u00e9t r\u00e9teg csokol\u00e1d\u00e9 k\u00f6z\u00f6tt. K\u00fcl\u00f6nleges, mogyor\u00f3s \u00edzvil\u00e1g, ahol egyszerre van jelen a kr\u00e9mes, l\u00e1gy tejcsokol\u00e1d\u00e9 \u00e9s a keserny\u00e9s, telt \u00e9tcsokol\u00e1d\u00e9!<\/p>\n<p>Nett\u00f3 t\u00f6meg: 100 g<\/p>\n","protected":false},"featured_media":12825,"template":"","meta":{"inline_featured_image":false},"product_brand":[],"product_cat":[242],"product_tag":[184,320,300],"class_list":{"0":"post-13683","1":"product","2":"type-product","3":"status-publish","4":"has-post-thumbnail","6":"product_cat-tablas-csokoladek","7":"product_tag-etcsokolade","8":"product_tag-olajos-mag","9":"product_tag-tejcsokolade","11":"first","12":"instock","13":"taxable","14":"shipping-taxable","15":"purchasable","16":"product-type-simple"},"yoast_head":"<!-- This site is optimized with the Yoast SEO plugin v27.4 - https:\/\/yoast.com\/product\/yoast-seo-wordpress\/ -->\n<title>T\u00f6rt t\u00e1bl\u00e1s csokol\u00e1d\u00e9 - \u00e9t &amp; tejcsokol\u00e1d\u00e9 t\u00f6r\u00f6kmogyor\u00f3val - MyChoccy<\/title>\n<meta name=\"description\" content=\"Rengeteg pir\u00edtott, eg\u00e9sz t\u00f6r\u00f6kmogyor\u00f3 k\u00e9t r\u00e9teg csokol\u00e1d\u00e9 k\u00f6z\u00f6tt. K\u00fcl\u00f6nleges, mogyor\u00f3s \u00edzvil\u00e1g, ahol egyszerre van jelen a kr\u00e9mes, l\u00e1gy tejcsokol\u00e1d\u00e9 \u00e9s a keserny\u00e9s, telt \u00e9tcsokol\u00e1d\u00e9!  Nett\u00f3 t\u00f6meg: 100 g\" \/>\n<meta name=\"robots\" content=\"index, follow, max-snippet:-1, max-image-preview:large, max-video-preview:-1\" \/>\n<link rel=\"canonical\" href=\"https:\/\/mychoccy.com\/en\/product\/tort-tablas-csokolade-et-and-tej-torokmogyoroval\/\" \/>\n<meta property=\"og:locale\" content=\"en_US\" \/>\n<meta property=\"og:type\" content=\"article\" \/>\n<meta property=\"og:title\" content=\"T\u00f6rt t\u00e1bl\u00e1s csokol\u00e1d\u00e9 - \u00e9t &amp; tejcsokol\u00e1d\u00e9 t\u00f6r\u00f6kmogyor\u00f3val - MyChoccy\" \/>\n<meta property=\"og:description\" content=\"Rengeteg pir\u00edtott, eg\u00e9sz t\u00f6r\u00f6kmogyor\u00f3 k\u00e9t r\u00e9teg csokol\u00e1d\u00e9 k\u00f6z\u00f6tt. K\u00fcl\u00f6nleges, mogyor\u00f3s \u00edzvil\u00e1g, ahol egyszerre van jelen a kr\u00e9mes, l\u00e1gy tejcsokol\u00e1d\u00e9 \u00e9s a keserny\u00e9s, telt \u00e9tcsokol\u00e1d\u00e9!  Nett\u00f3 t\u00f6meg: 100 g\" \/>\n<meta property=\"og:url\" content=\"https:\/\/mychoccy.com\/en\/product\/tort-tablas-csokolade-et-and-tej-torokmogyoroval\/\" \/>\n<meta property=\"og:site_name\" content=\"MyChoccy\" \/>\n<meta property=\"article:modified_time\" content=\"2024-09-26T05:42:15+00:00\" \/>\n<meta property=\"og:image\" content=\"https:\/\/mychoccy.com\/wp-content\/uploads\/2020\/04\/t\u00f6rt-t\u00e1bl\u00e1s-mogyor\u00f3s-tej-\u00e9s-\u00e9tcsokol\u00e1d\u00e9.jpg\" \/>\n\t<meta property=\"og:image:width\" content=\"1200\" \/>\n\t<meta property=\"og:image:height\" content=\"880\" \/>\n\t<meta property=\"og:image:type\" content=\"image\/jpeg\" \/>\n<meta name=\"twitter:card\" content=\"summary_large_image\" \/>\n<meta name=\"twitter:label1\" content=\"Est. reading time\" \/>\n\t<meta name=\"twitter:data1\" content=\"1 minute\" \/>\n<script type=\"application\/ld+json\" class=\"yoast-schema-graph\">{\"@context\":\"https:\\\/\\\/schema.org\",\"@graph\":[{\"@type\":\"WebPage\",\"@id\":\"https:\\\/\\\/mychoccy.com\\\/en\\\/product\\\/tort-tablas-csokolade-et-and-tej-torokmogyoroval\\\/\",\"url\":\"https:\\\/\\\/mychoccy.com\\\/en\\\/product\\\/tort-tablas-csokolade-et-and-tej-torokmogyoroval\\\/\",\"name\":\"T\u00f6rt t\u00e1bl\u00e1s csokol\u00e1d\u00e9 - \u00e9t & tejcsokol\u00e1d\u00e9 t\u00f6r\u00f6kmogyor\u00f3val - MyChoccy\",\"isPartOf\":{\"@id\":\"https:\\\/\\\/mychoccy.com\\\/en\\\/#website\"},\"primaryImageOfPage\":{\"@id\":\"https:\\\/\\\/mychoccy.com\\\/en\\\/product\\\/tort-tablas-csokolade-et-and-tej-torokmogyoroval\\\/#primaryimage\"},\"image\":{\"@id\":\"https:\\\/\\\/mychoccy.com\\\/en\\\/product\\\/tort-tablas-csokolade-et-and-tej-torokmogyoroval\\\/#primaryimage\"},\"thumbnailUrl\":\"https:\\\/\\\/mychoccy.com\\\/wp-content\\\/uploads\\\/2020\\\/04\\\/t\u00f6rt-t\u00e1bl\u00e1s-mogyor\u00f3s-tej-\u00e9s-\u00e9tcsokol\u00e1d\u00e9.jpg\",\"datePublished\":\"2020-04-16T15:32:40+00:00\",\"dateModified\":\"2024-09-26T05:42:15+00:00\",\"description\":\"Rengeteg pir\u00edtott, eg\u00e9sz t\u00f6r\u00f6kmogyor\u00f3 k\u00e9t r\u00e9teg csokol\u00e1d\u00e9 k\u00f6z\u00f6tt. K\u00fcl\u00f6nleges, mogyor\u00f3s \u00edzvil\u00e1g, ahol egyszerre van jelen a kr\u00e9mes, l\u00e1gy tejcsokol\u00e1d\u00e9 \u00e9s a keserny\u00e9s, telt \u00e9tcsokol\u00e1d\u00e9! Nett\u00f3 t\u00f6meg: 100 g\",\"breadcrumb\":{\"@id\":\"https:\\\/\\\/mychoccy.com\\\/en\\\/product\\\/tort-tablas-csokolade-et-and-tej-torokmogyoroval\\\/#breadcrumb\"},\"inLanguage\":\"en-US\",\"potentialAction\":[{\"@type\":\"ReadAction\",\"target\":[\"https:\\\/\\\/mychoccy.com\\\/en\\\/product\\\/tort-tablas-csokolade-et-and-tej-torokmogyoroval\\\/\"]}]},{\"@type\":\"ImageObject\",\"inLanguage\":\"en-US\",\"@id\":\"https:\\\/\\\/mychoccy.com\\\/en\\\/product\\\/tort-tablas-csokolade-et-and-tej-torokmogyoroval\\\/#primaryimage\",\"url\":\"https:\\\/\\\/mychoccy.com\\\/wp-content\\\/uploads\\\/2020\\\/04\\\/t\u00f6rt-t\u00e1bl\u00e1s-mogyor\u00f3s-tej-\u00e9s-\u00e9tcsokol\u00e1d\u00e9.jpg\",\"contentUrl\":\"https:\\\/\\\/mychoccy.com\\\/wp-content\\\/uploads\\\/2020\\\/04\\\/t\u00f6rt-t\u00e1bl\u00e1s-mogyor\u00f3s-tej-\u00e9s-\u00e9tcsokol\u00e1d\u00e9.jpg\",\"width\":1200,\"height\":880},{\"@type\":\"BreadcrumbList\",\"@id\":\"https:\\\/\\\/mychoccy.com\\\/en\\\/product\\\/tort-tablas-csokolade-et-and-tej-torokmogyoroval\\\/#breadcrumb\",\"itemListElement\":[{\"@type\":\"ListItem\",\"position\":1,\"name\":\"Home\",\"item\":\"https:\\\/\\\/mychoccy.com\\\/en\\\/\"},{\"@type\":\"ListItem\",\"position\":2,\"name\":\"Shop\",\"item\":\"https:\\\/\\\/mychoccy.com\\\/en\\\/shop-2\\\/\"},{\"@type\":\"ListItem\",\"position\":3,\"name\":\"T\u00f6rt t\u00e1bl\u00e1s csokol\u00e1d\u00e9 &#8211; \u00e9t &#038; tejcsokol\u00e1d\u00e9 t\u00f6r\u00f6kmogyor\u00f3val\"}]},{\"@type\":\"WebSite\",\"@id\":\"https:\\\/\\\/mychoccy.com\\\/en\\\/#website\",\"url\":\"https:\\\/\\\/mychoccy.com\\\/en\\\/\",\"name\":\"MyChoccy\",\"description\":\"Csokol\u00e1d\u00e9 kreat\u00edvan\",\"potentialAction\":[{\"@type\":\"SearchAction\",\"target\":{\"@type\":\"EntryPoint\",\"urlTemplate\":\"https:\\\/\\\/mychoccy.com\\\/en\\\/?s={search_term_string}\"},\"query-input\":{\"@type\":\"PropertyValueSpecification\",\"valueRequired\":true,\"valueName\":\"search_term_string\"}}],\"inLanguage\":\"en-US\"}]}<\/script>\n<!-- \/ Yoast SEO plugin. -->","yoast_head_json":{"title":"T\u00f6rt t\u00e1bl\u00e1s csokol\u00e1d\u00e9 - \u00e9t & tejcsokol\u00e1d\u00e9 t\u00f6r\u00f6kmogyor\u00f3val - MyChoccy","description":"Rengeteg pir\u00edtott, eg\u00e9sz t\u00f6r\u00f6kmogyor\u00f3 k\u00e9t r\u00e9teg csokol\u00e1d\u00e9 k\u00f6z\u00f6tt. K\u00fcl\u00f6nleges, mogyor\u00f3s \u00edzvil\u00e1g, ahol egyszerre van jelen a kr\u00e9mes, l\u00e1gy tejcsokol\u00e1d\u00e9 \u00e9s a keserny\u00e9s, telt \u00e9tcsokol\u00e1d\u00e9!  Nett\u00f3 t\u00f6meg: 100 g","robots":{"index":"index","follow":"follow","max-snippet":"max-snippet:-1","max-image-preview":"max-image-preview:large","max-video-preview":"max-video-preview:-1"},"canonical":"https:\/\/mychoccy.com\/en\/product\/tort-tablas-csokolade-et-and-tej-torokmogyoroval\/","og_locale":"en_US","og_type":"article","og_title":"T\u00f6rt t\u00e1bl\u00e1s csokol\u00e1d\u00e9 - \u00e9t & tejcsokol\u00e1d\u00e9 t\u00f6r\u00f6kmogyor\u00f3val - MyChoccy","og_description":"Rengeteg pir\u00edtott, eg\u00e9sz t\u00f6r\u00f6kmogyor\u00f3 k\u00e9t r\u00e9teg csokol\u00e1d\u00e9 k\u00f6z\u00f6tt. K\u00fcl\u00f6nleges, mogyor\u00f3s \u00edzvil\u00e1g, ahol egyszerre van jelen a kr\u00e9mes, l\u00e1gy tejcsokol\u00e1d\u00e9 \u00e9s a keserny\u00e9s, telt \u00e9tcsokol\u00e1d\u00e9!  Nett\u00f3 t\u00f6meg: 100 g","og_url":"https:\/\/mychoccy.com\/en\/product\/tort-tablas-csokolade-et-and-tej-torokmogyoroval\/","og_site_name":"MyChoccy","article_modified_time":"2024-09-26T05:42:15+00:00","og_image":[{"width":1200,"height":880,"url":"https:\/\/mychoccy.com\/wp-content\/uploads\/2020\/04\/t\u00f6rt-t\u00e1bl\u00e1s-mogyor\u00f3s-tej-\u00e9s-\u00e9tcsokol\u00e1d\u00e9.jpg","type":"image\/jpeg"}],"twitter_card":"summary_large_image","twitter_misc":{"Est. reading time":"1 minute"},"schema":{"@context":"https:\/\/schema.org","@graph":[{"@type":"WebPage","@id":"https:\/\/mychoccy.com\/en\/product\/tort-tablas-csokolade-et-and-tej-torokmogyoroval\/","url":"https:\/\/mychoccy.com\/en\/product\/tort-tablas-csokolade-et-and-tej-torokmogyoroval\/","name":"T\u00f6rt t\u00e1bl\u00e1s csokol\u00e1d\u00e9 - \u00e9t & tejcsokol\u00e1d\u00e9 t\u00f6r\u00f6kmogyor\u00f3val - MyChoccy","isPartOf":{"@id":"https:\/\/mychoccy.com\/en\/#website"},"primaryImageOfPage":{"@id":"https:\/\/mychoccy.com\/en\/product\/tort-tablas-csokolade-et-and-tej-torokmogyoroval\/#primaryimage"},"image":{"@id":"https:\/\/mychoccy.com\/en\/product\/tort-tablas-csokolade-et-and-tej-torokmogyoroval\/#primaryimage"},"thumbnailUrl":"https:\/\/mychoccy.com\/wp-content\/uploads\/2020\/04\/t\u00f6rt-t\u00e1bl\u00e1s-mogyor\u00f3s-tej-\u00e9s-\u00e9tcsokol\u00e1d\u00e9.jpg","datePublished":"2020-04-16T15:32:40+00:00","dateModified":"2024-09-26T05:42:15+00:00","description":"Rengeteg pir\u00edtott, eg\u00e9sz t\u00f6r\u00f6kmogyor\u00f3 k\u00e9t r\u00e9teg csokol\u00e1d\u00e9 k\u00f6z\u00f6tt. K\u00fcl\u00f6nleges, mogyor\u00f3s \u00edzvil\u00e1g, ahol egyszerre van jelen a kr\u00e9mes, l\u00e1gy tejcsokol\u00e1d\u00e9 \u00e9s a keserny\u00e9s, telt \u00e9tcsokol\u00e1d\u00e9! Nett\u00f3 t\u00f6meg: 100 g","breadcrumb":{"@id":"https:\/\/mychoccy.com\/en\/product\/tort-tablas-csokolade-et-and-tej-torokmogyoroval\/#breadcrumb"},"inLanguage":"en-US","potentialAction":[{"@type":"ReadAction","target":["https:\/\/mychoccy.com\/en\/product\/tort-tablas-csokolade-et-and-tej-torokmogyoroval\/"]}]},{"@type":"ImageObject","inLanguage":"en-US","@id":"https:\/\/mychoccy.com\/en\/product\/tort-tablas-csokolade-et-and-tej-torokmogyoroval\/#primaryimage","url":"https:\/\/mychoccy.com\/wp-content\/uploads\/2020\/04\/t\u00f6rt-t\u00e1bl\u00e1s-mogyor\u00f3s-tej-\u00e9s-\u00e9tcsokol\u00e1d\u00e9.jpg","contentUrl":"https:\/\/mychoccy.com\/wp-content\/uploads\/2020\/04\/t\u00f6rt-t\u00e1bl\u00e1s-mogyor\u00f3s-tej-\u00e9s-\u00e9tcsokol\u00e1d\u00e9.jpg","width":1200,"height":880},{"@type":"BreadcrumbList","@id":"https:\/\/mychoccy.com\/en\/product\/tort-tablas-csokolade-et-and-tej-torokmogyoroval\/#breadcrumb","itemListElement":[{"@type":"ListItem","position":1,"name":"Home","item":"https:\/\/mychoccy.com\/en\/"},{"@type":"ListItem","position":2,"name":"Shop","item":"https:\/\/mychoccy.com\/en\/shop-2\/"},{"@type":"ListItem","position":3,"name":"T\u00f6rt t\u00e1bl\u00e1s csokol\u00e1d\u00e9 &#8211; \u00e9t &#038; tejcsokol\u00e1d\u00e9 t\u00f6r\u00f6kmogyor\u00f3val"}]},{"@type":"WebSite","@id":"https:\/\/mychoccy.com\/en\/#website","url":"https:\/\/mychoccy.com\/en\/","name":"MyChoccy","description":"Csokol\u00e1d\u00e9 kreat\u00edvan","potentialAction":[{"@type":"SearchAction","target":{"@type":"EntryPoint","urlTemplate":"https:\/\/mychoccy.com\/en\/?s={search_term_string}"},"query-input":{"@type":"PropertyValueSpecification","valueRequired":true,"valueName":"search_term_string"}}],"inLanguage":"en-US"}]}},"jetpack_sharing_enabled":true,"_links":{"self":[{"href":"https:\/\/mychoccy.com\/en\/wp-json\/wp\/v2\/product\/13683","targetHints":{"allow":["GET"]}}],"collection":[{"href":"https:\/\/mychoccy.com\/en\/wp-json\/wp\/v2\/product"}],"about":[{"href":"https:\/\/mychoccy.com\/en\/wp-json\/wp\/v2\/types\/product"}],"wp:featuredmedia":[{"embeddable":true,"href":"https:\/\/mychoccy.com\/en\/wp-json\/wp\/v2\/media\/12825"}],"wp:attachment":[{"href":"https:\/\/mychoccy.com\/en\/wp-json\/wp\/v2\/media?parent=13683"}],"wp:term":[{"taxonomy":"product_brand","embeddable":true,"href":"https:\/\/mychoccy.com\/en\/wp-json\/wp\/v2\/product_brand?post=13683"},{"taxonomy":"product_cat","embeddable":true,"href":"https:\/\/mychoccy.com\/en\/wp-json\/wp\/v2\/product_cat?post=13683"},{"taxonomy":"product_tag","embeddable":true,"href":"https:\/\/mychoccy.com\/en\/wp-json\/wp\/v2\/product_tag?post=13683"}],"curies":[{"name":"wp","href":"https:\/\/api.w.org\/{rel}","templated":true}]}}