{"id":13589,"date":"2020-04-13T11:44:59","date_gmt":"2020-04-13T09:44:59","guid":{"rendered":"https:\/\/mychoccy.com\/?post_type=product&#038;p=13589"},"modified":"2026-03-05T14:23:32","modified_gmt":"2026-03-05T13:23:32","slug":"diabetikus-etcsokolade-kakaobab-kave","status":"publish","type":"product","link":"https:\/\/mychoccy.com\/en\/product\/diabetikus-etcsokolade-kakaobab-kave\/","title":{"rendered":"Diabetikus \u00e9tcsokol\u00e1d\u00e9 &#8211; kaka\u00f3bab, k\u00e1v\u00e9"},"content":{"rendered":"<p>\u00d6sszetev\u0151k:\u00a0<a href=\"https:\/\/mychoccy.com\/product\/diabetikus-etcsokolade\/\" target=\"_blank\" rel=\"noopener noreferrer\">Diabetikus \u00e9tcsokol\u00e1d\u00e9<\/a>,\u00a0<a href=\"https:\/\/mychoccy.com\/product\/kakaobab-toret\/\" target=\"_blank\" rel=\"noopener noreferrer\">Kaka\u00f3bab t\u00f6ret<\/a>, k\u00e1v\u00e9<\/p>\n<p>Allerg\u00e9nek: sz\u00f3jalecitin<\/p>\n","protected":false},"excerpt":{"rendered":"<p class=\"p1\"><span class=\"s1\">A cukormentes \u00e9tcsokol\u00e1d\u00e9t telt, savanyk\u00e1s \u00edz\u0171 kaka\u00f3bab t\u00f6rettel \u00e9s arom\u00e1s, p\u00f6rk\u00f6lt, z\u00fazott k\u00e1v\u00e9val sz\u00f3rtuk meg; \u00edgy egy savanyk\u00e1s, kellemesen keser\u0171 \u00edzvil\u00e1got kapva. <\/span><\/p>\n<p class=\"p1\"><span class=\"s1\">\u00c9tcsokol\u00e1d\u00e9 kaka\u00f3 sz\u00e1razanyag-tartalom: 63%<\/span><\/p>\n<p class=\"p1\"><span class=\"s1\">A t\u00e1bl\u00e1s csokol\u00e1d\u00e9 doboz\u00e1nak fedlapja cser\u00e9lhet\u0151. V\u00e1laszd ki az alkalomhoz ill\u0151 \u00fczenetet, \u00e9s tedd m\u00e9g szem\u00e9lyesebb\u00e9 az aj\u00e1nd\u00e9kot!<\/span><\/p>\n<p>Nett\u00f3 t\u00f6meg: 65 g<\/p>\n","protected":false},"featured_media":13709,"template":"","meta":{"inline_featured_image":false},"product_brand":[],"product_cat":[242],"product_tag":[303],"class_list":{"0":"post-13589","1":"product","2":"type-product","3":"status-publish","4":"has-post-thumbnail","6":"product_cat-tablas-csokoladek","7":"product_tag-diabetikus","9":"first","10":"outofstock","11":"taxable","12":"shipping-taxable","13":"purchasable","14":"product-type-variable"},"yoast_head":"<!-- This site is optimized with the Yoast SEO plugin v27.6 - https:\/\/yoast.com\/product\/yoast-seo-wordpress\/ -->\n<title>Diabetikus \u00e9tcsokol\u00e1d\u00e9 - kaka\u00f3bab, k\u00e1v\u00e9 - MyChoccy<\/title>\n<meta name=\"description\" content=\"A cukormentes \u00e9tcsokol\u00e1d\u00e9t telt, savanyk\u00e1s \u00edz\u0171 kaka\u00f3bab t\u00f6rettel \u00e9s arom\u00e1s, p\u00f6rk\u00f6lt, z\u00fazott k\u00e1v\u00e9val sz\u00f3rtuk meg; \u00edgy egy savanyk\u00e1s, kellemesen keser\u0171 \u00edzvil\u00e1got kapva.  \u00c9tcsokol\u00e1d\u00e9 kaka\u00f3 sz\u00e1razanyag-tartalom: 63% A t\u00e1bl\u00e1s csokol\u00e1d\u00e9 doboz\u00e1nak fedlapja cser\u00e9lhet\u0151. V\u00e1laszd ki az alkalomhoz ill\u0151 \u00fczenetet, \u00e9s tedd m\u00e9g szem\u00e9lyesebb\u00e9 az aj\u00e1nd\u00e9kot! Nett\u00f3 t\u00f6meg: 65 g\" \/>\n<meta name=\"robots\" content=\"index, follow, max-snippet:-1, max-image-preview:large, max-video-preview:-1\" \/>\n<link rel=\"canonical\" href=\"https:\/\/mychoccy.com\/en\/product\/diabetikus-etcsokolade-kakaobab-kave\/\" \/>\n<meta property=\"og:locale\" content=\"en_US\" \/>\n<meta property=\"og:type\" content=\"article\" \/>\n<meta property=\"og:title\" content=\"Diabetikus \u00e9tcsokol\u00e1d\u00e9 - kaka\u00f3bab, k\u00e1v\u00e9 - MyChoccy\" \/>\n<meta property=\"og:description\" content=\"A cukormentes \u00e9tcsokol\u00e1d\u00e9t telt, savanyk\u00e1s \u00edz\u0171 kaka\u00f3bab t\u00f6rettel \u00e9s arom\u00e1s, p\u00f6rk\u00f6lt, z\u00fazott k\u00e1v\u00e9val sz\u00f3rtuk meg; \u00edgy egy savanyk\u00e1s, kellemesen keser\u0171 \u00edzvil\u00e1got kapva.  \u00c9tcsokol\u00e1d\u00e9 kaka\u00f3 sz\u00e1razanyag-tartalom: 63% A t\u00e1bl\u00e1s csokol\u00e1d\u00e9 doboz\u00e1nak fedlapja cser\u00e9lhet\u0151. V\u00e1laszd ki az alkalomhoz ill\u0151 \u00fczenetet, \u00e9s tedd m\u00e9g szem\u00e9lyesebb\u00e9 az aj\u00e1nd\u00e9kot! Nett\u00f3 t\u00f6meg: 65 g\" \/>\n<meta property=\"og:url\" content=\"https:\/\/mychoccy.com\/en\/product\/diabetikus-etcsokolade-kakaobab-kave\/\" \/>\n<meta property=\"og:site_name\" content=\"MyChoccy\" \/>\n<meta property=\"article:modified_time\" content=\"2026-03-05T13:23:32+00:00\" \/>\n<meta property=\"og:image\" content=\"https:\/\/mychoccy.com\/wp-content\/uploads\/2020\/04\/diabetikus-\u00e9t-k\u00e1v\u00e9-\u00e9s-kaka\u00f3bab-t\u00f6ret_u.jpg\" \/>\n\t<meta property=\"og:image:width\" content=\"1200\" \/>\n\t<meta property=\"og:image:height\" content=\"848\" \/>\n\t<meta property=\"og:image:type\" content=\"image\/jpeg\" \/>\n<meta name=\"twitter:card\" content=\"summary_large_image\" \/>\n<meta name=\"twitter:label1\" content=\"Est. reading time\" \/>\n\t<meta name=\"twitter:data1\" content=\"1 minute\" \/>\n<script type=\"application\/ld+json\" class=\"yoast-schema-graph\">{\"@context\":\"https:\\\/\\\/schema.org\",\"@graph\":[{\"@type\":\"WebPage\",\"@id\":\"https:\\\/\\\/mychoccy.com\\\/en\\\/product\\\/diabetikus-etcsokolade-kakaobab-kave\\\/\",\"url\":\"https:\\\/\\\/mychoccy.com\\\/en\\\/product\\\/diabetikus-etcsokolade-kakaobab-kave\\\/\",\"name\":\"Diabetikus \u00e9tcsokol\u00e1d\u00e9 - kaka\u00f3bab, k\u00e1v\u00e9 - MyChoccy\",\"isPartOf\":{\"@id\":\"https:\\\/\\\/mychoccy.com\\\/en\\\/#website\"},\"primaryImageOfPage\":{\"@id\":\"https:\\\/\\\/mychoccy.com\\\/en\\\/product\\\/diabetikus-etcsokolade-kakaobab-kave\\\/#primaryimage\"},\"image\":{\"@id\":\"https:\\\/\\\/mychoccy.com\\\/en\\\/product\\\/diabetikus-etcsokolade-kakaobab-kave\\\/#primaryimage\"},\"thumbnailUrl\":\"https:\\\/\\\/mychoccy.com\\\/wp-content\\\/uploads\\\/2020\\\/04\\\/diabetikus-\u00e9t-k\u00e1v\u00e9-\u00e9s-kaka\u00f3bab-t\u00f6ret_u.jpg\",\"datePublished\":\"2020-04-13T09:44:59+00:00\",\"dateModified\":\"2026-03-05T13:23:32+00:00\",\"description\":\"A cukormentes \u00e9tcsokol\u00e1d\u00e9t telt, savanyk\u00e1s \u00edz\u0171 kaka\u00f3bab t\u00f6rettel \u00e9s arom\u00e1s, p\u00f6rk\u00f6lt, z\u00fazott k\u00e1v\u00e9val sz\u00f3rtuk meg; \u00edgy egy savanyk\u00e1s, kellemesen keser\u0171 \u00edzvil\u00e1got kapva. \u00c9tcsokol\u00e1d\u00e9 kaka\u00f3 sz\u00e1razanyag-tartalom: 63% A t\u00e1bl\u00e1s csokol\u00e1d\u00e9 doboz\u00e1nak fedlapja cser\u00e9lhet\u0151. V\u00e1laszd ki az alkalomhoz ill\u0151 \u00fczenetet, \u00e9s tedd m\u00e9g szem\u00e9lyesebb\u00e9 az aj\u00e1nd\u00e9kot! Nett\u00f3 t\u00f6meg: 65 g\",\"breadcrumb\":{\"@id\":\"https:\\\/\\\/mychoccy.com\\\/en\\\/product\\\/diabetikus-etcsokolade-kakaobab-kave\\\/#breadcrumb\"},\"inLanguage\":\"en-US\",\"potentialAction\":[{\"@type\":\"ReadAction\",\"target\":[\"https:\\\/\\\/mychoccy.com\\\/en\\\/product\\\/diabetikus-etcsokolade-kakaobab-kave\\\/\"]}]},{\"@type\":\"ImageObject\",\"inLanguage\":\"en-US\",\"@id\":\"https:\\\/\\\/mychoccy.com\\\/en\\\/product\\\/diabetikus-etcsokolade-kakaobab-kave\\\/#primaryimage\",\"url\":\"https:\\\/\\\/mychoccy.com\\\/wp-content\\\/uploads\\\/2020\\\/04\\\/diabetikus-\u00e9t-k\u00e1v\u00e9-\u00e9s-kaka\u00f3bab-t\u00f6ret_u.jpg\",\"contentUrl\":\"https:\\\/\\\/mychoccy.com\\\/wp-content\\\/uploads\\\/2020\\\/04\\\/diabetikus-\u00e9t-k\u00e1v\u00e9-\u00e9s-kaka\u00f3bab-t\u00f6ret_u.jpg\",\"width\":1200,\"height\":848},{\"@type\":\"BreadcrumbList\",\"@id\":\"https:\\\/\\\/mychoccy.com\\\/en\\\/product\\\/diabetikus-etcsokolade-kakaobab-kave\\\/#breadcrumb\",\"itemListElement\":[{\"@type\":\"ListItem\",\"position\":1,\"name\":\"Home\",\"item\":\"https:\\\/\\\/mychoccy.com\\\/en\\\/\"},{\"@type\":\"ListItem\",\"position\":2,\"name\":\"Shop\",\"item\":\"https:\\\/\\\/mychoccy.com\\\/en\\\/shop-2\\\/\"},{\"@type\":\"ListItem\",\"position\":3,\"name\":\"Diabetikus \u00e9tcsokol\u00e1d\u00e9 &#8211; kaka\u00f3bab, k\u00e1v\u00e9\"}]},{\"@type\":\"WebSite\",\"@id\":\"https:\\\/\\\/mychoccy.com\\\/en\\\/#website\",\"url\":\"https:\\\/\\\/mychoccy.com\\\/en\\\/\",\"name\":\"MyChoccy\",\"description\":\"Csokol\u00e1d\u00e9 kreat\u00edvan\",\"potentialAction\":[{\"@type\":\"SearchAction\",\"target\":{\"@type\":\"EntryPoint\",\"urlTemplate\":\"https:\\\/\\\/mychoccy.com\\\/en\\\/?s={search_term_string}\"},\"query-input\":{\"@type\":\"PropertyValueSpecification\",\"valueRequired\":true,\"valueName\":\"search_term_string\"}}],\"inLanguage\":\"en-US\"}]}<\/script>\n<!-- \/ Yoast SEO plugin. -->","yoast_head_json":{"title":"Diabetikus \u00e9tcsokol\u00e1d\u00e9 - kaka\u00f3bab, k\u00e1v\u00e9 - MyChoccy","description":"A cukormentes \u00e9tcsokol\u00e1d\u00e9t telt, savanyk\u00e1s \u00edz\u0171 kaka\u00f3bab t\u00f6rettel \u00e9s arom\u00e1s, p\u00f6rk\u00f6lt, z\u00fazott k\u00e1v\u00e9val sz\u00f3rtuk meg; \u00edgy egy savanyk\u00e1s, kellemesen keser\u0171 \u00edzvil\u00e1got kapva.  \u00c9tcsokol\u00e1d\u00e9 kaka\u00f3 sz\u00e1razanyag-tartalom: 63% A t\u00e1bl\u00e1s csokol\u00e1d\u00e9 doboz\u00e1nak fedlapja cser\u00e9lhet\u0151. V\u00e1laszd ki az alkalomhoz ill\u0151 \u00fczenetet, \u00e9s tedd m\u00e9g szem\u00e9lyesebb\u00e9 az aj\u00e1nd\u00e9kot! Nett\u00f3 t\u00f6meg: 65 g","robots":{"index":"index","follow":"follow","max-snippet":"max-snippet:-1","max-image-preview":"max-image-preview:large","max-video-preview":"max-video-preview:-1"},"canonical":"https:\/\/mychoccy.com\/en\/product\/diabetikus-etcsokolade-kakaobab-kave\/","og_locale":"en_US","og_type":"article","og_title":"Diabetikus \u00e9tcsokol\u00e1d\u00e9 - kaka\u00f3bab, k\u00e1v\u00e9 - MyChoccy","og_description":"A cukormentes \u00e9tcsokol\u00e1d\u00e9t telt, savanyk\u00e1s \u00edz\u0171 kaka\u00f3bab t\u00f6rettel \u00e9s arom\u00e1s, p\u00f6rk\u00f6lt, z\u00fazott k\u00e1v\u00e9val sz\u00f3rtuk meg; \u00edgy egy savanyk\u00e1s, kellemesen keser\u0171 \u00edzvil\u00e1got kapva.  \u00c9tcsokol\u00e1d\u00e9 kaka\u00f3 sz\u00e1razanyag-tartalom: 63% A t\u00e1bl\u00e1s csokol\u00e1d\u00e9 doboz\u00e1nak fedlapja cser\u00e9lhet\u0151. V\u00e1laszd ki az alkalomhoz ill\u0151 \u00fczenetet, \u00e9s tedd m\u00e9g szem\u00e9lyesebb\u00e9 az aj\u00e1nd\u00e9kot! Nett\u00f3 t\u00f6meg: 65 g","og_url":"https:\/\/mychoccy.com\/en\/product\/diabetikus-etcsokolade-kakaobab-kave\/","og_site_name":"MyChoccy","article_modified_time":"2026-03-05T13:23:32+00:00","og_image":[{"width":1200,"height":848,"url":"https:\/\/mychoccy.com\/wp-content\/uploads\/2020\/04\/diabetikus-\u00e9t-k\u00e1v\u00e9-\u00e9s-kaka\u00f3bab-t\u00f6ret_u.jpg","type":"image\/jpeg"}],"twitter_card":"summary_large_image","twitter_misc":{"Est. reading time":"1 minute"},"schema":{"@context":"https:\/\/schema.org","@graph":[{"@type":"WebPage","@id":"https:\/\/mychoccy.com\/en\/product\/diabetikus-etcsokolade-kakaobab-kave\/","url":"https:\/\/mychoccy.com\/en\/product\/diabetikus-etcsokolade-kakaobab-kave\/","name":"Diabetikus \u00e9tcsokol\u00e1d\u00e9 - kaka\u00f3bab, k\u00e1v\u00e9 - MyChoccy","isPartOf":{"@id":"https:\/\/mychoccy.com\/en\/#website"},"primaryImageOfPage":{"@id":"https:\/\/mychoccy.com\/en\/product\/diabetikus-etcsokolade-kakaobab-kave\/#primaryimage"},"image":{"@id":"https:\/\/mychoccy.com\/en\/product\/diabetikus-etcsokolade-kakaobab-kave\/#primaryimage"},"thumbnailUrl":"https:\/\/mychoccy.com\/wp-content\/uploads\/2020\/04\/diabetikus-\u00e9t-k\u00e1v\u00e9-\u00e9s-kaka\u00f3bab-t\u00f6ret_u.jpg","datePublished":"2020-04-13T09:44:59+00:00","dateModified":"2026-03-05T13:23:32+00:00","description":"A cukormentes \u00e9tcsokol\u00e1d\u00e9t telt, savanyk\u00e1s \u00edz\u0171 kaka\u00f3bab t\u00f6rettel \u00e9s arom\u00e1s, p\u00f6rk\u00f6lt, z\u00fazott k\u00e1v\u00e9val sz\u00f3rtuk meg; \u00edgy egy savanyk\u00e1s, kellemesen keser\u0171 \u00edzvil\u00e1got kapva. \u00c9tcsokol\u00e1d\u00e9 kaka\u00f3 sz\u00e1razanyag-tartalom: 63% A t\u00e1bl\u00e1s csokol\u00e1d\u00e9 doboz\u00e1nak fedlapja cser\u00e9lhet\u0151. V\u00e1laszd ki az alkalomhoz ill\u0151 \u00fczenetet, \u00e9s tedd m\u00e9g szem\u00e9lyesebb\u00e9 az aj\u00e1nd\u00e9kot! Nett\u00f3 t\u00f6meg: 65 g","breadcrumb":{"@id":"https:\/\/mychoccy.com\/en\/product\/diabetikus-etcsokolade-kakaobab-kave\/#breadcrumb"},"inLanguage":"en-US","potentialAction":[{"@type":"ReadAction","target":["https:\/\/mychoccy.com\/en\/product\/diabetikus-etcsokolade-kakaobab-kave\/"]}]},{"@type":"ImageObject","inLanguage":"en-US","@id":"https:\/\/mychoccy.com\/en\/product\/diabetikus-etcsokolade-kakaobab-kave\/#primaryimage","url":"https:\/\/mychoccy.com\/wp-content\/uploads\/2020\/04\/diabetikus-\u00e9t-k\u00e1v\u00e9-\u00e9s-kaka\u00f3bab-t\u00f6ret_u.jpg","contentUrl":"https:\/\/mychoccy.com\/wp-content\/uploads\/2020\/04\/diabetikus-\u00e9t-k\u00e1v\u00e9-\u00e9s-kaka\u00f3bab-t\u00f6ret_u.jpg","width":1200,"height":848},{"@type":"BreadcrumbList","@id":"https:\/\/mychoccy.com\/en\/product\/diabetikus-etcsokolade-kakaobab-kave\/#breadcrumb","itemListElement":[{"@type":"ListItem","position":1,"name":"Home","item":"https:\/\/mychoccy.com\/en\/"},{"@type":"ListItem","position":2,"name":"Shop","item":"https:\/\/mychoccy.com\/en\/shop-2\/"},{"@type":"ListItem","position":3,"name":"Diabetikus \u00e9tcsokol\u00e1d\u00e9 &#8211; kaka\u00f3bab, k\u00e1v\u00e9"}]},{"@type":"WebSite","@id":"https:\/\/mychoccy.com\/en\/#website","url":"https:\/\/mychoccy.com\/en\/","name":"MyChoccy","description":"Csokol\u00e1d\u00e9 kreat\u00edvan","potentialAction":[{"@type":"SearchAction","target":{"@type":"EntryPoint","urlTemplate":"https:\/\/mychoccy.com\/en\/?s={search_term_string}"},"query-input":{"@type":"PropertyValueSpecification","valueRequired":true,"valueName":"search_term_string"}}],"inLanguage":"en-US"}]}},"jetpack_sharing_enabled":true,"_links":{"self":[{"href":"https:\/\/mychoccy.com\/en\/wp-json\/wp\/v2\/product\/13589","targetHints":{"allow":["GET"]}}],"collection":[{"href":"https:\/\/mychoccy.com\/en\/wp-json\/wp\/v2\/product"}],"about":[{"href":"https:\/\/mychoccy.com\/en\/wp-json\/wp\/v2\/types\/product"}],"wp:featuredmedia":[{"embeddable":true,"href":"https:\/\/mychoccy.com\/en\/wp-json\/wp\/v2\/media\/13709"}],"wp:attachment":[{"href":"https:\/\/mychoccy.com\/en\/wp-json\/wp\/v2\/media?parent=13589"}],"wp:term":[{"taxonomy":"product_brand","embeddable":true,"href":"https:\/\/mychoccy.com\/en\/wp-json\/wp\/v2\/product_brand?post=13589"},{"taxonomy":"product_cat","embeddable":true,"href":"https:\/\/mychoccy.com\/en\/wp-json\/wp\/v2\/product_cat?post=13589"},{"taxonomy":"product_tag","embeddable":true,"href":"https:\/\/mychoccy.com\/en\/wp-json\/wp\/v2\/product_tag?post=13589"}],"curies":[{"name":"wp","href":"https:\/\/api.w.org\/{rel}","templated":true}]}}