{"id":13584,"date":"2020-04-13T11:38:42","date_gmt":"2020-04-13T09:38:42","guid":{"rendered":"https:\/\/mychoccy.com\/?post_type=product&#038;p=13584"},"modified":"2026-03-05T14:23:32","modified_gmt":"2026-03-05T13:23:32","slug":"feher-csokolade-malna-pisztacia-kokusz","status":"publish","type":"product","link":"https:\/\/mychoccy.com\/en\/product\/feher-csokolade-malna-pisztacia-kokusz\/","title":{"rendered":"Feh\u00e9r csokol\u00e1d\u00e9 &#8211; m\u00e1lna, piszt\u00e1cia, k\u00f3kusz"},"content":{"rendered":"<p>\u00d6sszetev\u0151k:\u00a0<a href=\"https:\/\/mychoccy.com\/product\/feher-csokolade-28\/\" target=\"_blank\" rel=\"noopener noreferrer\">Feh\u00e9r csokol\u00e1d\u00e9 28%<\/a>, liofiliz\u00e1lt m\u00e1lna,\u00a0<a href=\"https:\/\/mychoccy.com\/product\/pisztacia\/\" target=\"_blank\" rel=\"noopener noreferrer\">Piszt\u00e1cia<\/a>,\u00a0<a href=\"https:\/\/mychoccy.com\/product\/kokuszchips\/\" target=\"_blank\" rel=\"noopener noreferrer\">K\u00f3kuszchips<\/a><\/p>\n<p>Allerg\u00e9nek: sz\u00f3jalecitin, tejpor<\/p>\n","protected":false},"excerpt":{"rendered":"<p class=\"p1\"><span class=\"s1\">Kr\u00e9mes, van\u00edli\u00e1s feh\u00e9r csokol\u00e1d\u00e9 zamatos liofiliz\u00e1lt m\u00e1lnadarabokkal, z\u00fazott piszt\u00e1ci\u00e1val \u00e9s arom\u00e1s, pir\u00edtott k\u00f3kuszchips-el&#8230; l\u00e1gy, sz\u00e1jban olvad\u00f3, k\u00f6nnyed \u00edzvil\u00e1g\u00fa \u00e9dess\u00e9g!<\/span><\/p>\n<p class=\"p1\"><span class=\"s1\">Feh\u00e9r csokol\u00e1d\u00e9 kaka\u00f3 sz\u00e1razanyag-tartalom: 28%<\/span><\/p>\n<p class=\"p1\"><span class=\"s1\">A t\u00e1bl\u00e1s csokol\u00e1d\u00e9 doboz\u00e1nak fedlapja cser\u00e9lhet\u0151. V\u00e1laszd ki az alkalomhoz ill\u0151 \u00fczenetet, \u00e9s tedd m\u00e9g szem\u00e9lyesebb\u00e9 az aj\u00e1nd\u00e9kot!<\/span><\/p>\n<p>Nett\u00f3 t\u00f6meg: 65 g<\/p>\n","protected":false},"featured_media":13715,"template":"","meta":{"inline_featured_image":false},"product_brand":[],"product_cat":[242],"product_tag":[179,313,320],"class_list":{"0":"post-13584","1":"product","2":"type-product","3":"status-publish","4":"has-post-thumbnail","6":"product_cat-tablas-csokoladek","7":"product_tag-feher-csokolade","8":"product_tag-gyumolcs","9":"product_tag-olajos-mag","11":"first","12":"outofstock","13":"taxable","14":"shipping-taxable","15":"purchasable","16":"product-type-variable"},"yoast_head":"<!-- This site is optimized with the Yoast SEO plugin v27.4 - https:\/\/yoast.com\/product\/yoast-seo-wordpress\/ -->\n<title>Feh\u00e9r csokol\u00e1d\u00e9 - m\u00e1lna, piszt\u00e1cia, k\u00f3kusz - MyChoccy<\/title>\n<meta name=\"description\" content=\"Kr\u00e9mes, van\u00edli\u00e1s feh\u00e9r csokol\u00e1d\u00e9 zamatos liofiliz\u00e1lt m\u00e1lnadarabokkal, z\u00fazott piszt\u00e1ci\u00e1val \u00e9s arom\u00e1s, pir\u00edtott k\u00f3kuszchips-el... l\u00e1gy, sz\u00e1jban olvad\u00f3, k\u00f6nnyed \u00edzvil\u00e1g\u00fa \u00e9dess\u00e9g! Feh\u00e9r csokol\u00e1d\u00e9 kaka\u00f3 sz\u00e1razanyag-tartalom: 28% A t\u00e1bl\u00e1s csokol\u00e1d\u00e9 doboz\u00e1nak fedlapja cser\u00e9lhet\u0151. V\u00e1laszd ki az alkalomhoz ill\u0151 \u00fczenetet, \u00e9s tedd m\u00e9g szem\u00e9lyesebb\u00e9 az aj\u00e1nd\u00e9kot! Nett\u00f3 t\u00f6meg: 65 g\" \/>\n<meta name=\"robots\" content=\"index, follow, max-snippet:-1, max-image-preview:large, max-video-preview:-1\" \/>\n<link rel=\"canonical\" href=\"https:\/\/mychoccy.com\/en\/product\/feher-csokolade-malna-pisztacia-kokusz\/\" \/>\n<meta property=\"og:locale\" content=\"en_US\" \/>\n<meta property=\"og:type\" content=\"article\" \/>\n<meta property=\"og:title\" content=\"Feh\u00e9r csokol\u00e1d\u00e9 - m\u00e1lna, piszt\u00e1cia, k\u00f3kusz - MyChoccy\" \/>\n<meta property=\"og:description\" content=\"Kr\u00e9mes, van\u00edli\u00e1s feh\u00e9r csokol\u00e1d\u00e9 zamatos liofiliz\u00e1lt m\u00e1lnadarabokkal, z\u00fazott piszt\u00e1ci\u00e1val \u00e9s arom\u00e1s, pir\u00edtott k\u00f3kuszchips-el... l\u00e1gy, sz\u00e1jban olvad\u00f3, k\u00f6nnyed \u00edzvil\u00e1g\u00fa \u00e9dess\u00e9g! Feh\u00e9r csokol\u00e1d\u00e9 kaka\u00f3 sz\u00e1razanyag-tartalom: 28% A t\u00e1bl\u00e1s csokol\u00e1d\u00e9 doboz\u00e1nak fedlapja cser\u00e9lhet\u0151. V\u00e1laszd ki az alkalomhoz ill\u0151 \u00fczenetet, \u00e9s tedd m\u00e9g szem\u00e9lyesebb\u00e9 az aj\u00e1nd\u00e9kot! Nett\u00f3 t\u00f6meg: 65 g\" \/>\n<meta property=\"og:url\" content=\"https:\/\/mychoccy.com\/en\/product\/feher-csokolade-malna-pisztacia-kokusz\/\" \/>\n<meta property=\"og:site_name\" content=\"MyChoccy\" \/>\n<meta property=\"article:modified_time\" content=\"2026-03-05T13:23:32+00:00\" \/>\n<meta property=\"og:image\" content=\"https:\/\/mychoccy.com\/wp-content\/uploads\/2020\/04\/feh\u00e9r-m\u00e1lna-piszt\u00e1cia-k\u00f3kusz_u.jpg\" \/>\n\t<meta property=\"og:image:width\" content=\"1200\" \/>\n\t<meta property=\"og:image:height\" content=\"848\" \/>\n\t<meta property=\"og:image:type\" content=\"image\/jpeg\" \/>\n<meta name=\"twitter:card\" content=\"summary_large_image\" \/>\n<script type=\"application\/ld+json\" class=\"yoast-schema-graph\">{\"@context\":\"https:\\\/\\\/schema.org\",\"@graph\":[{\"@type\":\"WebPage\",\"@id\":\"https:\\\/\\\/mychoccy.com\\\/en\\\/product\\\/feher-csokolade-malna-pisztacia-kokusz\\\/\",\"url\":\"https:\\\/\\\/mychoccy.com\\\/en\\\/product\\\/feher-csokolade-malna-pisztacia-kokusz\\\/\",\"name\":\"Feh\u00e9r csokol\u00e1d\u00e9 - m\u00e1lna, piszt\u00e1cia, k\u00f3kusz - MyChoccy\",\"isPartOf\":{\"@id\":\"https:\\\/\\\/mychoccy.com\\\/en\\\/#website\"},\"primaryImageOfPage\":{\"@id\":\"https:\\\/\\\/mychoccy.com\\\/en\\\/product\\\/feher-csokolade-malna-pisztacia-kokusz\\\/#primaryimage\"},\"image\":{\"@id\":\"https:\\\/\\\/mychoccy.com\\\/en\\\/product\\\/feher-csokolade-malna-pisztacia-kokusz\\\/#primaryimage\"},\"thumbnailUrl\":\"https:\\\/\\\/mychoccy.com\\\/wp-content\\\/uploads\\\/2020\\\/04\\\/feh\u00e9r-m\u00e1lna-piszt\u00e1cia-k\u00f3kusz_u.jpg\",\"datePublished\":\"2020-04-13T09:38:42+00:00\",\"dateModified\":\"2026-03-05T13:23:32+00:00\",\"description\":\"Kr\u00e9mes, van\u00edli\u00e1s feh\u00e9r csokol\u00e1d\u00e9 zamatos liofiliz\u00e1lt m\u00e1lnadarabokkal, z\u00fazott piszt\u00e1ci\u00e1val \u00e9s arom\u00e1s, pir\u00edtott k\u00f3kuszchips-el... l\u00e1gy, sz\u00e1jban olvad\u00f3, k\u00f6nnyed \u00edzvil\u00e1g\u00fa \u00e9dess\u00e9g! Feh\u00e9r csokol\u00e1d\u00e9 kaka\u00f3 sz\u00e1razanyag-tartalom: 28% A t\u00e1bl\u00e1s csokol\u00e1d\u00e9 doboz\u00e1nak fedlapja cser\u00e9lhet\u0151. V\u00e1laszd ki az alkalomhoz ill\u0151 \u00fczenetet, \u00e9s tedd m\u00e9g szem\u00e9lyesebb\u00e9 az aj\u00e1nd\u00e9kot! Nett\u00f3 t\u00f6meg: 65 g\",\"breadcrumb\":{\"@id\":\"https:\\\/\\\/mychoccy.com\\\/en\\\/product\\\/feher-csokolade-malna-pisztacia-kokusz\\\/#breadcrumb\"},\"inLanguage\":\"en-US\",\"potentialAction\":[{\"@type\":\"ReadAction\",\"target\":[\"https:\\\/\\\/mychoccy.com\\\/en\\\/product\\\/feher-csokolade-malna-pisztacia-kokusz\\\/\"]}]},{\"@type\":\"ImageObject\",\"inLanguage\":\"en-US\",\"@id\":\"https:\\\/\\\/mychoccy.com\\\/en\\\/product\\\/feher-csokolade-malna-pisztacia-kokusz\\\/#primaryimage\",\"url\":\"https:\\\/\\\/mychoccy.com\\\/wp-content\\\/uploads\\\/2020\\\/04\\\/feh\u00e9r-m\u00e1lna-piszt\u00e1cia-k\u00f3kusz_u.jpg\",\"contentUrl\":\"https:\\\/\\\/mychoccy.com\\\/wp-content\\\/uploads\\\/2020\\\/04\\\/feh\u00e9r-m\u00e1lna-piszt\u00e1cia-k\u00f3kusz_u.jpg\",\"width\":1200,\"height\":848},{\"@type\":\"BreadcrumbList\",\"@id\":\"https:\\\/\\\/mychoccy.com\\\/en\\\/product\\\/feher-csokolade-malna-pisztacia-kokusz\\\/#breadcrumb\",\"itemListElement\":[{\"@type\":\"ListItem\",\"position\":1,\"name\":\"Home\",\"item\":\"https:\\\/\\\/mychoccy.com\\\/en\\\/\"},{\"@type\":\"ListItem\",\"position\":2,\"name\":\"Shop\",\"item\":\"https:\\\/\\\/mychoccy.com\\\/en\\\/shop-2\\\/\"},{\"@type\":\"ListItem\",\"position\":3,\"name\":\"Feh\u00e9r csokol\u00e1d\u00e9 &#8211; m\u00e1lna, piszt\u00e1cia, k\u00f3kusz\"}]},{\"@type\":\"WebSite\",\"@id\":\"https:\\\/\\\/mychoccy.com\\\/en\\\/#website\",\"url\":\"https:\\\/\\\/mychoccy.com\\\/en\\\/\",\"name\":\"MyChoccy\",\"description\":\"Csokol\u00e1d\u00e9 kreat\u00edvan\",\"potentialAction\":[{\"@type\":\"SearchAction\",\"target\":{\"@type\":\"EntryPoint\",\"urlTemplate\":\"https:\\\/\\\/mychoccy.com\\\/en\\\/?s={search_term_string}\"},\"query-input\":{\"@type\":\"PropertyValueSpecification\",\"valueRequired\":true,\"valueName\":\"search_term_string\"}}],\"inLanguage\":\"en-US\"}]}<\/script>\n<!-- \/ Yoast SEO plugin. -->","yoast_head_json":{"title":"Feh\u00e9r csokol\u00e1d\u00e9 - m\u00e1lna, piszt\u00e1cia, k\u00f3kusz - MyChoccy","description":"Kr\u00e9mes, van\u00edli\u00e1s feh\u00e9r csokol\u00e1d\u00e9 zamatos liofiliz\u00e1lt m\u00e1lnadarabokkal, z\u00fazott piszt\u00e1ci\u00e1val \u00e9s arom\u00e1s, pir\u00edtott k\u00f3kuszchips-el... l\u00e1gy, sz\u00e1jban olvad\u00f3, k\u00f6nnyed \u00edzvil\u00e1g\u00fa \u00e9dess\u00e9g! Feh\u00e9r csokol\u00e1d\u00e9 kaka\u00f3 sz\u00e1razanyag-tartalom: 28% A t\u00e1bl\u00e1s csokol\u00e1d\u00e9 doboz\u00e1nak fedlapja cser\u00e9lhet\u0151. V\u00e1laszd ki az alkalomhoz ill\u0151 \u00fczenetet, \u00e9s tedd m\u00e9g szem\u00e9lyesebb\u00e9 az aj\u00e1nd\u00e9kot! Nett\u00f3 t\u00f6meg: 65 g","robots":{"index":"index","follow":"follow","max-snippet":"max-snippet:-1","max-image-preview":"max-image-preview:large","max-video-preview":"max-video-preview:-1"},"canonical":"https:\/\/mychoccy.com\/en\/product\/feher-csokolade-malna-pisztacia-kokusz\/","og_locale":"en_US","og_type":"article","og_title":"Feh\u00e9r csokol\u00e1d\u00e9 - m\u00e1lna, piszt\u00e1cia, k\u00f3kusz - MyChoccy","og_description":"Kr\u00e9mes, van\u00edli\u00e1s feh\u00e9r csokol\u00e1d\u00e9 zamatos liofiliz\u00e1lt m\u00e1lnadarabokkal, z\u00fazott piszt\u00e1ci\u00e1val \u00e9s arom\u00e1s, pir\u00edtott k\u00f3kuszchips-el... l\u00e1gy, sz\u00e1jban olvad\u00f3, k\u00f6nnyed \u00edzvil\u00e1g\u00fa \u00e9dess\u00e9g! Feh\u00e9r csokol\u00e1d\u00e9 kaka\u00f3 sz\u00e1razanyag-tartalom: 28% A t\u00e1bl\u00e1s csokol\u00e1d\u00e9 doboz\u00e1nak fedlapja cser\u00e9lhet\u0151. V\u00e1laszd ki az alkalomhoz ill\u0151 \u00fczenetet, \u00e9s tedd m\u00e9g szem\u00e9lyesebb\u00e9 az aj\u00e1nd\u00e9kot! Nett\u00f3 t\u00f6meg: 65 g","og_url":"https:\/\/mychoccy.com\/en\/product\/feher-csokolade-malna-pisztacia-kokusz\/","og_site_name":"MyChoccy","article_modified_time":"2026-03-05T13:23:32+00:00","og_image":[{"width":1200,"height":848,"url":"https:\/\/mychoccy.com\/wp-content\/uploads\/2020\/04\/feh\u00e9r-m\u00e1lna-piszt\u00e1cia-k\u00f3kusz_u.jpg","type":"image\/jpeg"}],"twitter_card":"summary_large_image","schema":{"@context":"https:\/\/schema.org","@graph":[{"@type":"WebPage","@id":"https:\/\/mychoccy.com\/en\/product\/feher-csokolade-malna-pisztacia-kokusz\/","url":"https:\/\/mychoccy.com\/en\/product\/feher-csokolade-malna-pisztacia-kokusz\/","name":"Feh\u00e9r csokol\u00e1d\u00e9 - m\u00e1lna, piszt\u00e1cia, k\u00f3kusz - MyChoccy","isPartOf":{"@id":"https:\/\/mychoccy.com\/en\/#website"},"primaryImageOfPage":{"@id":"https:\/\/mychoccy.com\/en\/product\/feher-csokolade-malna-pisztacia-kokusz\/#primaryimage"},"image":{"@id":"https:\/\/mychoccy.com\/en\/product\/feher-csokolade-malna-pisztacia-kokusz\/#primaryimage"},"thumbnailUrl":"https:\/\/mychoccy.com\/wp-content\/uploads\/2020\/04\/feh\u00e9r-m\u00e1lna-piszt\u00e1cia-k\u00f3kusz_u.jpg","datePublished":"2020-04-13T09:38:42+00:00","dateModified":"2026-03-05T13:23:32+00:00","description":"Kr\u00e9mes, van\u00edli\u00e1s feh\u00e9r csokol\u00e1d\u00e9 zamatos liofiliz\u00e1lt m\u00e1lnadarabokkal, z\u00fazott piszt\u00e1ci\u00e1val \u00e9s arom\u00e1s, pir\u00edtott k\u00f3kuszchips-el... l\u00e1gy, sz\u00e1jban olvad\u00f3, k\u00f6nnyed \u00edzvil\u00e1g\u00fa \u00e9dess\u00e9g! Feh\u00e9r csokol\u00e1d\u00e9 kaka\u00f3 sz\u00e1razanyag-tartalom: 28% A t\u00e1bl\u00e1s csokol\u00e1d\u00e9 doboz\u00e1nak fedlapja cser\u00e9lhet\u0151. V\u00e1laszd ki az alkalomhoz ill\u0151 \u00fczenetet, \u00e9s tedd m\u00e9g szem\u00e9lyesebb\u00e9 az aj\u00e1nd\u00e9kot! Nett\u00f3 t\u00f6meg: 65 g","breadcrumb":{"@id":"https:\/\/mychoccy.com\/en\/product\/feher-csokolade-malna-pisztacia-kokusz\/#breadcrumb"},"inLanguage":"en-US","potentialAction":[{"@type":"ReadAction","target":["https:\/\/mychoccy.com\/en\/product\/feher-csokolade-malna-pisztacia-kokusz\/"]}]},{"@type":"ImageObject","inLanguage":"en-US","@id":"https:\/\/mychoccy.com\/en\/product\/feher-csokolade-malna-pisztacia-kokusz\/#primaryimage","url":"https:\/\/mychoccy.com\/wp-content\/uploads\/2020\/04\/feh\u00e9r-m\u00e1lna-piszt\u00e1cia-k\u00f3kusz_u.jpg","contentUrl":"https:\/\/mychoccy.com\/wp-content\/uploads\/2020\/04\/feh\u00e9r-m\u00e1lna-piszt\u00e1cia-k\u00f3kusz_u.jpg","width":1200,"height":848},{"@type":"BreadcrumbList","@id":"https:\/\/mychoccy.com\/en\/product\/feher-csokolade-malna-pisztacia-kokusz\/#breadcrumb","itemListElement":[{"@type":"ListItem","position":1,"name":"Home","item":"https:\/\/mychoccy.com\/en\/"},{"@type":"ListItem","position":2,"name":"Shop","item":"https:\/\/mychoccy.com\/en\/shop-2\/"},{"@type":"ListItem","position":3,"name":"Feh\u00e9r csokol\u00e1d\u00e9 &#8211; m\u00e1lna, piszt\u00e1cia, k\u00f3kusz"}]},{"@type":"WebSite","@id":"https:\/\/mychoccy.com\/en\/#website","url":"https:\/\/mychoccy.com\/en\/","name":"MyChoccy","description":"Csokol\u00e1d\u00e9 kreat\u00edvan","potentialAction":[{"@type":"SearchAction","target":{"@type":"EntryPoint","urlTemplate":"https:\/\/mychoccy.com\/en\/?s={search_term_string}"},"query-input":{"@type":"PropertyValueSpecification","valueRequired":true,"valueName":"search_term_string"}}],"inLanguage":"en-US"}]}},"jetpack_sharing_enabled":true,"_links":{"self":[{"href":"https:\/\/mychoccy.com\/en\/wp-json\/wp\/v2\/product\/13584","targetHints":{"allow":["GET"]}}],"collection":[{"href":"https:\/\/mychoccy.com\/en\/wp-json\/wp\/v2\/product"}],"about":[{"href":"https:\/\/mychoccy.com\/en\/wp-json\/wp\/v2\/types\/product"}],"wp:featuredmedia":[{"embeddable":true,"href":"https:\/\/mychoccy.com\/en\/wp-json\/wp\/v2\/media\/13715"}],"wp:attachment":[{"href":"https:\/\/mychoccy.com\/en\/wp-json\/wp\/v2\/media?parent=13584"}],"wp:term":[{"taxonomy":"product_brand","embeddable":true,"href":"https:\/\/mychoccy.com\/en\/wp-json\/wp\/v2\/product_brand?post=13584"},{"taxonomy":"product_cat","embeddable":true,"href":"https:\/\/mychoccy.com\/en\/wp-json\/wp\/v2\/product_cat?post=13584"},{"taxonomy":"product_tag","embeddable":true,"href":"https:\/\/mychoccy.com\/en\/wp-json\/wp\/v2\/product_tag?post=13584"}],"curies":[{"name":"wp","href":"https:\/\/api.w.org\/{rel}","templated":true}]}}