{"id":13575,"date":"2020-04-13T11:32:07","date_gmt":"2020-04-13T09:32:07","guid":{"rendered":"https:\/\/mychoccy.com\/?post_type=product&#038;p=13575"},"modified":"2026-03-05T14:23:32","modified_gmt":"2026-03-05T13:23:32","slug":"feher-csokolade-eper-malna-voros-afonya","status":"publish","type":"product","link":"https:\/\/mychoccy.com\/en\/product\/feher-csokolade-eper-malna-voros-afonya\/","title":{"rendered":"Feh\u00e9r csokol\u00e1d\u00e9 &#8211; eper, m\u00e1lna, v\u00f6r\u00f6s \u00e1fonya"},"content":{"rendered":"<p>\u00d6sszetev\u0151k:\u00a0<a href=\"https:\/\/mychoccy.com\/product\/feher-csokolade-28\/\" target=\"_blank\" rel=\"noopener noreferrer\">Feh\u00e9r csokol\u00e1d\u00e9 28%<\/a>, liofiliz\u00e1lt m\u00e1lna, liofiliz\u00e1lt eper,\u00a0<a href=\"https:\/\/mychoccy.com\/product\/aszalt-voros-afonya\/\" target=\"_blank\" rel=\"noopener noreferrer\">Aszalt v\u00f6r\u00f6s \u00e1fonya<\/a><\/p>\n<p>Allerg\u00e9nek: sz\u00f3jalecitin, tejpor<\/p>\n","protected":false},"excerpt":{"rendered":"<p class=\"p1\"><span class=\"s1\">Van\u00edli\u00e1s feh\u00e9r csokol\u00e1d\u00e9 zamatos, \u00edzzel teli liofiliz\u00e1lt eperszeletekkel \u00e9s m\u00e1lnadarabokkal, amelyek k\u00f6z\u00f6tt \u00e9des, aszalt v\u00f6r\u00f6s \u00e1fonya szeletek b\u00fajnak meg. Kr\u00e9mesen olvad\u00f3, \u00e9des, enyh\u00e9n savanyk\u00e1s \u00e9s nagyon gy\u00fcm\u00f6lcs\u00f6s!<\/span><\/p>\n<p class=\"p1\"><span class=\"s1\">Feh\u00e9r csokol\u00e1d\u00e9 kaka\u00f3 sz\u00e1razanyag-tartalom: 28%<\/span><\/p>\n<p class=\"p1\"><span class=\"s1\">A t\u00e1bl\u00e1s csokol\u00e1d\u00e9 doboz\u00e1nak fedlapja cser\u00e9lhet\u0151. V\u00e1laszd ki az alkalomhoz ill\u0151 \u00fczenetet, \u00e9s tedd m\u00e9g szem\u00e9lyesebb\u00e9 az aj\u00e1nd\u00e9kot!<\/span><\/p>\n<p>Nett\u00f3 t\u00f6meg: 65 g<\/p>\n","protected":false},"featured_media":13710,"template":"","meta":{"inline_featured_image":false},"product_brand":[],"product_cat":[242],"product_tag":[179,313],"class_list":{"0":"post-13575","1":"product","2":"type-product","3":"status-publish","4":"has-post-thumbnail","6":"product_cat-tablas-csokoladek","7":"product_tag-feher-csokolade","8":"product_tag-gyumolcs","10":"first","11":"outofstock","12":"taxable","13":"shipping-taxable","14":"purchasable","15":"product-type-variable"},"yoast_head":"<!-- This site is optimized with the Yoast SEO plugin v27.4 - https:\/\/yoast.com\/product\/yoast-seo-wordpress\/ -->\n<title>Feh\u00e9r csokol\u00e1d\u00e9 - eper, m\u00e1lna, v\u00f6r\u00f6s \u00e1fonya - MyChoccy<\/title>\n<meta name=\"description\" content=\"Van\u00edli\u00e1s feh\u00e9r csokol\u00e1d\u00e9 zamatos, \u00edzzel teli liofiliz\u00e1lt eperszeletekkel \u00e9s m\u00e1lnadarabokkal, amelyek k\u00f6z\u00f6tt \u00e9des, aszalt v\u00f6r\u00f6s \u00e1fonya szeletek b\u00fajnak meg. Kr\u00e9mesen olvad\u00f3, \u00e9des, enyh\u00e9n savanyk\u00e1s \u00e9s nagyon gy\u00fcm\u00f6lcs\u00f6s! Feh\u00e9r csokol\u00e1d\u00e9 kaka\u00f3 sz\u00e1razanyag-tartalom: 28% A t\u00e1bl\u00e1s csokol\u00e1d\u00e9 doboz\u00e1nak fedlapja cser\u00e9lhet\u0151. V\u00e1laszd ki az alkalomhoz ill\u0151 \u00fczenetet, \u00e9s tedd m\u00e9g szem\u00e9lyesebb\u00e9 az aj\u00e1nd\u00e9kot! Nett\u00f3 t\u00f6meg: 65 g\" \/>\n<meta name=\"robots\" content=\"index, follow, max-snippet:-1, max-image-preview:large, max-video-preview:-1\" \/>\n<link rel=\"canonical\" href=\"https:\/\/mychoccy.com\/en\/product\/feher-csokolade-eper-malna-voros-afonya\/\" \/>\n<meta property=\"og:locale\" content=\"en_US\" \/>\n<meta property=\"og:type\" content=\"article\" \/>\n<meta property=\"og:title\" content=\"Feh\u00e9r csokol\u00e1d\u00e9 - eper, m\u00e1lna, v\u00f6r\u00f6s \u00e1fonya - MyChoccy\" \/>\n<meta property=\"og:description\" content=\"Van\u00edli\u00e1s feh\u00e9r csokol\u00e1d\u00e9 zamatos, \u00edzzel teli liofiliz\u00e1lt eperszeletekkel \u00e9s m\u00e1lnadarabokkal, amelyek k\u00f6z\u00f6tt \u00e9des, aszalt v\u00f6r\u00f6s \u00e1fonya szeletek b\u00fajnak meg. Kr\u00e9mesen olvad\u00f3, \u00e9des, enyh\u00e9n savanyk\u00e1s \u00e9s nagyon gy\u00fcm\u00f6lcs\u00f6s! Feh\u00e9r csokol\u00e1d\u00e9 kaka\u00f3 sz\u00e1razanyag-tartalom: 28% A t\u00e1bl\u00e1s csokol\u00e1d\u00e9 doboz\u00e1nak fedlapja cser\u00e9lhet\u0151. V\u00e1laszd ki az alkalomhoz ill\u0151 \u00fczenetet, \u00e9s tedd m\u00e9g szem\u00e9lyesebb\u00e9 az aj\u00e1nd\u00e9kot! Nett\u00f3 t\u00f6meg: 65 g\" \/>\n<meta property=\"og:url\" content=\"https:\/\/mychoccy.com\/en\/product\/feher-csokolade-eper-malna-voros-afonya\/\" \/>\n<meta property=\"og:site_name\" content=\"MyChoccy\" \/>\n<meta property=\"article:modified_time\" content=\"2026-03-05T13:23:32+00:00\" \/>\n<meta property=\"og:image\" content=\"https:\/\/mychoccy.com\/wp-content\/uploads\/2020\/04\/feh\u00e9r-eper-m\u00e1lna-v\u00f6r\u00f6s\u00e1fonya_u.jpg\" \/>\n\t<meta property=\"og:image:width\" content=\"1200\" \/>\n\t<meta property=\"og:image:height\" content=\"848\" \/>\n\t<meta property=\"og:image:type\" content=\"image\/jpeg\" \/>\n<meta name=\"twitter:card\" content=\"summary_large_image\" \/>\n<script type=\"application\/ld+json\" class=\"yoast-schema-graph\">{\"@context\":\"https:\\\/\\\/schema.org\",\"@graph\":[{\"@type\":\"WebPage\",\"@id\":\"https:\\\/\\\/mychoccy.com\\\/en\\\/product\\\/feher-csokolade-eper-malna-voros-afonya\\\/\",\"url\":\"https:\\\/\\\/mychoccy.com\\\/en\\\/product\\\/feher-csokolade-eper-malna-voros-afonya\\\/\",\"name\":\"Feh\u00e9r csokol\u00e1d\u00e9 - eper, m\u00e1lna, v\u00f6r\u00f6s \u00e1fonya - MyChoccy\",\"isPartOf\":{\"@id\":\"https:\\\/\\\/mychoccy.com\\\/en\\\/#website\"},\"primaryImageOfPage\":{\"@id\":\"https:\\\/\\\/mychoccy.com\\\/en\\\/product\\\/feher-csokolade-eper-malna-voros-afonya\\\/#primaryimage\"},\"image\":{\"@id\":\"https:\\\/\\\/mychoccy.com\\\/en\\\/product\\\/feher-csokolade-eper-malna-voros-afonya\\\/#primaryimage\"},\"thumbnailUrl\":\"https:\\\/\\\/mychoccy.com\\\/wp-content\\\/uploads\\\/2020\\\/04\\\/feh\u00e9r-eper-m\u00e1lna-v\u00f6r\u00f6s\u00e1fonya_u.jpg\",\"datePublished\":\"2020-04-13T09:32:07+00:00\",\"dateModified\":\"2026-03-05T13:23:32+00:00\",\"description\":\"Van\u00edli\u00e1s feh\u00e9r csokol\u00e1d\u00e9 zamatos, \u00edzzel teli liofiliz\u00e1lt eperszeletekkel \u00e9s m\u00e1lnadarabokkal, amelyek k\u00f6z\u00f6tt \u00e9des, aszalt v\u00f6r\u00f6s \u00e1fonya szeletek b\u00fajnak meg. Kr\u00e9mesen olvad\u00f3, \u00e9des, enyh\u00e9n savanyk\u00e1s \u00e9s nagyon gy\u00fcm\u00f6lcs\u00f6s! Feh\u00e9r csokol\u00e1d\u00e9 kaka\u00f3 sz\u00e1razanyag-tartalom: 28% A t\u00e1bl\u00e1s csokol\u00e1d\u00e9 doboz\u00e1nak fedlapja cser\u00e9lhet\u0151. V\u00e1laszd ki az alkalomhoz ill\u0151 \u00fczenetet, \u00e9s tedd m\u00e9g szem\u00e9lyesebb\u00e9 az aj\u00e1nd\u00e9kot! Nett\u00f3 t\u00f6meg: 65 g\",\"breadcrumb\":{\"@id\":\"https:\\\/\\\/mychoccy.com\\\/en\\\/product\\\/feher-csokolade-eper-malna-voros-afonya\\\/#breadcrumb\"},\"inLanguage\":\"en-US\",\"potentialAction\":[{\"@type\":\"ReadAction\",\"target\":[\"https:\\\/\\\/mychoccy.com\\\/en\\\/product\\\/feher-csokolade-eper-malna-voros-afonya\\\/\"]}]},{\"@type\":\"ImageObject\",\"inLanguage\":\"en-US\",\"@id\":\"https:\\\/\\\/mychoccy.com\\\/en\\\/product\\\/feher-csokolade-eper-malna-voros-afonya\\\/#primaryimage\",\"url\":\"https:\\\/\\\/mychoccy.com\\\/wp-content\\\/uploads\\\/2020\\\/04\\\/feh\u00e9r-eper-m\u00e1lna-v\u00f6r\u00f6s\u00e1fonya_u.jpg\",\"contentUrl\":\"https:\\\/\\\/mychoccy.com\\\/wp-content\\\/uploads\\\/2020\\\/04\\\/feh\u00e9r-eper-m\u00e1lna-v\u00f6r\u00f6s\u00e1fonya_u.jpg\",\"width\":1200,\"height\":848},{\"@type\":\"BreadcrumbList\",\"@id\":\"https:\\\/\\\/mychoccy.com\\\/en\\\/product\\\/feher-csokolade-eper-malna-voros-afonya\\\/#breadcrumb\",\"itemListElement\":[{\"@type\":\"ListItem\",\"position\":1,\"name\":\"Home\",\"item\":\"https:\\\/\\\/mychoccy.com\\\/en\\\/\"},{\"@type\":\"ListItem\",\"position\":2,\"name\":\"Shop\",\"item\":\"https:\\\/\\\/mychoccy.com\\\/en\\\/shop-2\\\/\"},{\"@type\":\"ListItem\",\"position\":3,\"name\":\"Feh\u00e9r csokol\u00e1d\u00e9 &#8211; eper, m\u00e1lna, v\u00f6r\u00f6s \u00e1fonya\"}]},{\"@type\":\"WebSite\",\"@id\":\"https:\\\/\\\/mychoccy.com\\\/en\\\/#website\",\"url\":\"https:\\\/\\\/mychoccy.com\\\/en\\\/\",\"name\":\"MyChoccy\",\"description\":\"Csokol\u00e1d\u00e9 kreat\u00edvan\",\"potentialAction\":[{\"@type\":\"SearchAction\",\"target\":{\"@type\":\"EntryPoint\",\"urlTemplate\":\"https:\\\/\\\/mychoccy.com\\\/en\\\/?s={search_term_string}\"},\"query-input\":{\"@type\":\"PropertyValueSpecification\",\"valueRequired\":true,\"valueName\":\"search_term_string\"}}],\"inLanguage\":\"en-US\"}]}<\/script>\n<!-- \/ Yoast SEO plugin. -->","yoast_head_json":{"title":"Feh\u00e9r csokol\u00e1d\u00e9 - eper, m\u00e1lna, v\u00f6r\u00f6s \u00e1fonya - MyChoccy","description":"Van\u00edli\u00e1s feh\u00e9r csokol\u00e1d\u00e9 zamatos, \u00edzzel teli liofiliz\u00e1lt eperszeletekkel \u00e9s m\u00e1lnadarabokkal, amelyek k\u00f6z\u00f6tt \u00e9des, aszalt v\u00f6r\u00f6s \u00e1fonya szeletek b\u00fajnak meg. Kr\u00e9mesen olvad\u00f3, \u00e9des, enyh\u00e9n savanyk\u00e1s \u00e9s nagyon gy\u00fcm\u00f6lcs\u00f6s! Feh\u00e9r csokol\u00e1d\u00e9 kaka\u00f3 sz\u00e1razanyag-tartalom: 28% A t\u00e1bl\u00e1s csokol\u00e1d\u00e9 doboz\u00e1nak fedlapja cser\u00e9lhet\u0151. V\u00e1laszd ki az alkalomhoz ill\u0151 \u00fczenetet, \u00e9s tedd m\u00e9g szem\u00e9lyesebb\u00e9 az aj\u00e1nd\u00e9kot! Nett\u00f3 t\u00f6meg: 65 g","robots":{"index":"index","follow":"follow","max-snippet":"max-snippet:-1","max-image-preview":"max-image-preview:large","max-video-preview":"max-video-preview:-1"},"canonical":"https:\/\/mychoccy.com\/en\/product\/feher-csokolade-eper-malna-voros-afonya\/","og_locale":"en_US","og_type":"article","og_title":"Feh\u00e9r csokol\u00e1d\u00e9 - eper, m\u00e1lna, v\u00f6r\u00f6s \u00e1fonya - MyChoccy","og_description":"Van\u00edli\u00e1s feh\u00e9r csokol\u00e1d\u00e9 zamatos, \u00edzzel teli liofiliz\u00e1lt eperszeletekkel \u00e9s m\u00e1lnadarabokkal, amelyek k\u00f6z\u00f6tt \u00e9des, aszalt v\u00f6r\u00f6s \u00e1fonya szeletek b\u00fajnak meg. Kr\u00e9mesen olvad\u00f3, \u00e9des, enyh\u00e9n savanyk\u00e1s \u00e9s nagyon gy\u00fcm\u00f6lcs\u00f6s! Feh\u00e9r csokol\u00e1d\u00e9 kaka\u00f3 sz\u00e1razanyag-tartalom: 28% A t\u00e1bl\u00e1s csokol\u00e1d\u00e9 doboz\u00e1nak fedlapja cser\u00e9lhet\u0151. V\u00e1laszd ki az alkalomhoz ill\u0151 \u00fczenetet, \u00e9s tedd m\u00e9g szem\u00e9lyesebb\u00e9 az aj\u00e1nd\u00e9kot! Nett\u00f3 t\u00f6meg: 65 g","og_url":"https:\/\/mychoccy.com\/en\/product\/feher-csokolade-eper-malna-voros-afonya\/","og_site_name":"MyChoccy","article_modified_time":"2026-03-05T13:23:32+00:00","og_image":[{"width":1200,"height":848,"url":"https:\/\/mychoccy.com\/wp-content\/uploads\/2020\/04\/feh\u00e9r-eper-m\u00e1lna-v\u00f6r\u00f6s\u00e1fonya_u.jpg","type":"image\/jpeg"}],"twitter_card":"summary_large_image","schema":{"@context":"https:\/\/schema.org","@graph":[{"@type":"WebPage","@id":"https:\/\/mychoccy.com\/en\/product\/feher-csokolade-eper-malna-voros-afonya\/","url":"https:\/\/mychoccy.com\/en\/product\/feher-csokolade-eper-malna-voros-afonya\/","name":"Feh\u00e9r csokol\u00e1d\u00e9 - eper, m\u00e1lna, v\u00f6r\u00f6s \u00e1fonya - MyChoccy","isPartOf":{"@id":"https:\/\/mychoccy.com\/en\/#website"},"primaryImageOfPage":{"@id":"https:\/\/mychoccy.com\/en\/product\/feher-csokolade-eper-malna-voros-afonya\/#primaryimage"},"image":{"@id":"https:\/\/mychoccy.com\/en\/product\/feher-csokolade-eper-malna-voros-afonya\/#primaryimage"},"thumbnailUrl":"https:\/\/mychoccy.com\/wp-content\/uploads\/2020\/04\/feh\u00e9r-eper-m\u00e1lna-v\u00f6r\u00f6s\u00e1fonya_u.jpg","datePublished":"2020-04-13T09:32:07+00:00","dateModified":"2026-03-05T13:23:32+00:00","description":"Van\u00edli\u00e1s feh\u00e9r csokol\u00e1d\u00e9 zamatos, \u00edzzel teli liofiliz\u00e1lt eperszeletekkel \u00e9s m\u00e1lnadarabokkal, amelyek k\u00f6z\u00f6tt \u00e9des, aszalt v\u00f6r\u00f6s \u00e1fonya szeletek b\u00fajnak meg. Kr\u00e9mesen olvad\u00f3, \u00e9des, enyh\u00e9n savanyk\u00e1s \u00e9s nagyon gy\u00fcm\u00f6lcs\u00f6s! Feh\u00e9r csokol\u00e1d\u00e9 kaka\u00f3 sz\u00e1razanyag-tartalom: 28% A t\u00e1bl\u00e1s csokol\u00e1d\u00e9 doboz\u00e1nak fedlapja cser\u00e9lhet\u0151. V\u00e1laszd ki az alkalomhoz ill\u0151 \u00fczenetet, \u00e9s tedd m\u00e9g szem\u00e9lyesebb\u00e9 az aj\u00e1nd\u00e9kot! Nett\u00f3 t\u00f6meg: 65 g","breadcrumb":{"@id":"https:\/\/mychoccy.com\/en\/product\/feher-csokolade-eper-malna-voros-afonya\/#breadcrumb"},"inLanguage":"en-US","potentialAction":[{"@type":"ReadAction","target":["https:\/\/mychoccy.com\/en\/product\/feher-csokolade-eper-malna-voros-afonya\/"]}]},{"@type":"ImageObject","inLanguage":"en-US","@id":"https:\/\/mychoccy.com\/en\/product\/feher-csokolade-eper-malna-voros-afonya\/#primaryimage","url":"https:\/\/mychoccy.com\/wp-content\/uploads\/2020\/04\/feh\u00e9r-eper-m\u00e1lna-v\u00f6r\u00f6s\u00e1fonya_u.jpg","contentUrl":"https:\/\/mychoccy.com\/wp-content\/uploads\/2020\/04\/feh\u00e9r-eper-m\u00e1lna-v\u00f6r\u00f6s\u00e1fonya_u.jpg","width":1200,"height":848},{"@type":"BreadcrumbList","@id":"https:\/\/mychoccy.com\/en\/product\/feher-csokolade-eper-malna-voros-afonya\/#breadcrumb","itemListElement":[{"@type":"ListItem","position":1,"name":"Home","item":"https:\/\/mychoccy.com\/en\/"},{"@type":"ListItem","position":2,"name":"Shop","item":"https:\/\/mychoccy.com\/en\/shop-2\/"},{"@type":"ListItem","position":3,"name":"Feh\u00e9r csokol\u00e1d\u00e9 &#8211; eper, m\u00e1lna, v\u00f6r\u00f6s \u00e1fonya"}]},{"@type":"WebSite","@id":"https:\/\/mychoccy.com\/en\/#website","url":"https:\/\/mychoccy.com\/en\/","name":"MyChoccy","description":"Csokol\u00e1d\u00e9 kreat\u00edvan","potentialAction":[{"@type":"SearchAction","target":{"@type":"EntryPoint","urlTemplate":"https:\/\/mychoccy.com\/en\/?s={search_term_string}"},"query-input":{"@type":"PropertyValueSpecification","valueRequired":true,"valueName":"search_term_string"}}],"inLanguage":"en-US"}]}},"jetpack_sharing_enabled":true,"_links":{"self":[{"href":"https:\/\/mychoccy.com\/en\/wp-json\/wp\/v2\/product\/13575","targetHints":{"allow":["GET"]}}],"collection":[{"href":"https:\/\/mychoccy.com\/en\/wp-json\/wp\/v2\/product"}],"about":[{"href":"https:\/\/mychoccy.com\/en\/wp-json\/wp\/v2\/types\/product"}],"wp:featuredmedia":[{"embeddable":true,"href":"https:\/\/mychoccy.com\/en\/wp-json\/wp\/v2\/media\/13710"}],"wp:attachment":[{"href":"https:\/\/mychoccy.com\/en\/wp-json\/wp\/v2\/media?parent=13575"}],"wp:term":[{"taxonomy":"product_brand","embeddable":true,"href":"https:\/\/mychoccy.com\/en\/wp-json\/wp\/v2\/product_brand?post=13575"},{"taxonomy":"product_cat","embeddable":true,"href":"https:\/\/mychoccy.com\/en\/wp-json\/wp\/v2\/product_cat?post=13575"},{"taxonomy":"product_tag","embeddable":true,"href":"https:\/\/mychoccy.com\/en\/wp-json\/wp\/v2\/product_tag?post=13575"}],"curies":[{"name":"wp","href":"https:\/\/api.w.org\/{rel}","templated":true}]}}