{"id":13565,"date":"2020-04-13T08:56:41","date_gmt":"2020-04-13T06:56:41","guid":{"rendered":"https:\/\/mychoccy.com\/?post_type=product&#038;p=13565"},"modified":"2026-03-05T14:23:32","modified_gmt":"2026-03-05T13:23:32","slug":"tejcsokolade-pekandio-torokmogyoro-mandula","status":"publish","type":"product","link":"https:\/\/mychoccy.com\/en\/product\/tejcsokolade-pekandio-torokmogyoro-mandula\/","title":{"rendered":"Tejcsokol\u00e1d\u00e9 &#8211; pek\u00e1ndi\u00f3, t\u00f6r\u00f6kmogyor\u00f3, mandula"},"content":{"rendered":"<p>\u00d6sszetev\u0151k: <a href=\"https:\/\/mychoccy.com\/product\/tejcsokolade-336-250g\/\" target=\"_blank\" rel=\"noopener noreferrer\">Tejcsokol\u00e1d\u00e9 33,6 %<\/a>,\u00a0 <a href=\"https:\/\/mychoccy.com\/product\/pekandio\/\" target=\"_blank\" rel=\"noopener noreferrer\">Pek\u00e1ndi\u00f3<\/a>,\u00a0<a href=\"https:\/\/mychoccy.com\/product\/torokmogyoro-hantolt\/\" target=\"_blank\" rel=\"noopener noreferrer\">T\u00f6r\u00f6kmogyor\u00f3<\/a>,\u00a0<a href=\"https:\/\/mychoccy.com\/product\/mandulapalcika\/\" target=\"_blank\" rel=\"noopener noreferrer\">Mandulap\u00e1lcika<\/a><\/p>\n<p>Allerg\u00e9nek: sz\u00f3jalecitin, tejpor, pek\u00e1ndi\u00f3, t\u00f6r\u00f6kmogyor\u00f3, mandula<\/p>\n","protected":false},"excerpt":{"rendered":"<p class=\"p1\"><span class=\"s1\">Kr\u00e9mes tejcsokol\u00e1d\u00e9 pir\u00edtott pek\u00e1ndi\u00f3val, t\u00f6r\u00f6kmogy\u00f3r\u00f3val \u00e9s mandulap\u00e1lcik\u00e1kkal. Igazi klasszikus, nagyon mogyor\u00f3s tejcsokol\u00e1d\u00e9!<\/span><\/p>\n<p class=\"p1\"><span class=\"s1\">Tejcsokol\u00e1d\u00e9 kaka\u00f3 sz\u00e1razanyag-tartalom: 33,6%<\/span><\/p>\n<p class=\"p1\"><span class=\"s1\">A t\u00e1bl\u00e1s csokol\u00e1d\u00e9 doboz\u00e1nak fedlapja cser\u00e9lhet\u0151. V\u00e1laszd ki az alkalomhoz ill\u0151 \u00fczenetet, \u00e9s tedd m\u00e9g szem\u00e9lyesebb\u00e9 az aj\u00e1nd\u00e9kot!<\/span><\/p>\n<p>Nett\u00f3 t\u00f6meg: 65 g<\/p>\n","protected":false},"featured_media":13719,"template":"","meta":{"inline_featured_image":false},"product_brand":[],"product_cat":[242],"product_tag":[320,300],"class_list":{"0":"post-13565","1":"product","2":"type-product","3":"status-publish","4":"has-post-thumbnail","6":"product_cat-tablas-csokoladek","7":"product_tag-olajos-mag","8":"product_tag-tejcsokolade","10":"first","11":"outofstock","12":"taxable","13":"shipping-taxable","14":"purchasable","15":"product-type-variable"},"yoast_head":"<!-- This site is optimized with the Yoast SEO plugin v27.4 - https:\/\/yoast.com\/product\/yoast-seo-wordpress\/ -->\n<title>Tejcsokol\u00e1d\u00e9 - pek\u00e1ndi\u00f3, t\u00f6r\u00f6kmogyor\u00f3, mandula - MyChoccy<\/title>\n<meta name=\"description\" content=\"Kr\u00e9mes tejcsokol\u00e1d\u00e9 pir\u00edtott pek\u00e1ndi\u00f3val, t\u00f6r\u00f6kmogy\u00f3r\u00f3val \u00e9s mandulap\u00e1lcik\u00e1kkal. Igazi klasszikus, nagyon mogyor\u00f3s tejcsokol\u00e1d\u00e9! Tejcsokol\u00e1d\u00e9 kaka\u00f3 sz\u00e1razanyag-tartalom: 33,6% A t\u00e1bl\u00e1s csokol\u00e1d\u00e9 doboz\u00e1nak fedlapja cser\u00e9lhet\u0151. V\u00e1laszd ki az alkalomhoz ill\u0151 \u00fczenetet, \u00e9s tedd m\u00e9g szem\u00e9lyesebb\u00e9 az aj\u00e1nd\u00e9kot! Nett\u00f3 t\u00f6meg: 65 g\" \/>\n<meta name=\"robots\" content=\"index, follow, max-snippet:-1, max-image-preview:large, max-video-preview:-1\" \/>\n<link rel=\"canonical\" href=\"https:\/\/mychoccy.com\/en\/product\/tejcsokolade-pekandio-torokmogyoro-mandula\/\" \/>\n<meta property=\"og:locale\" content=\"en_US\" \/>\n<meta property=\"og:type\" content=\"article\" \/>\n<meta property=\"og:title\" content=\"Tejcsokol\u00e1d\u00e9 - pek\u00e1ndi\u00f3, t\u00f6r\u00f6kmogyor\u00f3, mandula - MyChoccy\" \/>\n<meta property=\"og:description\" content=\"Kr\u00e9mes tejcsokol\u00e1d\u00e9 pir\u00edtott pek\u00e1ndi\u00f3val, t\u00f6r\u00f6kmogy\u00f3r\u00f3val \u00e9s mandulap\u00e1lcik\u00e1kkal. Igazi klasszikus, nagyon mogyor\u00f3s tejcsokol\u00e1d\u00e9! Tejcsokol\u00e1d\u00e9 kaka\u00f3 sz\u00e1razanyag-tartalom: 33,6% A t\u00e1bl\u00e1s csokol\u00e1d\u00e9 doboz\u00e1nak fedlapja cser\u00e9lhet\u0151. V\u00e1laszd ki az alkalomhoz ill\u0151 \u00fczenetet, \u00e9s tedd m\u00e9g szem\u00e9lyesebb\u00e9 az aj\u00e1nd\u00e9kot! Nett\u00f3 t\u00f6meg: 65 g\" \/>\n<meta property=\"og:url\" content=\"https:\/\/mychoccy.com\/en\/product\/tejcsokolade-pekandio-torokmogyoro-mandula\/\" \/>\n<meta property=\"og:site_name\" content=\"MyChoccy\" \/>\n<meta property=\"article:modified_time\" content=\"2026-03-05T13:23:32+00:00\" \/>\n<meta property=\"og:image\" content=\"https:\/\/mychoccy.com\/wp-content\/uploads\/2020\/04\/tej-mogyor\u00f3-pek\u00e1ndi\u00f3-mandula_u.jpg\" \/>\n\t<meta property=\"og:image:width\" content=\"1200\" \/>\n\t<meta property=\"og:image:height\" content=\"848\" \/>\n\t<meta property=\"og:image:type\" content=\"image\/jpeg\" \/>\n<meta name=\"twitter:card\" content=\"summary_large_image\" \/>\n<script type=\"application\/ld+json\" class=\"yoast-schema-graph\">{\"@context\":\"https:\\\/\\\/schema.org\",\"@graph\":[{\"@type\":\"WebPage\",\"@id\":\"https:\\\/\\\/mychoccy.com\\\/en\\\/product\\\/tejcsokolade-pekandio-torokmogyoro-mandula\\\/\",\"url\":\"https:\\\/\\\/mychoccy.com\\\/en\\\/product\\\/tejcsokolade-pekandio-torokmogyoro-mandula\\\/\",\"name\":\"Tejcsokol\u00e1d\u00e9 - pek\u00e1ndi\u00f3, t\u00f6r\u00f6kmogyor\u00f3, mandula - MyChoccy\",\"isPartOf\":{\"@id\":\"https:\\\/\\\/mychoccy.com\\\/en\\\/#website\"},\"primaryImageOfPage\":{\"@id\":\"https:\\\/\\\/mychoccy.com\\\/en\\\/product\\\/tejcsokolade-pekandio-torokmogyoro-mandula\\\/#primaryimage\"},\"image\":{\"@id\":\"https:\\\/\\\/mychoccy.com\\\/en\\\/product\\\/tejcsokolade-pekandio-torokmogyoro-mandula\\\/#primaryimage\"},\"thumbnailUrl\":\"https:\\\/\\\/mychoccy.com\\\/wp-content\\\/uploads\\\/2020\\\/04\\\/tej-mogyor\u00f3-pek\u00e1ndi\u00f3-mandula_u.jpg\",\"datePublished\":\"2020-04-13T06:56:41+00:00\",\"dateModified\":\"2026-03-05T13:23:32+00:00\",\"description\":\"Kr\u00e9mes tejcsokol\u00e1d\u00e9 pir\u00edtott pek\u00e1ndi\u00f3val, t\u00f6r\u00f6kmogy\u00f3r\u00f3val \u00e9s mandulap\u00e1lcik\u00e1kkal. Igazi klasszikus, nagyon mogyor\u00f3s tejcsokol\u00e1d\u00e9! Tejcsokol\u00e1d\u00e9 kaka\u00f3 sz\u00e1razanyag-tartalom: 33,6% A t\u00e1bl\u00e1s csokol\u00e1d\u00e9 doboz\u00e1nak fedlapja cser\u00e9lhet\u0151. V\u00e1laszd ki az alkalomhoz ill\u0151 \u00fczenetet, \u00e9s tedd m\u00e9g szem\u00e9lyesebb\u00e9 az aj\u00e1nd\u00e9kot! Nett\u00f3 t\u00f6meg: 65 g\",\"breadcrumb\":{\"@id\":\"https:\\\/\\\/mychoccy.com\\\/en\\\/product\\\/tejcsokolade-pekandio-torokmogyoro-mandula\\\/#breadcrumb\"},\"inLanguage\":\"en-US\",\"potentialAction\":[{\"@type\":\"ReadAction\",\"target\":[\"https:\\\/\\\/mychoccy.com\\\/en\\\/product\\\/tejcsokolade-pekandio-torokmogyoro-mandula\\\/\"]}]},{\"@type\":\"ImageObject\",\"inLanguage\":\"en-US\",\"@id\":\"https:\\\/\\\/mychoccy.com\\\/en\\\/product\\\/tejcsokolade-pekandio-torokmogyoro-mandula\\\/#primaryimage\",\"url\":\"https:\\\/\\\/mychoccy.com\\\/wp-content\\\/uploads\\\/2020\\\/04\\\/tej-mogyor\u00f3-pek\u00e1ndi\u00f3-mandula_u.jpg\",\"contentUrl\":\"https:\\\/\\\/mychoccy.com\\\/wp-content\\\/uploads\\\/2020\\\/04\\\/tej-mogyor\u00f3-pek\u00e1ndi\u00f3-mandula_u.jpg\",\"width\":1200,\"height\":848},{\"@type\":\"BreadcrumbList\",\"@id\":\"https:\\\/\\\/mychoccy.com\\\/en\\\/product\\\/tejcsokolade-pekandio-torokmogyoro-mandula\\\/#breadcrumb\",\"itemListElement\":[{\"@type\":\"ListItem\",\"position\":1,\"name\":\"Home\",\"item\":\"https:\\\/\\\/mychoccy.com\\\/en\\\/\"},{\"@type\":\"ListItem\",\"position\":2,\"name\":\"Shop\",\"item\":\"https:\\\/\\\/mychoccy.com\\\/en\\\/shop-2\\\/\"},{\"@type\":\"ListItem\",\"position\":3,\"name\":\"Tejcsokol\u00e1d\u00e9 &#8211; pek\u00e1ndi\u00f3, t\u00f6r\u00f6kmogyor\u00f3, mandula\"}]},{\"@type\":\"WebSite\",\"@id\":\"https:\\\/\\\/mychoccy.com\\\/en\\\/#website\",\"url\":\"https:\\\/\\\/mychoccy.com\\\/en\\\/\",\"name\":\"MyChoccy\",\"description\":\"Csokol\u00e1d\u00e9 kreat\u00edvan\",\"potentialAction\":[{\"@type\":\"SearchAction\",\"target\":{\"@type\":\"EntryPoint\",\"urlTemplate\":\"https:\\\/\\\/mychoccy.com\\\/en\\\/?s={search_term_string}\"},\"query-input\":{\"@type\":\"PropertyValueSpecification\",\"valueRequired\":true,\"valueName\":\"search_term_string\"}}],\"inLanguage\":\"en-US\"}]}<\/script>\n<!-- \/ Yoast SEO plugin. -->","yoast_head_json":{"title":"Tejcsokol\u00e1d\u00e9 - pek\u00e1ndi\u00f3, t\u00f6r\u00f6kmogyor\u00f3, mandula - MyChoccy","description":"Kr\u00e9mes tejcsokol\u00e1d\u00e9 pir\u00edtott pek\u00e1ndi\u00f3val, t\u00f6r\u00f6kmogy\u00f3r\u00f3val \u00e9s mandulap\u00e1lcik\u00e1kkal. Igazi klasszikus, nagyon mogyor\u00f3s tejcsokol\u00e1d\u00e9! Tejcsokol\u00e1d\u00e9 kaka\u00f3 sz\u00e1razanyag-tartalom: 33,6% A t\u00e1bl\u00e1s csokol\u00e1d\u00e9 doboz\u00e1nak fedlapja cser\u00e9lhet\u0151. V\u00e1laszd ki az alkalomhoz ill\u0151 \u00fczenetet, \u00e9s tedd m\u00e9g szem\u00e9lyesebb\u00e9 az aj\u00e1nd\u00e9kot! Nett\u00f3 t\u00f6meg: 65 g","robots":{"index":"index","follow":"follow","max-snippet":"max-snippet:-1","max-image-preview":"max-image-preview:large","max-video-preview":"max-video-preview:-1"},"canonical":"https:\/\/mychoccy.com\/en\/product\/tejcsokolade-pekandio-torokmogyoro-mandula\/","og_locale":"en_US","og_type":"article","og_title":"Tejcsokol\u00e1d\u00e9 - pek\u00e1ndi\u00f3, t\u00f6r\u00f6kmogyor\u00f3, mandula - MyChoccy","og_description":"Kr\u00e9mes tejcsokol\u00e1d\u00e9 pir\u00edtott pek\u00e1ndi\u00f3val, t\u00f6r\u00f6kmogy\u00f3r\u00f3val \u00e9s mandulap\u00e1lcik\u00e1kkal. Igazi klasszikus, nagyon mogyor\u00f3s tejcsokol\u00e1d\u00e9! Tejcsokol\u00e1d\u00e9 kaka\u00f3 sz\u00e1razanyag-tartalom: 33,6% A t\u00e1bl\u00e1s csokol\u00e1d\u00e9 doboz\u00e1nak fedlapja cser\u00e9lhet\u0151. V\u00e1laszd ki az alkalomhoz ill\u0151 \u00fczenetet, \u00e9s tedd m\u00e9g szem\u00e9lyesebb\u00e9 az aj\u00e1nd\u00e9kot! Nett\u00f3 t\u00f6meg: 65 g","og_url":"https:\/\/mychoccy.com\/en\/product\/tejcsokolade-pekandio-torokmogyoro-mandula\/","og_site_name":"MyChoccy","article_modified_time":"2026-03-05T13:23:32+00:00","og_image":[{"width":1200,"height":848,"url":"https:\/\/mychoccy.com\/wp-content\/uploads\/2020\/04\/tej-mogyor\u00f3-pek\u00e1ndi\u00f3-mandula_u.jpg","type":"image\/jpeg"}],"twitter_card":"summary_large_image","schema":{"@context":"https:\/\/schema.org","@graph":[{"@type":"WebPage","@id":"https:\/\/mychoccy.com\/en\/product\/tejcsokolade-pekandio-torokmogyoro-mandula\/","url":"https:\/\/mychoccy.com\/en\/product\/tejcsokolade-pekandio-torokmogyoro-mandula\/","name":"Tejcsokol\u00e1d\u00e9 - pek\u00e1ndi\u00f3, t\u00f6r\u00f6kmogyor\u00f3, mandula - MyChoccy","isPartOf":{"@id":"https:\/\/mychoccy.com\/en\/#website"},"primaryImageOfPage":{"@id":"https:\/\/mychoccy.com\/en\/product\/tejcsokolade-pekandio-torokmogyoro-mandula\/#primaryimage"},"image":{"@id":"https:\/\/mychoccy.com\/en\/product\/tejcsokolade-pekandio-torokmogyoro-mandula\/#primaryimage"},"thumbnailUrl":"https:\/\/mychoccy.com\/wp-content\/uploads\/2020\/04\/tej-mogyor\u00f3-pek\u00e1ndi\u00f3-mandula_u.jpg","datePublished":"2020-04-13T06:56:41+00:00","dateModified":"2026-03-05T13:23:32+00:00","description":"Kr\u00e9mes tejcsokol\u00e1d\u00e9 pir\u00edtott pek\u00e1ndi\u00f3val, t\u00f6r\u00f6kmogy\u00f3r\u00f3val \u00e9s mandulap\u00e1lcik\u00e1kkal. Igazi klasszikus, nagyon mogyor\u00f3s tejcsokol\u00e1d\u00e9! Tejcsokol\u00e1d\u00e9 kaka\u00f3 sz\u00e1razanyag-tartalom: 33,6% A t\u00e1bl\u00e1s csokol\u00e1d\u00e9 doboz\u00e1nak fedlapja cser\u00e9lhet\u0151. V\u00e1laszd ki az alkalomhoz ill\u0151 \u00fczenetet, \u00e9s tedd m\u00e9g szem\u00e9lyesebb\u00e9 az aj\u00e1nd\u00e9kot! Nett\u00f3 t\u00f6meg: 65 g","breadcrumb":{"@id":"https:\/\/mychoccy.com\/en\/product\/tejcsokolade-pekandio-torokmogyoro-mandula\/#breadcrumb"},"inLanguage":"en-US","potentialAction":[{"@type":"ReadAction","target":["https:\/\/mychoccy.com\/en\/product\/tejcsokolade-pekandio-torokmogyoro-mandula\/"]}]},{"@type":"ImageObject","inLanguage":"en-US","@id":"https:\/\/mychoccy.com\/en\/product\/tejcsokolade-pekandio-torokmogyoro-mandula\/#primaryimage","url":"https:\/\/mychoccy.com\/wp-content\/uploads\/2020\/04\/tej-mogyor\u00f3-pek\u00e1ndi\u00f3-mandula_u.jpg","contentUrl":"https:\/\/mychoccy.com\/wp-content\/uploads\/2020\/04\/tej-mogyor\u00f3-pek\u00e1ndi\u00f3-mandula_u.jpg","width":1200,"height":848},{"@type":"BreadcrumbList","@id":"https:\/\/mychoccy.com\/en\/product\/tejcsokolade-pekandio-torokmogyoro-mandula\/#breadcrumb","itemListElement":[{"@type":"ListItem","position":1,"name":"Home","item":"https:\/\/mychoccy.com\/en\/"},{"@type":"ListItem","position":2,"name":"Shop","item":"https:\/\/mychoccy.com\/en\/shop-2\/"},{"@type":"ListItem","position":3,"name":"Tejcsokol\u00e1d\u00e9 &#8211; pek\u00e1ndi\u00f3, t\u00f6r\u00f6kmogyor\u00f3, mandula"}]},{"@type":"WebSite","@id":"https:\/\/mychoccy.com\/en\/#website","url":"https:\/\/mychoccy.com\/en\/","name":"MyChoccy","description":"Csokol\u00e1d\u00e9 kreat\u00edvan","potentialAction":[{"@type":"SearchAction","target":{"@type":"EntryPoint","urlTemplate":"https:\/\/mychoccy.com\/en\/?s={search_term_string}"},"query-input":{"@type":"PropertyValueSpecification","valueRequired":true,"valueName":"search_term_string"}}],"inLanguage":"en-US"}]}},"jetpack_sharing_enabled":true,"_links":{"self":[{"href":"https:\/\/mychoccy.com\/en\/wp-json\/wp\/v2\/product\/13565","targetHints":{"allow":["GET"]}}],"collection":[{"href":"https:\/\/mychoccy.com\/en\/wp-json\/wp\/v2\/product"}],"about":[{"href":"https:\/\/mychoccy.com\/en\/wp-json\/wp\/v2\/types\/product"}],"wp:featuredmedia":[{"embeddable":true,"href":"https:\/\/mychoccy.com\/en\/wp-json\/wp\/v2\/media\/13719"}],"wp:attachment":[{"href":"https:\/\/mychoccy.com\/en\/wp-json\/wp\/v2\/media?parent=13565"}],"wp:term":[{"taxonomy":"product_brand","embeddable":true,"href":"https:\/\/mychoccy.com\/en\/wp-json\/wp\/v2\/product_brand?post=13565"},{"taxonomy":"product_cat","embeddable":true,"href":"https:\/\/mychoccy.com\/en\/wp-json\/wp\/v2\/product_cat?post=13565"},{"taxonomy":"product_tag","embeddable":true,"href":"https:\/\/mychoccy.com\/en\/wp-json\/wp\/v2\/product_tag?post=13565"}],"curies":[{"name":"wp","href":"https:\/\/api.w.org\/{rel}","templated":true}]}}