{"id":13555,"date":"2020-04-13T08:44:38","date_gmt":"2020-04-13T06:44:38","guid":{"rendered":"https:\/\/mychoccy.com\/?post_type=product&#038;p=13555"},"modified":"2026-03-05T14:23:32","modified_gmt":"2026-03-05T13:23:32","slug":"tejcsokolade-narancsos-csokolade-narancs-gyomber","status":"publish","type":"product","link":"https:\/\/mychoccy.com\/en\/product\/tejcsokolade-narancsos-csokolade-narancs-gyomber\/","title":{"rendered":"Tejcsokol\u00e1d\u00e9 &#8211; narancsos csokol\u00e1d\u00e9, narancs, gy\u00f6mb\u00e9r"},"content":{"rendered":"<p>\u00d6sszetev\u0151k:<a href=\"https:\/\/mychoccy.com\/product\/tejcsokolade-336-250g\/\" target=\"_blank\" rel=\"noopener noreferrer\">Tejcsokol\u00e1d\u00e9 33,6 %<\/a>, <a href=\"https:\/\/mychoccy.com\/product\/narancs-izu-csokolade\/\">Narancs \u00edz\u0171 csokol\u00e1d\u00e9<\/a>, kand\u00edrozott narancs, <a href=\"https:\/\/mychoccy.com\/product\/aszalt-gyomber\/\">aszalt gy\u00f6mb\u00e9r<\/a><\/p>\n<p>Allerg\u00e9nek: sz\u00f3jalecitin, tejpor<\/p>\n","protected":false},"excerpt":{"rendered":"<p class=\"p1\"><span class=\"s1\">K\u00f6nnyed tejcsokol\u00e1d\u00e9 friss\u00edt\u0151 narancsos csokol\u00e1d\u00e9lencs\u00e9kkel, kand\u00edrozott naranccsal \u00e9s enyh\u00e9n cs\u00edp\u0151s, aszalt gy\u00f6mb\u00e9r kock\u00e1kkal. Citrusos, kicsit pik\u00e1ns \u00edzvil\u00e1g, kr\u00e9mes tejcsokol\u00e1d\u00e9val.<\/span><\/p>\n<p class=\"p1\"><span class=\"s1\">Tejcsokol\u00e1d\u00e9 kaka\u00f3 sz\u00e1razanyag-tartalom: 33,6%<\/span><\/p>\n<p class=\"p1\"><span class=\"s1\">A t\u00e1bl\u00e1s csokol\u00e1d\u00e9 doboz\u00e1nak fedlapja cser\u00e9lhet\u0151. V\u00e1laszd ki az alkalomhoz ill\u0151 \u00fczenetet, \u00e9s tedd m\u00e9g szem\u00e9lyesebb\u00e9 az aj\u00e1nd\u00e9kot!<\/span><\/p>\n<p>Nett\u00f3 t\u00f6meg: 65 g<\/p>\n","protected":false},"featured_media":13718,"template":"","meta":{"inline_featured_image":false},"product_brand":[],"product_cat":[242],"product_tag":[315,313,300],"class_list":{"0":"post-13555","1":"product","2":"type-product","3":"status-publish","4":"has-post-thumbnail","6":"product_cat-tablas-csokoladek","7":"product_tag-fuszer","8":"product_tag-gyumolcs","9":"product_tag-tejcsokolade","11":"first","12":"outofstock","13":"taxable","14":"shipping-taxable","15":"purchasable","16":"product-type-variable"},"yoast_head":"<!-- This site is optimized with the Yoast SEO plugin v27.4 - https:\/\/yoast.com\/product\/yoast-seo-wordpress\/ -->\n<title>Tejcsokol\u00e1d\u00e9 - narancsos csokol\u00e1d\u00e9, narancs, gy\u00f6mb\u00e9r - MyChoccy<\/title>\n<meta name=\"description\" content=\"K\u00f6nnyed tejcsokol\u00e1d\u00e9 friss\u00edt\u0151 narancsos csokol\u00e1d\u00e9lencs\u00e9kkel, kand\u00edrozott naranccsal \u00e9s enyh\u00e9n cs\u00edp\u0151s, aszalt gy\u00f6mb\u00e9r kock\u00e1kkal. Citrusos, kicsit pik\u00e1ns \u00edzvil\u00e1g, kr\u00e9mes tejcsokol\u00e1d\u00e9val. Tejcsokol\u00e1d\u00e9 kaka\u00f3 sz\u00e1razanyag-tartalom: 33,6% A t\u00e1bl\u00e1s csokol\u00e1d\u00e9 doboz\u00e1nak fedlapja cser\u00e9lhet\u0151. V\u00e1laszd ki az alkalomhoz ill\u0151 \u00fczenetet, \u00e9s tedd m\u00e9g szem\u00e9lyesebb\u00e9 az aj\u00e1nd\u00e9kot! Nett\u00f3 t\u00f6meg: 65 g\" \/>\n<meta name=\"robots\" content=\"index, follow, max-snippet:-1, max-image-preview:large, max-video-preview:-1\" \/>\n<link rel=\"canonical\" href=\"https:\/\/mychoccy.com\/en\/product\/tejcsokolade-narancsos-csokolade-narancs-gyomber\/\" \/>\n<meta property=\"og:locale\" content=\"en_US\" \/>\n<meta property=\"og:type\" content=\"article\" \/>\n<meta property=\"og:title\" content=\"Tejcsokol\u00e1d\u00e9 - narancsos csokol\u00e1d\u00e9, narancs, gy\u00f6mb\u00e9r - MyChoccy\" \/>\n<meta property=\"og:description\" content=\"K\u00f6nnyed tejcsokol\u00e1d\u00e9 friss\u00edt\u0151 narancsos csokol\u00e1d\u00e9lencs\u00e9kkel, kand\u00edrozott naranccsal \u00e9s enyh\u00e9n cs\u00edp\u0151s, aszalt gy\u00f6mb\u00e9r kock\u00e1kkal. Citrusos, kicsit pik\u00e1ns \u00edzvil\u00e1g, kr\u00e9mes tejcsokol\u00e1d\u00e9val. Tejcsokol\u00e1d\u00e9 kaka\u00f3 sz\u00e1razanyag-tartalom: 33,6% A t\u00e1bl\u00e1s csokol\u00e1d\u00e9 doboz\u00e1nak fedlapja cser\u00e9lhet\u0151. V\u00e1laszd ki az alkalomhoz ill\u0151 \u00fczenetet, \u00e9s tedd m\u00e9g szem\u00e9lyesebb\u00e9 az aj\u00e1nd\u00e9kot! Nett\u00f3 t\u00f6meg: 65 g\" \/>\n<meta property=\"og:url\" content=\"https:\/\/mychoccy.com\/en\/product\/tejcsokolade-narancsos-csokolade-narancs-gyomber\/\" \/>\n<meta property=\"og:site_name\" content=\"MyChoccy\" \/>\n<meta property=\"article:modified_time\" content=\"2026-03-05T13:23:32+00:00\" \/>\n<meta property=\"og:image\" content=\"https:\/\/mychoccy.com\/wp-content\/uploads\/2020\/04\/tej-gy\u00f6mb\u00e9r-narancs-narancsos-csoki_u.jpg\" \/>\n\t<meta property=\"og:image:width\" content=\"1200\" \/>\n\t<meta property=\"og:image:height\" content=\"848\" \/>\n\t<meta property=\"og:image:type\" content=\"image\/jpeg\" \/>\n<meta name=\"twitter:card\" content=\"summary_large_image\" \/>\n<script type=\"application\/ld+json\" class=\"yoast-schema-graph\">{\"@context\":\"https:\\\/\\\/schema.org\",\"@graph\":[{\"@type\":\"WebPage\",\"@id\":\"https:\\\/\\\/mychoccy.com\\\/en\\\/product\\\/tejcsokolade-narancsos-csokolade-narancs-gyomber\\\/\",\"url\":\"https:\\\/\\\/mychoccy.com\\\/en\\\/product\\\/tejcsokolade-narancsos-csokolade-narancs-gyomber\\\/\",\"name\":\"Tejcsokol\u00e1d\u00e9 - narancsos csokol\u00e1d\u00e9, narancs, gy\u00f6mb\u00e9r - MyChoccy\",\"isPartOf\":{\"@id\":\"https:\\\/\\\/mychoccy.com\\\/en\\\/#website\"},\"primaryImageOfPage\":{\"@id\":\"https:\\\/\\\/mychoccy.com\\\/en\\\/product\\\/tejcsokolade-narancsos-csokolade-narancs-gyomber\\\/#primaryimage\"},\"image\":{\"@id\":\"https:\\\/\\\/mychoccy.com\\\/en\\\/product\\\/tejcsokolade-narancsos-csokolade-narancs-gyomber\\\/#primaryimage\"},\"thumbnailUrl\":\"https:\\\/\\\/mychoccy.com\\\/wp-content\\\/uploads\\\/2020\\\/04\\\/tej-gy\u00f6mb\u00e9r-narancs-narancsos-csoki_u.jpg\",\"datePublished\":\"2020-04-13T06:44:38+00:00\",\"dateModified\":\"2026-03-05T13:23:32+00:00\",\"description\":\"K\u00f6nnyed tejcsokol\u00e1d\u00e9 friss\u00edt\u0151 narancsos csokol\u00e1d\u00e9lencs\u00e9kkel, kand\u00edrozott naranccsal \u00e9s enyh\u00e9n cs\u00edp\u0151s, aszalt gy\u00f6mb\u00e9r kock\u00e1kkal. Citrusos, kicsit pik\u00e1ns \u00edzvil\u00e1g, kr\u00e9mes tejcsokol\u00e1d\u00e9val. Tejcsokol\u00e1d\u00e9 kaka\u00f3 sz\u00e1razanyag-tartalom: 33,6% A t\u00e1bl\u00e1s csokol\u00e1d\u00e9 doboz\u00e1nak fedlapja cser\u00e9lhet\u0151. V\u00e1laszd ki az alkalomhoz ill\u0151 \u00fczenetet, \u00e9s tedd m\u00e9g szem\u00e9lyesebb\u00e9 az aj\u00e1nd\u00e9kot! Nett\u00f3 t\u00f6meg: 65 g\",\"breadcrumb\":{\"@id\":\"https:\\\/\\\/mychoccy.com\\\/en\\\/product\\\/tejcsokolade-narancsos-csokolade-narancs-gyomber\\\/#breadcrumb\"},\"inLanguage\":\"en-US\",\"potentialAction\":[{\"@type\":\"ReadAction\",\"target\":[\"https:\\\/\\\/mychoccy.com\\\/en\\\/product\\\/tejcsokolade-narancsos-csokolade-narancs-gyomber\\\/\"]}]},{\"@type\":\"ImageObject\",\"inLanguage\":\"en-US\",\"@id\":\"https:\\\/\\\/mychoccy.com\\\/en\\\/product\\\/tejcsokolade-narancsos-csokolade-narancs-gyomber\\\/#primaryimage\",\"url\":\"https:\\\/\\\/mychoccy.com\\\/wp-content\\\/uploads\\\/2020\\\/04\\\/tej-gy\u00f6mb\u00e9r-narancs-narancsos-csoki_u.jpg\",\"contentUrl\":\"https:\\\/\\\/mychoccy.com\\\/wp-content\\\/uploads\\\/2020\\\/04\\\/tej-gy\u00f6mb\u00e9r-narancs-narancsos-csoki_u.jpg\",\"width\":1200,\"height\":848},{\"@type\":\"BreadcrumbList\",\"@id\":\"https:\\\/\\\/mychoccy.com\\\/en\\\/product\\\/tejcsokolade-narancsos-csokolade-narancs-gyomber\\\/#breadcrumb\",\"itemListElement\":[{\"@type\":\"ListItem\",\"position\":1,\"name\":\"Home\",\"item\":\"https:\\\/\\\/mychoccy.com\\\/en\\\/\"},{\"@type\":\"ListItem\",\"position\":2,\"name\":\"Shop\",\"item\":\"https:\\\/\\\/mychoccy.com\\\/en\\\/shop-2\\\/\"},{\"@type\":\"ListItem\",\"position\":3,\"name\":\"Tejcsokol\u00e1d\u00e9 &#8211; narancsos csokol\u00e1d\u00e9, narancs, gy\u00f6mb\u00e9r\"}]},{\"@type\":\"WebSite\",\"@id\":\"https:\\\/\\\/mychoccy.com\\\/en\\\/#website\",\"url\":\"https:\\\/\\\/mychoccy.com\\\/en\\\/\",\"name\":\"MyChoccy\",\"description\":\"Csokol\u00e1d\u00e9 kreat\u00edvan\",\"potentialAction\":[{\"@type\":\"SearchAction\",\"target\":{\"@type\":\"EntryPoint\",\"urlTemplate\":\"https:\\\/\\\/mychoccy.com\\\/en\\\/?s={search_term_string}\"},\"query-input\":{\"@type\":\"PropertyValueSpecification\",\"valueRequired\":true,\"valueName\":\"search_term_string\"}}],\"inLanguage\":\"en-US\"}]}<\/script>\n<!-- \/ Yoast SEO plugin. -->","yoast_head_json":{"title":"Tejcsokol\u00e1d\u00e9 - narancsos csokol\u00e1d\u00e9, narancs, gy\u00f6mb\u00e9r - MyChoccy","description":"K\u00f6nnyed tejcsokol\u00e1d\u00e9 friss\u00edt\u0151 narancsos csokol\u00e1d\u00e9lencs\u00e9kkel, kand\u00edrozott naranccsal \u00e9s enyh\u00e9n cs\u00edp\u0151s, aszalt gy\u00f6mb\u00e9r kock\u00e1kkal. Citrusos, kicsit pik\u00e1ns \u00edzvil\u00e1g, kr\u00e9mes tejcsokol\u00e1d\u00e9val. Tejcsokol\u00e1d\u00e9 kaka\u00f3 sz\u00e1razanyag-tartalom: 33,6% A t\u00e1bl\u00e1s csokol\u00e1d\u00e9 doboz\u00e1nak fedlapja cser\u00e9lhet\u0151. V\u00e1laszd ki az alkalomhoz ill\u0151 \u00fczenetet, \u00e9s tedd m\u00e9g szem\u00e9lyesebb\u00e9 az aj\u00e1nd\u00e9kot! Nett\u00f3 t\u00f6meg: 65 g","robots":{"index":"index","follow":"follow","max-snippet":"max-snippet:-1","max-image-preview":"max-image-preview:large","max-video-preview":"max-video-preview:-1"},"canonical":"https:\/\/mychoccy.com\/en\/product\/tejcsokolade-narancsos-csokolade-narancs-gyomber\/","og_locale":"en_US","og_type":"article","og_title":"Tejcsokol\u00e1d\u00e9 - narancsos csokol\u00e1d\u00e9, narancs, gy\u00f6mb\u00e9r - MyChoccy","og_description":"K\u00f6nnyed tejcsokol\u00e1d\u00e9 friss\u00edt\u0151 narancsos csokol\u00e1d\u00e9lencs\u00e9kkel, kand\u00edrozott naranccsal \u00e9s enyh\u00e9n cs\u00edp\u0151s, aszalt gy\u00f6mb\u00e9r kock\u00e1kkal. Citrusos, kicsit pik\u00e1ns \u00edzvil\u00e1g, kr\u00e9mes tejcsokol\u00e1d\u00e9val. Tejcsokol\u00e1d\u00e9 kaka\u00f3 sz\u00e1razanyag-tartalom: 33,6% A t\u00e1bl\u00e1s csokol\u00e1d\u00e9 doboz\u00e1nak fedlapja cser\u00e9lhet\u0151. V\u00e1laszd ki az alkalomhoz ill\u0151 \u00fczenetet, \u00e9s tedd m\u00e9g szem\u00e9lyesebb\u00e9 az aj\u00e1nd\u00e9kot! Nett\u00f3 t\u00f6meg: 65 g","og_url":"https:\/\/mychoccy.com\/en\/product\/tejcsokolade-narancsos-csokolade-narancs-gyomber\/","og_site_name":"MyChoccy","article_modified_time":"2026-03-05T13:23:32+00:00","og_image":[{"width":1200,"height":848,"url":"https:\/\/mychoccy.com\/wp-content\/uploads\/2020\/04\/tej-gy\u00f6mb\u00e9r-narancs-narancsos-csoki_u.jpg","type":"image\/jpeg"}],"twitter_card":"summary_large_image","schema":{"@context":"https:\/\/schema.org","@graph":[{"@type":"WebPage","@id":"https:\/\/mychoccy.com\/en\/product\/tejcsokolade-narancsos-csokolade-narancs-gyomber\/","url":"https:\/\/mychoccy.com\/en\/product\/tejcsokolade-narancsos-csokolade-narancs-gyomber\/","name":"Tejcsokol\u00e1d\u00e9 - narancsos csokol\u00e1d\u00e9, narancs, gy\u00f6mb\u00e9r - MyChoccy","isPartOf":{"@id":"https:\/\/mychoccy.com\/en\/#website"},"primaryImageOfPage":{"@id":"https:\/\/mychoccy.com\/en\/product\/tejcsokolade-narancsos-csokolade-narancs-gyomber\/#primaryimage"},"image":{"@id":"https:\/\/mychoccy.com\/en\/product\/tejcsokolade-narancsos-csokolade-narancs-gyomber\/#primaryimage"},"thumbnailUrl":"https:\/\/mychoccy.com\/wp-content\/uploads\/2020\/04\/tej-gy\u00f6mb\u00e9r-narancs-narancsos-csoki_u.jpg","datePublished":"2020-04-13T06:44:38+00:00","dateModified":"2026-03-05T13:23:32+00:00","description":"K\u00f6nnyed tejcsokol\u00e1d\u00e9 friss\u00edt\u0151 narancsos csokol\u00e1d\u00e9lencs\u00e9kkel, kand\u00edrozott naranccsal \u00e9s enyh\u00e9n cs\u00edp\u0151s, aszalt gy\u00f6mb\u00e9r kock\u00e1kkal. Citrusos, kicsit pik\u00e1ns \u00edzvil\u00e1g, kr\u00e9mes tejcsokol\u00e1d\u00e9val. Tejcsokol\u00e1d\u00e9 kaka\u00f3 sz\u00e1razanyag-tartalom: 33,6% A t\u00e1bl\u00e1s csokol\u00e1d\u00e9 doboz\u00e1nak fedlapja cser\u00e9lhet\u0151. V\u00e1laszd ki az alkalomhoz ill\u0151 \u00fczenetet, \u00e9s tedd m\u00e9g szem\u00e9lyesebb\u00e9 az aj\u00e1nd\u00e9kot! Nett\u00f3 t\u00f6meg: 65 g","breadcrumb":{"@id":"https:\/\/mychoccy.com\/en\/product\/tejcsokolade-narancsos-csokolade-narancs-gyomber\/#breadcrumb"},"inLanguage":"en-US","potentialAction":[{"@type":"ReadAction","target":["https:\/\/mychoccy.com\/en\/product\/tejcsokolade-narancsos-csokolade-narancs-gyomber\/"]}]},{"@type":"ImageObject","inLanguage":"en-US","@id":"https:\/\/mychoccy.com\/en\/product\/tejcsokolade-narancsos-csokolade-narancs-gyomber\/#primaryimage","url":"https:\/\/mychoccy.com\/wp-content\/uploads\/2020\/04\/tej-gy\u00f6mb\u00e9r-narancs-narancsos-csoki_u.jpg","contentUrl":"https:\/\/mychoccy.com\/wp-content\/uploads\/2020\/04\/tej-gy\u00f6mb\u00e9r-narancs-narancsos-csoki_u.jpg","width":1200,"height":848},{"@type":"BreadcrumbList","@id":"https:\/\/mychoccy.com\/en\/product\/tejcsokolade-narancsos-csokolade-narancs-gyomber\/#breadcrumb","itemListElement":[{"@type":"ListItem","position":1,"name":"Home","item":"https:\/\/mychoccy.com\/en\/"},{"@type":"ListItem","position":2,"name":"Shop","item":"https:\/\/mychoccy.com\/en\/shop-2\/"},{"@type":"ListItem","position":3,"name":"Tejcsokol\u00e1d\u00e9 &#8211; narancsos csokol\u00e1d\u00e9, narancs, gy\u00f6mb\u00e9r"}]},{"@type":"WebSite","@id":"https:\/\/mychoccy.com\/en\/#website","url":"https:\/\/mychoccy.com\/en\/","name":"MyChoccy","description":"Csokol\u00e1d\u00e9 kreat\u00edvan","potentialAction":[{"@type":"SearchAction","target":{"@type":"EntryPoint","urlTemplate":"https:\/\/mychoccy.com\/en\/?s={search_term_string}"},"query-input":{"@type":"PropertyValueSpecification","valueRequired":true,"valueName":"search_term_string"}}],"inLanguage":"en-US"}]}},"jetpack_sharing_enabled":true,"_links":{"self":[{"href":"https:\/\/mychoccy.com\/en\/wp-json\/wp\/v2\/product\/13555","targetHints":{"allow":["GET"]}}],"collection":[{"href":"https:\/\/mychoccy.com\/en\/wp-json\/wp\/v2\/product"}],"about":[{"href":"https:\/\/mychoccy.com\/en\/wp-json\/wp\/v2\/types\/product"}],"wp:featuredmedia":[{"embeddable":true,"href":"https:\/\/mychoccy.com\/en\/wp-json\/wp\/v2\/media\/13718"}],"wp:attachment":[{"href":"https:\/\/mychoccy.com\/en\/wp-json\/wp\/v2\/media?parent=13555"}],"wp:term":[{"taxonomy":"product_brand","embeddable":true,"href":"https:\/\/mychoccy.com\/en\/wp-json\/wp\/v2\/product_brand?post=13555"},{"taxonomy":"product_cat","embeddable":true,"href":"https:\/\/mychoccy.com\/en\/wp-json\/wp\/v2\/product_cat?post=13555"},{"taxonomy":"product_tag","embeddable":true,"href":"https:\/\/mychoccy.com\/en\/wp-json\/wp\/v2\/product_tag?post=13555"}],"curies":[{"name":"wp","href":"https:\/\/api.w.org\/{rel}","templated":true}]}}