{"id":13541,"date":"2020-04-13T08:21:31","date_gmt":"2020-04-13T06:21:31","guid":{"rendered":"https:\/\/mychoccy.com\/?post_type=product&#038;p=13541"},"modified":"2026-03-05T14:23:32","modified_gmt":"2026-03-05T13:23:32","slug":"etcsokolade-rozsabors-rozsaszirom-chili-szal","status":"publish","type":"product","link":"https:\/\/mychoccy.com\/en\/product\/etcsokolade-rozsabors-rozsaszirom-chili-szal\/","title":{"rendered":"\u00c9tcsokol\u00e1d\u00e9 &#8211; r\u00f3zsabors, r\u00f3zsaszirom, chili sz\u00e1l"},"content":{"rendered":"<p>\u00d6sszetev\u0151k: <a href=\"https:\/\/mychoccy.com\/product\/etcsokolade-545-1000g\/\">\u00c9tcsokol\u00e1d\u00e9 54,5%<\/a>, r\u00f3zsabors, r\u00f3zsaszirom, chili sz\u00e1l<\/p>\n<p>Allerg\u00e9nek: sz\u00f3jalecitin<\/p>\n","protected":false},"excerpt":{"rendered":"<p class=\"p1\"><span class=\"s1\">M\u00e9ly, kaka\u00f3s \u00e9tcsokol\u00e1d\u00e9 arom\u00e1s r\u00f3zsaborssal, sz\u00e1r\u00edtott, ehet\u0151 r\u00f3zsaszirommal \u00e9s v\u00e9konyra apr\u00edtott chili sz\u00e1llal. K\u00fcl\u00f6nleges, f\u0171szeres \u00e9s gazdag \u00edzvil\u00e1g\u00fa csokol\u00e1d\u00e9.<\/span><\/p>\n<p class=\"p1\"><span class=\"s1\">\u00c9tcsokol\u00e1d\u00e9 kaka\u00f3 sz\u00e1razanyag-tartalom: 54,5%<\/span><\/p>\n<p class=\"p1\"><span class=\"s1\">A t\u00e1bl\u00e1s csokol\u00e1d\u00e9 doboz\u00e1nak fedlapja cser\u00e9lhet\u0151. V\u00e1laszd ki az alkalomhoz ill\u0151 \u00fczenetet, \u00e9s tedd m\u00e9g szem\u00e9lyesebb\u00e9 az aj\u00e1nd\u00e9kot!<\/span><\/p>\n<p>Nett\u00f3 t\u00f6meg: 65 g<\/p>\n","protected":false},"featured_media":13711,"template":"","meta":{"inline_featured_image":false},"product_brand":[],"product_cat":[242],"product_tag":[184,315],"class_list":{"0":"post-13541","1":"product","2":"type-product","3":"status-publish","4":"has-post-thumbnail","6":"product_cat-tablas-csokoladek","7":"product_tag-etcsokolade","8":"product_tag-fuszer","10":"first","11":"outofstock","12":"taxable","13":"shipping-taxable","14":"purchasable","15":"product-type-variable"},"yoast_head":"<!-- This site is optimized with the Yoast SEO plugin v27.4 - https:\/\/yoast.com\/product\/yoast-seo-wordpress\/ -->\n<title>\u00c9tcsokol\u00e1d\u00e9 - r\u00f3zsabors, r\u00f3zsaszirom, chili sz\u00e1l - MyChoccy<\/title>\n<meta name=\"description\" content=\"M\u00e9ly, kaka\u00f3s \u00e9tcsokol\u00e1d\u00e9 arom\u00e1s r\u00f3zsaborssal, sz\u00e1r\u00edtott, ehet\u0151 r\u00f3zsaszirommal \u00e9s v\u00e9konyra apr\u00edtott chili sz\u00e1llal. K\u00fcl\u00f6nleges, f\u0171szeres \u00e9s gazdag \u00edzvil\u00e1g\u00fa csokol\u00e1d\u00e9. \u00c9tcsokol\u00e1d\u00e9 kaka\u00f3 sz\u00e1razanyag-tartalom: 54,5% A t\u00e1bl\u00e1s csokol\u00e1d\u00e9 doboz\u00e1nak fedlapja cser\u00e9lhet\u0151. V\u00e1laszd ki az alkalomhoz ill\u0151 \u00fczenetet, \u00e9s tedd m\u00e9g szem\u00e9lyesebb\u00e9 az aj\u00e1nd\u00e9kot! Nett\u00f3 t\u00f6meg: 65 g\" \/>\n<meta name=\"robots\" content=\"index, follow, max-snippet:-1, max-image-preview:large, max-video-preview:-1\" \/>\n<link rel=\"canonical\" href=\"https:\/\/mychoccy.com\/en\/product\/etcsokolade-rozsabors-rozsaszirom-chili-szal\/\" \/>\n<meta property=\"og:locale\" content=\"en_US\" \/>\n<meta property=\"og:type\" content=\"article\" \/>\n<meta property=\"og:title\" content=\"\u00c9tcsokol\u00e1d\u00e9 - r\u00f3zsabors, r\u00f3zsaszirom, chili sz\u00e1l - MyChoccy\" \/>\n<meta property=\"og:description\" content=\"M\u00e9ly, kaka\u00f3s \u00e9tcsokol\u00e1d\u00e9 arom\u00e1s r\u00f3zsaborssal, sz\u00e1r\u00edtott, ehet\u0151 r\u00f3zsaszirommal \u00e9s v\u00e9konyra apr\u00edtott chili sz\u00e1llal. K\u00fcl\u00f6nleges, f\u0171szeres \u00e9s gazdag \u00edzvil\u00e1g\u00fa csokol\u00e1d\u00e9. \u00c9tcsokol\u00e1d\u00e9 kaka\u00f3 sz\u00e1razanyag-tartalom: 54,5% A t\u00e1bl\u00e1s csokol\u00e1d\u00e9 doboz\u00e1nak fedlapja cser\u00e9lhet\u0151. V\u00e1laszd ki az alkalomhoz ill\u0151 \u00fczenetet, \u00e9s tedd m\u00e9g szem\u00e9lyesebb\u00e9 az aj\u00e1nd\u00e9kot! Nett\u00f3 t\u00f6meg: 65 g\" \/>\n<meta property=\"og:url\" content=\"https:\/\/mychoccy.com\/en\/product\/etcsokolade-rozsabors-rozsaszirom-chili-szal\/\" \/>\n<meta property=\"og:site_name\" content=\"MyChoccy\" \/>\n<meta property=\"article:modified_time\" content=\"2026-03-05T13:23:32+00:00\" \/>\n<meta property=\"og:image\" content=\"https:\/\/mychoccy.com\/wp-content\/uploads\/2020\/04\/\u00e9t-chili-r\u00f3zsabors-r\u00f3zsaszirom_u.jpg\" \/>\n\t<meta property=\"og:image:width\" content=\"1200\" \/>\n\t<meta property=\"og:image:height\" content=\"848\" \/>\n\t<meta property=\"og:image:type\" content=\"image\/jpeg\" \/>\n<meta name=\"twitter:card\" content=\"summary_large_image\" \/>\n<script type=\"application\/ld+json\" class=\"yoast-schema-graph\">{\"@context\":\"https:\\\/\\\/schema.org\",\"@graph\":[{\"@type\":\"WebPage\",\"@id\":\"https:\\\/\\\/mychoccy.com\\\/en\\\/product\\\/etcsokolade-rozsabors-rozsaszirom-chili-szal\\\/\",\"url\":\"https:\\\/\\\/mychoccy.com\\\/en\\\/product\\\/etcsokolade-rozsabors-rozsaszirom-chili-szal\\\/\",\"name\":\"\u00c9tcsokol\u00e1d\u00e9 - r\u00f3zsabors, r\u00f3zsaszirom, chili sz\u00e1l - MyChoccy\",\"isPartOf\":{\"@id\":\"https:\\\/\\\/mychoccy.com\\\/en\\\/#website\"},\"primaryImageOfPage\":{\"@id\":\"https:\\\/\\\/mychoccy.com\\\/en\\\/product\\\/etcsokolade-rozsabors-rozsaszirom-chili-szal\\\/#primaryimage\"},\"image\":{\"@id\":\"https:\\\/\\\/mychoccy.com\\\/en\\\/product\\\/etcsokolade-rozsabors-rozsaszirom-chili-szal\\\/#primaryimage\"},\"thumbnailUrl\":\"https:\\\/\\\/mychoccy.com\\\/wp-content\\\/uploads\\\/2020\\\/04\\\/\u00e9t-chili-r\u00f3zsabors-r\u00f3zsaszirom_u.jpg\",\"datePublished\":\"2020-04-13T06:21:31+00:00\",\"dateModified\":\"2026-03-05T13:23:32+00:00\",\"description\":\"M\u00e9ly, kaka\u00f3s \u00e9tcsokol\u00e1d\u00e9 arom\u00e1s r\u00f3zsaborssal, sz\u00e1r\u00edtott, ehet\u0151 r\u00f3zsaszirommal \u00e9s v\u00e9konyra apr\u00edtott chili sz\u00e1llal. K\u00fcl\u00f6nleges, f\u0171szeres \u00e9s gazdag \u00edzvil\u00e1g\u00fa csokol\u00e1d\u00e9. \u00c9tcsokol\u00e1d\u00e9 kaka\u00f3 sz\u00e1razanyag-tartalom: 54,5% A t\u00e1bl\u00e1s csokol\u00e1d\u00e9 doboz\u00e1nak fedlapja cser\u00e9lhet\u0151. V\u00e1laszd ki az alkalomhoz ill\u0151 \u00fczenetet, \u00e9s tedd m\u00e9g szem\u00e9lyesebb\u00e9 az aj\u00e1nd\u00e9kot! Nett\u00f3 t\u00f6meg: 65 g\",\"breadcrumb\":{\"@id\":\"https:\\\/\\\/mychoccy.com\\\/en\\\/product\\\/etcsokolade-rozsabors-rozsaszirom-chili-szal\\\/#breadcrumb\"},\"inLanguage\":\"en-US\",\"potentialAction\":[{\"@type\":\"ReadAction\",\"target\":[\"https:\\\/\\\/mychoccy.com\\\/en\\\/product\\\/etcsokolade-rozsabors-rozsaszirom-chili-szal\\\/\"]}]},{\"@type\":\"ImageObject\",\"inLanguage\":\"en-US\",\"@id\":\"https:\\\/\\\/mychoccy.com\\\/en\\\/product\\\/etcsokolade-rozsabors-rozsaszirom-chili-szal\\\/#primaryimage\",\"url\":\"https:\\\/\\\/mychoccy.com\\\/wp-content\\\/uploads\\\/2020\\\/04\\\/\u00e9t-chili-r\u00f3zsabors-r\u00f3zsaszirom_u.jpg\",\"contentUrl\":\"https:\\\/\\\/mychoccy.com\\\/wp-content\\\/uploads\\\/2020\\\/04\\\/\u00e9t-chili-r\u00f3zsabors-r\u00f3zsaszirom_u.jpg\",\"width\":1200,\"height\":848},{\"@type\":\"BreadcrumbList\",\"@id\":\"https:\\\/\\\/mychoccy.com\\\/en\\\/product\\\/etcsokolade-rozsabors-rozsaszirom-chili-szal\\\/#breadcrumb\",\"itemListElement\":[{\"@type\":\"ListItem\",\"position\":1,\"name\":\"Home\",\"item\":\"https:\\\/\\\/mychoccy.com\\\/en\\\/\"},{\"@type\":\"ListItem\",\"position\":2,\"name\":\"Shop\",\"item\":\"https:\\\/\\\/mychoccy.com\\\/en\\\/shop-2\\\/\"},{\"@type\":\"ListItem\",\"position\":3,\"name\":\"\u00c9tcsokol\u00e1d\u00e9 &#8211; r\u00f3zsabors, r\u00f3zsaszirom, chili sz\u00e1l\"}]},{\"@type\":\"WebSite\",\"@id\":\"https:\\\/\\\/mychoccy.com\\\/en\\\/#website\",\"url\":\"https:\\\/\\\/mychoccy.com\\\/en\\\/\",\"name\":\"MyChoccy\",\"description\":\"Csokol\u00e1d\u00e9 kreat\u00edvan\",\"potentialAction\":[{\"@type\":\"SearchAction\",\"target\":{\"@type\":\"EntryPoint\",\"urlTemplate\":\"https:\\\/\\\/mychoccy.com\\\/en\\\/?s={search_term_string}\"},\"query-input\":{\"@type\":\"PropertyValueSpecification\",\"valueRequired\":true,\"valueName\":\"search_term_string\"}}],\"inLanguage\":\"en-US\"}]}<\/script>\n<!-- \/ Yoast SEO plugin. -->","yoast_head_json":{"title":"\u00c9tcsokol\u00e1d\u00e9 - r\u00f3zsabors, r\u00f3zsaszirom, chili sz\u00e1l - MyChoccy","description":"M\u00e9ly, kaka\u00f3s \u00e9tcsokol\u00e1d\u00e9 arom\u00e1s r\u00f3zsaborssal, sz\u00e1r\u00edtott, ehet\u0151 r\u00f3zsaszirommal \u00e9s v\u00e9konyra apr\u00edtott chili sz\u00e1llal. K\u00fcl\u00f6nleges, f\u0171szeres \u00e9s gazdag \u00edzvil\u00e1g\u00fa csokol\u00e1d\u00e9. \u00c9tcsokol\u00e1d\u00e9 kaka\u00f3 sz\u00e1razanyag-tartalom: 54,5% A t\u00e1bl\u00e1s csokol\u00e1d\u00e9 doboz\u00e1nak fedlapja cser\u00e9lhet\u0151. V\u00e1laszd ki az alkalomhoz ill\u0151 \u00fczenetet, \u00e9s tedd m\u00e9g szem\u00e9lyesebb\u00e9 az aj\u00e1nd\u00e9kot! Nett\u00f3 t\u00f6meg: 65 g","robots":{"index":"index","follow":"follow","max-snippet":"max-snippet:-1","max-image-preview":"max-image-preview:large","max-video-preview":"max-video-preview:-1"},"canonical":"https:\/\/mychoccy.com\/en\/product\/etcsokolade-rozsabors-rozsaszirom-chili-szal\/","og_locale":"en_US","og_type":"article","og_title":"\u00c9tcsokol\u00e1d\u00e9 - r\u00f3zsabors, r\u00f3zsaszirom, chili sz\u00e1l - MyChoccy","og_description":"M\u00e9ly, kaka\u00f3s \u00e9tcsokol\u00e1d\u00e9 arom\u00e1s r\u00f3zsaborssal, sz\u00e1r\u00edtott, ehet\u0151 r\u00f3zsaszirommal \u00e9s v\u00e9konyra apr\u00edtott chili sz\u00e1llal. K\u00fcl\u00f6nleges, f\u0171szeres \u00e9s gazdag \u00edzvil\u00e1g\u00fa csokol\u00e1d\u00e9. \u00c9tcsokol\u00e1d\u00e9 kaka\u00f3 sz\u00e1razanyag-tartalom: 54,5% A t\u00e1bl\u00e1s csokol\u00e1d\u00e9 doboz\u00e1nak fedlapja cser\u00e9lhet\u0151. V\u00e1laszd ki az alkalomhoz ill\u0151 \u00fczenetet, \u00e9s tedd m\u00e9g szem\u00e9lyesebb\u00e9 az aj\u00e1nd\u00e9kot! Nett\u00f3 t\u00f6meg: 65 g","og_url":"https:\/\/mychoccy.com\/en\/product\/etcsokolade-rozsabors-rozsaszirom-chili-szal\/","og_site_name":"MyChoccy","article_modified_time":"2026-03-05T13:23:32+00:00","og_image":[{"width":1200,"height":848,"url":"https:\/\/mychoccy.com\/wp-content\/uploads\/2020\/04\/\u00e9t-chili-r\u00f3zsabors-r\u00f3zsaszirom_u.jpg","type":"image\/jpeg"}],"twitter_card":"summary_large_image","schema":{"@context":"https:\/\/schema.org","@graph":[{"@type":"WebPage","@id":"https:\/\/mychoccy.com\/en\/product\/etcsokolade-rozsabors-rozsaszirom-chili-szal\/","url":"https:\/\/mychoccy.com\/en\/product\/etcsokolade-rozsabors-rozsaszirom-chili-szal\/","name":"\u00c9tcsokol\u00e1d\u00e9 - r\u00f3zsabors, r\u00f3zsaszirom, chili sz\u00e1l - MyChoccy","isPartOf":{"@id":"https:\/\/mychoccy.com\/en\/#website"},"primaryImageOfPage":{"@id":"https:\/\/mychoccy.com\/en\/product\/etcsokolade-rozsabors-rozsaszirom-chili-szal\/#primaryimage"},"image":{"@id":"https:\/\/mychoccy.com\/en\/product\/etcsokolade-rozsabors-rozsaszirom-chili-szal\/#primaryimage"},"thumbnailUrl":"https:\/\/mychoccy.com\/wp-content\/uploads\/2020\/04\/\u00e9t-chili-r\u00f3zsabors-r\u00f3zsaszirom_u.jpg","datePublished":"2020-04-13T06:21:31+00:00","dateModified":"2026-03-05T13:23:32+00:00","description":"M\u00e9ly, kaka\u00f3s \u00e9tcsokol\u00e1d\u00e9 arom\u00e1s r\u00f3zsaborssal, sz\u00e1r\u00edtott, ehet\u0151 r\u00f3zsaszirommal \u00e9s v\u00e9konyra apr\u00edtott chili sz\u00e1llal. K\u00fcl\u00f6nleges, f\u0171szeres \u00e9s gazdag \u00edzvil\u00e1g\u00fa csokol\u00e1d\u00e9. \u00c9tcsokol\u00e1d\u00e9 kaka\u00f3 sz\u00e1razanyag-tartalom: 54,5% A t\u00e1bl\u00e1s csokol\u00e1d\u00e9 doboz\u00e1nak fedlapja cser\u00e9lhet\u0151. V\u00e1laszd ki az alkalomhoz ill\u0151 \u00fczenetet, \u00e9s tedd m\u00e9g szem\u00e9lyesebb\u00e9 az aj\u00e1nd\u00e9kot! Nett\u00f3 t\u00f6meg: 65 g","breadcrumb":{"@id":"https:\/\/mychoccy.com\/en\/product\/etcsokolade-rozsabors-rozsaszirom-chili-szal\/#breadcrumb"},"inLanguage":"en-US","potentialAction":[{"@type":"ReadAction","target":["https:\/\/mychoccy.com\/en\/product\/etcsokolade-rozsabors-rozsaszirom-chili-szal\/"]}]},{"@type":"ImageObject","inLanguage":"en-US","@id":"https:\/\/mychoccy.com\/en\/product\/etcsokolade-rozsabors-rozsaszirom-chili-szal\/#primaryimage","url":"https:\/\/mychoccy.com\/wp-content\/uploads\/2020\/04\/\u00e9t-chili-r\u00f3zsabors-r\u00f3zsaszirom_u.jpg","contentUrl":"https:\/\/mychoccy.com\/wp-content\/uploads\/2020\/04\/\u00e9t-chili-r\u00f3zsabors-r\u00f3zsaszirom_u.jpg","width":1200,"height":848},{"@type":"BreadcrumbList","@id":"https:\/\/mychoccy.com\/en\/product\/etcsokolade-rozsabors-rozsaszirom-chili-szal\/#breadcrumb","itemListElement":[{"@type":"ListItem","position":1,"name":"Home","item":"https:\/\/mychoccy.com\/en\/"},{"@type":"ListItem","position":2,"name":"Shop","item":"https:\/\/mychoccy.com\/en\/shop-2\/"},{"@type":"ListItem","position":3,"name":"\u00c9tcsokol\u00e1d\u00e9 &#8211; r\u00f3zsabors, r\u00f3zsaszirom, chili sz\u00e1l"}]},{"@type":"WebSite","@id":"https:\/\/mychoccy.com\/en\/#website","url":"https:\/\/mychoccy.com\/en\/","name":"MyChoccy","description":"Csokol\u00e1d\u00e9 kreat\u00edvan","potentialAction":[{"@type":"SearchAction","target":{"@type":"EntryPoint","urlTemplate":"https:\/\/mychoccy.com\/en\/?s={search_term_string}"},"query-input":{"@type":"PropertyValueSpecification","valueRequired":true,"valueName":"search_term_string"}}],"inLanguage":"en-US"}]}},"jetpack_sharing_enabled":true,"_links":{"self":[{"href":"https:\/\/mychoccy.com\/en\/wp-json\/wp\/v2\/product\/13541","targetHints":{"allow":["GET"]}}],"collection":[{"href":"https:\/\/mychoccy.com\/en\/wp-json\/wp\/v2\/product"}],"about":[{"href":"https:\/\/mychoccy.com\/en\/wp-json\/wp\/v2\/types\/product"}],"wp:featuredmedia":[{"embeddable":true,"href":"https:\/\/mychoccy.com\/en\/wp-json\/wp\/v2\/media\/13711"}],"wp:attachment":[{"href":"https:\/\/mychoccy.com\/en\/wp-json\/wp\/v2\/media?parent=13541"}],"wp:term":[{"taxonomy":"product_brand","embeddable":true,"href":"https:\/\/mychoccy.com\/en\/wp-json\/wp\/v2\/product_brand?post=13541"},{"taxonomy":"product_cat","embeddable":true,"href":"https:\/\/mychoccy.com\/en\/wp-json\/wp\/v2\/product_cat?post=13541"},{"taxonomy":"product_tag","embeddable":true,"href":"https:\/\/mychoccy.com\/en\/wp-json\/wp\/v2\/product_tag?post=13541"}],"curies":[{"name":"wp","href":"https:\/\/api.w.org\/{rel}","templated":true}]}}