{"id":13367,"date":"2020-04-11T17:04:40","date_gmt":"2020-04-11T15:04:40","guid":{"rendered":"https:\/\/mychoccy.com\/product\/karamellizalt-ostyatoret\/"},"modified":"2026-04-08T10:06:27","modified_gmt":"2026-04-08T08:06:27","slug":"karamellizalt-ostyatoret","status":"publish","type":"product","link":"https:\/\/mychoccy.com\/en\/product\/karamellizalt-ostyatoret\/","title":{"rendered":"Karamelliz\u00e1lt ostyat\u00f6ret"},"content":{"rendered":"<p>\u00d6sszetev\u0151k: b\u00fazaliszt, tejzs\u00edr, tejcukor, \u00e1rpamal\u00e1ta liszt<\/p>\n<p>Allerg\u00e9nek: b\u00fazaliszt, tejzs\u00edr, tejcukor, \u00e1rpamal\u00e1ta liszt<\/p>\n<p>\u00c1tlagos t\u00e1p\u00e9rt\u00e9k 100g term\u00e9kben:<br \/>\nEnergia: 1785 kJ \/ 427 kcal<br \/>\nZs\u00edr: 8,5 g<br \/>\nAmelyb\u0151l tel\u00edtett zs\u00edrsavak: 5,6 g<br \/>\nSz\u00e9nhidr\u00e1t: 81,6 g<br \/>\nAmelyb\u0151l cukrok: 52 g<br \/>\nRost: 1 g<br \/>\nFeh\u00e9rje: 5 g<br \/>\nS\u00f3: 1,1 g<\/p>\n","protected":false},"excerpt":{"rendered":"<p>Intenz\u00edv karamell \u00edz, roppan\u00f3s text\u00fara. S\u00fctem\u00e9nyek, desszertek k\u00e9sz\u00edt\u00e9s\u00e9hez \u00e9s d\u00edsz\u00edt\u00e9s\u00e9hez aj\u00e1nljuk.<\/p>\n<p>Nett\u00f3 t\u00f6meg: 100 g<\/p>\n","protected":false},"featured_media":14359,"template":"","meta":{"inline_featured_image":false},"product_brand":[],"product_cat":[332],"product_tag":[],"class_list":{"0":"post-13367","1":"product","2":"type-product","3":"status-publish","4":"has-post-thumbnail","6":"product_cat-csokoladek-es-egyeb-alapanyagok","8":"first","9":"instock","10":"taxable","11":"shipping-taxable","12":"purchasable","13":"product-type-simple"},"yoast_head":"<!-- This site is optimized with the Yoast SEO plugin v27.4 - https:\/\/yoast.com\/product\/yoast-seo-wordpress\/ -->\n<title>Karamelliz\u00e1lt ostyat\u00f6ret - MyChoccy<\/title>\n<meta name=\"description\" content=\"Intenz\u00edv karamell \u00edz, roppan\u00f3s text\u00fara. S\u00fctem\u00e9nyek, desszertek k\u00e9sz\u00edt\u00e9s\u00e9hez \u00e9s d\u00edsz\u00edt\u00e9s\u00e9hez aj\u00e1nljuk.  Nett\u00f3 t\u00f6meg: 100 g\" \/>\n<meta name=\"robots\" content=\"index, follow, max-snippet:-1, max-image-preview:large, max-video-preview:-1\" \/>\n<link rel=\"canonical\" href=\"https:\/\/mychoccy.com\/en\/product\/karamellizalt-ostyatoret\/\" \/>\n<meta property=\"og:locale\" content=\"en_US\" \/>\n<meta property=\"og:type\" content=\"article\" \/>\n<meta property=\"og:title\" content=\"Karamelliz\u00e1lt ostyat\u00f6ret - MyChoccy\" \/>\n<meta property=\"og:description\" content=\"Intenz\u00edv karamell \u00edz, roppan\u00f3s text\u00fara. S\u00fctem\u00e9nyek, desszertek k\u00e9sz\u00edt\u00e9s\u00e9hez \u00e9s d\u00edsz\u00edt\u00e9s\u00e9hez aj\u00e1nljuk.  Nett\u00f3 t\u00f6meg: 100 g\" \/>\n<meta property=\"og:url\" content=\"https:\/\/mychoccy.com\/en\/product\/karamellizalt-ostyatoret\/\" \/>\n<meta property=\"og:site_name\" content=\"MyChoccy\" \/>\n<meta property=\"article:modified_time\" content=\"2026-04-08T08:06:27+00:00\" \/>\n<meta property=\"og:image\" content=\"https:\/\/mychoccy.com\/wp-content\/uploads\/2020\/04\/IMG_1748-scaled.jpg\" \/>\n\t<meta property=\"og:image:width\" content=\"2560\" \/>\n\t<meta property=\"og:image:height\" content=\"1707\" \/>\n\t<meta property=\"og:image:type\" content=\"image\/jpeg\" \/>\n<meta name=\"twitter:card\" content=\"summary_large_image\" \/>\n<script type=\"application\/ld+json\" class=\"yoast-schema-graph\">{\"@context\":\"https:\\\/\\\/schema.org\",\"@graph\":[{\"@type\":\"WebPage\",\"@id\":\"https:\\\/\\\/mychoccy.com\\\/en\\\/product\\\/karamellizalt-ostyatoret\\\/\",\"url\":\"https:\\\/\\\/mychoccy.com\\\/en\\\/product\\\/karamellizalt-ostyatoret\\\/\",\"name\":\"Karamelliz\u00e1lt ostyat\u00f6ret - MyChoccy\",\"isPartOf\":{\"@id\":\"https:\\\/\\\/mychoccy.com\\\/en\\\/#website\"},\"primaryImageOfPage\":{\"@id\":\"https:\\\/\\\/mychoccy.com\\\/en\\\/product\\\/karamellizalt-ostyatoret\\\/#primaryimage\"},\"image\":{\"@id\":\"https:\\\/\\\/mychoccy.com\\\/en\\\/product\\\/karamellizalt-ostyatoret\\\/#primaryimage\"},\"thumbnailUrl\":\"https:\\\/\\\/mychoccy.com\\\/wp-content\\\/uploads\\\/2020\\\/04\\\/IMG_1748-scaled.jpg\",\"datePublished\":\"2020-04-11T15:04:40+00:00\",\"dateModified\":\"2026-04-08T08:06:27+00:00\",\"description\":\"Intenz\u00edv karamell \u00edz, roppan\u00f3s text\u00fara. S\u00fctem\u00e9nyek, desszertek k\u00e9sz\u00edt\u00e9s\u00e9hez \u00e9s d\u00edsz\u00edt\u00e9s\u00e9hez aj\u00e1nljuk. Nett\u00f3 t\u00f6meg: 100 g\",\"breadcrumb\":{\"@id\":\"https:\\\/\\\/mychoccy.com\\\/en\\\/product\\\/karamellizalt-ostyatoret\\\/#breadcrumb\"},\"inLanguage\":\"en-US\",\"potentialAction\":[{\"@type\":\"ReadAction\",\"target\":[\"https:\\\/\\\/mychoccy.com\\\/en\\\/product\\\/karamellizalt-ostyatoret\\\/\"]}]},{\"@type\":\"ImageObject\",\"inLanguage\":\"en-US\",\"@id\":\"https:\\\/\\\/mychoccy.com\\\/en\\\/product\\\/karamellizalt-ostyatoret\\\/#primaryimage\",\"url\":\"https:\\\/\\\/mychoccy.com\\\/wp-content\\\/uploads\\\/2020\\\/04\\\/IMG_1748-scaled.jpg\",\"contentUrl\":\"https:\\\/\\\/mychoccy.com\\\/wp-content\\\/uploads\\\/2020\\\/04\\\/IMG_1748-scaled.jpg\",\"width\":2560,\"height\":1707},{\"@type\":\"BreadcrumbList\",\"@id\":\"https:\\\/\\\/mychoccy.com\\\/en\\\/product\\\/karamellizalt-ostyatoret\\\/#breadcrumb\",\"itemListElement\":[{\"@type\":\"ListItem\",\"position\":1,\"name\":\"Home\",\"item\":\"https:\\\/\\\/mychoccy.com\\\/en\\\/\"},{\"@type\":\"ListItem\",\"position\":2,\"name\":\"Shop\",\"item\":\"https:\\\/\\\/mychoccy.com\\\/en\\\/shop-2\\\/\"},{\"@type\":\"ListItem\",\"position\":3,\"name\":\"Karamelliz\u00e1lt ostyat\u00f6ret\"}]},{\"@type\":\"WebSite\",\"@id\":\"https:\\\/\\\/mychoccy.com\\\/en\\\/#website\",\"url\":\"https:\\\/\\\/mychoccy.com\\\/en\\\/\",\"name\":\"MyChoccy\",\"description\":\"Csokol\u00e1d\u00e9 kreat\u00edvan\",\"potentialAction\":[{\"@type\":\"SearchAction\",\"target\":{\"@type\":\"EntryPoint\",\"urlTemplate\":\"https:\\\/\\\/mychoccy.com\\\/en\\\/?s={search_term_string}\"},\"query-input\":{\"@type\":\"PropertyValueSpecification\",\"valueRequired\":true,\"valueName\":\"search_term_string\"}}],\"inLanguage\":\"en-US\"}]}<\/script>\n<!-- \/ Yoast SEO plugin. -->","yoast_head_json":{"title":"Karamelliz\u00e1lt ostyat\u00f6ret - MyChoccy","description":"Intenz\u00edv karamell \u00edz, roppan\u00f3s text\u00fara. S\u00fctem\u00e9nyek, desszertek k\u00e9sz\u00edt\u00e9s\u00e9hez \u00e9s d\u00edsz\u00edt\u00e9s\u00e9hez aj\u00e1nljuk.  Nett\u00f3 t\u00f6meg: 100 g","robots":{"index":"index","follow":"follow","max-snippet":"max-snippet:-1","max-image-preview":"max-image-preview:large","max-video-preview":"max-video-preview:-1"},"canonical":"https:\/\/mychoccy.com\/en\/product\/karamellizalt-ostyatoret\/","og_locale":"en_US","og_type":"article","og_title":"Karamelliz\u00e1lt ostyat\u00f6ret - MyChoccy","og_description":"Intenz\u00edv karamell \u00edz, roppan\u00f3s text\u00fara. S\u00fctem\u00e9nyek, desszertek k\u00e9sz\u00edt\u00e9s\u00e9hez \u00e9s d\u00edsz\u00edt\u00e9s\u00e9hez aj\u00e1nljuk.  Nett\u00f3 t\u00f6meg: 100 g","og_url":"https:\/\/mychoccy.com\/en\/product\/karamellizalt-ostyatoret\/","og_site_name":"MyChoccy","article_modified_time":"2026-04-08T08:06:27+00:00","og_image":[{"width":2560,"height":1707,"url":"https:\/\/mychoccy.com\/wp-content\/uploads\/2020\/04\/IMG_1748-scaled.jpg","type":"image\/jpeg"}],"twitter_card":"summary_large_image","schema":{"@context":"https:\/\/schema.org","@graph":[{"@type":"WebPage","@id":"https:\/\/mychoccy.com\/en\/product\/karamellizalt-ostyatoret\/","url":"https:\/\/mychoccy.com\/en\/product\/karamellizalt-ostyatoret\/","name":"Karamelliz\u00e1lt ostyat\u00f6ret - MyChoccy","isPartOf":{"@id":"https:\/\/mychoccy.com\/en\/#website"},"primaryImageOfPage":{"@id":"https:\/\/mychoccy.com\/en\/product\/karamellizalt-ostyatoret\/#primaryimage"},"image":{"@id":"https:\/\/mychoccy.com\/en\/product\/karamellizalt-ostyatoret\/#primaryimage"},"thumbnailUrl":"https:\/\/mychoccy.com\/wp-content\/uploads\/2020\/04\/IMG_1748-scaled.jpg","datePublished":"2020-04-11T15:04:40+00:00","dateModified":"2026-04-08T08:06:27+00:00","description":"Intenz\u00edv karamell \u00edz, roppan\u00f3s text\u00fara. S\u00fctem\u00e9nyek, desszertek k\u00e9sz\u00edt\u00e9s\u00e9hez \u00e9s d\u00edsz\u00edt\u00e9s\u00e9hez aj\u00e1nljuk. Nett\u00f3 t\u00f6meg: 100 g","breadcrumb":{"@id":"https:\/\/mychoccy.com\/en\/product\/karamellizalt-ostyatoret\/#breadcrumb"},"inLanguage":"en-US","potentialAction":[{"@type":"ReadAction","target":["https:\/\/mychoccy.com\/en\/product\/karamellizalt-ostyatoret\/"]}]},{"@type":"ImageObject","inLanguage":"en-US","@id":"https:\/\/mychoccy.com\/en\/product\/karamellizalt-ostyatoret\/#primaryimage","url":"https:\/\/mychoccy.com\/wp-content\/uploads\/2020\/04\/IMG_1748-scaled.jpg","contentUrl":"https:\/\/mychoccy.com\/wp-content\/uploads\/2020\/04\/IMG_1748-scaled.jpg","width":2560,"height":1707},{"@type":"BreadcrumbList","@id":"https:\/\/mychoccy.com\/en\/product\/karamellizalt-ostyatoret\/#breadcrumb","itemListElement":[{"@type":"ListItem","position":1,"name":"Home","item":"https:\/\/mychoccy.com\/en\/"},{"@type":"ListItem","position":2,"name":"Shop","item":"https:\/\/mychoccy.com\/en\/shop-2\/"},{"@type":"ListItem","position":3,"name":"Karamelliz\u00e1lt ostyat\u00f6ret"}]},{"@type":"WebSite","@id":"https:\/\/mychoccy.com\/en\/#website","url":"https:\/\/mychoccy.com\/en\/","name":"MyChoccy","description":"Csokol\u00e1d\u00e9 kreat\u00edvan","potentialAction":[{"@type":"SearchAction","target":{"@type":"EntryPoint","urlTemplate":"https:\/\/mychoccy.com\/en\/?s={search_term_string}"},"query-input":{"@type":"PropertyValueSpecification","valueRequired":true,"valueName":"search_term_string"}}],"inLanguage":"en-US"}]}},"jetpack_sharing_enabled":true,"_links":{"self":[{"href":"https:\/\/mychoccy.com\/en\/wp-json\/wp\/v2\/product\/13367","targetHints":{"allow":["GET"]}}],"collection":[{"href":"https:\/\/mychoccy.com\/en\/wp-json\/wp\/v2\/product"}],"about":[{"href":"https:\/\/mychoccy.com\/en\/wp-json\/wp\/v2\/types\/product"}],"wp:featuredmedia":[{"embeddable":true,"href":"https:\/\/mychoccy.com\/en\/wp-json\/wp\/v2\/media\/14359"}],"wp:attachment":[{"href":"https:\/\/mychoccy.com\/en\/wp-json\/wp\/v2\/media?parent=13367"}],"wp:term":[{"taxonomy":"product_brand","embeddable":true,"href":"https:\/\/mychoccy.com\/en\/wp-json\/wp\/v2\/product_brand?post=13367"},{"taxonomy":"product_cat","embeddable":true,"href":"https:\/\/mychoccy.com\/en\/wp-json\/wp\/v2\/product_cat?post=13367"},{"taxonomy":"product_tag","embeddable":true,"href":"https:\/\/mychoccy.com\/en\/wp-json\/wp\/v2\/product_tag?post=13367"}],"curies":[{"name":"wp","href":"https:\/\/api.w.org\/{rel}","templated":true}]}}