{"id":13361,"date":"2020-04-11T17:04:40","date_gmt":"2020-04-11T15:04:40","guid":{"rendered":"https:\/\/mychoccy.com\/product\/kakaobab-ecuadori\/"},"modified":"2026-04-09T07:30:31","modified_gmt":"2026-04-09T05:30:31","slug":"kakaobab-ecuadori","status":"publish","type":"product","link":"https:\/\/mychoccy.com\/en\/product\/kakaobab-ecuadori\/","title":{"rendered":"Kaka\u00f3bab ecuadori"},"content":{"rendered":"<p>\u00d6sszetev\u0151k: ecuadori p\u00f6rk\u00f6lt kaka\u00f3bab<\/p>\n<p>Allerg\u00e9nek: &#8211;<\/p>\n<p>\u00c1tlagos t\u00e1p\u00e9rt\u00e9k 100g term\u00e9kben:<br \/>\nEnergia: 2465 kJ \/ 598 kcal<br \/>\nZs\u00edr: 52 g<br \/>\nAmelyb\u0151l tel\u00edtett zs\u00edrsavak: 32,7 g<br \/>\nSz\u00e9nhidr\u00e1t: 10,4 g<br \/>\nAmelyb\u0151l cukrok: 0,2 g<br \/>\nRost: 20 g<br \/>\nFeh\u00e9rje: 12 g<br \/>\nS\u00f3: 0,004 g<\/p>\n","protected":false},"excerpt":{"rendered":"<p>A p\u00f6rk\u00f6lt kaka\u00f3bab k\u00fcl\u00f6nleges csemege. Az ecuadori fajta f\u0171szeres (van\u00edlia, fah\u00e9j) jelleggel rendelkezik. Fogyaszthat\u00f3 \u00f6nmag\u00e1ban, haszn\u00e1lhat\u00f3 f\u0171szerk\u00e9nt, vagy ak\u00e1r kaka\u00f3ital is k\u00e9sz\u00edthet\u0151 bel\u0151le. Tele van antioxid\u00e1sokkal \u00e9s igazi super food, ez\u00e9rt t\u00f6k\u00e9letes az eg\u00e9szs\u00e9ges nassol\u00e1shoz.<\/p>\n<p>Nett\u00f3 t\u00f6meg: 100 g<\/p>\n","protected":false},"featured_media":12779,"template":"","meta":{"inline_featured_image":false},"product_brand":[],"product_cat":[332],"product_tag":[301],"class_list":{"0":"post-13361","1":"product","2":"type-product","3":"status-publish","4":"has-post-thumbnail","6":"product_cat-csokoladek-es-egyeb-alapanyagok","7":"product_tag-kakaobab","9":"first","10":"instock","11":"taxable","12":"shipping-taxable","13":"purchasable","14":"product-type-simple"},"yoast_head":"<!-- This site is optimized with the Yoast SEO plugin v27.5 - https:\/\/yoast.com\/product\/yoast-seo-wordpress\/ -->\n<title>Kaka\u00f3bab ecuadori - MyChoccy<\/title>\n<meta name=\"description\" content=\"A p\u00f6rk\u00f6lt kaka\u00f3bab k\u00fcl\u00f6nleges csemege. Az ecuadori fajta f\u0171szeres (van\u00edlia, fah\u00e9j) jelleggel rendelkezik. Fogyaszthat\u00f3 \u00f6nmag\u00e1ban, haszn\u00e1lhat\u00f3 f\u0171szerk\u00e9nt, vagy ak\u00e1r kaka\u00f3ital is k\u00e9sz\u00edthet\u0151 bel\u0151le. Tele van antioxid\u00e1sokkal \u00e9s igazi super food, ez\u00e9rt t\u00f6k\u00e9letes az eg\u00e9szs\u00e9ges nassol\u00e1shoz.  Nett\u00f3 t\u00f6meg: 100 g\" \/>\n<meta name=\"robots\" content=\"index, follow, max-snippet:-1, max-image-preview:large, max-video-preview:-1\" \/>\n<link rel=\"canonical\" href=\"https:\/\/mychoccy.com\/en\/product\/kakaobab-ecuadori\/\" \/>\n<meta property=\"og:locale\" content=\"en_US\" \/>\n<meta property=\"og:type\" content=\"article\" \/>\n<meta property=\"og:title\" content=\"Kaka\u00f3bab ecuadori - MyChoccy\" \/>\n<meta property=\"og:description\" content=\"A p\u00f6rk\u00f6lt kaka\u00f3bab k\u00fcl\u00f6nleges csemege. Az ecuadori fajta f\u0171szeres (van\u00edlia, fah\u00e9j) jelleggel rendelkezik. Fogyaszthat\u00f3 \u00f6nmag\u00e1ban, haszn\u00e1lhat\u00f3 f\u0171szerk\u00e9nt, vagy ak\u00e1r kaka\u00f3ital is k\u00e9sz\u00edthet\u0151 bel\u0151le. Tele van antioxid\u00e1sokkal \u00e9s igazi super food, ez\u00e9rt t\u00f6k\u00e9letes az eg\u00e9szs\u00e9ges nassol\u00e1shoz.  Nett\u00f3 t\u00f6meg: 100 g\" \/>\n<meta property=\"og:url\" content=\"https:\/\/mychoccy.com\/en\/product\/kakaobab-ecuadori\/\" \/>\n<meta property=\"og:site_name\" content=\"MyChoccy\" \/>\n<meta property=\"article:modified_time\" content=\"2026-04-09T05:30:31+00:00\" \/>\n<meta property=\"og:image\" content=\"https:\/\/mychoccy.com\/wp-content\/uploads\/2020\/04\/kaka\u00f3bab-ecuador.jpg\" \/>\n\t<meta property=\"og:image:width\" content=\"1200\" \/>\n\t<meta property=\"og:image:height\" content=\"880\" \/>\n\t<meta property=\"og:image:type\" content=\"image\/jpeg\" \/>\n<meta name=\"twitter:card\" content=\"summary_large_image\" \/>\n<script type=\"application\/ld+json\" class=\"yoast-schema-graph\">{\"@context\":\"https:\\\/\\\/schema.org\",\"@graph\":[{\"@type\":\"WebPage\",\"@id\":\"https:\\\/\\\/mychoccy.com\\\/en\\\/product\\\/kakaobab-ecuadori\\\/\",\"url\":\"https:\\\/\\\/mychoccy.com\\\/en\\\/product\\\/kakaobab-ecuadori\\\/\",\"name\":\"Kaka\u00f3bab ecuadori - MyChoccy\",\"isPartOf\":{\"@id\":\"https:\\\/\\\/mychoccy.com\\\/en\\\/#website\"},\"primaryImageOfPage\":{\"@id\":\"https:\\\/\\\/mychoccy.com\\\/en\\\/product\\\/kakaobab-ecuadori\\\/#primaryimage\"},\"image\":{\"@id\":\"https:\\\/\\\/mychoccy.com\\\/en\\\/product\\\/kakaobab-ecuadori\\\/#primaryimage\"},\"thumbnailUrl\":\"https:\\\/\\\/mychoccy.com\\\/wp-content\\\/uploads\\\/2020\\\/04\\\/kaka\u00f3bab-ecuador.jpg\",\"datePublished\":\"2020-04-11T15:04:40+00:00\",\"dateModified\":\"2026-04-09T05:30:31+00:00\",\"description\":\"A p\u00f6rk\u00f6lt kaka\u00f3bab k\u00fcl\u00f6nleges csemege. Az ecuadori fajta f\u0171szeres (van\u00edlia, fah\u00e9j) jelleggel rendelkezik. Fogyaszthat\u00f3 \u00f6nmag\u00e1ban, haszn\u00e1lhat\u00f3 f\u0171szerk\u00e9nt, vagy ak\u00e1r kaka\u00f3ital is k\u00e9sz\u00edthet\u0151 bel\u0151le. Tele van antioxid\u00e1sokkal \u00e9s igazi super food, ez\u00e9rt t\u00f6k\u00e9letes az eg\u00e9szs\u00e9ges nassol\u00e1shoz. Nett\u00f3 t\u00f6meg: 100 g\",\"breadcrumb\":{\"@id\":\"https:\\\/\\\/mychoccy.com\\\/en\\\/product\\\/kakaobab-ecuadori\\\/#breadcrumb\"},\"inLanguage\":\"en-US\",\"potentialAction\":[{\"@type\":\"ReadAction\",\"target\":[\"https:\\\/\\\/mychoccy.com\\\/en\\\/product\\\/kakaobab-ecuadori\\\/\"]}]},{\"@type\":\"ImageObject\",\"inLanguage\":\"en-US\",\"@id\":\"https:\\\/\\\/mychoccy.com\\\/en\\\/product\\\/kakaobab-ecuadori\\\/#primaryimage\",\"url\":\"https:\\\/\\\/mychoccy.com\\\/wp-content\\\/uploads\\\/2020\\\/04\\\/kaka\u00f3bab-ecuador.jpg\",\"contentUrl\":\"https:\\\/\\\/mychoccy.com\\\/wp-content\\\/uploads\\\/2020\\\/04\\\/kaka\u00f3bab-ecuador.jpg\",\"width\":1200,\"height\":880},{\"@type\":\"BreadcrumbList\",\"@id\":\"https:\\\/\\\/mychoccy.com\\\/en\\\/product\\\/kakaobab-ecuadori\\\/#breadcrumb\",\"itemListElement\":[{\"@type\":\"ListItem\",\"position\":1,\"name\":\"Home\",\"item\":\"https:\\\/\\\/mychoccy.com\\\/en\\\/\"},{\"@type\":\"ListItem\",\"position\":2,\"name\":\"Shop\",\"item\":\"https:\\\/\\\/mychoccy.com\\\/en\\\/shop-2\\\/\"},{\"@type\":\"ListItem\",\"position\":3,\"name\":\"Kaka\u00f3bab ecuadori\"}]},{\"@type\":\"WebSite\",\"@id\":\"https:\\\/\\\/mychoccy.com\\\/en\\\/#website\",\"url\":\"https:\\\/\\\/mychoccy.com\\\/en\\\/\",\"name\":\"MyChoccy\",\"description\":\"Csokol\u00e1d\u00e9 kreat\u00edvan\",\"potentialAction\":[{\"@type\":\"SearchAction\",\"target\":{\"@type\":\"EntryPoint\",\"urlTemplate\":\"https:\\\/\\\/mychoccy.com\\\/en\\\/?s={search_term_string}\"},\"query-input\":{\"@type\":\"PropertyValueSpecification\",\"valueRequired\":true,\"valueName\":\"search_term_string\"}}],\"inLanguage\":\"en-US\"}]}<\/script>\n<!-- \/ Yoast SEO plugin. -->","yoast_head_json":{"title":"Kaka\u00f3bab ecuadori - MyChoccy","description":"A p\u00f6rk\u00f6lt kaka\u00f3bab k\u00fcl\u00f6nleges csemege. Az ecuadori fajta f\u0171szeres (van\u00edlia, fah\u00e9j) jelleggel rendelkezik. Fogyaszthat\u00f3 \u00f6nmag\u00e1ban, haszn\u00e1lhat\u00f3 f\u0171szerk\u00e9nt, vagy ak\u00e1r kaka\u00f3ital is k\u00e9sz\u00edthet\u0151 bel\u0151le. Tele van antioxid\u00e1sokkal \u00e9s igazi super food, ez\u00e9rt t\u00f6k\u00e9letes az eg\u00e9szs\u00e9ges nassol\u00e1shoz.  Nett\u00f3 t\u00f6meg: 100 g","robots":{"index":"index","follow":"follow","max-snippet":"max-snippet:-1","max-image-preview":"max-image-preview:large","max-video-preview":"max-video-preview:-1"},"canonical":"https:\/\/mychoccy.com\/en\/product\/kakaobab-ecuadori\/","og_locale":"en_US","og_type":"article","og_title":"Kaka\u00f3bab ecuadori - MyChoccy","og_description":"A p\u00f6rk\u00f6lt kaka\u00f3bab k\u00fcl\u00f6nleges csemege. Az ecuadori fajta f\u0171szeres (van\u00edlia, fah\u00e9j) jelleggel rendelkezik. Fogyaszthat\u00f3 \u00f6nmag\u00e1ban, haszn\u00e1lhat\u00f3 f\u0171szerk\u00e9nt, vagy ak\u00e1r kaka\u00f3ital is k\u00e9sz\u00edthet\u0151 bel\u0151le. Tele van antioxid\u00e1sokkal \u00e9s igazi super food, ez\u00e9rt t\u00f6k\u00e9letes az eg\u00e9szs\u00e9ges nassol\u00e1shoz.  Nett\u00f3 t\u00f6meg: 100 g","og_url":"https:\/\/mychoccy.com\/en\/product\/kakaobab-ecuadori\/","og_site_name":"MyChoccy","article_modified_time":"2026-04-09T05:30:31+00:00","og_image":[{"width":1200,"height":880,"url":"https:\/\/mychoccy.com\/wp-content\/uploads\/2020\/04\/kaka\u00f3bab-ecuador.jpg","type":"image\/jpeg"}],"twitter_card":"summary_large_image","schema":{"@context":"https:\/\/schema.org","@graph":[{"@type":"WebPage","@id":"https:\/\/mychoccy.com\/en\/product\/kakaobab-ecuadori\/","url":"https:\/\/mychoccy.com\/en\/product\/kakaobab-ecuadori\/","name":"Kaka\u00f3bab ecuadori - MyChoccy","isPartOf":{"@id":"https:\/\/mychoccy.com\/en\/#website"},"primaryImageOfPage":{"@id":"https:\/\/mychoccy.com\/en\/product\/kakaobab-ecuadori\/#primaryimage"},"image":{"@id":"https:\/\/mychoccy.com\/en\/product\/kakaobab-ecuadori\/#primaryimage"},"thumbnailUrl":"https:\/\/mychoccy.com\/wp-content\/uploads\/2020\/04\/kaka\u00f3bab-ecuador.jpg","datePublished":"2020-04-11T15:04:40+00:00","dateModified":"2026-04-09T05:30:31+00:00","description":"A p\u00f6rk\u00f6lt kaka\u00f3bab k\u00fcl\u00f6nleges csemege. Az ecuadori fajta f\u0171szeres (van\u00edlia, fah\u00e9j) jelleggel rendelkezik. Fogyaszthat\u00f3 \u00f6nmag\u00e1ban, haszn\u00e1lhat\u00f3 f\u0171szerk\u00e9nt, vagy ak\u00e1r kaka\u00f3ital is k\u00e9sz\u00edthet\u0151 bel\u0151le. Tele van antioxid\u00e1sokkal \u00e9s igazi super food, ez\u00e9rt t\u00f6k\u00e9letes az eg\u00e9szs\u00e9ges nassol\u00e1shoz. Nett\u00f3 t\u00f6meg: 100 g","breadcrumb":{"@id":"https:\/\/mychoccy.com\/en\/product\/kakaobab-ecuadori\/#breadcrumb"},"inLanguage":"en-US","potentialAction":[{"@type":"ReadAction","target":["https:\/\/mychoccy.com\/en\/product\/kakaobab-ecuadori\/"]}]},{"@type":"ImageObject","inLanguage":"en-US","@id":"https:\/\/mychoccy.com\/en\/product\/kakaobab-ecuadori\/#primaryimage","url":"https:\/\/mychoccy.com\/wp-content\/uploads\/2020\/04\/kaka\u00f3bab-ecuador.jpg","contentUrl":"https:\/\/mychoccy.com\/wp-content\/uploads\/2020\/04\/kaka\u00f3bab-ecuador.jpg","width":1200,"height":880},{"@type":"BreadcrumbList","@id":"https:\/\/mychoccy.com\/en\/product\/kakaobab-ecuadori\/#breadcrumb","itemListElement":[{"@type":"ListItem","position":1,"name":"Home","item":"https:\/\/mychoccy.com\/en\/"},{"@type":"ListItem","position":2,"name":"Shop","item":"https:\/\/mychoccy.com\/en\/shop-2\/"},{"@type":"ListItem","position":3,"name":"Kaka\u00f3bab ecuadori"}]},{"@type":"WebSite","@id":"https:\/\/mychoccy.com\/en\/#website","url":"https:\/\/mychoccy.com\/en\/","name":"MyChoccy","description":"Csokol\u00e1d\u00e9 kreat\u00edvan","potentialAction":[{"@type":"SearchAction","target":{"@type":"EntryPoint","urlTemplate":"https:\/\/mychoccy.com\/en\/?s={search_term_string}"},"query-input":{"@type":"PropertyValueSpecification","valueRequired":true,"valueName":"search_term_string"}}],"inLanguage":"en-US"}]}},"jetpack_sharing_enabled":true,"_links":{"self":[{"href":"https:\/\/mychoccy.com\/en\/wp-json\/wp\/v2\/product\/13361","targetHints":{"allow":["GET"]}}],"collection":[{"href":"https:\/\/mychoccy.com\/en\/wp-json\/wp\/v2\/product"}],"about":[{"href":"https:\/\/mychoccy.com\/en\/wp-json\/wp\/v2\/types\/product"}],"wp:featuredmedia":[{"embeddable":true,"href":"https:\/\/mychoccy.com\/en\/wp-json\/wp\/v2\/media\/12779"}],"wp:attachment":[{"href":"https:\/\/mychoccy.com\/en\/wp-json\/wp\/v2\/media?parent=13361"}],"wp:term":[{"taxonomy":"product_brand","embeddable":true,"href":"https:\/\/mychoccy.com\/en\/wp-json\/wp\/v2\/product_brand?post=13361"},{"taxonomy":"product_cat","embeddable":true,"href":"https:\/\/mychoccy.com\/en\/wp-json\/wp\/v2\/product_cat?post=13361"},{"taxonomy":"product_tag","embeddable":true,"href":"https:\/\/mychoccy.com\/en\/wp-json\/wp\/v2\/product_tag?post=13361"}],"curies":[{"name":"wp","href":"https:\/\/api.w.org\/{rel}","templated":true}]}}