{"id":13356,"date":"2020-04-11T17:04:40","date_gmt":"2020-04-11T15:04:40","guid":{"rendered":"https:\/\/mychoccy.com\/product\/feher-csokolade-28\/"},"modified":"2026-04-08T09:57:52","modified_gmt":"2026-04-08T07:57:52","slug":"feher-csokolade-28","status":"publish","type":"product","link":"https:\/\/mychoccy.com\/en\/product\/feher-csokolade-28\/","title":{"rendered":"Feh\u00e9r csokol\u00e1d\u00e9 28%"},"content":{"rendered":"<p>\u00d6sszetev\u0151k: cukor, kaka\u00f3vaj, tejpor, sz\u00f3jalecitin<\/p>\n<p>Allerg\u00e9nek: sz\u00f3jalecitin, tejpor<\/p>\n<p>\u00c1tlagos t\u00e1p\u00e9rt\u00e9k 100g term\u00e9kben:<br \/>\nEnergia: 2379 kJ \/ 569 kcal<br \/>\nZs\u00edr: 35,8 g<br \/>\nAmelyb\u0151l tel\u00edtett zs\u00edrsavak: 21,6 g<br \/>\nSz\u00e9nhidr\u00e1t: 55,3 g<br \/>\nAmelyb\u0151l cukrok: 54,9 g<br \/>\nRost: 0 g<br \/>\nFeh\u00e9rje: 6 g<br \/>\nS\u00f3: 0,21 g<\/p>\n","protected":false},"excerpt":{"rendered":"<p>Callebaut &#8211; The Finest Belgian Chocolate<br \/>\nKaka\u00f3 sz\u00e1razanyagtartalom: 28%.<br \/>\nA kellemesen l\u00e1gy, tejsz\u00ednesen kr\u00e9mes \u00edzvonal, t\u00f6k\u00e9letes \u00f6sszhangot alkot a van\u00edli\u00e1s \u00edzjegyekkel.<\/p>\n","protected":false},"featured_media":11924,"template":"","meta":{"inline_featured_image":false},"product_brand":[],"product_cat":[332],"product_tag":[179],"class_list":{"0":"post-13356","1":"product","2":"type-product","3":"status-publish","4":"has-post-thumbnail","6":"product_cat-csokoladek-es-egyeb-alapanyagok","7":"product_tag-feher-csokolade","9":"first","10":"instock","11":"taxable","12":"shipping-taxable","13":"purchasable","14":"product-type-variable"},"yoast_head":"<!-- This site is optimized with the Yoast SEO plugin v27.4 - https:\/\/yoast.com\/product\/yoast-seo-wordpress\/ -->\n<title>Feh\u00e9r csokol\u00e1d\u00e9 28% - MyChoccy<\/title>\n<meta name=\"description\" content=\"Callebaut - The Finest Belgian Chocolate Kaka\u00f3 sz\u00e1razanyagtartalom: 28%. A kellemesen l\u00e1gy, tejsz\u00ednesen kr\u00e9mes \u00edzvonal, t\u00f6k\u00e9letes \u00f6sszhangot alkot a van\u00edli\u00e1s \u00edzjegyekkel.\" \/>\n<meta name=\"robots\" content=\"index, follow, max-snippet:-1, max-image-preview:large, max-video-preview:-1\" \/>\n<link rel=\"canonical\" href=\"https:\/\/mychoccy.com\/en\/product\/feher-csokolade-28\/\" \/>\n<meta property=\"og:locale\" content=\"en_US\" \/>\n<meta property=\"og:type\" content=\"article\" \/>\n<meta property=\"og:title\" content=\"Feh\u00e9r csokol\u00e1d\u00e9 28% - MyChoccy\" \/>\n<meta property=\"og:description\" content=\"Callebaut - The Finest Belgian Chocolate Kaka\u00f3 sz\u00e1razanyagtartalom: 28%. A kellemesen l\u00e1gy, tejsz\u00ednesen kr\u00e9mes \u00edzvonal, t\u00f6k\u00e9letes \u00f6sszhangot alkot a van\u00edli\u00e1s \u00edzjegyekkel.\" \/>\n<meta property=\"og:url\" content=\"https:\/\/mychoccy.com\/en\/product\/feher-csokolade-28\/\" \/>\n<meta property=\"og:site_name\" content=\"MyChoccy\" \/>\n<meta property=\"article:modified_time\" content=\"2026-04-08T07:57:52+00:00\" \/>\n<meta property=\"og:image\" content=\"https:\/\/mychoccy.com\/wp-content\/uploads\/2020\/03\/feh\u00e9r-csokol\u00e1d\u00e9-lencse-28.jpg\" \/>\n\t<meta property=\"og:image:width\" content=\"1200\" \/>\n\t<meta property=\"og:image:height\" content=\"880\" \/>\n\t<meta property=\"og:image:type\" content=\"image\/jpeg\" \/>\n<meta name=\"twitter:card\" content=\"summary_large_image\" \/>\n<meta name=\"twitter:label1\" content=\"Est. reading time\" \/>\n\t<meta name=\"twitter:data1\" content=\"1 minute\" \/>\n<script type=\"application\/ld+json\" class=\"yoast-schema-graph\">{\"@context\":\"https:\\\/\\\/schema.org\",\"@graph\":[{\"@type\":\"WebPage\",\"@id\":\"https:\\\/\\\/mychoccy.com\\\/en\\\/product\\\/feher-csokolade-28\\\/\",\"url\":\"https:\\\/\\\/mychoccy.com\\\/en\\\/product\\\/feher-csokolade-28\\\/\",\"name\":\"Feh\u00e9r csokol\u00e1d\u00e9 28% - MyChoccy\",\"isPartOf\":{\"@id\":\"https:\\\/\\\/mychoccy.com\\\/en\\\/#website\"},\"primaryImageOfPage\":{\"@id\":\"https:\\\/\\\/mychoccy.com\\\/en\\\/product\\\/feher-csokolade-28\\\/#primaryimage\"},\"image\":{\"@id\":\"https:\\\/\\\/mychoccy.com\\\/en\\\/product\\\/feher-csokolade-28\\\/#primaryimage\"},\"thumbnailUrl\":\"https:\\\/\\\/mychoccy.com\\\/wp-content\\\/uploads\\\/2020\\\/03\\\/feh\u00e9r-csokol\u00e1d\u00e9-lencse-28.jpg\",\"datePublished\":\"2020-04-11T15:04:40+00:00\",\"dateModified\":\"2026-04-08T07:57:52+00:00\",\"description\":\"Callebaut - The Finest Belgian Chocolate Kaka\u00f3 sz\u00e1razanyagtartalom: 28%. A kellemesen l\u00e1gy, tejsz\u00ednesen kr\u00e9mes \u00edzvonal, t\u00f6k\u00e9letes \u00f6sszhangot alkot a van\u00edli\u00e1s \u00edzjegyekkel.\",\"breadcrumb\":{\"@id\":\"https:\\\/\\\/mychoccy.com\\\/en\\\/product\\\/feher-csokolade-28\\\/#breadcrumb\"},\"inLanguage\":\"en-US\",\"potentialAction\":[{\"@type\":\"ReadAction\",\"target\":[\"https:\\\/\\\/mychoccy.com\\\/en\\\/product\\\/feher-csokolade-28\\\/\"]}]},{\"@type\":\"ImageObject\",\"inLanguage\":\"en-US\",\"@id\":\"https:\\\/\\\/mychoccy.com\\\/en\\\/product\\\/feher-csokolade-28\\\/#primaryimage\",\"url\":\"https:\\\/\\\/mychoccy.com\\\/wp-content\\\/uploads\\\/2020\\\/03\\\/feh\u00e9r-csokol\u00e1d\u00e9-lencse-28.jpg\",\"contentUrl\":\"https:\\\/\\\/mychoccy.com\\\/wp-content\\\/uploads\\\/2020\\\/03\\\/feh\u00e9r-csokol\u00e1d\u00e9-lencse-28.jpg\",\"width\":1200,\"height\":880},{\"@type\":\"BreadcrumbList\",\"@id\":\"https:\\\/\\\/mychoccy.com\\\/en\\\/product\\\/feher-csokolade-28\\\/#breadcrumb\",\"itemListElement\":[{\"@type\":\"ListItem\",\"position\":1,\"name\":\"Home\",\"item\":\"https:\\\/\\\/mychoccy.com\\\/en\\\/\"},{\"@type\":\"ListItem\",\"position\":2,\"name\":\"Shop\",\"item\":\"https:\\\/\\\/mychoccy.com\\\/en\\\/shop-2\\\/\"},{\"@type\":\"ListItem\",\"position\":3,\"name\":\"Feh\u00e9r csokol\u00e1d\u00e9 28%\"}]},{\"@type\":\"WebSite\",\"@id\":\"https:\\\/\\\/mychoccy.com\\\/en\\\/#website\",\"url\":\"https:\\\/\\\/mychoccy.com\\\/en\\\/\",\"name\":\"MyChoccy\",\"description\":\"Csokol\u00e1d\u00e9 kreat\u00edvan\",\"potentialAction\":[{\"@type\":\"SearchAction\",\"target\":{\"@type\":\"EntryPoint\",\"urlTemplate\":\"https:\\\/\\\/mychoccy.com\\\/en\\\/?s={search_term_string}\"},\"query-input\":{\"@type\":\"PropertyValueSpecification\",\"valueRequired\":true,\"valueName\":\"search_term_string\"}}],\"inLanguage\":\"en-US\"}]}<\/script>\n<!-- \/ Yoast SEO plugin. -->","yoast_head_json":{"title":"Feh\u00e9r csokol\u00e1d\u00e9 28% - MyChoccy","description":"Callebaut - The Finest Belgian Chocolate Kaka\u00f3 sz\u00e1razanyagtartalom: 28%. A kellemesen l\u00e1gy, tejsz\u00ednesen kr\u00e9mes \u00edzvonal, t\u00f6k\u00e9letes \u00f6sszhangot alkot a van\u00edli\u00e1s \u00edzjegyekkel.","robots":{"index":"index","follow":"follow","max-snippet":"max-snippet:-1","max-image-preview":"max-image-preview:large","max-video-preview":"max-video-preview:-1"},"canonical":"https:\/\/mychoccy.com\/en\/product\/feher-csokolade-28\/","og_locale":"en_US","og_type":"article","og_title":"Feh\u00e9r csokol\u00e1d\u00e9 28% - MyChoccy","og_description":"Callebaut - The Finest Belgian Chocolate Kaka\u00f3 sz\u00e1razanyagtartalom: 28%. A kellemesen l\u00e1gy, tejsz\u00ednesen kr\u00e9mes \u00edzvonal, t\u00f6k\u00e9letes \u00f6sszhangot alkot a van\u00edli\u00e1s \u00edzjegyekkel.","og_url":"https:\/\/mychoccy.com\/en\/product\/feher-csokolade-28\/","og_site_name":"MyChoccy","article_modified_time":"2026-04-08T07:57:52+00:00","og_image":[{"width":1200,"height":880,"url":"https:\/\/mychoccy.com\/wp-content\/uploads\/2020\/03\/feh\u00e9r-csokol\u00e1d\u00e9-lencse-28.jpg","type":"image\/jpeg"}],"twitter_card":"summary_large_image","twitter_misc":{"Est. reading time":"1 minute"},"schema":{"@context":"https:\/\/schema.org","@graph":[{"@type":"WebPage","@id":"https:\/\/mychoccy.com\/en\/product\/feher-csokolade-28\/","url":"https:\/\/mychoccy.com\/en\/product\/feher-csokolade-28\/","name":"Feh\u00e9r csokol\u00e1d\u00e9 28% - MyChoccy","isPartOf":{"@id":"https:\/\/mychoccy.com\/en\/#website"},"primaryImageOfPage":{"@id":"https:\/\/mychoccy.com\/en\/product\/feher-csokolade-28\/#primaryimage"},"image":{"@id":"https:\/\/mychoccy.com\/en\/product\/feher-csokolade-28\/#primaryimage"},"thumbnailUrl":"https:\/\/mychoccy.com\/wp-content\/uploads\/2020\/03\/feh\u00e9r-csokol\u00e1d\u00e9-lencse-28.jpg","datePublished":"2020-04-11T15:04:40+00:00","dateModified":"2026-04-08T07:57:52+00:00","description":"Callebaut - The Finest Belgian Chocolate Kaka\u00f3 sz\u00e1razanyagtartalom: 28%. A kellemesen l\u00e1gy, tejsz\u00ednesen kr\u00e9mes \u00edzvonal, t\u00f6k\u00e9letes \u00f6sszhangot alkot a van\u00edli\u00e1s \u00edzjegyekkel.","breadcrumb":{"@id":"https:\/\/mychoccy.com\/en\/product\/feher-csokolade-28\/#breadcrumb"},"inLanguage":"en-US","potentialAction":[{"@type":"ReadAction","target":["https:\/\/mychoccy.com\/en\/product\/feher-csokolade-28\/"]}]},{"@type":"ImageObject","inLanguage":"en-US","@id":"https:\/\/mychoccy.com\/en\/product\/feher-csokolade-28\/#primaryimage","url":"https:\/\/mychoccy.com\/wp-content\/uploads\/2020\/03\/feh\u00e9r-csokol\u00e1d\u00e9-lencse-28.jpg","contentUrl":"https:\/\/mychoccy.com\/wp-content\/uploads\/2020\/03\/feh\u00e9r-csokol\u00e1d\u00e9-lencse-28.jpg","width":1200,"height":880},{"@type":"BreadcrumbList","@id":"https:\/\/mychoccy.com\/en\/product\/feher-csokolade-28\/#breadcrumb","itemListElement":[{"@type":"ListItem","position":1,"name":"Home","item":"https:\/\/mychoccy.com\/en\/"},{"@type":"ListItem","position":2,"name":"Shop","item":"https:\/\/mychoccy.com\/en\/shop-2\/"},{"@type":"ListItem","position":3,"name":"Feh\u00e9r csokol\u00e1d\u00e9 28%"}]},{"@type":"WebSite","@id":"https:\/\/mychoccy.com\/en\/#website","url":"https:\/\/mychoccy.com\/en\/","name":"MyChoccy","description":"Csokol\u00e1d\u00e9 kreat\u00edvan","potentialAction":[{"@type":"SearchAction","target":{"@type":"EntryPoint","urlTemplate":"https:\/\/mychoccy.com\/en\/?s={search_term_string}"},"query-input":{"@type":"PropertyValueSpecification","valueRequired":true,"valueName":"search_term_string"}}],"inLanguage":"en-US"}]}},"jetpack_sharing_enabled":true,"_links":{"self":[{"href":"https:\/\/mychoccy.com\/en\/wp-json\/wp\/v2\/product\/13356","targetHints":{"allow":["GET"]}}],"collection":[{"href":"https:\/\/mychoccy.com\/en\/wp-json\/wp\/v2\/product"}],"about":[{"href":"https:\/\/mychoccy.com\/en\/wp-json\/wp\/v2\/types\/product"}],"wp:featuredmedia":[{"embeddable":true,"href":"https:\/\/mychoccy.com\/en\/wp-json\/wp\/v2\/media\/11924"}],"wp:attachment":[{"href":"https:\/\/mychoccy.com\/en\/wp-json\/wp\/v2\/media?parent=13356"}],"wp:term":[{"taxonomy":"product_brand","embeddable":true,"href":"https:\/\/mychoccy.com\/en\/wp-json\/wp\/v2\/product_brand?post=13356"},{"taxonomy":"product_cat","embeddable":true,"href":"https:\/\/mychoccy.com\/en\/wp-json\/wp\/v2\/product_cat?post=13356"},{"taxonomy":"product_tag","embeddable":true,"href":"https:\/\/mychoccy.com\/en\/wp-json\/wp\/v2\/product_tag?post=13356"}],"curies":[{"name":"wp","href":"https:\/\/api.w.org\/{rel}","templated":true}]}}