{"id":13355,"date":"2020-04-11T17:04:37","date_gmt":"2020-04-11T15:04:37","guid":{"rendered":"https:\/\/mychoccy.com\/product\/etcsokolade-venezuelai\/"},"modified":"2026-04-08T10:05:21","modified_gmt":"2026-04-08T08:05:21","slug":"etcsokolade-venezuelai","status":"publish","type":"product","link":"https:\/\/mychoccy.com\/en\/product\/etcsokolade-venezuelai\/","title":{"rendered":"\u00c9tcsokol\u00e1d\u00e9 venezuelai"},"content":{"rendered":"<p>\u00d6sszetev\u0151k: venezuelai kaka\u00f3massza, cukor, kaka\u00f3vaj, sz\u00f3jalecitin<\/p>\n<p>Allerg\u00e9nek: sz\u00f3jalecitin<\/p>\n<p>\u00c1tlagos t\u00e1p\u00e9rt\u00e9k 100g term\u00e9kben:<br \/>\nEnergia: 2449 kJ \/ 581 kcal<br \/>\nZs\u00edr: 46,2 g<br \/>\nAmelyb\u0151l tel\u00edtett zs\u00edrsavak: 29,5 g<br \/>\nSz\u00e9nhidr\u00e1t: 29 g<br \/>\nAmelyb\u0151l cukrok: 24,6 g<br \/>\nRost: 10,2 g<br \/>\nFeh\u00e9rje: 8,7 g<br \/>\nS\u00f3: 0, 016 g<\/p>\n","protected":false},"excerpt":{"rendered":"<p>A csokol\u00e1d\u00e9 a bogy\u00f3s gy\u00fcm\u00f6lcs\u00f6k jegyeit kelti \u00e9letre, \u00fagy mint a szeder \u00e9s a m\u00e1lna, a h\u00e1tt\u00e9rben feketeribizlis savakkal gazdag\u00edtva.<br \/>\nKaka\u00f3 sz\u00e1razanyagtartalom: 74%<\/p>\n<p>Nett\u00f3 t\u00f6meg: 100 g<\/p>\n","protected":false},"featured_media":11923,"template":"","meta":{"inline_featured_image":false},"product_brand":[],"product_cat":[332],"product_tag":[299],"class_list":{"0":"post-13355","1":"product","2":"type-product","3":"status-publish","4":"has-post-thumbnail","6":"product_cat-csokoladek-es-egyeb-alapanyagok","7":"product_tag-kulonleges-csokolade","9":"first","10":"outofstock","11":"taxable","12":"shipping-taxable","13":"purchasable","14":"product-type-simple"},"yoast_head":"<!-- This site is optimized with the Yoast SEO plugin v27.4 - https:\/\/yoast.com\/product\/yoast-seo-wordpress\/ -->\n<title>\u00c9tcsokol\u00e1d\u00e9 venezuelai - MyChoccy<\/title>\n<meta name=\"description\" content=\"A csokol\u00e1d\u00e9 a bogy\u00f3s gy\u00fcm\u00f6lcs\u00f6k jegyeit kelti \u00e9letre, \u00fagy mint a szeder \u00e9s a m\u00e1lna, a h\u00e1tt\u00e9rben feketeribizlis savakkal gazdag\u00edtva. Kaka\u00f3 sz\u00e1razanyagtartalom: 74%  Nett\u00f3 t\u00f6meg: 100 g\" \/>\n<meta name=\"robots\" content=\"index, follow, max-snippet:-1, max-image-preview:large, max-video-preview:-1\" \/>\n<link rel=\"canonical\" href=\"https:\/\/mychoccy.com\/en\/product\/etcsokolade-venezuelai\/\" \/>\n<meta property=\"og:locale\" content=\"en_US\" \/>\n<meta property=\"og:type\" content=\"article\" \/>\n<meta property=\"og:title\" content=\"\u00c9tcsokol\u00e1d\u00e9 venezuelai - MyChoccy\" \/>\n<meta property=\"og:description\" content=\"A csokol\u00e1d\u00e9 a bogy\u00f3s gy\u00fcm\u00f6lcs\u00f6k jegyeit kelti \u00e9letre, \u00fagy mint a szeder \u00e9s a m\u00e1lna, a h\u00e1tt\u00e9rben feketeribizlis savakkal gazdag\u00edtva. Kaka\u00f3 sz\u00e1razanyagtartalom: 74%  Nett\u00f3 t\u00f6meg: 100 g\" \/>\n<meta property=\"og:url\" content=\"https:\/\/mychoccy.com\/en\/product\/etcsokolade-venezuelai\/\" \/>\n<meta property=\"og:site_name\" content=\"MyChoccy\" \/>\n<meta property=\"article:modified_time\" content=\"2026-04-08T08:05:21+00:00\" \/>\n<meta property=\"og:image\" content=\"https:\/\/mychoccy.com\/wp-content\/uploads\/2020\/03\/\u00e9tcsokol\u00e1d\u00e9-lencse-venezuela.jpg\" \/>\n\t<meta property=\"og:image:width\" content=\"1200\" \/>\n\t<meta property=\"og:image:height\" content=\"880\" \/>\n\t<meta property=\"og:image:type\" content=\"image\/jpeg\" \/>\n<meta name=\"twitter:card\" content=\"summary_large_image\" \/>\n<meta name=\"twitter:label1\" content=\"Est. reading time\" \/>\n\t<meta name=\"twitter:data1\" content=\"1 minute\" \/>\n<script type=\"application\/ld+json\" class=\"yoast-schema-graph\">{\"@context\":\"https:\\\/\\\/schema.org\",\"@graph\":[{\"@type\":\"WebPage\",\"@id\":\"https:\\\/\\\/mychoccy.com\\\/en\\\/product\\\/etcsokolade-venezuelai\\\/\",\"url\":\"https:\\\/\\\/mychoccy.com\\\/en\\\/product\\\/etcsokolade-venezuelai\\\/\",\"name\":\"\u00c9tcsokol\u00e1d\u00e9 venezuelai - MyChoccy\",\"isPartOf\":{\"@id\":\"https:\\\/\\\/mychoccy.com\\\/en\\\/#website\"},\"primaryImageOfPage\":{\"@id\":\"https:\\\/\\\/mychoccy.com\\\/en\\\/product\\\/etcsokolade-venezuelai\\\/#primaryimage\"},\"image\":{\"@id\":\"https:\\\/\\\/mychoccy.com\\\/en\\\/product\\\/etcsokolade-venezuelai\\\/#primaryimage\"},\"thumbnailUrl\":\"https:\\\/\\\/mychoccy.com\\\/wp-content\\\/uploads\\\/2020\\\/03\\\/\u00e9tcsokol\u00e1d\u00e9-lencse-venezuela.jpg\",\"datePublished\":\"2020-04-11T15:04:37+00:00\",\"dateModified\":\"2026-04-08T08:05:21+00:00\",\"description\":\"A csokol\u00e1d\u00e9 a bogy\u00f3s gy\u00fcm\u00f6lcs\u00f6k jegyeit kelti \u00e9letre, \u00fagy mint a szeder \u00e9s a m\u00e1lna, a h\u00e1tt\u00e9rben feketeribizlis savakkal gazdag\u00edtva. Kaka\u00f3 sz\u00e1razanyagtartalom: 74% Nett\u00f3 t\u00f6meg: 100 g\",\"breadcrumb\":{\"@id\":\"https:\\\/\\\/mychoccy.com\\\/en\\\/product\\\/etcsokolade-venezuelai\\\/#breadcrumb\"},\"inLanguage\":\"en-US\",\"potentialAction\":[{\"@type\":\"ReadAction\",\"target\":[\"https:\\\/\\\/mychoccy.com\\\/en\\\/product\\\/etcsokolade-venezuelai\\\/\"]}]},{\"@type\":\"ImageObject\",\"inLanguage\":\"en-US\",\"@id\":\"https:\\\/\\\/mychoccy.com\\\/en\\\/product\\\/etcsokolade-venezuelai\\\/#primaryimage\",\"url\":\"https:\\\/\\\/mychoccy.com\\\/wp-content\\\/uploads\\\/2020\\\/03\\\/\u00e9tcsokol\u00e1d\u00e9-lencse-venezuela.jpg\",\"contentUrl\":\"https:\\\/\\\/mychoccy.com\\\/wp-content\\\/uploads\\\/2020\\\/03\\\/\u00e9tcsokol\u00e1d\u00e9-lencse-venezuela.jpg\",\"width\":1200,\"height\":880},{\"@type\":\"BreadcrumbList\",\"@id\":\"https:\\\/\\\/mychoccy.com\\\/en\\\/product\\\/etcsokolade-venezuelai\\\/#breadcrumb\",\"itemListElement\":[{\"@type\":\"ListItem\",\"position\":1,\"name\":\"Home\",\"item\":\"https:\\\/\\\/mychoccy.com\\\/en\\\/\"},{\"@type\":\"ListItem\",\"position\":2,\"name\":\"Shop\",\"item\":\"https:\\\/\\\/mychoccy.com\\\/en\\\/shop-2\\\/\"},{\"@type\":\"ListItem\",\"position\":3,\"name\":\"\u00c9tcsokol\u00e1d\u00e9 venezuelai\"}]},{\"@type\":\"WebSite\",\"@id\":\"https:\\\/\\\/mychoccy.com\\\/en\\\/#website\",\"url\":\"https:\\\/\\\/mychoccy.com\\\/en\\\/\",\"name\":\"MyChoccy\",\"description\":\"Csokol\u00e1d\u00e9 kreat\u00edvan\",\"potentialAction\":[{\"@type\":\"SearchAction\",\"target\":{\"@type\":\"EntryPoint\",\"urlTemplate\":\"https:\\\/\\\/mychoccy.com\\\/en\\\/?s={search_term_string}\"},\"query-input\":{\"@type\":\"PropertyValueSpecification\",\"valueRequired\":true,\"valueName\":\"search_term_string\"}}],\"inLanguage\":\"en-US\"}]}<\/script>\n<!-- \/ Yoast SEO plugin. -->","yoast_head_json":{"title":"\u00c9tcsokol\u00e1d\u00e9 venezuelai - MyChoccy","description":"A csokol\u00e1d\u00e9 a bogy\u00f3s gy\u00fcm\u00f6lcs\u00f6k jegyeit kelti \u00e9letre, \u00fagy mint a szeder \u00e9s a m\u00e1lna, a h\u00e1tt\u00e9rben feketeribizlis savakkal gazdag\u00edtva. Kaka\u00f3 sz\u00e1razanyagtartalom: 74%  Nett\u00f3 t\u00f6meg: 100 g","robots":{"index":"index","follow":"follow","max-snippet":"max-snippet:-1","max-image-preview":"max-image-preview:large","max-video-preview":"max-video-preview:-1"},"canonical":"https:\/\/mychoccy.com\/en\/product\/etcsokolade-venezuelai\/","og_locale":"en_US","og_type":"article","og_title":"\u00c9tcsokol\u00e1d\u00e9 venezuelai - MyChoccy","og_description":"A csokol\u00e1d\u00e9 a bogy\u00f3s gy\u00fcm\u00f6lcs\u00f6k jegyeit kelti \u00e9letre, \u00fagy mint a szeder \u00e9s a m\u00e1lna, a h\u00e1tt\u00e9rben feketeribizlis savakkal gazdag\u00edtva. Kaka\u00f3 sz\u00e1razanyagtartalom: 74%  Nett\u00f3 t\u00f6meg: 100 g","og_url":"https:\/\/mychoccy.com\/en\/product\/etcsokolade-venezuelai\/","og_site_name":"MyChoccy","article_modified_time":"2026-04-08T08:05:21+00:00","og_image":[{"width":1200,"height":880,"url":"https:\/\/mychoccy.com\/wp-content\/uploads\/2020\/03\/\u00e9tcsokol\u00e1d\u00e9-lencse-venezuela.jpg","type":"image\/jpeg"}],"twitter_card":"summary_large_image","twitter_misc":{"Est. reading time":"1 minute"},"schema":{"@context":"https:\/\/schema.org","@graph":[{"@type":"WebPage","@id":"https:\/\/mychoccy.com\/en\/product\/etcsokolade-venezuelai\/","url":"https:\/\/mychoccy.com\/en\/product\/etcsokolade-venezuelai\/","name":"\u00c9tcsokol\u00e1d\u00e9 venezuelai - MyChoccy","isPartOf":{"@id":"https:\/\/mychoccy.com\/en\/#website"},"primaryImageOfPage":{"@id":"https:\/\/mychoccy.com\/en\/product\/etcsokolade-venezuelai\/#primaryimage"},"image":{"@id":"https:\/\/mychoccy.com\/en\/product\/etcsokolade-venezuelai\/#primaryimage"},"thumbnailUrl":"https:\/\/mychoccy.com\/wp-content\/uploads\/2020\/03\/\u00e9tcsokol\u00e1d\u00e9-lencse-venezuela.jpg","datePublished":"2020-04-11T15:04:37+00:00","dateModified":"2026-04-08T08:05:21+00:00","description":"A csokol\u00e1d\u00e9 a bogy\u00f3s gy\u00fcm\u00f6lcs\u00f6k jegyeit kelti \u00e9letre, \u00fagy mint a szeder \u00e9s a m\u00e1lna, a h\u00e1tt\u00e9rben feketeribizlis savakkal gazdag\u00edtva. Kaka\u00f3 sz\u00e1razanyagtartalom: 74% Nett\u00f3 t\u00f6meg: 100 g","breadcrumb":{"@id":"https:\/\/mychoccy.com\/en\/product\/etcsokolade-venezuelai\/#breadcrumb"},"inLanguage":"en-US","potentialAction":[{"@type":"ReadAction","target":["https:\/\/mychoccy.com\/en\/product\/etcsokolade-venezuelai\/"]}]},{"@type":"ImageObject","inLanguage":"en-US","@id":"https:\/\/mychoccy.com\/en\/product\/etcsokolade-venezuelai\/#primaryimage","url":"https:\/\/mychoccy.com\/wp-content\/uploads\/2020\/03\/\u00e9tcsokol\u00e1d\u00e9-lencse-venezuela.jpg","contentUrl":"https:\/\/mychoccy.com\/wp-content\/uploads\/2020\/03\/\u00e9tcsokol\u00e1d\u00e9-lencse-venezuela.jpg","width":1200,"height":880},{"@type":"BreadcrumbList","@id":"https:\/\/mychoccy.com\/en\/product\/etcsokolade-venezuelai\/#breadcrumb","itemListElement":[{"@type":"ListItem","position":1,"name":"Home","item":"https:\/\/mychoccy.com\/en\/"},{"@type":"ListItem","position":2,"name":"Shop","item":"https:\/\/mychoccy.com\/en\/shop-2\/"},{"@type":"ListItem","position":3,"name":"\u00c9tcsokol\u00e1d\u00e9 venezuelai"}]},{"@type":"WebSite","@id":"https:\/\/mychoccy.com\/en\/#website","url":"https:\/\/mychoccy.com\/en\/","name":"MyChoccy","description":"Csokol\u00e1d\u00e9 kreat\u00edvan","potentialAction":[{"@type":"SearchAction","target":{"@type":"EntryPoint","urlTemplate":"https:\/\/mychoccy.com\/en\/?s={search_term_string}"},"query-input":{"@type":"PropertyValueSpecification","valueRequired":true,"valueName":"search_term_string"}}],"inLanguage":"en-US"}]}},"jetpack_sharing_enabled":true,"_links":{"self":[{"href":"https:\/\/mychoccy.com\/en\/wp-json\/wp\/v2\/product\/13355","targetHints":{"allow":["GET"]}}],"collection":[{"href":"https:\/\/mychoccy.com\/en\/wp-json\/wp\/v2\/product"}],"about":[{"href":"https:\/\/mychoccy.com\/en\/wp-json\/wp\/v2\/types\/product"}],"wp:featuredmedia":[{"embeddable":true,"href":"https:\/\/mychoccy.com\/en\/wp-json\/wp\/v2\/media\/11923"}],"wp:attachment":[{"href":"https:\/\/mychoccy.com\/en\/wp-json\/wp\/v2\/media?parent=13355"}],"wp:term":[{"taxonomy":"product_brand","embeddable":true,"href":"https:\/\/mychoccy.com\/en\/wp-json\/wp\/v2\/product_brand?post=13355"},{"taxonomy":"product_cat","embeddable":true,"href":"https:\/\/mychoccy.com\/en\/wp-json\/wp\/v2\/product_cat?post=13355"},{"taxonomy":"product_tag","embeddable":true,"href":"https:\/\/mychoccy.com\/en\/wp-json\/wp\/v2\/product_tag?post=13355"}],"curies":[{"name":"wp","href":"https:\/\/api.w.org\/{rel}","templated":true}]}}