{"id":13352,"date":"2020-04-11T17:04:37","date_gmt":"2020-04-11T15:04:37","guid":{"rendered":"https:\/\/mychoccy.com\/product\/etcsokolade-jamaicai\/"},"modified":"2024-10-23T19:15:12","modified_gmt":"2024-10-23T17:15:12","slug":"etcsokolade-jamaicai","status":"publish","type":"product","link":"https:\/\/mychoccy.com\/en\/product\/etcsokolade-jamaicai\/","title":{"rendered":"\u00c9tcsokol\u00e1d\u00e9 jamaicai"},"content":{"rendered":"<p>\u00d6sszetev\u0151k: jamaicai kaka\u00f3massza, cukor, kaka\u00f3vaj, sz\u00f3jalecitin<\/p>\n<p>Allerg\u00e9nek: sz\u00f3jalecitin<\/p>\n<p>\u00c1tlagos t\u00e1p\u00e9rt\u00e9k 100g term\u00e9kben:<br \/>\nEnergia: 2419 kJ \/ 584 kcal<br \/>\nZs\u00edr: 45,2 g<br \/>\nAmelyb\u0151l tel\u00edtett zs\u00edrsavak: 28,8 g<br \/>\nSz\u00e9nhidr\u00e1t: 30,9 g<br \/>\nAmelyb\u0151l cukrok: 26,6 g<br \/>\nRost: 9,8 g<br \/>\nFeh\u00e9rje: 8,4 g<br \/>\nS\u00f3: 0,015 g<\/p>\n","protected":false},"excerpt":{"rendered":"<p>A csokol\u00e1d\u00e9 lencse a k\u00e9s\u0151i sz\u00fcretel\u00e9s\u0171 gy\u00fcm\u00f6lcs\u00f6kre jellemz\u0151 \u00edz vil\u00e1g jegyeit hordozza, kombin\u00e1lva az arabica k\u00e1v\u00e9ra jellemz\u0151 lekerek\u00edtett jegyekkel, a h\u00e1tt\u00e9rben megjelen\u0151 p\u00f6rk\u00f6lt mandula \u00edz\u00e9vel.<br \/>\nKaka\u00f3 sz\u00e1razanyagtartalom: 72%<\/p>\n<p>Nett\u00f3 t\u00f6meg: 100 g<\/p>\n","protected":false},"featured_media":11916,"template":"","meta":{"inline_featured_image":false},"product_brand":[],"product_cat":[332],"product_tag":[299],"class_list":{"0":"post-13352","1":"product","2":"type-product","3":"status-publish","4":"has-post-thumbnail","6":"product_cat-csokoladek-es-egyeb-alapanyagok","7":"product_tag-kulonleges-csokolade","9":"first","10":"outofstock","11":"taxable","12":"shipping-taxable","13":"purchasable","14":"product-type-simple"},"yoast_head":"<!-- This site is optimized with the Yoast SEO plugin v27.3 - https:\/\/yoast.com\/product\/yoast-seo-wordpress\/ -->\n<title>\u00c9tcsokol\u00e1d\u00e9 jamaicai - MyChoccy<\/title>\n<meta name=\"description\" content=\"A csokol\u00e1d\u00e9 lencse a k\u00e9s\u0151i sz\u00fcretel\u00e9s\u0171 gy\u00fcm\u00f6lcs\u00f6kre jellemz\u0151 \u00edz vil\u00e1g jegyeit hordozza, kombin\u00e1lva az arabica k\u00e1v\u00e9ra jellemz\u0151 lekerek\u00edtett jegyekkel, a h\u00e1tt\u00e9rben megjelen\u0151 p\u00f6rk\u00f6lt mandula \u00edz\u00e9vel. Kaka\u00f3 sz\u00e1razanyagtartalom: 72%  Nett\u00f3 t\u00f6meg: 100 g\" \/>\n<meta name=\"robots\" content=\"index, follow, max-snippet:-1, max-image-preview:large, max-video-preview:-1\" \/>\n<link rel=\"canonical\" href=\"https:\/\/mychoccy.com\/en\/product\/etcsokolade-jamaicai\/\" \/>\n<meta property=\"og:locale\" content=\"en_US\" \/>\n<meta property=\"og:type\" content=\"article\" \/>\n<meta property=\"og:title\" content=\"\u00c9tcsokol\u00e1d\u00e9 jamaicai - MyChoccy\" \/>\n<meta property=\"og:description\" content=\"A csokol\u00e1d\u00e9 lencse a k\u00e9s\u0151i sz\u00fcretel\u00e9s\u0171 gy\u00fcm\u00f6lcs\u00f6kre jellemz\u0151 \u00edz vil\u00e1g jegyeit hordozza, kombin\u00e1lva az arabica k\u00e1v\u00e9ra jellemz\u0151 lekerek\u00edtett jegyekkel, a h\u00e1tt\u00e9rben megjelen\u0151 p\u00f6rk\u00f6lt mandula \u00edz\u00e9vel. Kaka\u00f3 sz\u00e1razanyagtartalom: 72%  Nett\u00f3 t\u00f6meg: 100 g\" \/>\n<meta property=\"og:url\" content=\"https:\/\/mychoccy.com\/en\/product\/etcsokolade-jamaicai\/\" \/>\n<meta property=\"og:site_name\" content=\"MyChoccy\" \/>\n<meta property=\"article:modified_time\" content=\"2024-10-23T17:15:12+00:00\" \/>\n<meta property=\"og:image\" content=\"https:\/\/mychoccy.com\/wp-content\/uploads\/2020\/03\/\u00e9tcsokol\u00e1d\u00e9-lencse-54-1.jpg\" \/>\n\t<meta property=\"og:image:width\" content=\"1200\" \/>\n\t<meta property=\"og:image:height\" content=\"880\" \/>\n\t<meta property=\"og:image:type\" content=\"image\/jpeg\" \/>\n<meta name=\"twitter:card\" content=\"summary_large_image\" \/>\n<meta name=\"twitter:label1\" content=\"Est. reading time\" \/>\n\t<meta name=\"twitter:data1\" content=\"1 minute\" \/>\n<script type=\"application\/ld+json\" class=\"yoast-schema-graph\">{\"@context\":\"https:\\\/\\\/schema.org\",\"@graph\":[{\"@type\":\"WebPage\",\"@id\":\"https:\\\/\\\/mychoccy.com\\\/en\\\/product\\\/etcsokolade-jamaicai\\\/\",\"url\":\"https:\\\/\\\/mychoccy.com\\\/en\\\/product\\\/etcsokolade-jamaicai\\\/\",\"name\":\"\u00c9tcsokol\u00e1d\u00e9 jamaicai - MyChoccy\",\"isPartOf\":{\"@id\":\"https:\\\/\\\/mychoccy.com\\\/en\\\/#website\"},\"primaryImageOfPage\":{\"@id\":\"https:\\\/\\\/mychoccy.com\\\/en\\\/product\\\/etcsokolade-jamaicai\\\/#primaryimage\"},\"image\":{\"@id\":\"https:\\\/\\\/mychoccy.com\\\/en\\\/product\\\/etcsokolade-jamaicai\\\/#primaryimage\"},\"thumbnailUrl\":\"https:\\\/\\\/mychoccy.com\\\/wp-content\\\/uploads\\\/2020\\\/03\\\/\u00e9tcsokol\u00e1d\u00e9-lencse-54-1.jpg\",\"datePublished\":\"2020-04-11T15:04:37+00:00\",\"dateModified\":\"2024-10-23T17:15:12+00:00\",\"description\":\"A csokol\u00e1d\u00e9 lencse a k\u00e9s\u0151i sz\u00fcretel\u00e9s\u0171 gy\u00fcm\u00f6lcs\u00f6kre jellemz\u0151 \u00edz vil\u00e1g jegyeit hordozza, kombin\u00e1lva az arabica k\u00e1v\u00e9ra jellemz\u0151 lekerek\u00edtett jegyekkel, a h\u00e1tt\u00e9rben megjelen\u0151 p\u00f6rk\u00f6lt mandula \u00edz\u00e9vel. Kaka\u00f3 sz\u00e1razanyagtartalom: 72% Nett\u00f3 t\u00f6meg: 100 g\",\"breadcrumb\":{\"@id\":\"https:\\\/\\\/mychoccy.com\\\/en\\\/product\\\/etcsokolade-jamaicai\\\/#breadcrumb\"},\"inLanguage\":\"en-US\",\"potentialAction\":[{\"@type\":\"ReadAction\",\"target\":[\"https:\\\/\\\/mychoccy.com\\\/en\\\/product\\\/etcsokolade-jamaicai\\\/\"]}]},{\"@type\":\"ImageObject\",\"inLanguage\":\"en-US\",\"@id\":\"https:\\\/\\\/mychoccy.com\\\/en\\\/product\\\/etcsokolade-jamaicai\\\/#primaryimage\",\"url\":\"https:\\\/\\\/mychoccy.com\\\/wp-content\\\/uploads\\\/2020\\\/03\\\/\u00e9tcsokol\u00e1d\u00e9-lencse-54-1.jpg\",\"contentUrl\":\"https:\\\/\\\/mychoccy.com\\\/wp-content\\\/uploads\\\/2020\\\/03\\\/\u00e9tcsokol\u00e1d\u00e9-lencse-54-1.jpg\",\"width\":1200,\"height\":880},{\"@type\":\"BreadcrumbList\",\"@id\":\"https:\\\/\\\/mychoccy.com\\\/en\\\/product\\\/etcsokolade-jamaicai\\\/#breadcrumb\",\"itemListElement\":[{\"@type\":\"ListItem\",\"position\":1,\"name\":\"Home\",\"item\":\"https:\\\/\\\/mychoccy.com\\\/en\\\/\"},{\"@type\":\"ListItem\",\"position\":2,\"name\":\"Shop\",\"item\":\"https:\\\/\\\/mychoccy.com\\\/en\\\/shop-2\\\/\"},{\"@type\":\"ListItem\",\"position\":3,\"name\":\"\u00c9tcsokol\u00e1d\u00e9 jamaicai\"}]},{\"@type\":\"WebSite\",\"@id\":\"https:\\\/\\\/mychoccy.com\\\/en\\\/#website\",\"url\":\"https:\\\/\\\/mychoccy.com\\\/en\\\/\",\"name\":\"MyChoccy\",\"description\":\"Csokol\u00e1d\u00e9 kreat\u00edvan\",\"potentialAction\":[{\"@type\":\"SearchAction\",\"target\":{\"@type\":\"EntryPoint\",\"urlTemplate\":\"https:\\\/\\\/mychoccy.com\\\/en\\\/?s={search_term_string}\"},\"query-input\":{\"@type\":\"PropertyValueSpecification\",\"valueRequired\":true,\"valueName\":\"search_term_string\"}}],\"inLanguage\":\"en-US\"}]}<\/script>\n<!-- \/ Yoast SEO plugin. -->","yoast_head_json":{"title":"\u00c9tcsokol\u00e1d\u00e9 jamaicai - MyChoccy","description":"A csokol\u00e1d\u00e9 lencse a k\u00e9s\u0151i sz\u00fcretel\u00e9s\u0171 gy\u00fcm\u00f6lcs\u00f6kre jellemz\u0151 \u00edz vil\u00e1g jegyeit hordozza, kombin\u00e1lva az arabica k\u00e1v\u00e9ra jellemz\u0151 lekerek\u00edtett jegyekkel, a h\u00e1tt\u00e9rben megjelen\u0151 p\u00f6rk\u00f6lt mandula \u00edz\u00e9vel. Kaka\u00f3 sz\u00e1razanyagtartalom: 72%  Nett\u00f3 t\u00f6meg: 100 g","robots":{"index":"index","follow":"follow","max-snippet":"max-snippet:-1","max-image-preview":"max-image-preview:large","max-video-preview":"max-video-preview:-1"},"canonical":"https:\/\/mychoccy.com\/en\/product\/etcsokolade-jamaicai\/","og_locale":"en_US","og_type":"article","og_title":"\u00c9tcsokol\u00e1d\u00e9 jamaicai - MyChoccy","og_description":"A csokol\u00e1d\u00e9 lencse a k\u00e9s\u0151i sz\u00fcretel\u00e9s\u0171 gy\u00fcm\u00f6lcs\u00f6kre jellemz\u0151 \u00edz vil\u00e1g jegyeit hordozza, kombin\u00e1lva az arabica k\u00e1v\u00e9ra jellemz\u0151 lekerek\u00edtett jegyekkel, a h\u00e1tt\u00e9rben megjelen\u0151 p\u00f6rk\u00f6lt mandula \u00edz\u00e9vel. Kaka\u00f3 sz\u00e1razanyagtartalom: 72%  Nett\u00f3 t\u00f6meg: 100 g","og_url":"https:\/\/mychoccy.com\/en\/product\/etcsokolade-jamaicai\/","og_site_name":"MyChoccy","article_modified_time":"2024-10-23T17:15:12+00:00","og_image":[{"width":1200,"height":880,"url":"https:\/\/mychoccy.com\/wp-content\/uploads\/2020\/03\/\u00e9tcsokol\u00e1d\u00e9-lencse-54-1.jpg","type":"image\/jpeg"}],"twitter_card":"summary_large_image","twitter_misc":{"Est. reading time":"1 minute"},"schema":{"@context":"https:\/\/schema.org","@graph":[{"@type":"WebPage","@id":"https:\/\/mychoccy.com\/en\/product\/etcsokolade-jamaicai\/","url":"https:\/\/mychoccy.com\/en\/product\/etcsokolade-jamaicai\/","name":"\u00c9tcsokol\u00e1d\u00e9 jamaicai - MyChoccy","isPartOf":{"@id":"https:\/\/mychoccy.com\/en\/#website"},"primaryImageOfPage":{"@id":"https:\/\/mychoccy.com\/en\/product\/etcsokolade-jamaicai\/#primaryimage"},"image":{"@id":"https:\/\/mychoccy.com\/en\/product\/etcsokolade-jamaicai\/#primaryimage"},"thumbnailUrl":"https:\/\/mychoccy.com\/wp-content\/uploads\/2020\/03\/\u00e9tcsokol\u00e1d\u00e9-lencse-54-1.jpg","datePublished":"2020-04-11T15:04:37+00:00","dateModified":"2024-10-23T17:15:12+00:00","description":"A csokol\u00e1d\u00e9 lencse a k\u00e9s\u0151i sz\u00fcretel\u00e9s\u0171 gy\u00fcm\u00f6lcs\u00f6kre jellemz\u0151 \u00edz vil\u00e1g jegyeit hordozza, kombin\u00e1lva az arabica k\u00e1v\u00e9ra jellemz\u0151 lekerek\u00edtett jegyekkel, a h\u00e1tt\u00e9rben megjelen\u0151 p\u00f6rk\u00f6lt mandula \u00edz\u00e9vel. Kaka\u00f3 sz\u00e1razanyagtartalom: 72% Nett\u00f3 t\u00f6meg: 100 g","breadcrumb":{"@id":"https:\/\/mychoccy.com\/en\/product\/etcsokolade-jamaicai\/#breadcrumb"},"inLanguage":"en-US","potentialAction":[{"@type":"ReadAction","target":["https:\/\/mychoccy.com\/en\/product\/etcsokolade-jamaicai\/"]}]},{"@type":"ImageObject","inLanguage":"en-US","@id":"https:\/\/mychoccy.com\/en\/product\/etcsokolade-jamaicai\/#primaryimage","url":"https:\/\/mychoccy.com\/wp-content\/uploads\/2020\/03\/\u00e9tcsokol\u00e1d\u00e9-lencse-54-1.jpg","contentUrl":"https:\/\/mychoccy.com\/wp-content\/uploads\/2020\/03\/\u00e9tcsokol\u00e1d\u00e9-lencse-54-1.jpg","width":1200,"height":880},{"@type":"BreadcrumbList","@id":"https:\/\/mychoccy.com\/en\/product\/etcsokolade-jamaicai\/#breadcrumb","itemListElement":[{"@type":"ListItem","position":1,"name":"Home","item":"https:\/\/mychoccy.com\/en\/"},{"@type":"ListItem","position":2,"name":"Shop","item":"https:\/\/mychoccy.com\/en\/shop-2\/"},{"@type":"ListItem","position":3,"name":"\u00c9tcsokol\u00e1d\u00e9 jamaicai"}]},{"@type":"WebSite","@id":"https:\/\/mychoccy.com\/en\/#website","url":"https:\/\/mychoccy.com\/en\/","name":"MyChoccy","description":"Csokol\u00e1d\u00e9 kreat\u00edvan","potentialAction":[{"@type":"SearchAction","target":{"@type":"EntryPoint","urlTemplate":"https:\/\/mychoccy.com\/en\/?s={search_term_string}"},"query-input":{"@type":"PropertyValueSpecification","valueRequired":true,"valueName":"search_term_string"}}],"inLanguage":"en-US"}]}},"jetpack_sharing_enabled":true,"_links":{"self":[{"href":"https:\/\/mychoccy.com\/en\/wp-json\/wp\/v2\/product\/13352","targetHints":{"allow":["GET"]}}],"collection":[{"href":"https:\/\/mychoccy.com\/en\/wp-json\/wp\/v2\/product"}],"about":[{"href":"https:\/\/mychoccy.com\/en\/wp-json\/wp\/v2\/types\/product"}],"wp:featuredmedia":[{"embeddable":true,"href":"https:\/\/mychoccy.com\/en\/wp-json\/wp\/v2\/media\/11916"}],"wp:attachment":[{"href":"https:\/\/mychoccy.com\/en\/wp-json\/wp\/v2\/media?parent=13352"}],"wp:term":[{"taxonomy":"product_brand","embeddable":true,"href":"https:\/\/mychoccy.com\/en\/wp-json\/wp\/v2\/product_brand?post=13352"},{"taxonomy":"product_cat","embeddable":true,"href":"https:\/\/mychoccy.com\/en\/wp-json\/wp\/v2\/product_cat?post=13352"},{"taxonomy":"product_tag","embeddable":true,"href":"https:\/\/mychoccy.com\/en\/wp-json\/wp\/v2\/product_tag?post=13352"}],"curies":[{"name":"wp","href":"https:\/\/api.w.org\/{rel}","templated":true}]}}