{"id":13336,"date":"2020-04-11T17:04:37","date_gmt":"2020-04-11T15:04:37","guid":{"rendered":"https:\/\/mychoccy.com\/product\/diabetikus-etcsokolade\/"},"modified":"2026-04-08T09:58:20","modified_gmt":"2026-04-08T07:58:20","slug":"diabetikus-etcsokolade","status":"publish","type":"product","link":"https:\/\/mychoccy.com\/en\/product\/diabetikus-etcsokolade\/","title":{"rendered":"Diabetikus \u00e9tcsokol\u00e1d\u00e9"},"content":{"rendered":"<p>\u00d6sszetev\u0151k: kaka\u00f3massza, maltitol, kaka\u00f3vaj, sz\u00f3jalecitin<\/p>\n<p>Allerg\u00e9nek: sz\u00f3jalecitin<\/p>\n<p>\u00c1tlagos t\u00e1p\u00e9rt\u00e9k 100g term\u00e9kben:<br \/>\nEnergia: 2134 kJ \/ 517,4 kcal<br \/>\nZs\u00edr: 41,4 g<br \/>\nAmelyb\u0151l tel\u00edtett zs\u00edrsavak: 26,1 g<br \/>\nSz\u00e9nhidr\u00e1t: 41 g<br \/>\nAmelyb\u0151l cukrok: 0,1 g<br \/>\nRost: 8,6 g<br \/>\nFeh\u00e9rje: 5,4 g<br \/>\nS\u00f3: 0,018 g<\/p>\n","protected":false},"excerpt":{"rendered":"<p>D\u00e9l- amerikai term\u0151hely ter\u00fcletr\u0151l sz\u00e1rmaz\u00f3, kellemesen l\u00e1gy, karakteres \u00edzvil\u00e1g\u00fa \u00e9tcsokol\u00e1d\u00e9.<br \/>\n\u00c9des\u00edt\u0151szer: maltitol.<br \/>\nKaka\u00f3 sz\u00e1razanyagtartalom: 63%<\/p>\n<p>Nett\u00f3 t\u00f6meg: 100 g<\/p>\n","protected":false},"featured_media":11921,"template":"","meta":{"inline_featured_image":false},"product_brand":[],"product_cat":[332],"product_tag":[299],"class_list":{"0":"post-13336","1":"product","2":"type-product","3":"status-publish","4":"has-post-thumbnail","6":"product_cat-csokoladek-es-egyeb-alapanyagok","7":"product_tag-kulonleges-csokolade","9":"first","10":"instock","11":"taxable","12":"shipping-taxable","13":"purchasable","14":"product-type-simple"},"yoast_head":"<!-- This site is optimized with the Yoast SEO plugin v27.5 - https:\/\/yoast.com\/product\/yoast-seo-wordpress\/ -->\n<title>Diabetikus \u00e9tcsokol\u00e1d\u00e9 - MyChoccy<\/title>\n<meta name=\"description\" content=\"D\u00e9l- amerikai term\u0151hely ter\u00fcletr\u0151l sz\u00e1rmaz\u00f3, kellemesen l\u00e1gy, karakteres \u00edzvil\u00e1g\u00fa \u00e9tcsokol\u00e1d\u00e9. \u00c9des\u00edt\u0151szer: maltitol. Kaka\u00f3 sz\u00e1razanyagtartalom: 63%  Nett\u00f3 t\u00f6meg: 100 g\" \/>\n<meta name=\"robots\" content=\"index, follow, max-snippet:-1, max-image-preview:large, max-video-preview:-1\" \/>\n<link rel=\"canonical\" href=\"https:\/\/mychoccy.com\/en\/product\/diabetikus-etcsokolade\/\" \/>\n<meta property=\"og:locale\" content=\"en_US\" \/>\n<meta property=\"og:type\" content=\"article\" \/>\n<meta property=\"og:title\" content=\"Diabetikus \u00e9tcsokol\u00e1d\u00e9 - MyChoccy\" \/>\n<meta property=\"og:description\" content=\"D\u00e9l- amerikai term\u0151hely ter\u00fcletr\u0151l sz\u00e1rmaz\u00f3, kellemesen l\u00e1gy, karakteres \u00edzvil\u00e1g\u00fa \u00e9tcsokol\u00e1d\u00e9. \u00c9des\u00edt\u0151szer: maltitol. Kaka\u00f3 sz\u00e1razanyagtartalom: 63%  Nett\u00f3 t\u00f6meg: 100 g\" \/>\n<meta property=\"og:url\" content=\"https:\/\/mychoccy.com\/en\/product\/diabetikus-etcsokolade\/\" \/>\n<meta property=\"og:site_name\" content=\"MyChoccy\" \/>\n<meta property=\"article:modified_time\" content=\"2026-04-08T07:58:20+00:00\" \/>\n<meta property=\"og:image\" content=\"https:\/\/mychoccy.com\/wp-content\/uploads\/2020\/03\/\u00e9tcsokol\u00e1d\u00e9-lencse-diabetikus.jpg\" \/>\n\t<meta property=\"og:image:width\" content=\"1200\" \/>\n\t<meta property=\"og:image:height\" content=\"880\" \/>\n\t<meta property=\"og:image:type\" content=\"image\/jpeg\" \/>\n<meta name=\"twitter:card\" content=\"summary_large_image\" \/>\n<meta name=\"twitter:label1\" content=\"Est. reading time\" \/>\n\t<meta name=\"twitter:data1\" content=\"1 minute\" \/>\n<script type=\"application\/ld+json\" class=\"yoast-schema-graph\">{\"@context\":\"https:\\\/\\\/schema.org\",\"@graph\":[{\"@type\":\"WebPage\",\"@id\":\"https:\\\/\\\/mychoccy.com\\\/en\\\/product\\\/diabetikus-etcsokolade\\\/\",\"url\":\"https:\\\/\\\/mychoccy.com\\\/en\\\/product\\\/diabetikus-etcsokolade\\\/\",\"name\":\"Diabetikus \u00e9tcsokol\u00e1d\u00e9 - MyChoccy\",\"isPartOf\":{\"@id\":\"https:\\\/\\\/mychoccy.com\\\/en\\\/#website\"},\"primaryImageOfPage\":{\"@id\":\"https:\\\/\\\/mychoccy.com\\\/en\\\/product\\\/diabetikus-etcsokolade\\\/#primaryimage\"},\"image\":{\"@id\":\"https:\\\/\\\/mychoccy.com\\\/en\\\/product\\\/diabetikus-etcsokolade\\\/#primaryimage\"},\"thumbnailUrl\":\"https:\\\/\\\/mychoccy.com\\\/wp-content\\\/uploads\\\/2020\\\/03\\\/\u00e9tcsokol\u00e1d\u00e9-lencse-diabetikus.jpg\",\"datePublished\":\"2020-04-11T15:04:37+00:00\",\"dateModified\":\"2026-04-08T07:58:20+00:00\",\"description\":\"D\u00e9l- amerikai term\u0151hely ter\u00fcletr\u0151l sz\u00e1rmaz\u00f3, kellemesen l\u00e1gy, karakteres \u00edzvil\u00e1g\u00fa \u00e9tcsokol\u00e1d\u00e9. \u00c9des\u00edt\u0151szer: maltitol. Kaka\u00f3 sz\u00e1razanyagtartalom: 63% Nett\u00f3 t\u00f6meg: 100 g\",\"breadcrumb\":{\"@id\":\"https:\\\/\\\/mychoccy.com\\\/en\\\/product\\\/diabetikus-etcsokolade\\\/#breadcrumb\"},\"inLanguage\":\"en-US\",\"potentialAction\":[{\"@type\":\"ReadAction\",\"target\":[\"https:\\\/\\\/mychoccy.com\\\/en\\\/product\\\/diabetikus-etcsokolade\\\/\"]}]},{\"@type\":\"ImageObject\",\"inLanguage\":\"en-US\",\"@id\":\"https:\\\/\\\/mychoccy.com\\\/en\\\/product\\\/diabetikus-etcsokolade\\\/#primaryimage\",\"url\":\"https:\\\/\\\/mychoccy.com\\\/wp-content\\\/uploads\\\/2020\\\/03\\\/\u00e9tcsokol\u00e1d\u00e9-lencse-diabetikus.jpg\",\"contentUrl\":\"https:\\\/\\\/mychoccy.com\\\/wp-content\\\/uploads\\\/2020\\\/03\\\/\u00e9tcsokol\u00e1d\u00e9-lencse-diabetikus.jpg\",\"width\":1200,\"height\":880},{\"@type\":\"BreadcrumbList\",\"@id\":\"https:\\\/\\\/mychoccy.com\\\/en\\\/product\\\/diabetikus-etcsokolade\\\/#breadcrumb\",\"itemListElement\":[{\"@type\":\"ListItem\",\"position\":1,\"name\":\"Home\",\"item\":\"https:\\\/\\\/mychoccy.com\\\/en\\\/\"},{\"@type\":\"ListItem\",\"position\":2,\"name\":\"Shop\",\"item\":\"https:\\\/\\\/mychoccy.com\\\/en\\\/shop-2\\\/\"},{\"@type\":\"ListItem\",\"position\":3,\"name\":\"Diabetikus \u00e9tcsokol\u00e1d\u00e9\"}]},{\"@type\":\"WebSite\",\"@id\":\"https:\\\/\\\/mychoccy.com\\\/en\\\/#website\",\"url\":\"https:\\\/\\\/mychoccy.com\\\/en\\\/\",\"name\":\"MyChoccy\",\"description\":\"Csokol\u00e1d\u00e9 kreat\u00edvan\",\"potentialAction\":[{\"@type\":\"SearchAction\",\"target\":{\"@type\":\"EntryPoint\",\"urlTemplate\":\"https:\\\/\\\/mychoccy.com\\\/en\\\/?s={search_term_string}\"},\"query-input\":{\"@type\":\"PropertyValueSpecification\",\"valueRequired\":true,\"valueName\":\"search_term_string\"}}],\"inLanguage\":\"en-US\"}]}<\/script>\n<!-- \/ Yoast SEO plugin. -->","yoast_head_json":{"title":"Diabetikus \u00e9tcsokol\u00e1d\u00e9 - MyChoccy","description":"D\u00e9l- amerikai term\u0151hely ter\u00fcletr\u0151l sz\u00e1rmaz\u00f3, kellemesen l\u00e1gy, karakteres \u00edzvil\u00e1g\u00fa \u00e9tcsokol\u00e1d\u00e9. \u00c9des\u00edt\u0151szer: maltitol. Kaka\u00f3 sz\u00e1razanyagtartalom: 63%  Nett\u00f3 t\u00f6meg: 100 g","robots":{"index":"index","follow":"follow","max-snippet":"max-snippet:-1","max-image-preview":"max-image-preview:large","max-video-preview":"max-video-preview:-1"},"canonical":"https:\/\/mychoccy.com\/en\/product\/diabetikus-etcsokolade\/","og_locale":"en_US","og_type":"article","og_title":"Diabetikus \u00e9tcsokol\u00e1d\u00e9 - MyChoccy","og_description":"D\u00e9l- amerikai term\u0151hely ter\u00fcletr\u0151l sz\u00e1rmaz\u00f3, kellemesen l\u00e1gy, karakteres \u00edzvil\u00e1g\u00fa \u00e9tcsokol\u00e1d\u00e9. \u00c9des\u00edt\u0151szer: maltitol. Kaka\u00f3 sz\u00e1razanyagtartalom: 63%  Nett\u00f3 t\u00f6meg: 100 g","og_url":"https:\/\/mychoccy.com\/en\/product\/diabetikus-etcsokolade\/","og_site_name":"MyChoccy","article_modified_time":"2026-04-08T07:58:20+00:00","og_image":[{"width":1200,"height":880,"url":"https:\/\/mychoccy.com\/wp-content\/uploads\/2020\/03\/\u00e9tcsokol\u00e1d\u00e9-lencse-diabetikus.jpg","type":"image\/jpeg"}],"twitter_card":"summary_large_image","twitter_misc":{"Est. reading time":"1 minute"},"schema":{"@context":"https:\/\/schema.org","@graph":[{"@type":"WebPage","@id":"https:\/\/mychoccy.com\/en\/product\/diabetikus-etcsokolade\/","url":"https:\/\/mychoccy.com\/en\/product\/diabetikus-etcsokolade\/","name":"Diabetikus \u00e9tcsokol\u00e1d\u00e9 - MyChoccy","isPartOf":{"@id":"https:\/\/mychoccy.com\/en\/#website"},"primaryImageOfPage":{"@id":"https:\/\/mychoccy.com\/en\/product\/diabetikus-etcsokolade\/#primaryimage"},"image":{"@id":"https:\/\/mychoccy.com\/en\/product\/diabetikus-etcsokolade\/#primaryimage"},"thumbnailUrl":"https:\/\/mychoccy.com\/wp-content\/uploads\/2020\/03\/\u00e9tcsokol\u00e1d\u00e9-lencse-diabetikus.jpg","datePublished":"2020-04-11T15:04:37+00:00","dateModified":"2026-04-08T07:58:20+00:00","description":"D\u00e9l- amerikai term\u0151hely ter\u00fcletr\u0151l sz\u00e1rmaz\u00f3, kellemesen l\u00e1gy, karakteres \u00edzvil\u00e1g\u00fa \u00e9tcsokol\u00e1d\u00e9. \u00c9des\u00edt\u0151szer: maltitol. Kaka\u00f3 sz\u00e1razanyagtartalom: 63% Nett\u00f3 t\u00f6meg: 100 g","breadcrumb":{"@id":"https:\/\/mychoccy.com\/en\/product\/diabetikus-etcsokolade\/#breadcrumb"},"inLanguage":"en-US","potentialAction":[{"@type":"ReadAction","target":["https:\/\/mychoccy.com\/en\/product\/diabetikus-etcsokolade\/"]}]},{"@type":"ImageObject","inLanguage":"en-US","@id":"https:\/\/mychoccy.com\/en\/product\/diabetikus-etcsokolade\/#primaryimage","url":"https:\/\/mychoccy.com\/wp-content\/uploads\/2020\/03\/\u00e9tcsokol\u00e1d\u00e9-lencse-diabetikus.jpg","contentUrl":"https:\/\/mychoccy.com\/wp-content\/uploads\/2020\/03\/\u00e9tcsokol\u00e1d\u00e9-lencse-diabetikus.jpg","width":1200,"height":880},{"@type":"BreadcrumbList","@id":"https:\/\/mychoccy.com\/en\/product\/diabetikus-etcsokolade\/#breadcrumb","itemListElement":[{"@type":"ListItem","position":1,"name":"Home","item":"https:\/\/mychoccy.com\/en\/"},{"@type":"ListItem","position":2,"name":"Shop","item":"https:\/\/mychoccy.com\/en\/shop-2\/"},{"@type":"ListItem","position":3,"name":"Diabetikus \u00e9tcsokol\u00e1d\u00e9"}]},{"@type":"WebSite","@id":"https:\/\/mychoccy.com\/en\/#website","url":"https:\/\/mychoccy.com\/en\/","name":"MyChoccy","description":"Csokol\u00e1d\u00e9 kreat\u00edvan","potentialAction":[{"@type":"SearchAction","target":{"@type":"EntryPoint","urlTemplate":"https:\/\/mychoccy.com\/en\/?s={search_term_string}"},"query-input":{"@type":"PropertyValueSpecification","valueRequired":true,"valueName":"search_term_string"}}],"inLanguage":"en-US"}]}},"jetpack_sharing_enabled":true,"_links":{"self":[{"href":"https:\/\/mychoccy.com\/en\/wp-json\/wp\/v2\/product\/13336","targetHints":{"allow":["GET"]}}],"collection":[{"href":"https:\/\/mychoccy.com\/en\/wp-json\/wp\/v2\/product"}],"about":[{"href":"https:\/\/mychoccy.com\/en\/wp-json\/wp\/v2\/types\/product"}],"wp:featuredmedia":[{"embeddable":true,"href":"https:\/\/mychoccy.com\/en\/wp-json\/wp\/v2\/media\/11921"}],"wp:attachment":[{"href":"https:\/\/mychoccy.com\/en\/wp-json\/wp\/v2\/media?parent=13336"}],"wp:term":[{"taxonomy":"product_brand","embeddable":true,"href":"https:\/\/mychoccy.com\/en\/wp-json\/wp\/v2\/product_brand?post=13336"},{"taxonomy":"product_cat","embeddable":true,"href":"https:\/\/mychoccy.com\/en\/wp-json\/wp\/v2\/product_cat?post=13336"},{"taxonomy":"product_tag","embeddable":true,"href":"https:\/\/mychoccy.com\/en\/wp-json\/wp\/v2\/product_tag?post=13336"}],"curies":[{"name":"wp","href":"https:\/\/api.w.org\/{rel}","templated":true}]}}