{"id":13332,"date":"2020-04-11T17:04:34","date_gmt":"2020-04-11T15:04:34","guid":{"rendered":"https:\/\/mychoccy.com\/product\/marcipanos-szilva-etcsokoladeban\/"},"modified":"2023-12-08T13:01:35","modified_gmt":"2023-12-08T12:01:35","slug":"marcipanos-szilva-etcsokoladeban","status":"publish","type":"product","link":"https:\/\/mychoccy.com\/en\/product\/marcipanos-szilva-etcsokoladeban\/","title":{"rendered":"Marcip\u00e1nos szilva \u00e9tcsokol\u00e1d\u00e9ban"},"content":{"rendered":"<p>\u00d6sszetev\u0151k: <a href=\"https:\/\/mychoccy.com\/product\/etcsokolade-545-1000g\/\" target=\"_blank\" rel=\"noopener noreferrer\">\u00c9tcsokol\u00e1d\u00e9 54,5%<\/a>, fah\u00e9j, marcip\u00e1n, <a href=\"https:\/\/mychoccy.com\/product\/aszalt-szilva\/\" target=\"_blank\" rel=\"noopener noreferrer\">Aszalt szilva<\/a>, szilvap\u00e1linka<\/p>\n<p>Allerg\u00e9nek: sz\u00f3jalecitin, marcip\u00e1n<\/p>\n","protected":false},"excerpt":{"rendered":"<p>Val\u00f3di hungaricum. Egy puha, l\u00e1gy, aszalt szilva marcip\u00e1nos szilvap\u00e1link\u00e1s t\u00f6ltel\u00e9kkel, melyet \u00e9tcsokol\u00e1d\u00e9ba m\u00e1rtottunk, \u00e9s egy csipetnyi fah\u00e9jjal f\u0171szerezt\u00fcnk. K\u00e9zzel k\u00e9sz\u00fclt term\u00e9k.<\/p>\n<p>Alkoholt tartalmaz.<\/p>\n<p>Nett\u00f3 t\u00f6meg: 110 g<\/p>\n","protected":false},"featured_media":12764,"template":"","meta":{"inline_featured_image":false},"product_brand":[],"product_cat":[311],"product_tag":[314,184,313,317],"class_list":{"0":"post-13332","1":"product","2":"type-product","3":"status-publish","4":"has-post-thumbnail","6":"product_cat-martott-gyumolcsok","7":"product_tag-alkohol","8":"product_tag-etcsokolade","9":"product_tag-gyumolcs","10":"product_tag-marcipan","12":"first","13":"outofstock","14":"taxable","15":"shipping-taxable","16":"purchasable","17":"product-type-simple"},"yoast_head":"<!-- This site is optimized with the Yoast SEO plugin v27.5 - https:\/\/yoast.com\/product\/yoast-seo-wordpress\/ -->\n<title>Marcip\u00e1nos szilva \u00e9tcsokol\u00e1d\u00e9ban - MyChoccy<\/title>\n<meta name=\"description\" content=\"Val\u00f3di hungaricum. Egy puha, l\u00e1gy, aszalt szilva marcip\u00e1nos szilvap\u00e1link\u00e1s t\u00f6ltel\u00e9kkel, melyet \u00e9tcsokol\u00e1d\u00e9ba m\u00e1rtottunk, \u00e9s egy csipetnyi fah\u00e9jjal f\u0171szerezt\u00fcnk. K\u00e9zzel k\u00e9sz\u00fclt term\u00e9k.  Alkoholt tartalmaz.  Nett\u00f3 t\u00f6meg: 110 g\" \/>\n<meta name=\"robots\" content=\"index, follow, max-snippet:-1, max-image-preview:large, max-video-preview:-1\" \/>\n<link rel=\"canonical\" href=\"https:\/\/mychoccy.com\/en\/product\/marcipanos-szilva-etcsokoladeban\/\" \/>\n<meta property=\"og:locale\" content=\"en_US\" \/>\n<meta property=\"og:type\" content=\"article\" \/>\n<meta property=\"og:title\" content=\"Marcip\u00e1nos szilva \u00e9tcsokol\u00e1d\u00e9ban - MyChoccy\" \/>\n<meta property=\"og:description\" content=\"Val\u00f3di hungaricum. Egy puha, l\u00e1gy, aszalt szilva marcip\u00e1nos szilvap\u00e1link\u00e1s t\u00f6ltel\u00e9kkel, melyet \u00e9tcsokol\u00e1d\u00e9ba m\u00e1rtottunk, \u00e9s egy csipetnyi fah\u00e9jjal f\u0171szerezt\u00fcnk. K\u00e9zzel k\u00e9sz\u00fclt term\u00e9k.  Alkoholt tartalmaz.  Nett\u00f3 t\u00f6meg: 110 g\" \/>\n<meta property=\"og:url\" content=\"https:\/\/mychoccy.com\/en\/product\/marcipanos-szilva-etcsokoladeban\/\" \/>\n<meta property=\"og:site_name\" content=\"MyChoccy\" \/>\n<meta property=\"article:modified_time\" content=\"2023-12-08T12:01:35+00:00\" \/>\n<meta property=\"og:image\" content=\"https:\/\/mychoccy.com\/wp-content\/uploads\/2020\/04\/\u00e9tcsokol\u00e1d\u00e9s-p\u00e1link\u00e1s-marcip\u00e1nos-szilva.jpg\" \/>\n\t<meta property=\"og:image:width\" content=\"1200\" \/>\n\t<meta property=\"og:image:height\" content=\"880\" \/>\n\t<meta property=\"og:image:type\" content=\"image\/jpeg\" \/>\n<meta name=\"twitter:card\" content=\"summary_large_image\" \/>\n<script type=\"application\/ld+json\" class=\"yoast-schema-graph\">{\"@context\":\"https:\\\/\\\/schema.org\",\"@graph\":[{\"@type\":\"WebPage\",\"@id\":\"https:\\\/\\\/mychoccy.com\\\/en\\\/product\\\/marcipanos-szilva-etcsokoladeban\\\/\",\"url\":\"https:\\\/\\\/mychoccy.com\\\/en\\\/product\\\/marcipanos-szilva-etcsokoladeban\\\/\",\"name\":\"Marcip\u00e1nos szilva \u00e9tcsokol\u00e1d\u00e9ban - MyChoccy\",\"isPartOf\":{\"@id\":\"https:\\\/\\\/mychoccy.com\\\/en\\\/#website\"},\"primaryImageOfPage\":{\"@id\":\"https:\\\/\\\/mychoccy.com\\\/en\\\/product\\\/marcipanos-szilva-etcsokoladeban\\\/#primaryimage\"},\"image\":{\"@id\":\"https:\\\/\\\/mychoccy.com\\\/en\\\/product\\\/marcipanos-szilva-etcsokoladeban\\\/#primaryimage\"},\"thumbnailUrl\":\"https:\\\/\\\/mychoccy.com\\\/wp-content\\\/uploads\\\/2020\\\/04\\\/\u00e9tcsokol\u00e1d\u00e9s-p\u00e1link\u00e1s-marcip\u00e1nos-szilva.jpg\",\"datePublished\":\"2020-04-11T15:04:34+00:00\",\"dateModified\":\"2023-12-08T12:01:35+00:00\",\"description\":\"Val\u00f3di hungaricum. Egy puha, l\u00e1gy, aszalt szilva marcip\u00e1nos szilvap\u00e1link\u00e1s t\u00f6ltel\u00e9kkel, melyet \u00e9tcsokol\u00e1d\u00e9ba m\u00e1rtottunk, \u00e9s egy csipetnyi fah\u00e9jjal f\u0171szerezt\u00fcnk. K\u00e9zzel k\u00e9sz\u00fclt term\u00e9k. Alkoholt tartalmaz. Nett\u00f3 t\u00f6meg: 110 g\",\"breadcrumb\":{\"@id\":\"https:\\\/\\\/mychoccy.com\\\/en\\\/product\\\/marcipanos-szilva-etcsokoladeban\\\/#breadcrumb\"},\"inLanguage\":\"en-US\",\"potentialAction\":[{\"@type\":\"ReadAction\",\"target\":[\"https:\\\/\\\/mychoccy.com\\\/en\\\/product\\\/marcipanos-szilva-etcsokoladeban\\\/\"]}]},{\"@type\":\"ImageObject\",\"inLanguage\":\"en-US\",\"@id\":\"https:\\\/\\\/mychoccy.com\\\/en\\\/product\\\/marcipanos-szilva-etcsokoladeban\\\/#primaryimage\",\"url\":\"https:\\\/\\\/mychoccy.com\\\/wp-content\\\/uploads\\\/2020\\\/04\\\/\u00e9tcsokol\u00e1d\u00e9s-p\u00e1link\u00e1s-marcip\u00e1nos-szilva.jpg\",\"contentUrl\":\"https:\\\/\\\/mychoccy.com\\\/wp-content\\\/uploads\\\/2020\\\/04\\\/\u00e9tcsokol\u00e1d\u00e9s-p\u00e1link\u00e1s-marcip\u00e1nos-szilva.jpg\",\"width\":1200,\"height\":880},{\"@type\":\"BreadcrumbList\",\"@id\":\"https:\\\/\\\/mychoccy.com\\\/en\\\/product\\\/marcipanos-szilva-etcsokoladeban\\\/#breadcrumb\",\"itemListElement\":[{\"@type\":\"ListItem\",\"position\":1,\"name\":\"Home\",\"item\":\"https:\\\/\\\/mychoccy.com\\\/en\\\/\"},{\"@type\":\"ListItem\",\"position\":2,\"name\":\"Shop\",\"item\":\"https:\\\/\\\/mychoccy.com\\\/en\\\/shop-2\\\/\"},{\"@type\":\"ListItem\",\"position\":3,\"name\":\"Marcip\u00e1nos szilva \u00e9tcsokol\u00e1d\u00e9ban\"}]},{\"@type\":\"WebSite\",\"@id\":\"https:\\\/\\\/mychoccy.com\\\/en\\\/#website\",\"url\":\"https:\\\/\\\/mychoccy.com\\\/en\\\/\",\"name\":\"MyChoccy\",\"description\":\"Csokol\u00e1d\u00e9 kreat\u00edvan\",\"potentialAction\":[{\"@type\":\"SearchAction\",\"target\":{\"@type\":\"EntryPoint\",\"urlTemplate\":\"https:\\\/\\\/mychoccy.com\\\/en\\\/?s={search_term_string}\"},\"query-input\":{\"@type\":\"PropertyValueSpecification\",\"valueRequired\":true,\"valueName\":\"search_term_string\"}}],\"inLanguage\":\"en-US\"}]}<\/script>\n<!-- \/ Yoast SEO plugin. -->","yoast_head_json":{"title":"Marcip\u00e1nos szilva \u00e9tcsokol\u00e1d\u00e9ban - MyChoccy","description":"Val\u00f3di hungaricum. Egy puha, l\u00e1gy, aszalt szilva marcip\u00e1nos szilvap\u00e1link\u00e1s t\u00f6ltel\u00e9kkel, melyet \u00e9tcsokol\u00e1d\u00e9ba m\u00e1rtottunk, \u00e9s egy csipetnyi fah\u00e9jjal f\u0171szerezt\u00fcnk. K\u00e9zzel k\u00e9sz\u00fclt term\u00e9k.  Alkoholt tartalmaz.  Nett\u00f3 t\u00f6meg: 110 g","robots":{"index":"index","follow":"follow","max-snippet":"max-snippet:-1","max-image-preview":"max-image-preview:large","max-video-preview":"max-video-preview:-1"},"canonical":"https:\/\/mychoccy.com\/en\/product\/marcipanos-szilva-etcsokoladeban\/","og_locale":"en_US","og_type":"article","og_title":"Marcip\u00e1nos szilva \u00e9tcsokol\u00e1d\u00e9ban - MyChoccy","og_description":"Val\u00f3di hungaricum. Egy puha, l\u00e1gy, aszalt szilva marcip\u00e1nos szilvap\u00e1link\u00e1s t\u00f6ltel\u00e9kkel, melyet \u00e9tcsokol\u00e1d\u00e9ba m\u00e1rtottunk, \u00e9s egy csipetnyi fah\u00e9jjal f\u0171szerezt\u00fcnk. K\u00e9zzel k\u00e9sz\u00fclt term\u00e9k.  Alkoholt tartalmaz.  Nett\u00f3 t\u00f6meg: 110 g","og_url":"https:\/\/mychoccy.com\/en\/product\/marcipanos-szilva-etcsokoladeban\/","og_site_name":"MyChoccy","article_modified_time":"2023-12-08T12:01:35+00:00","og_image":[{"width":1200,"height":880,"url":"https:\/\/mychoccy.com\/wp-content\/uploads\/2020\/04\/\u00e9tcsokol\u00e1d\u00e9s-p\u00e1link\u00e1s-marcip\u00e1nos-szilva.jpg","type":"image\/jpeg"}],"twitter_card":"summary_large_image","schema":{"@context":"https:\/\/schema.org","@graph":[{"@type":"WebPage","@id":"https:\/\/mychoccy.com\/en\/product\/marcipanos-szilva-etcsokoladeban\/","url":"https:\/\/mychoccy.com\/en\/product\/marcipanos-szilva-etcsokoladeban\/","name":"Marcip\u00e1nos szilva \u00e9tcsokol\u00e1d\u00e9ban - MyChoccy","isPartOf":{"@id":"https:\/\/mychoccy.com\/en\/#website"},"primaryImageOfPage":{"@id":"https:\/\/mychoccy.com\/en\/product\/marcipanos-szilva-etcsokoladeban\/#primaryimage"},"image":{"@id":"https:\/\/mychoccy.com\/en\/product\/marcipanos-szilva-etcsokoladeban\/#primaryimage"},"thumbnailUrl":"https:\/\/mychoccy.com\/wp-content\/uploads\/2020\/04\/\u00e9tcsokol\u00e1d\u00e9s-p\u00e1link\u00e1s-marcip\u00e1nos-szilva.jpg","datePublished":"2020-04-11T15:04:34+00:00","dateModified":"2023-12-08T12:01:35+00:00","description":"Val\u00f3di hungaricum. Egy puha, l\u00e1gy, aszalt szilva marcip\u00e1nos szilvap\u00e1link\u00e1s t\u00f6ltel\u00e9kkel, melyet \u00e9tcsokol\u00e1d\u00e9ba m\u00e1rtottunk, \u00e9s egy csipetnyi fah\u00e9jjal f\u0171szerezt\u00fcnk. K\u00e9zzel k\u00e9sz\u00fclt term\u00e9k. Alkoholt tartalmaz. Nett\u00f3 t\u00f6meg: 110 g","breadcrumb":{"@id":"https:\/\/mychoccy.com\/en\/product\/marcipanos-szilva-etcsokoladeban\/#breadcrumb"},"inLanguage":"en-US","potentialAction":[{"@type":"ReadAction","target":["https:\/\/mychoccy.com\/en\/product\/marcipanos-szilva-etcsokoladeban\/"]}]},{"@type":"ImageObject","inLanguage":"en-US","@id":"https:\/\/mychoccy.com\/en\/product\/marcipanos-szilva-etcsokoladeban\/#primaryimage","url":"https:\/\/mychoccy.com\/wp-content\/uploads\/2020\/04\/\u00e9tcsokol\u00e1d\u00e9s-p\u00e1link\u00e1s-marcip\u00e1nos-szilva.jpg","contentUrl":"https:\/\/mychoccy.com\/wp-content\/uploads\/2020\/04\/\u00e9tcsokol\u00e1d\u00e9s-p\u00e1link\u00e1s-marcip\u00e1nos-szilva.jpg","width":1200,"height":880},{"@type":"BreadcrumbList","@id":"https:\/\/mychoccy.com\/en\/product\/marcipanos-szilva-etcsokoladeban\/#breadcrumb","itemListElement":[{"@type":"ListItem","position":1,"name":"Home","item":"https:\/\/mychoccy.com\/en\/"},{"@type":"ListItem","position":2,"name":"Shop","item":"https:\/\/mychoccy.com\/en\/shop-2\/"},{"@type":"ListItem","position":3,"name":"Marcip\u00e1nos szilva \u00e9tcsokol\u00e1d\u00e9ban"}]},{"@type":"WebSite","@id":"https:\/\/mychoccy.com\/en\/#website","url":"https:\/\/mychoccy.com\/en\/","name":"MyChoccy","description":"Csokol\u00e1d\u00e9 kreat\u00edvan","potentialAction":[{"@type":"SearchAction","target":{"@type":"EntryPoint","urlTemplate":"https:\/\/mychoccy.com\/en\/?s={search_term_string}"},"query-input":{"@type":"PropertyValueSpecification","valueRequired":true,"valueName":"search_term_string"}}],"inLanguage":"en-US"}]}},"jetpack_sharing_enabled":true,"_links":{"self":[{"href":"https:\/\/mychoccy.com\/en\/wp-json\/wp\/v2\/product\/13332","targetHints":{"allow":["GET"]}}],"collection":[{"href":"https:\/\/mychoccy.com\/en\/wp-json\/wp\/v2\/product"}],"about":[{"href":"https:\/\/mychoccy.com\/en\/wp-json\/wp\/v2\/types\/product"}],"wp:featuredmedia":[{"embeddable":true,"href":"https:\/\/mychoccy.com\/en\/wp-json\/wp\/v2\/media\/12764"}],"wp:attachment":[{"href":"https:\/\/mychoccy.com\/en\/wp-json\/wp\/v2\/media?parent=13332"}],"wp:term":[{"taxonomy":"product_brand","embeddable":true,"href":"https:\/\/mychoccy.com\/en\/wp-json\/wp\/v2\/product_brand?post=13332"},{"taxonomy":"product_cat","embeddable":true,"href":"https:\/\/mychoccy.com\/en\/wp-json\/wp\/v2\/product_cat?post=13332"},{"taxonomy":"product_tag","embeddable":true,"href":"https:\/\/mychoccy.com\/en\/wp-json\/wp\/v2\/product_tag?post=13332"}],"curies":[{"name":"wp","href":"https:\/\/api.w.org\/{rel}","templated":true}]}}