{"id":13326,"date":"2020-04-11T17:04:34","date_gmt":"2020-04-11T15:04:34","guid":{"rendered":"https:\/\/mychoccy.com\/product\/etcsokolades-kandirozott-gyomber\/"},"modified":"2023-12-08T13:02:08","modified_gmt":"2023-12-08T12:02:08","slug":"etcsokolades-kandirozott-gyomber","status":"publish","type":"product","link":"https:\/\/mychoccy.com\/en\/product\/etcsokolades-kandirozott-gyomber\/","title":{"rendered":"\u00c9tcsokol\u00e1d\u00e9s kand\u00edrozott gy\u00f6mb\u00e9r"},"content":{"rendered":"<p>\u00d6sszetev\u0151k:<a href=\"https:\/\/mychoccy.com\/product\/etcsokolade-545-1000g\/\" target=\"_blank\" rel=\"noopener noreferrer\">\u00c9tcsokol\u00e1d\u00e9 54,5%<\/a>,\u00a0<a href=\"https:\/\/mychoccy.com\/product\/kandirozott-gyomber\/\" target=\"_blank\" rel=\"noopener noreferrer\">Kand\u00edrozott gy\u00f6mb\u00e9r<\/a><\/p>\n<p>Allerg\u00e9nek: sz\u00f3jalecitin, k\u00e9n-dioxid<\/p>\n","protected":false},"excerpt":{"rendered":"<p>A karakteres kand\u00edrozott gy\u00f6mb\u00e9r \u00e9s a keserny\u00e9s \u00e9tcsokol\u00e1d\u00e9 fantasztikus p\u00e1ros\u00edt\u00e1sa. K\u00e9zzel k\u00e9sz\u00fclt term\u00e9k.<\/p>\n<p>Nett\u00f3 t\u00f6meg: 130 g<\/p>\n","protected":false},"featured_media":14705,"template":"","meta":{"inline_featured_image":false},"product_brand":[],"product_cat":[311],"product_tag":[184,315],"class_list":{"0":"post-13326","1":"product","2":"type-product","3":"status-publish","4":"has-post-thumbnail","6":"product_cat-martott-gyumolcsok","7":"product_tag-etcsokolade","8":"product_tag-fuszer","10":"first","11":"outofstock","12":"taxable","13":"shipping-taxable","14":"purchasable","15":"product-type-simple"},"yoast_head":"<!-- This site is optimized with the Yoast SEO plugin v27.4 - https:\/\/yoast.com\/product\/yoast-seo-wordpress\/ -->\n<title>\u00c9tcsokol\u00e1d\u00e9s kand\u00edrozott gy\u00f6mb\u00e9r - MyChoccy<\/title>\n<meta name=\"description\" content=\"A karakteres kand\u00edrozott gy\u00f6mb\u00e9r \u00e9s a keserny\u00e9s \u00e9tcsokol\u00e1d\u00e9 fantasztikus p\u00e1ros\u00edt\u00e1sa. K\u00e9zzel k\u00e9sz\u00fclt term\u00e9k.  Nett\u00f3 t\u00f6meg: 130 g\" \/>\n<meta name=\"robots\" content=\"index, follow, max-snippet:-1, max-image-preview:large, max-video-preview:-1\" \/>\n<link rel=\"canonical\" href=\"https:\/\/mychoccy.com\/en\/product\/etcsokolades-kandirozott-gyomber\/\" \/>\n<meta property=\"og:locale\" content=\"en_US\" \/>\n<meta property=\"og:type\" content=\"article\" \/>\n<meta property=\"og:title\" content=\"\u00c9tcsokol\u00e1d\u00e9s kand\u00edrozott gy\u00f6mb\u00e9r - MyChoccy\" \/>\n<meta property=\"og:description\" content=\"A karakteres kand\u00edrozott gy\u00f6mb\u00e9r \u00e9s a keserny\u00e9s \u00e9tcsokol\u00e1d\u00e9 fantasztikus p\u00e1ros\u00edt\u00e1sa. K\u00e9zzel k\u00e9sz\u00fclt term\u00e9k.  Nett\u00f3 t\u00f6meg: 130 g\" \/>\n<meta property=\"og:url\" content=\"https:\/\/mychoccy.com\/en\/product\/etcsokolades-kandirozott-gyomber\/\" \/>\n<meta property=\"og:site_name\" content=\"MyChoccy\" \/>\n<meta property=\"article:modified_time\" content=\"2023-12-08T12:02:08+00:00\" \/>\n<meta property=\"og:image\" content=\"https:\/\/mychoccy.com\/wp-content\/uploads\/2021\/02\/IMG_1737-scaled.jpg\" \/>\n\t<meta property=\"og:image:width\" content=\"2560\" \/>\n\t<meta property=\"og:image:height\" content=\"1707\" \/>\n\t<meta property=\"og:image:type\" content=\"image\/jpeg\" \/>\n<meta name=\"twitter:card\" content=\"summary_large_image\" \/>\n<script type=\"application\/ld+json\" class=\"yoast-schema-graph\">{\"@context\":\"https:\\\/\\\/schema.org\",\"@graph\":[{\"@type\":\"WebPage\",\"@id\":\"https:\\\/\\\/mychoccy.com\\\/en\\\/product\\\/etcsokolades-kandirozott-gyomber\\\/\",\"url\":\"https:\\\/\\\/mychoccy.com\\\/en\\\/product\\\/etcsokolades-kandirozott-gyomber\\\/\",\"name\":\"\u00c9tcsokol\u00e1d\u00e9s kand\u00edrozott gy\u00f6mb\u00e9r - MyChoccy\",\"isPartOf\":{\"@id\":\"https:\\\/\\\/mychoccy.com\\\/en\\\/#website\"},\"primaryImageOfPage\":{\"@id\":\"https:\\\/\\\/mychoccy.com\\\/en\\\/product\\\/etcsokolades-kandirozott-gyomber\\\/#primaryimage\"},\"image\":{\"@id\":\"https:\\\/\\\/mychoccy.com\\\/en\\\/product\\\/etcsokolades-kandirozott-gyomber\\\/#primaryimage\"},\"thumbnailUrl\":\"https:\\\/\\\/mychoccy.com\\\/wp-content\\\/uploads\\\/2021\\\/02\\\/IMG_1737-scaled.jpg\",\"datePublished\":\"2020-04-11T15:04:34+00:00\",\"dateModified\":\"2023-12-08T12:02:08+00:00\",\"description\":\"A karakteres kand\u00edrozott gy\u00f6mb\u00e9r \u00e9s a keserny\u00e9s \u00e9tcsokol\u00e1d\u00e9 fantasztikus p\u00e1ros\u00edt\u00e1sa. K\u00e9zzel k\u00e9sz\u00fclt term\u00e9k. Nett\u00f3 t\u00f6meg: 130 g\",\"breadcrumb\":{\"@id\":\"https:\\\/\\\/mychoccy.com\\\/en\\\/product\\\/etcsokolades-kandirozott-gyomber\\\/#breadcrumb\"},\"inLanguage\":\"en-US\",\"potentialAction\":[{\"@type\":\"ReadAction\",\"target\":[\"https:\\\/\\\/mychoccy.com\\\/en\\\/product\\\/etcsokolades-kandirozott-gyomber\\\/\"]}]},{\"@type\":\"ImageObject\",\"inLanguage\":\"en-US\",\"@id\":\"https:\\\/\\\/mychoccy.com\\\/en\\\/product\\\/etcsokolades-kandirozott-gyomber\\\/#primaryimage\",\"url\":\"https:\\\/\\\/mychoccy.com\\\/wp-content\\\/uploads\\\/2021\\\/02\\\/IMG_1737-scaled.jpg\",\"contentUrl\":\"https:\\\/\\\/mychoccy.com\\\/wp-content\\\/uploads\\\/2021\\\/02\\\/IMG_1737-scaled.jpg\",\"width\":2560,\"height\":1707},{\"@type\":\"BreadcrumbList\",\"@id\":\"https:\\\/\\\/mychoccy.com\\\/en\\\/product\\\/etcsokolades-kandirozott-gyomber\\\/#breadcrumb\",\"itemListElement\":[{\"@type\":\"ListItem\",\"position\":1,\"name\":\"Home\",\"item\":\"https:\\\/\\\/mychoccy.com\\\/en\\\/\"},{\"@type\":\"ListItem\",\"position\":2,\"name\":\"Shop\",\"item\":\"https:\\\/\\\/mychoccy.com\\\/en\\\/shop-2\\\/\"},{\"@type\":\"ListItem\",\"position\":3,\"name\":\"\u00c9tcsokol\u00e1d\u00e9s kand\u00edrozott gy\u00f6mb\u00e9r\"}]},{\"@type\":\"WebSite\",\"@id\":\"https:\\\/\\\/mychoccy.com\\\/en\\\/#website\",\"url\":\"https:\\\/\\\/mychoccy.com\\\/en\\\/\",\"name\":\"MyChoccy\",\"description\":\"Csokol\u00e1d\u00e9 kreat\u00edvan\",\"potentialAction\":[{\"@type\":\"SearchAction\",\"target\":{\"@type\":\"EntryPoint\",\"urlTemplate\":\"https:\\\/\\\/mychoccy.com\\\/en\\\/?s={search_term_string}\"},\"query-input\":{\"@type\":\"PropertyValueSpecification\",\"valueRequired\":true,\"valueName\":\"search_term_string\"}}],\"inLanguage\":\"en-US\"}]}<\/script>\n<!-- \/ Yoast SEO plugin. -->","yoast_head_json":{"title":"\u00c9tcsokol\u00e1d\u00e9s kand\u00edrozott gy\u00f6mb\u00e9r - MyChoccy","description":"A karakteres kand\u00edrozott gy\u00f6mb\u00e9r \u00e9s a keserny\u00e9s \u00e9tcsokol\u00e1d\u00e9 fantasztikus p\u00e1ros\u00edt\u00e1sa. K\u00e9zzel k\u00e9sz\u00fclt term\u00e9k.  Nett\u00f3 t\u00f6meg: 130 g","robots":{"index":"index","follow":"follow","max-snippet":"max-snippet:-1","max-image-preview":"max-image-preview:large","max-video-preview":"max-video-preview:-1"},"canonical":"https:\/\/mychoccy.com\/en\/product\/etcsokolades-kandirozott-gyomber\/","og_locale":"en_US","og_type":"article","og_title":"\u00c9tcsokol\u00e1d\u00e9s kand\u00edrozott gy\u00f6mb\u00e9r - MyChoccy","og_description":"A karakteres kand\u00edrozott gy\u00f6mb\u00e9r \u00e9s a keserny\u00e9s \u00e9tcsokol\u00e1d\u00e9 fantasztikus p\u00e1ros\u00edt\u00e1sa. K\u00e9zzel k\u00e9sz\u00fclt term\u00e9k.  Nett\u00f3 t\u00f6meg: 130 g","og_url":"https:\/\/mychoccy.com\/en\/product\/etcsokolades-kandirozott-gyomber\/","og_site_name":"MyChoccy","article_modified_time":"2023-12-08T12:02:08+00:00","og_image":[{"width":2560,"height":1707,"url":"https:\/\/mychoccy.com\/wp-content\/uploads\/2021\/02\/IMG_1737-scaled.jpg","type":"image\/jpeg"}],"twitter_card":"summary_large_image","schema":{"@context":"https:\/\/schema.org","@graph":[{"@type":"WebPage","@id":"https:\/\/mychoccy.com\/en\/product\/etcsokolades-kandirozott-gyomber\/","url":"https:\/\/mychoccy.com\/en\/product\/etcsokolades-kandirozott-gyomber\/","name":"\u00c9tcsokol\u00e1d\u00e9s kand\u00edrozott gy\u00f6mb\u00e9r - MyChoccy","isPartOf":{"@id":"https:\/\/mychoccy.com\/en\/#website"},"primaryImageOfPage":{"@id":"https:\/\/mychoccy.com\/en\/product\/etcsokolades-kandirozott-gyomber\/#primaryimage"},"image":{"@id":"https:\/\/mychoccy.com\/en\/product\/etcsokolades-kandirozott-gyomber\/#primaryimage"},"thumbnailUrl":"https:\/\/mychoccy.com\/wp-content\/uploads\/2021\/02\/IMG_1737-scaled.jpg","datePublished":"2020-04-11T15:04:34+00:00","dateModified":"2023-12-08T12:02:08+00:00","description":"A karakteres kand\u00edrozott gy\u00f6mb\u00e9r \u00e9s a keserny\u00e9s \u00e9tcsokol\u00e1d\u00e9 fantasztikus p\u00e1ros\u00edt\u00e1sa. K\u00e9zzel k\u00e9sz\u00fclt term\u00e9k. Nett\u00f3 t\u00f6meg: 130 g","breadcrumb":{"@id":"https:\/\/mychoccy.com\/en\/product\/etcsokolades-kandirozott-gyomber\/#breadcrumb"},"inLanguage":"en-US","potentialAction":[{"@type":"ReadAction","target":["https:\/\/mychoccy.com\/en\/product\/etcsokolades-kandirozott-gyomber\/"]}]},{"@type":"ImageObject","inLanguage":"en-US","@id":"https:\/\/mychoccy.com\/en\/product\/etcsokolades-kandirozott-gyomber\/#primaryimage","url":"https:\/\/mychoccy.com\/wp-content\/uploads\/2021\/02\/IMG_1737-scaled.jpg","contentUrl":"https:\/\/mychoccy.com\/wp-content\/uploads\/2021\/02\/IMG_1737-scaled.jpg","width":2560,"height":1707},{"@type":"BreadcrumbList","@id":"https:\/\/mychoccy.com\/en\/product\/etcsokolades-kandirozott-gyomber\/#breadcrumb","itemListElement":[{"@type":"ListItem","position":1,"name":"Home","item":"https:\/\/mychoccy.com\/en\/"},{"@type":"ListItem","position":2,"name":"Shop","item":"https:\/\/mychoccy.com\/en\/shop-2\/"},{"@type":"ListItem","position":3,"name":"\u00c9tcsokol\u00e1d\u00e9s kand\u00edrozott gy\u00f6mb\u00e9r"}]},{"@type":"WebSite","@id":"https:\/\/mychoccy.com\/en\/#website","url":"https:\/\/mychoccy.com\/en\/","name":"MyChoccy","description":"Csokol\u00e1d\u00e9 kreat\u00edvan","potentialAction":[{"@type":"SearchAction","target":{"@type":"EntryPoint","urlTemplate":"https:\/\/mychoccy.com\/en\/?s={search_term_string}"},"query-input":{"@type":"PropertyValueSpecification","valueRequired":true,"valueName":"search_term_string"}}],"inLanguage":"en-US"}]}},"jetpack_sharing_enabled":true,"_links":{"self":[{"href":"https:\/\/mychoccy.com\/en\/wp-json\/wp\/v2\/product\/13326","targetHints":{"allow":["GET"]}}],"collection":[{"href":"https:\/\/mychoccy.com\/en\/wp-json\/wp\/v2\/product"}],"about":[{"href":"https:\/\/mychoccy.com\/en\/wp-json\/wp\/v2\/types\/product"}],"wp:featuredmedia":[{"embeddable":true,"href":"https:\/\/mychoccy.com\/en\/wp-json\/wp\/v2\/media\/14705"}],"wp:attachment":[{"href":"https:\/\/mychoccy.com\/en\/wp-json\/wp\/v2\/media?parent=13326"}],"wp:term":[{"taxonomy":"product_brand","embeddable":true,"href":"https:\/\/mychoccy.com\/en\/wp-json\/wp\/v2\/product_brand?post=13326"},{"taxonomy":"product_cat","embeddable":true,"href":"https:\/\/mychoccy.com\/en\/wp-json\/wp\/v2\/product_cat?post=13326"},{"taxonomy":"product_tag","embeddable":true,"href":"https:\/\/mychoccy.com\/en\/wp-json\/wp\/v2\/product_tag?post=13326"}],"curies":[{"name":"wp","href":"https:\/\/api.w.org\/{rel}","templated":true}]}}