{"id":13298,"date":"2020-04-11T17:04:31","date_gmt":"2020-04-11T15:04:31","guid":{"rendered":"https:\/\/mychoccy.com\/product\/mogyoro-baileys-pipettas-truffel\/"},"modified":"2025-09-12T11:29:48","modified_gmt":"2025-09-12T09:29:48","slug":"mogyoro-baileys-pipettas-truffel","status":"publish","type":"product","link":"https:\/\/mychoccy.com\/en\/product\/mogyoro-baileys-pipettas-truffel\/","title":{"rendered":"Mogyor\u00f3 &#8211; Baileys pipett\u00e1s tr\u00fcffel"},"content":{"rendered":"<p>A mogyor\u00f3 klasszikus \u00edze \u00e9s a Baileys ut\u00e1nozhatatlan kr\u00e9mess\u00e9ge fantasztikus p\u00e1rost alkot.<br \/>\nAlkoholt tartalmaz.<\/p>\n<p>Nett\u00f3 t\u00f6meg: 17 g<\/p>\n<p>\u00d6sszetev\u0151k: tejcsokol\u00e1d\u00e9, feh\u00e9r csokol\u00e1d\u00e9, tejsz\u00edn, vaj, mogyor\u00f3paszta, Baileys<\/p>\n<p>Allerg\u00e9nek: sz\u00f3jalecitin, tejpor, tejsz\u00edn, vaj, mogyor\u00f3<\/p>\n","protected":false},"excerpt":{"rendered":"<p>A mogyor\u00f3 klasszikus \u00edze \u00e9s a Baileys ut\u00e1nozhatatlan kr\u00e9mess\u00e9ge fantasztikus p\u00e1rost alkot. Alkoholt tartalmaz. Nett\u00f3 t\u00f6meg: 17 g \u00d6sszetev\u0151k: tejcsokol\u00e1d\u00e9, feh\u00e9r csokol\u00e1d\u00e9, tejsz\u00edn, vaj, mogyor\u00f3paszta, Baileys Allerg\u00e9nek: sz\u00f3jalecitin, tejpor, tejsz\u00edn, vaj, mogyor\u00f3<\/p>\n","protected":false},"featured_media":12130,"template":"","meta":{"inline_featured_image":false},"product_brand":[],"product_cat":[309],"product_tag":[314,320,300],"class_list":{"0":"post-13298","1":"product","2":"type-product","3":"status-publish","4":"has-post-thumbnail","6":"product_cat-pipettas-truffelek","7":"product_tag-alkohol","8":"product_tag-olajos-mag","9":"product_tag-tejcsokolade","11":"first","12":"instock","13":"taxable","14":"shipping-taxable","15":"purchasable","16":"product-type-simple"},"yoast_head":"<!-- This site is optimized with the Yoast SEO plugin v27.5 - https:\/\/yoast.com\/product\/yoast-seo-wordpress\/ -->\n<title>Mogyor\u00f3 - Baileys pipett\u00e1s tr\u00fcffel - MyChoccy<\/title>\n<meta name=\"description\" content=\"A mogyor\u00f3 klasszikus \u00edze \u00e9s a Baileys ut\u00e1nozhatatlan kr\u00e9mess\u00e9ge fantasztikus p\u00e1rost alkot. Alkoholt tartalmaz. Nett\u00f3 t\u00f6meg: 17 g \u00d6sszetev\u0151k: tejcsokol\u00e1d\u00e9,\" \/>\n<meta name=\"robots\" content=\"index, follow, max-snippet:-1, max-image-preview:large, max-video-preview:-1\" \/>\n<link rel=\"canonical\" href=\"https:\/\/mychoccy.com\/en\/product\/mogyoro-baileys-pipettas-truffel\/\" \/>\n<meta property=\"og:locale\" content=\"en_US\" \/>\n<meta property=\"og:type\" content=\"article\" \/>\n<meta property=\"og:title\" content=\"Mogyor\u00f3 - Baileys pipett\u00e1s tr\u00fcffel - MyChoccy\" \/>\n<meta property=\"og:description\" content=\"A mogyor\u00f3 klasszikus \u00edze \u00e9s a Baileys ut\u00e1nozhatatlan kr\u00e9mess\u00e9ge fantasztikus p\u00e1rost alkot. Alkoholt tartalmaz. Nett\u00f3 t\u00f6meg: 17 g \u00d6sszetev\u0151k: tejcsokol\u00e1d\u00e9,\" \/>\n<meta property=\"og:url\" content=\"https:\/\/mychoccy.com\/en\/product\/mogyoro-baileys-pipettas-truffel\/\" \/>\n<meta property=\"og:site_name\" content=\"MyChoccy\" \/>\n<meta property=\"article:modified_time\" content=\"2025-09-12T09:29:48+00:00\" \/>\n<meta property=\"og:image\" content=\"https:\/\/mychoccy.com\/wp-content\/uploads\/2020\/04\/baileys-mogyor\u00f3-pip.jpg\" \/>\n\t<meta property=\"og:image:width\" content=\"1200\" \/>\n\t<meta property=\"og:image:height\" content=\"880\" \/>\n\t<meta property=\"og:image:type\" content=\"image\/jpeg\" \/>\n<meta name=\"twitter:card\" content=\"summary_large_image\" \/>\n<meta name=\"twitter:label1\" content=\"Est. reading time\" \/>\n\t<meta name=\"twitter:data1\" content=\"1 minute\" \/>\n<script type=\"application\/ld+json\" class=\"yoast-schema-graph\">{\"@context\":\"https:\\\/\\\/schema.org\",\"@graph\":[{\"@type\":\"WebPage\",\"@id\":\"https:\\\/\\\/mychoccy.com\\\/en\\\/product\\\/mogyoro-baileys-pipettas-truffel\\\/\",\"url\":\"https:\\\/\\\/mychoccy.com\\\/en\\\/product\\\/mogyoro-baileys-pipettas-truffel\\\/\",\"name\":\"Mogyor\u00f3 - Baileys pipett\u00e1s tr\u00fcffel - MyChoccy\",\"isPartOf\":{\"@id\":\"https:\\\/\\\/mychoccy.com\\\/en\\\/#website\"},\"primaryImageOfPage\":{\"@id\":\"https:\\\/\\\/mychoccy.com\\\/en\\\/product\\\/mogyoro-baileys-pipettas-truffel\\\/#primaryimage\"},\"image\":{\"@id\":\"https:\\\/\\\/mychoccy.com\\\/en\\\/product\\\/mogyoro-baileys-pipettas-truffel\\\/#primaryimage\"},\"thumbnailUrl\":\"https:\\\/\\\/mychoccy.com\\\/wp-content\\\/uploads\\\/2020\\\/04\\\/baileys-mogyor\u00f3-pip.jpg\",\"datePublished\":\"2020-04-11T15:04:31+00:00\",\"dateModified\":\"2025-09-12T09:29:48+00:00\",\"description\":\"A mogyor\u00f3 klasszikus \u00edze \u00e9s a Baileys ut\u00e1nozhatatlan kr\u00e9mess\u00e9ge fantasztikus p\u00e1rost alkot. Alkoholt tartalmaz. Nett\u00f3 t\u00f6meg: 17 g \u00d6sszetev\u0151k: tejcsokol\u00e1d\u00e9,\",\"breadcrumb\":{\"@id\":\"https:\\\/\\\/mychoccy.com\\\/en\\\/product\\\/mogyoro-baileys-pipettas-truffel\\\/#breadcrumb\"},\"inLanguage\":\"en-US\",\"potentialAction\":[{\"@type\":\"ReadAction\",\"target\":[\"https:\\\/\\\/mychoccy.com\\\/en\\\/product\\\/mogyoro-baileys-pipettas-truffel\\\/\"]}]},{\"@type\":\"ImageObject\",\"inLanguage\":\"en-US\",\"@id\":\"https:\\\/\\\/mychoccy.com\\\/en\\\/product\\\/mogyoro-baileys-pipettas-truffel\\\/#primaryimage\",\"url\":\"https:\\\/\\\/mychoccy.com\\\/wp-content\\\/uploads\\\/2020\\\/04\\\/baileys-mogyor\u00f3-pip.jpg\",\"contentUrl\":\"https:\\\/\\\/mychoccy.com\\\/wp-content\\\/uploads\\\/2020\\\/04\\\/baileys-mogyor\u00f3-pip.jpg\",\"width\":1200,\"height\":880,\"caption\":\"pipett\u00e1s tr\u00fcffel \\\/ Baileys-mogyor\u00f3\"},{\"@type\":\"BreadcrumbList\",\"@id\":\"https:\\\/\\\/mychoccy.com\\\/en\\\/product\\\/mogyoro-baileys-pipettas-truffel\\\/#breadcrumb\",\"itemListElement\":[{\"@type\":\"ListItem\",\"position\":1,\"name\":\"Home\",\"item\":\"https:\\\/\\\/mychoccy.com\\\/en\\\/\"},{\"@type\":\"ListItem\",\"position\":2,\"name\":\"Shop\",\"item\":\"https:\\\/\\\/mychoccy.com\\\/en\\\/shop-2\\\/\"},{\"@type\":\"ListItem\",\"position\":3,\"name\":\"Mogyor\u00f3 &#8211; Baileys pipett\u00e1s tr\u00fcffel\"}]},{\"@type\":\"WebSite\",\"@id\":\"https:\\\/\\\/mychoccy.com\\\/en\\\/#website\",\"url\":\"https:\\\/\\\/mychoccy.com\\\/en\\\/\",\"name\":\"MyChoccy\",\"description\":\"Csokol\u00e1d\u00e9 kreat\u00edvan\",\"potentialAction\":[{\"@type\":\"SearchAction\",\"target\":{\"@type\":\"EntryPoint\",\"urlTemplate\":\"https:\\\/\\\/mychoccy.com\\\/en\\\/?s={search_term_string}\"},\"query-input\":{\"@type\":\"PropertyValueSpecification\",\"valueRequired\":true,\"valueName\":\"search_term_string\"}}],\"inLanguage\":\"en-US\"}]}<\/script>\n<!-- \/ Yoast SEO plugin. -->","yoast_head_json":{"title":"Mogyor\u00f3 - Baileys pipett\u00e1s tr\u00fcffel - MyChoccy","description":"A mogyor\u00f3 klasszikus \u00edze \u00e9s a Baileys ut\u00e1nozhatatlan kr\u00e9mess\u00e9ge fantasztikus p\u00e1rost alkot. Alkoholt tartalmaz. Nett\u00f3 t\u00f6meg: 17 g \u00d6sszetev\u0151k: tejcsokol\u00e1d\u00e9,","robots":{"index":"index","follow":"follow","max-snippet":"max-snippet:-1","max-image-preview":"max-image-preview:large","max-video-preview":"max-video-preview:-1"},"canonical":"https:\/\/mychoccy.com\/en\/product\/mogyoro-baileys-pipettas-truffel\/","og_locale":"en_US","og_type":"article","og_title":"Mogyor\u00f3 - Baileys pipett\u00e1s tr\u00fcffel - MyChoccy","og_description":"A mogyor\u00f3 klasszikus \u00edze \u00e9s a Baileys ut\u00e1nozhatatlan kr\u00e9mess\u00e9ge fantasztikus p\u00e1rost alkot. Alkoholt tartalmaz. Nett\u00f3 t\u00f6meg: 17 g \u00d6sszetev\u0151k: tejcsokol\u00e1d\u00e9,","og_url":"https:\/\/mychoccy.com\/en\/product\/mogyoro-baileys-pipettas-truffel\/","og_site_name":"MyChoccy","article_modified_time":"2025-09-12T09:29:48+00:00","og_image":[{"width":1200,"height":880,"url":"https:\/\/mychoccy.com\/wp-content\/uploads\/2020\/04\/baileys-mogyor\u00f3-pip.jpg","type":"image\/jpeg"}],"twitter_card":"summary_large_image","twitter_misc":{"Est. reading time":"1 minute"},"schema":{"@context":"https:\/\/schema.org","@graph":[{"@type":"WebPage","@id":"https:\/\/mychoccy.com\/en\/product\/mogyoro-baileys-pipettas-truffel\/","url":"https:\/\/mychoccy.com\/en\/product\/mogyoro-baileys-pipettas-truffel\/","name":"Mogyor\u00f3 - Baileys pipett\u00e1s tr\u00fcffel - MyChoccy","isPartOf":{"@id":"https:\/\/mychoccy.com\/en\/#website"},"primaryImageOfPage":{"@id":"https:\/\/mychoccy.com\/en\/product\/mogyoro-baileys-pipettas-truffel\/#primaryimage"},"image":{"@id":"https:\/\/mychoccy.com\/en\/product\/mogyoro-baileys-pipettas-truffel\/#primaryimage"},"thumbnailUrl":"https:\/\/mychoccy.com\/wp-content\/uploads\/2020\/04\/baileys-mogyor\u00f3-pip.jpg","datePublished":"2020-04-11T15:04:31+00:00","dateModified":"2025-09-12T09:29:48+00:00","description":"A mogyor\u00f3 klasszikus \u00edze \u00e9s a Baileys ut\u00e1nozhatatlan kr\u00e9mess\u00e9ge fantasztikus p\u00e1rost alkot. Alkoholt tartalmaz. Nett\u00f3 t\u00f6meg: 17 g \u00d6sszetev\u0151k: tejcsokol\u00e1d\u00e9,","breadcrumb":{"@id":"https:\/\/mychoccy.com\/en\/product\/mogyoro-baileys-pipettas-truffel\/#breadcrumb"},"inLanguage":"en-US","potentialAction":[{"@type":"ReadAction","target":["https:\/\/mychoccy.com\/en\/product\/mogyoro-baileys-pipettas-truffel\/"]}]},{"@type":"ImageObject","inLanguage":"en-US","@id":"https:\/\/mychoccy.com\/en\/product\/mogyoro-baileys-pipettas-truffel\/#primaryimage","url":"https:\/\/mychoccy.com\/wp-content\/uploads\/2020\/04\/baileys-mogyor\u00f3-pip.jpg","contentUrl":"https:\/\/mychoccy.com\/wp-content\/uploads\/2020\/04\/baileys-mogyor\u00f3-pip.jpg","width":1200,"height":880,"caption":"pipett\u00e1s tr\u00fcffel \/ Baileys-mogyor\u00f3"},{"@type":"BreadcrumbList","@id":"https:\/\/mychoccy.com\/en\/product\/mogyoro-baileys-pipettas-truffel\/#breadcrumb","itemListElement":[{"@type":"ListItem","position":1,"name":"Home","item":"https:\/\/mychoccy.com\/en\/"},{"@type":"ListItem","position":2,"name":"Shop","item":"https:\/\/mychoccy.com\/en\/shop-2\/"},{"@type":"ListItem","position":3,"name":"Mogyor\u00f3 &#8211; Baileys pipett\u00e1s tr\u00fcffel"}]},{"@type":"WebSite","@id":"https:\/\/mychoccy.com\/en\/#website","url":"https:\/\/mychoccy.com\/en\/","name":"MyChoccy","description":"Csokol\u00e1d\u00e9 kreat\u00edvan","potentialAction":[{"@type":"SearchAction","target":{"@type":"EntryPoint","urlTemplate":"https:\/\/mychoccy.com\/en\/?s={search_term_string}"},"query-input":{"@type":"PropertyValueSpecification","valueRequired":true,"valueName":"search_term_string"}}],"inLanguage":"en-US"}]}},"jetpack_sharing_enabled":true,"_links":{"self":[{"href":"https:\/\/mychoccy.com\/en\/wp-json\/wp\/v2\/product\/13298","targetHints":{"allow":["GET"]}}],"collection":[{"href":"https:\/\/mychoccy.com\/en\/wp-json\/wp\/v2\/product"}],"about":[{"href":"https:\/\/mychoccy.com\/en\/wp-json\/wp\/v2\/types\/product"}],"wp:featuredmedia":[{"embeddable":true,"href":"https:\/\/mychoccy.com\/en\/wp-json\/wp\/v2\/media\/12130"}],"wp:attachment":[{"href":"https:\/\/mychoccy.com\/en\/wp-json\/wp\/v2\/media?parent=13298"}],"wp:term":[{"taxonomy":"product_brand","embeddable":true,"href":"https:\/\/mychoccy.com\/en\/wp-json\/wp\/v2\/product_brand?post=13298"},{"taxonomy":"product_cat","embeddable":true,"href":"https:\/\/mychoccy.com\/en\/wp-json\/wp\/v2\/product_cat?post=13298"},{"taxonomy":"product_tag","embeddable":true,"href":"https:\/\/mychoccy.com\/en\/wp-json\/wp\/v2\/product_tag?post=13298"}],"curies":[{"name":"wp","href":"https:\/\/api.w.org\/{rel}","templated":true}]}}