{"id":13293,"date":"2020-04-11T17:04:28","date_gmt":"2020-04-11T15:04:28","guid":{"rendered":"https:\/\/mychoccy.com\/product\/aranymuskotaly-muskotalyos-szolo-pipettas-truffel\/"},"modified":"2025-09-12T11:29:48","modified_gmt":"2025-09-12T09:29:48","slug":"aranymuskotaly-muskotalyos-szolo-pipettas-truffel","status":"publish","type":"product","link":"https:\/\/mychoccy.com\/en\/product\/aranymuskotaly-muskotalyos-szolo-pipettas-truffel\/","title":{"rendered":"Aranymuskot\u00e1ly &#8211; muskot\u00e1lyos sz\u0151l\u0151 pipett\u00e1s tr\u00fcffel"},"content":{"rendered":"<p>A muskot\u00e1lyos sz\u0151l\u0151 klasszikus arom\u00e1ja k\u00e9t text\u00far\u00e1ban is tal\u00e1lkozik a bonbonban. A l\u00e1gy kr\u00e9m \u00e9s a kiv\u00e1l\u00f3 borp\u00e1rlat h\u00e1zas\u00edt\u00e1s\u00e1b\u00f3l egy fantasztikus \u00e9dess\u00e9g sz\u00fcletett.<br \/>\nAlkoholt tartalmaz.<\/p>\n<p>Nett\u00f3 t\u00f6meg: 17 g<\/p>\n<p>\u00d6sszetev\u0151k: feh\u00e9r csokol\u00e1d\u00e9, vaj, muskot\u00e1lyos sz\u0151l\u0151 p\u00fcr\u00e9, aranymuskot\u00e1ly borp\u00e1rlat<\/p>\n<p>Allerg\u00e9nek: sz\u00f3jalecitin, tejpor, vaj<\/p>\n","protected":false},"excerpt":{"rendered":"<p>A muskot\u00e1lyos sz\u0151l\u0151 klasszikus arom\u00e1ja k\u00e9t text\u00far\u00e1ban is tal\u00e1lkozik a bonbonban. A l\u00e1gy kr\u00e9m \u00e9s a kiv\u00e1l\u00f3 borp\u00e1rlat h\u00e1zas\u00edt\u00e1s\u00e1b\u00f3l egy fantasztikus \u00e9dess\u00e9g sz\u00fcletett. Alkoholt tartalmaz. Nett\u00f3 t\u00f6meg: 17 g \u00d6sszetev\u0151k: feh\u00e9r csokol\u00e1d\u00e9, vaj, muskot\u00e1lyos sz\u0151l\u0151 p\u00fcr\u00e9, aranymuskot\u00e1ly borp\u00e1rlat Allerg\u00e9nek: sz\u00f3jalecitin, [&hellip;]<\/p>\n","protected":false},"featured_media":12129,"template":"","meta":{"inline_featured_image":false},"product_brand":[],"product_cat":[309],"product_tag":[314,179,313],"class_list":{"0":"post-13293","1":"product","2":"type-product","3":"status-publish","4":"has-post-thumbnail","6":"product_cat-pipettas-truffelek","7":"product_tag-alkohol","8":"product_tag-feher-csokolade","9":"product_tag-gyumolcs","11":"first","12":"instock","13":"taxable","14":"shipping-taxable","15":"purchasable","16":"product-type-simple"},"yoast_head":"<!-- This site is optimized with the Yoast SEO plugin v27.4 - https:\/\/yoast.com\/product\/yoast-seo-wordpress\/ -->\n<title>Aranymuskot\u00e1ly - muskot\u00e1lyos sz\u0151l\u0151 pipett\u00e1s tr\u00fcffel - MyChoccy<\/title>\n<meta name=\"description\" content=\"A muskot\u00e1lyos sz\u0151l\u0151 klasszikus arom\u00e1ja k\u00e9t text\u00far\u00e1ban is tal\u00e1lkozik a bonbonban. A l\u00e1gy kr\u00e9m \u00e9s a kiv\u00e1l\u00f3 borp\u00e1rlat h\u00e1zas\u00edt\u00e1s\u00e1b\u00f3l egy fantasztikus \u00e9dess\u00e9g\" \/>\n<meta name=\"robots\" content=\"index, follow, max-snippet:-1, max-image-preview:large, max-video-preview:-1\" \/>\n<link rel=\"canonical\" href=\"https:\/\/mychoccy.com\/en\/product\/aranymuskotaly-muskotalyos-szolo-pipettas-truffel\/\" \/>\n<meta property=\"og:locale\" content=\"en_US\" \/>\n<meta property=\"og:type\" content=\"article\" \/>\n<meta property=\"og:title\" content=\"Aranymuskot\u00e1ly - muskot\u00e1lyos sz\u0151l\u0151 pipett\u00e1s tr\u00fcffel - MyChoccy\" \/>\n<meta property=\"og:description\" content=\"A muskot\u00e1lyos sz\u0151l\u0151 klasszikus arom\u00e1ja k\u00e9t text\u00far\u00e1ban is tal\u00e1lkozik a bonbonban. A l\u00e1gy kr\u00e9m \u00e9s a kiv\u00e1l\u00f3 borp\u00e1rlat h\u00e1zas\u00edt\u00e1s\u00e1b\u00f3l egy fantasztikus \u00e9dess\u00e9g\" \/>\n<meta property=\"og:url\" content=\"https:\/\/mychoccy.com\/en\/product\/aranymuskotaly-muskotalyos-szolo-pipettas-truffel\/\" \/>\n<meta property=\"og:site_name\" content=\"MyChoccy\" \/>\n<meta property=\"article:modified_time\" content=\"2025-09-12T09:29:48+00:00\" \/>\n<meta property=\"og:image\" content=\"https:\/\/mychoccy.com\/wp-content\/uploads\/2020\/04\/aranymuskot\u00e1ly-muskot\u00e1lyos-sz\u0151ll\u0151.jpg\" \/>\n\t<meta property=\"og:image:width\" content=\"1200\" \/>\n\t<meta property=\"og:image:height\" content=\"880\" \/>\n\t<meta property=\"og:image:type\" content=\"image\/jpeg\" \/>\n<meta name=\"twitter:card\" content=\"summary_large_image\" \/>\n<meta name=\"twitter:label1\" content=\"Est. reading time\" \/>\n\t<meta name=\"twitter:data1\" content=\"1 minute\" \/>\n<script type=\"application\/ld+json\" class=\"yoast-schema-graph\">{\"@context\":\"https:\\\/\\\/schema.org\",\"@graph\":[{\"@type\":\"WebPage\",\"@id\":\"https:\\\/\\\/mychoccy.com\\\/en\\\/product\\\/aranymuskotaly-muskotalyos-szolo-pipettas-truffel\\\/\",\"url\":\"https:\\\/\\\/mychoccy.com\\\/en\\\/product\\\/aranymuskotaly-muskotalyos-szolo-pipettas-truffel\\\/\",\"name\":\"Aranymuskot\u00e1ly - muskot\u00e1lyos sz\u0151l\u0151 pipett\u00e1s tr\u00fcffel - MyChoccy\",\"isPartOf\":{\"@id\":\"https:\\\/\\\/mychoccy.com\\\/en\\\/#website\"},\"primaryImageOfPage\":{\"@id\":\"https:\\\/\\\/mychoccy.com\\\/en\\\/product\\\/aranymuskotaly-muskotalyos-szolo-pipettas-truffel\\\/#primaryimage\"},\"image\":{\"@id\":\"https:\\\/\\\/mychoccy.com\\\/en\\\/product\\\/aranymuskotaly-muskotalyos-szolo-pipettas-truffel\\\/#primaryimage\"},\"thumbnailUrl\":\"https:\\\/\\\/mychoccy.com\\\/wp-content\\\/uploads\\\/2020\\\/04\\\/aranymuskot\u00e1ly-muskot\u00e1lyos-sz\u0151ll\u0151.jpg\",\"datePublished\":\"2020-04-11T15:04:28+00:00\",\"dateModified\":\"2025-09-12T09:29:48+00:00\",\"description\":\"A muskot\u00e1lyos sz\u0151l\u0151 klasszikus arom\u00e1ja k\u00e9t text\u00far\u00e1ban is tal\u00e1lkozik a bonbonban. A l\u00e1gy kr\u00e9m \u00e9s a kiv\u00e1l\u00f3 borp\u00e1rlat h\u00e1zas\u00edt\u00e1s\u00e1b\u00f3l egy fantasztikus \u00e9dess\u00e9g\",\"breadcrumb\":{\"@id\":\"https:\\\/\\\/mychoccy.com\\\/en\\\/product\\\/aranymuskotaly-muskotalyos-szolo-pipettas-truffel\\\/#breadcrumb\"},\"inLanguage\":\"en-US\",\"potentialAction\":[{\"@type\":\"ReadAction\",\"target\":[\"https:\\\/\\\/mychoccy.com\\\/en\\\/product\\\/aranymuskotaly-muskotalyos-szolo-pipettas-truffel\\\/\"]}]},{\"@type\":\"ImageObject\",\"inLanguage\":\"en-US\",\"@id\":\"https:\\\/\\\/mychoccy.com\\\/en\\\/product\\\/aranymuskotaly-muskotalyos-szolo-pipettas-truffel\\\/#primaryimage\",\"url\":\"https:\\\/\\\/mychoccy.com\\\/wp-content\\\/uploads\\\/2020\\\/04\\\/aranymuskot\u00e1ly-muskot\u00e1lyos-sz\u0151ll\u0151.jpg\",\"contentUrl\":\"https:\\\/\\\/mychoccy.com\\\/wp-content\\\/uploads\\\/2020\\\/04\\\/aranymuskot\u00e1ly-muskot\u00e1lyos-sz\u0151ll\u0151.jpg\",\"width\":1200,\"height\":880,\"caption\":\"pipett\u00e1s tr\u00fcffel \\\/ aranymuskot\u00e1ly-muskot\u00e1lyos sz\u0151l\u0151\"},{\"@type\":\"BreadcrumbList\",\"@id\":\"https:\\\/\\\/mychoccy.com\\\/en\\\/product\\\/aranymuskotaly-muskotalyos-szolo-pipettas-truffel\\\/#breadcrumb\",\"itemListElement\":[{\"@type\":\"ListItem\",\"position\":1,\"name\":\"Home\",\"item\":\"https:\\\/\\\/mychoccy.com\\\/en\\\/\"},{\"@type\":\"ListItem\",\"position\":2,\"name\":\"Shop\",\"item\":\"https:\\\/\\\/mychoccy.com\\\/en\\\/shop-2\\\/\"},{\"@type\":\"ListItem\",\"position\":3,\"name\":\"Aranymuskot\u00e1ly &#8211; muskot\u00e1lyos sz\u0151l\u0151 pipett\u00e1s tr\u00fcffel\"}]},{\"@type\":\"WebSite\",\"@id\":\"https:\\\/\\\/mychoccy.com\\\/en\\\/#website\",\"url\":\"https:\\\/\\\/mychoccy.com\\\/en\\\/\",\"name\":\"MyChoccy\",\"description\":\"Csokol\u00e1d\u00e9 kreat\u00edvan\",\"potentialAction\":[{\"@type\":\"SearchAction\",\"target\":{\"@type\":\"EntryPoint\",\"urlTemplate\":\"https:\\\/\\\/mychoccy.com\\\/en\\\/?s={search_term_string}\"},\"query-input\":{\"@type\":\"PropertyValueSpecification\",\"valueRequired\":true,\"valueName\":\"search_term_string\"}}],\"inLanguage\":\"en-US\"}]}<\/script>\n<!-- \/ Yoast SEO plugin. -->","yoast_head_json":{"title":"Aranymuskot\u00e1ly - muskot\u00e1lyos sz\u0151l\u0151 pipett\u00e1s tr\u00fcffel - MyChoccy","description":"A muskot\u00e1lyos sz\u0151l\u0151 klasszikus arom\u00e1ja k\u00e9t text\u00far\u00e1ban is tal\u00e1lkozik a bonbonban. A l\u00e1gy kr\u00e9m \u00e9s a kiv\u00e1l\u00f3 borp\u00e1rlat h\u00e1zas\u00edt\u00e1s\u00e1b\u00f3l egy fantasztikus \u00e9dess\u00e9g","robots":{"index":"index","follow":"follow","max-snippet":"max-snippet:-1","max-image-preview":"max-image-preview:large","max-video-preview":"max-video-preview:-1"},"canonical":"https:\/\/mychoccy.com\/en\/product\/aranymuskotaly-muskotalyos-szolo-pipettas-truffel\/","og_locale":"en_US","og_type":"article","og_title":"Aranymuskot\u00e1ly - muskot\u00e1lyos sz\u0151l\u0151 pipett\u00e1s tr\u00fcffel - MyChoccy","og_description":"A muskot\u00e1lyos sz\u0151l\u0151 klasszikus arom\u00e1ja k\u00e9t text\u00far\u00e1ban is tal\u00e1lkozik a bonbonban. A l\u00e1gy kr\u00e9m \u00e9s a kiv\u00e1l\u00f3 borp\u00e1rlat h\u00e1zas\u00edt\u00e1s\u00e1b\u00f3l egy fantasztikus \u00e9dess\u00e9g","og_url":"https:\/\/mychoccy.com\/en\/product\/aranymuskotaly-muskotalyos-szolo-pipettas-truffel\/","og_site_name":"MyChoccy","article_modified_time":"2025-09-12T09:29:48+00:00","og_image":[{"width":1200,"height":880,"url":"https:\/\/mychoccy.com\/wp-content\/uploads\/2020\/04\/aranymuskot\u00e1ly-muskot\u00e1lyos-sz\u0151ll\u0151.jpg","type":"image\/jpeg"}],"twitter_card":"summary_large_image","twitter_misc":{"Est. reading time":"1 minute"},"schema":{"@context":"https:\/\/schema.org","@graph":[{"@type":"WebPage","@id":"https:\/\/mychoccy.com\/en\/product\/aranymuskotaly-muskotalyos-szolo-pipettas-truffel\/","url":"https:\/\/mychoccy.com\/en\/product\/aranymuskotaly-muskotalyos-szolo-pipettas-truffel\/","name":"Aranymuskot\u00e1ly - muskot\u00e1lyos sz\u0151l\u0151 pipett\u00e1s tr\u00fcffel - MyChoccy","isPartOf":{"@id":"https:\/\/mychoccy.com\/en\/#website"},"primaryImageOfPage":{"@id":"https:\/\/mychoccy.com\/en\/product\/aranymuskotaly-muskotalyos-szolo-pipettas-truffel\/#primaryimage"},"image":{"@id":"https:\/\/mychoccy.com\/en\/product\/aranymuskotaly-muskotalyos-szolo-pipettas-truffel\/#primaryimage"},"thumbnailUrl":"https:\/\/mychoccy.com\/wp-content\/uploads\/2020\/04\/aranymuskot\u00e1ly-muskot\u00e1lyos-sz\u0151ll\u0151.jpg","datePublished":"2020-04-11T15:04:28+00:00","dateModified":"2025-09-12T09:29:48+00:00","description":"A muskot\u00e1lyos sz\u0151l\u0151 klasszikus arom\u00e1ja k\u00e9t text\u00far\u00e1ban is tal\u00e1lkozik a bonbonban. A l\u00e1gy kr\u00e9m \u00e9s a kiv\u00e1l\u00f3 borp\u00e1rlat h\u00e1zas\u00edt\u00e1s\u00e1b\u00f3l egy fantasztikus \u00e9dess\u00e9g","breadcrumb":{"@id":"https:\/\/mychoccy.com\/en\/product\/aranymuskotaly-muskotalyos-szolo-pipettas-truffel\/#breadcrumb"},"inLanguage":"en-US","potentialAction":[{"@type":"ReadAction","target":["https:\/\/mychoccy.com\/en\/product\/aranymuskotaly-muskotalyos-szolo-pipettas-truffel\/"]}]},{"@type":"ImageObject","inLanguage":"en-US","@id":"https:\/\/mychoccy.com\/en\/product\/aranymuskotaly-muskotalyos-szolo-pipettas-truffel\/#primaryimage","url":"https:\/\/mychoccy.com\/wp-content\/uploads\/2020\/04\/aranymuskot\u00e1ly-muskot\u00e1lyos-sz\u0151ll\u0151.jpg","contentUrl":"https:\/\/mychoccy.com\/wp-content\/uploads\/2020\/04\/aranymuskot\u00e1ly-muskot\u00e1lyos-sz\u0151ll\u0151.jpg","width":1200,"height":880,"caption":"pipett\u00e1s tr\u00fcffel \/ aranymuskot\u00e1ly-muskot\u00e1lyos sz\u0151l\u0151"},{"@type":"BreadcrumbList","@id":"https:\/\/mychoccy.com\/en\/product\/aranymuskotaly-muskotalyos-szolo-pipettas-truffel\/#breadcrumb","itemListElement":[{"@type":"ListItem","position":1,"name":"Home","item":"https:\/\/mychoccy.com\/en\/"},{"@type":"ListItem","position":2,"name":"Shop","item":"https:\/\/mychoccy.com\/en\/shop-2\/"},{"@type":"ListItem","position":3,"name":"Aranymuskot\u00e1ly &#8211; muskot\u00e1lyos sz\u0151l\u0151 pipett\u00e1s tr\u00fcffel"}]},{"@type":"WebSite","@id":"https:\/\/mychoccy.com\/en\/#website","url":"https:\/\/mychoccy.com\/en\/","name":"MyChoccy","description":"Csokol\u00e1d\u00e9 kreat\u00edvan","potentialAction":[{"@type":"SearchAction","target":{"@type":"EntryPoint","urlTemplate":"https:\/\/mychoccy.com\/en\/?s={search_term_string}"},"query-input":{"@type":"PropertyValueSpecification","valueRequired":true,"valueName":"search_term_string"}}],"inLanguage":"en-US"}]}},"jetpack_sharing_enabled":true,"_links":{"self":[{"href":"https:\/\/mychoccy.com\/en\/wp-json\/wp\/v2\/product\/13293","targetHints":{"allow":["GET"]}}],"collection":[{"href":"https:\/\/mychoccy.com\/en\/wp-json\/wp\/v2\/product"}],"about":[{"href":"https:\/\/mychoccy.com\/en\/wp-json\/wp\/v2\/types\/product"}],"wp:featuredmedia":[{"embeddable":true,"href":"https:\/\/mychoccy.com\/en\/wp-json\/wp\/v2\/media\/12129"}],"wp:attachment":[{"href":"https:\/\/mychoccy.com\/en\/wp-json\/wp\/v2\/media?parent=13293"}],"wp:term":[{"taxonomy":"product_brand","embeddable":true,"href":"https:\/\/mychoccy.com\/en\/wp-json\/wp\/v2\/product_brand?post=13293"},{"taxonomy":"product_cat","embeddable":true,"href":"https:\/\/mychoccy.com\/en\/wp-json\/wp\/v2\/product_cat?post=13293"},{"taxonomy":"product_tag","embeddable":true,"href":"https:\/\/mychoccy.com\/en\/wp-json\/wp\/v2\/product_tag?post=13293"}],"curies":[{"name":"wp","href":"https:\/\/api.w.org\/{rel}","templated":true}]}}