{"id":13290,"date":"2020-04-11T17:04:28","date_gmt":"2020-04-11T15:04:28","guid":{"rendered":"https:\/\/mychoccy.com\/product\/prosecco-dio-kremcsepp\/"},"modified":"2024-09-25T21:34:48","modified_gmt":"2024-09-25T19:34:48","slug":"prosecco-dio-kremcsepp","status":"publish","type":"product","link":"https:\/\/mychoccy.com\/en\/product\/prosecco-dio-kremcsepp\/","title":{"rendered":"Prosecco &#8211; di\u00f3 kr\u00e9mcsepp"},"content":{"rendered":"<p>Az \u00e9des habz\u00f3bor \u00e9s semmivel \u00f6ssze nem t\u00e9veszthet\u0151 di\u00f3 fantasztikus tal\u00e1lkoz\u00e1sa. Alkoholt tartalmaz.<\/p>\n<p>Nett\u00f3 t\u00f6meg: 12 g<\/p>\n<p>\u00d6sszetev\u0151k: feh\u00e9r csokol\u00e1d\u00e9, vaj, prosecco, di\u00f3 kivonat, di\u00f3<\/p>\n<p>Allerg\u00e9nek: sz\u00f3jalecitin, tejpor, vaj, di\u00f3<\/p>\n","protected":false},"excerpt":{"rendered":"<p>Az \u00e9des habz\u00f3bor \u00e9s semmivel \u00f6ssze nem t\u00e9veszthet\u0151 di\u00f3 fantasztikus tal\u00e1lkoz\u00e1sa. Alkoholt tartalmaz. Nett\u00f3 t\u00f6meg: 12 g \u00d6sszetev\u0151k: feh\u00e9r csokol\u00e1d\u00e9, vaj, prosecco, di\u00f3 kivonat, di\u00f3 Allerg\u00e9nek: sz\u00f3jalecitin, tejpor, vaj, di\u00f3<\/p>\n","protected":false},"featured_media":12137,"template":"","meta":{"inline_featured_image":false},"product_brand":[],"product_cat":[235],"product_tag":[314,179,323,322],"class_list":{"0":"post-13290","1":"product","2":"type-product","3":"status-publish","4":"has-post-thumbnail","6":"product_cat-kremcseppek","7":"product_tag-alkohol","8":"product_tag-feher-csokolade","9":"product_tag-mag","10":"product_tag-olajos","12":"first","13":"outofstock","14":"taxable","15":"shipping-taxable","16":"purchasable","17":"product-type-simple"},"yoast_head":"<!-- This site is optimized with the Yoast SEO plugin v27.4 - https:\/\/yoast.com\/product\/yoast-seo-wordpress\/ -->\n<title>Prosecco - di\u00f3 kr\u00e9mcsepp - MyChoccy<\/title>\n<meta name=\"description\" content=\"Az \u00e9des habz\u00f3bor \u00e9s semmivel \u00f6ssze nem t\u00e9veszthet\u0151 di\u00f3 fantasztikus tal\u00e1lkoz\u00e1sa. Alkoholt tartalmaz. Nett\u00f3 t\u00f6meg: 12 g \u00d6sszetev\u0151k: feh\u00e9r csokol\u00e1d\u00e9, vaj,\" \/>\n<meta name=\"robots\" content=\"index, follow, max-snippet:-1, max-image-preview:large, max-video-preview:-1\" \/>\n<link rel=\"canonical\" href=\"https:\/\/mychoccy.com\/en\/product\/prosecco-dio-kremcsepp\/\" \/>\n<meta property=\"og:locale\" content=\"en_US\" \/>\n<meta property=\"og:type\" content=\"article\" \/>\n<meta property=\"og:title\" content=\"Prosecco - di\u00f3 kr\u00e9mcsepp - MyChoccy\" \/>\n<meta property=\"og:description\" content=\"Az \u00e9des habz\u00f3bor \u00e9s semmivel \u00f6ssze nem t\u00e9veszthet\u0151 di\u00f3 fantasztikus tal\u00e1lkoz\u00e1sa. Alkoholt tartalmaz. Nett\u00f3 t\u00f6meg: 12 g \u00d6sszetev\u0151k: feh\u00e9r csokol\u00e1d\u00e9, vaj,\" \/>\n<meta property=\"og:url\" content=\"https:\/\/mychoccy.com\/en\/product\/prosecco-dio-kremcsepp\/\" \/>\n<meta property=\"og:site_name\" content=\"MyChoccy\" \/>\n<meta property=\"article:modified_time\" content=\"2024-09-25T19:34:48+00:00\" \/>\n<meta property=\"og:image\" content=\"https:\/\/mychoccy.com\/wp-content\/uploads\/2020\/04\/di\u00f3-prosecco-kcs.jpg\" \/>\n\t<meta property=\"og:image:width\" content=\"1200\" \/>\n\t<meta property=\"og:image:height\" content=\"880\" \/>\n\t<meta property=\"og:image:type\" content=\"image\/jpeg\" \/>\n<meta name=\"twitter:card\" content=\"summary_large_image\" \/>\n<meta name=\"twitter:label1\" content=\"Est. reading time\" \/>\n\t<meta name=\"twitter:data1\" content=\"1 minute\" \/>\n<script type=\"application\/ld+json\" class=\"yoast-schema-graph\">{\"@context\":\"https:\\\/\\\/schema.org\",\"@graph\":[{\"@type\":\"WebPage\",\"@id\":\"https:\\\/\\\/mychoccy.com\\\/en\\\/product\\\/prosecco-dio-kremcsepp\\\/\",\"url\":\"https:\\\/\\\/mychoccy.com\\\/en\\\/product\\\/prosecco-dio-kremcsepp\\\/\",\"name\":\"Prosecco - di\u00f3 kr\u00e9mcsepp - MyChoccy\",\"isPartOf\":{\"@id\":\"https:\\\/\\\/mychoccy.com\\\/en\\\/#website\"},\"primaryImageOfPage\":{\"@id\":\"https:\\\/\\\/mychoccy.com\\\/en\\\/product\\\/prosecco-dio-kremcsepp\\\/#primaryimage\"},\"image\":{\"@id\":\"https:\\\/\\\/mychoccy.com\\\/en\\\/product\\\/prosecco-dio-kremcsepp\\\/#primaryimage\"},\"thumbnailUrl\":\"https:\\\/\\\/mychoccy.com\\\/wp-content\\\/uploads\\\/2020\\\/04\\\/di\u00f3-prosecco-kcs.jpg\",\"datePublished\":\"2020-04-11T15:04:28+00:00\",\"dateModified\":\"2024-09-25T19:34:48+00:00\",\"description\":\"Az \u00e9des habz\u00f3bor \u00e9s semmivel \u00f6ssze nem t\u00e9veszthet\u0151 di\u00f3 fantasztikus tal\u00e1lkoz\u00e1sa. Alkoholt tartalmaz. Nett\u00f3 t\u00f6meg: 12 g \u00d6sszetev\u0151k: feh\u00e9r csokol\u00e1d\u00e9, vaj,\",\"breadcrumb\":{\"@id\":\"https:\\\/\\\/mychoccy.com\\\/en\\\/product\\\/prosecco-dio-kremcsepp\\\/#breadcrumb\"},\"inLanguage\":\"en-US\",\"potentialAction\":[{\"@type\":\"ReadAction\",\"target\":[\"https:\\\/\\\/mychoccy.com\\\/en\\\/product\\\/prosecco-dio-kremcsepp\\\/\"]}]},{\"@type\":\"ImageObject\",\"inLanguage\":\"en-US\",\"@id\":\"https:\\\/\\\/mychoccy.com\\\/en\\\/product\\\/prosecco-dio-kremcsepp\\\/#primaryimage\",\"url\":\"https:\\\/\\\/mychoccy.com\\\/wp-content\\\/uploads\\\/2020\\\/04\\\/di\u00f3-prosecco-kcs.jpg\",\"contentUrl\":\"https:\\\/\\\/mychoccy.com\\\/wp-content\\\/uploads\\\/2020\\\/04\\\/di\u00f3-prosecco-kcs.jpg\",\"width\":1200,\"height\":880,\"caption\":\"kr\u00e9mcsepp\\\/ di\u00f3-prosecco\"},{\"@type\":\"BreadcrumbList\",\"@id\":\"https:\\\/\\\/mychoccy.com\\\/en\\\/product\\\/prosecco-dio-kremcsepp\\\/#breadcrumb\",\"itemListElement\":[{\"@type\":\"ListItem\",\"position\":1,\"name\":\"Home\",\"item\":\"https:\\\/\\\/mychoccy.com\\\/en\\\/\"},{\"@type\":\"ListItem\",\"position\":2,\"name\":\"Shop\",\"item\":\"https:\\\/\\\/mychoccy.com\\\/en\\\/shop-2\\\/\"},{\"@type\":\"ListItem\",\"position\":3,\"name\":\"Prosecco &#8211; di\u00f3 kr\u00e9mcsepp\"}]},{\"@type\":\"WebSite\",\"@id\":\"https:\\\/\\\/mychoccy.com\\\/en\\\/#website\",\"url\":\"https:\\\/\\\/mychoccy.com\\\/en\\\/\",\"name\":\"MyChoccy\",\"description\":\"Csokol\u00e1d\u00e9 kreat\u00edvan\",\"potentialAction\":[{\"@type\":\"SearchAction\",\"target\":{\"@type\":\"EntryPoint\",\"urlTemplate\":\"https:\\\/\\\/mychoccy.com\\\/en\\\/?s={search_term_string}\"},\"query-input\":{\"@type\":\"PropertyValueSpecification\",\"valueRequired\":true,\"valueName\":\"search_term_string\"}}],\"inLanguage\":\"en-US\"}]}<\/script>\n<!-- \/ Yoast SEO plugin. -->","yoast_head_json":{"title":"Prosecco - di\u00f3 kr\u00e9mcsepp - MyChoccy","description":"Az \u00e9des habz\u00f3bor \u00e9s semmivel \u00f6ssze nem t\u00e9veszthet\u0151 di\u00f3 fantasztikus tal\u00e1lkoz\u00e1sa. Alkoholt tartalmaz. Nett\u00f3 t\u00f6meg: 12 g \u00d6sszetev\u0151k: feh\u00e9r csokol\u00e1d\u00e9, vaj,","robots":{"index":"index","follow":"follow","max-snippet":"max-snippet:-1","max-image-preview":"max-image-preview:large","max-video-preview":"max-video-preview:-1"},"canonical":"https:\/\/mychoccy.com\/en\/product\/prosecco-dio-kremcsepp\/","og_locale":"en_US","og_type":"article","og_title":"Prosecco - di\u00f3 kr\u00e9mcsepp - MyChoccy","og_description":"Az \u00e9des habz\u00f3bor \u00e9s semmivel \u00f6ssze nem t\u00e9veszthet\u0151 di\u00f3 fantasztikus tal\u00e1lkoz\u00e1sa. Alkoholt tartalmaz. Nett\u00f3 t\u00f6meg: 12 g \u00d6sszetev\u0151k: feh\u00e9r csokol\u00e1d\u00e9, vaj,","og_url":"https:\/\/mychoccy.com\/en\/product\/prosecco-dio-kremcsepp\/","og_site_name":"MyChoccy","article_modified_time":"2024-09-25T19:34:48+00:00","og_image":[{"width":1200,"height":880,"url":"https:\/\/mychoccy.com\/wp-content\/uploads\/2020\/04\/di\u00f3-prosecco-kcs.jpg","type":"image\/jpeg"}],"twitter_card":"summary_large_image","twitter_misc":{"Est. reading time":"1 minute"},"schema":{"@context":"https:\/\/schema.org","@graph":[{"@type":"WebPage","@id":"https:\/\/mychoccy.com\/en\/product\/prosecco-dio-kremcsepp\/","url":"https:\/\/mychoccy.com\/en\/product\/prosecco-dio-kremcsepp\/","name":"Prosecco - di\u00f3 kr\u00e9mcsepp - MyChoccy","isPartOf":{"@id":"https:\/\/mychoccy.com\/en\/#website"},"primaryImageOfPage":{"@id":"https:\/\/mychoccy.com\/en\/product\/prosecco-dio-kremcsepp\/#primaryimage"},"image":{"@id":"https:\/\/mychoccy.com\/en\/product\/prosecco-dio-kremcsepp\/#primaryimage"},"thumbnailUrl":"https:\/\/mychoccy.com\/wp-content\/uploads\/2020\/04\/di\u00f3-prosecco-kcs.jpg","datePublished":"2020-04-11T15:04:28+00:00","dateModified":"2024-09-25T19:34:48+00:00","description":"Az \u00e9des habz\u00f3bor \u00e9s semmivel \u00f6ssze nem t\u00e9veszthet\u0151 di\u00f3 fantasztikus tal\u00e1lkoz\u00e1sa. Alkoholt tartalmaz. Nett\u00f3 t\u00f6meg: 12 g \u00d6sszetev\u0151k: feh\u00e9r csokol\u00e1d\u00e9, vaj,","breadcrumb":{"@id":"https:\/\/mychoccy.com\/en\/product\/prosecco-dio-kremcsepp\/#breadcrumb"},"inLanguage":"en-US","potentialAction":[{"@type":"ReadAction","target":["https:\/\/mychoccy.com\/en\/product\/prosecco-dio-kremcsepp\/"]}]},{"@type":"ImageObject","inLanguage":"en-US","@id":"https:\/\/mychoccy.com\/en\/product\/prosecco-dio-kremcsepp\/#primaryimage","url":"https:\/\/mychoccy.com\/wp-content\/uploads\/2020\/04\/di\u00f3-prosecco-kcs.jpg","contentUrl":"https:\/\/mychoccy.com\/wp-content\/uploads\/2020\/04\/di\u00f3-prosecco-kcs.jpg","width":1200,"height":880,"caption":"kr\u00e9mcsepp\/ di\u00f3-prosecco"},{"@type":"BreadcrumbList","@id":"https:\/\/mychoccy.com\/en\/product\/prosecco-dio-kremcsepp\/#breadcrumb","itemListElement":[{"@type":"ListItem","position":1,"name":"Home","item":"https:\/\/mychoccy.com\/en\/"},{"@type":"ListItem","position":2,"name":"Shop","item":"https:\/\/mychoccy.com\/en\/shop-2\/"},{"@type":"ListItem","position":3,"name":"Prosecco &#8211; di\u00f3 kr\u00e9mcsepp"}]},{"@type":"WebSite","@id":"https:\/\/mychoccy.com\/en\/#website","url":"https:\/\/mychoccy.com\/en\/","name":"MyChoccy","description":"Csokol\u00e1d\u00e9 kreat\u00edvan","potentialAction":[{"@type":"SearchAction","target":{"@type":"EntryPoint","urlTemplate":"https:\/\/mychoccy.com\/en\/?s={search_term_string}"},"query-input":{"@type":"PropertyValueSpecification","valueRequired":true,"valueName":"search_term_string"}}],"inLanguage":"en-US"}]}},"jetpack_sharing_enabled":true,"_links":{"self":[{"href":"https:\/\/mychoccy.com\/en\/wp-json\/wp\/v2\/product\/13290","targetHints":{"allow":["GET"]}}],"collection":[{"href":"https:\/\/mychoccy.com\/en\/wp-json\/wp\/v2\/product"}],"about":[{"href":"https:\/\/mychoccy.com\/en\/wp-json\/wp\/v2\/types\/product"}],"wp:featuredmedia":[{"embeddable":true,"href":"https:\/\/mychoccy.com\/en\/wp-json\/wp\/v2\/media\/12137"}],"wp:attachment":[{"href":"https:\/\/mychoccy.com\/en\/wp-json\/wp\/v2\/media?parent=13290"}],"wp:term":[{"taxonomy":"product_brand","embeddable":true,"href":"https:\/\/mychoccy.com\/en\/wp-json\/wp\/v2\/product_brand?post=13290"},{"taxonomy":"product_cat","embeddable":true,"href":"https:\/\/mychoccy.com\/en\/wp-json\/wp\/v2\/product_cat?post=13290"},{"taxonomy":"product_tag","embeddable":true,"href":"https:\/\/mychoccy.com\/en\/wp-json\/wp\/v2\/product_tag?post=13290"}],"curies":[{"name":"wp","href":"https:\/\/api.w.org\/{rel}","templated":true}]}}