{"id":13289,"date":"2020-04-11T17:04:28","date_gmt":"2020-04-11T15:04:28","guid":{"rendered":"https:\/\/mychoccy.com\/product\/malna-passiogyumolcs-kremcsepp\/"},"modified":"2024-09-25T21:34:48","modified_gmt":"2024-09-25T19:34:48","slug":"malna-passiogyumolcs-kremcsepp","status":"publish","type":"product","link":"https:\/\/mychoccy.com\/en\/product\/malna-passiogyumolcs-kremcsepp\/","title":{"rendered":"M\u00e1lna &#8211; passi\u00f3gy\u00fcm\u00f6lcs  kr\u00e9mcsepp"},"content":{"rendered":"<p>A m\u00e1lna \u00e9des \u00edzvil\u00e1ga ellent\u00e9tbe \u00e1ll\u00edtva a passi\u00f3gy\u00fcm\u00f6lcs karakteres, savany\u00fa \u00edz\u00e9vel. Mert az ellent\u00e9tek vonzz\u00e1k egym\u00e1st!<\/p>\n<p>Nett\u00f3 t\u00f6meg: 12 g<\/p>\n<p>\u00d6sszetev\u0151k: feh\u00e9r csokol\u00e1d\u00e9, passi\u00f3gy\u00fcm\u00f6lcs \u00e9s m\u00e1lna p\u00fcr\u00e9, vaj<\/p>\n<p>Allerg\u00e9nek: sz\u00f3jalecitin, tejpor, vaj<\/p>\n","protected":false},"excerpt":{"rendered":"<p>A m\u00e1lna \u00e9des \u00edzvil\u00e1ga ellent\u00e9tbe \u00e1ll\u00edtva a passi\u00f3gy\u00fcm\u00f6lcs karakteres, savany\u00fa \u00edz\u00e9vel. Mert az ellent\u00e9tek vonzz\u00e1k egym\u00e1st! Nett\u00f3 t\u00f6meg: 12 g \u00d6sszetev\u0151k: feh\u00e9r csokol\u00e1d\u00e9, passi\u00f3gy\u00fcm\u00f6lcs \u00e9s m\u00e1lna p\u00fcr\u00e9, vaj Allerg\u00e9nek: sz\u00f3jalecitin, tejpor, vaj<\/p>\n","protected":false},"featured_media":12145,"template":"","meta":{"inline_featured_image":false},"product_brand":[],"product_cat":[235],"product_tag":[179,313],"class_list":{"0":"post-13289","1":"product","2":"type-product","3":"status-publish","4":"has-post-thumbnail","6":"product_cat-kremcseppek","7":"product_tag-feher-csokolade","8":"product_tag-gyumolcs","10":"first","11":"outofstock","12":"taxable","13":"shipping-taxable","14":"purchasable","15":"product-type-simple"},"yoast_head":"<!-- This site is optimized with the Yoast SEO plugin v27.5 - https:\/\/yoast.com\/product\/yoast-seo-wordpress\/ -->\n<title>M\u00e1lna - passi\u00f3gy\u00fcm\u00f6lcs kr\u00e9mcsepp - MyChoccy<\/title>\n<meta name=\"description\" content=\"A m\u00e1lna \u00e9des \u00edzvil\u00e1ga ellent\u00e9tbe \u00e1ll\u00edtva a passi\u00f3gy\u00fcm\u00f6lcs karakteres, savany\u00fa \u00edz\u00e9vel. Mert az ellent\u00e9tek vonzz\u00e1k egym\u00e1st! Nett\u00f3 t\u00f6meg: 12 g \u00d6sszetev\u0151k:\" \/>\n<meta name=\"robots\" content=\"index, follow, max-snippet:-1, max-image-preview:large, max-video-preview:-1\" \/>\n<link rel=\"canonical\" href=\"https:\/\/mychoccy.com\/en\/product\/malna-passiogyumolcs-kremcsepp\/\" \/>\n<meta property=\"og:locale\" content=\"en_US\" \/>\n<meta property=\"og:type\" content=\"article\" \/>\n<meta property=\"og:title\" content=\"M\u00e1lna - passi\u00f3gy\u00fcm\u00f6lcs kr\u00e9mcsepp - MyChoccy\" \/>\n<meta property=\"og:description\" content=\"A m\u00e1lna \u00e9des \u00edzvil\u00e1ga ellent\u00e9tbe \u00e1ll\u00edtva a passi\u00f3gy\u00fcm\u00f6lcs karakteres, savany\u00fa \u00edz\u00e9vel. Mert az ellent\u00e9tek vonzz\u00e1k egym\u00e1st! Nett\u00f3 t\u00f6meg: 12 g \u00d6sszetev\u0151k:\" \/>\n<meta property=\"og:url\" content=\"https:\/\/mychoccy.com\/en\/product\/malna-passiogyumolcs-kremcsepp\/\" \/>\n<meta property=\"og:site_name\" content=\"MyChoccy\" \/>\n<meta property=\"article:modified_time\" content=\"2024-09-25T19:34:48+00:00\" \/>\n<meta property=\"og:image\" content=\"https:\/\/mychoccy.com\/wp-content\/uploads\/2020\/04\/m\u00e1lna-passi\u00f3gy\u00fcm\u00f6lcs-kcs.jpg\" \/>\n\t<meta property=\"og:image:width\" content=\"1200\" \/>\n\t<meta property=\"og:image:height\" content=\"880\" \/>\n\t<meta property=\"og:image:type\" content=\"image\/jpeg\" \/>\n<meta name=\"twitter:card\" content=\"summary_large_image\" \/>\n<meta name=\"twitter:label1\" content=\"Est. reading time\" \/>\n\t<meta name=\"twitter:data1\" content=\"1 minute\" \/>\n<script type=\"application\/ld+json\" class=\"yoast-schema-graph\">{\"@context\":\"https:\\\/\\\/schema.org\",\"@graph\":[{\"@type\":\"WebPage\",\"@id\":\"https:\\\/\\\/mychoccy.com\\\/en\\\/product\\\/malna-passiogyumolcs-kremcsepp\\\/\",\"url\":\"https:\\\/\\\/mychoccy.com\\\/en\\\/product\\\/malna-passiogyumolcs-kremcsepp\\\/\",\"name\":\"M\u00e1lna - passi\u00f3gy\u00fcm\u00f6lcs kr\u00e9mcsepp - MyChoccy\",\"isPartOf\":{\"@id\":\"https:\\\/\\\/mychoccy.com\\\/en\\\/#website\"},\"primaryImageOfPage\":{\"@id\":\"https:\\\/\\\/mychoccy.com\\\/en\\\/product\\\/malna-passiogyumolcs-kremcsepp\\\/#primaryimage\"},\"image\":{\"@id\":\"https:\\\/\\\/mychoccy.com\\\/en\\\/product\\\/malna-passiogyumolcs-kremcsepp\\\/#primaryimage\"},\"thumbnailUrl\":\"https:\\\/\\\/mychoccy.com\\\/wp-content\\\/uploads\\\/2020\\\/04\\\/m\u00e1lna-passi\u00f3gy\u00fcm\u00f6lcs-kcs.jpg\",\"datePublished\":\"2020-04-11T15:04:28+00:00\",\"dateModified\":\"2024-09-25T19:34:48+00:00\",\"description\":\"A m\u00e1lna \u00e9des \u00edzvil\u00e1ga ellent\u00e9tbe \u00e1ll\u00edtva a passi\u00f3gy\u00fcm\u00f6lcs karakteres, savany\u00fa \u00edz\u00e9vel. Mert az ellent\u00e9tek vonzz\u00e1k egym\u00e1st! Nett\u00f3 t\u00f6meg: 12 g \u00d6sszetev\u0151k:\",\"breadcrumb\":{\"@id\":\"https:\\\/\\\/mychoccy.com\\\/en\\\/product\\\/malna-passiogyumolcs-kremcsepp\\\/#breadcrumb\"},\"inLanguage\":\"en-US\",\"potentialAction\":[{\"@type\":\"ReadAction\",\"target\":[\"https:\\\/\\\/mychoccy.com\\\/en\\\/product\\\/malna-passiogyumolcs-kremcsepp\\\/\"]}]},{\"@type\":\"ImageObject\",\"inLanguage\":\"en-US\",\"@id\":\"https:\\\/\\\/mychoccy.com\\\/en\\\/product\\\/malna-passiogyumolcs-kremcsepp\\\/#primaryimage\",\"url\":\"https:\\\/\\\/mychoccy.com\\\/wp-content\\\/uploads\\\/2020\\\/04\\\/m\u00e1lna-passi\u00f3gy\u00fcm\u00f6lcs-kcs.jpg\",\"contentUrl\":\"https:\\\/\\\/mychoccy.com\\\/wp-content\\\/uploads\\\/2020\\\/04\\\/m\u00e1lna-passi\u00f3gy\u00fcm\u00f6lcs-kcs.jpg\",\"width\":1200,\"height\":880,\"caption\":\"kr\u00e9mcsepp \\\/ m\u00e1lna-passi\u00f3gy\u00fcm\u00f6lcs\"},{\"@type\":\"BreadcrumbList\",\"@id\":\"https:\\\/\\\/mychoccy.com\\\/en\\\/product\\\/malna-passiogyumolcs-kremcsepp\\\/#breadcrumb\",\"itemListElement\":[{\"@type\":\"ListItem\",\"position\":1,\"name\":\"Home\",\"item\":\"https:\\\/\\\/mychoccy.com\\\/en\\\/\"},{\"@type\":\"ListItem\",\"position\":2,\"name\":\"Shop\",\"item\":\"https:\\\/\\\/mychoccy.com\\\/en\\\/shop-2\\\/\"},{\"@type\":\"ListItem\",\"position\":3,\"name\":\"M\u00e1lna &#8211; passi\u00f3gy\u00fcm\u00f6lcs kr\u00e9mcsepp\"}]},{\"@type\":\"WebSite\",\"@id\":\"https:\\\/\\\/mychoccy.com\\\/en\\\/#website\",\"url\":\"https:\\\/\\\/mychoccy.com\\\/en\\\/\",\"name\":\"MyChoccy\",\"description\":\"Csokol\u00e1d\u00e9 kreat\u00edvan\",\"potentialAction\":[{\"@type\":\"SearchAction\",\"target\":{\"@type\":\"EntryPoint\",\"urlTemplate\":\"https:\\\/\\\/mychoccy.com\\\/en\\\/?s={search_term_string}\"},\"query-input\":{\"@type\":\"PropertyValueSpecification\",\"valueRequired\":true,\"valueName\":\"search_term_string\"}}],\"inLanguage\":\"en-US\"}]}<\/script>\n<!-- \/ Yoast SEO plugin. -->","yoast_head_json":{"title":"M\u00e1lna - passi\u00f3gy\u00fcm\u00f6lcs kr\u00e9mcsepp - MyChoccy","description":"A m\u00e1lna \u00e9des \u00edzvil\u00e1ga ellent\u00e9tbe \u00e1ll\u00edtva a passi\u00f3gy\u00fcm\u00f6lcs karakteres, savany\u00fa \u00edz\u00e9vel. Mert az ellent\u00e9tek vonzz\u00e1k egym\u00e1st! Nett\u00f3 t\u00f6meg: 12 g \u00d6sszetev\u0151k:","robots":{"index":"index","follow":"follow","max-snippet":"max-snippet:-1","max-image-preview":"max-image-preview:large","max-video-preview":"max-video-preview:-1"},"canonical":"https:\/\/mychoccy.com\/en\/product\/malna-passiogyumolcs-kremcsepp\/","og_locale":"en_US","og_type":"article","og_title":"M\u00e1lna - passi\u00f3gy\u00fcm\u00f6lcs kr\u00e9mcsepp - MyChoccy","og_description":"A m\u00e1lna \u00e9des \u00edzvil\u00e1ga ellent\u00e9tbe \u00e1ll\u00edtva a passi\u00f3gy\u00fcm\u00f6lcs karakteres, savany\u00fa \u00edz\u00e9vel. Mert az ellent\u00e9tek vonzz\u00e1k egym\u00e1st! Nett\u00f3 t\u00f6meg: 12 g \u00d6sszetev\u0151k:","og_url":"https:\/\/mychoccy.com\/en\/product\/malna-passiogyumolcs-kremcsepp\/","og_site_name":"MyChoccy","article_modified_time":"2024-09-25T19:34:48+00:00","og_image":[{"width":1200,"height":880,"url":"https:\/\/mychoccy.com\/wp-content\/uploads\/2020\/04\/m\u00e1lna-passi\u00f3gy\u00fcm\u00f6lcs-kcs.jpg","type":"image\/jpeg"}],"twitter_card":"summary_large_image","twitter_misc":{"Est. reading time":"1 minute"},"schema":{"@context":"https:\/\/schema.org","@graph":[{"@type":"WebPage","@id":"https:\/\/mychoccy.com\/en\/product\/malna-passiogyumolcs-kremcsepp\/","url":"https:\/\/mychoccy.com\/en\/product\/malna-passiogyumolcs-kremcsepp\/","name":"M\u00e1lna - passi\u00f3gy\u00fcm\u00f6lcs kr\u00e9mcsepp - MyChoccy","isPartOf":{"@id":"https:\/\/mychoccy.com\/en\/#website"},"primaryImageOfPage":{"@id":"https:\/\/mychoccy.com\/en\/product\/malna-passiogyumolcs-kremcsepp\/#primaryimage"},"image":{"@id":"https:\/\/mychoccy.com\/en\/product\/malna-passiogyumolcs-kremcsepp\/#primaryimage"},"thumbnailUrl":"https:\/\/mychoccy.com\/wp-content\/uploads\/2020\/04\/m\u00e1lna-passi\u00f3gy\u00fcm\u00f6lcs-kcs.jpg","datePublished":"2020-04-11T15:04:28+00:00","dateModified":"2024-09-25T19:34:48+00:00","description":"A m\u00e1lna \u00e9des \u00edzvil\u00e1ga ellent\u00e9tbe \u00e1ll\u00edtva a passi\u00f3gy\u00fcm\u00f6lcs karakteres, savany\u00fa \u00edz\u00e9vel. Mert az ellent\u00e9tek vonzz\u00e1k egym\u00e1st! Nett\u00f3 t\u00f6meg: 12 g \u00d6sszetev\u0151k:","breadcrumb":{"@id":"https:\/\/mychoccy.com\/en\/product\/malna-passiogyumolcs-kremcsepp\/#breadcrumb"},"inLanguage":"en-US","potentialAction":[{"@type":"ReadAction","target":["https:\/\/mychoccy.com\/en\/product\/malna-passiogyumolcs-kremcsepp\/"]}]},{"@type":"ImageObject","inLanguage":"en-US","@id":"https:\/\/mychoccy.com\/en\/product\/malna-passiogyumolcs-kremcsepp\/#primaryimage","url":"https:\/\/mychoccy.com\/wp-content\/uploads\/2020\/04\/m\u00e1lna-passi\u00f3gy\u00fcm\u00f6lcs-kcs.jpg","contentUrl":"https:\/\/mychoccy.com\/wp-content\/uploads\/2020\/04\/m\u00e1lna-passi\u00f3gy\u00fcm\u00f6lcs-kcs.jpg","width":1200,"height":880,"caption":"kr\u00e9mcsepp \/ m\u00e1lna-passi\u00f3gy\u00fcm\u00f6lcs"},{"@type":"BreadcrumbList","@id":"https:\/\/mychoccy.com\/en\/product\/malna-passiogyumolcs-kremcsepp\/#breadcrumb","itemListElement":[{"@type":"ListItem","position":1,"name":"Home","item":"https:\/\/mychoccy.com\/en\/"},{"@type":"ListItem","position":2,"name":"Shop","item":"https:\/\/mychoccy.com\/en\/shop-2\/"},{"@type":"ListItem","position":3,"name":"M\u00e1lna &#8211; passi\u00f3gy\u00fcm\u00f6lcs kr\u00e9mcsepp"}]},{"@type":"WebSite","@id":"https:\/\/mychoccy.com\/en\/#website","url":"https:\/\/mychoccy.com\/en\/","name":"MyChoccy","description":"Csokol\u00e1d\u00e9 kreat\u00edvan","potentialAction":[{"@type":"SearchAction","target":{"@type":"EntryPoint","urlTemplate":"https:\/\/mychoccy.com\/en\/?s={search_term_string}"},"query-input":{"@type":"PropertyValueSpecification","valueRequired":true,"valueName":"search_term_string"}}],"inLanguage":"en-US"}]}},"jetpack_sharing_enabled":true,"_links":{"self":[{"href":"https:\/\/mychoccy.com\/en\/wp-json\/wp\/v2\/product\/13289","targetHints":{"allow":["GET"]}}],"collection":[{"href":"https:\/\/mychoccy.com\/en\/wp-json\/wp\/v2\/product"}],"about":[{"href":"https:\/\/mychoccy.com\/en\/wp-json\/wp\/v2\/types\/product"}],"wp:featuredmedia":[{"embeddable":true,"href":"https:\/\/mychoccy.com\/en\/wp-json\/wp\/v2\/media\/12145"}],"wp:attachment":[{"href":"https:\/\/mychoccy.com\/en\/wp-json\/wp\/v2\/media?parent=13289"}],"wp:term":[{"taxonomy":"product_brand","embeddable":true,"href":"https:\/\/mychoccy.com\/en\/wp-json\/wp\/v2\/product_brand?post=13289"},{"taxonomy":"product_cat","embeddable":true,"href":"https:\/\/mychoccy.com\/en\/wp-json\/wp\/v2\/product_cat?post=13289"},{"taxonomy":"product_tag","embeddable":true,"href":"https:\/\/mychoccy.com\/en\/wp-json\/wp\/v2\/product_tag?post=13289"}],"curies":[{"name":"wp","href":"https:\/\/api.w.org\/{rel}","templated":true}]}}