{"id":13288,"date":"2020-04-11T17:04:28","date_gmt":"2020-04-11T15:04:28","guid":{"rendered":"https:\/\/mychoccy.com\/product\/kokusz-pisztacia-kremcsepp\/"},"modified":"2024-09-25T21:34:47","modified_gmt":"2024-09-25T19:34:47","slug":"kokusz-pisztacia-kremcsepp","status":"publish","type":"product","link":"https:\/\/mychoccy.com\/en\/product\/kokusz-pisztacia-kremcsepp\/","title":{"rendered":"K\u00f3kusz &#8211; piszt\u00e1cia kr\u00e9mcsepp"},"content":{"rendered":"<p>M\u00e1r a kr\u00e9mcsepp k\u00fcls\u0151 megjelen\u00e9se is cs\u00e1b\u00edt\u00f3. K\u00fcl\u00f6nleges \u00edzp\u00e1ros\u00edt\u00e1s a karakteres pir\u00edtott k\u00f3kusszal \u00e9s az \u00e9des, kr\u00e9mes piszt\u00e1ci\u00e1val.<\/p>\n<p>Nett\u00f3 t\u00f6meg: 12 g<\/p>\n<p>\u00d6sszetev\u0151k: feh\u00e9r csokol\u00e1d\u00e9, k\u00f3kusz, piszt\u00e1cia paszta, vaj<\/p>\n<p>Allerg\u00e9nek: sz\u00f3jalecitin, tejpor, tejsz\u00edn, vaj, piszt\u00e1cia<\/p>\n","protected":false},"excerpt":{"rendered":"<p>M\u00e1r a kr\u00e9mcsepp k\u00fcls\u0151 megjelen\u00e9se is cs\u00e1b\u00edt\u00f3. K\u00fcl\u00f6nleges \u00edzp\u00e1ros\u00edt\u00e1s a karakteres pir\u00edtott k\u00f3kusszal \u00e9s az \u00e9des, kr\u00e9mes piszt\u00e1ci\u00e1val. Nett\u00f3 t\u00f6meg: 12 g \u00d6sszetev\u0151k: feh\u00e9r csokol\u00e1d\u00e9, k\u00f3kusz, piszt\u00e1cia paszta, vaj Allerg\u00e9nek: sz\u00f3jalecitin, tejpor, tejsz\u00edn, vaj, piszt\u00e1cia<\/p>\n","protected":false},"featured_media":12142,"template":"","meta":{"inline_featured_image":false},"product_brand":[],"product_cat":[235],"product_tag":[179,313,320],"class_list":{"0":"post-13288","1":"product","2":"type-product","3":"status-publish","4":"has-post-thumbnail","6":"product_cat-kremcseppek","7":"product_tag-feher-csokolade","8":"product_tag-gyumolcs","9":"product_tag-olajos-mag","11":"first","12":"outofstock","13":"taxable","14":"shipping-taxable","15":"purchasable","16":"product-type-simple"},"yoast_head":"<!-- This site is optimized with the Yoast SEO plugin v27.4 - https:\/\/yoast.com\/product\/yoast-seo-wordpress\/ -->\n<title>K\u00f3kusz - piszt\u00e1cia kr\u00e9mcsepp - MyChoccy<\/title>\n<meta name=\"description\" content=\"M\u00e1r a kr\u00e9mcsepp k\u00fcls\u0151 megjelen\u00e9se is cs\u00e1b\u00edt\u00f3. K\u00fcl\u00f6nleges \u00edzp\u00e1ros\u00edt\u00e1s a karakteres pir\u00edtott k\u00f3kusszal \u00e9s az \u00e9des, kr\u00e9mes piszt\u00e1ci\u00e1val. Nett\u00f3 t\u00f6meg: 12 g\" \/>\n<meta name=\"robots\" content=\"index, follow, max-snippet:-1, max-image-preview:large, max-video-preview:-1\" \/>\n<link rel=\"canonical\" href=\"https:\/\/mychoccy.com\/en\/product\/kokusz-pisztacia-kremcsepp\/\" \/>\n<meta property=\"og:locale\" content=\"en_US\" \/>\n<meta property=\"og:type\" content=\"article\" \/>\n<meta property=\"og:title\" content=\"K\u00f3kusz - piszt\u00e1cia kr\u00e9mcsepp - MyChoccy\" \/>\n<meta property=\"og:description\" content=\"M\u00e1r a kr\u00e9mcsepp k\u00fcls\u0151 megjelen\u00e9se is cs\u00e1b\u00edt\u00f3. K\u00fcl\u00f6nleges \u00edzp\u00e1ros\u00edt\u00e1s a karakteres pir\u00edtott k\u00f3kusszal \u00e9s az \u00e9des, kr\u00e9mes piszt\u00e1ci\u00e1val. Nett\u00f3 t\u00f6meg: 12 g\" \/>\n<meta property=\"og:url\" content=\"https:\/\/mychoccy.com\/en\/product\/kokusz-pisztacia-kremcsepp\/\" \/>\n<meta property=\"og:site_name\" content=\"MyChoccy\" \/>\n<meta property=\"article:modified_time\" content=\"2024-09-25T19:34:47+00:00\" \/>\n<meta property=\"og:image\" content=\"https:\/\/mychoccy.com\/wp-content\/uploads\/2020\/04\/k\u00f3kusz-piszt\u00e1cia-kcs.jpg\" \/>\n\t<meta property=\"og:image:width\" content=\"1200\" \/>\n\t<meta property=\"og:image:height\" content=\"880\" \/>\n\t<meta property=\"og:image:type\" content=\"image\/jpeg\" \/>\n<meta name=\"twitter:card\" content=\"summary_large_image\" \/>\n<meta name=\"twitter:label1\" content=\"Est. reading time\" \/>\n\t<meta name=\"twitter:data1\" content=\"1 minute\" \/>\n<script type=\"application\/ld+json\" class=\"yoast-schema-graph\">{\"@context\":\"https:\\\/\\\/schema.org\",\"@graph\":[{\"@type\":\"WebPage\",\"@id\":\"https:\\\/\\\/mychoccy.com\\\/en\\\/product\\\/kokusz-pisztacia-kremcsepp\\\/\",\"url\":\"https:\\\/\\\/mychoccy.com\\\/en\\\/product\\\/kokusz-pisztacia-kremcsepp\\\/\",\"name\":\"K\u00f3kusz - piszt\u00e1cia kr\u00e9mcsepp - MyChoccy\",\"isPartOf\":{\"@id\":\"https:\\\/\\\/mychoccy.com\\\/en\\\/#website\"},\"primaryImageOfPage\":{\"@id\":\"https:\\\/\\\/mychoccy.com\\\/en\\\/product\\\/kokusz-pisztacia-kremcsepp\\\/#primaryimage\"},\"image\":{\"@id\":\"https:\\\/\\\/mychoccy.com\\\/en\\\/product\\\/kokusz-pisztacia-kremcsepp\\\/#primaryimage\"},\"thumbnailUrl\":\"https:\\\/\\\/mychoccy.com\\\/wp-content\\\/uploads\\\/2020\\\/04\\\/k\u00f3kusz-piszt\u00e1cia-kcs.jpg\",\"datePublished\":\"2020-04-11T15:04:28+00:00\",\"dateModified\":\"2024-09-25T19:34:47+00:00\",\"description\":\"M\u00e1r a kr\u00e9mcsepp k\u00fcls\u0151 megjelen\u00e9se is cs\u00e1b\u00edt\u00f3. K\u00fcl\u00f6nleges \u00edzp\u00e1ros\u00edt\u00e1s a karakteres pir\u00edtott k\u00f3kusszal \u00e9s az \u00e9des, kr\u00e9mes piszt\u00e1ci\u00e1val. Nett\u00f3 t\u00f6meg: 12 g\",\"breadcrumb\":{\"@id\":\"https:\\\/\\\/mychoccy.com\\\/en\\\/product\\\/kokusz-pisztacia-kremcsepp\\\/#breadcrumb\"},\"inLanguage\":\"en-US\",\"potentialAction\":[{\"@type\":\"ReadAction\",\"target\":[\"https:\\\/\\\/mychoccy.com\\\/en\\\/product\\\/kokusz-pisztacia-kremcsepp\\\/\"]}]},{\"@type\":\"ImageObject\",\"inLanguage\":\"en-US\",\"@id\":\"https:\\\/\\\/mychoccy.com\\\/en\\\/product\\\/kokusz-pisztacia-kremcsepp\\\/#primaryimage\",\"url\":\"https:\\\/\\\/mychoccy.com\\\/wp-content\\\/uploads\\\/2020\\\/04\\\/k\u00f3kusz-piszt\u00e1cia-kcs.jpg\",\"contentUrl\":\"https:\\\/\\\/mychoccy.com\\\/wp-content\\\/uploads\\\/2020\\\/04\\\/k\u00f3kusz-piszt\u00e1cia-kcs.jpg\",\"width\":1200,\"height\":880,\"caption\":\"kr\u00e9mcsepp \\\/ k\u00f3kusz-piszt\u00e1cia\"},{\"@type\":\"BreadcrumbList\",\"@id\":\"https:\\\/\\\/mychoccy.com\\\/en\\\/product\\\/kokusz-pisztacia-kremcsepp\\\/#breadcrumb\",\"itemListElement\":[{\"@type\":\"ListItem\",\"position\":1,\"name\":\"Home\",\"item\":\"https:\\\/\\\/mychoccy.com\\\/en\\\/\"},{\"@type\":\"ListItem\",\"position\":2,\"name\":\"Shop\",\"item\":\"https:\\\/\\\/mychoccy.com\\\/en\\\/shop-2\\\/\"},{\"@type\":\"ListItem\",\"position\":3,\"name\":\"K\u00f3kusz &#8211; piszt\u00e1cia kr\u00e9mcsepp\"}]},{\"@type\":\"WebSite\",\"@id\":\"https:\\\/\\\/mychoccy.com\\\/en\\\/#website\",\"url\":\"https:\\\/\\\/mychoccy.com\\\/en\\\/\",\"name\":\"MyChoccy\",\"description\":\"Csokol\u00e1d\u00e9 kreat\u00edvan\",\"potentialAction\":[{\"@type\":\"SearchAction\",\"target\":{\"@type\":\"EntryPoint\",\"urlTemplate\":\"https:\\\/\\\/mychoccy.com\\\/en\\\/?s={search_term_string}\"},\"query-input\":{\"@type\":\"PropertyValueSpecification\",\"valueRequired\":true,\"valueName\":\"search_term_string\"}}],\"inLanguage\":\"en-US\"}]}<\/script>\n<!-- \/ Yoast SEO plugin. -->","yoast_head_json":{"title":"K\u00f3kusz - piszt\u00e1cia kr\u00e9mcsepp - MyChoccy","description":"M\u00e1r a kr\u00e9mcsepp k\u00fcls\u0151 megjelen\u00e9se is cs\u00e1b\u00edt\u00f3. K\u00fcl\u00f6nleges \u00edzp\u00e1ros\u00edt\u00e1s a karakteres pir\u00edtott k\u00f3kusszal \u00e9s az \u00e9des, kr\u00e9mes piszt\u00e1ci\u00e1val. Nett\u00f3 t\u00f6meg: 12 g","robots":{"index":"index","follow":"follow","max-snippet":"max-snippet:-1","max-image-preview":"max-image-preview:large","max-video-preview":"max-video-preview:-1"},"canonical":"https:\/\/mychoccy.com\/en\/product\/kokusz-pisztacia-kremcsepp\/","og_locale":"en_US","og_type":"article","og_title":"K\u00f3kusz - piszt\u00e1cia kr\u00e9mcsepp - MyChoccy","og_description":"M\u00e1r a kr\u00e9mcsepp k\u00fcls\u0151 megjelen\u00e9se is cs\u00e1b\u00edt\u00f3. K\u00fcl\u00f6nleges \u00edzp\u00e1ros\u00edt\u00e1s a karakteres pir\u00edtott k\u00f3kusszal \u00e9s az \u00e9des, kr\u00e9mes piszt\u00e1ci\u00e1val. Nett\u00f3 t\u00f6meg: 12 g","og_url":"https:\/\/mychoccy.com\/en\/product\/kokusz-pisztacia-kremcsepp\/","og_site_name":"MyChoccy","article_modified_time":"2024-09-25T19:34:47+00:00","og_image":[{"width":1200,"height":880,"url":"https:\/\/mychoccy.com\/wp-content\/uploads\/2020\/04\/k\u00f3kusz-piszt\u00e1cia-kcs.jpg","type":"image\/jpeg"}],"twitter_card":"summary_large_image","twitter_misc":{"Est. reading time":"1 minute"},"schema":{"@context":"https:\/\/schema.org","@graph":[{"@type":"WebPage","@id":"https:\/\/mychoccy.com\/en\/product\/kokusz-pisztacia-kremcsepp\/","url":"https:\/\/mychoccy.com\/en\/product\/kokusz-pisztacia-kremcsepp\/","name":"K\u00f3kusz - piszt\u00e1cia kr\u00e9mcsepp - MyChoccy","isPartOf":{"@id":"https:\/\/mychoccy.com\/en\/#website"},"primaryImageOfPage":{"@id":"https:\/\/mychoccy.com\/en\/product\/kokusz-pisztacia-kremcsepp\/#primaryimage"},"image":{"@id":"https:\/\/mychoccy.com\/en\/product\/kokusz-pisztacia-kremcsepp\/#primaryimage"},"thumbnailUrl":"https:\/\/mychoccy.com\/wp-content\/uploads\/2020\/04\/k\u00f3kusz-piszt\u00e1cia-kcs.jpg","datePublished":"2020-04-11T15:04:28+00:00","dateModified":"2024-09-25T19:34:47+00:00","description":"M\u00e1r a kr\u00e9mcsepp k\u00fcls\u0151 megjelen\u00e9se is cs\u00e1b\u00edt\u00f3. K\u00fcl\u00f6nleges \u00edzp\u00e1ros\u00edt\u00e1s a karakteres pir\u00edtott k\u00f3kusszal \u00e9s az \u00e9des, kr\u00e9mes piszt\u00e1ci\u00e1val. Nett\u00f3 t\u00f6meg: 12 g","breadcrumb":{"@id":"https:\/\/mychoccy.com\/en\/product\/kokusz-pisztacia-kremcsepp\/#breadcrumb"},"inLanguage":"en-US","potentialAction":[{"@type":"ReadAction","target":["https:\/\/mychoccy.com\/en\/product\/kokusz-pisztacia-kremcsepp\/"]}]},{"@type":"ImageObject","inLanguage":"en-US","@id":"https:\/\/mychoccy.com\/en\/product\/kokusz-pisztacia-kremcsepp\/#primaryimage","url":"https:\/\/mychoccy.com\/wp-content\/uploads\/2020\/04\/k\u00f3kusz-piszt\u00e1cia-kcs.jpg","contentUrl":"https:\/\/mychoccy.com\/wp-content\/uploads\/2020\/04\/k\u00f3kusz-piszt\u00e1cia-kcs.jpg","width":1200,"height":880,"caption":"kr\u00e9mcsepp \/ k\u00f3kusz-piszt\u00e1cia"},{"@type":"BreadcrumbList","@id":"https:\/\/mychoccy.com\/en\/product\/kokusz-pisztacia-kremcsepp\/#breadcrumb","itemListElement":[{"@type":"ListItem","position":1,"name":"Home","item":"https:\/\/mychoccy.com\/en\/"},{"@type":"ListItem","position":2,"name":"Shop","item":"https:\/\/mychoccy.com\/en\/shop-2\/"},{"@type":"ListItem","position":3,"name":"K\u00f3kusz &#8211; piszt\u00e1cia kr\u00e9mcsepp"}]},{"@type":"WebSite","@id":"https:\/\/mychoccy.com\/en\/#website","url":"https:\/\/mychoccy.com\/en\/","name":"MyChoccy","description":"Csokol\u00e1d\u00e9 kreat\u00edvan","potentialAction":[{"@type":"SearchAction","target":{"@type":"EntryPoint","urlTemplate":"https:\/\/mychoccy.com\/en\/?s={search_term_string}"},"query-input":{"@type":"PropertyValueSpecification","valueRequired":true,"valueName":"search_term_string"}}],"inLanguage":"en-US"}]}},"jetpack_sharing_enabled":true,"_links":{"self":[{"href":"https:\/\/mychoccy.com\/en\/wp-json\/wp\/v2\/product\/13288","targetHints":{"allow":["GET"]}}],"collection":[{"href":"https:\/\/mychoccy.com\/en\/wp-json\/wp\/v2\/product"}],"about":[{"href":"https:\/\/mychoccy.com\/en\/wp-json\/wp\/v2\/types\/product"}],"wp:featuredmedia":[{"embeddable":true,"href":"https:\/\/mychoccy.com\/en\/wp-json\/wp\/v2\/media\/12142"}],"wp:attachment":[{"href":"https:\/\/mychoccy.com\/en\/wp-json\/wp\/v2\/media?parent=13288"}],"wp:term":[{"taxonomy":"product_brand","embeddable":true,"href":"https:\/\/mychoccy.com\/en\/wp-json\/wp\/v2\/product_brand?post=13288"},{"taxonomy":"product_cat","embeddable":true,"href":"https:\/\/mychoccy.com\/en\/wp-json\/wp\/v2\/product_cat?post=13288"},{"taxonomy":"product_tag","embeddable":true,"href":"https:\/\/mychoccy.com\/en\/wp-json\/wp\/v2\/product_tag?post=13288"}],"curies":[{"name":"wp","href":"https:\/\/api.w.org\/{rel}","templated":true}]}}