{"id":13285,"date":"2020-04-11T17:04:28","date_gmt":"2020-04-11T15:04:28","guid":{"rendered":"https:\/\/mychoccy.com\/product\/karamell-lime-kremcsepp\/"},"modified":"2024-09-25T21:34:46","modified_gmt":"2024-09-25T19:34:46","slug":"karamell-lime-kremcsepp","status":"publish","type":"product","link":"https:\/\/mychoccy.com\/en\/product\/karamell-lime-kremcsepp\/","title":{"rendered":"Karamell-lime kr\u00e9mcsepp"},"content":{"rendered":"<p>A kr\u00e9mcseppek megjelen\u00e9se m\u00e1r \u00f6nmag\u00e1ban el\u0151revet\u00edti, hogy mi tal\u00e1lhat\u00f3 az \u00e9dess\u00e9g belsej\u00e9ben. A klasszikus, l\u00e1gy karamell \u00edzvil\u00e1g\u00e1t egy r\u00e9teg lime kr\u00e9mmel tett\u00fck igaz\u00e1n pik\u00e1nss\u00e1, a kr\u00e9mcsepp tetej\u00e9t karamelliz\u00e1lt ostyat\u00f6rettel dekor\u00e1ltuk.<\/p>\n<p>Nett\u00f3 t\u00f6meg: 12 g<\/p>\n<p>\u00d6sszetev\u0151k: feh\u00e9r csokol\u00e1d\u00e9, vaj, karamell, lime kivonat<\/p>\n<p>Allerg\u00e9nek: sz\u00f3jalecitin, vaj<\/p>\n","protected":false},"excerpt":{"rendered":"<p>A kr\u00e9mcseppek megjelen\u00e9se m\u00e1r \u00f6nmag\u00e1ban el\u0151revet\u00edti, hogy mi tal\u00e1lhat\u00f3 az \u00e9dess\u00e9g belsej\u00e9ben. A klasszikus, l\u00e1gy karamell \u00edzvil\u00e1g\u00e1t egy r\u00e9teg lime kr\u00e9mmel tett\u00fck igaz\u00e1n pik\u00e1nss\u00e1, a kr\u00e9mcsepp tetej\u00e9t karamelliz\u00e1lt ostyat\u00f6rettel dekor\u00e1ltuk. Nett\u00f3 t\u00f6meg: 12 g \u00d6sszetev\u0151k: feh\u00e9r csokol\u00e1d\u00e9, vaj, karamell, lime [&hellip;]<\/p>\n","protected":false},"featured_media":12140,"template":"","meta":{"inline_featured_image":false},"product_brand":[],"product_cat":[235],"product_tag":[375,179,313,320],"class_list":{"0":"post-13285","1":"product","2":"type-product","3":"status-publish","4":"has-post-thumbnail","6":"product_cat-kremcseppek","7":"product_tag-citrusfelek","8":"product_tag-feher-csokolade","9":"product_tag-gyumolcs","10":"product_tag-olajos-mag","12":"first","13":"outofstock","14":"taxable","15":"shipping-taxable","16":"purchasable","17":"product-type-simple"},"yoast_head":"<!-- This site is optimized with the Yoast SEO plugin v27.4 - https:\/\/yoast.com\/product\/yoast-seo-wordpress\/ -->\n<title>Karamell-lime kr\u00e9mcsepp - MyChoccy<\/title>\n<meta name=\"description\" content=\"A kr\u00e9mcseppek megjelen\u00e9se m\u00e1r \u00f6nmag\u00e1ban el\u0151revet\u00edti, hogy mi tal\u00e1lhat\u00f3 az \u00e9dess\u00e9g belsej\u00e9ben. A klasszikus, l\u00e1gy karamell \u00edzvil\u00e1g\u00e1t egy r\u00e9teg lime kr\u00e9mmel\" \/>\n<meta name=\"robots\" content=\"index, follow, max-snippet:-1, max-image-preview:large, max-video-preview:-1\" \/>\n<link rel=\"canonical\" href=\"https:\/\/mychoccy.com\/en\/product\/karamell-lime-kremcsepp\/\" \/>\n<meta property=\"og:locale\" content=\"en_US\" \/>\n<meta property=\"og:type\" content=\"article\" \/>\n<meta property=\"og:title\" content=\"Karamell-lime kr\u00e9mcsepp - MyChoccy\" \/>\n<meta property=\"og:description\" content=\"A kr\u00e9mcseppek megjelen\u00e9se m\u00e1r \u00f6nmag\u00e1ban el\u0151revet\u00edti, hogy mi tal\u00e1lhat\u00f3 az \u00e9dess\u00e9g belsej\u00e9ben. A klasszikus, l\u00e1gy karamell \u00edzvil\u00e1g\u00e1t egy r\u00e9teg lime kr\u00e9mmel\" \/>\n<meta property=\"og:url\" content=\"https:\/\/mychoccy.com\/en\/product\/karamell-lime-kremcsepp\/\" \/>\n<meta property=\"og:site_name\" content=\"MyChoccy\" \/>\n<meta property=\"article:modified_time\" content=\"2024-09-25T19:34:46+00:00\" \/>\n<meta property=\"og:image\" content=\"https:\/\/mychoccy.com\/wp-content\/uploads\/2020\/04\/karamell-lime-kcs.jpg\" \/>\n\t<meta property=\"og:image:width\" content=\"1200\" \/>\n\t<meta property=\"og:image:height\" content=\"880\" \/>\n\t<meta property=\"og:image:type\" content=\"image\/jpeg\" \/>\n<meta name=\"twitter:card\" content=\"summary_large_image\" \/>\n<meta name=\"twitter:label1\" content=\"Est. reading time\" \/>\n\t<meta name=\"twitter:data1\" content=\"1 minute\" \/>\n<script type=\"application\/ld+json\" class=\"yoast-schema-graph\">{\"@context\":\"https:\\\/\\\/schema.org\",\"@graph\":[{\"@type\":\"WebPage\",\"@id\":\"https:\\\/\\\/mychoccy.com\\\/en\\\/product\\\/karamell-lime-kremcsepp\\\/\",\"url\":\"https:\\\/\\\/mychoccy.com\\\/en\\\/product\\\/karamell-lime-kremcsepp\\\/\",\"name\":\"Karamell-lime kr\u00e9mcsepp - MyChoccy\",\"isPartOf\":{\"@id\":\"https:\\\/\\\/mychoccy.com\\\/en\\\/#website\"},\"primaryImageOfPage\":{\"@id\":\"https:\\\/\\\/mychoccy.com\\\/en\\\/product\\\/karamell-lime-kremcsepp\\\/#primaryimage\"},\"image\":{\"@id\":\"https:\\\/\\\/mychoccy.com\\\/en\\\/product\\\/karamell-lime-kremcsepp\\\/#primaryimage\"},\"thumbnailUrl\":\"https:\\\/\\\/mychoccy.com\\\/wp-content\\\/uploads\\\/2020\\\/04\\\/karamell-lime-kcs.jpg\",\"datePublished\":\"2020-04-11T15:04:28+00:00\",\"dateModified\":\"2024-09-25T19:34:46+00:00\",\"description\":\"A kr\u00e9mcseppek megjelen\u00e9se m\u00e1r \u00f6nmag\u00e1ban el\u0151revet\u00edti, hogy mi tal\u00e1lhat\u00f3 az \u00e9dess\u00e9g belsej\u00e9ben. A klasszikus, l\u00e1gy karamell \u00edzvil\u00e1g\u00e1t egy r\u00e9teg lime kr\u00e9mmel\",\"breadcrumb\":{\"@id\":\"https:\\\/\\\/mychoccy.com\\\/en\\\/product\\\/karamell-lime-kremcsepp\\\/#breadcrumb\"},\"inLanguage\":\"en-US\",\"potentialAction\":[{\"@type\":\"ReadAction\",\"target\":[\"https:\\\/\\\/mychoccy.com\\\/en\\\/product\\\/karamell-lime-kremcsepp\\\/\"]}]},{\"@type\":\"ImageObject\",\"inLanguage\":\"en-US\",\"@id\":\"https:\\\/\\\/mychoccy.com\\\/en\\\/product\\\/karamell-lime-kremcsepp\\\/#primaryimage\",\"url\":\"https:\\\/\\\/mychoccy.com\\\/wp-content\\\/uploads\\\/2020\\\/04\\\/karamell-lime-kcs.jpg\",\"contentUrl\":\"https:\\\/\\\/mychoccy.com\\\/wp-content\\\/uploads\\\/2020\\\/04\\\/karamell-lime-kcs.jpg\",\"width\":1200,\"height\":880,\"caption\":\"kr\u00e9mcsepp \\\/ karamell-lime\"},{\"@type\":\"BreadcrumbList\",\"@id\":\"https:\\\/\\\/mychoccy.com\\\/en\\\/product\\\/karamell-lime-kremcsepp\\\/#breadcrumb\",\"itemListElement\":[{\"@type\":\"ListItem\",\"position\":1,\"name\":\"Home\",\"item\":\"https:\\\/\\\/mychoccy.com\\\/en\\\/\"},{\"@type\":\"ListItem\",\"position\":2,\"name\":\"Shop\",\"item\":\"https:\\\/\\\/mychoccy.com\\\/en\\\/shop-2\\\/\"},{\"@type\":\"ListItem\",\"position\":3,\"name\":\"Karamell-lime kr\u00e9mcsepp\"}]},{\"@type\":\"WebSite\",\"@id\":\"https:\\\/\\\/mychoccy.com\\\/en\\\/#website\",\"url\":\"https:\\\/\\\/mychoccy.com\\\/en\\\/\",\"name\":\"MyChoccy\",\"description\":\"Csokol\u00e1d\u00e9 kreat\u00edvan\",\"potentialAction\":[{\"@type\":\"SearchAction\",\"target\":{\"@type\":\"EntryPoint\",\"urlTemplate\":\"https:\\\/\\\/mychoccy.com\\\/en\\\/?s={search_term_string}\"},\"query-input\":{\"@type\":\"PropertyValueSpecification\",\"valueRequired\":true,\"valueName\":\"search_term_string\"}}],\"inLanguage\":\"en-US\"}]}<\/script>\n<!-- \/ Yoast SEO plugin. -->","yoast_head_json":{"title":"Karamell-lime kr\u00e9mcsepp - MyChoccy","description":"A kr\u00e9mcseppek megjelen\u00e9se m\u00e1r \u00f6nmag\u00e1ban el\u0151revet\u00edti, hogy mi tal\u00e1lhat\u00f3 az \u00e9dess\u00e9g belsej\u00e9ben. A klasszikus, l\u00e1gy karamell \u00edzvil\u00e1g\u00e1t egy r\u00e9teg lime kr\u00e9mmel","robots":{"index":"index","follow":"follow","max-snippet":"max-snippet:-1","max-image-preview":"max-image-preview:large","max-video-preview":"max-video-preview:-1"},"canonical":"https:\/\/mychoccy.com\/en\/product\/karamell-lime-kremcsepp\/","og_locale":"en_US","og_type":"article","og_title":"Karamell-lime kr\u00e9mcsepp - MyChoccy","og_description":"A kr\u00e9mcseppek megjelen\u00e9se m\u00e1r \u00f6nmag\u00e1ban el\u0151revet\u00edti, hogy mi tal\u00e1lhat\u00f3 az \u00e9dess\u00e9g belsej\u00e9ben. A klasszikus, l\u00e1gy karamell \u00edzvil\u00e1g\u00e1t egy r\u00e9teg lime kr\u00e9mmel","og_url":"https:\/\/mychoccy.com\/en\/product\/karamell-lime-kremcsepp\/","og_site_name":"MyChoccy","article_modified_time":"2024-09-25T19:34:46+00:00","og_image":[{"width":1200,"height":880,"url":"https:\/\/mychoccy.com\/wp-content\/uploads\/2020\/04\/karamell-lime-kcs.jpg","type":"image\/jpeg"}],"twitter_card":"summary_large_image","twitter_misc":{"Est. reading time":"1 minute"},"schema":{"@context":"https:\/\/schema.org","@graph":[{"@type":"WebPage","@id":"https:\/\/mychoccy.com\/en\/product\/karamell-lime-kremcsepp\/","url":"https:\/\/mychoccy.com\/en\/product\/karamell-lime-kremcsepp\/","name":"Karamell-lime kr\u00e9mcsepp - MyChoccy","isPartOf":{"@id":"https:\/\/mychoccy.com\/en\/#website"},"primaryImageOfPage":{"@id":"https:\/\/mychoccy.com\/en\/product\/karamell-lime-kremcsepp\/#primaryimage"},"image":{"@id":"https:\/\/mychoccy.com\/en\/product\/karamell-lime-kremcsepp\/#primaryimage"},"thumbnailUrl":"https:\/\/mychoccy.com\/wp-content\/uploads\/2020\/04\/karamell-lime-kcs.jpg","datePublished":"2020-04-11T15:04:28+00:00","dateModified":"2024-09-25T19:34:46+00:00","description":"A kr\u00e9mcseppek megjelen\u00e9se m\u00e1r \u00f6nmag\u00e1ban el\u0151revet\u00edti, hogy mi tal\u00e1lhat\u00f3 az \u00e9dess\u00e9g belsej\u00e9ben. A klasszikus, l\u00e1gy karamell \u00edzvil\u00e1g\u00e1t egy r\u00e9teg lime kr\u00e9mmel","breadcrumb":{"@id":"https:\/\/mychoccy.com\/en\/product\/karamell-lime-kremcsepp\/#breadcrumb"},"inLanguage":"en-US","potentialAction":[{"@type":"ReadAction","target":["https:\/\/mychoccy.com\/en\/product\/karamell-lime-kremcsepp\/"]}]},{"@type":"ImageObject","inLanguage":"en-US","@id":"https:\/\/mychoccy.com\/en\/product\/karamell-lime-kremcsepp\/#primaryimage","url":"https:\/\/mychoccy.com\/wp-content\/uploads\/2020\/04\/karamell-lime-kcs.jpg","contentUrl":"https:\/\/mychoccy.com\/wp-content\/uploads\/2020\/04\/karamell-lime-kcs.jpg","width":1200,"height":880,"caption":"kr\u00e9mcsepp \/ karamell-lime"},{"@type":"BreadcrumbList","@id":"https:\/\/mychoccy.com\/en\/product\/karamell-lime-kremcsepp\/#breadcrumb","itemListElement":[{"@type":"ListItem","position":1,"name":"Home","item":"https:\/\/mychoccy.com\/en\/"},{"@type":"ListItem","position":2,"name":"Shop","item":"https:\/\/mychoccy.com\/en\/shop-2\/"},{"@type":"ListItem","position":3,"name":"Karamell-lime kr\u00e9mcsepp"}]},{"@type":"WebSite","@id":"https:\/\/mychoccy.com\/en\/#website","url":"https:\/\/mychoccy.com\/en\/","name":"MyChoccy","description":"Csokol\u00e1d\u00e9 kreat\u00edvan","potentialAction":[{"@type":"SearchAction","target":{"@type":"EntryPoint","urlTemplate":"https:\/\/mychoccy.com\/en\/?s={search_term_string}"},"query-input":{"@type":"PropertyValueSpecification","valueRequired":true,"valueName":"search_term_string"}}],"inLanguage":"en-US"}]}},"jetpack_sharing_enabled":true,"_links":{"self":[{"href":"https:\/\/mychoccy.com\/en\/wp-json\/wp\/v2\/product\/13285","targetHints":{"allow":["GET"]}}],"collection":[{"href":"https:\/\/mychoccy.com\/en\/wp-json\/wp\/v2\/product"}],"about":[{"href":"https:\/\/mychoccy.com\/en\/wp-json\/wp\/v2\/types\/product"}],"wp:featuredmedia":[{"embeddable":true,"href":"https:\/\/mychoccy.com\/en\/wp-json\/wp\/v2\/media\/12140"}],"wp:attachment":[{"href":"https:\/\/mychoccy.com\/en\/wp-json\/wp\/v2\/media?parent=13285"}],"wp:term":[{"taxonomy":"product_brand","embeddable":true,"href":"https:\/\/mychoccy.com\/en\/wp-json\/wp\/v2\/product_brand?post=13285"},{"taxonomy":"product_cat","embeddable":true,"href":"https:\/\/mychoccy.com\/en\/wp-json\/wp\/v2\/product_cat?post=13285"},{"taxonomy":"product_tag","embeddable":true,"href":"https:\/\/mychoccy.com\/en\/wp-json\/wp\/v2\/product_tag?post=13285"}],"curies":[{"name":"wp","href":"https:\/\/api.w.org\/{rel}","templated":true}]}}