{"id":13282,"date":"2020-04-11T17:04:28","date_gmt":"2020-04-11T15:04:28","guid":{"rendered":"https:\/\/mychoccy.com\/product\/vajkaramell-kocka\/"},"modified":"2026-01-08T08:08:48","modified_gmt":"2026-01-08T07:08:48","slug":"vajkaramell-kocka","status":"publish","type":"product","link":"https:\/\/mychoccy.com\/en\/product\/vajkaramell-kocka\/","title":{"rendered":"Vajkaramell kocka"},"content":{"rendered":"<p>\u00d6sszetev\u0151k: tejcsokol\u00e1d\u00e9, cukor, tejsz\u00edn, feh\u00e9r csokol\u00e1d\u00e9, vaj<\/p>\n<p>Allerg\u00e9nek: sz\u00f3jalecitin, tejpor, vaj<\/p>\n","protected":false},"excerpt":{"rendered":"<p>Az igazi, b\u00e9kebeli, l\u00e1gy vajkaramell kocka, kr\u00e9mes tejcsokol\u00e1d\u00e9ba m\u00e1rtva.<\/p>\n<p>Nett\u00f3 t\u00f6meg: 14 g<\/p>\n","protected":false},"featured_media":12781,"template":"","meta":{"inline_featured_image":false},"product_brand":[],"product_cat":[308],"product_tag":[319,300],"class_list":{"0":"post-13282","1":"product","2":"type-product","3":"status-publish","4":"has-post-thumbnail","6":"product_cat-vagott-bonbonok","7":"product_tag-karamell","8":"product_tag-tejcsokolade","10":"first","11":"instock","12":"taxable","13":"shipping-taxable","14":"purchasable","15":"product-type-simple"},"yoast_head":"<!-- This site is optimized with the Yoast SEO plugin v27.4 - https:\/\/yoast.com\/product\/yoast-seo-wordpress\/ -->\n<title>Vajkaramell kocka - MyChoccy<\/title>\n<meta name=\"description\" content=\"Az igazi, b\u00e9kebeli, l\u00e1gy vajkaramell kocka, kr\u00e9mes tejcsokol\u00e1d\u00e9ba m\u00e1rtva.  Nett\u00f3 t\u00f6meg: 14 g\" \/>\n<meta name=\"robots\" content=\"index, follow, max-snippet:-1, max-image-preview:large, max-video-preview:-1\" \/>\n<link rel=\"canonical\" href=\"https:\/\/mychoccy.com\/en\/product\/vajkaramell-kocka\/\" \/>\n<meta property=\"og:locale\" content=\"en_US\" \/>\n<meta property=\"og:type\" content=\"article\" \/>\n<meta property=\"og:title\" content=\"Vajkaramell kocka - MyChoccy\" \/>\n<meta property=\"og:description\" content=\"Az igazi, b\u00e9kebeli, l\u00e1gy vajkaramell kocka, kr\u00e9mes tejcsokol\u00e1d\u00e9ba m\u00e1rtva.  Nett\u00f3 t\u00f6meg: 14 g\" \/>\n<meta property=\"og:url\" content=\"https:\/\/mychoccy.com\/en\/product\/vajkaramell-kocka\/\" \/>\n<meta property=\"og:site_name\" content=\"MyChoccy\" \/>\n<meta property=\"article:modified_time\" content=\"2026-01-08T07:08:48+00:00\" \/>\n<meta property=\"og:image\" content=\"https:\/\/mychoccy.com\/wp-content\/uploads\/2020\/04\/vajkaramell.jpg\" \/>\n\t<meta property=\"og:image:width\" content=\"1200\" \/>\n\t<meta property=\"og:image:height\" content=\"880\" \/>\n\t<meta property=\"og:image:type\" content=\"image\/jpeg\" \/>\n<meta name=\"twitter:card\" content=\"summary_large_image\" \/>\n<script type=\"application\/ld+json\" class=\"yoast-schema-graph\">{\"@context\":\"https:\\\/\\\/schema.org\",\"@graph\":[{\"@type\":\"WebPage\",\"@id\":\"https:\\\/\\\/mychoccy.com\\\/en\\\/product\\\/vajkaramell-kocka\\\/\",\"url\":\"https:\\\/\\\/mychoccy.com\\\/en\\\/product\\\/vajkaramell-kocka\\\/\",\"name\":\"Vajkaramell kocka - MyChoccy\",\"isPartOf\":{\"@id\":\"https:\\\/\\\/mychoccy.com\\\/en\\\/#website\"},\"primaryImageOfPage\":{\"@id\":\"https:\\\/\\\/mychoccy.com\\\/en\\\/product\\\/vajkaramell-kocka\\\/#primaryimage\"},\"image\":{\"@id\":\"https:\\\/\\\/mychoccy.com\\\/en\\\/product\\\/vajkaramell-kocka\\\/#primaryimage\"},\"thumbnailUrl\":\"https:\\\/\\\/mychoccy.com\\\/wp-content\\\/uploads\\\/2020\\\/04\\\/vajkaramell.jpg\",\"datePublished\":\"2020-04-11T15:04:28+00:00\",\"dateModified\":\"2026-01-08T07:08:48+00:00\",\"description\":\"Az igazi, b\u00e9kebeli, l\u00e1gy vajkaramell kocka, kr\u00e9mes tejcsokol\u00e1d\u00e9ba m\u00e1rtva. Nett\u00f3 t\u00f6meg: 14 g\",\"breadcrumb\":{\"@id\":\"https:\\\/\\\/mychoccy.com\\\/en\\\/product\\\/vajkaramell-kocka\\\/#breadcrumb\"},\"inLanguage\":\"en-US\",\"potentialAction\":[{\"@type\":\"ReadAction\",\"target\":[\"https:\\\/\\\/mychoccy.com\\\/en\\\/product\\\/vajkaramell-kocka\\\/\"]}]},{\"@type\":\"ImageObject\",\"inLanguage\":\"en-US\",\"@id\":\"https:\\\/\\\/mychoccy.com\\\/en\\\/product\\\/vajkaramell-kocka\\\/#primaryimage\",\"url\":\"https:\\\/\\\/mychoccy.com\\\/wp-content\\\/uploads\\\/2020\\\/04\\\/vajkaramell.jpg\",\"contentUrl\":\"https:\\\/\\\/mychoccy.com\\\/wp-content\\\/uploads\\\/2020\\\/04\\\/vajkaramell.jpg\",\"width\":1200,\"height\":880},{\"@type\":\"BreadcrumbList\",\"@id\":\"https:\\\/\\\/mychoccy.com\\\/en\\\/product\\\/vajkaramell-kocka\\\/#breadcrumb\",\"itemListElement\":[{\"@type\":\"ListItem\",\"position\":1,\"name\":\"Home\",\"item\":\"https:\\\/\\\/mychoccy.com\\\/en\\\/\"},{\"@type\":\"ListItem\",\"position\":2,\"name\":\"Shop\",\"item\":\"https:\\\/\\\/mychoccy.com\\\/en\\\/shop-2\\\/\"},{\"@type\":\"ListItem\",\"position\":3,\"name\":\"Vajkaramell kocka\"}]},{\"@type\":\"WebSite\",\"@id\":\"https:\\\/\\\/mychoccy.com\\\/en\\\/#website\",\"url\":\"https:\\\/\\\/mychoccy.com\\\/en\\\/\",\"name\":\"MyChoccy\",\"description\":\"Csokol\u00e1d\u00e9 kreat\u00edvan\",\"potentialAction\":[{\"@type\":\"SearchAction\",\"target\":{\"@type\":\"EntryPoint\",\"urlTemplate\":\"https:\\\/\\\/mychoccy.com\\\/en\\\/?s={search_term_string}\"},\"query-input\":{\"@type\":\"PropertyValueSpecification\",\"valueRequired\":true,\"valueName\":\"search_term_string\"}}],\"inLanguage\":\"en-US\"}]}<\/script>\n<!-- \/ Yoast SEO plugin. -->","yoast_head_json":{"title":"Vajkaramell kocka - MyChoccy","description":"Az igazi, b\u00e9kebeli, l\u00e1gy vajkaramell kocka, kr\u00e9mes tejcsokol\u00e1d\u00e9ba m\u00e1rtva.  Nett\u00f3 t\u00f6meg: 14 g","robots":{"index":"index","follow":"follow","max-snippet":"max-snippet:-1","max-image-preview":"max-image-preview:large","max-video-preview":"max-video-preview:-1"},"canonical":"https:\/\/mychoccy.com\/en\/product\/vajkaramell-kocka\/","og_locale":"en_US","og_type":"article","og_title":"Vajkaramell kocka - MyChoccy","og_description":"Az igazi, b\u00e9kebeli, l\u00e1gy vajkaramell kocka, kr\u00e9mes tejcsokol\u00e1d\u00e9ba m\u00e1rtva.  Nett\u00f3 t\u00f6meg: 14 g","og_url":"https:\/\/mychoccy.com\/en\/product\/vajkaramell-kocka\/","og_site_name":"MyChoccy","article_modified_time":"2026-01-08T07:08:48+00:00","og_image":[{"width":1200,"height":880,"url":"https:\/\/mychoccy.com\/wp-content\/uploads\/2020\/04\/vajkaramell.jpg","type":"image\/jpeg"}],"twitter_card":"summary_large_image","schema":{"@context":"https:\/\/schema.org","@graph":[{"@type":"WebPage","@id":"https:\/\/mychoccy.com\/en\/product\/vajkaramell-kocka\/","url":"https:\/\/mychoccy.com\/en\/product\/vajkaramell-kocka\/","name":"Vajkaramell kocka - MyChoccy","isPartOf":{"@id":"https:\/\/mychoccy.com\/en\/#website"},"primaryImageOfPage":{"@id":"https:\/\/mychoccy.com\/en\/product\/vajkaramell-kocka\/#primaryimage"},"image":{"@id":"https:\/\/mychoccy.com\/en\/product\/vajkaramell-kocka\/#primaryimage"},"thumbnailUrl":"https:\/\/mychoccy.com\/wp-content\/uploads\/2020\/04\/vajkaramell.jpg","datePublished":"2020-04-11T15:04:28+00:00","dateModified":"2026-01-08T07:08:48+00:00","description":"Az igazi, b\u00e9kebeli, l\u00e1gy vajkaramell kocka, kr\u00e9mes tejcsokol\u00e1d\u00e9ba m\u00e1rtva. Nett\u00f3 t\u00f6meg: 14 g","breadcrumb":{"@id":"https:\/\/mychoccy.com\/en\/product\/vajkaramell-kocka\/#breadcrumb"},"inLanguage":"en-US","potentialAction":[{"@type":"ReadAction","target":["https:\/\/mychoccy.com\/en\/product\/vajkaramell-kocka\/"]}]},{"@type":"ImageObject","inLanguage":"en-US","@id":"https:\/\/mychoccy.com\/en\/product\/vajkaramell-kocka\/#primaryimage","url":"https:\/\/mychoccy.com\/wp-content\/uploads\/2020\/04\/vajkaramell.jpg","contentUrl":"https:\/\/mychoccy.com\/wp-content\/uploads\/2020\/04\/vajkaramell.jpg","width":1200,"height":880},{"@type":"BreadcrumbList","@id":"https:\/\/mychoccy.com\/en\/product\/vajkaramell-kocka\/#breadcrumb","itemListElement":[{"@type":"ListItem","position":1,"name":"Home","item":"https:\/\/mychoccy.com\/en\/"},{"@type":"ListItem","position":2,"name":"Shop","item":"https:\/\/mychoccy.com\/en\/shop-2\/"},{"@type":"ListItem","position":3,"name":"Vajkaramell kocka"}]},{"@type":"WebSite","@id":"https:\/\/mychoccy.com\/en\/#website","url":"https:\/\/mychoccy.com\/en\/","name":"MyChoccy","description":"Csokol\u00e1d\u00e9 kreat\u00edvan","potentialAction":[{"@type":"SearchAction","target":{"@type":"EntryPoint","urlTemplate":"https:\/\/mychoccy.com\/en\/?s={search_term_string}"},"query-input":{"@type":"PropertyValueSpecification","valueRequired":true,"valueName":"search_term_string"}}],"inLanguage":"en-US"}]}},"jetpack_sharing_enabled":true,"_links":{"self":[{"href":"https:\/\/mychoccy.com\/en\/wp-json\/wp\/v2\/product\/13282","targetHints":{"allow":["GET"]}}],"collection":[{"href":"https:\/\/mychoccy.com\/en\/wp-json\/wp\/v2\/product"}],"about":[{"href":"https:\/\/mychoccy.com\/en\/wp-json\/wp\/v2\/types\/product"}],"wp:featuredmedia":[{"embeddable":true,"href":"https:\/\/mychoccy.com\/en\/wp-json\/wp\/v2\/media\/12781"}],"wp:attachment":[{"href":"https:\/\/mychoccy.com\/en\/wp-json\/wp\/v2\/media?parent=13282"}],"wp:term":[{"taxonomy":"product_brand","embeddable":true,"href":"https:\/\/mychoccy.com\/en\/wp-json\/wp\/v2\/product_brand?post=13282"},{"taxonomy":"product_cat","embeddable":true,"href":"https:\/\/mychoccy.com\/en\/wp-json\/wp\/v2\/product_cat?post=13282"},{"taxonomy":"product_tag","embeddable":true,"href":"https:\/\/mychoccy.com\/en\/wp-json\/wp\/v2\/product_tag?post=13282"}],"curies":[{"name":"wp","href":"https:\/\/api.w.org\/{rel}","templated":true}]}}