{"id":13280,"date":"2020-04-11T17:04:28","date_gmt":"2020-04-11T15:04:28","guid":{"rendered":"https:\/\/mychoccy.com\/product\/kaves-marcipanos-kocka\/"},"modified":"2026-01-08T08:08:28","modified_gmt":"2026-01-08T07:08:28","slug":"kaves-marcipanos-kocka","status":"publish","type":"product","link":"https:\/\/mychoccy.com\/en\/product\/kaves-marcipanos-kocka\/","title":{"rendered":"K\u00e1v\u00e9s &#8211; marcip\u00e1nos kocka"},"content":{"rendered":"<p>\u00d6sszetev\u0151k: \u00e9tcsokol\u00e1d\u00e9, tejsz\u00edn, vaj, k\u00e1v\u00e9kivonat, marcip\u00e1n, csokis gabonagoly\u00f3k<\/p>\n<p>Allerg\u00e9nek: sz\u00f3jalecitin, tejpor, marcip\u00e1n, tejsz\u00edn, vaj, csokol\u00e1d\u00e9s gabonagoly\u00f3k (glut\u00e9n)<\/p>\n","protected":false},"excerpt":{"rendered":"<p>K\u00e9t v\u00e9kony r\u00e9teg l\u00fcbecki marcip\u00e1n k\u00f6z\u00e9 egy r\u00e9teg l\u00e1gy, keserny\u00e9s k\u00e1v\u00e9s kr\u00e9met rejtett\u00fcnk, majd v\u00e9kony r\u00e9teg \u00e9tcsokol\u00e1d\u00e9ba m\u00e1rtottuk.<\/p>\n<p>Nett\u00f3 t\u00f6meg:14 g<\/p>\n","protected":false},"featured_media":12148,"template":"","meta":{"inline_featured_image":false},"product_brand":[],"product_cat":[308],"product_tag":[184,316,317],"class_list":{"0":"post-13280","1":"product","2":"type-product","3":"status-publish","4":"has-post-thumbnail","6":"product_cat-vagott-bonbonok","7":"product_tag-etcsokolade","8":"product_tag-kave","9":"product_tag-marcipan","11":"first","12":"instock","13":"taxable","14":"shipping-taxable","15":"purchasable","16":"product-type-simple"},"yoast_head":"<!-- This site is optimized with the Yoast SEO plugin v27.4 - https:\/\/yoast.com\/product\/yoast-seo-wordpress\/ -->\n<title>K\u00e1v\u00e9s - marcip\u00e1nos kocka - MyChoccy<\/title>\n<meta name=\"description\" content=\"K\u00e9t v\u00e9kony r\u00e9teg l\u00fcbecki marcip\u00e1n k\u00f6z\u00e9 egy r\u00e9teg l\u00e1gy, keserny\u00e9s k\u00e1v\u00e9s kr\u00e9met rejtett\u00fcnk, majd v\u00e9kony r\u00e9teg \u00e9tcsokol\u00e1d\u00e9ba m\u00e1rtottuk.  Nett\u00f3 t\u00f6meg:14 g\" \/>\n<meta name=\"robots\" content=\"index, follow, max-snippet:-1, max-image-preview:large, max-video-preview:-1\" \/>\n<link rel=\"canonical\" href=\"https:\/\/mychoccy.com\/en\/product\/kaves-marcipanos-kocka\/\" \/>\n<meta property=\"og:locale\" content=\"en_US\" \/>\n<meta property=\"og:type\" content=\"article\" \/>\n<meta property=\"og:title\" content=\"K\u00e1v\u00e9s - marcip\u00e1nos kocka - MyChoccy\" \/>\n<meta property=\"og:description\" content=\"K\u00e9t v\u00e9kony r\u00e9teg l\u00fcbecki marcip\u00e1n k\u00f6z\u00e9 egy r\u00e9teg l\u00e1gy, keserny\u00e9s k\u00e1v\u00e9s kr\u00e9met rejtett\u00fcnk, majd v\u00e9kony r\u00e9teg \u00e9tcsokol\u00e1d\u00e9ba m\u00e1rtottuk.  Nett\u00f3 t\u00f6meg:14 g\" \/>\n<meta property=\"og:url\" content=\"https:\/\/mychoccy.com\/en\/product\/kaves-marcipanos-kocka\/\" \/>\n<meta property=\"og:site_name\" content=\"MyChoccy\" \/>\n<meta property=\"article:modified_time\" content=\"2026-01-08T07:08:28+00:00\" \/>\n<meta property=\"og:image\" content=\"https:\/\/mychoccy.com\/wp-content\/uploads\/2020\/04\/mokka-tr.jpg\" \/>\n\t<meta property=\"og:image:width\" content=\"1200\" \/>\n\t<meta property=\"og:image:height\" content=\"880\" \/>\n\t<meta property=\"og:image:type\" content=\"image\/jpeg\" \/>\n<meta name=\"twitter:card\" content=\"summary_large_image\" \/>\n<script type=\"application\/ld+json\" class=\"yoast-schema-graph\">{\"@context\":\"https:\\\/\\\/schema.org\",\"@graph\":[{\"@type\":\"WebPage\",\"@id\":\"https:\\\/\\\/mychoccy.com\\\/en\\\/product\\\/kaves-marcipanos-kocka\\\/\",\"url\":\"https:\\\/\\\/mychoccy.com\\\/en\\\/product\\\/kaves-marcipanos-kocka\\\/\",\"name\":\"K\u00e1v\u00e9s - marcip\u00e1nos kocka - MyChoccy\",\"isPartOf\":{\"@id\":\"https:\\\/\\\/mychoccy.com\\\/en\\\/#website\"},\"primaryImageOfPage\":{\"@id\":\"https:\\\/\\\/mychoccy.com\\\/en\\\/product\\\/kaves-marcipanos-kocka\\\/#primaryimage\"},\"image\":{\"@id\":\"https:\\\/\\\/mychoccy.com\\\/en\\\/product\\\/kaves-marcipanos-kocka\\\/#primaryimage\"},\"thumbnailUrl\":\"https:\\\/\\\/mychoccy.com\\\/wp-content\\\/uploads\\\/2020\\\/04\\\/mokka-tr.jpg\",\"datePublished\":\"2020-04-11T15:04:28+00:00\",\"dateModified\":\"2026-01-08T07:08:28+00:00\",\"description\":\"K\u00e9t v\u00e9kony r\u00e9teg l\u00fcbecki marcip\u00e1n k\u00f6z\u00e9 egy r\u00e9teg l\u00e1gy, keserny\u00e9s k\u00e1v\u00e9s kr\u00e9met rejtett\u00fcnk, majd v\u00e9kony r\u00e9teg \u00e9tcsokol\u00e1d\u00e9ba m\u00e1rtottuk. Nett\u00f3 t\u00f6meg:14 g\",\"breadcrumb\":{\"@id\":\"https:\\\/\\\/mychoccy.com\\\/en\\\/product\\\/kaves-marcipanos-kocka\\\/#breadcrumb\"},\"inLanguage\":\"en-US\",\"potentialAction\":[{\"@type\":\"ReadAction\",\"target\":[\"https:\\\/\\\/mychoccy.com\\\/en\\\/product\\\/kaves-marcipanos-kocka\\\/\"]}]},{\"@type\":\"ImageObject\",\"inLanguage\":\"en-US\",\"@id\":\"https:\\\/\\\/mychoccy.com\\\/en\\\/product\\\/kaves-marcipanos-kocka\\\/#primaryimage\",\"url\":\"https:\\\/\\\/mychoccy.com\\\/wp-content\\\/uploads\\\/2020\\\/04\\\/mokka-tr.jpg\",\"contentUrl\":\"https:\\\/\\\/mychoccy.com\\\/wp-content\\\/uploads\\\/2020\\\/04\\\/mokka-tr.jpg\",\"width\":1200,\"height\":880,\"caption\":\"k\u00e9zm\u0171ves bonbon \\\/ k\u00e1v\u00e9-marcip\u00e1n\"},{\"@type\":\"BreadcrumbList\",\"@id\":\"https:\\\/\\\/mychoccy.com\\\/en\\\/product\\\/kaves-marcipanos-kocka\\\/#breadcrumb\",\"itemListElement\":[{\"@type\":\"ListItem\",\"position\":1,\"name\":\"Home\",\"item\":\"https:\\\/\\\/mychoccy.com\\\/en\\\/\"},{\"@type\":\"ListItem\",\"position\":2,\"name\":\"Shop\",\"item\":\"https:\\\/\\\/mychoccy.com\\\/en\\\/shop-2\\\/\"},{\"@type\":\"ListItem\",\"position\":3,\"name\":\"K\u00e1v\u00e9s &#8211; marcip\u00e1nos kocka\"}]},{\"@type\":\"WebSite\",\"@id\":\"https:\\\/\\\/mychoccy.com\\\/en\\\/#website\",\"url\":\"https:\\\/\\\/mychoccy.com\\\/en\\\/\",\"name\":\"MyChoccy\",\"description\":\"Csokol\u00e1d\u00e9 kreat\u00edvan\",\"potentialAction\":[{\"@type\":\"SearchAction\",\"target\":{\"@type\":\"EntryPoint\",\"urlTemplate\":\"https:\\\/\\\/mychoccy.com\\\/en\\\/?s={search_term_string}\"},\"query-input\":{\"@type\":\"PropertyValueSpecification\",\"valueRequired\":true,\"valueName\":\"search_term_string\"}}],\"inLanguage\":\"en-US\"}]}<\/script>\n<!-- \/ Yoast SEO plugin. -->","yoast_head_json":{"title":"K\u00e1v\u00e9s - marcip\u00e1nos kocka - MyChoccy","description":"K\u00e9t v\u00e9kony r\u00e9teg l\u00fcbecki marcip\u00e1n k\u00f6z\u00e9 egy r\u00e9teg l\u00e1gy, keserny\u00e9s k\u00e1v\u00e9s kr\u00e9met rejtett\u00fcnk, majd v\u00e9kony r\u00e9teg \u00e9tcsokol\u00e1d\u00e9ba m\u00e1rtottuk.  Nett\u00f3 t\u00f6meg:14 g","robots":{"index":"index","follow":"follow","max-snippet":"max-snippet:-1","max-image-preview":"max-image-preview:large","max-video-preview":"max-video-preview:-1"},"canonical":"https:\/\/mychoccy.com\/en\/product\/kaves-marcipanos-kocka\/","og_locale":"en_US","og_type":"article","og_title":"K\u00e1v\u00e9s - marcip\u00e1nos kocka - MyChoccy","og_description":"K\u00e9t v\u00e9kony r\u00e9teg l\u00fcbecki marcip\u00e1n k\u00f6z\u00e9 egy r\u00e9teg l\u00e1gy, keserny\u00e9s k\u00e1v\u00e9s kr\u00e9met rejtett\u00fcnk, majd v\u00e9kony r\u00e9teg \u00e9tcsokol\u00e1d\u00e9ba m\u00e1rtottuk.  Nett\u00f3 t\u00f6meg:14 g","og_url":"https:\/\/mychoccy.com\/en\/product\/kaves-marcipanos-kocka\/","og_site_name":"MyChoccy","article_modified_time":"2026-01-08T07:08:28+00:00","og_image":[{"width":1200,"height":880,"url":"https:\/\/mychoccy.com\/wp-content\/uploads\/2020\/04\/mokka-tr.jpg","type":"image\/jpeg"}],"twitter_card":"summary_large_image","schema":{"@context":"https:\/\/schema.org","@graph":[{"@type":"WebPage","@id":"https:\/\/mychoccy.com\/en\/product\/kaves-marcipanos-kocka\/","url":"https:\/\/mychoccy.com\/en\/product\/kaves-marcipanos-kocka\/","name":"K\u00e1v\u00e9s - marcip\u00e1nos kocka - MyChoccy","isPartOf":{"@id":"https:\/\/mychoccy.com\/en\/#website"},"primaryImageOfPage":{"@id":"https:\/\/mychoccy.com\/en\/product\/kaves-marcipanos-kocka\/#primaryimage"},"image":{"@id":"https:\/\/mychoccy.com\/en\/product\/kaves-marcipanos-kocka\/#primaryimage"},"thumbnailUrl":"https:\/\/mychoccy.com\/wp-content\/uploads\/2020\/04\/mokka-tr.jpg","datePublished":"2020-04-11T15:04:28+00:00","dateModified":"2026-01-08T07:08:28+00:00","description":"K\u00e9t v\u00e9kony r\u00e9teg l\u00fcbecki marcip\u00e1n k\u00f6z\u00e9 egy r\u00e9teg l\u00e1gy, keserny\u00e9s k\u00e1v\u00e9s kr\u00e9met rejtett\u00fcnk, majd v\u00e9kony r\u00e9teg \u00e9tcsokol\u00e1d\u00e9ba m\u00e1rtottuk. Nett\u00f3 t\u00f6meg:14 g","breadcrumb":{"@id":"https:\/\/mychoccy.com\/en\/product\/kaves-marcipanos-kocka\/#breadcrumb"},"inLanguage":"en-US","potentialAction":[{"@type":"ReadAction","target":["https:\/\/mychoccy.com\/en\/product\/kaves-marcipanos-kocka\/"]}]},{"@type":"ImageObject","inLanguage":"en-US","@id":"https:\/\/mychoccy.com\/en\/product\/kaves-marcipanos-kocka\/#primaryimage","url":"https:\/\/mychoccy.com\/wp-content\/uploads\/2020\/04\/mokka-tr.jpg","contentUrl":"https:\/\/mychoccy.com\/wp-content\/uploads\/2020\/04\/mokka-tr.jpg","width":1200,"height":880,"caption":"k\u00e9zm\u0171ves bonbon \/ k\u00e1v\u00e9-marcip\u00e1n"},{"@type":"BreadcrumbList","@id":"https:\/\/mychoccy.com\/en\/product\/kaves-marcipanos-kocka\/#breadcrumb","itemListElement":[{"@type":"ListItem","position":1,"name":"Home","item":"https:\/\/mychoccy.com\/en\/"},{"@type":"ListItem","position":2,"name":"Shop","item":"https:\/\/mychoccy.com\/en\/shop-2\/"},{"@type":"ListItem","position":3,"name":"K\u00e1v\u00e9s &#8211; marcip\u00e1nos kocka"}]},{"@type":"WebSite","@id":"https:\/\/mychoccy.com\/en\/#website","url":"https:\/\/mychoccy.com\/en\/","name":"MyChoccy","description":"Csokol\u00e1d\u00e9 kreat\u00edvan","potentialAction":[{"@type":"SearchAction","target":{"@type":"EntryPoint","urlTemplate":"https:\/\/mychoccy.com\/en\/?s={search_term_string}"},"query-input":{"@type":"PropertyValueSpecification","valueRequired":true,"valueName":"search_term_string"}}],"inLanguage":"en-US"}]}},"jetpack_sharing_enabled":true,"_links":{"self":[{"href":"https:\/\/mychoccy.com\/en\/wp-json\/wp\/v2\/product\/13280","targetHints":{"allow":["GET"]}}],"collection":[{"href":"https:\/\/mychoccy.com\/en\/wp-json\/wp\/v2\/product"}],"about":[{"href":"https:\/\/mychoccy.com\/en\/wp-json\/wp\/v2\/types\/product"}],"wp:featuredmedia":[{"embeddable":true,"href":"https:\/\/mychoccy.com\/en\/wp-json\/wp\/v2\/media\/12148"}],"wp:attachment":[{"href":"https:\/\/mychoccy.com\/en\/wp-json\/wp\/v2\/media?parent=13280"}],"wp:term":[{"taxonomy":"product_brand","embeddable":true,"href":"https:\/\/mychoccy.com\/en\/wp-json\/wp\/v2\/product_brand?post=13280"},{"taxonomy":"product_cat","embeddable":true,"href":"https:\/\/mychoccy.com\/en\/wp-json\/wp\/v2\/product_cat?post=13280"},{"taxonomy":"product_tag","embeddable":true,"href":"https:\/\/mychoccy.com\/en\/wp-json\/wp\/v2\/product_tag?post=13280"}],"curies":[{"name":"wp","href":"https:\/\/api.w.org\/{rel}","templated":true}]}}