{"id":13279,"date":"2020-04-11T17:04:28","date_gmt":"2020-04-11T15:04:28","guid":{"rendered":"https:\/\/mychoccy.com\/product\/hagymas-mogyoros-kocka\/"},"modified":"2026-01-08T08:08:14","modified_gmt":"2026-01-08T07:08:14","slug":"hagymas-mogyoros-kocka","status":"publish","type":"product","link":"https:\/\/mychoccy.com\/en\/product\/hagymas-mogyoros-kocka\/","title":{"rendered":"Hagym\u00e1s &#8211; mogyor\u00f3s kocka"},"content":{"rendered":"<p>\u00d6sszetev\u0151k: tejcsokol\u00e1d\u00e9, tejsz\u00edn, vaj, pir\u00edtott hagyma, f\u00f6ldimogyor\u00f3 paszta<\/p>\n<p>Allerg\u00e9nek: sz\u00f3jalecitin, tejsz\u00edn, vaj, mogyor\u00f3, pir\u00edtott hagyma (glut\u00e9n)<\/p>\n","protected":false},"excerpt":{"rendered":"<p>M\u00e9g hogy v\u00f6r\u00f6shagym\u00e1b\u00f3l nem lehet \u00e9dess\u00e9get k\u00e9sz\u00edteni! Az els\u0151 falatn\u00e1l \u00fagy \u00e9rzed, mintha &#8220;csak egy&#8221; mogyor\u00f3s csokit k\u00f3stoln\u00e1l, azt\u00e1n kiteljesedik a pir\u00edtott hagyma arom\u00e1ja, melyet a l\u00e1gy tejcsokol\u00e1d\u00e9 hosszantart\u00f3 \u00edze k\u00eds\u00e9r v\u00e9gig. A k\u00fcl\u00f6nleges \u00edzek kedvel\u0151inek aj\u00e1nljuk.<\/p>\n<p>Nett\u00f3 t\u00f6meg: 14 g<\/p>\n","protected":false},"featured_media":11578,"template":"","meta":{"inline_featured_image":false},"product_brand":[],"product_cat":[308],"product_tag":[315,320,300],"class_list":{"0":"post-13279","1":"product","2":"type-product","3":"status-publish","4":"has-post-thumbnail","6":"product_cat-vagott-bonbonok","7":"product_tag-fuszer","8":"product_tag-olajos-mag","9":"product_tag-tejcsokolade","11":"first","12":"instock","13":"taxable","14":"shipping-taxable","15":"purchasable","16":"product-type-simple"},"yoast_head":"<!-- This site is optimized with the Yoast SEO plugin v27.4 - https:\/\/yoast.com\/product\/yoast-seo-wordpress\/ -->\n<title>Hagym\u00e1s - mogyor\u00f3s kocka - MyChoccy<\/title>\n<meta name=\"description\" content=\"M\u00e9g hogy v\u00f6r\u00f6shagym\u00e1b\u00f3l nem lehet \u00e9dess\u00e9get k\u00e9sz\u00edteni! Az els\u0151 falatn\u00e1l \u00fagy \u00e9rzed, mintha &quot;csak egy&quot; mogyor\u00f3s csokit k\u00f3stoln\u00e1l, azt\u00e1n kiteljesedik a pir\u00edtott hagyma arom\u00e1ja, melyet a l\u00e1gy tejcsokol\u00e1d\u00e9 hosszantart\u00f3 \u00edze k\u00eds\u00e9r v\u00e9gig. A k\u00fcl\u00f6nleges \u00edzek kedvel\u0151inek aj\u00e1nljuk.  Nett\u00f3 t\u00f6meg: 14 g\" \/>\n<meta name=\"robots\" content=\"index, follow, max-snippet:-1, max-image-preview:large, max-video-preview:-1\" \/>\n<link rel=\"canonical\" href=\"https:\/\/mychoccy.com\/en\/product\/hagymas-mogyoros-kocka\/\" \/>\n<meta property=\"og:locale\" content=\"en_US\" \/>\n<meta property=\"og:type\" content=\"article\" \/>\n<meta property=\"og:title\" content=\"Hagym\u00e1s - mogyor\u00f3s kocka - MyChoccy\" \/>\n<meta property=\"og:description\" content=\"M\u00e9g hogy v\u00f6r\u00f6shagym\u00e1b\u00f3l nem lehet \u00e9dess\u00e9get k\u00e9sz\u00edteni! Az els\u0151 falatn\u00e1l \u00fagy \u00e9rzed, mintha &quot;csak egy&quot; mogyor\u00f3s csokit k\u00f3stoln\u00e1l, azt\u00e1n kiteljesedik a pir\u00edtott hagyma arom\u00e1ja, melyet a l\u00e1gy tejcsokol\u00e1d\u00e9 hosszantart\u00f3 \u00edze k\u00eds\u00e9r v\u00e9gig. A k\u00fcl\u00f6nleges \u00edzek kedvel\u0151inek aj\u00e1nljuk.  Nett\u00f3 t\u00f6meg: 14 g\" \/>\n<meta property=\"og:url\" content=\"https:\/\/mychoccy.com\/en\/product\/hagymas-mogyoros-kocka\/\" \/>\n<meta property=\"og:site_name\" content=\"MyChoccy\" \/>\n<meta property=\"article:modified_time\" content=\"2026-01-08T07:08:14+00:00\" \/>\n<meta property=\"og:image\" content=\"https:\/\/mychoccy.com\/wp-content\/uploads\/2020\/03\/hagym\u00e1s-mogyor\u00f3s.jpg\" \/>\n\t<meta property=\"og:image:width\" content=\"1200\" \/>\n\t<meta property=\"og:image:height\" content=\"880\" \/>\n\t<meta property=\"og:image:type\" content=\"image\/jpeg\" \/>\n<meta name=\"twitter:card\" content=\"summary_large_image\" \/>\n<script type=\"application\/ld+json\" class=\"yoast-schema-graph\">{\"@context\":\"https:\\\/\\\/schema.org\",\"@graph\":[{\"@type\":\"WebPage\",\"@id\":\"https:\\\/\\\/mychoccy.com\\\/en\\\/product\\\/hagymas-mogyoros-kocka\\\/\",\"url\":\"https:\\\/\\\/mychoccy.com\\\/en\\\/product\\\/hagymas-mogyoros-kocka\\\/\",\"name\":\"Hagym\u00e1s - mogyor\u00f3s kocka - MyChoccy\",\"isPartOf\":{\"@id\":\"https:\\\/\\\/mychoccy.com\\\/en\\\/#website\"},\"primaryImageOfPage\":{\"@id\":\"https:\\\/\\\/mychoccy.com\\\/en\\\/product\\\/hagymas-mogyoros-kocka\\\/#primaryimage\"},\"image\":{\"@id\":\"https:\\\/\\\/mychoccy.com\\\/en\\\/product\\\/hagymas-mogyoros-kocka\\\/#primaryimage\"},\"thumbnailUrl\":\"https:\\\/\\\/mychoccy.com\\\/wp-content\\\/uploads\\\/2020\\\/03\\\/hagym\u00e1s-mogyor\u00f3s.jpg\",\"datePublished\":\"2020-04-11T15:04:28+00:00\",\"dateModified\":\"2026-01-08T07:08:14+00:00\",\"description\":\"M\u00e9g hogy v\u00f6r\u00f6shagym\u00e1b\u00f3l nem lehet \u00e9dess\u00e9get k\u00e9sz\u00edteni! Az els\u0151 falatn\u00e1l \u00fagy \u00e9rzed, mintha \\\"csak egy\\\" mogyor\u00f3s csokit k\u00f3stoln\u00e1l, azt\u00e1n kiteljesedik a pir\u00edtott hagyma arom\u00e1ja, melyet a l\u00e1gy tejcsokol\u00e1d\u00e9 hosszantart\u00f3 \u00edze k\u00eds\u00e9r v\u00e9gig. A k\u00fcl\u00f6nleges \u00edzek kedvel\u0151inek aj\u00e1nljuk. Nett\u00f3 t\u00f6meg: 14 g\",\"breadcrumb\":{\"@id\":\"https:\\\/\\\/mychoccy.com\\\/en\\\/product\\\/hagymas-mogyoros-kocka\\\/#breadcrumb\"},\"inLanguage\":\"en-US\",\"potentialAction\":[{\"@type\":\"ReadAction\",\"target\":[\"https:\\\/\\\/mychoccy.com\\\/en\\\/product\\\/hagymas-mogyoros-kocka\\\/\"]}]},{\"@type\":\"ImageObject\",\"inLanguage\":\"en-US\",\"@id\":\"https:\\\/\\\/mychoccy.com\\\/en\\\/product\\\/hagymas-mogyoros-kocka\\\/#primaryimage\",\"url\":\"https:\\\/\\\/mychoccy.com\\\/wp-content\\\/uploads\\\/2020\\\/03\\\/hagym\u00e1s-mogyor\u00f3s.jpg\",\"contentUrl\":\"https:\\\/\\\/mychoccy.com\\\/wp-content\\\/uploads\\\/2020\\\/03\\\/hagym\u00e1s-mogyor\u00f3s.jpg\",\"width\":1200,\"height\":880},{\"@type\":\"BreadcrumbList\",\"@id\":\"https:\\\/\\\/mychoccy.com\\\/en\\\/product\\\/hagymas-mogyoros-kocka\\\/#breadcrumb\",\"itemListElement\":[{\"@type\":\"ListItem\",\"position\":1,\"name\":\"Home\",\"item\":\"https:\\\/\\\/mychoccy.com\\\/en\\\/\"},{\"@type\":\"ListItem\",\"position\":2,\"name\":\"Shop\",\"item\":\"https:\\\/\\\/mychoccy.com\\\/en\\\/shop-2\\\/\"},{\"@type\":\"ListItem\",\"position\":3,\"name\":\"Hagym\u00e1s &#8211; mogyor\u00f3s kocka\"}]},{\"@type\":\"WebSite\",\"@id\":\"https:\\\/\\\/mychoccy.com\\\/en\\\/#website\",\"url\":\"https:\\\/\\\/mychoccy.com\\\/en\\\/\",\"name\":\"MyChoccy\",\"description\":\"Csokol\u00e1d\u00e9 kreat\u00edvan\",\"potentialAction\":[{\"@type\":\"SearchAction\",\"target\":{\"@type\":\"EntryPoint\",\"urlTemplate\":\"https:\\\/\\\/mychoccy.com\\\/en\\\/?s={search_term_string}\"},\"query-input\":{\"@type\":\"PropertyValueSpecification\",\"valueRequired\":true,\"valueName\":\"search_term_string\"}}],\"inLanguage\":\"en-US\"}]}<\/script>\n<!-- \/ Yoast SEO plugin. -->","yoast_head_json":{"title":"Hagym\u00e1s - mogyor\u00f3s kocka - MyChoccy","description":"M\u00e9g hogy v\u00f6r\u00f6shagym\u00e1b\u00f3l nem lehet \u00e9dess\u00e9get k\u00e9sz\u00edteni! Az els\u0151 falatn\u00e1l \u00fagy \u00e9rzed, mintha \"csak egy\" mogyor\u00f3s csokit k\u00f3stoln\u00e1l, azt\u00e1n kiteljesedik a pir\u00edtott hagyma arom\u00e1ja, melyet a l\u00e1gy tejcsokol\u00e1d\u00e9 hosszantart\u00f3 \u00edze k\u00eds\u00e9r v\u00e9gig. A k\u00fcl\u00f6nleges \u00edzek kedvel\u0151inek aj\u00e1nljuk.  Nett\u00f3 t\u00f6meg: 14 g","robots":{"index":"index","follow":"follow","max-snippet":"max-snippet:-1","max-image-preview":"max-image-preview:large","max-video-preview":"max-video-preview:-1"},"canonical":"https:\/\/mychoccy.com\/en\/product\/hagymas-mogyoros-kocka\/","og_locale":"en_US","og_type":"article","og_title":"Hagym\u00e1s - mogyor\u00f3s kocka - MyChoccy","og_description":"M\u00e9g hogy v\u00f6r\u00f6shagym\u00e1b\u00f3l nem lehet \u00e9dess\u00e9get k\u00e9sz\u00edteni! Az els\u0151 falatn\u00e1l \u00fagy \u00e9rzed, mintha \"csak egy\" mogyor\u00f3s csokit k\u00f3stoln\u00e1l, azt\u00e1n kiteljesedik a pir\u00edtott hagyma arom\u00e1ja, melyet a l\u00e1gy tejcsokol\u00e1d\u00e9 hosszantart\u00f3 \u00edze k\u00eds\u00e9r v\u00e9gig. A k\u00fcl\u00f6nleges \u00edzek kedvel\u0151inek aj\u00e1nljuk.  Nett\u00f3 t\u00f6meg: 14 g","og_url":"https:\/\/mychoccy.com\/en\/product\/hagymas-mogyoros-kocka\/","og_site_name":"MyChoccy","article_modified_time":"2026-01-08T07:08:14+00:00","og_image":[{"width":1200,"height":880,"url":"https:\/\/mychoccy.com\/wp-content\/uploads\/2020\/03\/hagym\u00e1s-mogyor\u00f3s.jpg","type":"image\/jpeg"}],"twitter_card":"summary_large_image","schema":{"@context":"https:\/\/schema.org","@graph":[{"@type":"WebPage","@id":"https:\/\/mychoccy.com\/en\/product\/hagymas-mogyoros-kocka\/","url":"https:\/\/mychoccy.com\/en\/product\/hagymas-mogyoros-kocka\/","name":"Hagym\u00e1s - mogyor\u00f3s kocka - MyChoccy","isPartOf":{"@id":"https:\/\/mychoccy.com\/en\/#website"},"primaryImageOfPage":{"@id":"https:\/\/mychoccy.com\/en\/product\/hagymas-mogyoros-kocka\/#primaryimage"},"image":{"@id":"https:\/\/mychoccy.com\/en\/product\/hagymas-mogyoros-kocka\/#primaryimage"},"thumbnailUrl":"https:\/\/mychoccy.com\/wp-content\/uploads\/2020\/03\/hagym\u00e1s-mogyor\u00f3s.jpg","datePublished":"2020-04-11T15:04:28+00:00","dateModified":"2026-01-08T07:08:14+00:00","description":"M\u00e9g hogy v\u00f6r\u00f6shagym\u00e1b\u00f3l nem lehet \u00e9dess\u00e9get k\u00e9sz\u00edteni! Az els\u0151 falatn\u00e1l \u00fagy \u00e9rzed, mintha \"csak egy\" mogyor\u00f3s csokit k\u00f3stoln\u00e1l, azt\u00e1n kiteljesedik a pir\u00edtott hagyma arom\u00e1ja, melyet a l\u00e1gy tejcsokol\u00e1d\u00e9 hosszantart\u00f3 \u00edze k\u00eds\u00e9r v\u00e9gig. A k\u00fcl\u00f6nleges \u00edzek kedvel\u0151inek aj\u00e1nljuk. Nett\u00f3 t\u00f6meg: 14 g","breadcrumb":{"@id":"https:\/\/mychoccy.com\/en\/product\/hagymas-mogyoros-kocka\/#breadcrumb"},"inLanguage":"en-US","potentialAction":[{"@type":"ReadAction","target":["https:\/\/mychoccy.com\/en\/product\/hagymas-mogyoros-kocka\/"]}]},{"@type":"ImageObject","inLanguage":"en-US","@id":"https:\/\/mychoccy.com\/en\/product\/hagymas-mogyoros-kocka\/#primaryimage","url":"https:\/\/mychoccy.com\/wp-content\/uploads\/2020\/03\/hagym\u00e1s-mogyor\u00f3s.jpg","contentUrl":"https:\/\/mychoccy.com\/wp-content\/uploads\/2020\/03\/hagym\u00e1s-mogyor\u00f3s.jpg","width":1200,"height":880},{"@type":"BreadcrumbList","@id":"https:\/\/mychoccy.com\/en\/product\/hagymas-mogyoros-kocka\/#breadcrumb","itemListElement":[{"@type":"ListItem","position":1,"name":"Home","item":"https:\/\/mychoccy.com\/en\/"},{"@type":"ListItem","position":2,"name":"Shop","item":"https:\/\/mychoccy.com\/en\/shop-2\/"},{"@type":"ListItem","position":3,"name":"Hagym\u00e1s &#8211; mogyor\u00f3s kocka"}]},{"@type":"WebSite","@id":"https:\/\/mychoccy.com\/en\/#website","url":"https:\/\/mychoccy.com\/en\/","name":"MyChoccy","description":"Csokol\u00e1d\u00e9 kreat\u00edvan","potentialAction":[{"@type":"SearchAction","target":{"@type":"EntryPoint","urlTemplate":"https:\/\/mychoccy.com\/en\/?s={search_term_string}"},"query-input":{"@type":"PropertyValueSpecification","valueRequired":true,"valueName":"search_term_string"}}],"inLanguage":"en-US"}]}},"jetpack_sharing_enabled":true,"_links":{"self":[{"href":"https:\/\/mychoccy.com\/en\/wp-json\/wp\/v2\/product\/13279","targetHints":{"allow":["GET"]}}],"collection":[{"href":"https:\/\/mychoccy.com\/en\/wp-json\/wp\/v2\/product"}],"about":[{"href":"https:\/\/mychoccy.com\/en\/wp-json\/wp\/v2\/types\/product"}],"wp:featuredmedia":[{"embeddable":true,"href":"https:\/\/mychoccy.com\/en\/wp-json\/wp\/v2\/media\/11578"}],"wp:attachment":[{"href":"https:\/\/mychoccy.com\/en\/wp-json\/wp\/v2\/media?parent=13279"}],"wp:term":[{"taxonomy":"product_brand","embeddable":true,"href":"https:\/\/mychoccy.com\/en\/wp-json\/wp\/v2\/product_brand?post=13279"},{"taxonomy":"product_cat","embeddable":true,"href":"https:\/\/mychoccy.com\/en\/wp-json\/wp\/v2\/product_cat?post=13279"},{"taxonomy":"product_tag","embeddable":true,"href":"https:\/\/mychoccy.com\/en\/wp-json\/wp\/v2\/product_tag?post=13279"}],"curies":[{"name":"wp","href":"https:\/\/api.w.org\/{rel}","templated":true}]}}