{"id":13267,"date":"2020-04-11T17:04:25","date_gmt":"2020-04-11T15:04:25","guid":{"rendered":"https:\/\/mychoccy.com\/product\/kokusz-mandula-truffel\/"},"modified":"2025-09-12T11:30:10","modified_gmt":"2025-09-12T09:30:10","slug":"kokusz-mandula-truffel","status":"publish","type":"product","link":"https:\/\/mychoccy.com\/en\/product\/kokusz-mandula-truffel\/","title":{"rendered":"K\u00f3kusz &#8211; mandula tr\u00fcffel"},"content":{"rendered":"<p>Klasszikus, \u00e9des \u00e9s kr\u00e9mes p\u00e1ros\u00edt\u00e1s. Arom\u00e1s, pir\u00edtott k\u00f3kuszos \u00e9dess\u00e9g egy szem mandul\u00e1val a k\u00f6zep\u00e9n, k\u00f6v\u00e9r k\u00f3kuszpelyhekbe forgatva.<\/p>\n<p>Nett\u00f3 t\u00f6meg: 11 g<\/p>\n<p>\u00d6sszetev\u0151k: feh\u00e9r csokol\u00e1d\u00e9, tejsz\u00edn, mandula, mandula paszta, k\u00f3kuszreszel\u00e9k, vaj<\/p>\n<p>Allerg\u00e9nek: sz\u00f3jalecitin, tejsz\u00edn, vaj, mandula<\/p>\n","protected":false},"excerpt":{"rendered":"<p>Klasszikus, \u00e9des \u00e9s kr\u00e9mes p\u00e1ros\u00edt\u00e1s. Arom\u00e1s, pir\u00edtott k\u00f3kuszos \u00e9dess\u00e9g egy szem mandul\u00e1val a k\u00f6zep\u00e9n, k\u00f6v\u00e9r k\u00f3kuszpelyhekbe forgatva. Nett\u00f3 t\u00f6meg: 11 g \u00d6sszetev\u0151k: feh\u00e9r csokol\u00e1d\u00e9, tejsz\u00edn, mandula, mandula paszta, k\u00f3kuszreszel\u00e9k, vaj Allerg\u00e9nek: sz\u00f3jalecitin, tejsz\u00edn, vaj, mandula<\/p>\n","protected":false},"featured_media":12042,"template":"","meta":{"inline_featured_image":false},"product_brand":[],"product_cat":[307],"product_tag":[313,320,300],"class_list":{"0":"post-13267","1":"product","2":"type-product","3":"status-publish","4":"has-post-thumbnail","6":"product_cat-truffelek","7":"product_tag-gyumolcs","8":"product_tag-olajos-mag","9":"product_tag-tejcsokolade","11":"first","12":"instock","13":"taxable","14":"shipping-taxable","15":"purchasable","16":"product-type-simple"},"yoast_head":"<!-- This site is optimized with the Yoast SEO plugin v27.5 - https:\/\/yoast.com\/product\/yoast-seo-wordpress\/ -->\n<title>K\u00f3kusz - mandula tr\u00fcffel - MyChoccy<\/title>\n<meta name=\"description\" content=\"Klasszikus, \u00e9des \u00e9s kr\u00e9mes p\u00e1ros\u00edt\u00e1s. Arom\u00e1s, pir\u00edtott k\u00f3kuszos \u00e9dess\u00e9g egy szem mandul\u00e1val a k\u00f6zep\u00e9n, k\u00f6v\u00e9r k\u00f3kuszpelyhekbe forgatva. Nett\u00f3 t\u00f6meg: 11 g\" \/>\n<meta name=\"robots\" content=\"index, follow, max-snippet:-1, max-image-preview:large, max-video-preview:-1\" \/>\n<link rel=\"canonical\" href=\"https:\/\/mychoccy.com\/en\/product\/kokusz-mandula-truffel\/\" \/>\n<meta property=\"og:locale\" content=\"en_US\" \/>\n<meta property=\"og:type\" content=\"article\" \/>\n<meta property=\"og:title\" content=\"K\u00f3kusz - mandula tr\u00fcffel - MyChoccy\" \/>\n<meta property=\"og:description\" content=\"Klasszikus, \u00e9des \u00e9s kr\u00e9mes p\u00e1ros\u00edt\u00e1s. Arom\u00e1s, pir\u00edtott k\u00f3kuszos \u00e9dess\u00e9g egy szem mandul\u00e1val a k\u00f6zep\u00e9n, k\u00f6v\u00e9r k\u00f3kuszpelyhekbe forgatva. Nett\u00f3 t\u00f6meg: 11 g\" \/>\n<meta property=\"og:url\" content=\"https:\/\/mychoccy.com\/en\/product\/kokusz-mandula-truffel\/\" \/>\n<meta property=\"og:site_name\" content=\"MyChoccy\" \/>\n<meta property=\"article:modified_time\" content=\"2025-09-12T09:30:10+00:00\" \/>\n<meta property=\"og:image\" content=\"https:\/\/mychoccy.com\/wp-content\/uploads\/2020\/04\/k\u00f3kusz-mandula-tr.jpg\" \/>\n\t<meta property=\"og:image:width\" content=\"1200\" \/>\n\t<meta property=\"og:image:height\" content=\"880\" \/>\n\t<meta property=\"og:image:type\" content=\"image\/jpeg\" \/>\n<meta name=\"twitter:card\" content=\"summary_large_image\" \/>\n<meta name=\"twitter:label1\" content=\"Est. reading time\" \/>\n\t<meta name=\"twitter:data1\" content=\"1 minute\" \/>\n<script type=\"application\/ld+json\" class=\"yoast-schema-graph\">{\"@context\":\"https:\\\/\\\/schema.org\",\"@graph\":[{\"@type\":\"WebPage\",\"@id\":\"https:\\\/\\\/mychoccy.com\\\/en\\\/product\\\/kokusz-mandula-truffel\\\/\",\"url\":\"https:\\\/\\\/mychoccy.com\\\/en\\\/product\\\/kokusz-mandula-truffel\\\/\",\"name\":\"K\u00f3kusz - mandula tr\u00fcffel - MyChoccy\",\"isPartOf\":{\"@id\":\"https:\\\/\\\/mychoccy.com\\\/en\\\/#website\"},\"primaryImageOfPage\":{\"@id\":\"https:\\\/\\\/mychoccy.com\\\/en\\\/product\\\/kokusz-mandula-truffel\\\/#primaryimage\"},\"image\":{\"@id\":\"https:\\\/\\\/mychoccy.com\\\/en\\\/product\\\/kokusz-mandula-truffel\\\/#primaryimage\"},\"thumbnailUrl\":\"https:\\\/\\\/mychoccy.com\\\/wp-content\\\/uploads\\\/2020\\\/04\\\/k\u00f3kusz-mandula-tr.jpg\",\"datePublished\":\"2020-04-11T15:04:25+00:00\",\"dateModified\":\"2025-09-12T09:30:10+00:00\",\"description\":\"Klasszikus, \u00e9des \u00e9s kr\u00e9mes p\u00e1ros\u00edt\u00e1s. Arom\u00e1s, pir\u00edtott k\u00f3kuszos \u00e9dess\u00e9g egy szem mandul\u00e1val a k\u00f6zep\u00e9n, k\u00f6v\u00e9r k\u00f3kuszpelyhekbe forgatva. Nett\u00f3 t\u00f6meg: 11 g\",\"breadcrumb\":{\"@id\":\"https:\\\/\\\/mychoccy.com\\\/en\\\/product\\\/kokusz-mandula-truffel\\\/#breadcrumb\"},\"inLanguage\":\"en-US\",\"potentialAction\":[{\"@type\":\"ReadAction\",\"target\":[\"https:\\\/\\\/mychoccy.com\\\/en\\\/product\\\/kokusz-mandula-truffel\\\/\"]}]},{\"@type\":\"ImageObject\",\"inLanguage\":\"en-US\",\"@id\":\"https:\\\/\\\/mychoccy.com\\\/en\\\/product\\\/kokusz-mandula-truffel\\\/#primaryimage\",\"url\":\"https:\\\/\\\/mychoccy.com\\\/wp-content\\\/uploads\\\/2020\\\/04\\\/k\u00f3kusz-mandula-tr.jpg\",\"contentUrl\":\"https:\\\/\\\/mychoccy.com\\\/wp-content\\\/uploads\\\/2020\\\/04\\\/k\u00f3kusz-mandula-tr.jpg\",\"width\":1200,\"height\":880,\"caption\":\"k\u00e9zm\u0171ves tr\u00fcffel \\\/ k\u00f3kusz-mandula\"},{\"@type\":\"BreadcrumbList\",\"@id\":\"https:\\\/\\\/mychoccy.com\\\/en\\\/product\\\/kokusz-mandula-truffel\\\/#breadcrumb\",\"itemListElement\":[{\"@type\":\"ListItem\",\"position\":1,\"name\":\"Home\",\"item\":\"https:\\\/\\\/mychoccy.com\\\/en\\\/\"},{\"@type\":\"ListItem\",\"position\":2,\"name\":\"Shop\",\"item\":\"https:\\\/\\\/mychoccy.com\\\/en\\\/shop-2\\\/\"},{\"@type\":\"ListItem\",\"position\":3,\"name\":\"K\u00f3kusz &#8211; mandula tr\u00fcffel\"}]},{\"@type\":\"WebSite\",\"@id\":\"https:\\\/\\\/mychoccy.com\\\/en\\\/#website\",\"url\":\"https:\\\/\\\/mychoccy.com\\\/en\\\/\",\"name\":\"MyChoccy\",\"description\":\"Csokol\u00e1d\u00e9 kreat\u00edvan\",\"potentialAction\":[{\"@type\":\"SearchAction\",\"target\":{\"@type\":\"EntryPoint\",\"urlTemplate\":\"https:\\\/\\\/mychoccy.com\\\/en\\\/?s={search_term_string}\"},\"query-input\":{\"@type\":\"PropertyValueSpecification\",\"valueRequired\":true,\"valueName\":\"search_term_string\"}}],\"inLanguage\":\"en-US\"}]}<\/script>\n<!-- \/ Yoast SEO plugin. -->","yoast_head_json":{"title":"K\u00f3kusz - mandula tr\u00fcffel - MyChoccy","description":"Klasszikus, \u00e9des \u00e9s kr\u00e9mes p\u00e1ros\u00edt\u00e1s. Arom\u00e1s, pir\u00edtott k\u00f3kuszos \u00e9dess\u00e9g egy szem mandul\u00e1val a k\u00f6zep\u00e9n, k\u00f6v\u00e9r k\u00f3kuszpelyhekbe forgatva. Nett\u00f3 t\u00f6meg: 11 g","robots":{"index":"index","follow":"follow","max-snippet":"max-snippet:-1","max-image-preview":"max-image-preview:large","max-video-preview":"max-video-preview:-1"},"canonical":"https:\/\/mychoccy.com\/en\/product\/kokusz-mandula-truffel\/","og_locale":"en_US","og_type":"article","og_title":"K\u00f3kusz - mandula tr\u00fcffel - MyChoccy","og_description":"Klasszikus, \u00e9des \u00e9s kr\u00e9mes p\u00e1ros\u00edt\u00e1s. Arom\u00e1s, pir\u00edtott k\u00f3kuszos \u00e9dess\u00e9g egy szem mandul\u00e1val a k\u00f6zep\u00e9n, k\u00f6v\u00e9r k\u00f3kuszpelyhekbe forgatva. Nett\u00f3 t\u00f6meg: 11 g","og_url":"https:\/\/mychoccy.com\/en\/product\/kokusz-mandula-truffel\/","og_site_name":"MyChoccy","article_modified_time":"2025-09-12T09:30:10+00:00","og_image":[{"width":1200,"height":880,"url":"https:\/\/mychoccy.com\/wp-content\/uploads\/2020\/04\/k\u00f3kusz-mandula-tr.jpg","type":"image\/jpeg"}],"twitter_card":"summary_large_image","twitter_misc":{"Est. reading time":"1 minute"},"schema":{"@context":"https:\/\/schema.org","@graph":[{"@type":"WebPage","@id":"https:\/\/mychoccy.com\/en\/product\/kokusz-mandula-truffel\/","url":"https:\/\/mychoccy.com\/en\/product\/kokusz-mandula-truffel\/","name":"K\u00f3kusz - mandula tr\u00fcffel - MyChoccy","isPartOf":{"@id":"https:\/\/mychoccy.com\/en\/#website"},"primaryImageOfPage":{"@id":"https:\/\/mychoccy.com\/en\/product\/kokusz-mandula-truffel\/#primaryimage"},"image":{"@id":"https:\/\/mychoccy.com\/en\/product\/kokusz-mandula-truffel\/#primaryimage"},"thumbnailUrl":"https:\/\/mychoccy.com\/wp-content\/uploads\/2020\/04\/k\u00f3kusz-mandula-tr.jpg","datePublished":"2020-04-11T15:04:25+00:00","dateModified":"2025-09-12T09:30:10+00:00","description":"Klasszikus, \u00e9des \u00e9s kr\u00e9mes p\u00e1ros\u00edt\u00e1s. Arom\u00e1s, pir\u00edtott k\u00f3kuszos \u00e9dess\u00e9g egy szem mandul\u00e1val a k\u00f6zep\u00e9n, k\u00f6v\u00e9r k\u00f3kuszpelyhekbe forgatva. Nett\u00f3 t\u00f6meg: 11 g","breadcrumb":{"@id":"https:\/\/mychoccy.com\/en\/product\/kokusz-mandula-truffel\/#breadcrumb"},"inLanguage":"en-US","potentialAction":[{"@type":"ReadAction","target":["https:\/\/mychoccy.com\/en\/product\/kokusz-mandula-truffel\/"]}]},{"@type":"ImageObject","inLanguage":"en-US","@id":"https:\/\/mychoccy.com\/en\/product\/kokusz-mandula-truffel\/#primaryimage","url":"https:\/\/mychoccy.com\/wp-content\/uploads\/2020\/04\/k\u00f3kusz-mandula-tr.jpg","contentUrl":"https:\/\/mychoccy.com\/wp-content\/uploads\/2020\/04\/k\u00f3kusz-mandula-tr.jpg","width":1200,"height":880,"caption":"k\u00e9zm\u0171ves tr\u00fcffel \/ k\u00f3kusz-mandula"},{"@type":"BreadcrumbList","@id":"https:\/\/mychoccy.com\/en\/product\/kokusz-mandula-truffel\/#breadcrumb","itemListElement":[{"@type":"ListItem","position":1,"name":"Home","item":"https:\/\/mychoccy.com\/en\/"},{"@type":"ListItem","position":2,"name":"Shop","item":"https:\/\/mychoccy.com\/en\/shop-2\/"},{"@type":"ListItem","position":3,"name":"K\u00f3kusz &#8211; mandula tr\u00fcffel"}]},{"@type":"WebSite","@id":"https:\/\/mychoccy.com\/en\/#website","url":"https:\/\/mychoccy.com\/en\/","name":"MyChoccy","description":"Csokol\u00e1d\u00e9 kreat\u00edvan","potentialAction":[{"@type":"SearchAction","target":{"@type":"EntryPoint","urlTemplate":"https:\/\/mychoccy.com\/en\/?s={search_term_string}"},"query-input":{"@type":"PropertyValueSpecification","valueRequired":true,"valueName":"search_term_string"}}],"inLanguage":"en-US"}]}},"jetpack_sharing_enabled":true,"_links":{"self":[{"href":"https:\/\/mychoccy.com\/en\/wp-json\/wp\/v2\/product\/13267","targetHints":{"allow":["GET"]}}],"collection":[{"href":"https:\/\/mychoccy.com\/en\/wp-json\/wp\/v2\/product"}],"about":[{"href":"https:\/\/mychoccy.com\/en\/wp-json\/wp\/v2\/types\/product"}],"wp:featuredmedia":[{"embeddable":true,"href":"https:\/\/mychoccy.com\/en\/wp-json\/wp\/v2\/media\/12042"}],"wp:attachment":[{"href":"https:\/\/mychoccy.com\/en\/wp-json\/wp\/v2\/media?parent=13267"}],"wp:term":[{"taxonomy":"product_brand","embeddable":true,"href":"https:\/\/mychoccy.com\/en\/wp-json\/wp\/v2\/product_brand?post=13267"},{"taxonomy":"product_cat","embeddable":true,"href":"https:\/\/mychoccy.com\/en\/wp-json\/wp\/v2\/product_cat?post=13267"},{"taxonomy":"product_tag","embeddable":true,"href":"https:\/\/mychoccy.com\/en\/wp-json\/wp\/v2\/product_tag?post=13267"}],"curies":[{"name":"wp","href":"https:\/\/api.w.org\/{rel}","templated":true}]}}