{"id":13245,"date":"2020-04-11T17:04:21","date_gmt":"2020-04-11T15:04:21","guid":{"rendered":"https:\/\/mychoccy.com\/product\/venusz-csokja-bonbon\/"},"modified":"2025-09-12T11:28:22","modified_gmt":"2025-09-12T09:28:22","slug":"venusz-csokja-bonbon","status":"publish","type":"product","link":"https:\/\/mychoccy.com\/en\/product\/venusz-csokja-bonbon\/","title":{"rendered":"V\u00e9nusz cs\u00f3kja bonbon"},"content":{"rendered":"<p>A ny\u00e1r cs\u00f3kja! A bodzavir\u00e1gos mang\u00f3kr\u00e9m \u00e9s a k\u00f3kuszos, Stroh rumos marcip\u00e1n felejthetetlen tal\u00e1lkoz\u00e1sa egy falat bonbonban.<br \/>\nAzonban fogyaszt\u00e1s\u00e1n\u00e1l vedd figyelembe, hogy alkoholt tartalmaz.<\/p>\n<p>Nett\u00f3 t\u00f6meg: 8 g<\/p>\n<p>\u00d6sszetev\u0151k: feh\u00e9r csokol\u00e1d\u00e9, tejsz\u00edn, vaj, mang\u00f3 p\u00fcr\u00e9, bodzavir\u00e1g kivonat, marcip\u00e1n, k\u00f3kusz, rum<\/p>\n<p>Allerg\u00e9nek: sz\u00f3jalecitin, tejpor, tejsz\u00edn, vaj, marcip\u00e1n<\/p>\n","protected":false},"excerpt":{"rendered":"<p>A ny\u00e1r cs\u00f3kja! A bodzavir\u00e1gos mang\u00f3kr\u00e9m \u00e9s a k\u00f3kuszos, Stroh rumos marcip\u00e1n felejthetetlen tal\u00e1lkoz\u00e1sa egy falat bonbonban. Azonban fogyaszt\u00e1s\u00e1n\u00e1l vedd figyelembe, hogy alkoholt tartalmaz. Nett\u00f3 t\u00f6meg: 8 g \u00d6sszetev\u0151k: feh\u00e9r csokol\u00e1d\u00e9, tejsz\u00edn, vaj, mang\u00f3 p\u00fcr\u00e9, bodzavir\u00e1g kivonat, marcip\u00e1n, k\u00f3kusz, rum [&hellip;]<\/p>\n","protected":false},"featured_media":16921,"template":"","meta":{"inline_featured_image":false},"product_brand":[],"product_cat":[306],"product_tag":[314,179,313,317],"class_list":{"0":"post-13245","1":"product","2":"type-product","3":"status-publish","4":"has-post-thumbnail","6":"product_cat-bonbonok","7":"product_tag-alkohol","8":"product_tag-feher-csokolade","9":"product_tag-gyumolcs","10":"product_tag-marcipan","12":"first","13":"instock","14":"taxable","15":"shipping-taxable","16":"purchasable","17":"product-type-simple"},"yoast_head":"<!-- This site is optimized with the Yoast SEO plugin v27.4 - https:\/\/yoast.com\/product\/yoast-seo-wordpress\/ -->\n<title>V\u00e9nusz cs\u00f3kja bonbon - MyChoccy<\/title>\n<meta name=\"description\" content=\"A ny\u00e1r cs\u00f3kja! A bodzavir\u00e1gos mang\u00f3kr\u00e9m \u00e9s a k\u00f3kuszos, Stroh rumos marcip\u00e1n felejthetetlen tal\u00e1lkoz\u00e1sa egy falat bonbonban. Azonban fogyaszt\u00e1s\u00e1n\u00e1l vedd\" \/>\n<meta name=\"robots\" content=\"index, follow, max-snippet:-1, max-image-preview:large, max-video-preview:-1\" \/>\n<link rel=\"canonical\" href=\"https:\/\/mychoccy.com\/en\/product\/venusz-csokja-bonbon\/\" \/>\n<meta property=\"og:locale\" content=\"en_US\" \/>\n<meta property=\"og:type\" content=\"article\" \/>\n<meta property=\"og:title\" content=\"V\u00e9nusz cs\u00f3kja bonbon - MyChoccy\" \/>\n<meta property=\"og:description\" content=\"A ny\u00e1r cs\u00f3kja! A bodzavir\u00e1gos mang\u00f3kr\u00e9m \u00e9s a k\u00f3kuszos, Stroh rumos marcip\u00e1n felejthetetlen tal\u00e1lkoz\u00e1sa egy falat bonbonban. Azonban fogyaszt\u00e1s\u00e1n\u00e1l vedd\" \/>\n<meta property=\"og:url\" content=\"https:\/\/mychoccy.com\/en\/product\/venusz-csokja-bonbon\/\" \/>\n<meta property=\"og:site_name\" content=\"MyChoccy\" \/>\n<meta property=\"article:modified_time\" content=\"2025-09-12T09:28:22+00:00\" \/>\n<meta property=\"og:image\" content=\"https:\/\/mychoccy.com\/wp-content\/uploads\/2023\/09\/venusz-csokja.jpg\" \/>\n\t<meta property=\"og:image:width\" content=\"1200\" \/>\n\t<meta property=\"og:image:height\" content=\"800\" \/>\n\t<meta property=\"og:image:type\" content=\"image\/jpeg\" \/>\n<meta name=\"twitter:card\" content=\"summary_large_image\" \/>\n<meta name=\"twitter:label1\" content=\"Est. reading time\" \/>\n\t<meta name=\"twitter:data1\" content=\"1 minute\" \/>\n<script type=\"application\/ld+json\" class=\"yoast-schema-graph\">{\"@context\":\"https:\\\/\\\/schema.org\",\"@graph\":[{\"@type\":\"WebPage\",\"@id\":\"https:\\\/\\\/mychoccy.com\\\/en\\\/product\\\/venusz-csokja-bonbon\\\/\",\"url\":\"https:\\\/\\\/mychoccy.com\\\/en\\\/product\\\/venusz-csokja-bonbon\\\/\",\"name\":\"V\u00e9nusz cs\u00f3kja bonbon - MyChoccy\",\"isPartOf\":{\"@id\":\"https:\\\/\\\/mychoccy.com\\\/en\\\/#website\"},\"primaryImageOfPage\":{\"@id\":\"https:\\\/\\\/mychoccy.com\\\/en\\\/product\\\/venusz-csokja-bonbon\\\/#primaryimage\"},\"image\":{\"@id\":\"https:\\\/\\\/mychoccy.com\\\/en\\\/product\\\/venusz-csokja-bonbon\\\/#primaryimage\"},\"thumbnailUrl\":\"https:\\\/\\\/mychoccy.com\\\/wp-content\\\/uploads\\\/2023\\\/09\\\/venusz-csokja.jpg\",\"datePublished\":\"2020-04-11T15:04:21+00:00\",\"dateModified\":\"2025-09-12T09:28:22+00:00\",\"description\":\"A ny\u00e1r cs\u00f3kja! A bodzavir\u00e1gos mang\u00f3kr\u00e9m \u00e9s a k\u00f3kuszos, Stroh rumos marcip\u00e1n felejthetetlen tal\u00e1lkoz\u00e1sa egy falat bonbonban. Azonban fogyaszt\u00e1s\u00e1n\u00e1l vedd\",\"breadcrumb\":{\"@id\":\"https:\\\/\\\/mychoccy.com\\\/en\\\/product\\\/venusz-csokja-bonbon\\\/#breadcrumb\"},\"inLanguage\":\"en-US\",\"potentialAction\":[{\"@type\":\"ReadAction\",\"target\":[\"https:\\\/\\\/mychoccy.com\\\/en\\\/product\\\/venusz-csokja-bonbon\\\/\"]}]},{\"@type\":\"ImageObject\",\"inLanguage\":\"en-US\",\"@id\":\"https:\\\/\\\/mychoccy.com\\\/en\\\/product\\\/venusz-csokja-bonbon\\\/#primaryimage\",\"url\":\"https:\\\/\\\/mychoccy.com\\\/wp-content\\\/uploads\\\/2023\\\/09\\\/venusz-csokja.jpg\",\"contentUrl\":\"https:\\\/\\\/mychoccy.com\\\/wp-content\\\/uploads\\\/2023\\\/09\\\/venusz-csokja.jpg\",\"width\":1200,\"height\":800},{\"@type\":\"BreadcrumbList\",\"@id\":\"https:\\\/\\\/mychoccy.com\\\/en\\\/product\\\/venusz-csokja-bonbon\\\/#breadcrumb\",\"itemListElement\":[{\"@type\":\"ListItem\",\"position\":1,\"name\":\"Home\",\"item\":\"https:\\\/\\\/mychoccy.com\\\/en\\\/\"},{\"@type\":\"ListItem\",\"position\":2,\"name\":\"Shop\",\"item\":\"https:\\\/\\\/mychoccy.com\\\/en\\\/shop-2\\\/\"},{\"@type\":\"ListItem\",\"position\":3,\"name\":\"V\u00e9nusz cs\u00f3kja bonbon\"}]},{\"@type\":\"WebSite\",\"@id\":\"https:\\\/\\\/mychoccy.com\\\/en\\\/#website\",\"url\":\"https:\\\/\\\/mychoccy.com\\\/en\\\/\",\"name\":\"MyChoccy\",\"description\":\"Csokol\u00e1d\u00e9 kreat\u00edvan\",\"potentialAction\":[{\"@type\":\"SearchAction\",\"target\":{\"@type\":\"EntryPoint\",\"urlTemplate\":\"https:\\\/\\\/mychoccy.com\\\/en\\\/?s={search_term_string}\"},\"query-input\":{\"@type\":\"PropertyValueSpecification\",\"valueRequired\":true,\"valueName\":\"search_term_string\"}}],\"inLanguage\":\"en-US\"}]}<\/script>\n<!-- \/ Yoast SEO plugin. -->","yoast_head_json":{"title":"V\u00e9nusz cs\u00f3kja bonbon - MyChoccy","description":"A ny\u00e1r cs\u00f3kja! A bodzavir\u00e1gos mang\u00f3kr\u00e9m \u00e9s a k\u00f3kuszos, Stroh rumos marcip\u00e1n felejthetetlen tal\u00e1lkoz\u00e1sa egy falat bonbonban. Azonban fogyaszt\u00e1s\u00e1n\u00e1l vedd","robots":{"index":"index","follow":"follow","max-snippet":"max-snippet:-1","max-image-preview":"max-image-preview:large","max-video-preview":"max-video-preview:-1"},"canonical":"https:\/\/mychoccy.com\/en\/product\/venusz-csokja-bonbon\/","og_locale":"en_US","og_type":"article","og_title":"V\u00e9nusz cs\u00f3kja bonbon - MyChoccy","og_description":"A ny\u00e1r cs\u00f3kja! A bodzavir\u00e1gos mang\u00f3kr\u00e9m \u00e9s a k\u00f3kuszos, Stroh rumos marcip\u00e1n felejthetetlen tal\u00e1lkoz\u00e1sa egy falat bonbonban. Azonban fogyaszt\u00e1s\u00e1n\u00e1l vedd","og_url":"https:\/\/mychoccy.com\/en\/product\/venusz-csokja-bonbon\/","og_site_name":"MyChoccy","article_modified_time":"2025-09-12T09:28:22+00:00","og_image":[{"width":1200,"height":800,"url":"https:\/\/mychoccy.com\/wp-content\/uploads\/2023\/09\/venusz-csokja.jpg","type":"image\/jpeg"}],"twitter_card":"summary_large_image","twitter_misc":{"Est. reading time":"1 minute"},"schema":{"@context":"https:\/\/schema.org","@graph":[{"@type":"WebPage","@id":"https:\/\/mychoccy.com\/en\/product\/venusz-csokja-bonbon\/","url":"https:\/\/mychoccy.com\/en\/product\/venusz-csokja-bonbon\/","name":"V\u00e9nusz cs\u00f3kja bonbon - MyChoccy","isPartOf":{"@id":"https:\/\/mychoccy.com\/en\/#website"},"primaryImageOfPage":{"@id":"https:\/\/mychoccy.com\/en\/product\/venusz-csokja-bonbon\/#primaryimage"},"image":{"@id":"https:\/\/mychoccy.com\/en\/product\/venusz-csokja-bonbon\/#primaryimage"},"thumbnailUrl":"https:\/\/mychoccy.com\/wp-content\/uploads\/2023\/09\/venusz-csokja.jpg","datePublished":"2020-04-11T15:04:21+00:00","dateModified":"2025-09-12T09:28:22+00:00","description":"A ny\u00e1r cs\u00f3kja! A bodzavir\u00e1gos mang\u00f3kr\u00e9m \u00e9s a k\u00f3kuszos, Stroh rumos marcip\u00e1n felejthetetlen tal\u00e1lkoz\u00e1sa egy falat bonbonban. Azonban fogyaszt\u00e1s\u00e1n\u00e1l vedd","breadcrumb":{"@id":"https:\/\/mychoccy.com\/en\/product\/venusz-csokja-bonbon\/#breadcrumb"},"inLanguage":"en-US","potentialAction":[{"@type":"ReadAction","target":["https:\/\/mychoccy.com\/en\/product\/venusz-csokja-bonbon\/"]}]},{"@type":"ImageObject","inLanguage":"en-US","@id":"https:\/\/mychoccy.com\/en\/product\/venusz-csokja-bonbon\/#primaryimage","url":"https:\/\/mychoccy.com\/wp-content\/uploads\/2023\/09\/venusz-csokja.jpg","contentUrl":"https:\/\/mychoccy.com\/wp-content\/uploads\/2023\/09\/venusz-csokja.jpg","width":1200,"height":800},{"@type":"BreadcrumbList","@id":"https:\/\/mychoccy.com\/en\/product\/venusz-csokja-bonbon\/#breadcrumb","itemListElement":[{"@type":"ListItem","position":1,"name":"Home","item":"https:\/\/mychoccy.com\/en\/"},{"@type":"ListItem","position":2,"name":"Shop","item":"https:\/\/mychoccy.com\/en\/shop-2\/"},{"@type":"ListItem","position":3,"name":"V\u00e9nusz cs\u00f3kja bonbon"}]},{"@type":"WebSite","@id":"https:\/\/mychoccy.com\/en\/#website","url":"https:\/\/mychoccy.com\/en\/","name":"MyChoccy","description":"Csokol\u00e1d\u00e9 kreat\u00edvan","potentialAction":[{"@type":"SearchAction","target":{"@type":"EntryPoint","urlTemplate":"https:\/\/mychoccy.com\/en\/?s={search_term_string}"},"query-input":{"@type":"PropertyValueSpecification","valueRequired":true,"valueName":"search_term_string"}}],"inLanguage":"en-US"}]}},"jetpack_sharing_enabled":true,"_links":{"self":[{"href":"https:\/\/mychoccy.com\/en\/wp-json\/wp\/v2\/product\/13245","targetHints":{"allow":["GET"]}}],"collection":[{"href":"https:\/\/mychoccy.com\/en\/wp-json\/wp\/v2\/product"}],"about":[{"href":"https:\/\/mychoccy.com\/en\/wp-json\/wp\/v2\/types\/product"}],"wp:featuredmedia":[{"embeddable":true,"href":"https:\/\/mychoccy.com\/en\/wp-json\/wp\/v2\/media\/16921"}],"wp:attachment":[{"href":"https:\/\/mychoccy.com\/en\/wp-json\/wp\/v2\/media?parent=13245"}],"wp:term":[{"taxonomy":"product_brand","embeddable":true,"href":"https:\/\/mychoccy.com\/en\/wp-json\/wp\/v2\/product_brand?post=13245"},{"taxonomy":"product_cat","embeddable":true,"href":"https:\/\/mychoccy.com\/en\/wp-json\/wp\/v2\/product_cat?post=13245"},{"taxonomy":"product_tag","embeddable":true,"href":"https:\/\/mychoccy.com\/en\/wp-json\/wp\/v2\/product_tag?post=13245"}],"curies":[{"name":"wp","href":"https:\/\/api.w.org\/{rel}","templated":true}]}}