{"id":13237,"date":"2020-04-11T17:04:21","date_gmt":"2020-04-11T15:04:21","guid":{"rendered":"https:\/\/mychoccy.com\/product\/karamell-bonbon\/"},"modified":"2025-09-12T11:28:22","modified_gmt":"2025-09-12T09:28:22","slug":"karamell-bonbon","status":"publish","type":"product","link":"https:\/\/mychoccy.com\/en\/product\/karamell-bonbon\/","title":{"rendered":"Karamell bonbon"},"content":{"rendered":"<p>A klasszikus, l\u00e1gy, f\u0151z\u00f6tt karamellkr\u00e9m mindenkit mosolyra der\u00edt. Azonban ezt a kr\u00e9met most egy feh\u00e9r csokol\u00e1d\u00e9 bonbonba t\u00f6lt\u00f6tt\u00fck.<\/p>\n<p>Egy \u00fajabb kihagyhatatlan csokol\u00e1d\u00e9, ahol a v\u00e9geredm\u00e9ny \u00f6nmag\u00e1\u00e9rt besz\u00e9l!<\/p>\n<p>Nett\u00f3 t\u00f6meg: 11 g<\/p>\n<p>\u00d6sszetev\u0151k: feh\u00e9r csokol\u00e1d\u00e9, tejsz\u00edn, karamell<\/p>\n<p>Allerg\u00e9nek: sz\u00f3jalecitin, tejsz\u00edn, vaj<\/p>\n","protected":false},"excerpt":{"rendered":"<p>A klasszikus, l\u00e1gy, f\u0151z\u00f6tt karamellkr\u00e9m mindenkit mosolyra der\u00edt. Azonban ezt a kr\u00e9met most egy feh\u00e9r csokol\u00e1d\u00e9 bonbonba t\u00f6lt\u00f6tt\u00fck. Egy \u00fajabb kihagyhatatlan csokol\u00e1d\u00e9, ahol a v\u00e9geredm\u00e9ny \u00f6nmag\u00e1\u00e9rt besz\u00e9l! Nett\u00f3 t\u00f6meg: 11 g \u00d6sszetev\u0151k: feh\u00e9r csokol\u00e1d\u00e9, tejsz\u00edn, karamell Allerg\u00e9nek: sz\u00f3jalecitin, tejsz\u00edn, vaj<\/p>\n","protected":false},"featured_media":16891,"template":"","meta":{"inline_featured_image":false},"product_brand":[],"product_cat":[306],"product_tag":[179,319],"class_list":{"0":"post-13237","1":"product","2":"type-product","3":"status-publish","4":"has-post-thumbnail","6":"product_cat-bonbonok","7":"product_tag-feher-csokolade","8":"product_tag-karamell","10":"first","11":"instock","12":"taxable","13":"shipping-taxable","14":"purchasable","15":"product-type-simple"},"yoast_head":"<!-- This site is optimized with the Yoast SEO plugin v27.3 - https:\/\/yoast.com\/product\/yoast-seo-wordpress\/ -->\n<title>Karamell bonbon - MyChoccy<\/title>\n<meta name=\"description\" content=\"A klasszikus, l\u00e1gy, f\u0151z\u00f6tt karamellkr\u00e9m mindenkit mosolyra der\u00edt. Azonban ezt a kr\u00e9met most egy feh\u00e9r csokol\u00e1d\u00e9 bonbonba t\u00f6lt\u00f6tt\u00fck. Egy \u00fajabb\" \/>\n<meta name=\"robots\" content=\"index, follow, max-snippet:-1, max-image-preview:large, max-video-preview:-1\" \/>\n<link rel=\"canonical\" href=\"https:\/\/mychoccy.com\/en\/product\/karamell-bonbon\/\" \/>\n<meta property=\"og:locale\" content=\"en_US\" \/>\n<meta property=\"og:type\" content=\"article\" \/>\n<meta property=\"og:title\" content=\"Karamell bonbon - MyChoccy\" \/>\n<meta property=\"og:description\" content=\"A klasszikus, l\u00e1gy, f\u0151z\u00f6tt karamellkr\u00e9m mindenkit mosolyra der\u00edt. Azonban ezt a kr\u00e9met most egy feh\u00e9r csokol\u00e1d\u00e9 bonbonba t\u00f6lt\u00f6tt\u00fck. Egy \u00fajabb\" \/>\n<meta property=\"og:url\" content=\"https:\/\/mychoccy.com\/en\/product\/karamell-bonbon\/\" \/>\n<meta property=\"og:site_name\" content=\"MyChoccy\" \/>\n<meta property=\"article:modified_time\" content=\"2025-09-12T09:28:22+00:00\" \/>\n<meta property=\"og:image\" content=\"https:\/\/mychoccy.com\/wp-content\/uploads\/2023\/09\/karamell.jpg\" \/>\n\t<meta property=\"og:image:width\" content=\"1200\" \/>\n\t<meta property=\"og:image:height\" content=\"800\" \/>\n\t<meta property=\"og:image:type\" content=\"image\/jpeg\" \/>\n<meta name=\"twitter:card\" content=\"summary_large_image\" \/>\n<meta name=\"twitter:label1\" content=\"Est. reading time\" \/>\n\t<meta name=\"twitter:data1\" content=\"1 minute\" \/>\n<script type=\"application\/ld+json\" class=\"yoast-schema-graph\">{\"@context\":\"https:\\\/\\\/schema.org\",\"@graph\":[{\"@type\":\"WebPage\",\"@id\":\"https:\\\/\\\/mychoccy.com\\\/en\\\/product\\\/karamell-bonbon\\\/\",\"url\":\"https:\\\/\\\/mychoccy.com\\\/en\\\/product\\\/karamell-bonbon\\\/\",\"name\":\"Karamell bonbon - MyChoccy\",\"isPartOf\":{\"@id\":\"https:\\\/\\\/mychoccy.com\\\/en\\\/#website\"},\"primaryImageOfPage\":{\"@id\":\"https:\\\/\\\/mychoccy.com\\\/en\\\/product\\\/karamell-bonbon\\\/#primaryimage\"},\"image\":{\"@id\":\"https:\\\/\\\/mychoccy.com\\\/en\\\/product\\\/karamell-bonbon\\\/#primaryimage\"},\"thumbnailUrl\":\"https:\\\/\\\/mychoccy.com\\\/wp-content\\\/uploads\\\/2023\\\/09\\\/karamell.jpg\",\"datePublished\":\"2020-04-11T15:04:21+00:00\",\"dateModified\":\"2025-09-12T09:28:22+00:00\",\"description\":\"A klasszikus, l\u00e1gy, f\u0151z\u00f6tt karamellkr\u00e9m mindenkit mosolyra der\u00edt. Azonban ezt a kr\u00e9met most egy feh\u00e9r csokol\u00e1d\u00e9 bonbonba t\u00f6lt\u00f6tt\u00fck. Egy \u00fajabb\",\"breadcrumb\":{\"@id\":\"https:\\\/\\\/mychoccy.com\\\/en\\\/product\\\/karamell-bonbon\\\/#breadcrumb\"},\"inLanguage\":\"en-US\",\"potentialAction\":[{\"@type\":\"ReadAction\",\"target\":[\"https:\\\/\\\/mychoccy.com\\\/en\\\/product\\\/karamell-bonbon\\\/\"]}]},{\"@type\":\"ImageObject\",\"inLanguage\":\"en-US\",\"@id\":\"https:\\\/\\\/mychoccy.com\\\/en\\\/product\\\/karamell-bonbon\\\/#primaryimage\",\"url\":\"https:\\\/\\\/mychoccy.com\\\/wp-content\\\/uploads\\\/2023\\\/09\\\/karamell.jpg\",\"contentUrl\":\"https:\\\/\\\/mychoccy.com\\\/wp-content\\\/uploads\\\/2023\\\/09\\\/karamell.jpg\",\"width\":1200,\"height\":800},{\"@type\":\"BreadcrumbList\",\"@id\":\"https:\\\/\\\/mychoccy.com\\\/en\\\/product\\\/karamell-bonbon\\\/#breadcrumb\",\"itemListElement\":[{\"@type\":\"ListItem\",\"position\":1,\"name\":\"Home\",\"item\":\"https:\\\/\\\/mychoccy.com\\\/en\\\/\"},{\"@type\":\"ListItem\",\"position\":2,\"name\":\"Shop\",\"item\":\"https:\\\/\\\/mychoccy.com\\\/en\\\/shop-2\\\/\"},{\"@type\":\"ListItem\",\"position\":3,\"name\":\"Karamell bonbon\"}]},{\"@type\":\"WebSite\",\"@id\":\"https:\\\/\\\/mychoccy.com\\\/en\\\/#website\",\"url\":\"https:\\\/\\\/mychoccy.com\\\/en\\\/\",\"name\":\"MyChoccy\",\"description\":\"Csokol\u00e1d\u00e9 kreat\u00edvan\",\"potentialAction\":[{\"@type\":\"SearchAction\",\"target\":{\"@type\":\"EntryPoint\",\"urlTemplate\":\"https:\\\/\\\/mychoccy.com\\\/en\\\/?s={search_term_string}\"},\"query-input\":{\"@type\":\"PropertyValueSpecification\",\"valueRequired\":true,\"valueName\":\"search_term_string\"}}],\"inLanguage\":\"en-US\"}]}<\/script>\n<!-- \/ Yoast SEO plugin. -->","yoast_head_json":{"title":"Karamell bonbon - MyChoccy","description":"A klasszikus, l\u00e1gy, f\u0151z\u00f6tt karamellkr\u00e9m mindenkit mosolyra der\u00edt. Azonban ezt a kr\u00e9met most egy feh\u00e9r csokol\u00e1d\u00e9 bonbonba t\u00f6lt\u00f6tt\u00fck. Egy \u00fajabb","robots":{"index":"index","follow":"follow","max-snippet":"max-snippet:-1","max-image-preview":"max-image-preview:large","max-video-preview":"max-video-preview:-1"},"canonical":"https:\/\/mychoccy.com\/en\/product\/karamell-bonbon\/","og_locale":"en_US","og_type":"article","og_title":"Karamell bonbon - MyChoccy","og_description":"A klasszikus, l\u00e1gy, f\u0151z\u00f6tt karamellkr\u00e9m mindenkit mosolyra der\u00edt. Azonban ezt a kr\u00e9met most egy feh\u00e9r csokol\u00e1d\u00e9 bonbonba t\u00f6lt\u00f6tt\u00fck. Egy \u00fajabb","og_url":"https:\/\/mychoccy.com\/en\/product\/karamell-bonbon\/","og_site_name":"MyChoccy","article_modified_time":"2025-09-12T09:28:22+00:00","og_image":[{"width":1200,"height":800,"url":"https:\/\/mychoccy.com\/wp-content\/uploads\/2023\/09\/karamell.jpg","type":"image\/jpeg"}],"twitter_card":"summary_large_image","twitter_misc":{"Est. reading time":"1 minute"},"schema":{"@context":"https:\/\/schema.org","@graph":[{"@type":"WebPage","@id":"https:\/\/mychoccy.com\/en\/product\/karamell-bonbon\/","url":"https:\/\/mychoccy.com\/en\/product\/karamell-bonbon\/","name":"Karamell bonbon - MyChoccy","isPartOf":{"@id":"https:\/\/mychoccy.com\/en\/#website"},"primaryImageOfPage":{"@id":"https:\/\/mychoccy.com\/en\/product\/karamell-bonbon\/#primaryimage"},"image":{"@id":"https:\/\/mychoccy.com\/en\/product\/karamell-bonbon\/#primaryimage"},"thumbnailUrl":"https:\/\/mychoccy.com\/wp-content\/uploads\/2023\/09\/karamell.jpg","datePublished":"2020-04-11T15:04:21+00:00","dateModified":"2025-09-12T09:28:22+00:00","description":"A klasszikus, l\u00e1gy, f\u0151z\u00f6tt karamellkr\u00e9m mindenkit mosolyra der\u00edt. Azonban ezt a kr\u00e9met most egy feh\u00e9r csokol\u00e1d\u00e9 bonbonba t\u00f6lt\u00f6tt\u00fck. Egy \u00fajabb","breadcrumb":{"@id":"https:\/\/mychoccy.com\/en\/product\/karamell-bonbon\/#breadcrumb"},"inLanguage":"en-US","potentialAction":[{"@type":"ReadAction","target":["https:\/\/mychoccy.com\/en\/product\/karamell-bonbon\/"]}]},{"@type":"ImageObject","inLanguage":"en-US","@id":"https:\/\/mychoccy.com\/en\/product\/karamell-bonbon\/#primaryimage","url":"https:\/\/mychoccy.com\/wp-content\/uploads\/2023\/09\/karamell.jpg","contentUrl":"https:\/\/mychoccy.com\/wp-content\/uploads\/2023\/09\/karamell.jpg","width":1200,"height":800},{"@type":"BreadcrumbList","@id":"https:\/\/mychoccy.com\/en\/product\/karamell-bonbon\/#breadcrumb","itemListElement":[{"@type":"ListItem","position":1,"name":"Home","item":"https:\/\/mychoccy.com\/en\/"},{"@type":"ListItem","position":2,"name":"Shop","item":"https:\/\/mychoccy.com\/en\/shop-2\/"},{"@type":"ListItem","position":3,"name":"Karamell bonbon"}]},{"@type":"WebSite","@id":"https:\/\/mychoccy.com\/en\/#website","url":"https:\/\/mychoccy.com\/en\/","name":"MyChoccy","description":"Csokol\u00e1d\u00e9 kreat\u00edvan","potentialAction":[{"@type":"SearchAction","target":{"@type":"EntryPoint","urlTemplate":"https:\/\/mychoccy.com\/en\/?s={search_term_string}"},"query-input":{"@type":"PropertyValueSpecification","valueRequired":true,"valueName":"search_term_string"}}],"inLanguage":"en-US"}]}},"jetpack_sharing_enabled":true,"_links":{"self":[{"href":"https:\/\/mychoccy.com\/en\/wp-json\/wp\/v2\/product\/13237","targetHints":{"allow":["GET"]}}],"collection":[{"href":"https:\/\/mychoccy.com\/en\/wp-json\/wp\/v2\/product"}],"about":[{"href":"https:\/\/mychoccy.com\/en\/wp-json\/wp\/v2\/types\/product"}],"wp:featuredmedia":[{"embeddable":true,"href":"https:\/\/mychoccy.com\/en\/wp-json\/wp\/v2\/media\/16891"}],"wp:attachment":[{"href":"https:\/\/mychoccy.com\/en\/wp-json\/wp\/v2\/media?parent=13237"}],"wp:term":[{"taxonomy":"product_brand","embeddable":true,"href":"https:\/\/mychoccy.com\/en\/wp-json\/wp\/v2\/product_brand?post=13237"},{"taxonomy":"product_cat","embeddable":true,"href":"https:\/\/mychoccy.com\/en\/wp-json\/wp\/v2\/product_cat?post=13237"},{"taxonomy":"product_tag","embeddable":true,"href":"https:\/\/mychoccy.com\/en\/wp-json\/wp\/v2\/product_tag?post=13237"}],"curies":[{"name":"wp","href":"https:\/\/api.w.org\/{rel}","templated":true}]}}