{"id":13236,"date":"2020-04-11T17:04:21","date_gmt":"2020-04-11T15:04:21","guid":{"rendered":"https:\/\/mychoccy.com\/product\/fekete-cseresznye-bonbon\/"},"modified":"2025-09-12T11:28:22","modified_gmt":"2025-09-12T09:28:22","slug":"fekete-cseresznye-bonbon","status":"publish","type":"product","link":"https:\/\/mychoccy.com\/en\/product\/fekete-cseresznye-bonbon\/","title":{"rendered":"Fekete cseresznye bonbon"},"content":{"rendered":"<p>A fekete cseresznye a ny\u00e1r egyik legkedveltebb term\u00e9se. Intenz\u00edv gy\u00fcm\u00f6lcs\u00f6s \u00edz\u00e9t egy pr\u00e9mium min\u0151s\u00e9g\u0171, visszafogott karakter\u0171 feh\u00e9r csokol\u00e1d\u00e9val t\u00e1rs\u00edtottuk \u00f6ssze, annak \u00e9rdek\u00e9ben, hogy a cseresznye \u00edze m\u00e9g ink\u00e1bb \u00e9rv\u00e9nyes\u00fclj\u00f6n.<\/p>\n<p>Nett\u00f3 t\u00f6meg: 10 g<\/p>\n<p>\u00d6sszetev\u0151k: feh\u00e9r csokol\u00e1d\u00e9, tejsz\u00edn, fekete cseresznye p\u00fcr\u00e9<\/p>\n<p>Allerg\u00e9nek: sz\u00f3jalecitin, tejpor, tejsz\u00edn<\/p>\n","protected":false},"excerpt":{"rendered":"<p>A fekete cseresznye a ny\u00e1r egyik legkedveltebb term\u00e9se. Intenz\u00edv gy\u00fcm\u00f6lcs\u00f6s \u00edz\u00e9t egy pr\u00e9mium min\u0151s\u00e9g\u0171, visszafogott karakter\u0171 feh\u00e9r csokol\u00e1d\u00e9val t\u00e1rs\u00edtottuk \u00f6ssze, annak \u00e9rdek\u00e9ben, hogy a cseresznye \u00edze m\u00e9g ink\u00e1bb \u00e9rv\u00e9nyes\u00fclj\u00f6n. Nett\u00f3 t\u00f6meg: 10 g \u00d6sszetev\u0151k: feh\u00e9r csokol\u00e1d\u00e9, tejsz\u00edn, fekete cseresznye p\u00fcr\u00e9 [&hellip;]<\/p>\n","protected":false},"featured_media":16884,"template":"","meta":{"inline_featured_image":false},"product_brand":[],"product_cat":[306],"product_tag":[179,313],"class_list":{"0":"post-13236","1":"product","2":"type-product","3":"status-publish","4":"has-post-thumbnail","6":"product_cat-bonbonok","7":"product_tag-feher-csokolade","8":"product_tag-gyumolcs","10":"first","11":"instock","12":"taxable","13":"shipping-taxable","14":"purchasable","15":"product-type-simple"},"yoast_head":"<!-- This site is optimized with the Yoast SEO plugin v27.4 - https:\/\/yoast.com\/product\/yoast-seo-wordpress\/ -->\n<title>Fekete cseresznye bonbon - MyChoccy<\/title>\n<meta name=\"description\" content=\"A fekete cseresznye a ny\u00e1r egyik legkedveltebb term\u00e9se. Intenz\u00edv gy\u00fcm\u00f6lcs\u00f6s \u00edz\u00e9t egy pr\u00e9mium min\u0151s\u00e9g\u0171, visszafogott karakter\u0171 feh\u00e9r csokol\u00e1d\u00e9val\" \/>\n<meta name=\"robots\" content=\"index, follow, max-snippet:-1, max-image-preview:large, max-video-preview:-1\" \/>\n<link rel=\"canonical\" href=\"https:\/\/mychoccy.com\/en\/product\/fekete-cseresznye-bonbon\/\" \/>\n<meta property=\"og:locale\" content=\"en_US\" \/>\n<meta property=\"og:type\" content=\"article\" \/>\n<meta property=\"og:title\" content=\"Fekete cseresznye bonbon - MyChoccy\" \/>\n<meta property=\"og:description\" content=\"A fekete cseresznye a ny\u00e1r egyik legkedveltebb term\u00e9se. Intenz\u00edv gy\u00fcm\u00f6lcs\u00f6s \u00edz\u00e9t egy pr\u00e9mium min\u0151s\u00e9g\u0171, visszafogott karakter\u0171 feh\u00e9r csokol\u00e1d\u00e9val\" \/>\n<meta property=\"og:url\" content=\"https:\/\/mychoccy.com\/en\/product\/fekete-cseresznye-bonbon\/\" \/>\n<meta property=\"og:site_name\" content=\"MyChoccy\" \/>\n<meta property=\"article:modified_time\" content=\"2025-09-12T09:28:22+00:00\" \/>\n<meta property=\"og:image\" content=\"https:\/\/mychoccy.com\/wp-content\/uploads\/2023\/09\/fekete-cseresznye.jpg\" \/>\n\t<meta property=\"og:image:width\" content=\"1200\" \/>\n\t<meta property=\"og:image:height\" content=\"800\" \/>\n\t<meta property=\"og:image:type\" content=\"image\/jpeg\" \/>\n<meta name=\"twitter:card\" content=\"summary_large_image\" \/>\n<meta name=\"twitter:label1\" content=\"Est. reading time\" \/>\n\t<meta name=\"twitter:data1\" content=\"1 minute\" \/>\n<script type=\"application\/ld+json\" class=\"yoast-schema-graph\">{\"@context\":\"https:\\\/\\\/schema.org\",\"@graph\":[{\"@type\":\"WebPage\",\"@id\":\"https:\\\/\\\/mychoccy.com\\\/en\\\/product\\\/fekete-cseresznye-bonbon\\\/\",\"url\":\"https:\\\/\\\/mychoccy.com\\\/en\\\/product\\\/fekete-cseresznye-bonbon\\\/\",\"name\":\"Fekete cseresznye bonbon - MyChoccy\",\"isPartOf\":{\"@id\":\"https:\\\/\\\/mychoccy.com\\\/en\\\/#website\"},\"primaryImageOfPage\":{\"@id\":\"https:\\\/\\\/mychoccy.com\\\/en\\\/product\\\/fekete-cseresznye-bonbon\\\/#primaryimage\"},\"image\":{\"@id\":\"https:\\\/\\\/mychoccy.com\\\/en\\\/product\\\/fekete-cseresznye-bonbon\\\/#primaryimage\"},\"thumbnailUrl\":\"https:\\\/\\\/mychoccy.com\\\/wp-content\\\/uploads\\\/2023\\\/09\\\/fekete-cseresznye.jpg\",\"datePublished\":\"2020-04-11T15:04:21+00:00\",\"dateModified\":\"2025-09-12T09:28:22+00:00\",\"description\":\"A fekete cseresznye a ny\u00e1r egyik legkedveltebb term\u00e9se. Intenz\u00edv gy\u00fcm\u00f6lcs\u00f6s \u00edz\u00e9t egy pr\u00e9mium min\u0151s\u00e9g\u0171, visszafogott karakter\u0171 feh\u00e9r csokol\u00e1d\u00e9val\",\"breadcrumb\":{\"@id\":\"https:\\\/\\\/mychoccy.com\\\/en\\\/product\\\/fekete-cseresznye-bonbon\\\/#breadcrumb\"},\"inLanguage\":\"en-US\",\"potentialAction\":[{\"@type\":\"ReadAction\",\"target\":[\"https:\\\/\\\/mychoccy.com\\\/en\\\/product\\\/fekete-cseresznye-bonbon\\\/\"]}]},{\"@type\":\"ImageObject\",\"inLanguage\":\"en-US\",\"@id\":\"https:\\\/\\\/mychoccy.com\\\/en\\\/product\\\/fekete-cseresznye-bonbon\\\/#primaryimage\",\"url\":\"https:\\\/\\\/mychoccy.com\\\/wp-content\\\/uploads\\\/2023\\\/09\\\/fekete-cseresznye.jpg\",\"contentUrl\":\"https:\\\/\\\/mychoccy.com\\\/wp-content\\\/uploads\\\/2023\\\/09\\\/fekete-cseresznye.jpg\",\"width\":1200,\"height\":800},{\"@type\":\"BreadcrumbList\",\"@id\":\"https:\\\/\\\/mychoccy.com\\\/en\\\/product\\\/fekete-cseresznye-bonbon\\\/#breadcrumb\",\"itemListElement\":[{\"@type\":\"ListItem\",\"position\":1,\"name\":\"Home\",\"item\":\"https:\\\/\\\/mychoccy.com\\\/en\\\/\"},{\"@type\":\"ListItem\",\"position\":2,\"name\":\"Shop\",\"item\":\"https:\\\/\\\/mychoccy.com\\\/en\\\/shop-2\\\/\"},{\"@type\":\"ListItem\",\"position\":3,\"name\":\"Fekete cseresznye bonbon\"}]},{\"@type\":\"WebSite\",\"@id\":\"https:\\\/\\\/mychoccy.com\\\/en\\\/#website\",\"url\":\"https:\\\/\\\/mychoccy.com\\\/en\\\/\",\"name\":\"MyChoccy\",\"description\":\"Csokol\u00e1d\u00e9 kreat\u00edvan\",\"potentialAction\":[{\"@type\":\"SearchAction\",\"target\":{\"@type\":\"EntryPoint\",\"urlTemplate\":\"https:\\\/\\\/mychoccy.com\\\/en\\\/?s={search_term_string}\"},\"query-input\":{\"@type\":\"PropertyValueSpecification\",\"valueRequired\":true,\"valueName\":\"search_term_string\"}}],\"inLanguage\":\"en-US\"}]}<\/script>\n<!-- \/ Yoast SEO plugin. -->","yoast_head_json":{"title":"Fekete cseresznye bonbon - MyChoccy","description":"A fekete cseresznye a ny\u00e1r egyik legkedveltebb term\u00e9se. Intenz\u00edv gy\u00fcm\u00f6lcs\u00f6s \u00edz\u00e9t egy pr\u00e9mium min\u0151s\u00e9g\u0171, visszafogott karakter\u0171 feh\u00e9r csokol\u00e1d\u00e9val","robots":{"index":"index","follow":"follow","max-snippet":"max-snippet:-1","max-image-preview":"max-image-preview:large","max-video-preview":"max-video-preview:-1"},"canonical":"https:\/\/mychoccy.com\/en\/product\/fekete-cseresznye-bonbon\/","og_locale":"en_US","og_type":"article","og_title":"Fekete cseresznye bonbon - MyChoccy","og_description":"A fekete cseresznye a ny\u00e1r egyik legkedveltebb term\u00e9se. Intenz\u00edv gy\u00fcm\u00f6lcs\u00f6s \u00edz\u00e9t egy pr\u00e9mium min\u0151s\u00e9g\u0171, visszafogott karakter\u0171 feh\u00e9r csokol\u00e1d\u00e9val","og_url":"https:\/\/mychoccy.com\/en\/product\/fekete-cseresznye-bonbon\/","og_site_name":"MyChoccy","article_modified_time":"2025-09-12T09:28:22+00:00","og_image":[{"width":1200,"height":800,"url":"https:\/\/mychoccy.com\/wp-content\/uploads\/2023\/09\/fekete-cseresznye.jpg","type":"image\/jpeg"}],"twitter_card":"summary_large_image","twitter_misc":{"Est. reading time":"1 minute"},"schema":{"@context":"https:\/\/schema.org","@graph":[{"@type":"WebPage","@id":"https:\/\/mychoccy.com\/en\/product\/fekete-cseresznye-bonbon\/","url":"https:\/\/mychoccy.com\/en\/product\/fekete-cseresznye-bonbon\/","name":"Fekete cseresznye bonbon - MyChoccy","isPartOf":{"@id":"https:\/\/mychoccy.com\/en\/#website"},"primaryImageOfPage":{"@id":"https:\/\/mychoccy.com\/en\/product\/fekete-cseresznye-bonbon\/#primaryimage"},"image":{"@id":"https:\/\/mychoccy.com\/en\/product\/fekete-cseresznye-bonbon\/#primaryimage"},"thumbnailUrl":"https:\/\/mychoccy.com\/wp-content\/uploads\/2023\/09\/fekete-cseresznye.jpg","datePublished":"2020-04-11T15:04:21+00:00","dateModified":"2025-09-12T09:28:22+00:00","description":"A fekete cseresznye a ny\u00e1r egyik legkedveltebb term\u00e9se. Intenz\u00edv gy\u00fcm\u00f6lcs\u00f6s \u00edz\u00e9t egy pr\u00e9mium min\u0151s\u00e9g\u0171, visszafogott karakter\u0171 feh\u00e9r csokol\u00e1d\u00e9val","breadcrumb":{"@id":"https:\/\/mychoccy.com\/en\/product\/fekete-cseresznye-bonbon\/#breadcrumb"},"inLanguage":"en-US","potentialAction":[{"@type":"ReadAction","target":["https:\/\/mychoccy.com\/en\/product\/fekete-cseresznye-bonbon\/"]}]},{"@type":"ImageObject","inLanguage":"en-US","@id":"https:\/\/mychoccy.com\/en\/product\/fekete-cseresznye-bonbon\/#primaryimage","url":"https:\/\/mychoccy.com\/wp-content\/uploads\/2023\/09\/fekete-cseresznye.jpg","contentUrl":"https:\/\/mychoccy.com\/wp-content\/uploads\/2023\/09\/fekete-cseresznye.jpg","width":1200,"height":800},{"@type":"BreadcrumbList","@id":"https:\/\/mychoccy.com\/en\/product\/fekete-cseresznye-bonbon\/#breadcrumb","itemListElement":[{"@type":"ListItem","position":1,"name":"Home","item":"https:\/\/mychoccy.com\/en\/"},{"@type":"ListItem","position":2,"name":"Shop","item":"https:\/\/mychoccy.com\/en\/shop-2\/"},{"@type":"ListItem","position":3,"name":"Fekete cseresznye bonbon"}]},{"@type":"WebSite","@id":"https:\/\/mychoccy.com\/en\/#website","url":"https:\/\/mychoccy.com\/en\/","name":"MyChoccy","description":"Csokol\u00e1d\u00e9 kreat\u00edvan","potentialAction":[{"@type":"SearchAction","target":{"@type":"EntryPoint","urlTemplate":"https:\/\/mychoccy.com\/en\/?s={search_term_string}"},"query-input":{"@type":"PropertyValueSpecification","valueRequired":true,"valueName":"search_term_string"}}],"inLanguage":"en-US"}]}},"jetpack_sharing_enabled":true,"_links":{"self":[{"href":"https:\/\/mychoccy.com\/en\/wp-json\/wp\/v2\/product\/13236","targetHints":{"allow":["GET"]}}],"collection":[{"href":"https:\/\/mychoccy.com\/en\/wp-json\/wp\/v2\/product"}],"about":[{"href":"https:\/\/mychoccy.com\/en\/wp-json\/wp\/v2\/types\/product"}],"wp:featuredmedia":[{"embeddable":true,"href":"https:\/\/mychoccy.com\/en\/wp-json\/wp\/v2\/media\/16884"}],"wp:attachment":[{"href":"https:\/\/mychoccy.com\/en\/wp-json\/wp\/v2\/media?parent=13236"}],"wp:term":[{"taxonomy":"product_brand","embeddable":true,"href":"https:\/\/mychoccy.com\/en\/wp-json\/wp\/v2\/product_brand?post=13236"},{"taxonomy":"product_cat","embeddable":true,"href":"https:\/\/mychoccy.com\/en\/wp-json\/wp\/v2\/product_cat?post=13236"},{"taxonomy":"product_tag","embeddable":true,"href":"https:\/\/mychoccy.com\/en\/wp-json\/wp\/v2\/product_tag?post=13236"}],"curies":[{"name":"wp","href":"https:\/\/api.w.org\/{rel}","templated":true}]}}