{"id":13231,"date":"2020-04-11T17:04:18","date_gmt":"2020-04-11T15:04:18","guid":{"rendered":"https:\/\/mychoccy.com\/product\/narancs-bonbon\/"},"modified":"2026-01-08T07:40:13","modified_gmt":"2026-01-08T06:40:13","slug":"narancs-bonbon","status":"publish","type":"product","link":"https:\/\/mychoccy.com\/en\/product\/narancs-bonbon\/","title":{"rendered":"Narancs bonbon"},"content":{"rendered":"<p>Egy tradicion\u00e1lis bonbon, mivel a narancs \u00e9s a j\u00f3 min\u0151s\u00e9g\u0171 tejcsokol\u00e1d\u00e9 p\u00e1ros\u00edt\u00e1sa mindig hib\u00e1tlan. A narancs savanyk\u00e1s \u00edze j\u00f3l kieg\u00e9sz\u00edti a l\u00e1gy, selymes tejcsokol\u00e1d\u00e9t.<\/p>\n<p>Nett\u00f3 t\u00f6meg: 8 g<\/p>\n<p>\u00d6sszetev\u0151k: tejcsokol\u00e1d\u00e9, tejsz\u00edn, narancs p\u00fcr\u00e9<\/p>\n<p>Allerg\u00e9nek: sz\u00f3jalecitin, tejpor, tejsz\u00edn<\/p>\n","protected":false},"excerpt":{"rendered":"<p>Egy tradicion\u00e1lis bonbon, mivel a narancs \u00e9s a j\u00f3 min\u0151s\u00e9g\u0171 tejcsokol\u00e1d\u00e9 p\u00e1ros\u00edt\u00e1sa mindig hib\u00e1tlan. A narancs savanyk\u00e1s \u00edze j\u00f3l kieg\u00e9sz\u00edti a l\u00e1gy, selymes tejcsokol\u00e1d\u00e9t. Nett\u00f3 t\u00f6meg: 8 g \u00d6sszetev\u0151k: tejcsokol\u00e1d\u00e9, tejsz\u00edn, narancs p\u00fcr\u00e9 Allerg\u00e9nek: sz\u00f3jalecitin, tejpor, tejsz\u00edn<\/p>\n","protected":false},"featured_media":16906,"template":"","meta":{"inline_featured_image":false},"product_brand":[],"product_cat":[306],"product_tag":[313,300],"class_list":{"0":"post-13231","1":"product","2":"type-product","3":"status-publish","4":"has-post-thumbnail","6":"product_cat-bonbonok","7":"product_tag-gyumolcs","8":"product_tag-tejcsokolade","10":"first","11":"instock","12":"taxable","13":"shipping-taxable","14":"purchasable","15":"product-type-simple"},"yoast_head":"<!-- This site is optimized with the Yoast SEO plugin v27.4 - https:\/\/yoast.com\/product\/yoast-seo-wordpress\/ -->\n<title>Narancs bonbon - MyChoccy<\/title>\n<meta name=\"description\" content=\"Egy tradicion\u00e1lis bonbon, mivel a narancs \u00e9s a j\u00f3 min\u0151s\u00e9g\u0171 tejcsokol\u00e1d\u00e9 p\u00e1ros\u00edt\u00e1sa mindig hib\u00e1tlan. A narancs savanyk\u00e1s \u00edze j\u00f3l kieg\u00e9sz\u00edti a l\u00e1gy, selymes\" \/>\n<meta name=\"robots\" content=\"index, follow, max-snippet:-1, max-image-preview:large, max-video-preview:-1\" \/>\n<link rel=\"canonical\" href=\"https:\/\/mychoccy.com\/en\/product\/narancs-bonbon\/\" \/>\n<meta property=\"og:locale\" content=\"en_US\" \/>\n<meta property=\"og:type\" content=\"article\" \/>\n<meta property=\"og:title\" content=\"Narancs bonbon - MyChoccy\" \/>\n<meta property=\"og:description\" content=\"Egy tradicion\u00e1lis bonbon, mivel a narancs \u00e9s a j\u00f3 min\u0151s\u00e9g\u0171 tejcsokol\u00e1d\u00e9 p\u00e1ros\u00edt\u00e1sa mindig hib\u00e1tlan. A narancs savanyk\u00e1s \u00edze j\u00f3l kieg\u00e9sz\u00edti a l\u00e1gy, selymes\" \/>\n<meta property=\"og:url\" content=\"https:\/\/mychoccy.com\/en\/product\/narancs-bonbon\/\" \/>\n<meta property=\"og:site_name\" content=\"MyChoccy\" \/>\n<meta property=\"article:modified_time\" content=\"2026-01-08T06:40:13+00:00\" \/>\n<meta property=\"og:image\" content=\"https:\/\/mychoccy.com\/wp-content\/uploads\/2023\/09\/narancs-1.jpg\" \/>\n\t<meta property=\"og:image:width\" content=\"1200\" \/>\n\t<meta property=\"og:image:height\" content=\"800\" \/>\n\t<meta property=\"og:image:type\" content=\"image\/jpeg\" \/>\n<meta name=\"twitter:card\" content=\"summary_large_image\" \/>\n<meta name=\"twitter:label1\" content=\"Est. reading time\" \/>\n\t<meta name=\"twitter:data1\" content=\"1 minute\" \/>\n<script type=\"application\/ld+json\" class=\"yoast-schema-graph\">{\"@context\":\"https:\\\/\\\/schema.org\",\"@graph\":[{\"@type\":\"WebPage\",\"@id\":\"https:\\\/\\\/mychoccy.com\\\/en\\\/product\\\/narancs-bonbon\\\/\",\"url\":\"https:\\\/\\\/mychoccy.com\\\/en\\\/product\\\/narancs-bonbon\\\/\",\"name\":\"Narancs bonbon - MyChoccy\",\"isPartOf\":{\"@id\":\"https:\\\/\\\/mychoccy.com\\\/en\\\/#website\"},\"primaryImageOfPage\":{\"@id\":\"https:\\\/\\\/mychoccy.com\\\/en\\\/product\\\/narancs-bonbon\\\/#primaryimage\"},\"image\":{\"@id\":\"https:\\\/\\\/mychoccy.com\\\/en\\\/product\\\/narancs-bonbon\\\/#primaryimage\"},\"thumbnailUrl\":\"https:\\\/\\\/mychoccy.com\\\/wp-content\\\/uploads\\\/2023\\\/09\\\/narancs-1.jpg\",\"datePublished\":\"2020-04-11T15:04:18+00:00\",\"dateModified\":\"2026-01-08T06:40:13+00:00\",\"description\":\"Egy tradicion\u00e1lis bonbon, mivel a narancs \u00e9s a j\u00f3 min\u0151s\u00e9g\u0171 tejcsokol\u00e1d\u00e9 p\u00e1ros\u00edt\u00e1sa mindig hib\u00e1tlan. A narancs savanyk\u00e1s \u00edze j\u00f3l kieg\u00e9sz\u00edti a l\u00e1gy, selymes\",\"breadcrumb\":{\"@id\":\"https:\\\/\\\/mychoccy.com\\\/en\\\/product\\\/narancs-bonbon\\\/#breadcrumb\"},\"inLanguage\":\"en-US\",\"potentialAction\":[{\"@type\":\"ReadAction\",\"target\":[\"https:\\\/\\\/mychoccy.com\\\/en\\\/product\\\/narancs-bonbon\\\/\"]}]},{\"@type\":\"ImageObject\",\"inLanguage\":\"en-US\",\"@id\":\"https:\\\/\\\/mychoccy.com\\\/en\\\/product\\\/narancs-bonbon\\\/#primaryimage\",\"url\":\"https:\\\/\\\/mychoccy.com\\\/wp-content\\\/uploads\\\/2023\\\/09\\\/narancs-1.jpg\",\"contentUrl\":\"https:\\\/\\\/mychoccy.com\\\/wp-content\\\/uploads\\\/2023\\\/09\\\/narancs-1.jpg\",\"width\":1200,\"height\":800},{\"@type\":\"BreadcrumbList\",\"@id\":\"https:\\\/\\\/mychoccy.com\\\/en\\\/product\\\/narancs-bonbon\\\/#breadcrumb\",\"itemListElement\":[{\"@type\":\"ListItem\",\"position\":1,\"name\":\"Home\",\"item\":\"https:\\\/\\\/mychoccy.com\\\/en\\\/\"},{\"@type\":\"ListItem\",\"position\":2,\"name\":\"Shop\",\"item\":\"https:\\\/\\\/mychoccy.com\\\/en\\\/shop-2\\\/\"},{\"@type\":\"ListItem\",\"position\":3,\"name\":\"Narancs bonbon\"}]},{\"@type\":\"WebSite\",\"@id\":\"https:\\\/\\\/mychoccy.com\\\/en\\\/#website\",\"url\":\"https:\\\/\\\/mychoccy.com\\\/en\\\/\",\"name\":\"MyChoccy\",\"description\":\"Csokol\u00e1d\u00e9 kreat\u00edvan\",\"potentialAction\":[{\"@type\":\"SearchAction\",\"target\":{\"@type\":\"EntryPoint\",\"urlTemplate\":\"https:\\\/\\\/mychoccy.com\\\/en\\\/?s={search_term_string}\"},\"query-input\":{\"@type\":\"PropertyValueSpecification\",\"valueRequired\":true,\"valueName\":\"search_term_string\"}}],\"inLanguage\":\"en-US\"}]}<\/script>\n<!-- \/ Yoast SEO plugin. -->","yoast_head_json":{"title":"Narancs bonbon - MyChoccy","description":"Egy tradicion\u00e1lis bonbon, mivel a narancs \u00e9s a j\u00f3 min\u0151s\u00e9g\u0171 tejcsokol\u00e1d\u00e9 p\u00e1ros\u00edt\u00e1sa mindig hib\u00e1tlan. A narancs savanyk\u00e1s \u00edze j\u00f3l kieg\u00e9sz\u00edti a l\u00e1gy, selymes","robots":{"index":"index","follow":"follow","max-snippet":"max-snippet:-1","max-image-preview":"max-image-preview:large","max-video-preview":"max-video-preview:-1"},"canonical":"https:\/\/mychoccy.com\/en\/product\/narancs-bonbon\/","og_locale":"en_US","og_type":"article","og_title":"Narancs bonbon - MyChoccy","og_description":"Egy tradicion\u00e1lis bonbon, mivel a narancs \u00e9s a j\u00f3 min\u0151s\u00e9g\u0171 tejcsokol\u00e1d\u00e9 p\u00e1ros\u00edt\u00e1sa mindig hib\u00e1tlan. A narancs savanyk\u00e1s \u00edze j\u00f3l kieg\u00e9sz\u00edti a l\u00e1gy, selymes","og_url":"https:\/\/mychoccy.com\/en\/product\/narancs-bonbon\/","og_site_name":"MyChoccy","article_modified_time":"2026-01-08T06:40:13+00:00","og_image":[{"width":1200,"height":800,"url":"https:\/\/mychoccy.com\/wp-content\/uploads\/2023\/09\/narancs-1.jpg","type":"image\/jpeg"}],"twitter_card":"summary_large_image","twitter_misc":{"Est. reading time":"1 minute"},"schema":{"@context":"https:\/\/schema.org","@graph":[{"@type":"WebPage","@id":"https:\/\/mychoccy.com\/en\/product\/narancs-bonbon\/","url":"https:\/\/mychoccy.com\/en\/product\/narancs-bonbon\/","name":"Narancs bonbon - MyChoccy","isPartOf":{"@id":"https:\/\/mychoccy.com\/en\/#website"},"primaryImageOfPage":{"@id":"https:\/\/mychoccy.com\/en\/product\/narancs-bonbon\/#primaryimage"},"image":{"@id":"https:\/\/mychoccy.com\/en\/product\/narancs-bonbon\/#primaryimage"},"thumbnailUrl":"https:\/\/mychoccy.com\/wp-content\/uploads\/2023\/09\/narancs-1.jpg","datePublished":"2020-04-11T15:04:18+00:00","dateModified":"2026-01-08T06:40:13+00:00","description":"Egy tradicion\u00e1lis bonbon, mivel a narancs \u00e9s a j\u00f3 min\u0151s\u00e9g\u0171 tejcsokol\u00e1d\u00e9 p\u00e1ros\u00edt\u00e1sa mindig hib\u00e1tlan. A narancs savanyk\u00e1s \u00edze j\u00f3l kieg\u00e9sz\u00edti a l\u00e1gy, selymes","breadcrumb":{"@id":"https:\/\/mychoccy.com\/en\/product\/narancs-bonbon\/#breadcrumb"},"inLanguage":"en-US","potentialAction":[{"@type":"ReadAction","target":["https:\/\/mychoccy.com\/en\/product\/narancs-bonbon\/"]}]},{"@type":"ImageObject","inLanguage":"en-US","@id":"https:\/\/mychoccy.com\/en\/product\/narancs-bonbon\/#primaryimage","url":"https:\/\/mychoccy.com\/wp-content\/uploads\/2023\/09\/narancs-1.jpg","contentUrl":"https:\/\/mychoccy.com\/wp-content\/uploads\/2023\/09\/narancs-1.jpg","width":1200,"height":800},{"@type":"BreadcrumbList","@id":"https:\/\/mychoccy.com\/en\/product\/narancs-bonbon\/#breadcrumb","itemListElement":[{"@type":"ListItem","position":1,"name":"Home","item":"https:\/\/mychoccy.com\/en\/"},{"@type":"ListItem","position":2,"name":"Shop","item":"https:\/\/mychoccy.com\/en\/shop-2\/"},{"@type":"ListItem","position":3,"name":"Narancs bonbon"}]},{"@type":"WebSite","@id":"https:\/\/mychoccy.com\/en\/#website","url":"https:\/\/mychoccy.com\/en\/","name":"MyChoccy","description":"Csokol\u00e1d\u00e9 kreat\u00edvan","potentialAction":[{"@type":"SearchAction","target":{"@type":"EntryPoint","urlTemplate":"https:\/\/mychoccy.com\/en\/?s={search_term_string}"},"query-input":{"@type":"PropertyValueSpecification","valueRequired":true,"valueName":"search_term_string"}}],"inLanguage":"en-US"}]}},"jetpack_sharing_enabled":true,"_links":{"self":[{"href":"https:\/\/mychoccy.com\/en\/wp-json\/wp\/v2\/product\/13231","targetHints":{"allow":["GET"]}}],"collection":[{"href":"https:\/\/mychoccy.com\/en\/wp-json\/wp\/v2\/product"}],"about":[{"href":"https:\/\/mychoccy.com\/en\/wp-json\/wp\/v2\/types\/product"}],"wp:featuredmedia":[{"embeddable":true,"href":"https:\/\/mychoccy.com\/en\/wp-json\/wp\/v2\/media\/16906"}],"wp:attachment":[{"href":"https:\/\/mychoccy.com\/en\/wp-json\/wp\/v2\/media?parent=13231"}],"wp:term":[{"taxonomy":"product_brand","embeddable":true,"href":"https:\/\/mychoccy.com\/en\/wp-json\/wp\/v2\/product_brand?post=13231"},{"taxonomy":"product_cat","embeddable":true,"href":"https:\/\/mychoccy.com\/en\/wp-json\/wp\/v2\/product_cat?post=13231"},{"taxonomy":"product_tag","embeddable":true,"href":"https:\/\/mychoccy.com\/en\/wp-json\/wp\/v2\/product_tag?post=13231"}],"curies":[{"name":"wp","href":"https:\/\/api.w.org\/{rel}","templated":true}]}}