{"id":13222,"date":"2020-04-11T17:04:18","date_gmt":"2020-04-11T15:04:18","guid":{"rendered":"https:\/\/mychoccy.com\/product\/tokaji-aszus-marcipanos-bonbon\/"},"modified":"2026-01-08T07:35:37","modified_gmt":"2026-01-08T06:35:37","slug":"tokaji-aszus-marcipanos-bonbon","status":"publish","type":"product","link":"https:\/\/mychoccy.com\/en\/product\/tokaji-aszus-marcipanos-bonbon\/","title":{"rendered":"Tokaji asz\u00fas &#8211; marcip\u00e1nos bonbon"},"content":{"rendered":"<p>A legfens\u00e9gesebb desszertbor \u00e9s a vil\u00e1g egyik legjobb marcip\u00e1nj\u00e1nak h\u00e1zas\u00edt\u00e1sa, amelyet aranymazsol\u00e1val &#8220;f\u0171szerezt\u00fcnk&#8221;.<br \/>\nAlkoholt tartalmaz.<\/p>\n<p>Nett\u00f3 t\u00f6meg: 10 g<\/p>\n<p>\u00d6sszetev\u0151k: \u00e9tcsokol\u00e1d\u00e9, marcip\u00e1n, tokaji asz\u00fa, aranymazsola<\/p>\n<p>Allerg\u00e9nek: sz\u00f3jalecitin, marcip\u00e1n<\/p>\n","protected":false},"excerpt":{"rendered":"<p>A legfens\u00e9gesebb desszertbor \u00e9s a vil\u00e1g egyik legjobb marcip\u00e1nj\u00e1nak h\u00e1zas\u00edt\u00e1sa, amelyet aranymazsol\u00e1val &#8220;f\u0171szerezt\u00fcnk&#8221;. Alkoholt tartalmaz. Nett\u00f3 t\u00f6meg: 10 g \u00d6sszetev\u0151k: \u00e9tcsokol\u00e1d\u00e9, marcip\u00e1n, tokaji asz\u00fa, aranymazsola Allerg\u00e9nek: sz\u00f3jalecitin, marcip\u00e1n<\/p>\n","protected":false},"featured_media":16919,"template":"","meta":{"inline_featured_image":false},"product_brand":[],"product_cat":[306],"product_tag":[314,184,317],"class_list":{"0":"post-13222","1":"product","2":"type-product","3":"status-publish","4":"has-post-thumbnail","6":"product_cat-bonbonok","7":"product_tag-alkohol","8":"product_tag-etcsokolade","9":"product_tag-marcipan","11":"first","12":"instock","13":"taxable","14":"shipping-taxable","15":"purchasable","16":"product-type-simple"},"yoast_head":"<!-- This site is optimized with the Yoast SEO plugin v27.3 - https:\/\/yoast.com\/product\/yoast-seo-wordpress\/ -->\n<title>Tokaji asz\u00fas - marcip\u00e1nos bonbon - MyChoccy<\/title>\n<meta name=\"description\" content=\"A legfens\u00e9gesebb desszertbor \u00e9s a vil\u00e1g egyik legjobb marcip\u00e1nj\u00e1nak h\u00e1zas\u00edt\u00e1sa, amelyet aranymazsol\u00e1val &quot;f\u0171szerezt\u00fcnk&quot;. Alkoholt tartalmaz. Nett\u00f3 t\u00f6meg:\" \/>\n<meta name=\"robots\" content=\"index, follow, max-snippet:-1, max-image-preview:large, max-video-preview:-1\" \/>\n<link rel=\"canonical\" href=\"https:\/\/mychoccy.com\/en\/product\/tokaji-aszus-marcipanos-bonbon\/\" \/>\n<meta property=\"og:locale\" content=\"en_US\" \/>\n<meta property=\"og:type\" content=\"article\" \/>\n<meta property=\"og:title\" content=\"Tokaji asz\u00fas - marcip\u00e1nos bonbon - MyChoccy\" \/>\n<meta property=\"og:description\" content=\"A legfens\u00e9gesebb desszertbor \u00e9s a vil\u00e1g egyik legjobb marcip\u00e1nj\u00e1nak h\u00e1zas\u00edt\u00e1sa, amelyet aranymazsol\u00e1val &quot;f\u0171szerezt\u00fcnk&quot;. Alkoholt tartalmaz. Nett\u00f3 t\u00f6meg:\" \/>\n<meta property=\"og:url\" content=\"https:\/\/mychoccy.com\/en\/product\/tokaji-aszus-marcipanos-bonbon\/\" \/>\n<meta property=\"og:site_name\" content=\"MyChoccy\" \/>\n<meta property=\"article:modified_time\" content=\"2026-01-08T06:35:37+00:00\" \/>\n<meta property=\"og:image\" content=\"https:\/\/mychoccy.com\/wp-content\/uploads\/2023\/09\/tokaji-aszu.jpg\" \/>\n\t<meta property=\"og:image:width\" content=\"1200\" \/>\n\t<meta property=\"og:image:height\" content=\"800\" \/>\n\t<meta property=\"og:image:type\" content=\"image\/jpeg\" \/>\n<meta name=\"twitter:card\" content=\"summary_large_image\" \/>\n<meta name=\"twitter:label1\" content=\"Est. reading time\" \/>\n\t<meta name=\"twitter:data1\" content=\"1 minute\" \/>\n<script type=\"application\/ld+json\" class=\"yoast-schema-graph\">{\"@context\":\"https:\\\/\\\/schema.org\",\"@graph\":[{\"@type\":\"WebPage\",\"@id\":\"https:\\\/\\\/mychoccy.com\\\/en\\\/product\\\/tokaji-aszus-marcipanos-bonbon\\\/\",\"url\":\"https:\\\/\\\/mychoccy.com\\\/en\\\/product\\\/tokaji-aszus-marcipanos-bonbon\\\/\",\"name\":\"Tokaji asz\u00fas - marcip\u00e1nos bonbon - MyChoccy\",\"isPartOf\":{\"@id\":\"https:\\\/\\\/mychoccy.com\\\/en\\\/#website\"},\"primaryImageOfPage\":{\"@id\":\"https:\\\/\\\/mychoccy.com\\\/en\\\/product\\\/tokaji-aszus-marcipanos-bonbon\\\/#primaryimage\"},\"image\":{\"@id\":\"https:\\\/\\\/mychoccy.com\\\/en\\\/product\\\/tokaji-aszus-marcipanos-bonbon\\\/#primaryimage\"},\"thumbnailUrl\":\"https:\\\/\\\/mychoccy.com\\\/wp-content\\\/uploads\\\/2023\\\/09\\\/tokaji-aszu.jpg\",\"datePublished\":\"2020-04-11T15:04:18+00:00\",\"dateModified\":\"2026-01-08T06:35:37+00:00\",\"description\":\"A legfens\u00e9gesebb desszertbor \u00e9s a vil\u00e1g egyik legjobb marcip\u00e1nj\u00e1nak h\u00e1zas\u00edt\u00e1sa, amelyet aranymazsol\u00e1val \\\"f\u0171szerezt\u00fcnk\\\". Alkoholt tartalmaz. Nett\u00f3 t\u00f6meg:\",\"breadcrumb\":{\"@id\":\"https:\\\/\\\/mychoccy.com\\\/en\\\/product\\\/tokaji-aszus-marcipanos-bonbon\\\/#breadcrumb\"},\"inLanguage\":\"en-US\",\"potentialAction\":[{\"@type\":\"ReadAction\",\"target\":[\"https:\\\/\\\/mychoccy.com\\\/en\\\/product\\\/tokaji-aszus-marcipanos-bonbon\\\/\"]}]},{\"@type\":\"ImageObject\",\"inLanguage\":\"en-US\",\"@id\":\"https:\\\/\\\/mychoccy.com\\\/en\\\/product\\\/tokaji-aszus-marcipanos-bonbon\\\/#primaryimage\",\"url\":\"https:\\\/\\\/mychoccy.com\\\/wp-content\\\/uploads\\\/2023\\\/09\\\/tokaji-aszu.jpg\",\"contentUrl\":\"https:\\\/\\\/mychoccy.com\\\/wp-content\\\/uploads\\\/2023\\\/09\\\/tokaji-aszu.jpg\",\"width\":1200,\"height\":800},{\"@type\":\"BreadcrumbList\",\"@id\":\"https:\\\/\\\/mychoccy.com\\\/en\\\/product\\\/tokaji-aszus-marcipanos-bonbon\\\/#breadcrumb\",\"itemListElement\":[{\"@type\":\"ListItem\",\"position\":1,\"name\":\"Home\",\"item\":\"https:\\\/\\\/mychoccy.com\\\/en\\\/\"},{\"@type\":\"ListItem\",\"position\":2,\"name\":\"Shop\",\"item\":\"https:\\\/\\\/mychoccy.com\\\/en\\\/shop-2\\\/\"},{\"@type\":\"ListItem\",\"position\":3,\"name\":\"Tokaji asz\u00fas &#8211; marcip\u00e1nos bonbon\"}]},{\"@type\":\"WebSite\",\"@id\":\"https:\\\/\\\/mychoccy.com\\\/en\\\/#website\",\"url\":\"https:\\\/\\\/mychoccy.com\\\/en\\\/\",\"name\":\"MyChoccy\",\"description\":\"Csokol\u00e1d\u00e9 kreat\u00edvan\",\"potentialAction\":[{\"@type\":\"SearchAction\",\"target\":{\"@type\":\"EntryPoint\",\"urlTemplate\":\"https:\\\/\\\/mychoccy.com\\\/en\\\/?s={search_term_string}\"},\"query-input\":{\"@type\":\"PropertyValueSpecification\",\"valueRequired\":true,\"valueName\":\"search_term_string\"}}],\"inLanguage\":\"en-US\"}]}<\/script>\n<!-- \/ Yoast SEO plugin. -->","yoast_head_json":{"title":"Tokaji asz\u00fas - marcip\u00e1nos bonbon - MyChoccy","description":"A legfens\u00e9gesebb desszertbor \u00e9s a vil\u00e1g egyik legjobb marcip\u00e1nj\u00e1nak h\u00e1zas\u00edt\u00e1sa, amelyet aranymazsol\u00e1val \"f\u0171szerezt\u00fcnk\". Alkoholt tartalmaz. Nett\u00f3 t\u00f6meg:","robots":{"index":"index","follow":"follow","max-snippet":"max-snippet:-1","max-image-preview":"max-image-preview:large","max-video-preview":"max-video-preview:-1"},"canonical":"https:\/\/mychoccy.com\/en\/product\/tokaji-aszus-marcipanos-bonbon\/","og_locale":"en_US","og_type":"article","og_title":"Tokaji asz\u00fas - marcip\u00e1nos bonbon - MyChoccy","og_description":"A legfens\u00e9gesebb desszertbor \u00e9s a vil\u00e1g egyik legjobb marcip\u00e1nj\u00e1nak h\u00e1zas\u00edt\u00e1sa, amelyet aranymazsol\u00e1val \"f\u0171szerezt\u00fcnk\". Alkoholt tartalmaz. Nett\u00f3 t\u00f6meg:","og_url":"https:\/\/mychoccy.com\/en\/product\/tokaji-aszus-marcipanos-bonbon\/","og_site_name":"MyChoccy","article_modified_time":"2026-01-08T06:35:37+00:00","og_image":[{"width":1200,"height":800,"url":"https:\/\/mychoccy.com\/wp-content\/uploads\/2023\/09\/tokaji-aszu.jpg","type":"image\/jpeg"}],"twitter_card":"summary_large_image","twitter_misc":{"Est. reading time":"1 minute"},"schema":{"@context":"https:\/\/schema.org","@graph":[{"@type":"WebPage","@id":"https:\/\/mychoccy.com\/en\/product\/tokaji-aszus-marcipanos-bonbon\/","url":"https:\/\/mychoccy.com\/en\/product\/tokaji-aszus-marcipanos-bonbon\/","name":"Tokaji asz\u00fas - marcip\u00e1nos bonbon - MyChoccy","isPartOf":{"@id":"https:\/\/mychoccy.com\/en\/#website"},"primaryImageOfPage":{"@id":"https:\/\/mychoccy.com\/en\/product\/tokaji-aszus-marcipanos-bonbon\/#primaryimage"},"image":{"@id":"https:\/\/mychoccy.com\/en\/product\/tokaji-aszus-marcipanos-bonbon\/#primaryimage"},"thumbnailUrl":"https:\/\/mychoccy.com\/wp-content\/uploads\/2023\/09\/tokaji-aszu.jpg","datePublished":"2020-04-11T15:04:18+00:00","dateModified":"2026-01-08T06:35:37+00:00","description":"A legfens\u00e9gesebb desszertbor \u00e9s a vil\u00e1g egyik legjobb marcip\u00e1nj\u00e1nak h\u00e1zas\u00edt\u00e1sa, amelyet aranymazsol\u00e1val \"f\u0171szerezt\u00fcnk\". Alkoholt tartalmaz. Nett\u00f3 t\u00f6meg:","breadcrumb":{"@id":"https:\/\/mychoccy.com\/en\/product\/tokaji-aszus-marcipanos-bonbon\/#breadcrumb"},"inLanguage":"en-US","potentialAction":[{"@type":"ReadAction","target":["https:\/\/mychoccy.com\/en\/product\/tokaji-aszus-marcipanos-bonbon\/"]}]},{"@type":"ImageObject","inLanguage":"en-US","@id":"https:\/\/mychoccy.com\/en\/product\/tokaji-aszus-marcipanos-bonbon\/#primaryimage","url":"https:\/\/mychoccy.com\/wp-content\/uploads\/2023\/09\/tokaji-aszu.jpg","contentUrl":"https:\/\/mychoccy.com\/wp-content\/uploads\/2023\/09\/tokaji-aszu.jpg","width":1200,"height":800},{"@type":"BreadcrumbList","@id":"https:\/\/mychoccy.com\/en\/product\/tokaji-aszus-marcipanos-bonbon\/#breadcrumb","itemListElement":[{"@type":"ListItem","position":1,"name":"Home","item":"https:\/\/mychoccy.com\/en\/"},{"@type":"ListItem","position":2,"name":"Shop","item":"https:\/\/mychoccy.com\/en\/shop-2\/"},{"@type":"ListItem","position":3,"name":"Tokaji asz\u00fas &#8211; marcip\u00e1nos bonbon"}]},{"@type":"WebSite","@id":"https:\/\/mychoccy.com\/en\/#website","url":"https:\/\/mychoccy.com\/en\/","name":"MyChoccy","description":"Csokol\u00e1d\u00e9 kreat\u00edvan","potentialAction":[{"@type":"SearchAction","target":{"@type":"EntryPoint","urlTemplate":"https:\/\/mychoccy.com\/en\/?s={search_term_string}"},"query-input":{"@type":"PropertyValueSpecification","valueRequired":true,"valueName":"search_term_string"}}],"inLanguage":"en-US"}]}},"jetpack_sharing_enabled":true,"_links":{"self":[{"href":"https:\/\/mychoccy.com\/en\/wp-json\/wp\/v2\/product\/13222","targetHints":{"allow":["GET"]}}],"collection":[{"href":"https:\/\/mychoccy.com\/en\/wp-json\/wp\/v2\/product"}],"about":[{"href":"https:\/\/mychoccy.com\/en\/wp-json\/wp\/v2\/types\/product"}],"wp:featuredmedia":[{"embeddable":true,"href":"https:\/\/mychoccy.com\/en\/wp-json\/wp\/v2\/media\/16919"}],"wp:attachment":[{"href":"https:\/\/mychoccy.com\/en\/wp-json\/wp\/v2\/media?parent=13222"}],"wp:term":[{"taxonomy":"product_brand","embeddable":true,"href":"https:\/\/mychoccy.com\/en\/wp-json\/wp\/v2\/product_brand?post=13222"},{"taxonomy":"product_cat","embeddable":true,"href":"https:\/\/mychoccy.com\/en\/wp-json\/wp\/v2\/product_cat?post=13222"},{"taxonomy":"product_tag","embeddable":true,"href":"https:\/\/mychoccy.com\/en\/wp-json\/wp\/v2\/product_tag?post=13222"}],"curies":[{"name":"wp","href":"https:\/\/api.w.org\/{rel}","templated":true}]}}