{"id":13216,"date":"2020-04-11T17:04:18","date_gmt":"2020-04-11T15:04:18","guid":{"rendered":"https:\/\/mychoccy.com\/product\/menta-bonbon\/"},"modified":"2026-01-08T07:33:43","modified_gmt":"2026-01-08T06:33:43","slug":"menta-bonbon","status":"publish","type":"product","link":"https:\/\/mychoccy.com\/en\/product\/menta-bonbon\/","title":{"rendered":"Menta bonbon"},"content":{"rendered":"<p>A borsmenta ut\u00e1nozhatatlan \u00edzvil\u00e1ga. M\u00e1s sz\u00f3val: ett\u0151l t\u00e9nyleg &#8220;sz\u00e9l f\u00fcty\u00fcl a sz\u00e1dban&#8221;.<\/p>\n<p>Nett\u00f3 t\u00f6meg: 11 g<\/p>\n<p>\u00d6sszetev\u0151k: \u00e9tcsokol\u00e1d\u00e9, feh\u00e9rcsokol\u00e1d\u00e9, tejsz\u00edn, borsmenta kivonat<\/p>\n<p>Allerg\u00e9nek: sz\u00f3jalecitin, tejpor, tejsz\u00edn<\/p>\n","protected":false},"excerpt":{"rendered":"<p>A borsmenta ut\u00e1nozhatatlan \u00edzvil\u00e1ga. M\u00e1s sz\u00f3val: ett\u0151l t\u00e9nyleg &#8220;sz\u00e9l f\u00fcty\u00fcl a sz\u00e1dban&#8221;. Nett\u00f3 t\u00f6meg: 11 g \u00d6sszetev\u0151k: \u00e9tcsokol\u00e1d\u00e9, feh\u00e9rcsokol\u00e1d\u00e9, tejsz\u00edn, borsmenta kivonat Allerg\u00e9nek: sz\u00f3jalecitin, tejpor, tejsz\u00edn<\/p>\n","protected":false},"featured_media":16903,"template":"","meta":{"inline_featured_image":false},"product_brand":[],"product_cat":[306],"product_tag":[184,315],"class_list":{"0":"post-13216","1":"product","2":"type-product","3":"status-publish","4":"has-post-thumbnail","6":"product_cat-bonbonok","7":"product_tag-etcsokolade","8":"product_tag-fuszer","10":"first","11":"instock","12":"taxable","13":"shipping-taxable","14":"purchasable","15":"product-type-simple"},"yoast_head":"<!-- This site is optimized with the Yoast SEO plugin v27.3 - https:\/\/yoast.com\/product\/yoast-seo-wordpress\/ -->\n<title>Menta bonbon - MyChoccy<\/title>\n<meta name=\"description\" content=\"A borsmenta ut\u00e1nozhatatlan \u00edzvil\u00e1ga. M\u00e1s sz\u00f3val: ett\u0151l t\u00e9nyleg &quot;sz\u00e9l f\u00fcty\u00fcl a sz\u00e1dban&quot;. Nett\u00f3 t\u00f6meg: 11 g \u00d6sszetev\u0151k: \u00e9tcsokol\u00e1d\u00e9, feh\u00e9rcsokol\u00e1d\u00e9,\" \/>\n<meta name=\"robots\" content=\"index, follow, max-snippet:-1, max-image-preview:large, max-video-preview:-1\" \/>\n<link rel=\"canonical\" href=\"https:\/\/mychoccy.com\/en\/product\/menta-bonbon\/\" \/>\n<meta property=\"og:locale\" content=\"en_US\" \/>\n<meta property=\"og:type\" content=\"article\" \/>\n<meta property=\"og:title\" content=\"Menta bonbon - MyChoccy\" \/>\n<meta property=\"og:description\" content=\"A borsmenta ut\u00e1nozhatatlan \u00edzvil\u00e1ga. M\u00e1s sz\u00f3val: ett\u0151l t\u00e9nyleg &quot;sz\u00e9l f\u00fcty\u00fcl a sz\u00e1dban&quot;. Nett\u00f3 t\u00f6meg: 11 g \u00d6sszetev\u0151k: \u00e9tcsokol\u00e1d\u00e9, feh\u00e9rcsokol\u00e1d\u00e9,\" \/>\n<meta property=\"og:url\" content=\"https:\/\/mychoccy.com\/en\/product\/menta-bonbon\/\" \/>\n<meta property=\"og:site_name\" content=\"MyChoccy\" \/>\n<meta property=\"article:modified_time\" content=\"2026-01-08T06:33:43+00:00\" \/>\n<meta property=\"og:image\" content=\"https:\/\/mychoccy.com\/wp-content\/uploads\/2023\/09\/menta.jpg\" \/>\n\t<meta property=\"og:image:width\" content=\"1200\" \/>\n\t<meta property=\"og:image:height\" content=\"800\" \/>\n\t<meta property=\"og:image:type\" content=\"image\/jpeg\" \/>\n<meta name=\"twitter:card\" content=\"summary_large_image\" \/>\n<meta name=\"twitter:label1\" content=\"Est. reading time\" \/>\n\t<meta name=\"twitter:data1\" content=\"1 minute\" \/>\n<script type=\"application\/ld+json\" class=\"yoast-schema-graph\">{\"@context\":\"https:\\\/\\\/schema.org\",\"@graph\":[{\"@type\":\"WebPage\",\"@id\":\"https:\\\/\\\/mychoccy.com\\\/en\\\/product\\\/menta-bonbon\\\/\",\"url\":\"https:\\\/\\\/mychoccy.com\\\/en\\\/product\\\/menta-bonbon\\\/\",\"name\":\"Menta bonbon - MyChoccy\",\"isPartOf\":{\"@id\":\"https:\\\/\\\/mychoccy.com\\\/en\\\/#website\"},\"primaryImageOfPage\":{\"@id\":\"https:\\\/\\\/mychoccy.com\\\/en\\\/product\\\/menta-bonbon\\\/#primaryimage\"},\"image\":{\"@id\":\"https:\\\/\\\/mychoccy.com\\\/en\\\/product\\\/menta-bonbon\\\/#primaryimage\"},\"thumbnailUrl\":\"https:\\\/\\\/mychoccy.com\\\/wp-content\\\/uploads\\\/2023\\\/09\\\/menta.jpg\",\"datePublished\":\"2020-04-11T15:04:18+00:00\",\"dateModified\":\"2026-01-08T06:33:43+00:00\",\"description\":\"A borsmenta ut\u00e1nozhatatlan \u00edzvil\u00e1ga. M\u00e1s sz\u00f3val: ett\u0151l t\u00e9nyleg \\\"sz\u00e9l f\u00fcty\u00fcl a sz\u00e1dban\\\". Nett\u00f3 t\u00f6meg: 11 g \u00d6sszetev\u0151k: \u00e9tcsokol\u00e1d\u00e9, feh\u00e9rcsokol\u00e1d\u00e9,\",\"breadcrumb\":{\"@id\":\"https:\\\/\\\/mychoccy.com\\\/en\\\/product\\\/menta-bonbon\\\/#breadcrumb\"},\"inLanguage\":\"en-US\",\"potentialAction\":[{\"@type\":\"ReadAction\",\"target\":[\"https:\\\/\\\/mychoccy.com\\\/en\\\/product\\\/menta-bonbon\\\/\"]}]},{\"@type\":\"ImageObject\",\"inLanguage\":\"en-US\",\"@id\":\"https:\\\/\\\/mychoccy.com\\\/en\\\/product\\\/menta-bonbon\\\/#primaryimage\",\"url\":\"https:\\\/\\\/mychoccy.com\\\/wp-content\\\/uploads\\\/2023\\\/09\\\/menta.jpg\",\"contentUrl\":\"https:\\\/\\\/mychoccy.com\\\/wp-content\\\/uploads\\\/2023\\\/09\\\/menta.jpg\",\"width\":1200,\"height\":800},{\"@type\":\"BreadcrumbList\",\"@id\":\"https:\\\/\\\/mychoccy.com\\\/en\\\/product\\\/menta-bonbon\\\/#breadcrumb\",\"itemListElement\":[{\"@type\":\"ListItem\",\"position\":1,\"name\":\"Home\",\"item\":\"https:\\\/\\\/mychoccy.com\\\/en\\\/\"},{\"@type\":\"ListItem\",\"position\":2,\"name\":\"Shop\",\"item\":\"https:\\\/\\\/mychoccy.com\\\/en\\\/shop-2\\\/\"},{\"@type\":\"ListItem\",\"position\":3,\"name\":\"Menta bonbon\"}]},{\"@type\":\"WebSite\",\"@id\":\"https:\\\/\\\/mychoccy.com\\\/en\\\/#website\",\"url\":\"https:\\\/\\\/mychoccy.com\\\/en\\\/\",\"name\":\"MyChoccy\",\"description\":\"Csokol\u00e1d\u00e9 kreat\u00edvan\",\"potentialAction\":[{\"@type\":\"SearchAction\",\"target\":{\"@type\":\"EntryPoint\",\"urlTemplate\":\"https:\\\/\\\/mychoccy.com\\\/en\\\/?s={search_term_string}\"},\"query-input\":{\"@type\":\"PropertyValueSpecification\",\"valueRequired\":true,\"valueName\":\"search_term_string\"}}],\"inLanguage\":\"en-US\"}]}<\/script>\n<!-- \/ Yoast SEO plugin. -->","yoast_head_json":{"title":"Menta bonbon - MyChoccy","description":"A borsmenta ut\u00e1nozhatatlan \u00edzvil\u00e1ga. M\u00e1s sz\u00f3val: ett\u0151l t\u00e9nyleg \"sz\u00e9l f\u00fcty\u00fcl a sz\u00e1dban\". Nett\u00f3 t\u00f6meg: 11 g \u00d6sszetev\u0151k: \u00e9tcsokol\u00e1d\u00e9, feh\u00e9rcsokol\u00e1d\u00e9,","robots":{"index":"index","follow":"follow","max-snippet":"max-snippet:-1","max-image-preview":"max-image-preview:large","max-video-preview":"max-video-preview:-1"},"canonical":"https:\/\/mychoccy.com\/en\/product\/menta-bonbon\/","og_locale":"en_US","og_type":"article","og_title":"Menta bonbon - MyChoccy","og_description":"A borsmenta ut\u00e1nozhatatlan \u00edzvil\u00e1ga. M\u00e1s sz\u00f3val: ett\u0151l t\u00e9nyleg \"sz\u00e9l f\u00fcty\u00fcl a sz\u00e1dban\". Nett\u00f3 t\u00f6meg: 11 g \u00d6sszetev\u0151k: \u00e9tcsokol\u00e1d\u00e9, feh\u00e9rcsokol\u00e1d\u00e9,","og_url":"https:\/\/mychoccy.com\/en\/product\/menta-bonbon\/","og_site_name":"MyChoccy","article_modified_time":"2026-01-08T06:33:43+00:00","og_image":[{"width":1200,"height":800,"url":"https:\/\/mychoccy.com\/wp-content\/uploads\/2023\/09\/menta.jpg","type":"image\/jpeg"}],"twitter_card":"summary_large_image","twitter_misc":{"Est. reading time":"1 minute"},"schema":{"@context":"https:\/\/schema.org","@graph":[{"@type":"WebPage","@id":"https:\/\/mychoccy.com\/en\/product\/menta-bonbon\/","url":"https:\/\/mychoccy.com\/en\/product\/menta-bonbon\/","name":"Menta bonbon - MyChoccy","isPartOf":{"@id":"https:\/\/mychoccy.com\/en\/#website"},"primaryImageOfPage":{"@id":"https:\/\/mychoccy.com\/en\/product\/menta-bonbon\/#primaryimage"},"image":{"@id":"https:\/\/mychoccy.com\/en\/product\/menta-bonbon\/#primaryimage"},"thumbnailUrl":"https:\/\/mychoccy.com\/wp-content\/uploads\/2023\/09\/menta.jpg","datePublished":"2020-04-11T15:04:18+00:00","dateModified":"2026-01-08T06:33:43+00:00","description":"A borsmenta ut\u00e1nozhatatlan \u00edzvil\u00e1ga. M\u00e1s sz\u00f3val: ett\u0151l t\u00e9nyleg \"sz\u00e9l f\u00fcty\u00fcl a sz\u00e1dban\". Nett\u00f3 t\u00f6meg: 11 g \u00d6sszetev\u0151k: \u00e9tcsokol\u00e1d\u00e9, feh\u00e9rcsokol\u00e1d\u00e9,","breadcrumb":{"@id":"https:\/\/mychoccy.com\/en\/product\/menta-bonbon\/#breadcrumb"},"inLanguage":"en-US","potentialAction":[{"@type":"ReadAction","target":["https:\/\/mychoccy.com\/en\/product\/menta-bonbon\/"]}]},{"@type":"ImageObject","inLanguage":"en-US","@id":"https:\/\/mychoccy.com\/en\/product\/menta-bonbon\/#primaryimage","url":"https:\/\/mychoccy.com\/wp-content\/uploads\/2023\/09\/menta.jpg","contentUrl":"https:\/\/mychoccy.com\/wp-content\/uploads\/2023\/09\/menta.jpg","width":1200,"height":800},{"@type":"BreadcrumbList","@id":"https:\/\/mychoccy.com\/en\/product\/menta-bonbon\/#breadcrumb","itemListElement":[{"@type":"ListItem","position":1,"name":"Home","item":"https:\/\/mychoccy.com\/en\/"},{"@type":"ListItem","position":2,"name":"Shop","item":"https:\/\/mychoccy.com\/en\/shop-2\/"},{"@type":"ListItem","position":3,"name":"Menta bonbon"}]},{"@type":"WebSite","@id":"https:\/\/mychoccy.com\/en\/#website","url":"https:\/\/mychoccy.com\/en\/","name":"MyChoccy","description":"Csokol\u00e1d\u00e9 kreat\u00edvan","potentialAction":[{"@type":"SearchAction","target":{"@type":"EntryPoint","urlTemplate":"https:\/\/mychoccy.com\/en\/?s={search_term_string}"},"query-input":{"@type":"PropertyValueSpecification","valueRequired":true,"valueName":"search_term_string"}}],"inLanguage":"en-US"}]}},"jetpack_sharing_enabled":true,"_links":{"self":[{"href":"https:\/\/mychoccy.com\/en\/wp-json\/wp\/v2\/product\/13216","targetHints":{"allow":["GET"]}}],"collection":[{"href":"https:\/\/mychoccy.com\/en\/wp-json\/wp\/v2\/product"}],"about":[{"href":"https:\/\/mychoccy.com\/en\/wp-json\/wp\/v2\/types\/product"}],"wp:featuredmedia":[{"embeddable":true,"href":"https:\/\/mychoccy.com\/en\/wp-json\/wp\/v2\/media\/16903"}],"wp:attachment":[{"href":"https:\/\/mychoccy.com\/en\/wp-json\/wp\/v2\/media?parent=13216"}],"wp:term":[{"taxonomy":"product_brand","embeddable":true,"href":"https:\/\/mychoccy.com\/en\/wp-json\/wp\/v2\/product_brand?post=13216"},{"taxonomy":"product_cat","embeddable":true,"href":"https:\/\/mychoccy.com\/en\/wp-json\/wp\/v2\/product_cat?post=13216"},{"taxonomy":"product_tag","embeddable":true,"href":"https:\/\/mychoccy.com\/en\/wp-json\/wp\/v2\/product_tag?post=13216"}],"curies":[{"name":"wp","href":"https:\/\/api.w.org\/{rel}","templated":true}]}}