{"id":13215,"date":"2020-04-11T17:04:15","date_gmt":"2020-04-11T15:04:15","guid":{"rendered":"https:\/\/mychoccy.com\/product\/meggypalinkas-bonbon\/"},"modified":"2026-01-08T07:39:49","modified_gmt":"2026-01-08T06:39:49","slug":"meggypalinkas-bonbon","status":"publish","type":"product","link":"https:\/\/mychoccy.com\/en\/product\/meggypalinkas-bonbon\/","title":{"rendered":"Meggyp\u00e1link\u00e1s bonbon"},"content":{"rendered":"<p>A meggy kellemesen savanyk\u00e1s \u00edze \u00e9s az \u00e1gyas meggyp\u00e1linka karakteres \u00edzvonala t\u00f6k\u00e9letes harm\u00f3ni\u00e1t alkot a s\u00f6t\u00e9t, keserny\u00e9s \u00e9tcsokol\u00e1d\u00e9val.<br \/>\n\u00d3vatosan, mivel alkoholt tartalmaz!<\/p>\n<p>Nett\u00f3 t\u00f6meg: 8 g<\/p>\n<p>\u00d6sszetev\u0151k: \u00e9tcsokol\u00e1d\u00e9, feh\u00e9r csokol\u00e1d\u00e9, tejsz\u00edn, vaj, meggyp\u00fcr\u00e9, \u00e1gyas meggyp\u00e1linka<\/p>\n<p>Allerg\u00e9nek: sz\u00f3jalecitin, tejpor, tejsz\u00edn, vaj<\/p>\n","protected":false},"excerpt":{"rendered":"<p>A meggy kellemesen savanyk\u00e1s \u00edze \u00e9s az \u00e1gyas meggyp\u00e1linka karakteres \u00edzvonala t\u00f6k\u00e9letes harm\u00f3ni\u00e1t alkot a s\u00f6t\u00e9t, keserny\u00e9s \u00e9tcsokol\u00e1d\u00e9val. \u00d3vatosan, mivel alkoholt tartalmaz! Nett\u00f3 t\u00f6meg: 8 g \u00d6sszetev\u0151k: \u00e9tcsokol\u00e1d\u00e9, feh\u00e9r csokol\u00e1d\u00e9, tejsz\u00edn, vaj, meggyp\u00fcr\u00e9, \u00e1gyas meggyp\u00e1linka Allerg\u00e9nek: sz\u00f3jalecitin, tejpor, tejsz\u00edn, vaj<\/p>\n","protected":false},"featured_media":16902,"template":"","meta":{"inline_featured_image":false},"product_brand":[],"product_cat":[306],"product_tag":[314,184,313],"class_list":{"0":"post-13215","1":"product","2":"type-product","3":"status-publish","4":"has-post-thumbnail","6":"product_cat-bonbonok","7":"product_tag-alkohol","8":"product_tag-etcsokolade","9":"product_tag-gyumolcs","11":"first","12":"instock","13":"taxable","14":"shipping-taxable","15":"purchasable","16":"product-type-simple"},"yoast_head":"<!-- This site is optimized with the Yoast SEO plugin v27.5 - https:\/\/yoast.com\/product\/yoast-seo-wordpress\/ -->\n<title>Meggyp\u00e1link\u00e1s bonbon - MyChoccy<\/title>\n<meta name=\"description\" content=\"A meggy kellemesen savanyk\u00e1s \u00edze \u00e9s az \u00e1gyas meggyp\u00e1linka karakteres \u00edzvonala t\u00f6k\u00e9letes harm\u00f3ni\u00e1t alkot a s\u00f6t\u00e9t, keserny\u00e9s \u00e9tcsokol\u00e1d\u00e9val. \u00d3vatosan, mivel\" \/>\n<meta name=\"robots\" content=\"index, follow, max-snippet:-1, max-image-preview:large, max-video-preview:-1\" \/>\n<link rel=\"canonical\" href=\"https:\/\/mychoccy.com\/en\/product\/meggypalinkas-bonbon\/\" \/>\n<meta property=\"og:locale\" content=\"en_US\" \/>\n<meta property=\"og:type\" content=\"article\" \/>\n<meta property=\"og:title\" content=\"Meggyp\u00e1link\u00e1s bonbon - MyChoccy\" \/>\n<meta property=\"og:description\" content=\"A meggy kellemesen savanyk\u00e1s \u00edze \u00e9s az \u00e1gyas meggyp\u00e1linka karakteres \u00edzvonala t\u00f6k\u00e9letes harm\u00f3ni\u00e1t alkot a s\u00f6t\u00e9t, keserny\u00e9s \u00e9tcsokol\u00e1d\u00e9val. \u00d3vatosan, mivel\" \/>\n<meta property=\"og:url\" content=\"https:\/\/mychoccy.com\/en\/product\/meggypalinkas-bonbon\/\" \/>\n<meta property=\"og:site_name\" content=\"MyChoccy\" \/>\n<meta property=\"article:modified_time\" content=\"2026-01-08T06:39:49+00:00\" \/>\n<meta property=\"og:image\" content=\"https:\/\/mychoccy.com\/wp-content\/uploads\/2023\/09\/meggypalinka.jpg\" \/>\n\t<meta property=\"og:image:width\" content=\"1200\" \/>\n\t<meta property=\"og:image:height\" content=\"800\" \/>\n\t<meta property=\"og:image:type\" content=\"image\/jpeg\" \/>\n<meta name=\"twitter:card\" content=\"summary_large_image\" \/>\n<meta name=\"twitter:label1\" content=\"Est. reading time\" \/>\n\t<meta name=\"twitter:data1\" content=\"1 minute\" \/>\n<script type=\"application\/ld+json\" class=\"yoast-schema-graph\">{\"@context\":\"https:\\\/\\\/schema.org\",\"@graph\":[{\"@type\":\"WebPage\",\"@id\":\"https:\\\/\\\/mychoccy.com\\\/en\\\/product\\\/meggypalinkas-bonbon\\\/\",\"url\":\"https:\\\/\\\/mychoccy.com\\\/en\\\/product\\\/meggypalinkas-bonbon\\\/\",\"name\":\"Meggyp\u00e1link\u00e1s bonbon - MyChoccy\",\"isPartOf\":{\"@id\":\"https:\\\/\\\/mychoccy.com\\\/en\\\/#website\"},\"primaryImageOfPage\":{\"@id\":\"https:\\\/\\\/mychoccy.com\\\/en\\\/product\\\/meggypalinkas-bonbon\\\/#primaryimage\"},\"image\":{\"@id\":\"https:\\\/\\\/mychoccy.com\\\/en\\\/product\\\/meggypalinkas-bonbon\\\/#primaryimage\"},\"thumbnailUrl\":\"https:\\\/\\\/mychoccy.com\\\/wp-content\\\/uploads\\\/2023\\\/09\\\/meggypalinka.jpg\",\"datePublished\":\"2020-04-11T15:04:15+00:00\",\"dateModified\":\"2026-01-08T06:39:49+00:00\",\"description\":\"A meggy kellemesen savanyk\u00e1s \u00edze \u00e9s az \u00e1gyas meggyp\u00e1linka karakteres \u00edzvonala t\u00f6k\u00e9letes harm\u00f3ni\u00e1t alkot a s\u00f6t\u00e9t, keserny\u00e9s \u00e9tcsokol\u00e1d\u00e9val. \u00d3vatosan, mivel\",\"breadcrumb\":{\"@id\":\"https:\\\/\\\/mychoccy.com\\\/en\\\/product\\\/meggypalinkas-bonbon\\\/#breadcrumb\"},\"inLanguage\":\"en-US\",\"potentialAction\":[{\"@type\":\"ReadAction\",\"target\":[\"https:\\\/\\\/mychoccy.com\\\/en\\\/product\\\/meggypalinkas-bonbon\\\/\"]}]},{\"@type\":\"ImageObject\",\"inLanguage\":\"en-US\",\"@id\":\"https:\\\/\\\/mychoccy.com\\\/en\\\/product\\\/meggypalinkas-bonbon\\\/#primaryimage\",\"url\":\"https:\\\/\\\/mychoccy.com\\\/wp-content\\\/uploads\\\/2023\\\/09\\\/meggypalinka.jpg\",\"contentUrl\":\"https:\\\/\\\/mychoccy.com\\\/wp-content\\\/uploads\\\/2023\\\/09\\\/meggypalinka.jpg\",\"width\":1200,\"height\":800},{\"@type\":\"BreadcrumbList\",\"@id\":\"https:\\\/\\\/mychoccy.com\\\/en\\\/product\\\/meggypalinkas-bonbon\\\/#breadcrumb\",\"itemListElement\":[{\"@type\":\"ListItem\",\"position\":1,\"name\":\"Home\",\"item\":\"https:\\\/\\\/mychoccy.com\\\/en\\\/\"},{\"@type\":\"ListItem\",\"position\":2,\"name\":\"Shop\",\"item\":\"https:\\\/\\\/mychoccy.com\\\/en\\\/shop-2\\\/\"},{\"@type\":\"ListItem\",\"position\":3,\"name\":\"Meggyp\u00e1link\u00e1s bonbon\"}]},{\"@type\":\"WebSite\",\"@id\":\"https:\\\/\\\/mychoccy.com\\\/en\\\/#website\",\"url\":\"https:\\\/\\\/mychoccy.com\\\/en\\\/\",\"name\":\"MyChoccy\",\"description\":\"Csokol\u00e1d\u00e9 kreat\u00edvan\",\"potentialAction\":[{\"@type\":\"SearchAction\",\"target\":{\"@type\":\"EntryPoint\",\"urlTemplate\":\"https:\\\/\\\/mychoccy.com\\\/en\\\/?s={search_term_string}\"},\"query-input\":{\"@type\":\"PropertyValueSpecification\",\"valueRequired\":true,\"valueName\":\"search_term_string\"}}],\"inLanguage\":\"en-US\"}]}<\/script>\n<!-- \/ Yoast SEO plugin. -->","yoast_head_json":{"title":"Meggyp\u00e1link\u00e1s bonbon - MyChoccy","description":"A meggy kellemesen savanyk\u00e1s \u00edze \u00e9s az \u00e1gyas meggyp\u00e1linka karakteres \u00edzvonala t\u00f6k\u00e9letes harm\u00f3ni\u00e1t alkot a s\u00f6t\u00e9t, keserny\u00e9s \u00e9tcsokol\u00e1d\u00e9val. \u00d3vatosan, mivel","robots":{"index":"index","follow":"follow","max-snippet":"max-snippet:-1","max-image-preview":"max-image-preview:large","max-video-preview":"max-video-preview:-1"},"canonical":"https:\/\/mychoccy.com\/en\/product\/meggypalinkas-bonbon\/","og_locale":"en_US","og_type":"article","og_title":"Meggyp\u00e1link\u00e1s bonbon - MyChoccy","og_description":"A meggy kellemesen savanyk\u00e1s \u00edze \u00e9s az \u00e1gyas meggyp\u00e1linka karakteres \u00edzvonala t\u00f6k\u00e9letes harm\u00f3ni\u00e1t alkot a s\u00f6t\u00e9t, keserny\u00e9s \u00e9tcsokol\u00e1d\u00e9val. \u00d3vatosan, mivel","og_url":"https:\/\/mychoccy.com\/en\/product\/meggypalinkas-bonbon\/","og_site_name":"MyChoccy","article_modified_time":"2026-01-08T06:39:49+00:00","og_image":[{"width":1200,"height":800,"url":"https:\/\/mychoccy.com\/wp-content\/uploads\/2023\/09\/meggypalinka.jpg","type":"image\/jpeg"}],"twitter_card":"summary_large_image","twitter_misc":{"Est. reading time":"1 minute"},"schema":{"@context":"https:\/\/schema.org","@graph":[{"@type":"WebPage","@id":"https:\/\/mychoccy.com\/en\/product\/meggypalinkas-bonbon\/","url":"https:\/\/mychoccy.com\/en\/product\/meggypalinkas-bonbon\/","name":"Meggyp\u00e1link\u00e1s bonbon - MyChoccy","isPartOf":{"@id":"https:\/\/mychoccy.com\/en\/#website"},"primaryImageOfPage":{"@id":"https:\/\/mychoccy.com\/en\/product\/meggypalinkas-bonbon\/#primaryimage"},"image":{"@id":"https:\/\/mychoccy.com\/en\/product\/meggypalinkas-bonbon\/#primaryimage"},"thumbnailUrl":"https:\/\/mychoccy.com\/wp-content\/uploads\/2023\/09\/meggypalinka.jpg","datePublished":"2020-04-11T15:04:15+00:00","dateModified":"2026-01-08T06:39:49+00:00","description":"A meggy kellemesen savanyk\u00e1s \u00edze \u00e9s az \u00e1gyas meggyp\u00e1linka karakteres \u00edzvonala t\u00f6k\u00e9letes harm\u00f3ni\u00e1t alkot a s\u00f6t\u00e9t, keserny\u00e9s \u00e9tcsokol\u00e1d\u00e9val. \u00d3vatosan, mivel","breadcrumb":{"@id":"https:\/\/mychoccy.com\/en\/product\/meggypalinkas-bonbon\/#breadcrumb"},"inLanguage":"en-US","potentialAction":[{"@type":"ReadAction","target":["https:\/\/mychoccy.com\/en\/product\/meggypalinkas-bonbon\/"]}]},{"@type":"ImageObject","inLanguage":"en-US","@id":"https:\/\/mychoccy.com\/en\/product\/meggypalinkas-bonbon\/#primaryimage","url":"https:\/\/mychoccy.com\/wp-content\/uploads\/2023\/09\/meggypalinka.jpg","contentUrl":"https:\/\/mychoccy.com\/wp-content\/uploads\/2023\/09\/meggypalinka.jpg","width":1200,"height":800},{"@type":"BreadcrumbList","@id":"https:\/\/mychoccy.com\/en\/product\/meggypalinkas-bonbon\/#breadcrumb","itemListElement":[{"@type":"ListItem","position":1,"name":"Home","item":"https:\/\/mychoccy.com\/en\/"},{"@type":"ListItem","position":2,"name":"Shop","item":"https:\/\/mychoccy.com\/en\/shop-2\/"},{"@type":"ListItem","position":3,"name":"Meggyp\u00e1link\u00e1s bonbon"}]},{"@type":"WebSite","@id":"https:\/\/mychoccy.com\/en\/#website","url":"https:\/\/mychoccy.com\/en\/","name":"MyChoccy","description":"Csokol\u00e1d\u00e9 kreat\u00edvan","potentialAction":[{"@type":"SearchAction","target":{"@type":"EntryPoint","urlTemplate":"https:\/\/mychoccy.com\/en\/?s={search_term_string}"},"query-input":{"@type":"PropertyValueSpecification","valueRequired":true,"valueName":"search_term_string"}}],"inLanguage":"en-US"}]}},"jetpack_sharing_enabled":true,"_links":{"self":[{"href":"https:\/\/mychoccy.com\/en\/wp-json\/wp\/v2\/product\/13215","targetHints":{"allow":["GET"]}}],"collection":[{"href":"https:\/\/mychoccy.com\/en\/wp-json\/wp\/v2\/product"}],"about":[{"href":"https:\/\/mychoccy.com\/en\/wp-json\/wp\/v2\/types\/product"}],"wp:featuredmedia":[{"embeddable":true,"href":"https:\/\/mychoccy.com\/en\/wp-json\/wp\/v2\/media\/16902"}],"wp:attachment":[{"href":"https:\/\/mychoccy.com\/en\/wp-json\/wp\/v2\/media?parent=13215"}],"wp:term":[{"taxonomy":"product_brand","embeddable":true,"href":"https:\/\/mychoccy.com\/en\/wp-json\/wp\/v2\/product_brand?post=13215"},{"taxonomy":"product_cat","embeddable":true,"href":"https:\/\/mychoccy.com\/en\/wp-json\/wp\/v2\/product_cat?post=13215"},{"taxonomy":"product_tag","embeddable":true,"href":"https:\/\/mychoccy.com\/en\/wp-json\/wp\/v2\/product_tag?post=13215"}],"curies":[{"name":"wp","href":"https:\/\/api.w.org\/{rel}","templated":true}]}}