{"id":13201,"date":"2020-04-11T17:04:15","date_gmt":"2020-04-11T15:04:15","guid":{"rendered":"https:\/\/mychoccy.com\/product\/chili-bonbon\/"},"modified":"2026-01-08T07:37:58","modified_gmt":"2026-01-08T06:37:58","slug":"chili-bonbon","status":"publish","type":"product","link":"https:\/\/mychoccy.com\/en\/product\/chili-bonbon\/","title":{"rendered":"Chili bonbon"},"content":{"rendered":"<p>A pik\u00e1nsan cs\u00edp\u0151s \u00edzek kedvel\u0151inek. Az \u00e9tcsokol\u00e1d\u00e9 \u00e9s a szellem chili h\u00e1zas\u00edt\u00e1sa nem hagyja pihenni az \u00edzlel\u0151bimb\u00f3kat.<\/p>\n<p>Nett\u00f3 t\u00f6meg: 8 g<\/p>\n<p>\u00d6sszetev\u0151k: \u00e9tcsokol\u00e1d\u00e9, tejsz\u00edn, chili<\/p>\n<p>Allerg\u00e9nek: sz\u00f3jalecitin, tejsz\u00edn<\/p>\n","protected":false},"excerpt":{"rendered":"<p>A pik\u00e1nsan cs\u00edp\u0151s \u00edzek kedvel\u0151inek. Az \u00e9tcsokol\u00e1d\u00e9 \u00e9s a szellem chili h\u00e1zas\u00edt\u00e1sa nem hagyja pihenni az \u00edzlel\u0151bimb\u00f3kat. Nett\u00f3 t\u00f6meg: 8 g \u00d6sszetev\u0151k: \u00e9tcsokol\u00e1d\u00e9, tejsz\u00edn, chili Allerg\u00e9nek: sz\u00f3jalecitin, tejsz\u00edn<\/p>\n","protected":false},"featured_media":16882,"template":"","meta":{"inline_featured_image":false},"product_brand":[],"product_cat":[306],"product_tag":[374,184,315],"class_list":{"0":"post-13201","1":"product","2":"type-product","3":"status-publish","4":"has-post-thumbnail","6":"product_cat-bonbonok","7":"product_tag-chili","8":"product_tag-etcsokolade","9":"product_tag-fuszer","11":"first","12":"outofstock","13":"taxable","14":"shipping-taxable","15":"purchasable","16":"product-type-simple"},"yoast_head":"<!-- This site is optimized with the Yoast SEO plugin v27.4 - https:\/\/yoast.com\/product\/yoast-seo-wordpress\/ -->\n<title>Chili bonbon - MyChoccy<\/title>\n<meta name=\"description\" content=\"A pik\u00e1nsan cs\u00edp\u0151s \u00edzek kedvel\u0151inek. Az \u00e9tcsokol\u00e1d\u00e9 \u00e9s a szellem chili h\u00e1zas\u00edt\u00e1sa nem hagyja pihenni az \u00edzlel\u0151bimb\u00f3kat. Nett\u00f3 t\u00f6meg: 8 g \u00d6sszetev\u0151k:\" \/>\n<meta name=\"robots\" content=\"index, follow, max-snippet:-1, max-image-preview:large, max-video-preview:-1\" \/>\n<link rel=\"canonical\" href=\"https:\/\/mychoccy.com\/en\/product\/chili-bonbon\/\" \/>\n<meta property=\"og:locale\" content=\"en_US\" \/>\n<meta property=\"og:type\" content=\"article\" \/>\n<meta property=\"og:title\" content=\"Chili bonbon - MyChoccy\" \/>\n<meta property=\"og:description\" content=\"A pik\u00e1nsan cs\u00edp\u0151s \u00edzek kedvel\u0151inek. Az \u00e9tcsokol\u00e1d\u00e9 \u00e9s a szellem chili h\u00e1zas\u00edt\u00e1sa nem hagyja pihenni az \u00edzlel\u0151bimb\u00f3kat. Nett\u00f3 t\u00f6meg: 8 g \u00d6sszetev\u0151k:\" \/>\n<meta property=\"og:url\" content=\"https:\/\/mychoccy.com\/en\/product\/chili-bonbon\/\" \/>\n<meta property=\"og:site_name\" content=\"MyChoccy\" \/>\n<meta property=\"article:modified_time\" content=\"2026-01-08T06:37:58+00:00\" \/>\n<meta property=\"og:image\" content=\"https:\/\/mychoccy.com\/wp-content\/uploads\/2023\/09\/chili.jpg\" \/>\n\t<meta property=\"og:image:width\" content=\"1200\" \/>\n\t<meta property=\"og:image:height\" content=\"800\" \/>\n\t<meta property=\"og:image:type\" content=\"image\/jpeg\" \/>\n<meta name=\"twitter:card\" content=\"summary_large_image\" \/>\n<meta name=\"twitter:label1\" content=\"Est. reading time\" \/>\n\t<meta name=\"twitter:data1\" content=\"1 minute\" \/>\n<script type=\"application\/ld+json\" class=\"yoast-schema-graph\">{\"@context\":\"https:\\\/\\\/schema.org\",\"@graph\":[{\"@type\":\"WebPage\",\"@id\":\"https:\\\/\\\/mychoccy.com\\\/en\\\/product\\\/chili-bonbon\\\/\",\"url\":\"https:\\\/\\\/mychoccy.com\\\/en\\\/product\\\/chili-bonbon\\\/\",\"name\":\"Chili bonbon - MyChoccy\",\"isPartOf\":{\"@id\":\"https:\\\/\\\/mychoccy.com\\\/en\\\/#website\"},\"primaryImageOfPage\":{\"@id\":\"https:\\\/\\\/mychoccy.com\\\/en\\\/product\\\/chili-bonbon\\\/#primaryimage\"},\"image\":{\"@id\":\"https:\\\/\\\/mychoccy.com\\\/en\\\/product\\\/chili-bonbon\\\/#primaryimage\"},\"thumbnailUrl\":\"https:\\\/\\\/mychoccy.com\\\/wp-content\\\/uploads\\\/2023\\\/09\\\/chili.jpg\",\"datePublished\":\"2020-04-11T15:04:15+00:00\",\"dateModified\":\"2026-01-08T06:37:58+00:00\",\"description\":\"A pik\u00e1nsan cs\u00edp\u0151s \u00edzek kedvel\u0151inek. Az \u00e9tcsokol\u00e1d\u00e9 \u00e9s a szellem chili h\u00e1zas\u00edt\u00e1sa nem hagyja pihenni az \u00edzlel\u0151bimb\u00f3kat. Nett\u00f3 t\u00f6meg: 8 g \u00d6sszetev\u0151k:\",\"breadcrumb\":{\"@id\":\"https:\\\/\\\/mychoccy.com\\\/en\\\/product\\\/chili-bonbon\\\/#breadcrumb\"},\"inLanguage\":\"en-US\",\"potentialAction\":[{\"@type\":\"ReadAction\",\"target\":[\"https:\\\/\\\/mychoccy.com\\\/en\\\/product\\\/chili-bonbon\\\/\"]}]},{\"@type\":\"ImageObject\",\"inLanguage\":\"en-US\",\"@id\":\"https:\\\/\\\/mychoccy.com\\\/en\\\/product\\\/chili-bonbon\\\/#primaryimage\",\"url\":\"https:\\\/\\\/mychoccy.com\\\/wp-content\\\/uploads\\\/2023\\\/09\\\/chili.jpg\",\"contentUrl\":\"https:\\\/\\\/mychoccy.com\\\/wp-content\\\/uploads\\\/2023\\\/09\\\/chili.jpg\",\"width\":1200,\"height\":800},{\"@type\":\"BreadcrumbList\",\"@id\":\"https:\\\/\\\/mychoccy.com\\\/en\\\/product\\\/chili-bonbon\\\/#breadcrumb\",\"itemListElement\":[{\"@type\":\"ListItem\",\"position\":1,\"name\":\"Home\",\"item\":\"https:\\\/\\\/mychoccy.com\\\/en\\\/\"},{\"@type\":\"ListItem\",\"position\":2,\"name\":\"Shop\",\"item\":\"https:\\\/\\\/mychoccy.com\\\/en\\\/shop-2\\\/\"},{\"@type\":\"ListItem\",\"position\":3,\"name\":\"Chili bonbon\"}]},{\"@type\":\"WebSite\",\"@id\":\"https:\\\/\\\/mychoccy.com\\\/en\\\/#website\",\"url\":\"https:\\\/\\\/mychoccy.com\\\/en\\\/\",\"name\":\"MyChoccy\",\"description\":\"Csokol\u00e1d\u00e9 kreat\u00edvan\",\"potentialAction\":[{\"@type\":\"SearchAction\",\"target\":{\"@type\":\"EntryPoint\",\"urlTemplate\":\"https:\\\/\\\/mychoccy.com\\\/en\\\/?s={search_term_string}\"},\"query-input\":{\"@type\":\"PropertyValueSpecification\",\"valueRequired\":true,\"valueName\":\"search_term_string\"}}],\"inLanguage\":\"en-US\"}]}<\/script>\n<!-- \/ Yoast SEO plugin. -->","yoast_head_json":{"title":"Chili bonbon - MyChoccy","description":"A pik\u00e1nsan cs\u00edp\u0151s \u00edzek kedvel\u0151inek. Az \u00e9tcsokol\u00e1d\u00e9 \u00e9s a szellem chili h\u00e1zas\u00edt\u00e1sa nem hagyja pihenni az \u00edzlel\u0151bimb\u00f3kat. Nett\u00f3 t\u00f6meg: 8 g \u00d6sszetev\u0151k:","robots":{"index":"index","follow":"follow","max-snippet":"max-snippet:-1","max-image-preview":"max-image-preview:large","max-video-preview":"max-video-preview:-1"},"canonical":"https:\/\/mychoccy.com\/en\/product\/chili-bonbon\/","og_locale":"en_US","og_type":"article","og_title":"Chili bonbon - MyChoccy","og_description":"A pik\u00e1nsan cs\u00edp\u0151s \u00edzek kedvel\u0151inek. Az \u00e9tcsokol\u00e1d\u00e9 \u00e9s a szellem chili h\u00e1zas\u00edt\u00e1sa nem hagyja pihenni az \u00edzlel\u0151bimb\u00f3kat. Nett\u00f3 t\u00f6meg: 8 g \u00d6sszetev\u0151k:","og_url":"https:\/\/mychoccy.com\/en\/product\/chili-bonbon\/","og_site_name":"MyChoccy","article_modified_time":"2026-01-08T06:37:58+00:00","og_image":[{"width":1200,"height":800,"url":"https:\/\/mychoccy.com\/wp-content\/uploads\/2023\/09\/chili.jpg","type":"image\/jpeg"}],"twitter_card":"summary_large_image","twitter_misc":{"Est. reading time":"1 minute"},"schema":{"@context":"https:\/\/schema.org","@graph":[{"@type":"WebPage","@id":"https:\/\/mychoccy.com\/en\/product\/chili-bonbon\/","url":"https:\/\/mychoccy.com\/en\/product\/chili-bonbon\/","name":"Chili bonbon - MyChoccy","isPartOf":{"@id":"https:\/\/mychoccy.com\/en\/#website"},"primaryImageOfPage":{"@id":"https:\/\/mychoccy.com\/en\/product\/chili-bonbon\/#primaryimage"},"image":{"@id":"https:\/\/mychoccy.com\/en\/product\/chili-bonbon\/#primaryimage"},"thumbnailUrl":"https:\/\/mychoccy.com\/wp-content\/uploads\/2023\/09\/chili.jpg","datePublished":"2020-04-11T15:04:15+00:00","dateModified":"2026-01-08T06:37:58+00:00","description":"A pik\u00e1nsan cs\u00edp\u0151s \u00edzek kedvel\u0151inek. Az \u00e9tcsokol\u00e1d\u00e9 \u00e9s a szellem chili h\u00e1zas\u00edt\u00e1sa nem hagyja pihenni az \u00edzlel\u0151bimb\u00f3kat. Nett\u00f3 t\u00f6meg: 8 g \u00d6sszetev\u0151k:","breadcrumb":{"@id":"https:\/\/mychoccy.com\/en\/product\/chili-bonbon\/#breadcrumb"},"inLanguage":"en-US","potentialAction":[{"@type":"ReadAction","target":["https:\/\/mychoccy.com\/en\/product\/chili-bonbon\/"]}]},{"@type":"ImageObject","inLanguage":"en-US","@id":"https:\/\/mychoccy.com\/en\/product\/chili-bonbon\/#primaryimage","url":"https:\/\/mychoccy.com\/wp-content\/uploads\/2023\/09\/chili.jpg","contentUrl":"https:\/\/mychoccy.com\/wp-content\/uploads\/2023\/09\/chili.jpg","width":1200,"height":800},{"@type":"BreadcrumbList","@id":"https:\/\/mychoccy.com\/en\/product\/chili-bonbon\/#breadcrumb","itemListElement":[{"@type":"ListItem","position":1,"name":"Home","item":"https:\/\/mychoccy.com\/en\/"},{"@type":"ListItem","position":2,"name":"Shop","item":"https:\/\/mychoccy.com\/en\/shop-2\/"},{"@type":"ListItem","position":3,"name":"Chili bonbon"}]},{"@type":"WebSite","@id":"https:\/\/mychoccy.com\/en\/#website","url":"https:\/\/mychoccy.com\/en\/","name":"MyChoccy","description":"Csokol\u00e1d\u00e9 kreat\u00edvan","potentialAction":[{"@type":"SearchAction","target":{"@type":"EntryPoint","urlTemplate":"https:\/\/mychoccy.com\/en\/?s={search_term_string}"},"query-input":{"@type":"PropertyValueSpecification","valueRequired":true,"valueName":"search_term_string"}}],"inLanguage":"en-US"}]}},"jetpack_sharing_enabled":true,"_links":{"self":[{"href":"https:\/\/mychoccy.com\/en\/wp-json\/wp\/v2\/product\/13201","targetHints":{"allow":["GET"]}}],"collection":[{"href":"https:\/\/mychoccy.com\/en\/wp-json\/wp\/v2\/product"}],"about":[{"href":"https:\/\/mychoccy.com\/en\/wp-json\/wp\/v2\/types\/product"}],"wp:featuredmedia":[{"embeddable":true,"href":"https:\/\/mychoccy.com\/en\/wp-json\/wp\/v2\/media\/16882"}],"wp:attachment":[{"href":"https:\/\/mychoccy.com\/en\/wp-json\/wp\/v2\/media?parent=13201"}],"wp:term":[{"taxonomy":"product_brand","embeddable":true,"href":"https:\/\/mychoccy.com\/en\/wp-json\/wp\/v2\/product_brand?post=13201"},{"taxonomy":"product_cat","embeddable":true,"href":"https:\/\/mychoccy.com\/en\/wp-json\/wp\/v2\/product_cat?post=13201"},{"taxonomy":"product_tag","embeddable":true,"href":"https:\/\/mychoccy.com\/en\/wp-json\/wp\/v2\/product_tag?post=13201"}],"curies":[{"name":"wp","href":"https:\/\/api.w.org\/{rel}","templated":true}]}}